{"id":139,"date":"2020-03-26T15:07:39","date_gmt":"2020-03-26T15:07:39","guid":{"rendered":"https:\/\/fg.ull.es\/transparencia\/?page_id=139"},"modified":"2026-04-23T08:11:47","modified_gmt":"2026-04-23T08:11:47","slug":"derecho-de-acceso","status":"publish","type":"page","link":"https:\/\/fg.ull.es\/transparencia\/derecho-de-acceso\/","title":{"rendered":"18. Derecho de acceso"},"content":{"rendered":"<section class=\"wpb-content-wrapper\"><p>[vc_row full_width=&#8221;stretch_row&#8221; css=&#8221;.vc_custom_1539767596472{margin-top: -20px !important;background-color: #cccccc !important;}&#8221;][vc_column][vc_empty_space height=&#8221;100px&#8221;][vc_row_inner][vc_column_inner width=&#8221;2\/3&#8243;][vc_custom_heading text=&#8221;18. Derecho de acceso&#8221; font_container=&#8221;tag:h1|text_align:left|color:%23000000&#8243; use_theme_fonts=&#8221;yes&#8221;][\/vc_column_inner][vc_column_inner width=&#8221;1\/3&#8243;][vc_custom_heading text=&#8221;Mapa del portal de transparencia&#8221; font_container=&#8221;tag:h4|text_align:right|color:%23777777&#8243; use_theme_fonts=&#8221;yes&#8221;][\/vc_column_inner][\/vc_row_inner][vc_row_inner][vc_column_inner width=&#8221;1\/3&#8243;][vc_wp_custommenu nav_menu=&#8221;3&#8243; el_class=&#8221;menusuperior&#8221;][\/vc_column_inner][vc_column_inner width=&#8221;1\/3&#8243;][vc_wp_custommenu nav_menu=&#8221;4&#8243; el_class=&#8221;menusuperior&#8221;][\/vc_column_inner][vc_column_inner width=&#8221;1\/3&#8243;][vc_wp_custommenu nav_menu=&#8221;6&#8243; el_class=&#8221;menusuperior&#8221;][\/vc_column_inner][\/vc_row_inner][vc_empty_space height=&#8221;60px&#8221;][\/vc_column][\/vc_row][vc_row el_id=&#8221;introduccion&#8221;][vc_column][vc_empty_space height=&#8221;20px&#8221;][\/vc_column][\/vc_row][vc_row css=&#8221;.vc_custom_1585233965853{background-color: #f7f7f7 !important;}&#8221; el_id=&#8221;categoria&#8221;][vc_column][vc_empty_space height=&#8221;40px&#8221;][vc_custom_heading text=&#8221;Unidades de informaci\u00f3n&#8221; font_container=&#8221;tag:h2|text_align:center|color:%235c068c&#8221; use_theme_fonts=&#8221;yes&#8221;][vc_empty_space height=&#8221;40px&#8221;][\/vc_column][\/vc_row][vc_row][vc_column][vc_empty_space height=&#8221;40px&#8221;][vc_custom_heading text=&#8221;\u00d3rgano competente en materia de derecho de acceso (1198)&#8221; font_container=&#8221;tag:h2|text_align:left|color:%23000000&#8243; use_theme_fonts=&#8221;yes&#8221;][vc_empty_space height=&#8221;40px&#8221;][\/vc_column][\/vc_row][vc_row el_id=&#8221;listado-elementos&#8221;][vc_column][vc_column_text]<\/p>\n<p style=\"padding-left: 30px;\"><span style=\"font-weight: 400;\">El \u00f3rgano competente en materia de derecho de acceso es el Direcci\u00f3n Gerencia.<\/span><\/p>\n<p>[\/vc_column_text][vc_btn title=&#8221;Datos en abierto&#8221; style=&#8221;outline-custom&#8221; outline_custom_color=&#8221;#000000&#8243; outline_custom_hover_background=&#8221;#5c068c&#8221; outline_custom_hover_text=&#8221;#ffffff&#8221; shape=&#8221;square&#8221; align=&#8221;left&#8221; i_icon_fontawesome=&#8221;fa fa-file-o&#8221; add_icon=&#8221;true&#8221; link=&#8221;url:https%3A%2F%2Fdrive.google.com%2Ffile%2Fd%2F1wHQqK29hTmM3j_88giww_8Pm-VbofiFE%2Fview%3Fusp%3Dsharing|||&#8221; css=&#8221;.vc_custom_1593781743562{margin-top: 20px !important;margin-bottom: 20px !important;margin-left: 30px !important;}&#8221;][vc_column_text]<\/p>\n<div class=\"vc_row wpb_row vc_row-fluid\">\n<div class=\"wpb_column vc_column_container vc_col-sm-12\">\n<div class=\"vc_column-inner\">\n<div class=\"wpb_wrapper\">\n<div class=\"wpb_text_column wpb_content_element \">\n<div class=\"wpb_wrapper\">\n<p style=\"text-align: right;\"><strong>\u00daltima fecha de revisi\u00f3n<\/strong>: 10\/04\/2026 15:05<\/p>\n<\/div>\n<\/div>\n<\/div>\n<\/div>\n<\/div>\n<\/div>\n<div class=\"vc_row wpb_row vc_row-fluid\">\n<div class=\"wpb_column vc_column_container vc_col-sm-12\"><\/div>\n<\/div>\n<p>[\/vc_column_text][vc_empty_space height=&#8221;40px&#8221;][\/vc_column][\/vc_row][vc_row css=&#8221;.vc_custom_1585233965853{background-color: #f7f7f7 !important;}&#8221;][vc_column][vc_empty_space height=&#8221;40px&#8221;][vc_custom_heading text=&#8221;Resoluciones denegatorias&#8221; font_container=&#8221;tag:h2|text_align:center|color:%235c068c&#8221; use_theme_fonts=&#8221;yes&#8221;][vc_empty_space height=&#8221;40px&#8221;][\/vc_column][\/vc_row][vc_row el_id=&#8221;subcategoria&#8221;][vc_column][vc_empty_space height=&#8221;40px&#8221;][vc_custom_heading text=&#8221;Resoluciones denegatorias previa disociaci\u00f3n de los datos de car\u00e1cter personal (1199)&#8221; font_container=&#8221;tag:h2|text_align:left|color:%23000000&#8243; use_theme_fonts=&#8221;yes&#8221;][vc_empty_space height=&#8221;40px&#8221;][\/vc_column][\/vc_row][vc_row][vc_column][vc_column_text]<\/p>\n<p style=\"padding-left: 30px;\"><span style=\"font-weight: 400;\">Durante los a\u00f1os 2019 al 2025, y en lo que llevamos del a\u00f1o actual no habido resoluci\u00f3n alguna respecto a este aspecto.<\/span><\/p>\n<p>[\/vc_column_text][vc_column_text]<\/p>\n<div class=\"vc_row wpb_row vc_row-fluid\">\n<div class=\"wpb_column vc_column_container vc_col-sm-12\">\n<div class=\"vc_column-inner\">\n<div class=\"wpb_wrapper\">\n<div class=\"wpb_text_column wpb_content_element \">\n<div class=\"wpb_wrapper\">\n<p style=\"text-align: right;\"><strong>\u00daltima fecha de revisi\u00f3n<\/strong>: 10\/04\/2026 15:05<\/p>\n<\/div>\n<\/div>\n<\/div>\n<\/div>\n<\/div>\n<\/div>\n<div class=\"vc_row wpb_row vc_row-fluid\">\n<div class=\"wpb_column vc_column_container vc_col-sm-12\"><\/div>\n<\/div>\n<p>[\/vc_column_text][vc_btn title=&#8221;Datos en abierto&#8221; style=&#8221;outline-custom&#8221; outline_custom_color=&#8221;#000000&#8243; outline_custom_hover_background=&#8221;#5c068c&#8221; outline_custom_hover_text=&#8221;#ffffff&#8221; shape=&#8221;square&#8221; align=&#8221;left&#8221; i_icon_fontawesome=&#8221;fa fa-file-o&#8221; add_icon=&#8221;true&#8221; link=&#8221;url:https%3A%2F%2Fdrive.google.com%2Ffile%2Fd%2F1wZ9XPeCXfv_e8YPTelW10S1AkRAODY0n%2Fview%3Fusp%3Dsharing|||&#8221; css=&#8221;.vc_custom_1593782466316{margin-top: 20px !important;margin-bottom: 20px !important;}&#8221;][vc_empty_space height=&#8221;40px&#8221;][\/vc_column][\/vc_row][vc_row css=&#8221;.vc_custom_1585233965853{background-color: #f7f7f7 !important;}&#8221;][vc_column][vc_empty_space height=&#8221;40px&#8221;][vc_custom_heading text=&#8221;Informaci\u00f3n frecuentemente demandada&#8221; font_container=&#8221;tag:h2|text_align:center|color:%235c068c&#8221; use_theme_fonts=&#8221;yes&#8221;][vc_empty_space height=&#8221;40px&#8221;][\/vc_column][\/vc_row][vc_row][vc_column][vc_empty_space height=&#8221;40px&#8221;][vc_custom_heading text=&#8221;Informaci\u00f3n cuyo acceso se solicita con mayor frecuencia (1200)&#8221; font_container=&#8221;tag:h2|text_align:left|color:%23000000&#8243; use_theme_fonts=&#8221;yes&#8221;][vc_empty_space height=&#8221;40px&#8221;][\/vc_column][\/vc_row][vc_row][vc_column][vc_column_text]<\/p>\n<p style=\"padding-left: 30px;\">No ha habido ninguna solicitud de derecho de acceso de informaci\u00f3n p\u00fablica en la entidad.<\/p>\n<p>[\/vc_column_text][vc_column_text]<\/p>\n<div class=\"vc_row wpb_row vc_row-fluid\">\n<div class=\"wpb_column vc_column_container vc_col-sm-12\">\n<div class=\"vc_column-inner\">\n<div class=\"wpb_wrapper\">\n<div class=\"wpb_text_column wpb_content_element \">\n<div class=\"wpb_wrapper\">\n<p style=\"text-align: right;\"><strong>\u00daltima fecha de revisi\u00f3n<\/strong>: 10\/04\/2026 15:05<\/p>\n<\/div>\n<\/div>\n<\/div>\n<\/div>\n<\/div>\n<\/div>\n<div class=\"vc_row wpb_row vc_row-fluid\">\n<div class=\"wpb_column vc_column_container vc_col-sm-12\"><\/div>\n<\/div>\n<p>[\/vc_column_text][vc_btn title=&#8221;Datos en abierto&#8221; style=&#8221;outline-custom&#8221; outline_custom_color=&#8221;#000000&#8243; outline_custom_hover_background=&#8221;#5c068c&#8221; outline_custom_hover_text=&#8221;#ffffff&#8221; shape=&#8221;square&#8221; align=&#8221;left&#8221; i_icon_fontawesome=&#8221;fa fa-file-o&#8221; add_icon=&#8221;true&#8221; link=&#8221;url:https%3A%2F%2Fdrive.google.com%2Ffile%2Fd%2F1wVvfwiiOIyuMH4JJ9sB4fNY2pvFl9W1C%2Fview%3Fusp%3Dsharing|||&#8221; css=&#8221;.vc_custom_1593782494166{margin-top: 20px !important;margin-bottom: 20px !important;}&#8221;][vc_empty_space height=&#8221;40px&#8221;][\/vc_column][\/vc_row][vc_row css=&#8221;.vc_custom_1585233965853{background-color: #f7f7f7 !important;}&#8221;][vc_column][vc_empty_space height=&#8221;40px&#8221;][vc_custom_heading text=&#8221;Estad\u00edsticas de derecho de acceso&#8221; font_container=&#8221;tag:h2|text_align:center|color:%235c068c&#8221; use_theme_fonts=&#8221;yes&#8221;][vc_empty_space height=&#8221;40px&#8221;][\/vc_column][\/vc_row][vc_row][vc_column][vc_empty_space height=&#8221;40px&#8221;][vc_custom_heading text=&#8221;Informaci\u00f3n estad\u00edstica sobre las resoluciones de las solicitudes de derecho de acceso a la informaci\u00f3n p\u00fablica (1201)&#8221; font_container=&#8221;tag:h2|text_align:left|color:%23000000&#8243; use_theme_fonts=&#8221;yes&#8221;][vc_empty_space height=&#8221;40px&#8221;][\/vc_column][\/vc_row][vc_row][vc_column][vc_column_text]<\/p>\n<p style=\"padding-left: 30px;\">No ha habido ninguna solicitud de derecho de acceso de informaci\u00f3n p\u00fablica en la entidad durante los ejercicios del 2022 al 2025.<\/p>\n<p>[\/vc_column_text][vc_column_text]<\/p>\n<div class=\"vc_row wpb_row vc_row-fluid\">\n<div class=\"wpb_column vc_column_container vc_col-sm-12\">\n<div class=\"vc_column-inner\">\n<div class=\"wpb_wrapper\">\n<div class=\"wpb_text_column wpb_content_element \">\n<div class=\"wpb_wrapper\">\n<p style=\"text-align: right;\"><strong>\u00daltima fecha de revisi\u00f3n<\/strong>: 10\/04\/2026 15:05<\/p>\n<\/div>\n<\/div>\n<\/div>\n<\/div>\n<\/div>\n<\/div>\n<div class=\"vc_row wpb_row vc_row-fluid\">\n<div class=\"wpb_column vc_column_container vc_col-sm-12\"><\/div>\n<\/div>\n<p>[\/vc_column_text][vc_btn title=&#8221;Datos en abierto&#8221; style=&#8221;outline-custom&#8221; outline_custom_color=&#8221;#000000&#8243; outline_custom_hover_background=&#8221;#5c068c&#8221; outline_custom_hover_text=&#8221;#ffffff&#8221; shape=&#8221;square&#8221; align=&#8221;left&#8221; i_icon_fontawesome=&#8221;fa fa-file-o&#8221; add_icon=&#8221;true&#8221; link=&#8221;url:https%3A%2F%2Fdrive.google.com%2Ffile%2Fd%2F1wO0mS92EMQAunRUo4V0bmv6POx0-CrAt%2Fview%3Fusp%3Dsharing|||&#8221; css=&#8221;.vc_custom_1593782521188{margin-top: 20px !important;margin-bottom: 20px !important;}&#8221;][vc_empty_space height=&#8221;40px&#8221;][\/vc_column][\/vc_row][vc_row el_id=&#8221;boton-vuelta&#8221;][vc_column width=&#8221;2\/3&#8243;][vc_empty_space height=&#8221;100px&#8221;][vc_btn title=&#8221;Volver al inicio del portal&#8221; style=&#8221;custom&#8221; custom_background=&#8221;#5c068c&#8221; custom_text=&#8221;#ffffff&#8221; shape=&#8221;square&#8221; size=&#8221;lg&#8221; i_icon_fontawesome=&#8221;fa fa-arrow-left&#8221; css_animation=&#8221;appear&#8221; add_icon=&#8221;true&#8221; link=&#8221;url:%2Ftransparencia%2F|||&#8221;][vc_empty_space height=&#8221;40px&#8221;][\/vc_column][vc_column width=&#8221;1\/3&#8243;][vc_empty_space height=&#8221;100px&#8221;][vc_custom_heading text=&#8221;Acceso r\u00e1pido&#8221; font_container=&#8221;tag:h3|text_align:right|color:%23777777&#8243; use_theme_fonts=&#8221;yes&#8221;][vc_empty_space height=&#8221;40px&#8221;][\/vc_column][\/vc_row][vc_row][vc_column width=&#8221;1\/6&#8243; el_class=&#8221;menurapido&#8221;][vc_empty_space][vc_icon type=&#8221;typicons&#8221; icon_typicons=&#8221;typcn typcn-home&#8221; color=&#8221;custom&#8221; size=&#8221;xl&#8221; align=&#8221;center&#8221; custom_color=&#8221;#000000&#8243; link=&#8221;url:%2Ftransparencia%2Finstitucional%2F|||&#8221; el_class=&#8221;Ticono&#8221;][vc_custom_heading text=&#8221;1. Institucional&#8221; font_container=&#8221;tag:h4|font_size:18px|text_align:center|line_height:25px&#8221; google_fonts=&#8221;font_family:Pontano%20Sans%3Aregular|font_style:400%20regular%3A400%3Anormal&#8221; link=&#8221;url:%2Ftransparencia%2Finstitucional%2F|||&#8221;][\/vc_column][vc_column width=&#8221;1\/6&#8243; el_class=&#8221;menurapido&#8221;][vc_empty_space][vc_icon type=&#8221;typicons&#8221; icon_typicons=&#8221;typcn typcn-group-outline&#8221; color=&#8221;custom&#8221; size=&#8221;xl&#8221; align=&#8221;center&#8221; custom_color=&#8221;#000000&#8243; link=&#8221;url:%2Ftransparencia%2Forganizativa%2F|||&#8221;][vc_custom_heading text=&#8221;2. Organizativa&#8221; font_container=&#8221;tag:h4|font_size:18px|text_align:center|line_height:25px&#8221; google_fonts=&#8221;font_family:Pontano%20Sans%3Aregular|font_style:400%20regular%3A400%3Anormal&#8221; link=&#8221;url:%2Ftransparencia%2Forganizativa%2F|||&#8221;][\/vc_column][vc_column width=&#8221;1\/6&#8243; el_class=&#8221;menurapido&#8221;][vc_empty_space][vc_icon type=&#8221;typicons&#8221; icon_typicons=&#8221;typcn typcn-globe-outline&#8221; color=&#8221;custom&#8221; size=&#8221;xl&#8221; align=&#8221;center&#8221; custom_color=&#8221;#000000&#8243; link=&#8221;url:%2Ftransparencia%2Fpersonal-de-libre-nombramiento%2F|||&#8221;][vc_custom_heading text=&#8221;3. Personal de libre nombramiento&#8221; font_container=&#8221;tag:h4|font_size:18px|text_align:center|line_height:25px&#8221; google_fonts=&#8221;font_family:Pontano%20Sans%3Aregular|font_style:400%20regular%3A400%3Anormal&#8221; link=&#8221;url:%2Ftransparencia%2Fpersonal-de-libre-nombramiento%2F|title:Personal%20de%20libre%20nombramiento||&#8221;][\/vc_column][vc_column width=&#8221;1\/6&#8243; el_class=&#8221;menurapido&#8221;][vc_empty_space][vc_icon type=&#8221;typicons&#8221; icon_typicons=&#8221;typcn typcn-point-of-interest-outline&#8221; color=&#8221;custom&#8221; size=&#8221;xl&#8221; align=&#8221;center&#8221; custom_color=&#8221;#000000&#8243; link=&#8221;url:%2Ftransparencia%2Fempleo-en-el-sector-publico%2F|||&#8221;][vc_custom_heading text=&#8221;4. Empleo del sector p\u00fablico&#8221; font_container=&#8221;tag:h4|font_size:18px|text_align:center|line_height:25px&#8221; google_fonts=&#8221;font_family:Pontano%20Sans%3Aregular|font_style:400%20regular%3A400%3Anormal&#8221; link=&#8221;url:%2Ftransparencia%2Fempleo-en-el-sector-publico%2F|title:Empleo%20del%20sector%20p%C3%BAblico||&#8221;][\/vc_column][vc_column width=&#8221;1\/6&#8243; el_class=&#8221;menurapido&#8221;][vc_empty_space][vc_icon type=&#8221;typicons&#8221; icon_typicons=&#8221;typcn typcn-starburst-outline&#8221; color=&#8221;custom&#8221; size=&#8221;xl&#8221; align=&#8221;center&#8221; custom_color=&#8221;#000000&#8243; link=&#8221;url:%20%2Ftransparencia%2Fretribuciones%2F|||&#8221;][vc_custom_heading text=&#8221;5. Retribuciones&#8221; font_container=&#8221;tag:h4|font_size:18px|text_align:center|line_height:25px&#8221; google_fonts=&#8221;font_family:Pontano%20Sans%3Aregular|font_style:400%20regular%3A400%3Anormal&#8221; link=&#8221;url:%2Ftransparencia%2Fretribuciones%2F|title:Retribuciones||&#8221;][\/vc_column][vc_column width=&#8221;1\/6&#8243; el_class=&#8221;menurapido&#8221;][vc_empty_space][vc_icon type=&#8221;typicons&#8221; icon_typicons=&#8221;typcn typcn-flow-children&#8221; color=&#8221;custom&#8221; size=&#8221;xl&#8221; align=&#8221;center&#8221; custom_color=&#8221;#000000&#8243; link=&#8221;url:%20%2Ftransparencia%2Fservicios-y-procedimientos|||&#8221;][vc_custom_heading text=&#8221;7. Servicios y procedimientos&#8221; font_container=&#8221;tag:h4|font_size:18px|text_align:center|line_height:25px&#8221; google_fonts=&#8221;font_family:Pontano%20Sans%3Aregular|font_style:400%20regular%3A400%3Anormal&#8221; link=&#8221;url:%2Ftransparencia%2Fservicios-y-procedimientos|title:Contratos||&#8221;][\/vc_column][\/vc_row][vc_row][vc_column][vc_empty_space height=&#8221;60px&#8221;][\/vc_column][\/vc_row][vc_row][vc_column width=&#8221;1\/6&#8243; el_class=&#8221;menurapido&#8221;][vc_empty_space][vc_icon type=&#8221;typicons&#8221; icon_typicons=&#8221;typcn typcn-chart-line&#8221; color=&#8221;custom&#8221; size=&#8221;xl&#8221; align=&#8221;center&#8221; custom_color=&#8221;#000000&#8243; link=&#8221;url:%2Ftransparencia%2Feconomico-financiera%2F|||&#8221;][vc_custom_heading text=&#8221;8. Econ\u00f3mico-financiera&#8221; font_container=&#8221;tag:h4|font_size:18px|text_align:center|line_height:25px&#8221; google_fonts=&#8221;font_family:Pontano%20Sans%3Aregular|font_style:400%20regular%3A400%3Anormal&#8221; link=&#8221;url:%2Ftransparencia%2Feconomico-financiera%2F|title:Econ%C3%B3mico-financiera||&#8221;][\/vc_column][vc_column width=&#8221;1\/6&#8243; el_class=&#8221;menurapido&#8221;][vc_empty_space][vc_icon type=&#8221;typicons&#8221; icon_typicons=&#8221;typcn typcn-pen&#8221; color=&#8221;custom&#8221; size=&#8221;xl&#8221; align=&#8221;center&#8221; custom_color=&#8221;#000000&#8243; link=&#8221;url:%2Ftransparencia%2Fcontratos%2F|||&#8221;][vc_custom_heading text=&#8221;12. Contratos&#8221; font_container=&#8221;tag:h4|font_size:18px|text_align:center|line_height:25px&#8221; google_fonts=&#8221;font_family:Pontano%20Sans%3Aregular|font_style:400%20regular%3A400%3Anormal&#8221; link=&#8221;url:%2Ftransparencia%2Fcontratos%2F|title:Contratos||&#8221;][\/vc_column][vc_column width=&#8221;1\/6&#8243; el_class=&#8221;menurapido&#8221;][vc_empty_space][vc_icon type=&#8221;typicons&#8221; icon_typicons=&#8221;typcn typcn-arrow-unsorted&#8221; color=&#8221;custom&#8221; size=&#8221;xl&#8221; align=&#8221;center&#8221; custom_color=&#8221;#000000&#8243; link=&#8221;url:%20%2Ftransparencia%2Fconvenios-y-encargos-de-gestion%2F|||&#8221;][vc_custom_heading text=&#8221;13. Convenios y Encargos&#8221; font_container=&#8221;tag:h4|font_size:18px|text_align:center|line_height:25px&#8221; google_fonts=&#8221;font_family:Pontano%20Sans%3Aregular|font_style:400%20regular%3A400%3Anormal&#8221; link=&#8221;url:%2Ftransparencia%2Fconvenios-y-encargos-de-gestion%2F|title:Convenios%20y%20Encargos%20de%20gesti%C3%B3n||&#8221;][\/vc_column][vc_column width=&#8221;1\/6&#8243; el_class=&#8221;menurapido&#8221;][vc_empty_space][vc_icon type=&#8221;typicons&#8221; icon_typicons=&#8221;typcn typcn-message-typing&#8221; color=&#8221;custom&#8221; size=&#8221;xl&#8221; align=&#8221;center&#8221; custom_color=&#8221;#000000&#8243; link=&#8221;url:%2Ftransparencia%2Fconcesion-de-servicios-publicos|||&#8221;][vc_custom_heading text=&#8221;14. Concesi\u00f3n de servicios p\u00fablicos&#8221; font_container=&#8221;tag:h4|font_size:18px|text_align:center|line_height:25px&#8221; google_fonts=&#8221;font_family:Pontano%20Sans%3Aregular|font_style:400%20regular%3A400%3Anormal&#8221; link=&#8221;url:%2Ftransparencia%2Fconcesion-de-servicios-publicos|title:Retribuciones||&#8221;][\/vc_column][vc_column width=&#8221;1\/6&#8243; el_class=&#8221;menurapido&#8221;][vc_empty_space][vc_icon type=&#8221;typicons&#8221; icon_typicons=&#8221;typcn typcn-user-add&#8221; color=&#8221;custom&#8221; size=&#8221;xl&#8221; align=&#8221;center&#8221; custom_color=&#8221;#000000&#8243; link=&#8221;url:%2Ftransparencia%2Fayudas-y-subvenciones|||&#8221;][vc_custom_heading text=&#8221;15. Ayudas y subvenciones&#8221; font_container=&#8221;tag:h4|font_size:18px|text_align:center|line_height:25px&#8221; google_fonts=&#8221;font_family:Pontano%20Sans%3Aregular|font_style:400%20regular%3A400%3Anormal&#8221; link=&#8221;url:%2Ftransparencia%2Fayudas-y-subvenciones|title:Econ%C3%B3mico-financiera||&#8221;][\/vc_column][vc_column width=&#8221;1\/6&#8243; el_class=&#8221;menurapido&#8221;][vc_empty_space][vc_icon type=&#8221;typicons&#8221; icon_typicons=&#8221;typcn typcn-briefcase&#8221; color=&#8221;custom&#8221; size=&#8221;xl&#8221; align=&#8221;center&#8221; custom_color=&#8221;#000000&#8243; link=&#8221;url:%20%2Ftransparencia%2Fderecho-de-acceso%2F|||&#8221;][vc_custom_heading text=&#8221;18. Derecho de acceso&#8221; font_container=&#8221;tag:h4|font_size:18px|text_align:center|line_height:25px&#8221; google_fonts=&#8221;font_family:Pontano%20Sans%3Aregular|font_style:400%20regular%3A400%3Anormal&#8221; link=&#8221;url:%2Ftransparencia%2Fderecho-de-acceso%2F|title:Convenios%20y%20Encargos%20de%20gesti%C3%B3n||&#8221;][\/vc_column][\/vc_row][vc_row][vc_column][vc_empty_space height=&#8221;60px&#8221;][\/vc_column][\/vc_row][vc_row][vc_column width=&#8221;1\/6&#8243; el_class=&#8221;menurapido&#8221;][vc_empty_space][\/vc_column][vc_column width=&#8221;1\/6&#8243;][\/vc_column][vc_column width=&#8221;1\/6&#8243;][\/vc_column][vc_column width=&#8221;1\/6&#8243;][\/vc_column][vc_column width=&#8221;1\/6&#8243;][\/vc_column][vc_column width=&#8221;1\/6&#8243;][\/vc_column][\/vc_row][vc_row][vc_column][vc_empty_space height=&#8221;60px&#8221;][\/vc_column][\/vc_row]<\/p>\n<\/section>","protected":false},"excerpt":{"rendered":"<p>[vc_row full_width=&#8221;stretch_row&#8221; css=&#8221;.vc_custom_1539767596472{margin-top: -20px !important;background-color: #cccccc !important;}&#8221;][vc_column][vc_empty_space height=&#8221;100px&#8221;][vc_row_inner][vc_column_inner width=&#8221;2\/3&#8243;][vc_custom_heading text=&#8221;18. Derecho de acceso&#8221; font_container=&#8221;tag:h1|text_align:left|color:%23000000&#8243; use_theme_fonts=&#8221;yes&#8221;][\/vc_column_inner][vc_column_inner width=&#8221;1\/3&#8243;][vc_custom_heading text=&#8221;Mapa del portal de transparencia&#8221; font_container=&#8221;tag:h4|text_align:right|color:%23777777&#8243; use_theme_fonts=&#8221;yes&#8221;][\/vc_column_inner][\/vc_row_inner][vc_row_inner][vc_column_inner width=&#8221;1\/3&#8243;][vc_wp_custommenu nav_menu=&#8221;3&#8243; el_class=&#8221;menusuperior&#8221;][\/vc_column_inner][vc_column_inner width=&#8221;1\/3&#8243;][vc_wp_custommenu nav_menu=&#8221;4&#8243; el_class=&#8221;menusuperior&#8221;][\/vc_column_inner][vc_column_inner width=&#8221;1\/3&#8243;][vc_wp_custommenu nav_menu=&#8221;6&#8243; el_class=&#8221;menusuperior&#8221;][\/vc_column_inner][\/vc_row_inner][vc_empty_space height=&#8221;60px&#8221;][\/vc_column][\/vc_row][vc_row el_id=&#8221;introduccion&#8221;][vc_column][vc_empty_space height=&#8221;20px&#8221;][\/vc_column][\/vc_row][vc_row css=&#8221;.vc_custom_1585233965853{background-color: #f7f7f7 !important;}&#8221; el_id=&#8221;categoria&#8221;][vc_column][vc_empty_space height=&#8221;40px&#8221;][vc_custom_heading text=&#8221;Unidades de informaci\u00f3n&#8221; font_container=&#8221;tag:h2|text_align:center|color:%235c068c&#8221; use_theme_fonts=&#8221;yes&#8221;][vc_empty_space height=&#8221;40px&#8221;][\/vc_column][\/vc_row][vc_row][vc_column][vc_empty_space height=&#8221;40px&#8221;][vc_custom_heading text=&#8221;\u00d3rgano competente en materia de derecho de acceso&#8230;<\/p>\n","protected":false},"author":1,"featured_media":0,"parent":0,"menu_order":0,"comment_status":"closed","ping_status":"closed","template":"templates\/template-frontpage.php","meta":{"footnotes":""},"_links":{"self":[{"href":"https:\/\/fg.ull.es\/transparencia\/wp-json\/wp\/v2\/pages\/139"}],"collection":[{"href":"https:\/\/fg.ull.es\/transparencia\/wp-json\/wp\/v2\/pages"}],"about":[{"href":"https:\/\/fg.ull.es\/transparencia\/wp-json\/wp\/v2\/types\/page"}],"author":[{"embeddable":true,"href":"https:\/\/fg.ull.es\/transparencia\/wp-json\/wp\/v2\/users\/1"}],"replies":[{"embeddable":true,"href":"https:\/\/fg.ull.es\/transparencia\/wp-json\/wp\/v2\/comments?post=139"}],"version-history":[{"count":11,"href":"https:\/\/fg.ull.es\/transparencia\/wp-json\/wp\/v2\/pages\/139\/revisions"}],"predecessor-version":[{"id":903,"href":"https:\/\/fg.ull.es\/transparencia\/wp-json\/wp\/v2\/pages\/139\/revisions\/903"}],"wp:attachment":[{"href":"https:\/\/fg.ull.es\/transparencia\/wp-json\/wp\/v2\/media?parent=139"}],"curies":[{"name":"wp","href":"https:\/\/api.w.org\/{rel}","templated":true}]}}