{"id":65,"date":"2017-07-13T10:05:36","date_gmt":"2017-07-13T10:05:36","guid":{"rendered":"http:\/\/gdi.bigmountain.studio\/?page_id=65"},"modified":"2023-01-18T14:53:32","modified_gmt":"2023-01-18T14:53:32","slug":"practicas","status":"publish","type":"page","link":"https:\/\/fg.ull.es\/portal\/gdi\/practicas\/","title":{"rendered":"Pr\u00e1cticas"},"content":{"rendered":"<section class=\"wpb-content-wrapper\"><p>[vc_row full_width=\u00bbstretch_row\u00bb css=\u00bb.vc_custom_1599734797328{background-image: url(https:\/\/fg.ull.es\/portal\/gdi\/wp-content\/uploads\/sites\/2\/2020\/09\/gdi-home-cabecera-fondo.png?id=3901) !important;background-position: center !important;background-repeat: no-repeat !important;background-size: cover !important;}\u00bb][vc_column css=\u00bb.vc_custom_1600425826039{margin-top: 40px !important;margin-bottom: 40px !important;}\u00bb][vc_row_inner][vc_column_inner width=\u00bb1\/2&#8243;][vc_column_text el_class=\u00bbgdi-texto-cabecera\u00bb css=\u00bb.vc_custom_1630484257608{margin-top: 15% !important;}\u00bb]<\/p>\n<h1><span style=\"color: #f0f0f0\">Pr\u00e1cticas en Empresas y Grupos de I+D<\/span><\/h1>\n<p>[\/vc_column_text][\/vc_column_inner][vc_column_inner width=\u00bb1\/2&#8243;][vc_single_image image=\u00bb3902&#8243; img_size=\u00bbfull\u00bb alignment=\u00bbright\u00bb css=\u00bb.vc_custom_1600425787565{padding-left: 33% !important;}\u00bb][\/vc_column_inner][\/vc_row_inner][\/vc_column][\/vc_row][vc_row css=\u00bb.vc_custom_1602597827318{margin-top: 60px !important;}\u00bb][vc_column][vc_column_text]<\/p>\n<h2 style=\"text-align: center\">INSCRIPCI\u00d3N DE EMPRESAS y GRUPOS DE I+D<\/h2>\n<p>[\/vc_column_text][\/vc_column][\/vc_row][vc_row content_placement=\u00bbmiddle\u00bb css=\u00bb.vc_custom_1606237260441{margin-bottom: 0px !important;background-color: #36b4a8 !important;}\u00bb][vc_column css=\u00bb.vc_custom_1606237399240{margin-top: 15px !important;margin-bottom: 15px !important;}\u00bb][vc_single_image image=\u00bb4822&#8243; img_size=\u00bbfull\u00bb alignment=\u00bbcenter\u00bb][\/vc_column][\/vc_row][vc_row gap=\u00bb10&#8243; equal_height=\u00bbyes\u00bb content_placement=\u00bbtop\u00bb css=\u00bb.vc_custom_1602598509381{margin-bottom: 0px !important;padding-bottom: 0px !important;}\u00bb][vc_column][vc_column_text]Las empresas, grupos de investigaci\u00f3n o centros de I +D \u00a0que tengan inter\u00e9s en formar parte del Programa de Gesti\u00f3n de la Innovaci\u00f3n podr\u00e1n participar en la convocatoria para incorporar durante un per\u00edodo de 3 meses a <strong>un\/a<\/strong> <strong>Consultor\/a<\/strong> en r\u00e9gimen de personal en formaci\u00f3n que desempe\u00f1ar\u00e1 funciones de Consultor\u00eda en Innovaci\u00f3n o en Transformaci\u00f3n Digital. Si tienes cualquier duda contacta con nosotros\/as en <a href=\"mailto:gdi@fg.ull.es\">gdi@fg.ull.es<\/a>[\/vc_column_text][vc_column_text css=\u00bb.vc_custom_1663852544364{margin-top: 25px !important;margin-bottom: 50px !important;}\u00bb]<\/p>\n<h2 style=\"text-align: center\"><strong>CONVOCATORIA 2022 CERRADA<\/strong><\/h2>\n<p>[\/vc_column_text][vc_row_inner css=\u00bb.vc_custom_1606915695140{margin-top: -10px !important;}\u00bb][vc_column_inner width=\u00bb1\/2&#8243;][vc_btn title=\u00bbBases convocatoria Empresas 2022&#8243; style=\u00bbflat\u00bb shape=\u00bbsquare\u00bb color=\u00bbblack\u00bb align=\u00bbcenter\u00bb button_block=\u00bbtrue\u00bb link=\u00bburl:https%3A%2F%2Fdrive.google.com%2Ffile%2Fd%2F1kN7ld0PrF2kD77bXdX1I2Pbhpt5iwTEf%2Fview%3Fusp%3Dsharing|title:Bases%20convocatoria%20Empresas%202022|target:_blank\u00bb][vc_btn title=\u00bbINSCRIPCI\u00d3N EMPRESAS GDI 2022 &#8211; CERRADA\u00bb style=\u00bbflat\u00bb shape=\u00bbsquare\u00bb color=\u00bbinverse\u00bb align=\u00bbcenter\u00bb button_block=\u00bbtrue\u00bb link=\u00bburl:https%3A%2F%2Fforms.gle%2FveEuNQY2dokBZyBQ6|title:INSCRIPCI%C3%93N%20EMPRESAS|target:_blank\u00bb][\/vc_column_inner][vc_column_inner width=\u00bb1\/2&#8243;][vc_btn title=\u00bbBases convocatoria Centros de I+D+\/Grupos de Investigaci\u00f3n 2022&#8243; style=\u00bbflat\u00bb shape=\u00bbsquare\u00bb color=\u00bbblack\u00bb align=\u00bbcenter\u00bb button_block=\u00bbtrue\u00bb link=\u00bburl:https%3A%2F%2Fdrive.google.com%2Ffile%2Fd%2F17cAIIITAq2W992HOI1nXce14IFC2PmL4%2Fview%3Fusp%3Dsharing|title:Bases%20convocatoria%20Centros%20de%20I%2BD%2B%2FGrupos%20de%20Investigaci%C3%B3n%202022|target:_blank|rel:nofollow\u00bb][vc_btn title=\u00bbINSCRIPCI\u00d3N Centros de I+D\/Grupos de Investigaci\u00f3n &#8211; CERRADA\u00bb style=\u00bbflat\u00bb shape=\u00bbsquare\u00bb color=\u00bbinverse\u00bb align=\u00bbcenter\u00bb button_block=\u00bbtrue\u00bb link=\u00bburl:https%3A%2F%2Fforms.gle%2FqtkbLWMxPdCRDehi7|title:INSCRIPCI%C3%93N%20GRUPOS|target:_blank|rel:nofollow\u00bb][\/vc_column_inner][\/vc_row_inner][\/vc_column][\/vc_row][vc_row css=\u00bb.vc_custom_1602598548955{margin-top: 40px !important;margin-bottom: 0px !important;}\u00bb][vc_column][vc_column_text]<\/p>\n<h2 style=\"text-align: center\">INSCRIPCI\u00d3N DE ALUMNADO EN FORMACI\u00d3N PR\u00c1CTICA<\/h2>\n<p>[\/vc_column_text][\/vc_column][\/vc_row][vc_row gap=\u00bb10&#8243; equal_height=\u00bbyes\u00bb content_placement=\u00bbtop\u00bb css=\u00bb.vc_custom_1602598553745{margin-top: 0px !important;margin-bottom: 60px !important;}\u00bb][vc_column width=\u00bb1\/2&#8243;][vc_row_inner css=\u00bb.vc_custom_1600426295353{background-image: url(https:\/\/fg.ull.es\/portal\/gdi\/wp-content\/uploads\/sites\/2\/2020\/09\/gdi-innovacion-cabecera-1.jpg?id=4216) !important;}\u00bb][vc_column_inner][vc_single_image image=\u00bb3915&#8243; img_size=\u00bbfull\u00bb css=\u00bb.vc_custom_1600426348968{padding: 10% !important;}\u00bb][\/vc_column_inner][\/vc_row_inner][vc_empty_space height=\u00bb25px\u00bb][vc_empty_space height=\u00bb10px\u00bb][vc_column_text]Si has participado en el programa formativo de Gestores de la Innovaci\u00f3n y superado la fase formativa te\u00f3rica del nivel 1. Promoci\u00f3n de la innovaci\u00f3n, el nivel 2. Gesti\u00f3n de la innovaci\u00f3n y el nivel 3. Consultor\u00eda de la innovaci\u00f3n, en alguno de los cursos impartidos en las ediciones del Programa realizadas entre 2016 y 2022 tienes la oportunidad de colaborar en la gesti\u00f3n de los proyectos de I+D+i que tengan las entidades participantes.<\/p>\n<p>Antes de inscribirte consulta las bases de la convocatoria\u00a0y confirma que cumples con los requisito de participaci\u00f3n.[\/vc_column_text][vc_column_text css=\u00bb.vc_custom_1663854474707{margin-top: 25px !important;}\u00bb]<\/p>\n<h2 style=\"text-align: center\"><strong>CONVOCATORIA\u00a0 2022<\/strong><\/h2>\n<h3 style=\"text-align: center\">Gesti\u00f3n de la Innovaci\u00f3n<\/h3>\n<p>[\/vc_column_text][\/vc_column][vc_column width=\u00bb1\/2&#8243;][vc_row_inner css=\u00bb.vc_custom_1600426397047{background-image: url(https:\/\/fg.ull.es\/portal\/gdi\/wp-content\/uploads\/sites\/2\/2020\/09\/gdi-transformacion-cabecera.jpg?id=4217) !important;}\u00bb][vc_column_inner][vc_single_image image=\u00bb3917&#8243; img_size=\u00bbfull\u00bb css=\u00bb.vc_custom_1606921697946{padding-top: 10% !important;padding-right: 10% !important;padding-bottom: 10% !important;padding-left: 10% !important;}\u00bb][\/vc_column_inner][\/vc_row_inner][vc_empty_space height=\u00bb25px\u00bb][vc_empty_space height=\u00bb10px\u00bb][vc_column_text]Si has participado en el programa formativo de Gestores de la Innovaci\u00f3n y superado la fase formativa te\u00f3rica del nivel 1. Promoci\u00f3n digital, el nivel 2. Gesti\u00f3n digital y el nivel 3. Consultor\u00eda digital, en alguno de los cursos impartidos en las ediciones del Programa realizadas entre 2017 y 2022 tienes la oportunidad de colaborar en la gesti\u00f3n de los proyectos de I+D+i que tengan las entidades participantes.<\/p>\n<p>Antes de inscribirte consulta las bases de la convocatoria\u00a0y confirma que cumples con los requisito de participaci\u00f3n.[\/vc_column_text][vc_column_text css=\u00bb.vc_custom_1663854590035{margin-top: 25px !important;}\u00bb]<\/p>\n<h2 style=\"text-align: center\"><strong>CONVOCATORIA\u00a0 2022<\/strong><\/h2>\n<h3 style=\"text-align: center\">Transformaci\u00f3n Digital<\/h3>\n<p>[\/vc_column_text][\/vc_column][\/vc_row][vc_row css=\u00bb.vc_custom_1606922759385{margin-top: -25px !important;margin-bottom: 50px !important;}\u00bb][vc_column width=\u00bb1\/2&#8243;][vc_btn title=\u00bbBases convocatoria Alumnado en Formaci\u00f3n Pr\u00e1ctica 2022 Gesti\u00f3n de la Innovaci\u00f3n\u00bb style=\u00bbflat\u00bb shape=\u00bbsquare\u00bb color=\u00bbblack\u00bb align=\u00bbcenter\u00bb button_block=\u00bbtrue\u00bb link=\u00bburl:https%3A%2F%2Fdrive.google.com%2Ffile%2Fd%2F1-w3_4hXhCfABVtbGx2EwvxMb4RWTYJtg%2Fview%3Fusp%3Dsharing|title:BasesConvocatoria_N3%20GDI%202022%20formaci%C3%B3n%20pr%C3%A1ctica|target:_blank|rel:nofollow\u00bb][vc_btn title=\u00bbInscripci\u00f3n Alumnado en Formaci\u00f3n Pr\u00e1ctica Gesti\u00f3n de la Innovaci\u00f3n &#8211; CERRADA\u00bb style=\u00bbflat\u00bb shape=\u00bbsquare\u00bb color=\u00bbinverse\u00bb align=\u00bbcenter\u00bb button_block=\u00bbtrue\u00bb link=\u00bburl:https%3A%2F%2Fforms.gle%2FKvX2axM2avrpHHzB7|title:INSCRIPCI%C3%93N%20ALUMNADO%20Gesti%C3%B3n%20de%20la%20innovaci%C3%B3n|target:_blank|rel:nofollow\u00bb][\/vc_column][vc_column width=\u00bb1\/2&#8243;][vc_btn title=\u00bbBases convocatoria Alumnado en Formaci\u00f3n Pr\u00e1ctica 2022 Transformaci\u00f3n Digital\u00bb style=\u00bbflat\u00bb shape=\u00bbsquare\u00bb color=\u00bbblack\u00bb align=\u00bbcenter\u00bb button_block=\u00bbtrue\u00bb link=\u00bburl:https%3A%2F%2Fdrive.google.com%2Ffile%2Fd%2F1-hiirKQ-nDgwfWQWwAXgWgfyllXSCJY_%2Fview%3Fusp%3Dsharing|title:BasesConvocatoria_N3%20GDI%20TD%202022%20formaci%C3%B3n%20pr%C3%A1ctica|target:_blank|rel:nofollow\u00bb][vc_btn title=\u00bbInscripci\u00f3n Alumnado en Formaci\u00f3n Pr\u00e1ctica Transformaci\u00f3n Digital &#8211; CERRADA\u00bb style=\u00bbflat\u00bb shape=\u00bbsquare\u00bb color=\u00bbinverse\u00bb align=\u00bbcenter\u00bb button_block=\u00bbtrue\u00bb link=\u00bburl:https%3A%2F%2Fforms.gle%2FashPtdT3fE26HoNp6|title:INSCRIPCI%C3%93N%20ALUMNADO%20Transformaci%C3%B3n%20digital|target:_blank|rel:nofollow\u00bb][\/vc_column][\/vc_row]<\/p>\n<\/section>","protected":false},"excerpt":{"rendered":"<p>[vc_row full_width=\u00bbstretch_row\u00bb css=\u00bb.vc_custom_1599734797328{background-image: url(https:\/\/fg.ull.es\/portal\/gdi\/wp-content\/uploads\/sites\/2\/2020\/09\/gdi-home-cabecera-fondo.png?id=3901) !important;background-position: center !important;background-repeat: no-repeat !important;background-size: cover !important;}\u00bb][vc_column css=\u00bb.vc_custom_1600425826039{margin-top: 40px !important;margin-bottom: 40px !important;}\u00bb][vc_row_inner][vc_column_inner width=\u00bb1\/2&#8243;][vc_column_text el_class=\u00bbgdi-texto-cabecera\u00bb css=\u00bb.vc_custom_1630484257608{margin-top: 15% !important;}\u00bb] Pr\u00e1cticas en Empresas y Grupos de I+D [\/vc_column_text][\/vc_column_inner][vc_column_inner width=\u00bb1\/2&#8243;][vc_single_image image=\u00bb3902&#8243; img_size=\u00bbfull\u00bb alignment=\u00bbright\u00bb css=\u00bb.vc_custom_1600425787565{padding-left: 33% !important;}\u00bb][\/vc_column_inner][\/vc_row_inner][\/vc_column][\/vc_row][vc_row css=\u00bb.vc_custom_1602597827318{margin-top: 60px !important;}\u00bb][vc_column][vc_column_text] INSCRIPCI\u00d3N DE EMPRESAS y GRUPOS DE I+D [\/vc_column_text][\/vc_column][\/vc_row][vc_row content_placement=\u00bbmiddle\u00bb css=\u00bb.vc_custom_1606237260441{margin-bottom: 0px !important;background-color: #36b4a8 !important;}\u00bb][vc_column css=\u00bb.vc_custom_1606237399240{margin-top: 15px&#8230;<\/p>\n","protected":false},"author":1,"featured_media":0,"parent":0,"menu_order":0,"comment_status":"closed","ping_status":"closed","template":"templates\/template-frontpage.php","meta":{"footnotes":""},"yoast_head":"<!-- This site is optimized with the Yoast SEO plugin v21.1 - https:\/\/yoast.com\/wordpress\/plugins\/seo\/ -->\n<title>GDI: \u25b7 Inscripci\u00f3n Pr\u00e1cticas | Empresas y grupos de I+D<\/title>\n<meta name=\"description\" content=\"\u25b7 \u00bfEres un consultor GDI o buscas un profesional del sector para realizar pr\u00e1cticas en empresas\/centros de I+D? \u00a1Inscr\u00edbete aqu\u00ed!\" \/>\n<meta name=\"robots\" content=\"index, follow, max-snippet:-1, max-image-preview:large, max-video-preview:-1\" \/>\n<link rel=\"canonical\" href=\"https:\/\/fg.ull.es\/portal\/gdi\/practicas\/\" \/>\n<meta property=\"og:locale\" content=\"es_ES\" \/>\n<meta property=\"og:type\" content=\"article\" \/>\n<meta property=\"og:title\" content=\"GDI: \u25b7 Inscripci\u00f3n Pr\u00e1cticas | Empresas y grupos de I+D\" \/>\n<meta property=\"og:description\" content=\"\u25b7 \u00bfEres un consultor GDI o buscas un profesional del sector para realizar pr\u00e1cticas en empresas\/centros de I+D? \u00a1Inscr\u00edbete aqu\u00ed!\" \/>\n<meta property=\"og:url\" content=\"https:\/\/fg.ull.es\/portal\/gdi\/practicas\/\" \/>\n<meta property=\"og:site_name\" content=\"Programa de Gestores de la Innovaci\u00f3n\" \/>\n<meta property=\"article:modified_time\" content=\"2023-01-18T14:53:32+00:00\" \/>\n<meta name=\"twitter:card\" content=\"summary_large_image\" \/>\n<meta name=\"twitter:label1\" content=\"Est. reading time\" \/>\n\t<meta name=\"twitter:data1\" content=\"3 minutos\" \/>\n<script type=\"application\/ld+json\" class=\"yoast-schema-graph\">{\"@context\":\"https:\/\/schema.org\",\"@graph\":[{\"@type\":\"WebPage\",\"@id\":\"https:\/\/fg.ull.es\/portal\/gdi\/practicas\/\",\"url\":\"https:\/\/fg.ull.es\/portal\/gdi\/practicas\/\",\"name\":\"GDI: \u25b7 Inscripci\u00f3n Pr\u00e1cticas | Empresas y grupos de I+D\",\"isPartOf\":{\"@id\":\"https:\/\/fg.ull.es\/portal\/gdi\/#website\"},\"datePublished\":\"2017-07-13T10:05:36+00:00\",\"dateModified\":\"2023-01-18T14:53:32+00:00\",\"description\":\"\u25b7 \u00bfEres un consultor GDI o buscas un profesional del sector para realizar pr\u00e1cticas en empresas\/centros de I+D? \u00a1Inscr\u00edbete aqu\u00ed!\",\"breadcrumb\":{\"@id\":\"https:\/\/fg.ull.es\/portal\/gdi\/practicas\/#breadcrumb\"},\"inLanguage\":\"es\",\"potentialAction\":[{\"@type\":\"ReadAction\",\"target\":[\"https:\/\/fg.ull.es\/portal\/gdi\/practicas\/\"]}]},{\"@type\":\"BreadcrumbList\",\"@id\":\"https:\/\/fg.ull.es\/portal\/gdi\/practicas\/#breadcrumb\",\"itemListElement\":[{\"@type\":\"ListItem\",\"position\":1,\"name\":\"Portada\",\"item\":\"https:\/\/fg.ull.es\/portal\/gdi\/\"},{\"@type\":\"ListItem\",\"position\":2,\"name\":\"Pr\u00e1cticas\"}]},{\"@type\":\"WebSite\",\"@id\":\"https:\/\/fg.ull.es\/portal\/gdi\/#website\",\"url\":\"https:\/\/fg.ull.es\/portal\/gdi\/\",\"name\":\"Programa de Gestores de la Innovaci\u00f3n\",\"description\":\"\",\"publisher\":{\"@id\":\"https:\/\/fg.ull.es\/portal\/gdi\/#organization\"},\"potentialAction\":[{\"@type\":\"SearchAction\",\"target\":{\"@type\":\"EntryPoint\",\"urlTemplate\":\"https:\/\/fg.ull.es\/portal\/gdi\/?s={search_term_string}\"},\"query-input\":\"required name=search_term_string\"}],\"inLanguage\":\"es\"},{\"@type\":\"Organization\",\"@id\":\"https:\/\/fg.ull.es\/portal\/gdi\/#organization\",\"name\":\"FUNDACI\u00d3N CANARIA GENERAL UNIVERSIDAD DE LA LAGUNA\",\"url\":\"https:\/\/fg.ull.es\/portal\/gdi\/\",\"logo\":{\"@type\":\"ImageObject\",\"inLanguage\":\"es\",\"@id\":\"https:\/\/fg.ull.es\/portal\/gdi\/#\/schema\/logo\/image\/\",\"url\":\"https:\/\/fg.ull.es\/portal\/gdi\/wp-content\/uploads\/sites\/2\/2020\/04\/FAVICON.png\",\"contentUrl\":\"https:\/\/fg.ull.es\/portal\/gdi\/wp-content\/uploads\/sites\/2\/2020\/04\/FAVICON.png\",\"width\":512,\"height\":512,\"caption\":\"FUNDACI\u00d3N CANARIA GENERAL UNIVERSIDAD DE LA LAGUNA\"},\"image\":{\"@id\":\"https:\/\/fg.ull.es\/portal\/gdi\/#\/schema\/logo\/image\/\"}}]}<\/script>\n<!-- \/ Yoast SEO plugin. -->","yoast_head_json":{"title":"GDI: \u25b7 Inscripci\u00f3n Pr\u00e1cticas | Empresas y grupos de I+D","description":"\u25b7 \u00bfEres un consultor GDI o buscas un profesional del sector para realizar pr\u00e1cticas en empresas\/centros de I+D? \u00a1Inscr\u00edbete aqu\u00ed!","robots":{"index":"index","follow":"follow","max-snippet":"max-snippet:-1","max-image-preview":"max-image-preview:large","max-video-preview":"max-video-preview:-1"},"canonical":"https:\/\/fg.ull.es\/portal\/gdi\/practicas\/","og_locale":"es_ES","og_type":"article","og_title":"GDI: \u25b7 Inscripci\u00f3n Pr\u00e1cticas | Empresas y grupos de I+D","og_description":"\u25b7 \u00bfEres un consultor GDI o buscas un profesional del sector para realizar pr\u00e1cticas en empresas\/centros de I+D? \u00a1Inscr\u00edbete aqu\u00ed!","og_url":"https:\/\/fg.ull.es\/portal\/gdi\/practicas\/","og_site_name":"Programa de Gestores de la Innovaci\u00f3n","article_modified_time":"2023-01-18T14:53:32+00:00","twitter_card":"summary_large_image","twitter_misc":{"Est. reading time":"3 minutos"},"schema":{"@context":"https:\/\/schema.org","@graph":[{"@type":"WebPage","@id":"https:\/\/fg.ull.es\/portal\/gdi\/practicas\/","url":"https:\/\/fg.ull.es\/portal\/gdi\/practicas\/","name":"GDI: \u25b7 Inscripci\u00f3n Pr\u00e1cticas | Empresas y grupos de I+D","isPartOf":{"@id":"https:\/\/fg.ull.es\/portal\/gdi\/#website"},"datePublished":"2017-07-13T10:05:36+00:00","dateModified":"2023-01-18T14:53:32+00:00","description":"\u25b7 \u00bfEres un consultor GDI o buscas un profesional del sector para realizar pr\u00e1cticas en empresas\/centros de I+D? \u00a1Inscr\u00edbete aqu\u00ed!","breadcrumb":{"@id":"https:\/\/fg.ull.es\/portal\/gdi\/practicas\/#breadcrumb"},"inLanguage":"es","potentialAction":[{"@type":"ReadAction","target":["https:\/\/fg.ull.es\/portal\/gdi\/practicas\/"]}]},{"@type":"BreadcrumbList","@id":"https:\/\/fg.ull.es\/portal\/gdi\/practicas\/#breadcrumb","itemListElement":[{"@type":"ListItem","position":1,"name":"Portada","item":"https:\/\/fg.ull.es\/portal\/gdi\/"},{"@type":"ListItem","position":2,"name":"Pr\u00e1cticas"}]},{"@type":"WebSite","@id":"https:\/\/fg.ull.es\/portal\/gdi\/#website","url":"https:\/\/fg.ull.es\/portal\/gdi\/","name":"Programa de Gestores de la Innovaci\u00f3n","description":"","publisher":{"@id":"https:\/\/fg.ull.es\/portal\/gdi\/#organization"},"potentialAction":[{"@type":"SearchAction","target":{"@type":"EntryPoint","urlTemplate":"https:\/\/fg.ull.es\/portal\/gdi\/?s={search_term_string}"},"query-input":"required name=search_term_string"}],"inLanguage":"es"},{"@type":"Organization","@id":"https:\/\/fg.ull.es\/portal\/gdi\/#organization","name":"FUNDACI\u00d3N CANARIA GENERAL UNIVERSIDAD DE LA LAGUNA","url":"https:\/\/fg.ull.es\/portal\/gdi\/","logo":{"@type":"ImageObject","inLanguage":"es","@id":"https:\/\/fg.ull.es\/portal\/gdi\/#\/schema\/logo\/image\/","url":"https:\/\/fg.ull.es\/portal\/gdi\/wp-content\/uploads\/sites\/2\/2020\/04\/FAVICON.png","contentUrl":"https:\/\/fg.ull.es\/portal\/gdi\/wp-content\/uploads\/sites\/2\/2020\/04\/FAVICON.png","width":512,"height":512,"caption":"FUNDACI\u00d3N CANARIA GENERAL UNIVERSIDAD DE LA LAGUNA"},"image":{"@id":"https:\/\/fg.ull.es\/portal\/gdi\/#\/schema\/logo\/image\/"}}]}},"_links":{"self":[{"href":"https:\/\/fg.ull.es\/portal\/gdi\/wp-json\/wp\/v2\/pages\/65"}],"collection":[{"href":"https:\/\/fg.ull.es\/portal\/gdi\/wp-json\/wp\/v2\/pages"}],"about":[{"href":"https:\/\/fg.ull.es\/portal\/gdi\/wp-json\/wp\/v2\/types\/page"}],"author":[{"embeddable":true,"href":"https:\/\/fg.ull.es\/portal\/gdi\/wp-json\/wp\/v2\/users\/1"}],"replies":[{"embeddable":true,"href":"https:\/\/fg.ull.es\/portal\/gdi\/wp-json\/wp\/v2\/comments?post=65"}],"version-history":[{"count":136,"href":"https:\/\/fg.ull.es\/portal\/gdi\/wp-json\/wp\/v2\/pages\/65\/revisions"}],"predecessor-version":[{"id":7162,"href":"https:\/\/fg.ull.es\/portal\/gdi\/wp-json\/wp\/v2\/pages\/65\/revisions\/7162"}],"wp:attachment":[{"href":"https:\/\/fg.ull.es\/portal\/gdi\/wp-json\/wp\/v2\/media?parent=65"}],"curies":[{"name":"wp","href":"https:\/\/api.w.org\/{rel}","templated":true}]}}