{"id":8194,"date":"2015-03-10T11:08:11","date_gmt":"2015-03-10T11:08:11","guid":{"rendered":"http:\/\/www.fg.ull.es\/?page_id=8194"},"modified":"2022-10-24T07:08:06","modified_gmt":"2022-10-24T07:08:06","slug":"presentacion-innovacion","status":"publish","type":"page","link":"https:\/\/fg.ull.es\/innovacion\/","title":{"rendered":"Agencia Universitaria de Innovaci\u00f3n"},"content":{"rendered":"<section class=\"wpb-content-wrapper\"><p>[vc_row full_width=&#8221;stretch_row_content&#8221;][vc_column][vc_single_image image=&#8221;34518&#8243; img_size=&#8221;full&#8221; alignment=&#8221;center&#8221;][\/vc_column][\/vc_row][vc_row css=&#8221;.vc_custom_1475652735861{margin-top: 0px !important;border-top-width: 0px !important;padding-top: 0px !important;}&#8221;][vc_column css=&#8221;.vc_custom_1435065221196{padding-right: 46px !important;}&#8221;][vc_column_text]<\/p>\n<div id=\"resumen\">\n<div class=\"contingut_tiny\">\n<p>La\u00a0<strong>Agencia Universitaria de Innovaci\u00f3n<\/strong>\u00a0 se concibe como un <strong>punto de encuentro<\/strong>\u00a0entre la Universidad y la sociedad, en el contexto de un escenario de cambio constante y bajo el paraguas de una investigaci\u00f3n universitaria activa y din\u00e1mica<strong>.\u00a0<\/strong><strong>Nuestro reto<\/strong><strong>\u00a0<\/strong>es la transferencia de conocimiento a la sociedad.<\/p>\n<p>Para ello, se pone en valor el\u00a0amplio cat\u00e1logo de servicios y tecnolog\u00edas\u00a0que contribuyen a que se establezca esta conexi\u00f3n entre la generaci\u00f3n de conocimiento y su potencial aplicaci\u00f3n. Entre sus objetivos, se destacan los siguientes:<\/p>\n<ol>\n<li>La gesti\u00f3n, regulaci\u00f3n y seguimiento de proyectos de I+D+i que desarrolla el personal investigador de la Universidad de La Laguna.<\/li>\n<li>La promoci\u00f3n de la actividad cient\u00edfica de los equipos de investigaci\u00f3n y estructuras cient\u00edficas de la Universidad de La Laguna.<\/li>\n<li>El desarrollo de proyectos propios relacionados con: inculcar una cultura innovadora en la sociedad, en el \u00e1mbito empresarial y social; potenciar la transferencia de conocimiento generado en la Universidad de La Laguna; y en divulgar y acercar la ciencia a la sociedad, fomentando vocaciones cient\u00edficas.<\/li>\n<\/ol>\n<p>&nbsp;<\/p><\/div>\n<\/div>\n<p>[\/vc_column_text][vc_column_text]<\/p>\n<h3>Grandes l\u00edneas de actuaci\u00f3n<\/h3>\n<p>[\/vc_column_text][vc_empty_space][\/vc_column][\/vc_row][vc_row css_animation=&#8221;fadeIn&#8221;][vc_column width=&#8221;1\/3&#8243;][vc_single_image image=&#8221;33718&#8243; img_size=&#8221;large&#8221; alignment=&#8221;center&#8221; onclick=&#8221;custom_link&#8221; img_link_target=&#8221;_blank&#8221; css_animation=&#8221;fadeIn&#8221; link=&#8221;https:\/\/fg.ull.es\/innovacion\/aui\/innovacion\/&#8221;][vc_column_text css_animation=&#8221;fadeIn&#8221;]<\/p>\n<h4 style=\"text-align: center\"><a href=\"https:\/\/fg.ull.es\/innovacion\/aui\/innovacion\/\" target=\"_blank\" rel=\"noopener\">Promoci\u00f3n de la innovaci\u00f3n social y empresarial<\/a><\/h4>\n<p>[\/vc_column_text][\/vc_column][vc_column width=&#8221;1\/3&#8243;][vc_single_image image=&#8221;33719&#8243; img_size=&#8221;large&#8221; alignment=&#8221;center&#8221; onclick=&#8221;custom_link&#8221; img_link_target=&#8221;_blank&#8221; css_animation=&#8221;fadeIn&#8221; link=&#8221;https:\/\/fg.ull.es\/innovacion\/promocion-y-gestion-de-la-transferencia\/&#8221;][vc_column_text css_animation=&#8221;fadeIn&#8221;]<\/p>\n<h4 style=\"text-align: center\"><a href=\"https:\/\/fg.ull.es\/innovacion\/promocion-y-gestion-de-la-transferencia\/\" target=\"_blank\" rel=\"noopener\">Gesti\u00f3n de contratos y proyectos internacionales<\/a><\/h4>\n<p>[\/vc_column_text][\/vc_column][vc_column width=&#8221;1\/3&#8243;][vc_single_image image=&#8221;33717&#8243; img_size=&#8221;large&#8221; alignment=&#8221;center&#8221; onclick=&#8221;custom_link&#8221; img_link_target=&#8221;_blank&#8221; css_animation=&#8221;fadeIn&#8221; link=&#8221;https:\/\/www.ull.es\/portal\/cienciaull\/&#8221;][vc_column_text css_animation=&#8221;fadeIn&#8221;]<\/p>\n<h4 style=\"text-align: center\"><a href=\"https:\/\/www.ull.es\/portal\/cienciaull\/\" target=\"_blank\" rel=\"noopener\">Divulgaci\u00f3n de la ciencia\u00a0<\/a><\/h4>\n<p>[\/vc_column_text][\/vc_column][\/vc_row][vc_row][vc_column][\/vc_column][\/vc_row]<\/p>\n<\/section>","protected":false},"excerpt":{"rendered":"<p>[vc_row full_width=&#8221;stretch_row_content&#8221;][vc_column][vc_single_image image=&#8221;34518&#8243; img_size=&#8221;full&#8221; alignment=&#8221;center&#8221;][\/vc_column][\/vc_row][vc_row css=&#8221;.vc_custom_1475652735861{margin-top: 0px !important;border-top-width: 0px !important;padding-top: 0px !important;}&#8221;][vc_column css=&#8221;.vc_custom_1435065221196{padding-right: 46px !important;}&#8221;][vc_column_text] La\u00a0Agencia Universitaria de Innovaci\u00f3n\u00a0 se concibe como un punto de encuentro\u00a0entre la Universidad y la sociedad, en el contexto de un escenario de cambio constante y bajo el paraguas de una investigaci\u00f3n universitaria activa y din\u00e1mica.\u00a0Nuestro reto\u00a0es la transferencia de&#8230;<\/p>\n","protected":false},"author":1,"featured_media":0,"parent":0,"menu_order":0,"comment_status":"closed","ping_status":"closed","template":"","meta":{"footnotes":""},"yoast_head":"<!-- This site is optimized with the Yoast SEO plugin v21.0 - https:\/\/yoast.com\/wordpress\/plugins\/seo\/ -->\n<title>Agencia Universitaria de Innovaci\u00f3n - Agencia Universitaria de Innovaci\u00f3n<\/title>\n<meta name=\"robots\" content=\"index, follow, max-snippet:-1, max-image-preview:large, max-video-preview:-1\" \/>\n<link rel=\"canonical\" href=\"https:\/\/fg.ull.es\/innovacion\/\" \/>\n<meta property=\"og:locale\" content=\"es_ES\" \/>\n<meta property=\"og:type\" content=\"article\" \/>\n<meta property=\"og:title\" content=\"Agencia Universitaria de Innovaci\u00f3n - Agencia Universitaria de Innovaci\u00f3n\" \/>\n<meta property=\"og:description\" content=\"[vc_row full_width=&#8221;stretch_row_content&#8221;][vc_column][vc_single_image image=&#8221;34518&#8243; img_size=&#8221;full&#8221; alignment=&#8221;center&#8221;][\/vc_column][\/vc_row][vc_row css=&#8221;.vc_custom_1475652735861{margin-top: 0px !important;border-top-width: 0px !important;padding-top: 0px !important;}&#8221;][vc_column css=&#8221;.vc_custom_1435065221196{padding-right: 46px !important;}&#8221;][vc_column_text] La\u00a0Agencia Universitaria de Innovaci\u00f3n\u00a0 se concibe como un punto de encuentro\u00a0entre la Universidad y la sociedad, en el contexto de un escenario de cambio constante y bajo el paraguas de una investigaci\u00f3n universitaria activa y din\u00e1mica.\u00a0Nuestro reto\u00a0es la transferencia de...\" \/>\n<meta property=\"og:url\" content=\"https:\/\/fg.ull.es\/innovacion\/\" \/>\n<meta property=\"og:site_name\" content=\"Agencia Universitaria de Innovaci\u00f3n\" \/>\n<meta property=\"article:modified_time\" content=\"2022-10-24T07:08:06+00:00\" \/>\n<meta name=\"twitter:card\" content=\"summary_large_image\" \/>\n<meta name=\"twitter:label1\" content=\"Est. reading time\" \/>\n\t<meta name=\"twitter:data1\" content=\"2 minutos\" \/>\n<script type=\"application\/ld+json\" class=\"yoast-schema-graph\">{\"@context\":\"https:\/\/schema.org\",\"@graph\":[{\"@type\":\"WebPage\",\"@id\":\"https:\/\/fg.ull.es\/innovacion\/\",\"url\":\"https:\/\/fg.ull.es\/innovacion\/\",\"name\":\"Agencia Universitaria de Innovaci\u00f3n - Agencia Universitaria de Innovaci\u00f3n\",\"isPartOf\":{\"@id\":\"https:\/\/fg.ull.es\/innovacion\/#website\"},\"datePublished\":\"2015-03-10T11:08:11+00:00\",\"dateModified\":\"2022-10-24T07:08:06+00:00\",\"breadcrumb\":{\"@id\":\"https:\/\/fg.ull.es\/innovacion\/#breadcrumb\"},\"inLanguage\":\"es\",\"potentialAction\":[{\"@type\":\"ReadAction\",\"target\":[\"https:\/\/fg.ull.es\/innovacion\/\"]}]},{\"@type\":\"BreadcrumbList\",\"@id\":\"https:\/\/fg.ull.es\/innovacion\/#breadcrumb\",\"itemListElement\":[{\"@type\":\"ListItem\",\"position\":1,\"name\":\"Portada\",\"item\":\"https:\/\/fg.ull.es\/innovacion\/\"},{\"@type\":\"ListItem\",\"position\":2,\"name\":\"Agencia Universitaria de Innovaci\u00f3n\"}]},{\"@type\":\"WebSite\",\"@id\":\"https:\/\/fg.ull.es\/innovacion\/#website\",\"url\":\"https:\/\/fg.ull.es\/innovacion\/\",\"name\":\"Agencia Universitaria de Innovaci\u00f3n\",\"description\":\"Agencia Universitaria de Innovaci\u00f3n de La Universidad de La Laguna\",\"potentialAction\":[{\"@type\":\"SearchAction\",\"target\":{\"@type\":\"EntryPoint\",\"urlTemplate\":\"https:\/\/fg.ull.es\/innovacion\/?s={search_term_string}\"},\"query-input\":\"required name=search_term_string\"}],\"inLanguage\":\"es\"}]}<\/script>\n<!-- \/ Yoast SEO plugin. -->","yoast_head_json":{"title":"Agencia Universitaria de Innovaci\u00f3n - Agencia Universitaria de Innovaci\u00f3n","robots":{"index":"index","follow":"follow","max-snippet":"max-snippet:-1","max-image-preview":"max-image-preview:large","max-video-preview":"max-video-preview:-1"},"canonical":"https:\/\/fg.ull.es\/innovacion\/","og_locale":"es_ES","og_type":"article","og_title":"Agencia Universitaria de Innovaci\u00f3n - Agencia Universitaria de Innovaci\u00f3n","og_description":"[vc_row full_width=&#8221;stretch_row_content&#8221;][vc_column][vc_single_image image=&#8221;34518&#8243; img_size=&#8221;full&#8221; alignment=&#8221;center&#8221;][\/vc_column][\/vc_row][vc_row css=&#8221;.vc_custom_1475652735861{margin-top: 0px !important;border-top-width: 0px !important;padding-top: 0px !important;}&#8221;][vc_column css=&#8221;.vc_custom_1435065221196{padding-right: 46px !important;}&#8221;][vc_column_text] La\u00a0Agencia Universitaria de Innovaci\u00f3n\u00a0 se concibe como un punto de encuentro\u00a0entre la Universidad y la sociedad, en el contexto de un escenario de cambio constante y bajo el paraguas de una investigaci\u00f3n universitaria activa y din\u00e1mica.\u00a0Nuestro reto\u00a0es la transferencia de...","og_url":"https:\/\/fg.ull.es\/innovacion\/","og_site_name":"Agencia Universitaria de Innovaci\u00f3n","article_modified_time":"2022-10-24T07:08:06+00:00","twitter_card":"summary_large_image","twitter_misc":{"Est. reading time":"2 minutos"},"schema":{"@context":"https:\/\/schema.org","@graph":[{"@type":"WebPage","@id":"https:\/\/fg.ull.es\/innovacion\/","url":"https:\/\/fg.ull.es\/innovacion\/","name":"Agencia Universitaria de Innovaci\u00f3n - Agencia Universitaria de Innovaci\u00f3n","isPartOf":{"@id":"https:\/\/fg.ull.es\/innovacion\/#website"},"datePublished":"2015-03-10T11:08:11+00:00","dateModified":"2022-10-24T07:08:06+00:00","breadcrumb":{"@id":"https:\/\/fg.ull.es\/innovacion\/#breadcrumb"},"inLanguage":"es","potentialAction":[{"@type":"ReadAction","target":["https:\/\/fg.ull.es\/innovacion\/"]}]},{"@type":"BreadcrumbList","@id":"https:\/\/fg.ull.es\/innovacion\/#breadcrumb","itemListElement":[{"@type":"ListItem","position":1,"name":"Portada","item":"https:\/\/fg.ull.es\/innovacion\/"},{"@type":"ListItem","position":2,"name":"Agencia Universitaria de Innovaci\u00f3n"}]},{"@type":"WebSite","@id":"https:\/\/fg.ull.es\/innovacion\/#website","url":"https:\/\/fg.ull.es\/innovacion\/","name":"Agencia Universitaria de Innovaci\u00f3n","description":"Agencia Universitaria de Innovaci\u00f3n de La Universidad de La Laguna","potentialAction":[{"@type":"SearchAction","target":{"@type":"EntryPoint","urlTemplate":"https:\/\/fg.ull.es\/innovacion\/?s={search_term_string}"},"query-input":"required name=search_term_string"}],"inLanguage":"es"}]}},"_links":{"self":[{"href":"https:\/\/fg.ull.es\/innovacion\/wp-json\/wp\/v2\/pages\/8194"}],"collection":[{"href":"https:\/\/fg.ull.es\/innovacion\/wp-json\/wp\/v2\/pages"}],"about":[{"href":"https:\/\/fg.ull.es\/innovacion\/wp-json\/wp\/v2\/types\/page"}],"author":[{"embeddable":true,"href":"https:\/\/fg.ull.es\/innovacion\/wp-json\/wp\/v2\/users\/1"}],"replies":[{"embeddable":true,"href":"https:\/\/fg.ull.es\/innovacion\/wp-json\/wp\/v2\/comments?post=8194"}],"version-history":[{"count":13,"href":"https:\/\/fg.ull.es\/innovacion\/wp-json\/wp\/v2\/pages\/8194\/revisions"}],"predecessor-version":[{"id":34519,"href":"https:\/\/fg.ull.es\/innovacion\/wp-json\/wp\/v2\/pages\/8194\/revisions\/34519"}],"wp:attachment":[{"href":"https:\/\/fg.ull.es\/innovacion\/wp-json\/wp\/v2\/media?parent=8194"}],"curies":[{"name":"wp","href":"https:\/\/api.w.org\/{rel}","templated":true}]}}