{"id":8163,"date":"2015-03-10T10:51:43","date_gmt":"2015-03-10T10:51:43","guid":{"rendered":"http:\/\/www.fg.ull.es\/?page_id=8163"},"modified":"2022-10-18T09:58:01","modified_gmt":"2022-10-18T09:58:01","slug":"cienciull-unidad-de-cultura-cientifica-e-innovacion-de-la-universidad-de-la-laguna","status":"publish","type":"page","link":"https:\/\/fg.ull.es\/innovacion\/cienciull-unidad-de-cultura-cientifica-e-innovacion-de-la-universidad-de-la-laguna\/","title":{"rendered":"Cienci@ULL. Unidad de Cultura Cient\u00edfica e Innovaci\u00f3n de la Universidad de La Laguna"},"content":{"rendered":"<section class=\"wpb-content-wrapper\"><p>[vc_row css=&#8221;.vc_custom_1496321759414{padding-top: 0px !important;}&#8221;][vc_column css=&#8221;.vc_custom_1496321748526{padding-right: 0px !important;}&#8221;][vc_single_image image=&#8221;33805&#8243; img_size=&#8221;1200&#215;400&#8243;][vc_separator color=&#8221;sky&#8221; border_width=&#8221;10&#8243; css=&#8221;.vc_custom_1616704098336{margin-top: 0px !important;border-top-width: 0px !important;padding-top: 0px !important;}&#8221;][\/vc_column][\/vc_row][vc_row][vc_column width=&#8221;2\/3&#8243;][vc_empty_space height=&#8221;40px&#8221;][vc_custom_heading text=&#8221;Unidad de Cultura Cient\u00edfica y de la Innovaci\u00f3n de la Universidad de La Laguna (Cienci@ULL)&#8221; font_container=&#8221;tag:h2|text_align:left|color:%236c3483&#8243; google_fonts=&#8221;font_family:Roboto%20Slab%3A100%2C300%2Cregular%2C700|font_style:700%20bold%20regular%3A700%3Anormal&#8221;][vc_row_inner][vc_column_inner][vc_column_text]<\/p>\n<p style=\"text-align: justify\">Desde el a\u00f1o 2006, la Universidad de La Laguna (ULL), a trav\u00e9s de su Fundaci\u00f3n General (FGULL), organiza y realiza diferentes acciones dirigidas a dar a conocer la actividad investigadora que se desarrolla en sus departamentos y estructuras cient\u00edficas a la sociedad Canaria.<\/p>\n<p style=\"text-align: justify\">En el a\u00f1o 2013, estas dos entidades deciden constituir una unidad de cultura cient\u00edfica y de la innovaci\u00f3n (UCC+i),\u00a0<span style=\"color: #00ccff\"><strong>Cienci@ULL<\/strong><\/span>, de acuerdo con los requisitos establecidos en el\u00a0<em><strong><a href=\"https:\/\/www.fecyt.es\/es\/publicacion\/libro-blanco-de-las-unidades-de-cultura-cientifica-y-de-la-innovacion-ucci\">\u201cLibro Blanco\u201d de la UCC+i de la Fundaci\u00f3n Espa\u00f1ola para la Ciencia y la Tecnolog\u00eda<\/a><\/strong> del Ministerio de Ciencia e Innovaci\u00f3n<\/em>.<\/p>\n<p style=\"text-align: justify\"><strong>Cienci@ULL\u00ae<\/strong> es una estructura operacional destinada a acercar la actividad investigadora que se desarrolla en la Universidad de La Laguna y en otros centros de I+D canarios asociados a la sociedad, de una forma cercana y pr\u00e1ctica, pero sin perder el rigor cient\u00edfico de la misma y de la mano de su personal investigador y tecnol\u00f3gico, As\u00ed como a despertar la curiosidad cient\u00edfica de los\/as j\u00f3venes canarios para ayudarles a identificar sus intereses profesionales.<\/p>\n<p style=\"text-align: justify\">Para ello, Cienci@ULL desarrolla anualmente su actividad entorno a cuatro l\u00edneas estrat\u00e9gicas, cada una de ellas dirigida a un p\u00fablico objetivo:<\/p>\n<p>[\/vc_column_text][vc_message message_box_color=&#8221;green&#8221; icon_type=&#8221;linecons&#8221; icon_linecons=&#8221;vc_li vc_li-sound&#8221;]<\/p>\n<p style=\"text-align: justify\"><span style=\"color: #008000\"><strong><span style=\"color: #000000\">L\u00ednea 1.<\/span> La divulgaci\u00f3n, difusi\u00f3n y comunicaci\u00f3n de los resultados de investigaci\u00f3n generados por la Universidad de La Laguna<\/strong>,<\/span> a trav\u00e9s de la realizaci\u00f3n de entrevistas de radio al personal investigador o v\u00eddeos divulgativos, la organizaci\u00f3n de ferias cient\u00edficas, etc.<\/p>\n<p>[\/vc_message][vc_message message_box_color=&#8221;sky&#8221; icon_type=&#8221;linecons&#8221; icon_linecons=&#8221;vc_li vc_li-bulb&#8221;]<\/p>\n<p style=\"text-align: justify\"><span style=\"color: #00ccff\"><strong><span style=\"color: #000000\">L\u00ednea 2.<\/span> El fomento de las vocaciones cient\u00edficas y profesionales del alumnado de primaria, secundaria, bachillerato, formaci\u00f3n profesional y universitario<\/strong><\/span>,\u00a0mediante la organizaci\u00f3n de actividades espec\u00edficas, tales como: rutas cient\u00edficas, talleres pr\u00e1cticos, charlas cient\u00edficas, concursos, campus de la ciencia, etc.<\/p>\n<p>[\/vc_message][vc_message message_box_color=&#8221;violet&#8221; icon_type=&#8221;linecons&#8221; icon_linecons=&#8221;vc_li vc_li-paperplane&#8221;]<\/p>\n<p style=\"text-align: justify\"><span style=\"color: #cc99ff\"><strong><span style=\"color: #000000\">L\u00ednea 3.<\/span> <span style=\"color: #333399\">La sensibilizaci\u00f3n y la formaci\u00f3n del personal investigador en comunicaci\u00f3n, divulgaci\u00f3n de sus resultados de investigaci\u00f3n y mostrando la importancia de la transferencia de conocimiento.<\/span><\/strong><\/span>\u00a0Para ello se organizan diferentes actividades (cursos formativos y concursos) con la finalidad de concienciar y motivar al personal investigador y dotarles de las pautas y herramientas necesarias para hacerlo.<\/p>\n<p>[\/vc_message][vc_message message_box_color=&#8221;sandy_brown&#8221; icon_type=&#8221;linecons&#8221; icon_linecons=&#8221;vc_li vc_li-settings&#8221;]<\/p>\n<p style=\"text-align: justify\"><span style=\"color: #ff6600\"><strong><span style=\"color: #000000\">L\u00ednea 4.<\/span> Promoci\u00f3n de la oferta cient\u00edfico-tecnol\u00f3gica de la Universidad de La Laguna<\/strong>\u00a0<\/span>en ferias y foros.<\/p>\n<p>[\/vc_message][\/vc_column_inner][\/vc_row_inner][vc_row_inner][vc_column_inner width=&#8221;1\/3&#8243;][vc_btn title=&#8221;P\u00e1gina oficial de Cienci@ULL&#8221; color=&#8221;primary&#8221; size=&#8221;sm&#8221; align=&#8221;center&#8221; button_block=&#8221;true&#8221; link=&#8221;url:https%3A%2F%2Fwww.ull.es%2Fportal%2Fcienciaull%2F&#8221; css=&#8221;.vc_custom_1618320892641{margin-bottom: 3px !important;border-bottom-width: 3px !important;padding-bottom: 3px !important;}&#8221;][\/vc_column_inner][vc_column_inner width=&#8221;1\/3&#8243;][vc_btn title=&#8221;Objetivos&#8221; color=&#8221;green&#8221; size=&#8221;sm&#8221; align=&#8221;center&#8221; button_block=&#8221;true&#8221; css=&#8221;.vc_custom_1618320939433{margin-bottom: 3px !important;border-bottom-width: 3px !important;padding-bottom: 3px !important;}&#8221; link=&#8221;url:https%3A%2F%2Fwww.ull.es%2Fportal%2Fcienciaull%2Finicio%2Fquienes-somos%2Fobjetivos-lineas-estrategicas%2F&#8221;][\/vc_column_inner][vc_column_inner width=&#8221;1\/3&#8243;][vc_btn title=&#8221;Equipo&#8221; color=&#8221;violet&#8221; size=&#8221;sm&#8221; align=&#8221;center&#8221; button_block=&#8221;true&#8221; css=&#8221;.vc_custom_1618320969117{margin-bottom: 3px !important;border-bottom-width: 3px !important;padding-bottom: 3px !important;}&#8221; link=&#8221;url:https%3A%2F%2Fwww.ull.es%2Fportal%2Fcienciaull%2Finicio%2Fequipo%2F&#8221;][\/vc_column_inner][\/vc_row_inner][\/vc_column][vc_column width=&#8221;1\/3&#8243;][vc_empty_space height=&#8221;50px&#8221;][vc_raw_html]JTNDYSUyMGNsYXNzJTNEJTIydHdpdHRlci10aW1lbGluZSUyMiUyMGRhdGEtbGFuZyUzRCUyMmVzJTIyJTIwZGF0YS13aWR0aCUzRCUyMjQwMCUyMiUyMGRhdGEtaGVpZ2h0JTNEJTIyNDAwJTIyJTIwZGF0YS1saW5rLWNvbG9yJTNEJTIyJTIzRTk1RjI4JTIyJTIwaHJlZiUzRCUyMmh0dHBzJTNBJTJGJTJGdHdpdHRlci5jb20lMkZjaWVuY2lhdWxsJTIyJTNFVHdlZXRzJTIwYnklMjAlNDBjaWVuY2lhVUxMJTNDJTJGYSUzRSUyMCUzQ3NjcmlwdCUyMGFzeW5jJTIwc3JjJTNEJTIyJTJGJTJGcGxhdGZvcm0udHdpdHRlci5jb20lMkZ3aWRnZXRzLmpzJTIyJTIwY2hhcnNldCUzRCUyMnV0Zi04JTIyJTNFJTNDJTJGc2NyaXB0JTNF[\/vc_raw_html][vc_raw_js]JTNDZGl2JTIwaWQlM0QlMjJmYi1yb290JTIyJTNFJTNDJTJGZGl2JTNFJTBBJTNDc2NyaXB0JTIwYXN5bmMlMjBkZWZlciUyMGNyb3Nzb3JpZ2luJTNEJTIyYW5vbnltb3VzJTIyJTIwc3JjJTNEJTIyaHR0cHMlM0ElMkYlMkZjb25uZWN0LmZhY2Vib29rLm5ldCUyRmVzX0VTJTJGc2RrLmpzJTIzeGZibWwlM0QxJTI2dmVyc2lvbiUzRHYxMC4wJTIyJTIwbm9uY2UlM0QlMjJqcHRJamVTSyUyMiUzRSUzQyUyRnNjcmlwdCUzRQ==[\/vc_raw_js][vc_raw_js]JTNDZGl2JTIwY2xhc3MlM0QlMjJmYi1wYWdlJTIyJTIwZGF0YS1ocmVmJTNEJTIyaHR0cHMlM0ElMkYlMkZ3d3cuZmFjZWJvb2suY29tJTJGQ2llbmNpYVVMTCUyRiUyMiUyMGRhdGEtdGFicyUzRCUyMnRpbWVsaW5lJTIyJTIwZGF0YS13aWR0aCUzRCUyMiUyMiUyMGRhdGEtaGVpZ2h0JTNEJTIyNDAwJTIyJTIwZGF0YS1zbWFsbC1oZWFkZXIlM0QlMjJmYWxzZSUyMiUyMGRhdGEtYWRhcHQtY29udGFpbmVyLXdpZHRoJTNEJTIydHJ1ZSUyMiUyMGRhdGEtaGlkZS1jb3ZlciUzRCUyMmZhbHNlJTIyJTIwZGF0YS1zaG93LWZhY2VwaWxlJTNEJTIydHJ1ZSUyMiUzRSUzQ2Jsb2NrcXVvdGUlMjBjaXRlJTNEJTIyaHR0cHMlM0ElMkYlMkZ3d3cuZmFjZWJvb2suY29tJTJGQ2llbmNpYVVMTCUyRiUyMiUyMGNsYXNzJTNEJTIyZmIteGZibWwtcGFyc2UtaWdub3JlJTIyJTNFJTNDYSUyMGhyZWYlM0QlMjJodHRwcyUzQSUyRiUyRnd3dy5mYWNlYm9vay5jb20lMkZDaWVuY2lhVUxMJTJGJTIyJTNFQ2llbmNpYXVsbCUzQyUyRmElM0UlM0MlMkZibG9ja3F1b3RlJTNFJTNDJTJGZGl2JTNF[\/vc_raw_js][vc_empty_space height=&#8221;30px&#8221;][vc_btn title=&#8221;Canal de YouTube&#8221; color=&#8221;danger&#8221; align=&#8221;center&#8221; button_block=&#8221;true&#8221; css=&#8221;.vc_custom_1618321445501{margin-bottom: 3px !important;border-bottom-width: 3px !important;padding-bottom: 3px !important;}&#8221;][vc_btn title=&#8221;Calendario de actividades&#8221; color=&#8221;warning&#8221; align=&#8221;center&#8221; button_block=&#8221;true&#8221; link=&#8221;url:https%3A%2F%2Fwww.ull.es%2Fportal%2Fcienciaull%2Fcalendario-general%2F&#8221; css=&#8221;.vc_custom_1618321450559{margin-bottom: 0px !important;border-bottom-width: 0px !important;padding-bottom: 0px !important;}&#8221;][\/vc_column][\/vc_row]<\/p>\n<\/section>","protected":false},"excerpt":{"rendered":"<p>[vc_row css=&#8221;.vc_custom_1496321759414{padding-top: 0px !important;}&#8221;][vc_column css=&#8221;.vc_custom_1496321748526{padding-right: 0px !important;}&#8221;][vc_single_image image=&#8221;33805&#8243; img_size=&#8221;1200&#215;400&#8243;][vc_separator color=&#8221;sky&#8221; border_width=&#8221;10&#8243; css=&#8221;.vc_custom_1616704098336{margin-top: 0px !important;border-top-width: 0px !important;padding-top: 0px !important;}&#8221;][\/vc_column][\/vc_row][vc_row][vc_column width=&#8221;2\/3&#8243;][vc_empty_space height=&#8221;40px&#8221;][vc_custom_heading text=&#8221;Unidad de Cultura Cient\u00edfica y de la Innovaci\u00f3n de la Universidad de La Laguna (Cienci@ULL)&#8221; font_container=&#8221;tag:h2|text_align:left|color:%236c3483&#8243; google_fonts=&#8221;font_family:Roboto%20Slab%3A100%2C300%2Cregular%2C700|font_style:700%20bold%20regular%3A700%3Anormal&#8221;][vc_row_inner][vc_column_inner][vc_column_text] Desde el a\u00f1o 2006, la Universidad de La Laguna (ULL), a trav\u00e9s de su Fundaci\u00f3n General (FGULL), organiza&#8230;<\/p>\n","protected":false},"author":1,"featured_media":0,"parent":0,"menu_order":0,"comment_status":"closed","ping_status":"open","template":"","meta":{"footnotes":""},"yoast_head":"<!-- This site is optimized with the Yoast SEO plugin v21.0 - https:\/\/yoast.com\/wordpress\/plugins\/seo\/ -->\n<title>Cienci@ULL. Unidad de Cultura Cient\u00edfica e Innovaci\u00f3n de la Universidad de La Laguna - Agencia Universitaria de Innovaci\u00f3n<\/title>\n<meta name=\"robots\" content=\"index, follow, max-snippet:-1, max-image-preview:large, max-video-preview:-1\" \/>\n<link rel=\"canonical\" href=\"https:\/\/fg.ull.es\/innovacion\/cienciull-unidad-de-cultura-cientifica-e-innovacion-de-la-universidad-de-la-laguna\/\" \/>\n<meta property=\"og:locale\" content=\"es_ES\" \/>\n<meta property=\"og:type\" content=\"article\" \/>\n<meta property=\"og:title\" content=\"Cienci@ULL. Unidad de Cultura Cient\u00edfica e Innovaci\u00f3n de la Universidad de La Laguna - Agencia Universitaria de Innovaci\u00f3n\" \/>\n<meta property=\"og:description\" content=\"[vc_row css=&#8221;.vc_custom_1496321759414{padding-top: 0px !important;}&#8221;][vc_column css=&#8221;.vc_custom_1496321748526{padding-right: 0px !important;}&#8221;][vc_single_image image=&#8221;33805&#8243; img_size=&#8221;1200&#215;400&#8243;][vc_separator color=&#8221;sky&#8221; border_width=&#8221;10&#8243; css=&#8221;.vc_custom_1616704098336{margin-top: 0px !important;border-top-width: 0px !important;padding-top: 0px !important;}&#8221;][\/vc_column][\/vc_row][vc_row][vc_column width=&#8221;2\/3&#8243;][vc_empty_space height=&#8221;40px&#8221;][vc_custom_heading text=&#8221;Unidad de Cultura Cient\u00edfica y de la Innovaci\u00f3n de la Universidad de La Laguna (Cienci@ULL)&#8221; font_container=&#8221;tag:h2|text_align:left|color:%236c3483&#8243; google_fonts=&#8221;font_family:Roboto%20Slab%3A100%2C300%2Cregular%2C700|font_style:700%20bold%20regular%3A700%3Anormal&#8221;][vc_row_inner][vc_column_inner][vc_column_text] Desde el a\u00f1o 2006, la Universidad de La Laguna (ULL), a trav\u00e9s de su Fundaci\u00f3n General (FGULL), organiza...\" \/>\n<meta property=\"og:url\" content=\"https:\/\/fg.ull.es\/innovacion\/cienciull-unidad-de-cultura-cientifica-e-innovacion-de-la-universidad-de-la-laguna\/\" \/>\n<meta property=\"og:site_name\" content=\"Agencia Universitaria de Innovaci\u00f3n\" \/>\n<meta property=\"article:modified_time\" content=\"2022-10-18T09:58:01+00:00\" \/>\n<meta name=\"twitter:card\" content=\"summary_large_image\" \/>\n<meta name=\"twitter:label1\" content=\"Est. reading time\" \/>\n\t<meta name=\"twitter:data1\" content=\"5 minutos\" \/>\n<script type=\"application\/ld+json\" class=\"yoast-schema-graph\">{\"@context\":\"https:\/\/schema.org\",\"@graph\":[{\"@type\":\"WebPage\",\"@id\":\"https:\/\/fg.ull.es\/innovacion\/cienciull-unidad-de-cultura-cientifica-e-innovacion-de-la-universidad-de-la-laguna\/\",\"url\":\"https:\/\/fg.ull.es\/innovacion\/cienciull-unidad-de-cultura-cientifica-e-innovacion-de-la-universidad-de-la-laguna\/\",\"name\":\"Cienci@ULL. Unidad de Cultura Cient\u00edfica e Innovaci\u00f3n de la Universidad de La Laguna - Agencia Universitaria de Innovaci\u00f3n\",\"isPartOf\":{\"@id\":\"https:\/\/fg.ull.es\/innovacion\/#website\"},\"datePublished\":\"2015-03-10T10:51:43+00:00\",\"dateModified\":\"2022-10-18T09:58:01+00:00\",\"breadcrumb\":{\"@id\":\"https:\/\/fg.ull.es\/innovacion\/cienciull-unidad-de-cultura-cientifica-e-innovacion-de-la-universidad-de-la-laguna\/#breadcrumb\"},\"inLanguage\":\"es\",\"potentialAction\":[{\"@type\":\"ReadAction\",\"target\":[\"https:\/\/fg.ull.es\/innovacion\/cienciull-unidad-de-cultura-cientifica-e-innovacion-de-la-universidad-de-la-laguna\/\"]}]},{\"@type\":\"BreadcrumbList\",\"@id\":\"https:\/\/fg.ull.es\/innovacion\/cienciull-unidad-de-cultura-cientifica-e-innovacion-de-la-universidad-de-la-laguna\/#breadcrumb\",\"itemListElement\":[{\"@type\":\"ListItem\",\"position\":1,\"name\":\"Portada\",\"item\":\"https:\/\/fg.ull.es\/innovacion\/\"},{\"@type\":\"ListItem\",\"position\":2,\"name\":\"Cienci@ULL. Unidad de Cultura Cient\u00edfica e Innovaci\u00f3n de la Universidad de La Laguna\"}]},{\"@type\":\"WebSite\",\"@id\":\"https:\/\/fg.ull.es\/innovacion\/#website\",\"url\":\"https:\/\/fg.ull.es\/innovacion\/\",\"name\":\"Agencia Universitaria de Innovaci\u00f3n\",\"description\":\"Agencia Universitaria de Innovaci\u00f3n de La Universidad de La Laguna\",\"potentialAction\":[{\"@type\":\"SearchAction\",\"target\":{\"@type\":\"EntryPoint\",\"urlTemplate\":\"https:\/\/fg.ull.es\/innovacion\/?s={search_term_string}\"},\"query-input\":\"required name=search_term_string\"}],\"inLanguage\":\"es\"}]}<\/script>\n<!-- \/ Yoast SEO plugin. -->","yoast_head_json":{"title":"Cienci@ULL. Unidad de Cultura Cient\u00edfica e Innovaci\u00f3n de la Universidad de La Laguna - Agencia Universitaria de Innovaci\u00f3n","robots":{"index":"index","follow":"follow","max-snippet":"max-snippet:-1","max-image-preview":"max-image-preview:large","max-video-preview":"max-video-preview:-1"},"canonical":"https:\/\/fg.ull.es\/innovacion\/cienciull-unidad-de-cultura-cientifica-e-innovacion-de-la-universidad-de-la-laguna\/","og_locale":"es_ES","og_type":"article","og_title":"Cienci@ULL. Unidad de Cultura Cient\u00edfica e Innovaci\u00f3n de la Universidad de La Laguna - Agencia Universitaria de Innovaci\u00f3n","og_description":"[vc_row css=&#8221;.vc_custom_1496321759414{padding-top: 0px !important;}&#8221;][vc_column css=&#8221;.vc_custom_1496321748526{padding-right: 0px !important;}&#8221;][vc_single_image image=&#8221;33805&#8243; img_size=&#8221;1200&#215;400&#8243;][vc_separator color=&#8221;sky&#8221; border_width=&#8221;10&#8243; css=&#8221;.vc_custom_1616704098336{margin-top: 0px !important;border-top-width: 0px !important;padding-top: 0px !important;}&#8221;][\/vc_column][\/vc_row][vc_row][vc_column width=&#8221;2\/3&#8243;][vc_empty_space height=&#8221;40px&#8221;][vc_custom_heading text=&#8221;Unidad de Cultura Cient\u00edfica y de la Innovaci\u00f3n de la Universidad de La Laguna (Cienci@ULL)&#8221; font_container=&#8221;tag:h2|text_align:left|color:%236c3483&#8243; google_fonts=&#8221;font_family:Roboto%20Slab%3A100%2C300%2Cregular%2C700|font_style:700%20bold%20regular%3A700%3Anormal&#8221;][vc_row_inner][vc_column_inner][vc_column_text] Desde el a\u00f1o 2006, la Universidad de La Laguna (ULL), a trav\u00e9s de su Fundaci\u00f3n General (FGULL), organiza...","og_url":"https:\/\/fg.ull.es\/innovacion\/cienciull-unidad-de-cultura-cientifica-e-innovacion-de-la-universidad-de-la-laguna\/","og_site_name":"Agencia Universitaria de Innovaci\u00f3n","article_modified_time":"2022-10-18T09:58:01+00:00","twitter_card":"summary_large_image","twitter_misc":{"Est. reading time":"5 minutos"},"schema":{"@context":"https:\/\/schema.org","@graph":[{"@type":"WebPage","@id":"https:\/\/fg.ull.es\/innovacion\/cienciull-unidad-de-cultura-cientifica-e-innovacion-de-la-universidad-de-la-laguna\/","url":"https:\/\/fg.ull.es\/innovacion\/cienciull-unidad-de-cultura-cientifica-e-innovacion-de-la-universidad-de-la-laguna\/","name":"Cienci@ULL. Unidad de Cultura Cient\u00edfica e Innovaci\u00f3n de la Universidad de La Laguna - Agencia Universitaria de Innovaci\u00f3n","isPartOf":{"@id":"https:\/\/fg.ull.es\/innovacion\/#website"},"datePublished":"2015-03-10T10:51:43+00:00","dateModified":"2022-10-18T09:58:01+00:00","breadcrumb":{"@id":"https:\/\/fg.ull.es\/innovacion\/cienciull-unidad-de-cultura-cientifica-e-innovacion-de-la-universidad-de-la-laguna\/#breadcrumb"},"inLanguage":"es","potentialAction":[{"@type":"ReadAction","target":["https:\/\/fg.ull.es\/innovacion\/cienciull-unidad-de-cultura-cientifica-e-innovacion-de-la-universidad-de-la-laguna\/"]}]},{"@type":"BreadcrumbList","@id":"https:\/\/fg.ull.es\/innovacion\/cienciull-unidad-de-cultura-cientifica-e-innovacion-de-la-universidad-de-la-laguna\/#breadcrumb","itemListElement":[{"@type":"ListItem","position":1,"name":"Portada","item":"https:\/\/fg.ull.es\/innovacion\/"},{"@type":"ListItem","position":2,"name":"Cienci@ULL. Unidad de Cultura Cient\u00edfica e Innovaci\u00f3n de la Universidad de La Laguna"}]},{"@type":"WebSite","@id":"https:\/\/fg.ull.es\/innovacion\/#website","url":"https:\/\/fg.ull.es\/innovacion\/","name":"Agencia Universitaria de Innovaci\u00f3n","description":"Agencia Universitaria de Innovaci\u00f3n de La Universidad de La Laguna","potentialAction":[{"@type":"SearchAction","target":{"@type":"EntryPoint","urlTemplate":"https:\/\/fg.ull.es\/innovacion\/?s={search_term_string}"},"query-input":"required name=search_term_string"}],"inLanguage":"es"}]}},"_links":{"self":[{"href":"https:\/\/fg.ull.es\/innovacion\/wp-json\/wp\/v2\/pages\/8163"}],"collection":[{"href":"https:\/\/fg.ull.es\/innovacion\/wp-json\/wp\/v2\/pages"}],"about":[{"href":"https:\/\/fg.ull.es\/innovacion\/wp-json\/wp\/v2\/types\/page"}],"author":[{"embeddable":true,"href":"https:\/\/fg.ull.es\/innovacion\/wp-json\/wp\/v2\/users\/1"}],"replies":[{"embeddable":true,"href":"https:\/\/fg.ull.es\/innovacion\/wp-json\/wp\/v2\/comments?post=8163"}],"version-history":[{"count":7,"href":"https:\/\/fg.ull.es\/innovacion\/wp-json\/wp\/v2\/pages\/8163\/revisions"}],"predecessor-version":[{"id":34516,"href":"https:\/\/fg.ull.es\/innovacion\/wp-json\/wp\/v2\/pages\/8163\/revisions\/34516"}],"wp:attachment":[{"href":"https:\/\/fg.ull.es\/innovacion\/wp-json\/wp\/v2\/media?parent=8163"}],"curies":[{"name":"wp","href":"https:\/\/api.w.org\/{rel}","templated":true}]}}