{"id":35466,"date":"2024-11-29T17:17:24","date_gmt":"2024-11-29T17:17:24","guid":{"rendered":"https:\/\/fg.ull.es\/innovacion\/?page_id=35466"},"modified":"2024-12-11T12:10:24","modified_gmt":"2024-12-11T12:10:24","slug":"ia","status":"publish","type":"page","link":"https:\/\/fg.ull.es\/innovacion\/ia\/","title":{"rendered":"ia"},"content":{"rendered":"<section class=\"wpb-content-wrapper\"><p>[vc_row][vc_column][vc_empty_space][vc_single_image image=&#8221;35471&#8243; img_size=&#8221;full&#8221; alignment=&#8221;center&#8221; css_animation=&#8221;none&#8221;][\/vc_column][\/vc_row][vc_row][vc_column][vc_empty_space][vc_column_text]El <a href=\"https:\/\/fg.ull.es\/innovacion\/red-cide\/\">Centro CIDE de la Fundaci\u00f3n General Universidad de La Laguna<\/a> organiza de forma gratuita dos talleres innovadores sobre inteligencia artificial, dise\u00f1ados para emprendedores, profesionales, empresas y amantes de la tecnolog\u00eda. Financiadas a trav\u00e9s de la Red Canaria de Centros de Innovaci\u00f3n y Desarrollo Empresarial (<a href=\"https:\/\/www.redcide.es\/\">CIDE<\/a>), estas formaciones son posibles gracias a la \u00a0Consejer\u00eda de Universidades, Ciencia e Innovaci\u00f3n y Cultura del Gobierno de Canarias, impulsada a trav\u00e9s de la <a href=\"https:\/\/www.gobiernodecanarias.org\/conocimiento\/\">Agencia Canaria de Investigaci\u00f3n, Innovaci\u00f3n y Sociedad de la Informaci\u00f3n (ACIISI)<\/a>, \u00a0y cofinanciada por el <a href=\"https:\/\/ec.europa.eu\/regional_policy\/funding\/erdf_en?etrans=es\">Fondo Europeo de Desarrollo Regional<\/a>, con una tasa de cofinanciaci\u00f3n del 85% en el marco del <a href=\"https:\/\/www.gobiernodecanarias.org\/fondoseuropeos\/temas\/fondos_estructurales_y_de_inversion\/feder\/\">Programa Operativo FEDER Canarias 2021-2027<\/a>\u201d[\/vc_column_text][vc_empty_space][\/vc_column][\/vc_row][vc_row][vc_column][vc_empty_space][vc_column_text]<\/p>\n<h1 style=\"text-align: center\">Taller online: ChatGPT para Aplicaciones Reales (2 horas)<\/h1>\n<h2 style=\"text-align: center\"><span style=\"color: #333399\">11 de diciembre de 16 a 18 horas<\/span><\/h2>\n<p>[\/vc_column_text][vc_empty_space][\/vc_column][\/vc_row][vc_row][vc_column width=&#8221;1\/2&#8243;][vc_empty_space][vc_row_inner][vc_column_inner width=&#8221;1\/4&#8243;][\/vc_column_inner][vc_column_inner width=&#8221;1\/2&#8243;][vc_btn title=&#8221;<b>INSCRIPCI\u00d3N CERRADA<\/b>&#8221; style=&#8221;flat&#8221; color=&#8221;warning&#8221; size=&#8221;lg&#8221; align=&#8221;center&#8221; css_animation=&#8221;fadeInLeft&#8221; button_block=&#8221;true&#8221; link=&#8221;url:https%3A%2F%2Fforms.gle%2F3cw7gmCfAaPF7Cso6|title:Inscr%C3%ADbete|target:_blank&#8221;][\/vc_column_inner][vc_column_inner width=&#8221;1\/4&#8243;][\/vc_column_inner][\/vc_row_inner][vc_tta_accordion active_section=&#8221;&#8221; collapsible_all=&#8221;true&#8221; css=&#8221;.vc_custom_1733142565898{background-position: center !important;background-repeat: no-repeat !important;background-size: contain !important;}&#8221; el_id=&#8221;Taller_Yaiza&#8221;][vc_tta_section title=&#8221;Aprendizajes&#8221; tab_id=&#8221;Taller_Yaiza_Aprendizaje&#8221;][vc_column_text]<\/p>\n<ul>\n<li>Aprende a crear prompts efectivos para obtener respuestas \u00fatiles de ChatGPT<\/li>\n<li>Mejora la calidad de las respuestas de ChatGPT adapt\u00e1ndolas a tus necesidades<\/li>\n<li>Descubre c\u00f3mo las empresas integran ChatGPT para optimizar servicios<\/li>\n<li>Aplica ChatGPT en tareas como documentos t\u00e9cnicos y agentes expertos<\/li>\n<li>Aumenta tu eficiencia en redacci\u00f3n, reuniones y reporting con IA<\/li>\n<\/ul>\n<p>[\/vc_column_text][\/vc_tta_section][vc_tta_section title=&#8221;Dirigido a&#8221; tab_id=&#8221;Taller_Yaiza_Dirigido_a&#8221;][vc_column_text]<\/p>\n<ul>\n<li>Peque\u00f1as y medianas empresas<\/li>\n<li>Personas emprendedoras<\/li>\n<li>Profesionales de distintos sectores<\/li>\n<li>Personal investigador<\/li>\n<li>T\u00e9cnicos de Innovaci\u00f3n<\/li>\n<li>Estudiantes<\/li>\n<li>Techies<\/li>\n<\/ul>\n<p>[\/vc_column_text][\/vc_tta_section][vc_tta_section title=&#8221;Otros datos de inter\u00e9s&#8221; tab_id=&#8221;Taller_Yaiza_Aprendizaje_mas_informacion&#8221;][vc_column_text]<\/p>\n<ul>\n<li>D\u00eda: 11 de diciembre<\/li>\n<li>Hora:\u00a0 16:00 a 18:00 horas (Canarias UTC-01:00)<\/li>\n<li>Duraci\u00f3n: 2 horas<\/li>\n<li>Precio: gratuito<\/li>\n<li>Plazas limitadas<\/li>\n<\/ul>\n<p>[\/vc_column_text][\/vc_tta_section][\/vc_tta_accordion][\/vc_column][vc_column width=&#8221;1\/2&#8243;][vc_row_inner][vc_column_inner][\/vc_column_inner][\/vc_row_inner][vc_row_inner][vc_column_inner][vc_column_text css=&#8221;.vc_custom_1733142975265{padding-bottom: 5px !important;}&#8221;]<img decoding=\"async\" loading=\"lazy\" class=\"alignleft wp-image-35469\" src=\"https:\/\/fg.ull.es\/innovacion\/wp-content\/uploads\/sites\/5\/2024\/11\/Yaiza-Santana-300x300.jpeg\" alt=\"\" width=\"200\" height=\"200\" srcset=\"https:\/\/fg.ull.es\/innovacion\/wp-content\/uploads\/sites\/5\/2024\/11\/Yaiza-Santana-300x300.jpeg 300w, https:\/\/fg.ull.es\/innovacion\/wp-content\/uploads\/sites\/5\/2024\/11\/Yaiza-Santana-150x150.jpeg 150w, https:\/\/fg.ull.es\/innovacion\/wp-content\/uploads\/sites\/5\/2024\/11\/Yaiza-Santana-768x768.jpeg 768w, https:\/\/fg.ull.es\/innovacion\/wp-content\/uploads\/sites\/5\/2024\/11\/Yaiza-Santana-375x375.jpeg 375w, https:\/\/fg.ull.es\/innovacion\/wp-content\/uploads\/sites\/5\/2024\/11\/Yaiza-Santana-750x750.jpeg 750w, https:\/\/fg.ull.es\/innovacion\/wp-content\/uploads\/sites\/5\/2024\/11\/Yaiza-Santana-50x50.jpeg 50w, https:\/\/fg.ull.es\/innovacion\/wp-content\/uploads\/sites\/5\/2024\/11\/Yaiza-Santana.jpeg 800w\" sizes=\"(max-width: 200px) 100vw, 200px\" \/><\/p>\n<p><a href=\"https:\/\/www.linkedin.com\/in\/yaiza-santana-santana-536501150\/?original_referer=https%3A%2F%2Fwww%2Egoogle%2Ecom%2F&amp;originalSubdomain=es\" target=\"_blank\" rel=\"noopener\">Yaiza Santana Santana<\/a> es Ingeniera de Telecomunicaci\u00f3n y experta en ciencia de datos, inteligencia de negocio y transformaci\u00f3n digital.<\/p>\n<p>Con experiencia en blockchain, IoT y peritajes inform\u00e1ticos, destaca en formaci\u00f3n y consultor\u00eda para empresas, ayud\u00e1ndolas a optimizar su eficiencia mediante tecnolog\u00edas digitales y gobernanza del dato.<\/p>\n<p>Su enfoque<strong> en la transformaci\u00f3n digital promueve decisiones empresariales basadas en datos<\/strong> y la adopci\u00f3n de tecnolog\u00edas emergentes.[\/vc_column_text][\/vc_column_inner][\/vc_row_inner][\/vc_column][vc_column][vc_empty_space height=&#8221;64px&#8221;][vc_separator color=&#8221;purple&#8221; border_width=&#8221;3&#8243;][\/vc_column][\/vc_row][vc_row][vc_column][vc_empty_space][vc_column_text]<\/p>\n<h1 style=\"text-align: center\">Taller online: IA para Contenido Multimedia Profesional (2 horas)<\/h1>\n<h2 style=\"text-align: center\"><span style=\"color: #333399\">12 de diciembre de 16 a 18 horas<\/span><\/h2>\n<p>[\/vc_column_text][vc_empty_space][\/vc_column][\/vc_row][vc_row][vc_column width=&#8221;1\/2&#8243;][vc_row_inner][vc_column_inner][\/vc_column_inner][\/vc_row_inner][vc_row_inner][vc_column_inner][vc_column_text css=&#8221;.vc_custom_1733142993004{padding-bottom: 5px !important;}&#8221;]<a href=\"https:\/\/www.linkedin.com\/in\/monicasantanasantana\/\" target=\"_blank\" rel=\"noopener\" data-wp-editing=\"1\">M\u00f3nica Santana<\/a><a href=\"https:\/\/www.linkedin.com\/in\/monicasantanasantana\/\" target=\"_blank\" rel=\"noopener\"><img decoding=\"async\" loading=\"lazy\" class=\"alignleft wp-image-35473\" src=\"https:\/\/fg.ull.es\/innovacion\/wp-content\/uploads\/sites\/5\/2024\/11\/Monica-Santana-150x150.jpeg\" alt=\"\" width=\"200\" height=\"200\" srcset=\"https:\/\/fg.ull.es\/innovacion\/wp-content\/uploads\/sites\/5\/2024\/11\/Monica-Santana-150x150.jpeg 150w, https:\/\/fg.ull.es\/innovacion\/wp-content\/uploads\/sites\/5\/2024\/11\/Monica-Santana-300x300.jpeg 300w, https:\/\/fg.ull.es\/innovacion\/wp-content\/uploads\/sites\/5\/2024\/11\/Monica-Santana-375x375.jpeg 375w, https:\/\/fg.ull.es\/innovacion\/wp-content\/uploads\/sites\/5\/2024\/11\/Monica-Santana-750x750.jpeg 750w, https:\/\/fg.ull.es\/innovacion\/wp-content\/uploads\/sites\/5\/2024\/11\/Monica-Santana-50x50.jpeg 50w, https:\/\/fg.ull.es\/innovacion\/wp-content\/uploads\/sites\/5\/2024\/11\/Monica-Santana.jpeg 752w\" sizes=\"(max-width: 200px) 100vw, 200px\" \/><\/a> es consultora en innovaci\u00f3n y transformaci\u00f3n digital, con amplia experiencia en gesti\u00f3n de proyectos en Italia y Canarias.<\/p>\n<p>Adem\u00e1s, es formadora en dise\u00f1o gr\u00e1fico digital y multimedia.<\/p>\n<p>Desde 2014,<strong> lidera proyectos creativos e impulsa la innovaci\u00f3n<\/strong>, ayudando a empresas, startups y profesionales a implementar soluciones digitales y explorar nuevas perspectivas en dise\u00f1o y transformaci\u00f3n tecnol\u00f3gica.[\/vc_column_text][\/vc_column_inner][\/vc_row_inner][\/vc_column][vc_column width=&#8221;1\/2&#8243;][vc_empty_space][vc_row_inner][vc_column_inner width=&#8221;1\/4&#8243;][\/vc_column_inner][vc_column_inner width=&#8221;1\/2&#8243;][vc_btn title=&#8221;<b>INSCRIPCI\u00d3N CERRADA<\/b>&#8221; style=&#8221;flat&#8221; shape=&#8221;square&#8221; color=&#8221;violet&#8221; size=&#8221;lg&#8221; align=&#8221;center&#8221; css_animation=&#8221;fadeInUpBig&#8221; button_block=&#8221;true&#8221; link=&#8221;url:https%3A%2F%2Fforms.gle%2F3cw7gmCfAaPF7Cso6|target:_blank&#8221;][\/vc_column_inner][vc_column_inner width=&#8221;1\/4&#8243;][\/vc_column_inner][\/vc_row_inner][vc_tta_accordion active_section=&#8221;&#8221; collapsible_all=&#8221;true&#8221; css=&#8221;.vc_custom_1733142588737{background-position: center !important;background-repeat: no-repeat !important;background-size: contain !important;}&#8221; el_id=&#8221;taller_monica&#8221;][vc_tta_section title=&#8221;Aprendizajes&#8221; tab_id=&#8221;Taller_Monica_Aprendizajes&#8221;][vc_column_text]<\/p>\n<ul>\n<li>Eval\u00faa el impacto de las nuevas tecnolog\u00edas de IA en multimedia<\/li>\n<li>Edita videos y audio con herramientas de IA<\/li>\n<li>Mejora im\u00e1genes y dise\u00f1a gr\u00e1ficos con IA<\/li>\n<li>Identifica desaf\u00edos y oportunidades \u00e9ticas en multimedia con IA<\/li>\n<li>Optimiza proyectos mediante retroalimentaci\u00f3n constructiva<\/li>\n<li>Accede a recursos para avanzar en el uso de IA<\/li>\n<\/ul>\n<p>[\/vc_column_text][\/vc_tta_section][vc_tta_section title=&#8221;Dirigido a&#8221; tab_id=&#8221;Taller_Monica_Dirigido_a&#8221;][vc_column_text]<\/p>\n<ul>\n<li>Peque\u00f1as y medianas empresas<\/li>\n<li>Personas emprendedoras<\/li>\n<li>Profesionales de distintos sectores<\/li>\n<li>Personal investigador<\/li>\n<li>T\u00e9cnicos de Innovaci\u00f3n<\/li>\n<li>Estudiantes<\/li>\n<li>Techies<\/li>\n<\/ul>\n<p>[\/vc_column_text][\/vc_tta_section][vc_tta_section title=&#8221;Otros datos de inter\u00e9s&#8221; tab_id=&#8221;Taller_Monica_mas_informacion&#8221;][vc_column_text]<\/p>\n<ul>\n<li>D\u00eda: 12 de diciembre<\/li>\n<li>Hora:\u00a0 16:00 a 18:00 horas (Canarias UTC-01:00)<\/li>\n<li>Duraci\u00f3n: 2 horas<\/li>\n<li>Precio: gratuito<\/li>\n<li>Plazas limitadas<\/li>\n<\/ul>\n<p>[\/vc_column_text][\/vc_tta_section][\/vc_tta_accordion][\/vc_column][vc_column][vc_empty_space][vc_empty_space][vc_separator color=&#8221;purple&#8221; css_animation=&#8221;fadeInUp&#8221;][\/vc_column][\/vc_row][vc_row][vc_column][vc_empty_space][vc_empty_space][vc_single_image image=&#8221;35339&#8243; img_size=&#8221;full&#8221; alignment=&#8221;center&#8221; css_animation=&#8221;fadeInUp&#8221;][\/vc_column][\/vc_row][vc_row][vc_column][vc_column_text css_animation=&#8221;fadeInUp&#8221;]&#8221;La <a href=\"https:\/\/www.redcide.es\/\" target=\"_blank\" rel=\"noopener noreferrer\">Red CIDE<\/a> es una iniciativa de la Consejer\u00eda de Universidades, Ciencia e Innovaci\u00f3n y Cultura del Gobierno de Canarias, impulsada a trav\u00e9s de la <a href=\"https:\/\/www.gobiernodecanarias.org\/conocimiento\/\">Agencia Canaria de Investigaci\u00f3n, Innovaci\u00f3n y Sociedad de la Informaci\u00f3n (ACIISI)<\/a>, \u00a0y cofinanciada por el <a href=\"https:\/\/ec.europa.eu\/regional_policy\/funding\/erdf_en?etrans=es\">Fondo Europeo de Desarrollo Regional<\/a>, con una tasa de cofinanciaci\u00f3n del 85% en el marco del <a href=\"https:\/\/www.gobiernodecanarias.org\/fondoseuropeos\/temas\/fondos_estructurales_y_de_inversion\/feder\/\">Programa Operativo FEDER Canarias 2021-2027<\/a>\u201d[\/vc_column_text][\/vc_column][\/vc_row]<\/p>\n<\/section>","protected":false},"excerpt":{"rendered":"<p>[vc_row][vc_column][vc_empty_space][vc_single_image image=&#8221;35471&#8243; img_size=&#8221;full&#8221; alignment=&#8221;center&#8221; css_animation=&#8221;none&#8221;][\/vc_column][\/vc_row][vc_row][vc_column][vc_empty_space][vc_column_text]El Centro CIDE de la Fundaci\u00f3n General Universidad de La Laguna organiza de forma gratuita dos talleres innovadores sobre inteligencia artificial, dise\u00f1ados para emprendedores, profesionales, empresas y amantes de la tecnolog\u00eda. Financiadas a trav\u00e9s de la Red Canaria de Centros de Innovaci\u00f3n y Desarrollo Empresarial (CIDE), estas formaciones son posibles gracias&#8230;<\/p>\n","protected":false},"author":19,"featured_media":35489,"parent":0,"menu_order":0,"comment_status":"closed","ping_status":"closed","template":"templates\/template-frontpage.php","meta":{"footnotes":""},"yoast_head":"<!-- This site is optimized with the Yoast SEO plugin v21.0 - https:\/\/yoast.com\/wordpress\/plugins\/seo\/ -->\n<title>ia - Agencia Universitaria de Innovaci\u00f3n<\/title>\n<meta name=\"description\" content=\"Seminarios gratuitos online \ud83e\udd16: IA Discriminativa y Generativa. Funciones avanzadas sobre herramientas de #InteligenciaArtificial\" \/>\n<meta name=\"robots\" content=\"index, follow, max-snippet:-1, max-image-preview:large, max-video-preview:-1\" \/>\n<link rel=\"canonical\" href=\"https:\/\/fg.ull.es\/innovacion\/ia\/\" \/>\n<meta property=\"og:locale\" content=\"es_ES\" \/>\n<meta property=\"og:type\" content=\"article\" \/>\n<meta property=\"og:title\" content=\"ia - Agencia Universitaria de Innovaci\u00f3n\" \/>\n<meta property=\"og:description\" content=\"Seminarios gratuitos online \ud83e\udd16: IA Discriminativa y Generativa. Funciones avanzadas sobre herramientas de #InteligenciaArtificial\" \/>\n<meta property=\"og:url\" content=\"https:\/\/fg.ull.es\/innovacion\/ia\/\" \/>\n<meta property=\"og:site_name\" content=\"Agencia Universitaria de Innovaci\u00f3n\" \/>\n<meta property=\"article:modified_time\" content=\"2024-12-11T12:10:24+00:00\" \/>\n<meta property=\"og:image\" content=\"https:\/\/fg.ull.es\/innovacion\/wp-content\/uploads\/sites\/5\/2024\/12\/IA-Discriminativa-y-Generativa.jpg\" \/>\n\t<meta property=\"og:image:width\" content=\"1080\" \/>\n\t<meta property=\"og:image:height\" content=\"1080\" \/>\n\t<meta property=\"og:image:type\" content=\"image\/jpeg\" \/>\n<meta name=\"twitter:card\" content=\"summary_large_image\" \/>\n<meta name=\"twitter:label1\" content=\"Est. reading time\" \/>\n\t<meta name=\"twitter:data1\" content=\"4 minutos\" \/>\n<script type=\"application\/ld+json\" class=\"yoast-schema-graph\">{\"@context\":\"https:\/\/schema.org\",\"@graph\":[{\"@type\":\"WebPage\",\"@id\":\"https:\/\/fg.ull.es\/innovacion\/ia\/\",\"url\":\"https:\/\/fg.ull.es\/innovacion\/ia\/\",\"name\":\"ia - Agencia Universitaria de Innovaci\u00f3n\",\"isPartOf\":{\"@id\":\"https:\/\/fg.ull.es\/innovacion\/#website\"},\"datePublished\":\"2024-11-29T17:17:24+00:00\",\"dateModified\":\"2024-12-11T12:10:24+00:00\",\"description\":\"Seminarios gratuitos online \ud83e\udd16: IA Discriminativa y Generativa. Funciones avanzadas sobre herramientas de #InteligenciaArtificial\",\"breadcrumb\":{\"@id\":\"https:\/\/fg.ull.es\/innovacion\/ia\/#breadcrumb\"},\"inLanguage\":\"es\",\"potentialAction\":[{\"@type\":\"ReadAction\",\"target\":[\"https:\/\/fg.ull.es\/innovacion\/ia\/\"]}]},{\"@type\":\"BreadcrumbList\",\"@id\":\"https:\/\/fg.ull.es\/innovacion\/ia\/#breadcrumb\",\"itemListElement\":[{\"@type\":\"ListItem\",\"position\":1,\"name\":\"Portada\",\"item\":\"https:\/\/fg.ull.es\/innovacion\/\"},{\"@type\":\"ListItem\",\"position\":2,\"name\":\"ia\"}]},{\"@type\":\"WebSite\",\"@id\":\"https:\/\/fg.ull.es\/innovacion\/#website\",\"url\":\"https:\/\/fg.ull.es\/innovacion\/\",\"name\":\"Agencia Universitaria de Innovaci\u00f3n\",\"description\":\"Agencia Universitaria de Innovaci\u00f3n de La Universidad de La Laguna\",\"potentialAction\":[{\"@type\":\"SearchAction\",\"target\":{\"@type\":\"EntryPoint\",\"urlTemplate\":\"https:\/\/fg.ull.es\/innovacion\/?s={search_term_string}\"},\"query-input\":\"required name=search_term_string\"}],\"inLanguage\":\"es\"}]}<\/script>\n<!-- \/ Yoast SEO plugin. -->","yoast_head_json":{"title":"ia - Agencia Universitaria de Innovaci\u00f3n","description":"Seminarios gratuitos online \ud83e\udd16: IA Discriminativa y Generativa. Funciones avanzadas sobre herramientas de #InteligenciaArtificial","robots":{"index":"index","follow":"follow","max-snippet":"max-snippet:-1","max-image-preview":"max-image-preview:large","max-video-preview":"max-video-preview:-1"},"canonical":"https:\/\/fg.ull.es\/innovacion\/ia\/","og_locale":"es_ES","og_type":"article","og_title":"ia - Agencia Universitaria de Innovaci\u00f3n","og_description":"Seminarios gratuitos online \ud83e\udd16: IA Discriminativa y Generativa. Funciones avanzadas sobre herramientas de #InteligenciaArtificial","og_url":"https:\/\/fg.ull.es\/innovacion\/ia\/","og_site_name":"Agencia Universitaria de Innovaci\u00f3n","article_modified_time":"2024-12-11T12:10:24+00:00","og_image":[{"width":1080,"height":1080,"url":"https:\/\/fg.ull.es\/innovacion\/wp-content\/uploads\/sites\/5\/2024\/12\/IA-Discriminativa-y-Generativa.jpg","type":"image\/jpeg"}],"twitter_card":"summary_large_image","twitter_misc":{"Est. reading time":"4 minutos"},"schema":{"@context":"https:\/\/schema.org","@graph":[{"@type":"WebPage","@id":"https:\/\/fg.ull.es\/innovacion\/ia\/","url":"https:\/\/fg.ull.es\/innovacion\/ia\/","name":"ia - Agencia Universitaria de Innovaci\u00f3n","isPartOf":{"@id":"https:\/\/fg.ull.es\/innovacion\/#website"},"datePublished":"2024-11-29T17:17:24+00:00","dateModified":"2024-12-11T12:10:24+00:00","description":"Seminarios gratuitos online \ud83e\udd16: IA Discriminativa y Generativa. Funciones avanzadas sobre herramientas de #InteligenciaArtificial","breadcrumb":{"@id":"https:\/\/fg.ull.es\/innovacion\/ia\/#breadcrumb"},"inLanguage":"es","potentialAction":[{"@type":"ReadAction","target":["https:\/\/fg.ull.es\/innovacion\/ia\/"]}]},{"@type":"BreadcrumbList","@id":"https:\/\/fg.ull.es\/innovacion\/ia\/#breadcrumb","itemListElement":[{"@type":"ListItem","position":1,"name":"Portada","item":"https:\/\/fg.ull.es\/innovacion\/"},{"@type":"ListItem","position":2,"name":"ia"}]},{"@type":"WebSite","@id":"https:\/\/fg.ull.es\/innovacion\/#website","url":"https:\/\/fg.ull.es\/innovacion\/","name":"Agencia Universitaria de Innovaci\u00f3n","description":"Agencia Universitaria de Innovaci\u00f3n de La Universidad de La Laguna","potentialAction":[{"@type":"SearchAction","target":{"@type":"EntryPoint","urlTemplate":"https:\/\/fg.ull.es\/innovacion\/?s={search_term_string}"},"query-input":"required name=search_term_string"}],"inLanguage":"es"}]}},"_links":{"self":[{"href":"https:\/\/fg.ull.es\/innovacion\/wp-json\/wp\/v2\/pages\/35466"}],"collection":[{"href":"https:\/\/fg.ull.es\/innovacion\/wp-json\/wp\/v2\/pages"}],"about":[{"href":"https:\/\/fg.ull.es\/innovacion\/wp-json\/wp\/v2\/types\/page"}],"author":[{"embeddable":true,"href":"https:\/\/fg.ull.es\/innovacion\/wp-json\/wp\/v2\/users\/19"}],"replies":[{"embeddable":true,"href":"https:\/\/fg.ull.es\/innovacion\/wp-json\/wp\/v2\/comments?post=35466"}],"version-history":[{"count":21,"href":"https:\/\/fg.ull.es\/innovacion\/wp-json\/wp\/v2\/pages\/35466\/revisions"}],"predecessor-version":[{"id":35495,"href":"https:\/\/fg.ull.es\/innovacion\/wp-json\/wp\/v2\/pages\/35466\/revisions\/35495"}],"wp:featuredmedia":[{"embeddable":true,"href":"https:\/\/fg.ull.es\/innovacion\/wp-json\/wp\/v2\/media\/35489"}],"wp:attachment":[{"href":"https:\/\/fg.ull.es\/innovacion\/wp-json\/wp\/v2\/media?parent=35466"}],"curies":[{"name":"wp","href":"https:\/\/api.w.org\/{rel}","templated":true}]}}