{"id":34505,"date":"2015-07-06T14:29:54","date_gmt":"2015-07-06T13:29:54","guid":{"rendered":"http:\/\/www.fg.ull.es\/?page_id=18790"},"modified":"2015-07-06T14:29:54","modified_gmt":"2015-07-06T13:29:54","slug":"gestion-de-la-idi","status":"publish","type":"page","link":"https:\/\/fg.ull.es\/innovacion\/gestion-de-la-idi\/","title":{"rendered":"Gesti\u00f3n de la I+D+i"},"content":{"rendered":"<section class=\"wpb-content-wrapper\"><p>[vc_row][vc_column][vc_custom_heading text=&#8221;Promoci\u00f3n y gesti\u00f3n de la transferencia&#8221;][\/vc_column][vc_column][vc_empty_space][vc_empty_space][\/vc_column][\/vc_row][vc_row disable_element=&#8221;yes&#8221; css=&#8221;.vc_custom_1616423854879{padding-top: 0px !important;}&#8221;][vc_column css=&#8221;.vc_custom_1436271857984{padding-right: 46px !important;}&#8221;][vc_custom_heading text=&#8221;Promoci\u00f3n y gesti\u00f3n de la transferencia&#8221; font_container=&#8221;tag:div|font_size:24|text_align:left|color:%23212422&#8243; google_fonts=&#8221;font_family:Merriweather%3A300%2C300italic%2Cregular%2Citalic%2C700%2C700italic%2C900%2C900italic|font_style:900%20bold%20regular%3A900%3Anormal&#8221; css=&#8221;.vc_custom_1469778363827{margin-top: -10px !important;margin-bottom: 15px !important;padding-bottom: 2px !important;}&#8221;][vc_empty_space][vc_column_text]<span style=\"color: #333333\">Las acciones de promoci\u00f3n y gesti\u00f3n de la transferencia de conocimiento desde la ULL al tejido socioecon\u00f3mico de Canarias se organizan en torno a:<\/span>[\/vc_column_text][vc_accordion active_tab=&#8221;false&#8221;][vc_accordion_tab title=&#8221;Gesti\u00f3n de contratos y convenios&#8221;][vc_column_text]<span style=\"color: #ffffff\">&#8211;<\/span><\/p>\n<p><span style=\"color: #333333\">La Agencia Universitaria de Innovaci\u00f3n a trav\u00e9s de la \u200bUnidad de Promoci\u00f3n y Gesti\u00f3n de la Transferencia, asesora en la elaboraci\u00f3n, negociaci\u00f3n y gesti\u00f3n de los expedientes que se regulan a trav\u00e9s de convenios y contratos de transferencia de conocimiento al amparo del art\u00edculo 83 de la Ley Org\u00e1nica 6\/2001, de 21 de diciembre, de universidades. Mediante este tipo de contrataci\u00f3n, el personal investigador de la Universidad de La Laguna contribuye a que los conocimientos generados en la ULL se conviertan en beneficios socioecon\u00f3micos, transform\u00e1ndolos en nuevos productos o servicios.<\/span><\/p>\n<p><span style=\"color: #333333\">Esta actividad se regula a trav\u00e9s de convenios y contratos con personas, universidades o entidades p\u00fablicas y privadas, para la realizaci\u00f3n de trabajos cient\u00edficos, t\u00e9cnicos o art\u00edsticos de los que, entre otros, destacan los siguientes:<\/span><\/p>\n<ul>\n<li><span style=\"color: #333333\">Contratos de prestaci\u00f3n de servicios<\/span><\/li>\n<li><span style=\"color: #333333\">Contrato de asesoramiento y asistencia t\u00e9cnica<\/span><\/li>\n<li><span style=\"color: #333333\">Contratos para la realizaci\u00f3n de proyectos de I+D<\/span><\/li>\n<li><span style=\"color: #333333\">Convenios marco para el desarrollo conjunto de actividades<\/span><\/li>\n<\/ul>\n<p>&nbsp;<\/p>\n<p><span style=\"color: #333333\"><strong>Datos de contacto:<\/strong><\/span><\/p>\n<p><span style=\"color: #333333\">Tlfno: 922 319 700<br \/>\n<\/span><span style=\"color: #333333\">Email: <a style=\"color: #333333\" href=\"mailto:innova.gestion@fg.ull.es\">innova.gestion@fg.ull.es<\/a><\/span><\/p>\n<p>[\/vc_column_text][\/vc_accordion_tab][vc_accordion_tab title=&#8221;Unidades de Transferencia \u2013 U2T&#8221;][vc_column_text]<span style=\"color: #333333\">La Agencia Universitaria de Innovaci\u00f3n de la Fundaci\u00f3n General gestiona las denominadas <strong>Unidades de Investigaci\u00f3n y Transferencia (U2T)<\/strong>. Presta el soporte necesario para la gesti\u00f3n administrativa y econ\u00f3mica de unas estructuras que permiten la comercializaci\u00f3n del cat\u00e1logo de servicios vinculados a la marca de la Universidad de La Laguna, facilitando de esta forma, una transferencia \u00e1gil.<\/span><\/p>\n<p><span style=\"color: #333333\"><strong>U2T+ULL es el \u201cPrograma de Creaci\u00f3n y Consolidaci\u00f3n de Unidades de Transferencia\u201d<\/strong> de la Universidad de La Laguna. Este programa define una metodolog\u00eda de creaci\u00f3n, articulaci\u00f3n y maduraci\u00f3n de Unidades de Transferencia (U2T) universitarias en la ULL con la finalidad de:<\/span><\/p>\n<ul>\n<li><span style=\"color: #333333\">Potenciar la transferencia de tecnolog\u00eda y resultados de investigaci\u00f3n<\/span><\/li>\n<li><span style=\"color: #333333\">Impulsar la cultura y el esp\u00edritu emprendedor<\/span><\/li>\n<li><span style=\"color: #333333\">Posibilitar un entorno favorable a la creaci\u00f3n de empresas de base tecnol\u00f3gica<\/span><\/li>\n<\/ul>\n<p><span style=\"color: #333333\"><a href=\"https:\/\/www.fg.ull.es\/wp-content\/uploads\/2015\/07\/esquema.jpg\"><img decoding=\"async\" loading=\"lazy\" class=\"size-medium wp-image-32278 aligncenter\" src=\"https:\/\/www.fg.ull.es\/wp-content\/uploads\/2015\/07\/esquema-300x189.jpg\" alt=\"\" width=\"300\" height=\"189\" \/><\/a><\/span><\/p>\n<p><span style=\"color: #333333\">Las U2T cuentan con una actividad estable de transferencia de conocimiento de una estructura de investigaci\u00f3n de la ULL, de cuyo conocimiento se deriva inter\u00e9s y demanda tecnol\u00f3gica, y que han decidido dotarse de un nivel adicional de gesti\u00f3n y de promoci\u00f3n, para relacionarse de manera \u00e1gil y efectiva con el mercado.<\/span><\/p>\n<p>U2T: INGENOM, UADA, LIDCA, LABFON, SEMEC, FORENSIC<\/p>\n<p><span style=\"color: #333333\"><strong>Datos de contacto:<\/strong><\/span><\/p>\n<p><span style=\"color: #333333\">Tlfno: 922 319 212<br \/>\nEmail: <a style=\"color: #333333\" href=\"mailto:u2t@fg.ull.es\">u2t@fg.ull.es<\/a>\u00a0<\/span>[\/vc_column_text][\/vc_accordion_tab][\/vc_accordion][\/vc_column][\/vc_row][vc_row][vc_column width=&#8221;1\/3&#8243;][vc_single_image img_size=&#8221;medium&#8221;][vc_column_text css_animation=&#8221;fadeIn&#8221;]<\/p>\n<h3 style=\"text-align: center\"><a href=\"https:\/\/fg.ull.es\/innovacion\/presentacion-innovacion\/promocion-y-gestion-de-la-transferencia\/gestion-de-contratos\/\" target=\"_blank\" rel=\"noopener\">Gesti\u00f3n de Contratos<\/a><\/h3>\n<p>[\/vc_column_text][\/vc_column][vc_column width=&#8221;1\/3&#8243;][vc_single_image img_size=&#8221;medium&#8221;][vc_column_text]<\/p>\n<h3 style=\"text-align: center\"><a href=\"https:\/\/fg.ull.es\/innovacion\/?page_id=33754&amp;preview=true\" target=\"_blank\" rel=\"noopener\">U2T &#8211; Unidades de Transferencia<\/a><\/h3>\n<p>[\/vc_column_text][\/vc_column][vc_column width=&#8221;1\/3&#8243;][vc_single_image img_size=&#8221;medium&#8221;][vc_column_text]<\/p>\n<h3 style=\"text-align: center\"><a href=\"https:\/\/fg.ull.es\/innovacion\/presentacion-innovacion\/promocion-y-gestion-de-la-transferencia\/proyectos-internacionales-ull\/\" target=\"_blank\" rel=\"noopener\">Proyectos Internacionales<\/a><\/h3>\n<p>[\/vc_column_text][\/vc_column][\/vc_row]<\/p>\n<\/section>","protected":false},"excerpt":{"rendered":"<p>[vc_row][vc_column][vc_custom_heading text=&#8221;Promoci\u00f3n y gesti\u00f3n de la transferencia&#8221;][\/vc_column][vc_column][vc_empty_space][vc_empty_space][\/vc_column][\/vc_row][vc_row disable_element=&#8221;yes&#8221; css=&#8221;.vc_custom_1616423854879{padding-top: 0px !important;}&#8221;][vc_column css=&#8221;.vc_custom_1436271857984{padding-right: 46px !important;}&#8221;][vc_custom_heading text=&#8221;Promoci\u00f3n y gesti\u00f3n de la transferencia&#8221; font_container=&#8221;tag:div|font_size:24|text_align:left|color:%23212422&#8243; google_fonts=&#8221;font_family:Merriweather%3A300%2C300italic%2Cregular%2Citalic%2C700%2C700italic%2C900%2C900italic|font_style:900%20bold%20regular%3A900%3Anormal&#8221; css=&#8221;.vc_custom_1469778363827{margin-top: -10px !important;margin-bottom: 15px !important;padding-bottom: 2px !important;}&#8221;][vc_empty_space][vc_column_text]Las acciones de promoci\u00f3n y gesti\u00f3n de la transferencia de conocimiento desde la ULL al tejido socioecon\u00f3mico de Canarias se organizan en torno a:[\/vc_column_text][vc_accordion active_tab=&#8221;false&#8221;][vc_accordion_tab title=&#8221;Gesti\u00f3n de&#8230;<\/p>\n","protected":false},"author":1,"featured_media":0,"parent":0,"menu_order":0,"comment_status":"closed","ping_status":"closed","template":"","meta":{"footnotes":""},"yoast_head":"<!-- This site is optimized with the Yoast SEO plugin v21.0 - https:\/\/yoast.com\/wordpress\/plugins\/seo\/ -->\n<title>Gesti\u00f3n de la I+D+i - Agencia Universitaria de Innovaci\u00f3n<\/title>\n<meta name=\"robots\" content=\"index, follow, max-snippet:-1, max-image-preview:large, max-video-preview:-1\" \/>\n<link rel=\"canonical\" href=\"https:\/\/fg.ull.es\/innovacion\/gestion-de-la-idi\/\" \/>\n<meta property=\"og:locale\" content=\"es_ES\" \/>\n<meta property=\"og:type\" content=\"article\" \/>\n<meta property=\"og:title\" content=\"Gesti\u00f3n de la I+D+i - Agencia Universitaria de Innovaci\u00f3n\" \/>\n<meta property=\"og:description\" content=\"[vc_row][vc_column][vc_custom_heading text=&#8221;Promoci\u00f3n y gesti\u00f3n de la transferencia&#8221;][\/vc_column][vc_column][vc_empty_space][vc_empty_space][\/vc_column][\/vc_row][vc_row disable_element=&#8221;yes&#8221; css=&#8221;.vc_custom_1616423854879{padding-top: 0px !important;}&#8221;][vc_column css=&#8221;.vc_custom_1436271857984{padding-right: 46px !important;}&#8221;][vc_custom_heading text=&#8221;Promoci\u00f3n y gesti\u00f3n de la transferencia&#8221; font_container=&#8221;tag:div|font_size:24|text_align:left|color:%23212422&#8243; google_fonts=&#8221;font_family:Merriweather%3A300%2C300italic%2Cregular%2Citalic%2C700%2C700italic%2C900%2C900italic|font_style:900%20bold%20regular%3A900%3Anormal&#8221; css=&#8221;.vc_custom_1469778363827{margin-top: -10px !important;margin-bottom: 15px !important;padding-bottom: 2px !important;}&#8221;][vc_empty_space][vc_column_text]Las acciones de promoci\u00f3n y gesti\u00f3n de la transferencia de conocimiento desde la ULL al tejido socioecon\u00f3mico de Canarias se organizan en torno a:[\/vc_column_text][vc_accordion active_tab=&#8221;false&#8221;][vc_accordion_tab title=&#8221;Gesti\u00f3n de...\" \/>\n<meta property=\"og:url\" content=\"https:\/\/fg.ull.es\/innovacion\/gestion-de-la-idi\/\" \/>\n<meta property=\"og:site_name\" content=\"Agencia Universitaria de Innovaci\u00f3n\" \/>\n<meta property=\"og:image\" content=\"https:\/\/www.fg.ull.es\/wp-content\/uploads\/2015\/07\/esquema-300x189.jpg\" \/>\n<meta name=\"twitter:card\" content=\"summary_large_image\" \/>\n<meta name=\"twitter:label1\" content=\"Est. reading time\" \/>\n\t<meta name=\"twitter:data1\" content=\"3 minutos\" \/>\n<script type=\"application\/ld+json\" class=\"yoast-schema-graph\">{\"@context\":\"https:\/\/schema.org\",\"@graph\":[{\"@type\":\"WebPage\",\"@id\":\"https:\/\/fg.ull.es\/innovacion\/gestion-de-la-idi\/\",\"url\":\"https:\/\/fg.ull.es\/innovacion\/gestion-de-la-idi\/\",\"name\":\"Gesti\u00f3n de la I+D+i - Agencia Universitaria de Innovaci\u00f3n\",\"isPartOf\":{\"@id\":\"https:\/\/fg.ull.es\/innovacion\/#website\"},\"datePublished\":\"2015-07-06T13:29:54+00:00\",\"dateModified\":\"2015-07-06T13:29:54+00:00\",\"breadcrumb\":{\"@id\":\"https:\/\/fg.ull.es\/innovacion\/gestion-de-la-idi\/#breadcrumb\"},\"inLanguage\":\"es\",\"potentialAction\":[{\"@type\":\"ReadAction\",\"target\":[\"https:\/\/fg.ull.es\/innovacion\/gestion-de-la-idi\/\"]}]},{\"@type\":\"BreadcrumbList\",\"@id\":\"https:\/\/fg.ull.es\/innovacion\/gestion-de-la-idi\/#breadcrumb\",\"itemListElement\":[{\"@type\":\"ListItem\",\"position\":1,\"name\":\"Portada\",\"item\":\"https:\/\/fg.ull.es\/innovacion\/\"},{\"@type\":\"ListItem\",\"position\":2,\"name\":\"Gesti\u00f3n de la I+D+i\"}]},{\"@type\":\"WebSite\",\"@id\":\"https:\/\/fg.ull.es\/innovacion\/#website\",\"url\":\"https:\/\/fg.ull.es\/innovacion\/\",\"name\":\"Agencia Universitaria de Innovaci\u00f3n\",\"description\":\"Agencia Universitaria de Innovaci\u00f3n de La Universidad de La Laguna\",\"potentialAction\":[{\"@type\":\"SearchAction\",\"target\":{\"@type\":\"EntryPoint\",\"urlTemplate\":\"https:\/\/fg.ull.es\/innovacion\/?s={search_term_string}\"},\"query-input\":\"required name=search_term_string\"}],\"inLanguage\":\"es\"}]}<\/script>\n<!-- \/ Yoast SEO plugin. -->","yoast_head_json":{"title":"Gesti\u00f3n de la I+D+i - Agencia Universitaria de Innovaci\u00f3n","robots":{"index":"index","follow":"follow","max-snippet":"max-snippet:-1","max-image-preview":"max-image-preview:large","max-video-preview":"max-video-preview:-1"},"canonical":"https:\/\/fg.ull.es\/innovacion\/gestion-de-la-idi\/","og_locale":"es_ES","og_type":"article","og_title":"Gesti\u00f3n de la I+D+i - Agencia Universitaria de Innovaci\u00f3n","og_description":"[vc_row][vc_column][vc_custom_heading text=&#8221;Promoci\u00f3n y gesti\u00f3n de la transferencia&#8221;][\/vc_column][vc_column][vc_empty_space][vc_empty_space][\/vc_column][\/vc_row][vc_row disable_element=&#8221;yes&#8221; css=&#8221;.vc_custom_1616423854879{padding-top: 0px !important;}&#8221;][vc_column css=&#8221;.vc_custom_1436271857984{padding-right: 46px !important;}&#8221;][vc_custom_heading text=&#8221;Promoci\u00f3n y gesti\u00f3n de la transferencia&#8221; font_container=&#8221;tag:div|font_size:24|text_align:left|color:%23212422&#8243; google_fonts=&#8221;font_family:Merriweather%3A300%2C300italic%2Cregular%2Citalic%2C700%2C700italic%2C900%2C900italic|font_style:900%20bold%20regular%3A900%3Anormal&#8221; css=&#8221;.vc_custom_1469778363827{margin-top: -10px !important;margin-bottom: 15px !important;padding-bottom: 2px !important;}&#8221;][vc_empty_space][vc_column_text]Las acciones de promoci\u00f3n y gesti\u00f3n de la transferencia de conocimiento desde la ULL al tejido socioecon\u00f3mico de Canarias se organizan en torno a:[\/vc_column_text][vc_accordion active_tab=&#8221;false&#8221;][vc_accordion_tab title=&#8221;Gesti\u00f3n de...","og_url":"https:\/\/fg.ull.es\/innovacion\/gestion-de-la-idi\/","og_site_name":"Agencia Universitaria de Innovaci\u00f3n","og_image":[{"url":"https:\/\/www.fg.ull.es\/wp-content\/uploads\/2015\/07\/esquema-300x189.jpg"}],"twitter_card":"summary_large_image","twitter_misc":{"Est. reading time":"3 minutos"},"schema":{"@context":"https:\/\/schema.org","@graph":[{"@type":"WebPage","@id":"https:\/\/fg.ull.es\/innovacion\/gestion-de-la-idi\/","url":"https:\/\/fg.ull.es\/innovacion\/gestion-de-la-idi\/","name":"Gesti\u00f3n de la I+D+i - Agencia Universitaria de Innovaci\u00f3n","isPartOf":{"@id":"https:\/\/fg.ull.es\/innovacion\/#website"},"datePublished":"2015-07-06T13:29:54+00:00","dateModified":"2015-07-06T13:29:54+00:00","breadcrumb":{"@id":"https:\/\/fg.ull.es\/innovacion\/gestion-de-la-idi\/#breadcrumb"},"inLanguage":"es","potentialAction":[{"@type":"ReadAction","target":["https:\/\/fg.ull.es\/innovacion\/gestion-de-la-idi\/"]}]},{"@type":"BreadcrumbList","@id":"https:\/\/fg.ull.es\/innovacion\/gestion-de-la-idi\/#breadcrumb","itemListElement":[{"@type":"ListItem","position":1,"name":"Portada","item":"https:\/\/fg.ull.es\/innovacion\/"},{"@type":"ListItem","position":2,"name":"Gesti\u00f3n de la I+D+i"}]},{"@type":"WebSite","@id":"https:\/\/fg.ull.es\/innovacion\/#website","url":"https:\/\/fg.ull.es\/innovacion\/","name":"Agencia Universitaria de Innovaci\u00f3n","description":"Agencia Universitaria de Innovaci\u00f3n de La Universidad de La Laguna","potentialAction":[{"@type":"SearchAction","target":{"@type":"EntryPoint","urlTemplate":"https:\/\/fg.ull.es\/innovacion\/?s={search_term_string}"},"query-input":"required name=search_term_string"}],"inLanguage":"es"}]}},"_links":{"self":[{"href":"https:\/\/fg.ull.es\/innovacion\/wp-json\/wp\/v2\/pages\/34505"}],"collection":[{"href":"https:\/\/fg.ull.es\/innovacion\/wp-json\/wp\/v2\/pages"}],"about":[{"href":"https:\/\/fg.ull.es\/innovacion\/wp-json\/wp\/v2\/types\/page"}],"author":[{"embeddable":true,"href":"https:\/\/fg.ull.es\/innovacion\/wp-json\/wp\/v2\/users\/1"}],"replies":[{"embeddable":true,"href":"https:\/\/fg.ull.es\/innovacion\/wp-json\/wp\/v2\/comments?post=34505"}],"version-history":[{"count":0,"href":"https:\/\/fg.ull.es\/innovacion\/wp-json\/wp\/v2\/pages\/34505\/revisions"}],"wp:attachment":[{"href":"https:\/\/fg.ull.es\/innovacion\/wp-json\/wp\/v2\/media?parent=34505"}],"curies":[{"name":"wp","href":"https:\/\/api.w.org\/{rel}","templated":true}]}}