{"id":32829,"date":"2019-05-23T09:23:26","date_gmt":"2019-05-23T09:23:26","guid":{"rendered":"https:\/\/fg.ull.es\/innovacion\/?page_id=32829"},"modified":"2019-11-14T14:09:44","modified_gmt":"2019-11-14T14:09:44","slug":"envejecer-hoy-y-manana","status":"publish","type":"page","link":"https:\/\/fg.ull.es\/innovacion\/innovacion-social\/laboratorio-de-innovacion-social-de-envejecimiento\/envejecer-hoy-y-manana\/","title":{"rendered":"Envejecer hoy y \u00bfma\u00f1ana?"},"content":{"rendered":"<section class=\"wpb-content-wrapper\"><p>[vc_row full_width=&#8221;stretch_row_content_no_spaces&#8221; css=&#8221;.vc_custom_1557383865745{margin: 0px !important;border-width: 0px !important;padding: 0px !important;}&#8221;][vc_column css=&#8221;.vc_custom_1557383887304{margin: 0px !important;border-width: 0px !important;padding: 0px !important;}&#8221;][vc_single_image image=&#8221;32839&#8243; img_size=&#8221;1140&#215;146&#8243; alignment=&#8221;center&#8221;][\/vc_column][\/vc_row][vc_row][vc_column][vc_cta h2=&#8221;Inscripci\u00f3n en el foro&#8221; txt_align=&#8221;center&#8221; shape=&#8221;square&#8221; add_button=&#8221;bottom&#8221; btn_title=&#8221;Inscripci\u00f3n&#8221; btn_style=&#8221;custom&#8221; btn_custom_background=&#8221;#5c068c&#8221; btn_custom_text=&#8221;#ffffff&#8221; btn_shape=&#8221;square&#8221; btn_align=&#8221;center&#8221; btn_css_animation=&#8221;fadeInUp&#8221; btn_link=&#8221;url:https%3A%2F%2Fsede.fg.ull.es%2Fes%2Fevento%2Fdetalle%2Fa19120157%2Fenvejecer-hoy-y-ma-ana-nuevas-expectativas-vitales-en-canarias||target:%20_blank|&#8221;]Inscr\u00edbete gratuitamente a trav\u00e9s del siguiente enlace. Podr\u00e1s obtener certificado de asistencia[\/vc_cta][vc_empty_space height=&#8221;45px&#8221;][\/vc_column][\/vc_row][vc_row][vc_column][vc_column_text]<\/p>\n<h2>ENVEJECER HOY, \u00bfY MA\u00d1ANA?\u00a0 NUEVAS EXPECTATIVAS VITALES EN CANARIAS<\/h2>\n<p>El reto actual para la planificaci\u00f3n de las pol\u00edticas sociales, es la anticipaci\u00f3n sabiendo adaptarnos ante los cambios tan acelerados de nuestras sociedades, con la participaci\u00f3n e implicaci\u00f3n de las personas mayores en todo el proceso de su desarrollo.<\/p>\n<p><span style=\"font-weight: 400\">La Fundaci\u00f3n General de la Universidad de La Laguna, en colaboraci\u00f3n con la Obra Social de la Caixa, la Fundaci\u00f3n Caja Canarias y el Gobierno de Canarias, organiza este foro con el objetivo de\u00a0dar a conocer iniciativas innovadoras que pueden ayudar a mejorar el bienestar de las personas mayores. El reto del envejecimiento poblacional y la<\/span><span style=\"font-weight: 400\">\u00a0b\u00fasqueda de nuevas pol\u00edticas efectivas dirigidas a este colectivo, necesitan ser abordadas de manera inminente por todas las esferas de la sociedad. Desde el Laboratorio de Envejecimiento de la Unidad de Innovaci\u00f3n Social de la Fundaci\u00f3n General Universidad de La Laguna, se plantea este foro al que nos gustar\u00eda invitarles.<\/span><\/p>\n<p><span style=\"font-weight: 400\">Est\u00e1 dirigido a:<\/span><\/p>\n<p>Personas mayores; Corporaciones Locales; Agentes Sociales de atenci\u00f3n a personas mayores; Centros\/ Recursos p\u00fablicos y privados de mayores; Profesionales; ONG y asociaciones de mayores; Ciclos Formativos de Formaci\u00f3n Profesional; Programas de Formaci\u00f3n en Alternancia con el Empleo (PFAE); Alumnado y Profesorado Universitario; P\u00fablico general<\/p>\n<p>&nbsp;<\/p>\n<h2 style=\"padding-left: 150px\">Fecha:\u00a0<b>19 de junio. <\/b><\/h2>\n<h2 style=\"padding-left: 150px\"><b>Horario: de 10:00 a 14:00 a.m.\u00a0 \u00a0 \u00a0 \u00a0 \u00a0 \u00a0 \u00a0 \u00a0 \u00a0 \u00a0 \u00a0 \u00a0 \u00a0 \u00a0 \u00a0 \u00a0 \u00a0 \u00a0 \u00a0 \u00a0 \u00a0 \u00a0 \u00a0\u00a0<\/b><b style=\"font-size: 16px\">\u00a0 \u00a0 \u00a0\u00a0<\/b><b style=\"font-size: 16px\">\u00a0 \u00a0<\/b><\/h2>\n<h2 style=\"padding-left: 150px\"><b>Lugar: Aula Magna del Aulario &#8211; Campus de Guajara.\u00a0 \u00a0 \u00a0 \u00a0 \u00a0 \u00a0<\/b><\/h2>\n<p>&nbsp;<\/p>\n<h1 style=\"text-align: left\"><strong>Programa<\/strong><\/h1>\n<ul>\n<li><b>10:00-10:20 Bienvenida<\/b><\/li>\n<\/ul>\n<p style=\"padding-left: 60px\">Emilia M\u00aa Carmona Calero, Vicerrectora de Cultura, Participaci\u00f3n Social y campus de Ofra y La Palma<br \/>\nCristina Valido Garc\u00eda, Consejer\u00eda de Empleo, Pol\u00edticas Sociales y Vivienda del Gobierno de Canarias<br \/>\nCoromoto Yanes Gonz\u00e1lez, Consejer\u00eda del Cabildo Insular de Tenerife &#8211; \u00c1rea de Gobierno Abierto, Acci\u00f3n Social y Atenci\u00f3n Ciudadana<br \/>\nNatalia Azn\u00e1rez G\u00f3mez, Directora de la Fundaci\u00f3n CajaCanarias<\/p>\n<ul>\n<li><b>10:20 &#8211; 10:40 <\/b><strong>Presentaciones<\/strong>\n<ul>\n<li>Unidad de Innovaci\u00f3n Social de la Fundaci\u00f3n General Universidad de La Laguna. <em>M\u00f3nica D. Dios Rodr\u00edguez, coordinadora de la unidad.<\/em><\/li>\n<li>Laboratorio de Envejecimiento. <em>Carlos Vel\u00e1zquez Castillo, t\u00e9cnico de la Unidad de Innovaci\u00f3n Social<\/em><\/li>\n<\/ul>\n<\/li>\n<li><strong><strong>10:40-11:40\u00a0<\/strong>Experiencias en el marco de: <em>\u201cEnvejecer bien. Entornos y comunidades urbanas inclusivas\u201d<\/em><\/strong><\/li>\n<\/ul>\n<p style=\"padding-left: 60px\">1.- Programa de envejecimiento activo de Lanzarote &#8211; Cabildo Insular.<em>\u00a0\u00a0<\/em><em><span style=\"font-weight: 400\">Luc\u00eda Paz Rodr\u00edguez, Psic\u00f3loga en el programa de envejecimiento activo de la Isla de Lanzarote de la Asociaci\u00f3n de Familiares de Enfermos de Alzheimer y otras Demencias de Lanzarote y Fuerteventura (AFA)<\/span><\/em><\/p>\n<p style=\"padding-left: 60px\">2.- Mayores en comunidad.\u00a0\u00a0<em>Vicente Manuel Zapata Hern\u00e1ndez, Profesor Titular de Geograf\u00eda Humana de la Universidad de La Laguna<\/em><\/p>\n<p style=\"padding-left: 60px\">3.- Proyectos Intergeneracionales en Canarias: \u201cPasos por la vida\u201d y \u201cSabios gu\u00edas int\u00e9rpretes\u201d<span style=\"font-weight: 400\">.\u00a0\u00a0<em>Guacimara Mart\u00edn Garc\u00eda, Directora de la Fundaci\u00f3n Canaria Lidia Garc\u00eda de Gran Canaria<\/em><\/span><\/p>\n<p style=\"padding-left: 60px\">4.- Ciudad y comunidades amigables para las personas mayores.\u00a0\u00a0<em><span style=\"font-weight: 400\">Marta Garc\u00eda Ruiz &#8211; Profesora del \u00c1rea de Trabajo Social y Servicios Sociales de la Universidad de La Laguna,\u00a0<\/span><\/em>Gustavo A. Marrero D\u00edaz &#8211; Catedr\u00e1tico de Fundamentos del An\u00e1lisis Econ\u00f3mico y David Padr\u00f3n Marrero &#8211; Profesor de Econom\u00eda Aplicada y M\u00e9todos Cuantitativos<\/p>\n<ul>\n<li><b>11:40- 12:00 Descanso coffee break<\/b><\/li>\n<li><b>12:10-12:30<\/b> <b><b>Presentaci\u00f3n: <em>An\u00e1lisis sobre las pol\u00edticas de personas mayores de los ayuntamientos de Tenerife.\u00a0<span style=\"font-weight: 400\">Vanesa Medina Lorenzo, t<\/span><\/em><\/b><\/b><em>\u00e9cnica e investigadora de proyectos sociales de la Unidad de Innovaci\u00f3n Social de la Fundaci\u00f3n General de la Universidad de La Laguna<\/em><\/li>\n<li><strong>12:30 &#8211; 14:00 Di\u00e1logo:\u00a0\u00a0<i>Envejecer hoy y \u00bfma\u00f1ana?<\/i><\/strong><\/li>\n<\/ul>\n<p dir=\"ltr\" style=\"padding-left: 60px\"><em>Elena Felipe<\/em>, Direcci\u00f3n \u00f3rgano de gesti\u00f3n de ACUFADE (Asociaci\u00f3n de cuidadoras, familiares y amigos de personas con dependencia, Alzheimer y otras demencias)<br \/>\n<em>Mar\u00eda Asunci\u00f3n C\u00edvicos Ju\u00e1rez<\/em>, Profesora Titular del Grado de Trabajo Social de la ULL(Jubilada).<br \/>\n<em>Milagros Fuentes<\/em>, Adjunta a la Diputaci\u00f3n del Com\u00fan. Primera mujer que ejerci\u00f3 la abogac\u00eda en el Colegio de Abogados de Santa Cruz de La Palma y primera decana de este \u00f3rgano colegial. Vocal del Mecanismo Nacional de Prevenci\u00f3n de la Tortura del Defensor del Pueblo y est\u00e1 vinculada al Consejo General de la Abogac\u00eda<br \/>\n<em>Representante de la Asociaci\u00f3n Algarabia<\/em>, de Lesbianas, Gays, Bisexuales, Trans e Intersexuales, grupo de personas que trabajan para conseguir la plena igualdad real y el respeto de la sociedad hacia toda la diversidad afectivo-sexual y de g\u00e9nero.<\/p>\n<p style=\"padding-left: 60px\">Modera:\u00a0<em><strong>Jos\u00e9 Antonio Pardellas Casas. <\/strong><\/em>Locutor<span id=\"m_-2839043368429396071gmail-docs-internal-guid-5f22ff6c-7fff-5992-2970-3b598f29bc92\">, redactor de noticias, director y presentador de programas de radio y televisi\u00f3n en Canarias.<\/span><\/p>\n<p style=\"padding-left: 60px\">Bloques de contenidos:<\/p>\n<p style=\"padding-left: 60px\">1. Visibilidad de las personas mayores<br \/>\n2. Ciudades y entornos amigables<br \/>\n3. Autodeterminaci\u00f3n<br \/>\n4. No discriminaci\u00f3n<br \/>\n5. Prevenci\u00f3n para un envejecimiento saludable<\/p>\n<ul>\n<li><strong>14:00 Conclusiones y cierre del Foro<\/strong><\/li>\n<\/ul>\n<p>&lt;iframe src=&#8221;https:\/\/infographics.sli.do\/?i=ZDRhMjU2NmItMTJhYi00YzU0LWFmNzQtZWFlNzI1NDRhMjBj&#8221; height=&#8221;100%&#8221; width=&#8221;100%&#8221;&gt;&lt;\/iframe&gt;[\/vc_column_text][vc_empty_space height=&#8221;45px&#8221;][\/vc_column][\/vc_row][vc_row][vc_column][vc_single_image image=&#8221;32850&#8243; img_size=&#8221;full&#8221; alignment=&#8221;center&#8221; css_animation=&#8221;fadeIn&#8221;][vc_empty_space height=&#8221;45px&#8221;][\/vc_column][\/vc_row][vc_row][vc_column][vc_cta h2=&#8221;Inscripci\u00f3n en el foro&#8221; txt_align=&#8221;center&#8221; shape=&#8221;square&#8221; add_button=&#8221;bottom&#8221; btn_title=&#8221;Inscripci\u00f3n&#8221; btn_style=&#8221;custom&#8221; btn_custom_background=&#8221;#5c068c&#8221; btn_custom_text=&#8221;#ffffff&#8221; btn_shape=&#8221;square&#8221; btn_align=&#8221;center&#8221; btn_css_animation=&#8221;fadeInUp&#8221; btn_link=&#8221;url:https%3A%2F%2Fsede.fg.ull.es%2Fes%2Fevento%2Fdetalle%2Fa19120157%2Fenvejecer-hoy-y-ma-ana-nuevas-expectativas-vitales-en-canarias||target:%20_blank|&#8221;]Inscr\u00edbete gratuitamente a trav\u00e9s del siguiente enlace. Podr\u00e1s obtener certificado de asistencia[\/vc_cta][vc_row_inner][vc_column_inner width=&#8221;1\/3&#8243; css=&#8221;.vc_custom_1559652236800{margin-top: 20px !important;}&#8221;][vc_single_image image=&#8221;32862&#8243; img_size=&#8221;medium&#8221; alignment=&#8221;center&#8221; onclick=&#8221;custom_link&#8221; img_link_target=&#8221;_blank&#8221; link=&#8221;https:\/\/fg.ull.es\/&#8221; css=&#8221;.vc_custom_1559653808781{margin-top: 20px !important;}&#8221;][\/vc_column_inner][vc_column_inner width=&#8221;1\/3&#8243;][vc_single_image image=&#8221;32857&#8243; img_size=&#8221;medium&#8221; alignment=&#8221;center&#8221; onclick=&#8221;custom_link&#8221; img_link_target=&#8221;_blank&#8221; css=&#8221;.vc_custom_1559135252250{margin-top: 30px !important;}&#8221; link=&#8221;https:\/\/obrasociallacaixa.org\/es\/&#8221;][\/vc_column_inner][vc_column_inner width=&#8221;1\/3&#8243; css=&#8221;.vc_custom_1557405795222{margin-top: 25px !important;}&#8221;][vc_single_image image=&#8221;32844&#8243; img_size=&#8221;medium&#8221; alignment=&#8221;center&#8221; onclick=&#8221;custom_link&#8221; img_link_target=&#8221;_blank&#8221; link=&#8221;https:\/\/www.cajacanarias.com\/&#8221;][\/vc_column_inner][\/vc_row_inner][vc_row_inner][vc_column_inner width=&#8221;1\/3&#8243; css=&#8221;.vc_custom_1559652245047{margin-top: 25px !important;}&#8221;][vc_single_image image=&#8221;32845&#8243; img_size=&#8221;medium&#8221; alignment=&#8221;center&#8221; onclick=&#8221;custom_link&#8221; img_link_target=&#8221;_blank&#8221; link=&#8221;http:\/\/www.mitramiss.gob.es\/es\/el_ministerio\/index.htm&#8221;][\/vc_column_inner][vc_column_inner width=&#8221;1\/3&#8243;][\/vc_column_inner][vc_column_inner width=&#8221;1\/3&#8243;][vc_single_image image=&#8221;32865&#8243; img_size=&#8221;medium&#8221; alignment=&#8221;center&#8221; onclick=&#8221;custom_link&#8221; img_link_target=&#8221;_blank&#8221; css=&#8221;.vc_custom_1559653971193{margin-top: 30px !important;}&#8221; link=&#8221;https:\/\/www3.gobiernodecanarias.org\/empleo\/portal\/web\/sce&#8221;][\/vc_column_inner][\/vc_row_inner][vc_empty_space height=&#8221;45px&#8221;][\/vc_column][\/vc_row][vc_row][vc_column][\/vc_column][\/vc_row]<\/p>\n<\/section>","protected":false},"excerpt":{"rendered":"<p>[vc_row full_width=&#8221;stretch_row_content_no_spaces&#8221; css=&#8221;.vc_custom_1557383865745{margin: 0px !important;border-width: 0px !important;padding: 0px !important;}&#8221;][vc_column css=&#8221;.vc_custom_1557383887304{margin: 0px !important;border-width: 0px !important;padding: 0px !important;}&#8221;][vc_single_image image=&#8221;32839&#8243; img_size=&#8221;1140&#215;146&#8243; alignment=&#8221;center&#8221;][\/vc_column][\/vc_row][vc_row][vc_column][vc_cta h2=&#8221;Inscripci\u00f3n en el foro&#8221; txt_align=&#8221;center&#8221; shape=&#8221;square&#8221; add_button=&#8221;bottom&#8221; btn_title=&#8221;Inscripci\u00f3n&#8221; btn_style=&#8221;custom&#8221; btn_custom_background=&#8221;#5c068c&#8221; btn_custom_text=&#8221;#ffffff&#8221; btn_shape=&#8221;square&#8221; btn_align=&#8221;center&#8221; btn_css_animation=&#8221;fadeInUp&#8221; btn_link=&#8221;url:https%3A%2F%2Fsede.fg.ull.es%2Fes%2Fevento%2Fdetalle%2Fa19120157%2Fenvejecer-hoy-y-ma-ana-nuevas-expectativas-vitales-en-canarias||target:%20_blank|&#8221;]Inscr\u00edbete gratuitamente a trav\u00e9s del siguiente enlace. Podr\u00e1s obtener certificado de asistencia[\/vc_cta][vc_empty_space height=&#8221;45px&#8221;][\/vc_column][\/vc_row][vc_row][vc_column][vc_column_text] ENVEJECER HOY, \u00bfY MA\u00d1ANA?\u00a0 NUEVAS EXPECTATIVAS VITALES EN CANARIAS&#8230;<\/p>\n","protected":false},"author":1,"featured_media":0,"parent":32967,"menu_order":0,"comment_status":"closed","ping_status":"closed","template":"templates\/template-frontpage.php","meta":{"footnotes":""},"yoast_head":"<!-- This site is optimized with the Yoast SEO plugin v21.0 - https:\/\/yoast.com\/wordpress\/plugins\/seo\/ -->\n<title>Envejecer hoy y \u00bfma\u00f1ana? - Agencia Universitaria de Innovaci\u00f3n<\/title>\n<meta name=\"robots\" content=\"index, follow, max-snippet:-1, max-image-preview:large, max-video-preview:-1\" \/>\n<link rel=\"canonical\" href=\"https:\/\/fg.ull.es\/innovacion\/innovacion-social\/laboratorio-de-innovacion-social-de-envejecimiento\/envejecer-hoy-y-manana\/\" \/>\n<meta property=\"og:locale\" content=\"es_ES\" \/>\n<meta property=\"og:type\" content=\"article\" \/>\n<meta property=\"og:title\" content=\"Envejecer hoy y \u00bfma\u00f1ana? - Agencia Universitaria de Innovaci\u00f3n\" \/>\n<meta property=\"og:description\" content=\"[vc_row full_width=&#8221;stretch_row_content_no_spaces&#8221; css=&#8221;.vc_custom_1557383865745{margin: 0px !important;border-width: 0px !important;padding: 0px !important;}&#8221;][vc_column css=&#8221;.vc_custom_1557383887304{margin: 0px !important;border-width: 0px !important;padding: 0px !important;}&#8221;][vc_single_image image=&#8221;32839&#8243; img_size=&#8221;1140&#215;146&#8243; alignment=&#8221;center&#8221;][\/vc_column][\/vc_row][vc_row][vc_column][vc_cta h2=&#8221;Inscripci\u00f3n en el foro&#8221; txt_align=&#8221;center&#8221; shape=&#8221;square&#8221; add_button=&#8221;bottom&#8221; btn_title=&#8221;Inscripci\u00f3n&#8221; btn_style=&#8221;custom&#8221; btn_custom_background=&#8221;#5c068c&#8221; btn_custom_text=&#8221;#ffffff&#8221; btn_shape=&#8221;square&#8221; btn_align=&#8221;center&#8221; btn_css_animation=&#8221;fadeInUp&#8221; btn_link=&#8221;url:https%3A%2F%2Fsede.fg.ull.es%2Fes%2Fevento%2Fdetalle%2Fa19120157%2Fenvejecer-hoy-y-ma-ana-nuevas-expectativas-vitales-en-canarias||target:%20_blank|&#8221;]Inscr\u00edbete gratuitamente a trav\u00e9s del siguiente enlace. Podr\u00e1s obtener certificado de asistencia[\/vc_cta][vc_empty_space height=&#8221;45px&#8221;][\/vc_column][\/vc_row][vc_row][vc_column][vc_column_text] ENVEJECER HOY, \u00bfY MA\u00d1ANA?\u00a0 NUEVAS EXPECTATIVAS VITALES EN CANARIAS...\" \/>\n<meta property=\"og:url\" content=\"https:\/\/fg.ull.es\/innovacion\/innovacion-social\/laboratorio-de-innovacion-social-de-envejecimiento\/envejecer-hoy-y-manana\/\" \/>\n<meta property=\"og:site_name\" content=\"Agencia Universitaria de Innovaci\u00f3n\" \/>\n<meta property=\"article:modified_time\" content=\"2019-11-14T14:09:44+00:00\" \/>\n<meta name=\"twitter:card\" content=\"summary_large_image\" \/>\n<meta name=\"twitter:label1\" content=\"Est. reading time\" \/>\n\t<meta name=\"twitter:data1\" content=\"6 minutos\" \/>\n<script type=\"application\/ld+json\" class=\"yoast-schema-graph\">{\"@context\":\"https:\/\/schema.org\",\"@graph\":[{\"@type\":\"WebPage\",\"@id\":\"https:\/\/fg.ull.es\/innovacion\/innovacion-social\/laboratorio-de-innovacion-social-de-envejecimiento\/envejecer-hoy-y-manana\/\",\"url\":\"https:\/\/fg.ull.es\/innovacion\/innovacion-social\/laboratorio-de-innovacion-social-de-envejecimiento\/envejecer-hoy-y-manana\/\",\"name\":\"Envejecer hoy y \u00bfma\u00f1ana? - Agencia Universitaria de Innovaci\u00f3n\",\"isPartOf\":{\"@id\":\"https:\/\/fg.ull.es\/innovacion\/#website\"},\"datePublished\":\"2019-05-23T09:23:26+00:00\",\"dateModified\":\"2019-11-14T14:09:44+00:00\",\"breadcrumb\":{\"@id\":\"https:\/\/fg.ull.es\/innovacion\/innovacion-social\/laboratorio-de-innovacion-social-de-envejecimiento\/envejecer-hoy-y-manana\/#breadcrumb\"},\"inLanguage\":\"es\",\"potentialAction\":[{\"@type\":\"ReadAction\",\"target\":[\"https:\/\/fg.ull.es\/innovacion\/innovacion-social\/laboratorio-de-innovacion-social-de-envejecimiento\/envejecer-hoy-y-manana\/\"]}]},{\"@type\":\"BreadcrumbList\",\"@id\":\"https:\/\/fg.ull.es\/innovacion\/innovacion-social\/laboratorio-de-innovacion-social-de-envejecimiento\/envejecer-hoy-y-manana\/#breadcrumb\",\"itemListElement\":[{\"@type\":\"ListItem\",\"position\":1,\"name\":\"Portada\",\"item\":\"https:\/\/fg.ull.es\/innovacion\/\"},{\"@type\":\"ListItem\",\"position\":2,\"name\":\"Innovacion Social\",\"item\":\"https:\/\/fg.ull.es\/innovacion\/innovacion-social\/\"},{\"@type\":\"ListItem\",\"position\":3,\"name\":\"Laboratorio de Innovaci\u00f3n Social de Envejecimiento\",\"item\":\"https:\/\/fg.ull.es\/innovacion\/innovacion-social\/laboratorio-de-innovacion-social-de-envejecimiento\/\"},{\"@type\":\"ListItem\",\"position\":4,\"name\":\"Envejecer hoy y \u00bfma\u00f1ana?\"}]},{\"@type\":\"WebSite\",\"@id\":\"https:\/\/fg.ull.es\/innovacion\/#website\",\"url\":\"https:\/\/fg.ull.es\/innovacion\/\",\"name\":\"Agencia Universitaria de Innovaci\u00f3n\",\"description\":\"Agencia Universitaria de Innovaci\u00f3n de La Universidad de La Laguna\",\"potentialAction\":[{\"@type\":\"SearchAction\",\"target\":{\"@type\":\"EntryPoint\",\"urlTemplate\":\"https:\/\/fg.ull.es\/innovacion\/?s={search_term_string}\"},\"query-input\":\"required name=search_term_string\"}],\"inLanguage\":\"es\"}]}<\/script>\n<!-- \/ Yoast SEO plugin. -->","yoast_head_json":{"title":"Envejecer hoy y \u00bfma\u00f1ana? - Agencia Universitaria de Innovaci\u00f3n","robots":{"index":"index","follow":"follow","max-snippet":"max-snippet:-1","max-image-preview":"max-image-preview:large","max-video-preview":"max-video-preview:-1"},"canonical":"https:\/\/fg.ull.es\/innovacion\/innovacion-social\/laboratorio-de-innovacion-social-de-envejecimiento\/envejecer-hoy-y-manana\/","og_locale":"es_ES","og_type":"article","og_title":"Envejecer hoy y \u00bfma\u00f1ana? - Agencia Universitaria de Innovaci\u00f3n","og_description":"[vc_row full_width=&#8221;stretch_row_content_no_spaces&#8221; css=&#8221;.vc_custom_1557383865745{margin: 0px !important;border-width: 0px !important;padding: 0px !important;}&#8221;][vc_column css=&#8221;.vc_custom_1557383887304{margin: 0px !important;border-width: 0px !important;padding: 0px !important;}&#8221;][vc_single_image image=&#8221;32839&#8243; img_size=&#8221;1140&#215;146&#8243; alignment=&#8221;center&#8221;][\/vc_column][\/vc_row][vc_row][vc_column][vc_cta h2=&#8221;Inscripci\u00f3n en el foro&#8221; txt_align=&#8221;center&#8221; shape=&#8221;square&#8221; add_button=&#8221;bottom&#8221; btn_title=&#8221;Inscripci\u00f3n&#8221; btn_style=&#8221;custom&#8221; btn_custom_background=&#8221;#5c068c&#8221; btn_custom_text=&#8221;#ffffff&#8221; btn_shape=&#8221;square&#8221; btn_align=&#8221;center&#8221; btn_css_animation=&#8221;fadeInUp&#8221; btn_link=&#8221;url:https%3A%2F%2Fsede.fg.ull.es%2Fes%2Fevento%2Fdetalle%2Fa19120157%2Fenvejecer-hoy-y-ma-ana-nuevas-expectativas-vitales-en-canarias||target:%20_blank|&#8221;]Inscr\u00edbete gratuitamente a trav\u00e9s del siguiente enlace. Podr\u00e1s obtener certificado de asistencia[\/vc_cta][vc_empty_space height=&#8221;45px&#8221;][\/vc_column][\/vc_row][vc_row][vc_column][vc_column_text] ENVEJECER HOY, \u00bfY MA\u00d1ANA?\u00a0 NUEVAS EXPECTATIVAS VITALES EN CANARIAS...","og_url":"https:\/\/fg.ull.es\/innovacion\/innovacion-social\/laboratorio-de-innovacion-social-de-envejecimiento\/envejecer-hoy-y-manana\/","og_site_name":"Agencia Universitaria de Innovaci\u00f3n","article_modified_time":"2019-11-14T14:09:44+00:00","twitter_card":"summary_large_image","twitter_misc":{"Est. reading time":"6 minutos"},"schema":{"@context":"https:\/\/schema.org","@graph":[{"@type":"WebPage","@id":"https:\/\/fg.ull.es\/innovacion\/innovacion-social\/laboratorio-de-innovacion-social-de-envejecimiento\/envejecer-hoy-y-manana\/","url":"https:\/\/fg.ull.es\/innovacion\/innovacion-social\/laboratorio-de-innovacion-social-de-envejecimiento\/envejecer-hoy-y-manana\/","name":"Envejecer hoy y \u00bfma\u00f1ana? - Agencia Universitaria de Innovaci\u00f3n","isPartOf":{"@id":"https:\/\/fg.ull.es\/innovacion\/#website"},"datePublished":"2019-05-23T09:23:26+00:00","dateModified":"2019-11-14T14:09:44+00:00","breadcrumb":{"@id":"https:\/\/fg.ull.es\/innovacion\/innovacion-social\/laboratorio-de-innovacion-social-de-envejecimiento\/envejecer-hoy-y-manana\/#breadcrumb"},"inLanguage":"es","potentialAction":[{"@type":"ReadAction","target":["https:\/\/fg.ull.es\/innovacion\/innovacion-social\/laboratorio-de-innovacion-social-de-envejecimiento\/envejecer-hoy-y-manana\/"]}]},{"@type":"BreadcrumbList","@id":"https:\/\/fg.ull.es\/innovacion\/innovacion-social\/laboratorio-de-innovacion-social-de-envejecimiento\/envejecer-hoy-y-manana\/#breadcrumb","itemListElement":[{"@type":"ListItem","position":1,"name":"Portada","item":"https:\/\/fg.ull.es\/innovacion\/"},{"@type":"ListItem","position":2,"name":"Innovacion Social","item":"https:\/\/fg.ull.es\/innovacion\/innovacion-social\/"},{"@type":"ListItem","position":3,"name":"Laboratorio de Innovaci\u00f3n Social de Envejecimiento","item":"https:\/\/fg.ull.es\/innovacion\/innovacion-social\/laboratorio-de-innovacion-social-de-envejecimiento\/"},{"@type":"ListItem","position":4,"name":"Envejecer hoy y \u00bfma\u00f1ana?"}]},{"@type":"WebSite","@id":"https:\/\/fg.ull.es\/innovacion\/#website","url":"https:\/\/fg.ull.es\/innovacion\/","name":"Agencia Universitaria de Innovaci\u00f3n","description":"Agencia Universitaria de Innovaci\u00f3n de La Universidad de La Laguna","potentialAction":[{"@type":"SearchAction","target":{"@type":"EntryPoint","urlTemplate":"https:\/\/fg.ull.es\/innovacion\/?s={search_term_string}"},"query-input":"required name=search_term_string"}],"inLanguage":"es"}]}},"_links":{"self":[{"href":"https:\/\/fg.ull.es\/innovacion\/wp-json\/wp\/v2\/pages\/32829"}],"collection":[{"href":"https:\/\/fg.ull.es\/innovacion\/wp-json\/wp\/v2\/pages"}],"about":[{"href":"https:\/\/fg.ull.es\/innovacion\/wp-json\/wp\/v2\/types\/page"}],"author":[{"embeddable":true,"href":"https:\/\/fg.ull.es\/innovacion\/wp-json\/wp\/v2\/users\/1"}],"replies":[{"embeddable":true,"href":"https:\/\/fg.ull.es\/innovacion\/wp-json\/wp\/v2\/comments?post=32829"}],"version-history":[{"count":25,"href":"https:\/\/fg.ull.es\/innovacion\/wp-json\/wp\/v2\/pages\/32829\/revisions"}],"predecessor-version":[{"id":32879,"href":"https:\/\/fg.ull.es\/innovacion\/wp-json\/wp\/v2\/pages\/32829\/revisions\/32879"}],"up":[{"embeddable":true,"href":"https:\/\/fg.ull.es\/innovacion\/wp-json\/wp\/v2\/pages\/32967"}],"wp:attachment":[{"href":"https:\/\/fg.ull.es\/innovacion\/wp-json\/wp\/v2\/media?parent=32829"}],"curies":[{"name":"wp","href":"https:\/\/api.w.org\/{rel}","templated":true}]}}