{"id":32778,"date":"2019-04-30T13:06:32","date_gmt":"2019-04-30T13:06:32","guid":{"rendered":"https:\/\/fg.ull.es\/innovacion\/?page_id=32778"},"modified":"2019-05-09T12:47:11","modified_gmt":"2019-05-09T12:47:11","slug":"semana-de-la-transformacion-digital","status":"publish","type":"page","link":"https:\/\/fg.ull.es\/innovacion\/semana-de-la-transformacion-digital\/","title":{"rendered":"Semana de la transformaci\u00f3n digital"},"content":{"rendered":"<section class=\"wpb-content-wrapper\"><p>[vc_row full_width=&#8221;stretch_row_content_no_spaces&#8221; css=&#8221;.vc_custom_1557383865745{margin: 0px !important;border-width: 0px !important;padding: 0px !important;}&#8221;][vc_column css=&#8221;.vc_custom_1557383887304{margin: 0px !important;border-width: 0px !important;padding: 0px !important;}&#8221;][vc_single_image image=&#8221;32791&#8243; img_size=&#8221;full&#8221;][\/vc_column][\/vc_row][vc_row disable_element=&#8221;yes&#8221;][vc_column][vc_single_image image=&#8221;32791&#8243; img_size=&#8221;full&#8221;][vc_empty_space height=&#8221;45px&#8221;][vc_cta h2=&#8221;Inscripci\u00f3n a las actividades de la Semana de la Transformaci\u00f3n Digital&#8221; txt_align=&#8221;center&#8221; shape=&#8221;square&#8221; add_button=&#8221;bottom&#8221; btn_title=&#8221;Inscripci\u00f3n&#8221; btn_style=&#8221;custom&#8221; btn_custom_background=&#8221;#5c068c&#8221; btn_custom_text=&#8221;#ffffff&#8221; btn_shape=&#8221;square&#8221; btn_align=&#8221;center&#8221; btn_css_animation=&#8221;fadeInUp&#8221; btn_link=&#8221;url:https%3A%2F%2Fdocs.google.com%2Fforms%2Fd%2Fe%2F1FAIpQLSdbak-uVoHn3hyAX-X-4sSUXr7W0Thc0QX5pGMkrO2DJtgLZQ%2Fviewform%3Fusp%3Dsf_link|||&#8221;]Inscr\u00edbete rellenando el siguiente formulario, donde podr\u00e1s seleccionar las actividades en las que deseas participar[\/vc_cta][vc_empty_space height=&#8221;45px&#8221;][\/vc_column][\/vc_row][vc_row][vc_column][vc_empty_space height=&#8221;45px&#8221;][vc_cta h2=&#8221;Inscripci\u00f3n a las actividades de la Semana de la Transformaci\u00f3n Digital&#8221; txt_align=&#8221;center&#8221; shape=&#8221;square&#8221; add_button=&#8221;bottom&#8221; btn_title=&#8221;Inscripci\u00f3n&#8221; btn_style=&#8221;custom&#8221; btn_custom_background=&#8221;#5c068c&#8221; btn_custom_text=&#8221;#ffffff&#8221; btn_shape=&#8221;square&#8221; btn_align=&#8221;center&#8221; btn_css_animation=&#8221;fadeInUp&#8221; btn_link=&#8221;url:https%3A%2F%2Fdocs.google.com%2Fforms%2Fd%2Fe%2F1FAIpQLSdbak-uVoHn3hyAX-X-4sSUXr7W0Thc0QX5pGMkrO2DJtgLZQ%2Fviewform%3Fusp%3Dsf_link|||&#8221;]Inscr\u00edbete rellenando el siguiente formulario, donde podr\u00e1s seleccionar las actividades en las que deseas participar[\/vc_cta][vc_empty_space height=&#8221;45px&#8221;][\/vc_column][\/vc_row][vc_row][vc_column][vc_column_text]<\/p>\n<h1>Semana de la Transformaci\u00f3n Digital &#8211; Industria 4.0.<\/h1>\n<p><span style=\"font-weight: 400\">La Fundaci\u00f3n General de la Universidad de La Laguna, en colaboraci\u00f3n con la Conferencia de Consejos Sociales, la Red de Fundaciones Universidad Empresa (REDFUE) y la C\u00e1tedra CEOE-Tenerife, organiza una semana tem\u00e1tica relacionada con la transformaci\u00f3n digital, as\u00ed como los retos y oportunidades que \u00e9sta plantea, haciendo especial \u00e9nfasis en la Industria 4.0.<\/span><\/p>\n<h2>ENTENDER EL BLOCKCHAIN Y CASOS DE USO REALES.<\/h2>\n<p><b>13 de mayo. De 10:00-12:00 a.m.<\/b><\/p>\n<p>Impartido por Carlos Rodr\u00edguez Cabrera, Responsable del \u00e1rea de Estrategia y Desarrollo de negocio de Open Canarias.<\/p>\n<p><b>Lugar: Facultad de Econ\u00f3micas. Sal\u00f3n de Grados. Campus de Guajara.\u00a0<\/b><\/p>\n<p><strong>Programa:<\/strong><\/p>\n<ul>\n<li><span style=\"font-weight: 400\">10.00 &#8211; 10.45. <strong>Bloque 1. Entender Blockchain<\/strong>.\u00a0<\/span><span style=\"font-weight: 400\">Nos centraremos en entender el universo Blockchain, hacer un recorrido por las diferentes tecnolog\u00edas disponibles, mostrar el valor que aportan y ver el porqu\u00e9 de su car\u00e1cter disruptivo. Veremos sus fundamentos (criptograf\u00eda, consenso, Smart Contracts, Tokens, ..) y como han ido surgiendo diferentes tipolog\u00edas (p\u00fablicas, privadas, consorcios, DLTs) como respuesta a diferentes contextos y oportunidades. Por \u00faltimo, veremos los retos y las estimaciones del mercado sobre su futuro m\u00e1s pr\u00f3ximo.<\/span><\/li>\n<li><span style=\"font-weight: 400\">10.45 &#8211; 11.00. Coffee Break<\/span><\/li>\n<li><span style=\"font-weight: 400\">11.15 &#8211; 12.00. <strong>Bloque 2. Casos de uso reales.<\/strong>\u00a0<\/span><span style=\"font-weight: 400\">En este segundo bloque, nos centraremos en ver casos de uso reales, algunos de ellos desarrollados en primera persona por OpenCanarias, as\u00ed como en compartir algunas de las aproximaciones posibles para empezar a trabajar con estas tecnolog\u00edas y c\u00f3mo interpretarlas desde la nueva manera de operar y hacer negocios que plantean.<\/span><\/li>\n<\/ul>\n<h2>FORMACI\u00d3N EN TRANSFORMACI\u00d3N DIGITAL. GESTI\u00d3N DE INNOVACI\u00d3N.<\/h2>\n<p><b>Curso:<\/b><span style=\"font-weight: 400\"> Nivel 1. Promoci\u00f3n digital y nivel 2: Gesti\u00f3n digital (60 horas)<\/span><\/p>\n<p><b>Convalidable por 5 ECTs \u00a0<\/b><\/p>\n<p><b>Tipo formaci\u00f3n: <\/b><span style=\"font-weight: 400\">Mixta (B-Learning) \u00a0<\/span><\/p>\n<p><b>Fecha presencial:<\/b><span style=\"font-weight: 400\"> 14 de mayo de 2019<\/span><\/p>\n<p><b>Horario<\/b><span style=\"font-weight: 400\">: 16:00 &#8211; 20:00<\/span><\/p>\n<p><b>Lugar impartici\u00f3n presencial:<\/b><span style=\"font-weight: 400\"> Facultad de Econom\u00eda, Empresa y Turismo de la ULL, aula F 0.3. Campus de Guajara<\/span><\/p>\n<p><b>Docente:<\/b><span style=\"font-weight: 400\"> Airam Exp\u00f3sito M\u00e1rquez<\/span><\/p>\n<p><b>Objetivos<\/b><\/p>\n<ul>\n<li><span style=\"font-weight: 400\">Formar y capacitar en promoci\u00f3n y gesti\u00f3n de la transformaci\u00f3n digital. <\/span><\/li>\n<li><span style=\"font-weight: 400\">Entender los conceptos b\u00e1sicos que componen el proceso de transformaci\u00f3n digital. <\/span><\/li>\n<li><span style=\"font-weight: 400\">Ense\u00f1ar las tecnolog\u00edas aplicadas en el \u00e1mbito de la transformaci\u00f3n digital. <\/span><\/li>\n<li><span style=\"font-weight: 400\">Ense\u00f1ar metodolog\u00edas y herramientas de aplicaci\u00f3n para promover la transformaci\u00f3n digital en entornos empresariales. <\/span><\/li>\n<li><span style=\"font-weight: 400\">Aprender a integrar la capacidad de gestionar la innovaci\u00f3n en el marco de la gesti\u00f3n digital de la empresa.<\/span><\/li>\n<\/ul>\n<p>Para poder realizar el curso, se deben cumplir una serie de requisitos. <strong>Puedes consultar toda la informaci\u00f3n sobre el curso y sus requisitos <a href=\"https:\/\/sede.fg.ull.es\/es\/curso\/detalle\/a19120115\/promocion-y-gestion-digital-n1-y-n2-campus-guajara\">aqu\u00ed<\/a>.<\/strong><\/p>\n<h2>LOS RETOS DE LAS UNIVERSIDADES ANTE LA INDUSTRIA 4.0.<\/h2>\n<p><b>15 de mayo. De 10:00-13:00.<\/b><\/p>\n<p><span style=\"font-weight: 400\">Encuentro empresa-universidad para definir y evaluar los retos que plantea la transformaci\u00f3n digital para la formaci\u00f3n universitaria.\u00a0<\/span><\/p>\n<p>Este evento reunir\u00e1 a representantes de empresas con la comunidad universitaria para participar en el an\u00e1lisis de la REDFUE sobre los retos que plantea la Industria 4.0 en el \u00e1mbito de la formaci\u00f3n universitaria.<\/p>\n<p>Para asistir a esta actividad, limitada en plazas, debe escribir un correo a\u00a0<a href=\"mailto:redcide@fg.ull.es\">redcide@fg.ull.es\u00a0<\/a><\/p>\n<h2>LA BRECHA DIGITAL: UN RETO PARA EL DESARROLLO HUMANO.<\/h2>\n<p><strong>16 de mayo. De 10:00-12:00. <\/strong><\/p>\n<p><b>Lugar: Facultad de Econ\u00f3micas. Aula Magna. Campus de Guajara.\u00a0<\/b><\/p>\n<p><strong>Programa:<\/strong><\/p>\n<ul>\n<li>10:00 &#8211; Bienvenida<\/li>\n<li>10:10\u00a0 &#8211; Mesa debate-reflexi\u00f3n para abordar la brecha digital en el \u00e1mbito educativo, de g\u00e9nero y generacional. El espacio ser\u00e1 din\u00e1mico e invitar\u00e1 a la reflexi\u00f3n sobre las causas y consecuencias de la brecha digital en la persona y en la sociedad.<\/li>\n<li>11:45 h.- Caf\u00e9 y networking<\/li>\n<\/ul>\n<p><strong>Participantes en la mesa:<\/strong><\/p>\n<ul>\n<li><strong>Juan Manuel Herrera Hern\u00e1ndez<\/strong>. Profesor del departamento de Ciencias de la Comunicaci\u00f3n y Trabajo Social de la Universidad de La Laguna<\/li>\n<li><strong>Gara Miranda Valladares.<\/strong> Profesora del departamento de Ingenier\u00eda Inform\u00e1tica y de Sistemas de la Universidad de La Laguna<\/li>\n<li><strong>Anabel Bethencourt Aguilar<\/strong>. Investigadora del grupo EDULLAB (Laboratorio de Educaci\u00f3n y Nuevas Tecnolog\u00edas de La Universidad de La Laguna)<\/li>\n<\/ul>\n<p><strong>Moderadora<\/strong>: Nira Llanera. Periodista.<\/p>\n<h2><strong>D\u00cdA DE INTERNET. OPORTUNIDADES Y RETOS DE LA TRANSFORMACI\u00d3N DIGITAL.<\/strong><\/h2>\n<p><b>17 de mayo. De 10:00-12:30.<\/b><\/p>\n<p><b>Lugar: Facultad de Econ\u00f3micas, Aula Magna. Campus de Guajara.<\/b><\/p>\n<p><strong>Programa:<\/strong><\/p>\n<ul>\n<li><b>10:00-10:15 Presentaci\u00f3n (ULL, FGULL, CEOE) <\/b><\/li>\n<li><b>10:15 &#8211; 11:00 <\/b><strong>Charla de\u00a0<\/strong><span style=\"font-weight: 400\"><strong>Jose Manuel Ramos Exp\u00f3sito<\/strong>: CEO y socio fundador de Jadacom Networks Group S.L.U.; CEO y socio fundador de X-Net Software Solutions S.L. Premio Fundaci\u00f3n DISA por la mejor Startup en el programa Olympo Boxes en su edici\u00f3n 2017. Premio Emprendedor XXI de la Caixa Edici\u00f3n 2018. Premio AJE mejor empresario joven de la provincia.<\/span><\/li>\n<li><strong>11:00-11:15 Coffee Break &#8211; Networking.<\/strong><\/li>\n<li><b>11:15- 12:00 Presentaci\u00f3n del informe sobre la Madurez Digital de las pymes de la provincia a cargo de Deloitte.<\/b><\/li>\n<li><b>12:00-12:30<\/b> <b>Presentaci\u00f3n de oportunidades formativas en la ULL en el \u00e1mbito de la transformaci\u00f3n digital.<\/b><\/li>\n<\/ul>\n<p>[\/vc_column_text][vc_empty_space height=&#8221;45px&#8221;][\/vc_column][\/vc_row][vc_row][vc_column][vc_cta h2=&#8221;Inscripci\u00f3n a las actividades de la Semana de la Transformaci\u00f3n Digital&#8221; txt_align=&#8221;center&#8221; shape=&#8221;square&#8221; add_button=&#8221;bottom&#8221; btn_title=&#8221;Inscripci\u00f3n&#8221; btn_style=&#8221;custom&#8221; btn_custom_background=&#8221;#5c068c&#8221; btn_custom_text=&#8221;#ffffff&#8221; btn_shape=&#8221;square&#8221; btn_align=&#8221;center&#8221; btn_css_animation=&#8221;fadeInUp&#8221; btn_link=&#8221;url:https%3A%2F%2Fdocs.google.com%2Fforms%2Fd%2Fe%2F1FAIpQLSdbak-uVoHn3hyAX-X-4sSUXr7W0Thc0QX5pGMkrO2DJtgLZQ%2Fviewform%3Fusp%3Dsf_link|||&#8221;]Inscr\u00edbete rellenando el siguiente formulario, donde podr\u00e1s seleccionar las actividades en las que deseas participar[\/vc_cta][vc_empty_space height=&#8221;45px&#8221;][vc_row_inner][vc_column_inner width=&#8221;1\/3&#8243;][vc_single_image image=&#8221;32805&#8243; img_size=&#8221;medium&#8221; alignment=&#8221;center&#8221; onclick=&#8221;custom_link&#8221; img_link_target=&#8221;_blank&#8221; link=&#8221;http:\/\/redfue.es\/&#8221;][\/vc_column_inner][vc_column_inner width=&#8221;1\/3&#8243;][vc_single_image image=&#8221;32806&#8243; img_size=&#8221;medium&#8221; alignment=&#8221;center&#8221; onclick=&#8221;custom_link&#8221; img_link_target=&#8221;_blank&#8221; css=&#8221;.vc_custom_1557149692644{margin-top: 30px !important;}&#8221; link=&#8221;https:\/\/ccsu.es\/&#8221;][\/vc_column_inner][vc_column_inner width=&#8221;1\/3&#8243; css=&#8221;.vc_custom_1557405795222{margin-top: 25px !important;}&#8221;][vc_single_image image=&#8221;32823&#8243; img_size=&#8221;medium&#8221; alignment=&#8221;center&#8221; onclick=&#8221;custom_link&#8221; img_link_target=&#8221;_blank&#8221; link=&#8221;https:\/\/ceoe-tenerife.com\/&#8221;][\/vc_column_inner][\/vc_row_inner][\/vc_column][\/vc_row][vc_row][vc_column][\/vc_column][\/vc_row]<\/p>\n<\/section>","protected":false},"excerpt":{"rendered":"<p>[vc_row full_width=&#8221;stretch_row_content_no_spaces&#8221; css=&#8221;.vc_custom_1557383865745{margin: 0px !important;border-width: 0px !important;padding: 0px !important;}&#8221;][vc_column css=&#8221;.vc_custom_1557383887304{margin: 0px !important;border-width: 0px !important;padding: 0px !important;}&#8221;][vc_single_image image=&#8221;32791&#8243; img_size=&#8221;full&#8221;][\/vc_column][\/vc_row][vc_row disable_element=&#8221;yes&#8221;][vc_column][vc_single_image image=&#8221;32791&#8243; img_size=&#8221;full&#8221;][vc_empty_space height=&#8221;45px&#8221;][vc_cta h2=&#8221;Inscripci\u00f3n a las actividades de la Semana de la Transformaci\u00f3n Digital&#8221; txt_align=&#8221;center&#8221; shape=&#8221;square&#8221; add_button=&#8221;bottom&#8221; btn_title=&#8221;Inscripci\u00f3n&#8221; btn_style=&#8221;custom&#8221; btn_custom_background=&#8221;#5c068c&#8221; btn_custom_text=&#8221;#ffffff&#8221; btn_shape=&#8221;square&#8221; btn_align=&#8221;center&#8221; btn_css_animation=&#8221;fadeInUp&#8221; btn_link=&#8221;url:https%3A%2F%2Fdocs.google.com%2Fforms%2Fd%2Fe%2F1FAIpQLSdbak-uVoHn3hyAX-X-4sSUXr7W0Thc0QX5pGMkrO2DJtgLZQ%2Fviewform%3Fusp%3Dsf_link|||&#8221;]Inscr\u00edbete rellenando el siguiente formulario, donde podr\u00e1s seleccionar las actividades en las&#8230;<\/p>\n","protected":false},"author":1,"featured_media":0,"parent":0,"menu_order":0,"comment_status":"closed","ping_status":"closed","template":"templates\/template-frontpage.php","meta":{"footnotes":""},"yoast_head":"<!-- This site is optimized with the Yoast SEO plugin v21.0 - https:\/\/yoast.com\/wordpress\/plugins\/seo\/ -->\n<title>Semana de la transformaci\u00f3n digital - Agencia Universitaria de Innovaci\u00f3n<\/title>\n<meta name=\"robots\" content=\"index, follow, max-snippet:-1, max-image-preview:large, max-video-preview:-1\" \/>\n<link rel=\"canonical\" href=\"https:\/\/fg.ull.es\/innovacion\/semana-de-la-transformacion-digital\/\" \/>\n<meta property=\"og:locale\" content=\"es_ES\" \/>\n<meta property=\"og:type\" content=\"article\" \/>\n<meta property=\"og:title\" content=\"Semana de la transformaci\u00f3n digital - Agencia Universitaria de Innovaci\u00f3n\" \/>\n<meta property=\"og:description\" content=\"[vc_row full_width=&#8221;stretch_row_content_no_spaces&#8221; css=&#8221;.vc_custom_1557383865745{margin: 0px !important;border-width: 0px !important;padding: 0px !important;}&#8221;][vc_column css=&#8221;.vc_custom_1557383887304{margin: 0px !important;border-width: 0px !important;padding: 0px !important;}&#8221;][vc_single_image image=&#8221;32791&#8243; img_size=&#8221;full&#8221;][\/vc_column][\/vc_row][vc_row disable_element=&#8221;yes&#8221;][vc_column][vc_single_image image=&#8221;32791&#8243; img_size=&#8221;full&#8221;][vc_empty_space height=&#8221;45px&#8221;][vc_cta h2=&#8221;Inscripci\u00f3n a las actividades de la Semana de la Transformaci\u00f3n Digital&#8221; txt_align=&#8221;center&#8221; shape=&#8221;square&#8221; add_button=&#8221;bottom&#8221; btn_title=&#8221;Inscripci\u00f3n&#8221; btn_style=&#8221;custom&#8221; btn_custom_background=&#8221;#5c068c&#8221; btn_custom_text=&#8221;#ffffff&#8221; btn_shape=&#8221;square&#8221; btn_align=&#8221;center&#8221; btn_css_animation=&#8221;fadeInUp&#8221; btn_link=&#8221;url:https%3A%2F%2Fdocs.google.com%2Fforms%2Fd%2Fe%2F1FAIpQLSdbak-uVoHn3hyAX-X-4sSUXr7W0Thc0QX5pGMkrO2DJtgLZQ%2Fviewform%3Fusp%3Dsf_link|||&#8221;]Inscr\u00edbete rellenando el siguiente formulario, donde podr\u00e1s seleccionar las actividades en las...\" \/>\n<meta property=\"og:url\" content=\"https:\/\/fg.ull.es\/innovacion\/semana-de-la-transformacion-digital\/\" \/>\n<meta property=\"og:site_name\" content=\"Agencia Universitaria de Innovaci\u00f3n\" \/>\n<meta property=\"article:modified_time\" content=\"2019-05-09T12:47:11+00:00\" \/>\n<meta name=\"twitter:card\" content=\"summary_large_image\" \/>\n<meta name=\"twitter:label1\" content=\"Est. reading time\" \/>\n\t<meta name=\"twitter:data1\" content=\"7 minutos\" \/>\n<script type=\"application\/ld+json\" class=\"yoast-schema-graph\">{\"@context\":\"https:\/\/schema.org\",\"@graph\":[{\"@type\":\"WebPage\",\"@id\":\"https:\/\/fg.ull.es\/innovacion\/semana-de-la-transformacion-digital\/\",\"url\":\"https:\/\/fg.ull.es\/innovacion\/semana-de-la-transformacion-digital\/\",\"name\":\"Semana de la transformaci\u00f3n digital - Agencia Universitaria de Innovaci\u00f3n\",\"isPartOf\":{\"@id\":\"https:\/\/fg.ull.es\/innovacion\/#website\"},\"datePublished\":\"2019-04-30T13:06:32+00:00\",\"dateModified\":\"2019-05-09T12:47:11+00:00\",\"breadcrumb\":{\"@id\":\"https:\/\/fg.ull.es\/innovacion\/semana-de-la-transformacion-digital\/#breadcrumb\"},\"inLanguage\":\"es\",\"potentialAction\":[{\"@type\":\"ReadAction\",\"target\":[\"https:\/\/fg.ull.es\/innovacion\/semana-de-la-transformacion-digital\/\"]}]},{\"@type\":\"BreadcrumbList\",\"@id\":\"https:\/\/fg.ull.es\/innovacion\/semana-de-la-transformacion-digital\/#breadcrumb\",\"itemListElement\":[{\"@type\":\"ListItem\",\"position\":1,\"name\":\"Portada\",\"item\":\"https:\/\/fg.ull.es\/innovacion\/\"},{\"@type\":\"ListItem\",\"position\":2,\"name\":\"Semana de la transformaci\u00f3n digital\"}]},{\"@type\":\"WebSite\",\"@id\":\"https:\/\/fg.ull.es\/innovacion\/#website\",\"url\":\"https:\/\/fg.ull.es\/innovacion\/\",\"name\":\"Agencia Universitaria de Innovaci\u00f3n\",\"description\":\"Agencia Universitaria de Innovaci\u00f3n de La Universidad de La Laguna\",\"potentialAction\":[{\"@type\":\"SearchAction\",\"target\":{\"@type\":\"EntryPoint\",\"urlTemplate\":\"https:\/\/fg.ull.es\/innovacion\/?s={search_term_string}\"},\"query-input\":\"required name=search_term_string\"}],\"inLanguage\":\"es\"}]}<\/script>\n<!-- \/ Yoast SEO plugin. -->","yoast_head_json":{"title":"Semana de la transformaci\u00f3n digital - Agencia Universitaria de Innovaci\u00f3n","robots":{"index":"index","follow":"follow","max-snippet":"max-snippet:-1","max-image-preview":"max-image-preview:large","max-video-preview":"max-video-preview:-1"},"canonical":"https:\/\/fg.ull.es\/innovacion\/semana-de-la-transformacion-digital\/","og_locale":"es_ES","og_type":"article","og_title":"Semana de la transformaci\u00f3n digital - Agencia Universitaria de Innovaci\u00f3n","og_description":"[vc_row full_width=&#8221;stretch_row_content_no_spaces&#8221; css=&#8221;.vc_custom_1557383865745{margin: 0px !important;border-width: 0px !important;padding: 0px !important;}&#8221;][vc_column css=&#8221;.vc_custom_1557383887304{margin: 0px !important;border-width: 0px !important;padding: 0px !important;}&#8221;][vc_single_image image=&#8221;32791&#8243; img_size=&#8221;full&#8221;][\/vc_column][\/vc_row][vc_row disable_element=&#8221;yes&#8221;][vc_column][vc_single_image image=&#8221;32791&#8243; img_size=&#8221;full&#8221;][vc_empty_space height=&#8221;45px&#8221;][vc_cta h2=&#8221;Inscripci\u00f3n a las actividades de la Semana de la Transformaci\u00f3n Digital&#8221; txt_align=&#8221;center&#8221; shape=&#8221;square&#8221; add_button=&#8221;bottom&#8221; btn_title=&#8221;Inscripci\u00f3n&#8221; btn_style=&#8221;custom&#8221; btn_custom_background=&#8221;#5c068c&#8221; btn_custom_text=&#8221;#ffffff&#8221; btn_shape=&#8221;square&#8221; btn_align=&#8221;center&#8221; btn_css_animation=&#8221;fadeInUp&#8221; btn_link=&#8221;url:https%3A%2F%2Fdocs.google.com%2Fforms%2Fd%2Fe%2F1FAIpQLSdbak-uVoHn3hyAX-X-4sSUXr7W0Thc0QX5pGMkrO2DJtgLZQ%2Fviewform%3Fusp%3Dsf_link|||&#8221;]Inscr\u00edbete rellenando el siguiente formulario, donde podr\u00e1s seleccionar las actividades en las...","og_url":"https:\/\/fg.ull.es\/innovacion\/semana-de-la-transformacion-digital\/","og_site_name":"Agencia Universitaria de Innovaci\u00f3n","article_modified_time":"2019-05-09T12:47:11+00:00","twitter_card":"summary_large_image","twitter_misc":{"Est. reading time":"7 minutos"},"schema":{"@context":"https:\/\/schema.org","@graph":[{"@type":"WebPage","@id":"https:\/\/fg.ull.es\/innovacion\/semana-de-la-transformacion-digital\/","url":"https:\/\/fg.ull.es\/innovacion\/semana-de-la-transformacion-digital\/","name":"Semana de la transformaci\u00f3n digital - Agencia Universitaria de Innovaci\u00f3n","isPartOf":{"@id":"https:\/\/fg.ull.es\/innovacion\/#website"},"datePublished":"2019-04-30T13:06:32+00:00","dateModified":"2019-05-09T12:47:11+00:00","breadcrumb":{"@id":"https:\/\/fg.ull.es\/innovacion\/semana-de-la-transformacion-digital\/#breadcrumb"},"inLanguage":"es","potentialAction":[{"@type":"ReadAction","target":["https:\/\/fg.ull.es\/innovacion\/semana-de-la-transformacion-digital\/"]}]},{"@type":"BreadcrumbList","@id":"https:\/\/fg.ull.es\/innovacion\/semana-de-la-transformacion-digital\/#breadcrumb","itemListElement":[{"@type":"ListItem","position":1,"name":"Portada","item":"https:\/\/fg.ull.es\/innovacion\/"},{"@type":"ListItem","position":2,"name":"Semana de la transformaci\u00f3n digital"}]},{"@type":"WebSite","@id":"https:\/\/fg.ull.es\/innovacion\/#website","url":"https:\/\/fg.ull.es\/innovacion\/","name":"Agencia Universitaria de Innovaci\u00f3n","description":"Agencia Universitaria de Innovaci\u00f3n de La Universidad de La Laguna","potentialAction":[{"@type":"SearchAction","target":{"@type":"EntryPoint","urlTemplate":"https:\/\/fg.ull.es\/innovacion\/?s={search_term_string}"},"query-input":"required name=search_term_string"}],"inLanguage":"es"}]}},"_links":{"self":[{"href":"https:\/\/fg.ull.es\/innovacion\/wp-json\/wp\/v2\/pages\/32778"}],"collection":[{"href":"https:\/\/fg.ull.es\/innovacion\/wp-json\/wp\/v2\/pages"}],"about":[{"href":"https:\/\/fg.ull.es\/innovacion\/wp-json\/wp\/v2\/types\/page"}],"author":[{"embeddable":true,"href":"https:\/\/fg.ull.es\/innovacion\/wp-json\/wp\/v2\/users\/1"}],"replies":[{"embeddable":true,"href":"https:\/\/fg.ull.es\/innovacion\/wp-json\/wp\/v2\/comments?post=32778"}],"version-history":[{"count":39,"href":"https:\/\/fg.ull.es\/innovacion\/wp-json\/wp\/v2\/pages\/32778\/revisions"}],"predecessor-version":[{"id":32825,"href":"https:\/\/fg.ull.es\/innovacion\/wp-json\/wp\/v2\/pages\/32778\/revisions\/32825"}],"wp:attachment":[{"href":"https:\/\/fg.ull.es\/innovacion\/wp-json\/wp\/v2\/media?parent=32778"}],"curies":[{"name":"wp","href":"https:\/\/api.w.org\/{rel}","templated":true}]}}