{"id":32397,"date":"2017-06-01T13:42:15","date_gmt":"2017-06-01T13:42:15","guid":{"rendered":"https:\/\/fg.ull.es\/innovacion\/?page_id=32397"},"modified":"2022-10-18T09:53:13","modified_gmt":"2022-10-18T09:53:13","slug":"proyectos-internacionales-ull","status":"publish","type":"page","link":"https:\/\/fg.ull.es\/innovacion\/proyectos-internacionales-ull\/","title":{"rendered":"Proyectos Internacionales ULL"},"content":{"rendered":"<section class=\"wpb-content-wrapper\"><p>[vc_row css=&#8221;.vc_custom_1496324524391{padding-top: 0px !important;}&#8221;][vc_column css=&#8221;.vc_custom_1434977076817{padding-right: 46px !important;}&#8221;][vc_custom_heading text=&#8221;Proyectos Internacionales ULL&#8221; font_container=&#8221;tag:div|font_size:28|text_align:left|color:%23212422&#8243; google_fonts=&#8221;font_family:Merriweather%3A300%2C300italic%2Cregular%2Citalic%2C700%2C700italic%2C900%2C900italic|font_style:900%20bold%20regular%3A900%3Anormal&#8221; css=&#8221;.vc_custom_1469778169779{margin-top: -10px !important;margin-bottom: 15px !important;padding-bottom: 2px !important;}&#8221;][vc_empty_space 0=&#8221;&#8221;][vc_column_text 0=&#8221;&#8221;]La Unidad de Proyectos Internacionales es una estructura t\u00e9cnica destinada a prestar un servicio de apoyo y asesoramiento al personal investigador de la ULL para la obtenci\u00f3n de financiaci\u00f3n comunitaria, la potenciaci\u00f3n de la actividad investigadora de primer nivel y la consecuci\u00f3n de la coordinaci\u00f3n necesaria entre instituciones de educaci\u00f3n superior, centros de investigaci\u00f3n con reconocimiento internacional y empresas con vocaci\u00f3n tecnol\u00f3gica, dinamizando las relaciones entre estos grupos y otros internacionales, para el impulso y gesti\u00f3n de proyectos europeos.<\/p>\n<p>Sus principales objetivos se centran en:<\/p>\n<p>Servir de punto de informaci\u00f3n para el personal investigador de la ULL acerca de programas de financiaci\u00f3n europeos e internacionales<br \/>\nIncrementar la participaci\u00f3n de los grupos de investigaci\u00f3n de la ULL en proyectos financiados a trav\u00e9s de fondos europeos e internacionales<br \/>\nEstablecer y consolidar la relaci\u00f3n de la ULL con otras universidades, centros de I+D, organismos p\u00fablicos y empresas de \u00e1mbito internacional<br \/>\nPotenciar la presencia de la actividad investigadora de la ULL en jornadas y ferias de \u00e1mbito internacional<br \/>\nFormar al personal investigador en los instrumentos de financiaci\u00f3n de \u00e1mbito internacional existentes<\/p>\n<p>Los servicios que presta la Unidad de Proyectos Internacionales son:<\/p>\n<p>Identificaci\u00f3n y divulgaci\u00f3n selectiva y personalizada de convocatorias y de oportunidades de participaci\u00f3n, en las l\u00edneas de financiaci\u00f3n europeas e internacionales en las que puedan ser subvencionados proyectos de I+D+i<br \/>\nAsesor\u00eda t\u00e9cnico-administrativa y financiera en la preparaci\u00f3n de propuestas de actuaciones para presentar a programas europeos e internacionales de I+D+i<br \/>\nB\u00fasqueda de socios y colaboraciones para establecer sinergias para el dise\u00f1o y elaboraci\u00f3n de propuestas<br \/>\nOrganizaci\u00f3n de actividades informativas y formativas acerca de los nuevos instrumentos de financiaci\u00f3n para la presentaci\u00f3n de proyectos de I+D+i<br \/>\nSeguimiento, gesti\u00f3n econ\u00f3mica y control financiero de los proyectos de I+D+i de \u00e1mbito internacional activos<br \/>\nJustificaci\u00f3n econ\u00f3mica de proyectos de I+D+i de \u00e1mbito internacional activos<\/p>\n<p>Datos de contacto:<\/p>\n<p>Tlfno: 922 31 97 25<br \/>\nEmail: proyectos@fg.ull.es[\/vc_column_text][\/vc_column][\/vc_row]<\/p>\n<\/section>","protected":false},"excerpt":{"rendered":"<p>[vc_row css=&#8221;.vc_custom_1496324524391{padding-top: 0px !important;}&#8221;][vc_column css=&#8221;.vc_custom_1434977076817{padding-right: 46px !important;}&#8221;][vc_custom_heading text=&#8221;Proyectos Internacionales ULL&#8221; font_container=&#8221;tag:div|font_size:28|text_align:left|color:%23212422&#8243; google_fonts=&#8221;font_family:Merriweather%3A300%2C300italic%2Cregular%2Citalic%2C700%2C700italic%2C900%2C900italic|font_style:900%20bold%20regular%3A900%3Anormal&#8221; css=&#8221;.vc_custom_1469778169779{margin-top: -10px !important;margin-bottom: 15px !important;padding-bottom: 2px !important;}&#8221;][vc_empty_space 0=&#8221;&#8221;][vc_column_text 0=&#8221;&#8221;]La Unidad de Proyectos Internacionales es una estructura t\u00e9cnica destinada a prestar un servicio de apoyo y asesoramiento al personal investigador de la ULL para la obtenci\u00f3n de financiaci\u00f3n comunitaria, la potenciaci\u00f3n de la actividad&#8230;<\/p>\n","protected":false},"author":1,"featured_media":0,"parent":0,"menu_order":0,"comment_status":"closed","ping_status":"closed","template":"","meta":{"footnotes":""},"yoast_head":"<!-- This site is optimized with the Yoast SEO plugin v21.0 - https:\/\/yoast.com\/wordpress\/plugins\/seo\/ -->\n<title>Proyectos Internacionales ULL - Agencia Universitaria de Innovaci\u00f3n<\/title>\n<meta name=\"robots\" content=\"index, follow, max-snippet:-1, max-image-preview:large, max-video-preview:-1\" \/>\n<link rel=\"canonical\" href=\"https:\/\/fg.ull.es\/innovacion\/proyectos-internacionales-ull\/\" \/>\n<meta property=\"og:locale\" content=\"es_ES\" \/>\n<meta property=\"og:type\" content=\"article\" \/>\n<meta property=\"og:title\" content=\"Proyectos Internacionales ULL - Agencia Universitaria de Innovaci\u00f3n\" \/>\n<meta property=\"og:description\" content=\"[vc_row css=&#8221;.vc_custom_1496324524391{padding-top: 0px !important;}&#8221;][vc_column css=&#8221;.vc_custom_1434977076817{padding-right: 46px !important;}&#8221;][vc_custom_heading text=&#8221;Proyectos Internacionales ULL&#8221; font_container=&#8221;tag:div|font_size:28|text_align:left|color:%23212422&#8243; google_fonts=&#8221;font_family:Merriweather%3A300%2C300italic%2Cregular%2Citalic%2C700%2C700italic%2C900%2C900italic|font_style:900%20bold%20regular%3A900%3Anormal&#8221; css=&#8221;.vc_custom_1469778169779{margin-top: -10px !important;margin-bottom: 15px !important;padding-bottom: 2px !important;}&#8221;][vc_empty_space 0=&#8221;&#8221;][vc_column_text 0=&#8221;&#8221;]La Unidad de Proyectos Internacionales es una estructura t\u00e9cnica destinada a prestar un servicio de apoyo y asesoramiento al personal investigador de la ULL para la obtenci\u00f3n de financiaci\u00f3n comunitaria, la potenciaci\u00f3n de la actividad...\" \/>\n<meta property=\"og:url\" content=\"https:\/\/fg.ull.es\/innovacion\/proyectos-internacionales-ull\/\" \/>\n<meta property=\"og:site_name\" content=\"Agencia Universitaria de Innovaci\u00f3n\" \/>\n<meta property=\"article:modified_time\" content=\"2022-10-18T09:53:13+00:00\" \/>\n<meta name=\"twitter:card\" content=\"summary_large_image\" \/>\n<meta name=\"twitter:label1\" content=\"Est. reading time\" \/>\n\t<meta name=\"twitter:data1\" content=\"2 minutos\" \/>\n<script type=\"application\/ld+json\" class=\"yoast-schema-graph\">{\"@context\":\"https:\/\/schema.org\",\"@graph\":[{\"@type\":\"WebPage\",\"@id\":\"https:\/\/fg.ull.es\/innovacion\/proyectos-internacionales-ull\/\",\"url\":\"https:\/\/fg.ull.es\/innovacion\/proyectos-internacionales-ull\/\",\"name\":\"Proyectos Internacionales ULL - Agencia Universitaria de Innovaci\u00f3n\",\"isPartOf\":{\"@id\":\"https:\/\/fg.ull.es\/innovacion\/#website\"},\"datePublished\":\"2017-06-01T13:42:15+00:00\",\"dateModified\":\"2022-10-18T09:53:13+00:00\",\"breadcrumb\":{\"@id\":\"https:\/\/fg.ull.es\/innovacion\/proyectos-internacionales-ull\/#breadcrumb\"},\"inLanguage\":\"es\",\"potentialAction\":[{\"@type\":\"ReadAction\",\"target\":[\"https:\/\/fg.ull.es\/innovacion\/proyectos-internacionales-ull\/\"]}]},{\"@type\":\"BreadcrumbList\",\"@id\":\"https:\/\/fg.ull.es\/innovacion\/proyectos-internacionales-ull\/#breadcrumb\",\"itemListElement\":[{\"@type\":\"ListItem\",\"position\":1,\"name\":\"Portada\",\"item\":\"https:\/\/fg.ull.es\/innovacion\/\"},{\"@type\":\"ListItem\",\"position\":2,\"name\":\"Proyectos Internacionales ULL\"}]},{\"@type\":\"WebSite\",\"@id\":\"https:\/\/fg.ull.es\/innovacion\/#website\",\"url\":\"https:\/\/fg.ull.es\/innovacion\/\",\"name\":\"Agencia Universitaria de Innovaci\u00f3n\",\"description\":\"Agencia Universitaria de Innovaci\u00f3n de La Universidad de La Laguna\",\"potentialAction\":[{\"@type\":\"SearchAction\",\"target\":{\"@type\":\"EntryPoint\",\"urlTemplate\":\"https:\/\/fg.ull.es\/innovacion\/?s={search_term_string}\"},\"query-input\":\"required name=search_term_string\"}],\"inLanguage\":\"es\"}]}<\/script>\n<!-- \/ Yoast SEO plugin. -->","yoast_head_json":{"title":"Proyectos Internacionales ULL - Agencia Universitaria de Innovaci\u00f3n","robots":{"index":"index","follow":"follow","max-snippet":"max-snippet:-1","max-image-preview":"max-image-preview:large","max-video-preview":"max-video-preview:-1"},"canonical":"https:\/\/fg.ull.es\/innovacion\/proyectos-internacionales-ull\/","og_locale":"es_ES","og_type":"article","og_title":"Proyectos Internacionales ULL - Agencia Universitaria de Innovaci\u00f3n","og_description":"[vc_row css=&#8221;.vc_custom_1496324524391{padding-top: 0px !important;}&#8221;][vc_column css=&#8221;.vc_custom_1434977076817{padding-right: 46px !important;}&#8221;][vc_custom_heading text=&#8221;Proyectos Internacionales ULL&#8221; font_container=&#8221;tag:div|font_size:28|text_align:left|color:%23212422&#8243; google_fonts=&#8221;font_family:Merriweather%3A300%2C300italic%2Cregular%2Citalic%2C700%2C700italic%2C900%2C900italic|font_style:900%20bold%20regular%3A900%3Anormal&#8221; css=&#8221;.vc_custom_1469778169779{margin-top: -10px !important;margin-bottom: 15px !important;padding-bottom: 2px !important;}&#8221;][vc_empty_space 0=&#8221;&#8221;][vc_column_text 0=&#8221;&#8221;]La Unidad de Proyectos Internacionales es una estructura t\u00e9cnica destinada a prestar un servicio de apoyo y asesoramiento al personal investigador de la ULL para la obtenci\u00f3n de financiaci\u00f3n comunitaria, la potenciaci\u00f3n de la actividad...","og_url":"https:\/\/fg.ull.es\/innovacion\/proyectos-internacionales-ull\/","og_site_name":"Agencia Universitaria de Innovaci\u00f3n","article_modified_time":"2022-10-18T09:53:13+00:00","twitter_card":"summary_large_image","twitter_misc":{"Est. reading time":"2 minutos"},"schema":{"@context":"https:\/\/schema.org","@graph":[{"@type":"WebPage","@id":"https:\/\/fg.ull.es\/innovacion\/proyectos-internacionales-ull\/","url":"https:\/\/fg.ull.es\/innovacion\/proyectos-internacionales-ull\/","name":"Proyectos Internacionales ULL - Agencia Universitaria de Innovaci\u00f3n","isPartOf":{"@id":"https:\/\/fg.ull.es\/innovacion\/#website"},"datePublished":"2017-06-01T13:42:15+00:00","dateModified":"2022-10-18T09:53:13+00:00","breadcrumb":{"@id":"https:\/\/fg.ull.es\/innovacion\/proyectos-internacionales-ull\/#breadcrumb"},"inLanguage":"es","potentialAction":[{"@type":"ReadAction","target":["https:\/\/fg.ull.es\/innovacion\/proyectos-internacionales-ull\/"]}]},{"@type":"BreadcrumbList","@id":"https:\/\/fg.ull.es\/innovacion\/proyectos-internacionales-ull\/#breadcrumb","itemListElement":[{"@type":"ListItem","position":1,"name":"Portada","item":"https:\/\/fg.ull.es\/innovacion\/"},{"@type":"ListItem","position":2,"name":"Proyectos Internacionales ULL"}]},{"@type":"WebSite","@id":"https:\/\/fg.ull.es\/innovacion\/#website","url":"https:\/\/fg.ull.es\/innovacion\/","name":"Agencia Universitaria de Innovaci\u00f3n","description":"Agencia Universitaria de Innovaci\u00f3n de La Universidad de La Laguna","potentialAction":[{"@type":"SearchAction","target":{"@type":"EntryPoint","urlTemplate":"https:\/\/fg.ull.es\/innovacion\/?s={search_term_string}"},"query-input":"required name=search_term_string"}],"inLanguage":"es"}]}},"_links":{"self":[{"href":"https:\/\/fg.ull.es\/innovacion\/wp-json\/wp\/v2\/pages\/32397"}],"collection":[{"href":"https:\/\/fg.ull.es\/innovacion\/wp-json\/wp\/v2\/pages"}],"about":[{"href":"https:\/\/fg.ull.es\/innovacion\/wp-json\/wp\/v2\/types\/page"}],"author":[{"embeddable":true,"href":"https:\/\/fg.ull.es\/innovacion\/wp-json\/wp\/v2\/users\/1"}],"replies":[{"embeddable":true,"href":"https:\/\/fg.ull.es\/innovacion\/wp-json\/wp\/v2\/comments?post=32397"}],"version-history":[{"count":3,"href":"https:\/\/fg.ull.es\/innovacion\/wp-json\/wp\/v2\/pages\/32397\/revisions"}],"predecessor-version":[{"id":34513,"href":"https:\/\/fg.ull.es\/innovacion\/wp-json\/wp\/v2\/pages\/32397\/revisions\/34513"}],"wp:attachment":[{"href":"https:\/\/fg.ull.es\/innovacion\/wp-json\/wp\/v2\/media?parent=32397"}],"curies":[{"name":"wp","href":"https:\/\/api.w.org\/{rel}","templated":true}]}}