{"id":27543,"date":"2016-07-27T11:01:34","date_gmt":"2016-07-27T10:01:34","guid":{"rendered":"http:\/\/www.fg.ull.es\/es\/?page_id=27543"},"modified":"2024-09-24T08:34:06","modified_gmt":"2024-09-24T08:34:06","slug":"innovacion-empresarial","status":"publish","type":"page","link":"https:\/\/fg.ull.es\/innovacion\/innovacion-empresarial\/","title":{"rendered":"Innovaci\u00f3n Empresarial"},"content":{"rendered":"<section class=\"wpb-content-wrapper\"><p>[vc_row css=&#8221;.vc_custom_1496321599274{padding-top: 0px !important;}&#8221;][vc_column][vc_empty_space height=&#8221;32&#8243;][vc_custom_heading text=&#8221;Innovaci\u00f3n Empresarial&#8221; font_container=&#8221;tag:div|font_size:28|text_align:left|color:%23212422&#8243; google_fonts=&#8221;font_family:Merriweather%3A300%2C300italic%2Cregular%2Citalic%2C700%2C700italic%2C900%2C900italic|font_style:900%20bold%20regular%3A900%3Anormal&#8221; css=&#8221;.vc_custom_1616417793831{margin-top: -10px !important;margin-bottom: 15px !important;border-bottom-width: 9px !important;padding-bottom: 2px !important;}&#8221;][vc_empty_space height=&#8221;32&#8243;][vc_column_text]Trabajamos para ofrecer el mejor servicio a aquellas organizaciones que quieran diferenciarse mediante la innovaci\u00f3n. Iniciativas empresariale, tanto consolidadas como en fases iniciales de creaci\u00f3n y maduraci\u00f3n. pueden beneficiarse de la diversidad de servicios que ofrecemos. Una de nuestras misiones es \u00a0dotar a estos proyectos empresariales del valor a\u00f1adido que ofrece el conocimiento universitario, siendo uno de los pilares para la diferenciaci\u00f3n respecto a la competencia.[\/vc_column_text][vc_empty_space height=&#8221;32&#8243;][vc_row_inner][vc_column_inner width=&#8221;1\/4&#8243;][vc_column_text css_animation=&#8221;fadeIn&#8221;]<\/p>\n<h4 style=\"text-align: center;\">Asesoramiento<\/h4>\n<p>[\/vc_column_text][vc_empty_space height=&#8221;32&#8243;][vc_single_image image=&#8221;33790&#8243; img_size=&#8221;400&#215;350&#8243; alignment=&#8221;center&#8221; onclick=&#8221;custom_link&#8221; img_link_target=&#8221;_blank&#8221; css_animation=&#8221;fadeIn&#8221; link=&#8221;https:\/\/fg.ull.es\/innovacion\/presentacion-innovacion\/promocion-de-la-innovacion\/innovacion-empresarial\/red-cide\/&#8221;][vc_btn title=&#8221;Centro de Innovaci\u00f3n y Desarrollo Empresarial &#8211; CIDE&#8221; color=&#8221;white&#8221; size=&#8221;lg&#8221; align=&#8221;center&#8221; css_animation=&#8221;fadeIn&#8221; link=&#8221;url:https%3A%2F%2Ffg.ull.es%2Finnovacion%2Fpresentacion-innovacion%2Fpromocion-de-la-innovacion%2Finnovacion-empresarial%2Fred-cide%2F&#8221;][vc_empty_space height=&#8221;32&#8243;][\/vc_column_inner][vc_column_inner width=&#8221;1\/4&#8243;][vc_column_text css_animation=&#8221;fadeIn&#8221;]<\/p>\n<h4 style=\"text-align: center;\">Capacitaci\u00f3n<\/h4>\n<p>[\/vc_column_text][vc_empty_space height=&#8221;32&#8243;][vc_single_image image=&#8221;35292&#8243; img_size=&#8221;400&#215;350&#8243; alignment=&#8221;center&#8221; onclick=&#8221;custom_link&#8221; img_link_target=&#8221;_blank&#8221; css_animation=&#8221;fadeIn&#8221; link=&#8221;https:\/\/fg.ull.es\/innovacion\/programa-diginnova\/&#8221;][vc_btn title=&#8221;Programa Diginnova&#8221; color=&#8221;white&#8221; size=&#8221;lg&#8221; align=&#8221;center&#8221; css_animation=&#8221;fadeIn&#8221; link=&#8221;url:https%3A%2F%2Ffg.ull.es%2Finnovacion%2Fprograma-diginnova%2F|target:_blank&#8221;][vc_empty_space height=&#8221;32&#8243;][\/vc_column_inner][vc_column_inner width=&#8221;1\/4&#8243;][vc_column_text css_animation=&#8221;fadeIn&#8221;]<\/p>\n<h4 style=\"text-align: center;\">Tecnolog\u00eda<\/h4>\n<p>[\/vc_column_text][vc_empty_space height=&#8221;32&#8243;][vc_single_image image=&#8221;35397&#8243; img_size=&#8221;400&#215;350&#8243; alignment=&#8221;center&#8221; onclick=&#8221;custom_link&#8221; img_link_target=&#8221;_blank&#8221; css_animation=&#8221;fadeIn&#8221; link=&#8221;https:\/\/fg.ull.es\/innovacion\/inmersilab\/&#8221;][vc_empty_space height=&#8221;32&#8243;][vc_btn title=&#8221;Inmersilab&#8221; color=&#8221;white&#8221; size=&#8221;lg&#8221; align=&#8221;center&#8221; css_animation=&#8221;fadeIn&#8221; link=&#8221;url:https%3A%2F%2Ffg.ull.es%2Finnovacion%2Finmersilab%2F&#8221;][vc_empty_space height=&#8221;32&#8243;][\/vc_column_inner][vc_column_inner width=&#8221;1\/4&#8243;][vc_column_text css_animation=&#8221;fadeIn&#8221;]<\/p>\n<h4 style=\"text-align: center;\">Tecnolog\u00eda<\/h4>\n<p>[\/vc_column_text][vc_empty_space][vc_single_image image=&#8221;34021&#8243; img_size=&#8221;full&#8221; alignment=&#8221;center&#8221; onclick=&#8221;custom_link&#8221; img_link_target=&#8221;_blank&#8221; css_animation=&#8221;fadeIn&#8221; link=&#8221;https:\/\/fiihub.cidihub.org\/&#8221;][vc_btn title=&#8221;Servicios tecnol\u00f3gicos inteligentes de Internet del Futuro&#8221; color=&#8221;white&#8221; size=&#8221;lg&#8221; align=&#8221;center&#8221; css_animation=&#8221;fadeIn&#8221; link=&#8221;url:https%3A%2F%2Ffiihub.cidihub.org%2F|target:_blank&#8221;][vc_empty_space][\/vc_column_inner][\/vc_row_inner][vc_row_inner][vc_column_inner width=&#8221;1\/4&#8243;][vc_empty_space height=&#8221;32&#8243;][\/vc_column_inner][vc_column_inner width=&#8221;1\/4&#8243;][\/vc_column_inner][vc_column_inner width=&#8221;1\/4&#8243;][\/vc_column_inner][vc_column_inner width=&#8221;1\/4&#8243;][\/vc_column_inner][\/vc_row_inner][vc_row_inner disable_element=&#8221;yes&#8221;][vc_column_inner width=&#8221;1\/3&#8243;][vc_hoverbox primary_title=&#8221;Red CIDE&#8221;]Click edit button to change this text. Lorem ipsum dolor sit amet, consectetur adipiscing elit. Ut elit tellus, luctus nec ullamcorper mattis, pulvinar dapibus leo.[\/vc_hoverbox][vc_column_text css_animation=&#8221;fadeIn&#8221;]<\/p>\n<h4 style=\"text-align: center;\">Asesoramiento<\/h4>\n<p>[\/vc_column_text][vc_empty_space height=&#8221;32&#8243;][vc_btn title=&#8221;Centro de Innovaci\u00f3n y Desarrollo Empresarial &#8211; CIDE&#8221; color=&#8221;white&#8221; size=&#8221;lg&#8221; align=&#8221;center&#8221; css_animation=&#8221;fadeIn&#8221; link=&#8221;url:https%3A%2F%2Ffg.ull.es%2Finnovacion%2Fpresentacion-innovacion%2Fpromocion-de-la-innovacion%2Finnovacion-empresarial%2Fred-cide%2F&#8221;][vc_empty_space height=&#8221;32&#8243;][\/vc_column_inner][vc_column_inner width=&#8221;1\/3&#8243;][vc_column_text css_animation=&#8221;fadeIn&#8221;]<\/p>\n<h4 style=\"text-align: center;\">Capacitaci\u00f3n<\/h4>\n<p>[\/vc_column_text][vc_empty_space height=&#8221;32&#8243;][vc_single_image image=&#8221;33787&#8243; img_size=&#8221;400&#215;350&#8243; alignment=&#8221;center&#8221; onclick=&#8221;custom_link&#8221; img_link_target=&#8221;_blank&#8221; css_animation=&#8221;fadeIn&#8221; link=&#8221;https:\/\/fg.ull.es\/portal\/gdi\/&#8221;][vc_btn title=&#8221;Programa de Gesti\u00f3n de la Innovaci\u00f3n &#8211; GDI&#8221; color=&#8221;white&#8221; size=&#8221;lg&#8221; align=&#8221;center&#8221; css_animation=&#8221;fadeIn&#8221; link=&#8221;url:https%3A%2F%2Ffg.ull.es%2Fportal%2Fgdi%2F|target:_blank&#8221;][vc_empty_space height=&#8221;32&#8243;][\/vc_column_inner][vc_column_inner width=&#8221;1\/3&#8243;][vc_column_text css_animation=&#8221;fadeIn&#8221;]<\/p>\n<h4 style=\"text-align: center;\">Acompa\u00f1amiento<\/h4>\n<p>[\/vc_column_text][vc_empty_space height=&#8221;32&#8243;][vc_single_image image=&#8221;33789&#8243; img_size=&#8221;400&#215;400&#8243; alignment=&#8221;center&#8221; onclick=&#8221;custom_link&#8221; img_link_target=&#8221;_blank&#8221; css_animation=&#8221;fadeIn&#8221; link=&#8221;https:\/\/proyectospinup.com\/&#8221;][vc_btn title=&#8221;Programa de Creaci\u00f3n de Spinoff y Startups &#8211; Spin UP&#8221; color=&#8221;white&#8221; size=&#8221;lg&#8221; align=&#8221;center&#8221; css_animation=&#8221;fadeIn&#8221; link=&#8221;url:https%3A%2F%2Fproyectospinup.com%2F|target:_blank&#8221;][vc_empty_space height=&#8221;32&#8243;][\/vc_column_inner][\/vc_row_inner][\/vc_column][\/vc_row]<\/p>\n<\/section>","protected":false},"excerpt":{"rendered":"<p>[vc_row css=&#8221;.vc_custom_1496321599274{padding-top: 0px !important;}&#8221;][vc_column][vc_empty_space height=&#8221;32&#8243;][vc_custom_heading text=&#8221;Innovaci\u00f3n Empresarial&#8221; font_container=&#8221;tag:div|font_size:28|text_align:left|color:%23212422&#8243; google_fonts=&#8221;font_family:Merriweather%3A300%2C300italic%2Cregular%2Citalic%2C700%2C700italic%2C900%2C900italic|font_style:900%20bold%20regular%3A900%3Anormal&#8221; css=&#8221;.vc_custom_1616417793831{margin-top: -10px !important;margin-bottom: 15px !important;border-bottom-width: 9px !important;padding-bottom: 2px !important;}&#8221;][vc_empty_space height=&#8221;32&#8243;][vc_column_text]Trabajamos para ofrecer el mejor servicio a aquellas organizaciones que quieran diferenciarse mediante la innovaci\u00f3n. Iniciativas empresariale, tanto consolidadas como en fases iniciales de creaci\u00f3n y maduraci\u00f3n. pueden beneficiarse de la diversidad de servicios que ofrecemos. Una&#8230;<\/p>\n","protected":false},"author":1,"featured_media":0,"parent":0,"menu_order":0,"comment_status":"open","ping_status":"closed","template":"","meta":{"footnotes":""},"yoast_head":"<!-- This site is optimized with the Yoast SEO plugin v21.0 - https:\/\/yoast.com\/wordpress\/plugins\/seo\/ -->\n<title>Innovaci\u00f3n Empresarial - Agencia Universitaria de Innovaci\u00f3n<\/title>\n<meta name=\"robots\" content=\"index, follow, max-snippet:-1, max-image-preview:large, max-video-preview:-1\" \/>\n<link rel=\"canonical\" href=\"https:\/\/fg.ull.es\/innovacion\/innovacion-empresarial\/\" \/>\n<meta property=\"og:locale\" content=\"es_ES\" \/>\n<meta property=\"og:type\" content=\"article\" \/>\n<meta property=\"og:title\" content=\"Innovaci\u00f3n Empresarial - Agencia Universitaria de Innovaci\u00f3n\" \/>\n<meta property=\"og:description\" content=\"[vc_row css=&#8221;.vc_custom_1496321599274{padding-top: 0px !important;}&#8221;][vc_column][vc_empty_space height=&#8221;32&#8243;][vc_custom_heading text=&#8221;Innovaci\u00f3n Empresarial&#8221; font_container=&#8221;tag:div|font_size:28|text_align:left|color:%23212422&#8243; google_fonts=&#8221;font_family:Merriweather%3A300%2C300italic%2Cregular%2Citalic%2C700%2C700italic%2C900%2C900italic|font_style:900%20bold%20regular%3A900%3Anormal&#8221; css=&#8221;.vc_custom_1616417793831{margin-top: -10px !important;margin-bottom: 15px !important;border-bottom-width: 9px !important;padding-bottom: 2px !important;}&#8221;][vc_empty_space height=&#8221;32&#8243;][vc_column_text]Trabajamos para ofrecer el mejor servicio a aquellas organizaciones que quieran diferenciarse mediante la innovaci\u00f3n. Iniciativas empresariale, tanto consolidadas como en fases iniciales de creaci\u00f3n y maduraci\u00f3n. pueden beneficiarse de la diversidad de servicios que ofrecemos. Una...\" \/>\n<meta property=\"og:url\" content=\"https:\/\/fg.ull.es\/innovacion\/innovacion-empresarial\/\" \/>\n<meta property=\"og:site_name\" content=\"Agencia Universitaria de Innovaci\u00f3n\" \/>\n<meta property=\"article:modified_time\" content=\"2024-09-24T08:34:06+00:00\" \/>\n<meta name=\"twitter:card\" content=\"summary_large_image\" \/>\n<meta name=\"twitter:label1\" content=\"Est. reading time\" \/>\n\t<meta name=\"twitter:data1\" content=\"2 minutos\" \/>\n<script type=\"application\/ld+json\" class=\"yoast-schema-graph\">{\"@context\":\"https:\/\/schema.org\",\"@graph\":[{\"@type\":\"WebPage\",\"@id\":\"https:\/\/fg.ull.es\/innovacion\/innovacion-empresarial\/\",\"url\":\"https:\/\/fg.ull.es\/innovacion\/innovacion-empresarial\/\",\"name\":\"Innovaci\u00f3n Empresarial - Agencia Universitaria de Innovaci\u00f3n\",\"isPartOf\":{\"@id\":\"https:\/\/fg.ull.es\/innovacion\/#website\"},\"datePublished\":\"2016-07-27T10:01:34+00:00\",\"dateModified\":\"2024-09-24T08:34:06+00:00\",\"breadcrumb\":{\"@id\":\"https:\/\/fg.ull.es\/innovacion\/innovacion-empresarial\/#breadcrumb\"},\"inLanguage\":\"es\",\"potentialAction\":[{\"@type\":\"ReadAction\",\"target\":[\"https:\/\/fg.ull.es\/innovacion\/innovacion-empresarial\/\"]}]},{\"@type\":\"BreadcrumbList\",\"@id\":\"https:\/\/fg.ull.es\/innovacion\/innovacion-empresarial\/#breadcrumb\",\"itemListElement\":[{\"@type\":\"ListItem\",\"position\":1,\"name\":\"Portada\",\"item\":\"https:\/\/fg.ull.es\/innovacion\/\"},{\"@type\":\"ListItem\",\"position\":2,\"name\":\"Innovaci\u00f3n Empresarial\"}]},{\"@type\":\"WebSite\",\"@id\":\"https:\/\/fg.ull.es\/innovacion\/#website\",\"url\":\"https:\/\/fg.ull.es\/innovacion\/\",\"name\":\"Agencia Universitaria de Innovaci\u00f3n\",\"description\":\"Agencia Universitaria de Innovaci\u00f3n de La Universidad de La Laguna\",\"potentialAction\":[{\"@type\":\"SearchAction\",\"target\":{\"@type\":\"EntryPoint\",\"urlTemplate\":\"https:\/\/fg.ull.es\/innovacion\/?s={search_term_string}\"},\"query-input\":\"required name=search_term_string\"}],\"inLanguage\":\"es\"}]}<\/script>\n<!-- \/ Yoast SEO plugin. -->","yoast_head_json":{"title":"Innovaci\u00f3n Empresarial - Agencia Universitaria de Innovaci\u00f3n","robots":{"index":"index","follow":"follow","max-snippet":"max-snippet:-1","max-image-preview":"max-image-preview:large","max-video-preview":"max-video-preview:-1"},"canonical":"https:\/\/fg.ull.es\/innovacion\/innovacion-empresarial\/","og_locale":"es_ES","og_type":"article","og_title":"Innovaci\u00f3n Empresarial - Agencia Universitaria de Innovaci\u00f3n","og_description":"[vc_row css=&#8221;.vc_custom_1496321599274{padding-top: 0px !important;}&#8221;][vc_column][vc_empty_space height=&#8221;32&#8243;][vc_custom_heading text=&#8221;Innovaci\u00f3n Empresarial&#8221; font_container=&#8221;tag:div|font_size:28|text_align:left|color:%23212422&#8243; google_fonts=&#8221;font_family:Merriweather%3A300%2C300italic%2Cregular%2Citalic%2C700%2C700italic%2C900%2C900italic|font_style:900%20bold%20regular%3A900%3Anormal&#8221; css=&#8221;.vc_custom_1616417793831{margin-top: -10px !important;margin-bottom: 15px !important;border-bottom-width: 9px !important;padding-bottom: 2px !important;}&#8221;][vc_empty_space height=&#8221;32&#8243;][vc_column_text]Trabajamos para ofrecer el mejor servicio a aquellas organizaciones que quieran diferenciarse mediante la innovaci\u00f3n. Iniciativas empresariale, tanto consolidadas como en fases iniciales de creaci\u00f3n y maduraci\u00f3n. pueden beneficiarse de la diversidad de servicios que ofrecemos. Una...","og_url":"https:\/\/fg.ull.es\/innovacion\/innovacion-empresarial\/","og_site_name":"Agencia Universitaria de Innovaci\u00f3n","article_modified_time":"2024-09-24T08:34:06+00:00","twitter_card":"summary_large_image","twitter_misc":{"Est. reading time":"2 minutos"},"schema":{"@context":"https:\/\/schema.org","@graph":[{"@type":"WebPage","@id":"https:\/\/fg.ull.es\/innovacion\/innovacion-empresarial\/","url":"https:\/\/fg.ull.es\/innovacion\/innovacion-empresarial\/","name":"Innovaci\u00f3n Empresarial - Agencia Universitaria de Innovaci\u00f3n","isPartOf":{"@id":"https:\/\/fg.ull.es\/innovacion\/#website"},"datePublished":"2016-07-27T10:01:34+00:00","dateModified":"2024-09-24T08:34:06+00:00","breadcrumb":{"@id":"https:\/\/fg.ull.es\/innovacion\/innovacion-empresarial\/#breadcrumb"},"inLanguage":"es","potentialAction":[{"@type":"ReadAction","target":["https:\/\/fg.ull.es\/innovacion\/innovacion-empresarial\/"]}]},{"@type":"BreadcrumbList","@id":"https:\/\/fg.ull.es\/innovacion\/innovacion-empresarial\/#breadcrumb","itemListElement":[{"@type":"ListItem","position":1,"name":"Portada","item":"https:\/\/fg.ull.es\/innovacion\/"},{"@type":"ListItem","position":2,"name":"Innovaci\u00f3n Empresarial"}]},{"@type":"WebSite","@id":"https:\/\/fg.ull.es\/innovacion\/#website","url":"https:\/\/fg.ull.es\/innovacion\/","name":"Agencia Universitaria de Innovaci\u00f3n","description":"Agencia Universitaria de Innovaci\u00f3n de La Universidad de La Laguna","potentialAction":[{"@type":"SearchAction","target":{"@type":"EntryPoint","urlTemplate":"https:\/\/fg.ull.es\/innovacion\/?s={search_term_string}"},"query-input":"required name=search_term_string"}],"inLanguage":"es"}]}},"_links":{"self":[{"href":"https:\/\/fg.ull.es\/innovacion\/wp-json\/wp\/v2\/pages\/27543"}],"collection":[{"href":"https:\/\/fg.ull.es\/innovacion\/wp-json\/wp\/v2\/pages"}],"about":[{"href":"https:\/\/fg.ull.es\/innovacion\/wp-json\/wp\/v2\/types\/page"}],"author":[{"embeddable":true,"href":"https:\/\/fg.ull.es\/innovacion\/wp-json\/wp\/v2\/users\/1"}],"replies":[{"embeddable":true,"href":"https:\/\/fg.ull.es\/innovacion\/wp-json\/wp\/v2\/comments?post=27543"}],"version-history":[{"count":14,"href":"https:\/\/fg.ull.es\/innovacion\/wp-json\/wp\/v2\/pages\/27543\/revisions"}],"predecessor-version":[{"id":35403,"href":"https:\/\/fg.ull.es\/innovacion\/wp-json\/wp\/v2\/pages\/27543\/revisions\/35403"}],"wp:attachment":[{"href":"https:\/\/fg.ull.es\/innovacion\/wp-json\/wp\/v2\/media?parent=27543"}],"curies":[{"name":"wp","href":"https:\/\/api.w.org\/{rel}","templated":true}]}}