{"id":18790,"date":"2015-07-06T14:29:54","date_gmt":"2015-07-06T13:29:54","guid":{"rendered":"http:\/\/www.fg.ull.es\/?page_id=18790"},"modified":"2022-10-18T09:52:13","modified_gmt":"2022-10-18T09:52:13","slug":"promocion-y-gestion-de-la-transferencia","status":"publish","type":"page","link":"https:\/\/fg.ull.es\/innovacion\/promocion-y-gestion-de-la-transferencia\/","title":{"rendered":"Gesti\u00f3n de contratos"},"content":{"rendered":"<section class=\"wpb-content-wrapper\"><p>[vc_row][vc_column][vc_empty_space][vc_empty_space][vc_column_text]<span style=\"color: #333333\">La Agencia Universitaria de Innovaci\u00f3n a trav\u00e9s de la \u200bUnidad de Promoci\u00f3n y Gesti\u00f3n de la Transferencia, asesora en la elaboraci\u00f3n, negociaci\u00f3n y gesti\u00f3n de los expedientes que se regulan a trav\u00e9s de convenios y contratos de transferencia de conocimiento al amparo del art\u00edculo 83 de la Ley Org\u00e1nica 6\/2001, de 21 de diciembre, de universidades. Mediante este tipo de contrataci\u00f3n, el personal investigador de la Universidad de La Laguna contribuye a que los conocimientos generados en la ULL se conviertan en beneficios socioecon\u00f3micos, transform\u00e1ndolos en nuevos productos o servicios.<\/span><\/p>\n<p><span style=\"color: #333333\">Esta actividad se regula a trav\u00e9s de convenios y contratos con personas, universidades o entidades p\u00fablicas y privadas, para la realizaci\u00f3n de trabajos cient\u00edficos, t\u00e9cnicos o art\u00edsticos de los que, entre otros, destacan los siguientes:<\/span><\/p>\n<ul>\n<li><span style=\"color: #333333\">Contratos de prestaci\u00f3n de servicios<\/span><\/li>\n<li><span style=\"color: #333333\">Contrato de asesoramiento y asistencia t\u00e9cnica<\/span><\/li>\n<li><span style=\"color: #333333\">Contratos para la realizaci\u00f3n de proyectos de I+D<\/span><\/li>\n<li><span style=\"color: #333333\">Convenios marco para el desarrollo conjunto de actividades<\/span><\/li>\n<\/ul>\n<p>&nbsp;<\/p>\n<p><span style=\"color: #333333\"><strong>Datos de contacto:<\/strong><\/span><\/p>\n<p><span style=\"color: #333333\">Tlfno: 922 319 700<br \/>\n<\/span><span style=\"color: #333333\">Email: <a style=\"color: #333333\" href=\"mailto:innova.gestion@fg.ull.es\">innova.gestion@fg.ull.es<\/a><\/span>[\/vc_column_text][\/vc_column][vc_column][\/vc_column][\/vc_row]<\/p>\n<\/section>","protected":false},"excerpt":{"rendered":"<p>[vc_row][vc_column][vc_empty_space][vc_empty_space][vc_column_text]La Agencia Universitaria de Innovaci\u00f3n a trav\u00e9s de la \u200bUnidad de Promoci\u00f3n y Gesti\u00f3n de la Transferencia, asesora en la elaboraci\u00f3n, negociaci\u00f3n y gesti\u00f3n de los expedientes que se regulan a trav\u00e9s de convenios y contratos de transferencia de conocimiento al amparo del art\u00edculo 83 de la Ley Org\u00e1nica 6\/2001, de 21 de diciembre, de&#8230;<\/p>\n","protected":false},"author":1,"featured_media":0,"parent":0,"menu_order":0,"comment_status":"closed","ping_status":"closed","template":"","meta":{"footnotes":""},"yoast_head":"<!-- This site is optimized with the Yoast SEO plugin v21.0 - https:\/\/yoast.com\/wordpress\/plugins\/seo\/ -->\n<title>Gesti\u00f3n de contratos - Agencia Universitaria de Innovaci\u00f3n<\/title>\n<meta name=\"robots\" content=\"index, follow, max-snippet:-1, max-image-preview:large, max-video-preview:-1\" \/>\n<link rel=\"canonical\" href=\"https:\/\/fg.ull.es\/innovacion\/promocion-y-gestion-de-la-transferencia\/\" \/>\n<meta property=\"og:locale\" content=\"es_ES\" \/>\n<meta property=\"og:type\" content=\"article\" \/>\n<meta property=\"og:title\" content=\"Gesti\u00f3n de contratos - Agencia Universitaria de Innovaci\u00f3n\" \/>\n<meta property=\"og:description\" content=\"[vc_row][vc_column][vc_empty_space][vc_empty_space][vc_column_text]La Agencia Universitaria de Innovaci\u00f3n a trav\u00e9s de la \u200bUnidad de Promoci\u00f3n y Gesti\u00f3n de la Transferencia, asesora en la elaboraci\u00f3n, negociaci\u00f3n y gesti\u00f3n de los expedientes que se regulan a trav\u00e9s de convenios y contratos de transferencia de conocimiento al amparo del art\u00edculo 83 de la Ley Org\u00e1nica 6\/2001, de 21 de diciembre, de...\" \/>\n<meta property=\"og:url\" content=\"https:\/\/fg.ull.es\/innovacion\/promocion-y-gestion-de-la-transferencia\/\" \/>\n<meta property=\"og:site_name\" content=\"Agencia Universitaria de Innovaci\u00f3n\" \/>\n<meta property=\"article:modified_time\" content=\"2022-10-18T09:52:13+00:00\" \/>\n<meta name=\"twitter:card\" content=\"summary_large_image\" \/>\n<meta name=\"twitter:label1\" content=\"Est. reading time\" \/>\n\t<meta name=\"twitter:data1\" content=\"1 minuto\" \/>\n<script type=\"application\/ld+json\" class=\"yoast-schema-graph\">{\"@context\":\"https:\/\/schema.org\",\"@graph\":[{\"@type\":\"WebPage\",\"@id\":\"https:\/\/fg.ull.es\/innovacion\/promocion-y-gestion-de-la-transferencia\/\",\"url\":\"https:\/\/fg.ull.es\/innovacion\/promocion-y-gestion-de-la-transferencia\/\",\"name\":\"Gesti\u00f3n de contratos - Agencia Universitaria de Innovaci\u00f3n\",\"isPartOf\":{\"@id\":\"https:\/\/fg.ull.es\/innovacion\/#website\"},\"datePublished\":\"2015-07-06T13:29:54+00:00\",\"dateModified\":\"2022-10-18T09:52:13+00:00\",\"breadcrumb\":{\"@id\":\"https:\/\/fg.ull.es\/innovacion\/promocion-y-gestion-de-la-transferencia\/#breadcrumb\"},\"inLanguage\":\"es\",\"potentialAction\":[{\"@type\":\"ReadAction\",\"target\":[\"https:\/\/fg.ull.es\/innovacion\/promocion-y-gestion-de-la-transferencia\/\"]}]},{\"@type\":\"BreadcrumbList\",\"@id\":\"https:\/\/fg.ull.es\/innovacion\/promocion-y-gestion-de-la-transferencia\/#breadcrumb\",\"itemListElement\":[{\"@type\":\"ListItem\",\"position\":1,\"name\":\"Portada\",\"item\":\"https:\/\/fg.ull.es\/innovacion\/\"},{\"@type\":\"ListItem\",\"position\":2,\"name\":\"Gesti\u00f3n de contratos\"}]},{\"@type\":\"WebSite\",\"@id\":\"https:\/\/fg.ull.es\/innovacion\/#website\",\"url\":\"https:\/\/fg.ull.es\/innovacion\/\",\"name\":\"Agencia Universitaria de Innovaci\u00f3n\",\"description\":\"Agencia Universitaria de Innovaci\u00f3n de La Universidad de La Laguna\",\"potentialAction\":[{\"@type\":\"SearchAction\",\"target\":{\"@type\":\"EntryPoint\",\"urlTemplate\":\"https:\/\/fg.ull.es\/innovacion\/?s={search_term_string}\"},\"query-input\":\"required name=search_term_string\"}],\"inLanguage\":\"es\"}]}<\/script>\n<!-- \/ Yoast SEO plugin. -->","yoast_head_json":{"title":"Gesti\u00f3n de contratos - Agencia Universitaria de Innovaci\u00f3n","robots":{"index":"index","follow":"follow","max-snippet":"max-snippet:-1","max-image-preview":"max-image-preview:large","max-video-preview":"max-video-preview:-1"},"canonical":"https:\/\/fg.ull.es\/innovacion\/promocion-y-gestion-de-la-transferencia\/","og_locale":"es_ES","og_type":"article","og_title":"Gesti\u00f3n de contratos - Agencia Universitaria de Innovaci\u00f3n","og_description":"[vc_row][vc_column][vc_empty_space][vc_empty_space][vc_column_text]La Agencia Universitaria de Innovaci\u00f3n a trav\u00e9s de la \u200bUnidad de Promoci\u00f3n y Gesti\u00f3n de la Transferencia, asesora en la elaboraci\u00f3n, negociaci\u00f3n y gesti\u00f3n de los expedientes que se regulan a trav\u00e9s de convenios y contratos de transferencia de conocimiento al amparo del art\u00edculo 83 de la Ley Org\u00e1nica 6\/2001, de 21 de diciembre, de...","og_url":"https:\/\/fg.ull.es\/innovacion\/promocion-y-gestion-de-la-transferencia\/","og_site_name":"Agencia Universitaria de Innovaci\u00f3n","article_modified_time":"2022-10-18T09:52:13+00:00","twitter_card":"summary_large_image","twitter_misc":{"Est. reading time":"1 minuto"},"schema":{"@context":"https:\/\/schema.org","@graph":[{"@type":"WebPage","@id":"https:\/\/fg.ull.es\/innovacion\/promocion-y-gestion-de-la-transferencia\/","url":"https:\/\/fg.ull.es\/innovacion\/promocion-y-gestion-de-la-transferencia\/","name":"Gesti\u00f3n de contratos - Agencia Universitaria de Innovaci\u00f3n","isPartOf":{"@id":"https:\/\/fg.ull.es\/innovacion\/#website"},"datePublished":"2015-07-06T13:29:54+00:00","dateModified":"2022-10-18T09:52:13+00:00","breadcrumb":{"@id":"https:\/\/fg.ull.es\/innovacion\/promocion-y-gestion-de-la-transferencia\/#breadcrumb"},"inLanguage":"es","potentialAction":[{"@type":"ReadAction","target":["https:\/\/fg.ull.es\/innovacion\/promocion-y-gestion-de-la-transferencia\/"]}]},{"@type":"BreadcrumbList","@id":"https:\/\/fg.ull.es\/innovacion\/promocion-y-gestion-de-la-transferencia\/#breadcrumb","itemListElement":[{"@type":"ListItem","position":1,"name":"Portada","item":"https:\/\/fg.ull.es\/innovacion\/"},{"@type":"ListItem","position":2,"name":"Gesti\u00f3n de contratos"}]},{"@type":"WebSite","@id":"https:\/\/fg.ull.es\/innovacion\/#website","url":"https:\/\/fg.ull.es\/innovacion\/","name":"Agencia Universitaria de Innovaci\u00f3n","description":"Agencia Universitaria de Innovaci\u00f3n de La Universidad de La Laguna","potentialAction":[{"@type":"SearchAction","target":{"@type":"EntryPoint","urlTemplate":"https:\/\/fg.ull.es\/innovacion\/?s={search_term_string}"},"query-input":"required name=search_term_string"}],"inLanguage":"es"}]}},"_links":{"self":[{"href":"https:\/\/fg.ull.es\/innovacion\/wp-json\/wp\/v2\/pages\/18790"}],"collection":[{"href":"https:\/\/fg.ull.es\/innovacion\/wp-json\/wp\/v2\/pages"}],"about":[{"href":"https:\/\/fg.ull.es\/innovacion\/wp-json\/wp\/v2\/types\/page"}],"author":[{"embeddable":true,"href":"https:\/\/fg.ull.es\/innovacion\/wp-json\/wp\/v2\/users\/1"}],"replies":[{"embeddable":true,"href":"https:\/\/fg.ull.es\/innovacion\/wp-json\/wp\/v2\/comments?post=18790"}],"version-history":[{"count":5,"href":"https:\/\/fg.ull.es\/innovacion\/wp-json\/wp\/v2\/pages\/18790\/revisions"}],"predecessor-version":[{"id":34514,"href":"https:\/\/fg.ull.es\/innovacion\/wp-json\/wp\/v2\/pages\/18790\/revisions\/34514"}],"wp:attachment":[{"href":"https:\/\/fg.ull.es\/innovacion\/wp-json\/wp\/v2\/media?parent=18790"}],"curies":[{"name":"wp","href":"https:\/\/api.w.org\/{rel}","templated":true}]}}