{"id":6117,"date":"2019-10-17T12:48:32","date_gmt":"2019-10-17T12:48:32","guid":{"rendered":"https:\/\/fg.ull.es\/idiomas\/?page_id=6117"},"modified":"2022-11-29T09:43:44","modified_gmt":"2022-11-29T08:43:44","slug":"test-de-niveau","status":"publish","type":"page","link":"https:\/\/fg.ull.es\/idiomas\/espagnol\/test-de-niveau\/","title":{"rendered":"Test de niveau"},"content":{"rendered":"<section class=\"wpb-content-wrapper\"><p>[vc_row full_width=&#8221;stretch_row_content_no_spaces&#8221; css=&#8221;.vc_custom_1570706555694{margin-top: -20px !important;}&#8221;][vc_column][vc_row_inner css=&#8221;.vc_custom_1586769549075{margin-top: 0px !important;margin-right: 0px !important;margin-bottom: 0px !important;margin-left: 0px !important;border-top-width: 0px !important;border-right-width: 0px !important;border-bottom-width: 0px !important;border-left-width: 0px !important;padding-top: 0px !important;padding-right: 0px !important;padding-bottom: 0px !important;padding-left: 0px !important;background-image: url(https:\/\/fg.ull.es\/idiomas\/wp-content\/uploads\/sites\/13\/2020\/04\/Cursos-de-Espanol-Tenerife.jpg?id=7827) !important;background-position: center !important;background-repeat: no-repeat !important;background-size: cover !important;}&#8221;][vc_column_inner offset=&#8221;vc_hidden-md vc_hidden-sm vc_hidden-xs&#8221;][vc_custom_heading text=&#8221;Test de niveau&#8221; font_container=&#8221;tag:h2|font_size:120|text_align:center|color:%23ffffff&#8221; use_theme_fonts=&#8221;yes&#8221; css=&#8221;.vc_custom_1571316352191{padding-top: 220px !important;}&#8221;][vc_empty_space height=&#8221;330px&#8221;][\/vc_column_inner][\/vc_row_inner][vc_row_inner css=&#8221;.vc_custom_1586769558836{margin-top: 0px !important;margin-right: 0px !important;margin-bottom: 0px !important;margin-left: 0px !important;border-top-width: 0px !important;border-right-width: 0px !important;border-bottom-width: 0px !important;border-left-width: 0px !important;padding-top: 0px !important;padding-right: 0px !important;padding-bottom: 0px !important;padding-left: 0px !important;background-image: url(https:\/\/fg.ull.es\/idiomas\/wp-content\/uploads\/sites\/13\/2020\/04\/Cursos-de-Espanol-Tenerife.jpg?id=7827) !important;}&#8221;][vc_column_inner offset=&#8221;vc_hidden-lg&#8221;][vc_custom_heading text=&#8221;Test de niveau&#8221; font_container=&#8221;tag:h2|font_size:35|text_align:center|color:%23ffffff&#8221; use_theme_fonts=&#8221;yes&#8221; css=&#8221;.vc_custom_1571316347163{padding-top: 80px !important;padding-right: 20px !important;padding-bottom: 20px !important;padding-left: 20px !important;}&#8221;][\/vc_column_inner][\/vc_row_inner][\/vc_column][\/vc_row][vc_row css=&#8221;.vc_custom_1572533926365{margin-top: 0px !important;margin-right: 0px !important;margin-bottom: 0px !important;margin-left: 0px !important;border-top-width: 0px !important;border-right-width: 0px !important;border-bottom-width: 0px !important;border-left-width: 0px !important;padding-top: 40px !important;padding-right: 0px !important;padding-bottom: 0px !important;padding-left: 0px !important;}&#8221;][vc_column css=&#8221;.vc_custom_1498039327857{padding-right: 40px !important;}&#8221;][vc_empty_space height=&#8221;15&#8243;][vc_custom_heading text=&#8221;Pour acc\u00e9der aux cours d\u2019espagnol du Service de Langues de l\u2019Universit\u00e9 de la Laguna vous devrez d\u2019abord faire un <strong>test de niveau* compl\u00e8tement gratuit.<\/strong>&#8221; font_container=&#8221;tag:p|font_size:22|text_align:left|color:%23000000|line_height:1.6&#8243; google_fonts=&#8221;font_family:Roboto%3A100%2C100italic%2C300%2C300italic%2Cregular%2Citalic%2C500%2C500italic%2C700%2C700italic%2C900%2C900italic|font_style:300%20light%20regular%3A300%3Anormal&#8221;][vc_empty_space height=&#8221;30&#8243;][vc_column_text]<strong>1. Premi\u00e8rement<\/strong> vous devrez faire un test \u00e0 choix multiple sur la grammaire et le vocabulaire divis\u00e9 en diff\u00e9rents sections.<\/p>\n<ul>\n<li>Vous aurez 30 minutes pour remplir le test.<\/li>\n<li>On vous conseille d\u2019arr\u00eater le test si vous voyez que les questions deviennent tr\u00e8s difficiles et que vous \u00eates en train de deviner les r\u00e9ponses.<\/li>\n<li>Pour finir le test cliquez sur \u201cEnviar\u201d (Envoyer).<\/li>\n<\/ul>\n<p>&nbsp;<\/p>\n<p><strong>2. Une fois compl\u00e9t\u00e9,<\/strong> vous devrez prendre rendez-vous pour faire la partie orale de ce test de niveau en personne. Pour cela vous devrez vous <a href=\"https:\/\/sede.fg.ull.es\/es\/home\" target=\"_blank\" rel=\"noopener\">inscrire sur notre plate-forme<\/a> et <a href=\"https:\/\/sede.fg.ull.es\/es\/curso\/detalle\/a19050258\/espa-ol-como-lengua-extranjera-prueba-de-nivel-para-cursos-de-espa-ol-2019-2020\" target=\"_blank\" rel=\"noopener\">choisir l\u2019heure et date du rendez-vous<\/a>. Vous disposez d\u2019un <a href=\"https:\/\/drive.google.com\/file\/d\/1ivaW5oaqsZs9NKL_y2OVVUQwNDpump5d\/view?usp=sharing\" target=\"_blank\" rel=\"noopener\">guide qui vous aidera pendant le processus<\/a>.<\/p>\n<p>Si au contraire vous pr\u00e9f\u00e9rez faire cette partie par Skype, vous devrez vous mettre en contact avec la professeure Beatriz Hern\u00e1ndez (bhernan@fg.ull.es) pour fixer le rendez-vous.<\/p>\n<p>&nbsp;<\/p>\n<p><strong>3. Apr\u00e8s tout cela,<\/strong> on vous informera sur votre niveau et vous recevrez un e-mail avec les informations concernant les frais d\u2019inscription et les moyens de paiment.<\/p>\n<p>&nbsp;<\/p>\n<p><em>*On vous conseille de toujours faire le test de niveau, m\u00eame si vous pensez que vous n\u2019avez aucune connaissance de la langue, puisque normalement on sous-estime nos connaissances. Ce test est tr\u00e8s facile et bref, il s\u2019agit tout simplement de voir dans quel point vous \u00eates avant de commencer votre cours.<\/em><\/p>\n<p>&nbsp;<\/p>\n<p><strong>On a aussi toutes ces infos, pas \u00e0 suivre pour faire le test de niveau et beaucoup plus disponible en \u201cespa\u00f1ol\u201d, \u201cEnglish\u201d et \u201cDeutsch\u201d.<\/strong>[\/vc_column_text][vc_empty_space height=&#8221;60&#8243;][vc_custom_heading text=&#8221;BONNE CHANCE !&#8221; font_container=&#8221;tag:p|font_size:24|text_align:left|color:%23000000|line_height:1.6&#8243; google_fonts=&#8221;font_family:Roboto%3A100%2C100italic%2C300%2C300italic%2Cregular%2Citalic%2C500%2C500italic%2C700%2C700italic%2C900%2C900italic|font_style:300%20light%20regular%3A300%3Anormal&#8221;][vc_empty_space height=&#8221;40px&#8221;][\/vc_column][\/vc_row][vc_row full_width=&#8221;stretch_row&#8221; css=&#8221;.vc_custom_1571313818233{margin-top: 0px !important;background-color: #f8f8f8 !important;}&#8221;][vc_column][vc_row_inner css=&#8221;.vc_custom_1571313532533{padding-top: 20px !important;padding-bottom: 20px !important;}&#8221;][vc_column_inner][vc_btn title=&#8221;D\u00c9MARRER LE TEST DE NIVEAU&#8221; style=&#8221;custom&#8221; custom_background=&#8221;#5c068c&#8221; custom_text=&#8221;#ffffff&#8221; shape=&#8221;square&#8221; size=&#8221;lg&#8221; align=&#8221;center&#8221; i_icon_fontawesome=&#8221;fa fa-chevron-circle-right&#8221; css_animation=&#8221;appear&#8221; button_block=&#8221;true&#8221; add_icon=&#8221;true&#8221; link=&#8221;url:https%3A%2F%2Fgoo.gl%2Fforms%2FgaNCbxNVDi9FBls42|||&#8221;][\/vc_column_inner][\/vc_row_inner][vc_empty_space height=&#8221;32&#8243;][\/vc_column][\/vc_row][vc_row][vc_column][vc_single_image image=&#8221;6112&#8243; img_size=&#8221;full&#8221; alignment=&#8221;center&#8221; onclick=&#8221;zoom&#8221; css_animation=&#8221;slideInLeft&#8221;][\/vc_column][\/vc_row]<\/p>\n<\/section>","protected":false},"excerpt":{"rendered":"<p>[vc_row full_width=&#8221;stretch_row_content_no_spaces&#8221; css=&#8221;.vc_custom_1570706555694{margin-top: -20px !important;}&#8221;][vc_column][vc_row_inner css=&#8221;.vc_custom_1586769549075{margin-top: 0px !important;margin-right: 0px !important;margin-bottom: 0px !important;margin-left: 0px !important;border-top-width: 0px !important;border-right-width: 0px !important;border-bottom-width: 0px !important;border-left-width: 0px !important;padding-top: 0px !important;padding-right: 0px !important;padding-bottom: 0px !important;padding-left: 0px !important;background-image: url(https:\/\/fg.ull.es\/idiomas\/wp-content\/uploads\/sites\/13\/2020\/04\/Cursos-de-Espanol-Tenerife.jpg?id=7827) !important;background-position: center !important;background-repeat: no-repeat !important;background-size: cover !important;}&#8221;][vc_column_inner offset=&#8221;vc_hidden-md vc_hidden-sm vc_hidden-xs&#8221;][vc_custom_heading text=&#8221;Test de niveau&#8221; font_container=&#8221;tag:h2|font_size:120|text_align:center|color:%23ffffff&#8221; use_theme_fonts=&#8221;yes&#8221; css=&#8221;.vc_custom_1571316352191{padding-top: 220px !important;}&#8221;][vc_empty_space height=&#8221;330px&#8221;][\/vc_column_inner][\/vc_row_inner][vc_row_inner css=&#8221;.vc_custom_1586769558836{margin-top: 0px !important;margin-right: 0px !important;margin-bottom:&#8230;<\/p>\n","protected":false},"author":1,"featured_media":7827,"parent":6085,"menu_order":0,"comment_status":"closed","ping_status":"closed","template":"templates\/template-frontpage.php","meta":{"footnotes":""},"_links":{"self":[{"href":"https:\/\/fg.ull.es\/idiomas\/wp-json\/wp\/v2\/pages\/6117"}],"collection":[{"href":"https:\/\/fg.ull.es\/idiomas\/wp-json\/wp\/v2\/pages"}],"about":[{"href":"https:\/\/fg.ull.es\/idiomas\/wp-json\/wp\/v2\/types\/page"}],"author":[{"embeddable":true,"href":"https:\/\/fg.ull.es\/idiomas\/wp-json\/wp\/v2\/users\/1"}],"replies":[{"embeddable":true,"href":"https:\/\/fg.ull.es\/idiomas\/wp-json\/wp\/v2\/comments?post=6117"}],"version-history":[{"count":3,"href":"https:\/\/fg.ull.es\/idiomas\/wp-json\/wp\/v2\/pages\/6117\/revisions"}],"predecessor-version":[{"id":9652,"href":"https:\/\/fg.ull.es\/idiomas\/wp-json\/wp\/v2\/pages\/6117\/revisions\/9652"}],"up":[{"embeddable":true,"href":"https:\/\/fg.ull.es\/idiomas\/wp-json\/wp\/v2\/pages\/6085"}],"wp:featuredmedia":[{"embeddable":true,"href":"https:\/\/fg.ull.es\/idiomas\/wp-json\/wp\/v2\/media\/7827"}],"wp:attachment":[{"href":"https:\/\/fg.ull.es\/idiomas\/wp-json\/wp\/v2\/media?parent=6117"}],"curies":[{"name":"wp","href":"https:\/\/api.w.org\/{rel}","templated":true}]}}