{"id":6115,"date":"2019-10-17T12:46:23","date_gmt":"2019-10-17T12:46:23","guid":{"rendered":"https:\/\/fg.ull.es\/idiomas\/?page_id=6115"},"modified":"2022-11-29T09:37:08","modified_gmt":"2022-11-29T08:37:08","slug":"prueba-de-nivel-de-espanol","status":"publish","type":"page","link":"https:\/\/fg.ull.es\/idiomas\/espanol\/prueba-de-nivel-de-espanol\/","title":{"rendered":"Prueba de nivel de Espa\u00f1ol"},"content":{"rendered":"<section class=\"wpb-content-wrapper\"><p>[vc_row full_width=&#8221;stretch_row_content_no_spaces&#8221; css=&#8221;.vc_custom_1570706555694{margin-top: -20px !important;}&#8221;][vc_column][vc_row_inner css=&#8221;.vc_custom_1586769426857{margin-top: 0px !important;margin-right: 0px !important;margin-bottom: 0px !important;margin-left: 0px !important;border-top-width: 0px !important;border-right-width: 0px !important;border-bottom-width: 0px !important;border-left-width: 0px !important;padding-top: 0px !important;padding-right: 0px !important;padding-bottom: 0px !important;padding-left: 0px !important;background-image: url(https:\/\/fg.ull.es\/idiomas\/wp-content\/uploads\/sites\/13\/2020\/04\/Cursos-de-Espanol-Tenerife.jpg?id=7827) !important;background-position: center !important;background-repeat: no-repeat !important;background-size: cover !important;}&#8221;][vc_column_inner offset=&#8221;vc_hidden-md vc_hidden-sm vc_hidden-xs&#8221;][vc_custom_heading text=&#8221;Prueba de nivel&#8221; font_container=&#8221;tag:h2|font_size:120|text_align:center|color:%23ffffff&#8221; use_theme_fonts=&#8221;yes&#8221; css=&#8221;.vc_custom_1571316352191{padding-top: 220px !important;}&#8221;][vc_empty_space height=&#8221;330px&#8221;][\/vc_column_inner][\/vc_row_inner][vc_row_inner css=&#8221;.vc_custom_1586769437255{margin-top: 0px !important;margin-right: 0px !important;margin-bottom: 0px !important;margin-left: 0px !important;border-top-width: 0px !important;border-right-width: 0px !important;border-bottom-width: 0px !important;border-left-width: 0px !important;padding-top: 0px !important;padding-right: 0px !important;padding-bottom: 0px !important;padding-left: 0px !important;background-image: url(https:\/\/fg.ull.es\/idiomas\/wp-content\/uploads\/sites\/13\/2020\/04\/Cursos-de-Espanol-Tenerife.jpg?id=7827) !important;}&#8221;][vc_column_inner offset=&#8221;vc_hidden-lg&#8221;][vc_custom_heading text=&#8221;Prueba de nivel&#8221; font_container=&#8221;tag:h2|font_size:35|text_align:center|color:%23ffffff&#8221; use_theme_fonts=&#8221;yes&#8221; css=&#8221;.vc_custom_1571316347163{padding-top: 80px !important;padding-right: 20px !important;padding-bottom: 20px !important;padding-left: 20px !important;}&#8221;][\/vc_column_inner][\/vc_row_inner][\/vc_column][\/vc_row][vc_row css=&#8221;.vc_custom_1572533965409{margin-top: 0px !important;margin-right: 0px !important;margin-bottom: 0px !important;margin-left: 0px !important;border-top-width: 0px !important;border-right-width: 0px !important;border-bottom-width: 0px !important;border-left-width: 0px !important;padding-top: 40px !important;padding-right: 0px !important;padding-bottom: 0px !important;padding-left: 0px !important;}&#8221;][vc_column css=&#8221;.vc_custom_1498039327857{padding-right: 40px !important;}&#8221;][vc_empty_space height=&#8221;15&#8243;][vc_custom_heading text=&#8221;Para acceder a los cursos de espa\u00f1ol del Servicio de Idiomas de la Universidad de La Laguna deber\u00e1s realizar primero una <strong>prueba de nivel* completamente gratuita<\/strong>.&#8221; font_container=&#8221;tag:p|font_size:22|text_align:left|color:%23000000|line_height:1.6&#8243; google_fonts=&#8221;font_family:Roboto%3A100%2C100italic%2C300%2C300italic%2Cregular%2Citalic%2C500%2C500italic%2C700%2C700italic%2C900%2C900italic|font_style:300%20light%20regular%3A300%3Anormal&#8221;][vc_empty_space height=&#8221;30&#8243;][vc_column_text]<strong>1. Primero<\/strong>, deber\u00e1s realizar un test multirespuesta sobre gram\u00e1tica y vocabulario dividido en diferentes secciones.<\/p>\n<ul>\n<li>Tienes 30 minutos para completar el test.<\/li>\n<li>Se recomienda parar el test cuando sientas que las preguntas se vuelven muy dif\u00edciles e intentas adivinar las respuestas.<\/li>\n<li>Para finalizar el test, presiona \u201cEnviar\u201d.<\/li>\n<\/ul>\n<p>&nbsp;<\/p>\n<p><strong>2. <\/strong><strong>Una v<\/strong><strong>ez completado<\/strong>, el Servicio contactar\u00e1 contigo para darte una <strong>cita<\/strong> para la prueba <strong>oral<\/strong>, que se realizar\u00e1 por <strong>videoconferencia<\/strong>.<\/p>\n<p>&nbsp;<\/p>\n<p><strong>3. Despu\u00e9s de todo ello<\/strong>, se te informar\u00e1 sobre tu nivel y recibir\u00e1s un correo electr\u00f3nico que te informar\u00e1 sobre las tasas de matr\u00edcula del curso y los m\u00e9todos de pago.<\/p>\n<p>&nbsp;<\/p>\n<p><em>*Recomendamos siempre realizar la prueba de nivel incluso cuando creas que apenas tienes conocimiento del idioma, ya que en muchas ocasiones se tiende a infravalorar el conocimiento que se tiene sobre algo. Es un test muy sencillo y r\u00e1pido que simplemente intenta establecer en qu\u00e9 punto te encuentras antes de empezar tus clases.<\/em><\/p>\n<p>&nbsp;<\/p>\n<p><strong>Tambi\u00e9n tienes toda esta informaci\u00f3n, pasos a seguir para la realizaci\u00f3n de la prueba de nivel y mucho m\u00e1s disponible en \u201c<a href=\"https:\/\/fg.ull.es\/idiomas\/spanish\/\" target=\"_blank\" rel=\"noopener\">English<\/a>\u201d, \u201c<a href=\"https:\/\/fg.ull.es\/idiomas\/espagnol\/\" target=\"_blank\" rel=\"noopener\">fran\u00e7ais<\/a>\u201d and \u201c<a href=\"https:\/\/fg.ull.es\/idiomas\/spanisch\/\" target=\"_blank\" rel=\"noopener\">Deutsch<\/a>\u201d.<\/strong>[\/vc_column_text][vc_empty_space height=&#8221;60&#8243;][vc_custom_heading text=&#8221;\u00a1BUENA SUERTE!&#8221; font_container=&#8221;tag:p|font_size:24|text_align:left|color:%23000000|line_height:1.6&#8243; google_fonts=&#8221;font_family:Roboto%3A100%2C100italic%2C300%2C300italic%2Cregular%2Citalic%2C500%2C500italic%2C700%2C700italic%2C900%2C900italic|font_style:300%20light%20regular%3A300%3Anormal&#8221;][vc_empty_space height=&#8221;40px&#8221;][\/vc_column][\/vc_row][vc_row full_width=&#8221;stretch_row&#8221; css=&#8221;.vc_custom_1571313818233{margin-top: 0px !important;background-color: #f8f8f8 !important;}&#8221;][vc_column][vc_row_inner css=&#8221;.vc_custom_1571313532533{padding-top: 20px !important;padding-bottom: 20px !important;}&#8221;][vc_column_inner][vc_btn title=&#8221;COMENZAR LA PRUEBA DE NIVEL&#8221; style=&#8221;custom&#8221; custom_background=&#8221;#5c068c&#8221; custom_text=&#8221;#ffffff&#8221; shape=&#8221;square&#8221; size=&#8221;lg&#8221; align=&#8221;center&#8221; i_icon_fontawesome=&#8221;fa fa-chevron-circle-right&#8221; css_animation=&#8221;appear&#8221; button_block=&#8221;true&#8221; add_icon=&#8221;true&#8221; link=&#8221;url:https%3A%2F%2Fgoo.gl%2Fforms%2FgaNCbxNVDi9FBls42|||&#8221;][\/vc_column_inner][\/vc_row_inner][vc_empty_space height=&#8221;32&#8243;][\/vc_column][\/vc_row][vc_row][vc_column][vc_single_image image=&#8221;6112&#8243; img_size=&#8221;full&#8221; alignment=&#8221;center&#8221; onclick=&#8221;zoom&#8221; css_animation=&#8221;slideInLeft&#8221;][\/vc_column][\/vc_row]<\/p>\n<\/section>","protected":false},"excerpt":{"rendered":"<p>[vc_row full_width=&#8221;stretch_row_content_no_spaces&#8221; css=&#8221;.vc_custom_1570706555694{margin-top: -20px !important;}&#8221;][vc_column][vc_row_inner css=&#8221;.vc_custom_1586769426857{margin-top: 0px !important;margin-right: 0px !important;margin-bottom: 0px !important;margin-left: 0px !important;border-top-width: 0px !important;border-right-width: 0px !important;border-bottom-width: 0px !important;border-left-width: 0px !important;padding-top: 0px !important;padding-right: 0px !important;padding-bottom: 0px !important;padding-left: 0px !important;background-image: url(https:\/\/fg.ull.es\/idiomas\/wp-content\/uploads\/sites\/13\/2020\/04\/Cursos-de-Espanol-Tenerife.jpg?id=7827) !important;background-position: center !important;background-repeat: no-repeat !important;background-size: cover !important;}&#8221;][vc_column_inner offset=&#8221;vc_hidden-md vc_hidden-sm vc_hidden-xs&#8221;][vc_custom_heading text=&#8221;Prueba de nivel&#8221; font_container=&#8221;tag:h2|font_size:120|text_align:center|color:%23ffffff&#8221; use_theme_fonts=&#8221;yes&#8221; css=&#8221;.vc_custom_1571316352191{padding-top: 220px !important;}&#8221;][vc_empty_space height=&#8221;330px&#8221;][\/vc_column_inner][\/vc_row_inner][vc_row_inner css=&#8221;.vc_custom_1586769437255{margin-top: 0px !important;margin-right: 0px !important;margin-bottom:&#8230;<\/p>\n","protected":false},"author":1,"featured_media":0,"parent":330,"menu_order":0,"comment_status":"closed","ping_status":"closed","template":"templates\/template-frontpage.php","meta":{"footnotes":""},"_links":{"self":[{"href":"https:\/\/fg.ull.es\/idiomas\/wp-json\/wp\/v2\/pages\/6115"}],"collection":[{"href":"https:\/\/fg.ull.es\/idiomas\/wp-json\/wp\/v2\/pages"}],"about":[{"href":"https:\/\/fg.ull.es\/idiomas\/wp-json\/wp\/v2\/types\/page"}],"author":[{"embeddable":true,"href":"https:\/\/fg.ull.es\/idiomas\/wp-json\/wp\/v2\/users\/1"}],"replies":[{"embeddable":true,"href":"https:\/\/fg.ull.es\/idiomas\/wp-json\/wp\/v2\/comments?post=6115"}],"version-history":[{"count":4,"href":"https:\/\/fg.ull.es\/idiomas\/wp-json\/wp\/v2\/pages\/6115\/revisions"}],"predecessor-version":[{"id":9647,"href":"https:\/\/fg.ull.es\/idiomas\/wp-json\/wp\/v2\/pages\/6115\/revisions\/9647"}],"up":[{"embeddable":true,"href":"https:\/\/fg.ull.es\/idiomas\/wp-json\/wp\/v2\/pages\/330"}],"wp:attachment":[{"href":"https:\/\/fg.ull.es\/idiomas\/wp-json\/wp\/v2\/media?parent=6115"}],"curies":[{"name":"wp","href":"https:\/\/api.w.org\/{rel}","templated":true}]}}