{"id":6099,"date":"2019-10-17T11:45:09","date_gmt":"2019-10-17T11:45:09","guid":{"rendered":"https:\/\/fg.ull.es\/idiomas\/?page_id=6099"},"modified":"2022-11-29T09:41:57","modified_gmt":"2022-11-29T08:41:57","slug":"einstufungstest","status":"publish","type":"page","link":"https:\/\/fg.ull.es\/idiomas\/spanisch\/einstufungstest\/","title":{"rendered":"Einstufungstest"},"content":{"rendered":"<section class=\"wpb-content-wrapper\"><p>[vc_row full_width=&#8221;stretch_row_content_no_spaces&#8221; css=&#8221;.vc_custom_1570706555694{margin-top: -20px !important;}&#8221;][vc_column][vc_row_inner css=&#8221;.vc_custom_1586769491379{margin-top: 0px !important;margin-right: 0px !important;margin-bottom: 0px !important;margin-left: 0px !important;border-top-width: 0px !important;border-right-width: 0px !important;border-bottom-width: 0px !important;border-left-width: 0px !important;padding-top: 0px !important;padding-right: 0px !important;padding-bottom: 0px !important;padding-left: 0px !important;background-image: url(https:\/\/fg.ull.es\/idiomas\/wp-content\/uploads\/sites\/13\/2020\/04\/Cursos-de-Espanol-Tenerife.jpg?id=7827) !important;background-position: center !important;background-repeat: no-repeat !important;background-size: cover !important;}&#8221;][vc_column_inner offset=&#8221;vc_hidden-md vc_hidden-sm vc_hidden-xs&#8221;][vc_custom_heading text=&#8221;Einstufungstest&#8221; font_container=&#8221;tag:h2|font_size:120|text_align:center|color:%23ffffff&#8221; use_theme_fonts=&#8221;yes&#8221; css=&#8221;.vc_custom_1571316352191{padding-top: 220px !important;}&#8221;][vc_empty_space height=&#8221;330px&#8221;][\/vc_column_inner][\/vc_row_inner][vc_row_inner css=&#8221;.vc_custom_1586769501081{margin-top: 0px !important;margin-right: 0px !important;margin-bottom: 0px !important;margin-left: 0px !important;border-top-width: 0px !important;border-right-width: 0px !important;border-bottom-width: 0px !important;border-left-width: 0px !important;padding-top: 0px !important;padding-right: 0px !important;padding-bottom: 0px !important;padding-left: 0px !important;background-image: url(https:\/\/fg.ull.es\/idiomas\/wp-content\/uploads\/sites\/13\/2020\/04\/Cursos-de-Espanol-Tenerife.jpg?id=7827) !important;}&#8221;][vc_column_inner offset=&#8221;vc_hidden-lg&#8221;][vc_custom_heading text=&#8221;Einstufungstest&#8221; font_container=&#8221;tag:h2|font_size:35|text_align:center|color:%23ffffff&#8221; use_theme_fonts=&#8221;yes&#8221; css=&#8221;.vc_custom_1571316347163{padding-top: 80px !important;padding-right: 20px !important;padding-bottom: 20px !important;padding-left: 20px !important;}&#8221;][\/vc_column_inner][\/vc_row_inner][\/vc_column][\/vc_row][vc_row css=&#8221;.vc_custom_1572533940929{margin-top: 0px !important;margin-right: 0px !important;margin-bottom: 0px !important;margin-left: 0px !important;border-top-width: 0px !important;border-right-width: 0px !important;border-bottom-width: 0px !important;border-left-width: 0px !important;padding-top: 40px !important;padding-right: 0px !important;padding-bottom: 0px !important;padding-left: 0px !important;}&#8221;][vc_column css=&#8221;.vc_custom_1498039327857{padding-right: 40px !important;}&#8221;][vc_empty_space height=&#8221;15&#8243;][vc_custom_heading text=&#8221;Um an den Spanischkursen des Sprachendienstes der Universit\u00e4t von La Laguna teilnehmen zu k\u00f6nnen, m\u00fcssen Sie zun\u00e4chst <strong>einen kostenlosen Einstufungstest* absolvieren.<\/strong>&#8221; font_container=&#8221;tag:p|font_size:22|text_align:left|color:%23000000|line_height:1.6&#8243; google_fonts=&#8221;font_family:Roboto%3A100%2C100italic%2C300%2C300italic%2Cregular%2Citalic%2C500%2C500italic%2C700%2C700italic%2C900%2C900italic|font_style:300%20light%20regular%3A300%3Anormal&#8221;][vc_empty_space height=&#8221;30&#8243;][vc_column_text]<strong>1. Zuerst<\/strong> m\u00fcssen Sie einen Multiple-Choice-Test in Grammatik und Wortschatz durchf\u00fchren, der in verschiedene Abschnitte unterteilt ist.<\/p>\n<ul>\n<li>Sie haben 30 Minuten Zeit, um den Test abzuschlie\u00dfen.<\/li>\n<li>Es wird empfohlen, den Test abzubrechen, wenn Sie das Gef\u00fchl haben, dass die Fragen sehr schwierig werden, und Sie versuchen, die Antworten zu erraten.<\/li>\n<li>Um den Test zu beenden, klicken Sie auf \u201eEnviar\u201c (Senden).<\/li>\n<\/ul>\n<p>&nbsp;<\/p>\n<p><strong>2. Nach Abschluss<\/strong> dieses schriftlichen Teils des Einstufungstests m\u00fcssen Sie einen Termin vereinbaren, um den m\u00fcndlichen Teil pers\u00f6nlich abzulegen. Dazu m\u00fcssen Sie <a href=\"https:\/\/sede.fg.ull.es\/es\/home\" target=\"_blank\" rel=\"noopener\">sich auf unserer Plattform registrieren<\/a> und <a href=\"https:\/\/sede.fg.ull.es\/es\/curso\/detalle\/a19050258\/espa-ol-como-lengua-extranjera-prueba-de-nivel-para-cursos-de-espa-ol-2019-2020\" target=\"_blank\" rel=\"noopener\">einen Termin ausw\u00e4hlen<\/a>. Ihnen steht dabei eine <a href=\"https:\/\/drive.google.com\/file\/d\/1NVc2zQVfEw9dC2FJrKDvrYhOKk6JlZ74\/view?usp=sharing\" target=\"_blank\" rel=\"noopener\">Anleitung zur Verf\u00fcgung, die Ihnen w\u00e4hrend des gesamten Vorgangs hilft<\/a>.<\/p>\n<p>Wenn Sie den m\u00fcndlichen Teil stattdessen lieber \u00fcber Skype machen m\u00f6chten, wenden Sie sich an die Dozentin Beatriz Hern\u00e1ndez (bhernan@fg.ull.es), um hierf\u00fcr einen Termin zu vereinbaren.<\/p>\n<p>&nbsp;<\/p>\n<p><strong>3. Nach diesen Schritten<\/strong> werden Sie \u00fcber Ihr Sprachniveau informiert und erhalten eine E-Mail, die Sie \u00fcber die Kursgeb\u00fchren und die Zahlungsmethoden informiert.<\/p>\n<p>&nbsp;<\/p>\n<p><em>*Wir empfehlen immer, den Einstufungstest zu absolvieren, auch wenn Sie der Meinung sind, dass Sie kaum \u00fcber Sprachkenntnisse verf\u00fcgen, da man in vielen F\u00e4llen dazu neigt, seine Kenntnisse \u00fcber etwas zu untersch\u00e4tzen. Der Test ist einfach durchzuf\u00fchren und nimmt nicht viel Zeit in Anspruch. Er versucht lediglich festzustellen, auf welchem Kenntnisstand Sie sich aktuell befinden, bevor Sie mit Ihrem Kurs beginnen<\/em>.<\/p>\n<p>&nbsp;<\/p>\n<p><strong>Sie verf\u00fcgen \u00fcber alle diese Informationen, Anleitungen zum Einstufungstest und Vieles mehr auch auf \u201c<a href=\"https:\/\/fg.ull.es\/idiomas\/espanol\/\" target=\"_blank\" rel=\"noopener\">espa\u00f1ol<\/a>\u201d, \u201c<a href=\"https:\/\/fg.ull.es\/idiomas\/spanish\/\" target=\"_blank\" rel=\"noopener\">English<\/a>\u201d und \u201c<a href=\"https:\/\/fg.ull.es\/idiomas\/espagnol\/\" target=\"_blank\" rel=\"noopener\">fran\u00e7ais<\/a>\u201d.<\/strong>[\/vc_column_text][vc_empty_space height=&#8221;60&#8243;][vc_custom_heading text=&#8221;VIEL GL\u00dcCK!&#8221; font_container=&#8221;tag:p|font_size:24|text_align:left|color:%23000000|line_height:1.6&#8243; google_fonts=&#8221;font_family:Roboto%3A100%2C100italic%2C300%2C300italic%2Cregular%2Citalic%2C500%2C500italic%2C700%2C700italic%2C900%2C900italic|font_style:300%20light%20regular%3A300%3Anormal&#8221;][vc_empty_space height=&#8221;40px&#8221;][\/vc_column][\/vc_row][vc_row full_width=&#8221;stretch_row&#8221; css=&#8221;.vc_custom_1571313818233{margin-top: 0px !important;background-color: #f8f8f8 !important;}&#8221;][vc_column][vc_row_inner css=&#8221;.vc_custom_1571313532533{padding-top: 20px !important;padding-bottom: 20px !important;}&#8221;][vc_column_inner][vc_btn title=&#8221;DEN EINSTUFUNGSTEST BEGINNEN&#8221; style=&#8221;custom&#8221; custom_background=&#8221;#5c068c&#8221; custom_text=&#8221;#ffffff&#8221; shape=&#8221;square&#8221; size=&#8221;lg&#8221; align=&#8221;center&#8221; i_icon_fontawesome=&#8221;fa fa-chevron-circle-right&#8221; css_animation=&#8221;appear&#8221; button_block=&#8221;true&#8221; add_icon=&#8221;true&#8221; link=&#8221;url:https%3A%2F%2Fgoo.gl%2Fforms%2FgaNCbxNVDi9FBls42|||&#8221;][\/vc_column_inner][\/vc_row_inner][vc_empty_space height=&#8221;32&#8243;][\/vc_column][\/vc_row][vc_row][vc_column][vc_single_image image=&#8221;6106&#8243; img_size=&#8221;full&#8221; alignment=&#8221;center&#8221; onclick=&#8221;zoom&#8221; css_animation=&#8221;slideInLeft&#8221;][\/vc_column][\/vc_row]<\/p>\n<\/section>","protected":false},"excerpt":{"rendered":"<p>[vc_row full_width=&#8221;stretch_row_content_no_spaces&#8221; css=&#8221;.vc_custom_1570706555694{margin-top: -20px !important;}&#8221;][vc_column][vc_row_inner css=&#8221;.vc_custom_1586769491379{margin-top: 0px !important;margin-right: 0px !important;margin-bottom: 0px !important;margin-left: 0px !important;border-top-width: 0px !important;border-right-width: 0px !important;border-bottom-width: 0px !important;border-left-width: 0px !important;padding-top: 0px !important;padding-right: 0px !important;padding-bottom: 0px !important;padding-left: 0px !important;background-image: url(https:\/\/fg.ull.es\/idiomas\/wp-content\/uploads\/sites\/13\/2020\/04\/Cursos-de-Espanol-Tenerife.jpg?id=7827) !important;background-position: center !important;background-repeat: no-repeat !important;background-size: cover !important;}&#8221;][vc_column_inner offset=&#8221;vc_hidden-md vc_hidden-sm vc_hidden-xs&#8221;][vc_custom_heading text=&#8221;Einstufungstest&#8221; font_container=&#8221;tag:h2|font_size:120|text_align:center|color:%23ffffff&#8221; use_theme_fonts=&#8221;yes&#8221; css=&#8221;.vc_custom_1571316352191{padding-top: 220px !important;}&#8221;][vc_empty_space height=&#8221;330px&#8221;][\/vc_column_inner][\/vc_row_inner][vc_row_inner css=&#8221;.vc_custom_1586769501081{margin-top: 0px !important;margin-right: 0px !important;margin-bottom: 0px !important;margin-left:&#8230;<\/p>\n","protected":false},"author":1,"featured_media":7827,"parent":6078,"menu_order":0,"comment_status":"closed","ping_status":"closed","template":"templates\/template-frontpage.php","meta":{"footnotes":""},"_links":{"self":[{"href":"https:\/\/fg.ull.es\/idiomas\/wp-json\/wp\/v2\/pages\/6099"}],"collection":[{"href":"https:\/\/fg.ull.es\/idiomas\/wp-json\/wp\/v2\/pages"}],"about":[{"href":"https:\/\/fg.ull.es\/idiomas\/wp-json\/wp\/v2\/types\/page"}],"author":[{"embeddable":true,"href":"https:\/\/fg.ull.es\/idiomas\/wp-json\/wp\/v2\/users\/1"}],"replies":[{"embeddable":true,"href":"https:\/\/fg.ull.es\/idiomas\/wp-json\/wp\/v2\/comments?post=6099"}],"version-history":[{"count":3,"href":"https:\/\/fg.ull.es\/idiomas\/wp-json\/wp\/v2\/pages\/6099\/revisions"}],"predecessor-version":[{"id":9650,"href":"https:\/\/fg.ull.es\/idiomas\/wp-json\/wp\/v2\/pages\/6099\/revisions\/9650"}],"up":[{"embeddable":true,"href":"https:\/\/fg.ull.es\/idiomas\/wp-json\/wp\/v2\/pages\/6078"}],"wp:featuredmedia":[{"embeddable":true,"href":"https:\/\/fg.ull.es\/idiomas\/wp-json\/wp\/v2\/media\/7827"}],"wp:attachment":[{"href":"https:\/\/fg.ull.es\/idiomas\/wp-json\/wp\/v2\/media?parent=6099"}],"curies":[{"name":"wp","href":"https:\/\/api.w.org\/{rel}","templated":true}]}}