{"id":5935,"date":"2019-09-11T09:56:42","date_gmt":"2019-09-11T09:56:42","guid":{"rendered":"https:\/\/fg.ull.es\/idiomas\/?page_id=5935"},"modified":"2025-09-01T14:22:17","modified_gmt":"2025-09-01T13:22:17","slug":"aniversario","status":"publish","type":"page","link":"https:\/\/fg.ull.es\/idiomas\/aniversario\/","title":{"rendered":"Actividades 30 Aniversario"},"content":{"rendered":"<section class=\"wpb-content-wrapper\"><p>[vc_row full_width=&#8221;stretch_row&#8221; css=&#8221;.vc_custom_1726751438424{margin-top: 0px !important;border-top-width: 0px !important;padding-top: 0px !important;background-image: url(https:\/\/fg.ull.es\/idiomas\/wp-content\/uploads\/sites\/13\/2024\/09\/Header-Landing-30A_Header-web.png?id=10727) !important;background-position: center !important;background-repeat: no-repeat !important;background-size: contain !important;border-top-color: #ffffff !important;border-top-style: solid !important;}&#8221;][vc_column offset=&#8221;vc_hidden-sm vc_hidden-xs&#8221; css=&#8221;.vc_custom_1726751449865{margin-top: 0px !important;border-top-width: 0px !important;padding-top: 0px !important;}&#8221;][vc_empty_space height=&#8221;400px&#8221;][\/vc_column][\/vc_row][vc_row full_width=&#8221;stretch_row&#8221; css=&#8221;.vc_custom_1726736679320{border-top-width: 4px !important;background-position: center !important;background-repeat: no-repeat !important;background-size: contain !important;border-top-color: #ffffff !important;border-top-style: solid !important;}&#8221;][vc_column offset=&#8221;vc_hidden-lg vc_hidden-md&#8221;][vc_single_image image=&#8221;10730&#8243; img_size=&#8221;full&#8221;][\/vc_column][\/vc_row][vc_row][vc_column][vc_empty_space][\/vc_column][\/vc_row][vc_row disable_element=&#8221;yes&#8221;][vc_column][vc_custom_heading text=&#8221;ACTO CONMEMORATIVO DEL<br \/>\n30 ANIVERSARIO DEL SERVICIO DE IDIOMAS&#8221; font_container=&#8221;tag:h2|font_size:35|text_align:center|color:%231fa1c0&#8243; google_fonts=&#8221;font_family:Roboto%3A100%2C100italic%2C300%2C300italic%2Cregular%2Citalic%2C500%2C500italic%2C700%2C700italic%2C900%2C900italic|font_style:900%20bold%20regular%3A900%3Anormal&#8221;][vc_column_text]<\/p>\n<h3 style=\"text-align: center;\">El Servicio de Idiomas de la Universidad de La Laguna celebra sus 30 a\u00f1os de trayectoria<\/h3>\n<p>[\/vc_column_text][vc_empty_space][\/vc_column][\/vc_row][vc_row disable_element=&#8221;yes&#8221;][vc_column width=&#8221;1\/2&#8243;][vc_empty_space height=&#8221;10px&#8221;][vc_empty_space height=&#8221;10px&#8221;][vc_column_text]<\/p>\n<p style=\"text-align: justify;\">La celebraci\u00f3n tendr\u00e1 lugar el pr\u00f3ximo <a href=\"https:\/\/www.ull.es\/portal\/agenda\/evento\/acto-conmemorativo-del-30-aniversario-del-servicio-de-idiomas\/\" target=\"_blank\" rel=\"noopener\">20 de noviembre a las 18:30 horas<\/a> en el Paraninfo universitario de la mano de la reconocida humorista y actriz Petite Lorena, quien actuar\u00e1 como maestra de ceremonias.<\/p>\n<p style=\"text-align: justify;\">\u00a1Nos gustar\u00eda contar con tu presencia en esta ocasi\u00f3n especial!<\/p>\n<p style=\"text-align: justify;\">Puedes consultar el programa <a href=\"https:\/\/drive.google.com\/file\/d\/1XF29IqqvWJwcllBnSdZZkgAk2MTztiSw\/view?usp=drive_link\" target=\"_blank\" rel=\"noopener\">aqu\u00ed<\/a>. Las plazas son limitadas, por lo que a nivel organizativo nos ayudar\u00eda si confirmara su asistencia <a href=\"https:\/\/forms.gle\/Fcf36p3LHnwUMF419\" target=\"_blank\" rel=\"noopener\">aqu\u00ed<\/a>.<\/p>\n<p>[\/vc_column_text][\/vc_column][vc_column width=&#8221;1\/2&#8243;][vc_single_image image=&#8221;10784&#8243; img_size=&#8221;full&#8221; alignment=&#8221;center&#8221; onclick=&#8221;custom_link&#8221; css_animation=&#8221;bounceInLeft&#8221; link=&#8221;https:\/\/www.ull.es\/portal\/agenda\/evento\/acto-conmemorativo-del-30-aniversario-del-servicio-de-idiomas\/&#8221;][\/vc_column][\/vc_row][vc_row disable_element=&#8221;yes&#8221;][vc_column][vc_empty_space][vc_separator][vc_empty_space][\/vc_column][\/vc_row][vc_row][vc_column][vc_custom_heading text=&#8221;INSCR\u00cdBETE A NUESTRAS ACTIVIDADES GRATUITAS&#8221; font_container=&#8221;tag:h2|font_size:35|text_align:center|color:%231fa1c0&#8243; google_fonts=&#8221;font_family:Roboto%3A100%2C100italic%2C300%2C300italic%2Cregular%2Citalic%2C500%2C500italic%2C700%2C700italic%2C900%2C900italic|font_style:900%20bold%20regular%3A900%3Anormal&#8221;][vc_column_text]<\/p>\n<h3 style=\"text-align: center;\">El Servicio de Idiomas de la Universidad La Laguna organiza actividades gratuitas en diferentes idiomas como parte de la conmemoraci\u00f3n de su 30 aniversario.<\/h3>\n<p>[\/vc_column_text][vc_empty_space][\/vc_column][\/vc_row][vc_row][vc_column width=&#8221;1\/2&#8243;][vc_single_image image=&#8221;10685&#8243; img_size=&#8221;full&#8221; alignment=&#8221;center&#8221; css_animation=&#8221;bounceInLeft&#8221;][\/vc_column][vc_column width=&#8221;1\/2&#8243;][vc_empty_space height=&#8221;10px&#8221;][vc_column_text]<\/p>\n<p style=\"text-align: justify;\">\u00c9stas se desarrollar\u00e1n <strong>durante todo el curso acad\u00e9mico 2024\/2025<\/strong>, en horario de ma\u00f1ana y tarde, en diferentes espacios repartidos por los distintos campus de la Universidad de La Laguna.<\/p>\n<p style=\"text-align: justify;\">Dirigidas a todos los p\u00fablicos, estas acciones ling\u00fc\u00edsticas gratuitas abarcan talleres, concursos o juegos como parte de la <strong>conmemoraci\u00f3n del 30 aniversario del Servicio de Idiomas<\/strong>.<\/p>\n<p style=\"text-align: justify;\">Para poder participar<strong> es necesario inscribirse<\/strong>, ya que las plazas son limitadas.<\/p>\n<p>[\/vc_column_text][\/vc_column][\/vc_row][vc_row disable_element=&#8221;yes&#8221;][vc_column][vc_single_image image=&#8221;10685&#8243; img_size=&#8221;full&#8221; alignment=&#8221;center&#8221;][\/vc_column][\/vc_row][vc_row][vc_column][vc_empty_space height=&#8221;64px&#8221;][\/vc_column][\/vc_row][vc_row full_width=&#8221;stretch_row&#8221; css=&#8221;.vc_custom_1726581106018{background-color: #6fc6e4 !important;}&#8221;][vc_column][vc_custom_heading text=&#8221;Consulta nuestro programa de actividades&#8221; font_container=&#8221;tag:h2|text_align:center|color:%23ffffff&#8221; use_theme_fonts=&#8221;yes&#8221; css_animation=&#8221;bounceIn&#8221;][\/vc_column][\/vc_row][vc_row full_width=&#8221;stretch_row&#8221; css=&#8221;.vc_custom_1726580789721{background-color: #eaeaea !important;}&#8221;][vc_column][vc_tta_accordion section_title_tag=&#8221;h3&#8243; style=&#8221;modern&#8221; color=&#8221;peacoc&#8221; c_align=&#8221;center&#8221; active_section=&#8221;1&#8243; css_animation=&#8221;bounceIn&#8221; collapsible_all=&#8221;true&#8221;][vc_tta_section title=&#8221;Varios&#8221; tab_id=&#8221;varios&#8221;][vc_column_text]<\/p>\n<table style=\"height: auto;\" width=\"531\">\n<tbody>\n<tr>\n<td width=\"88\">25-sep<\/td>\n<td width=\"192\"><strong><a href=\"http:\/\/fg.ull.es\/A24050586\"><span style=\"color: #333333;\">\u201cWalk and talk\u201d por La Laguna<\/span><\/a><\/strong><\/td>\n<td width=\"207\">11.30 h<\/td>\n<\/tr>\n<tr>\n<td width=\"88\">26-sep<\/td>\n<td width=\"192\"><strong><a href=\"http:\/\/fg.ull.es\/A24050594\"><span style=\"color: #333333;\">Intercambio de Idiomas. Especial D\u00eda Europeo de las Lenguas<\/span><\/a><\/strong><\/td>\n<td width=\"207\">17.00-19.00 h<\/td>\n<\/tr>\n<tr>\n<td width=\"88\">16-oct<\/td>\n<td width=\"192\"><strong><a href=\"http:\/\/fg.ull.es\/A24050612\" target=\"_blank\" rel=\"noopener\"><span style=\"color: #333333;\">La interpretaci\u00f3n de conferencias, puente entre lenguas y culturas<\/span><\/a><\/strong><\/td>\n<td width=\"207\">16.00-17.30 h<\/td>\n<\/tr>\n<tr>\n<td width=\"88\">30-oct<\/td>\n<td width=\"192\"><strong>CINE: La mansi\u00f3n del Infierno [V.O.S.E.] en Multicines Tenerife (Centro Comercial Alcampo La Laguna)<\/strong><\/td>\n<td width=\"207\">19.00 h<\/td>\n<\/tr>\n<tr>\n<td width=\"88\">20-nov<\/td>\n<td width=\"192\"><a href=\"https:\/\/www.ull.es\/portal\/agenda\/evento\/acto-conmemorativo-del-30-aniversario-del-servicio-de-idiomas\/\" target=\"_blank\" rel=\"noopener\"><span style=\"color: #333333;\"><strong>Acto Conmemorativo del 30 Aniversario del SIULL<\/strong><\/span><\/a><\/td>\n<td width=\"207\">18.30-20.30 h<\/td>\n<\/tr>\n<tr>\n<td width=\"88\">20-nov<\/td>\n<td width=\"192\"><strong><a href=\"https:\/\/www.ull.es\/portal\/agenda\/evento\/concierto-del-coro-polifonico-por-el-30-aniversario-del-servicio-de-idiomas-de-la-ull\/\" target=\"_blank\" rel=\"noopener\"><span style=\"color: #333333;\">Concierto Multiling\u00fce<\/span><\/a><\/strong><\/td>\n<td width=\"207\">20.00-20.20 h<\/td>\n<\/tr>\n<tr>\n<td width=\"88\">18-feb 2025<\/td>\n<td width=\"192\"><strong><a href=\"https:\/\/www.ull.es\/portal\/agenda\/evento\/intercambio-de-idiomas-especial-carnavales\/\" target=\"_blank\" rel=\"noopener\"><span style=\"color: #333333;\">Intercambio de idiomas, especial carnavales<\/span><\/a><\/strong><\/td>\n<td width=\"207\">18.00-19.30 h<\/td>\n<\/tr>\n<tr>\n<td width=\"88\">18 feb &#8211; 11 mar 2025<\/td>\n<td width=\"192\"><strong><a href=\"https:\/\/sede.fg.ull.es\/es\/idioma\/detalle?code=a25050169&amp;name=multilingue-concurso-de-microrrelatos-plurilingues\" target=\"_blank\" rel=\"noopener\"><span style=\"color: #333333;\">Concurso de Microrrelatos Pluriling\u00fces<\/span><\/a><\/strong><\/td>\n<td width=\"207\"><\/td>\n<\/tr>\n<tr>\n<td width=\"88\">18-mar 2025<\/td>\n<td width=\"192\"><a href=\"https:\/\/www.ull.es\/portal\/agenda\/evento\/mesa-redonda-abriendo-puertas-hacia-oportunidades-en-eeuu\/\" target=\"_blank\" rel=\"noopener\"><strong>Mesa Redonda: La importancia de acreditar los idiomas. Abriendo puertas hacia oportunidades en EEUU<\/strong><\/a><\/td>\n<td width=\"207\">16.0 -16.45 h<\/td>\n<\/tr>\n<\/tbody>\n<\/table>\n<p>[\/vc_column_text][\/vc_tta_section][vc_tta_section title=&#8221;Ingl\u00e9s&#8221; tab_id=&#8221;ingles&#8221;][vc_column_text]<\/p>\n<table style=\"height: auto;\" width=\"531\">\n<tbody>\n<tr>\n<td width=\"88\">23\u2013sep<\/td>\n<td width=\"192\"><a href=\"http:\/\/fg.ull.es\/A24050580\"><b>Acreditaciones internacionales<\/b><\/a><\/td>\n<td width=\"207\">11.00 \u2013 12.00<\/td>\n<\/tr>\n<tr>\n<td width=\"88\">24\u2013sep<\/td>\n<td width=\"192\"><a href=\"http:\/\/fg.ull.es\/A24050583\"><b>Have fun with Idioms!<\/b><\/a><\/td>\n<td width=\"207\">11.00 \u2013 12.00<\/td>\n<\/tr>\n<tr>\n<td width=\"88\">26\u2013sep<\/td>\n<td width=\"192\"><a href=\"http:\/\/fg.ull.es\/A24050590\"><b>Bienvenidos a SHEEP OR SHIP?<\/b><\/a><\/td>\n<td width=\"207\">10.00 \u2013 11.00<\/td>\n<\/tr>\n<tr>\n<td width=\"88\">27\u2013sep<\/td>\n<td width=\"192\"><a href=\"http:\/\/fg.ull.es\/A24050593\"><b>Treasure hunt<\/b><\/a><\/td>\n<td width=\"207\">11.30 &#8211; 13.30<\/td>\n<\/tr>\n<tr>\n<td width=\"88\">30\u2013sep<\/td>\n<td width=\"192\"><a href=\"http:\/\/fg.ull.es\/A24050599\"><b>Acreditaciones internacionales<\/b><\/a><\/td>\n<td width=\"207\">18.00 &#8211; 19.00<\/td>\n<\/tr>\n<tr>\n<td width=\"88\">19\u2013nov<\/td>\n<td width=\"192\"><strong><a href=\"https:\/\/www.ull.es\/portal\/agenda\/evento\/mesa-redonda-la-importancia-de-acreditar-los-idiomas-un-universo-de-oportunidades\/\" target=\"_blank\" rel=\"noopener\">Mesa Redonda: La importancia de acreditar los idiomas. Un universo de oportunidades.<\/a><\/strong><\/td>\n<td width=\"207\">12.00 &#8211; 12.45<\/td>\n<\/tr>\n<\/tbody>\n<\/table>\n<p>[\/vc_column_text][\/vc_tta_section][vc_tta_section title=&#8221;Alem\u00e1n&#8221; tab_id=&#8221;aleman&#8221;][vc_column_text]<\/p>\n<table style=\"height: auto;\" width=\"531\">\n<tbody>\n<tr>\n<td width=\"88\">30\u2013sep<\/td>\n<td width=\"192\"><a href=\"http:\/\/fg.ull.es\/A24050597\"><b>Y esto&#8230;\u00bfCu\u00e1ndo fue?<\/b><\/a><\/td>\n<td width=\"207\">16.00 &#8211; 17.00<\/td>\n<\/tr>\n<tr>\n<td width=\"88\">01\u2013oct<\/td>\n<td width=\"192\"><a href=\"http:\/\/fg.ull.es\/A24050600\"><b>\u00bfDe d\u00f3nde viene el nombre de ese lugar?<\/b><\/a><\/td>\n<td width=\"207\">17.00-18.00<\/td>\n<\/tr>\n<tr>\n<td width=\"88\">08-oct<\/td>\n<td width=\"192\"><a href=\"http:\/\/fg.ull.es\/A24050585\"><b>\u00bfC\u00f3mo se pronuncia esto?<\/b><\/a><\/td>\n<td width=\"207\">17.00-18.00<\/td>\n<\/tr>\n<\/tbody>\n<\/table>\n<p>[\/vc_column_text][\/vc_tta_section][vc_tta_section title=&#8221;Italiano&#8221; tab_id=&#8221;italiano&#8221;][vc_column_text]<\/p>\n<table style=\"height: auto;\" width=\"531\">\n<tbody>\n<tr>\n<td width=\"88\">24-sep<\/td>\n<td width=\"192\"><a href=\"http:\/\/fg.ull.es\/A24050584\"><b>&#8220;Viaggio in Italia&#8221;<\/b><\/a><\/td>\n<td width=\"207\">12.30-13.30<\/td>\n<\/tr>\n<tr>\n<td width=\"88\">26-sep<\/td>\n<td width=\"192\"><a href=\"http:\/\/fg.ull.es\/A24050592\"><b>\u201cParlando\u201d con las manos<\/b><\/a><\/td>\n<td width=\"207\">12.30-13.30<\/td>\n<\/tr>\n<\/tbody>\n<\/table>\n<p>[\/vc_column_text][\/vc_tta_section][vc_tta_section title=&#8221;Portugu\u00e9s&#8221; tab_id=&#8221;portugues&#8221;][vc_column_text]<\/p>\n<table style=\"height: auto;\" width=\"531\">\n<tbody>\n<tr>\n<td width=\"88\">03-oct<\/td>\n<td width=\"192\"><a href=\"http:\/\/fg.ull.es\/A24050602\"><b>Concierto en portugu\u00e9s<\/b><\/a><\/td>\n<td width=\"207\">18.00-19.00<\/td>\n<\/tr>\n<\/tbody>\n<\/table>\n<p>[\/vc_column_text][\/vc_tta_section][vc_tta_section title=&#8221;Japon\u00e9s&#8221; tab_id=&#8221;japones&#8221;][vc_column_text]<\/p>\n<table style=\"height: auto;\" width=\"531\">\n<tbody>\n<tr>\n<td width=\"88\">23\u2013sep<\/td>\n<td width=\"192\"><a href=\"http:\/\/fg.ull.es\/A24050582\"><b>Introducci\u00f3n a la caligraf\u00eda japonesa<\/b><\/a><\/td>\n<td width=\"207\">18.00-19.00<\/td>\n<\/tr>\n<tr>\n<td width=\"88\">03\u2013oct<\/td>\n<td width=\"192\"><a href=\"https:\/\/sede.fg.ull.es\/es\/idioma\/detalle?code=a24050604&amp;name=japones-juegos-de-mesa-tradicionales-japoneses-actividades-del-30-aniversario\" target=\"_blank\" rel=\"noopener\"><b>Juegos de mesa tradicionales japoneses<\/b><\/a><\/td>\n<td width=\"207\">16.00-17.00<\/td>\n<\/tr>\n<\/tbody>\n<\/table>\n<p>[\/vc_column_text][\/vc_tta_section][vc_tta_section title=&#8221;Coreano&#8221; tab_id=&#8221;coreano&#8221;][vc_column_text]<\/p>\n<table style=\"height: auto;\" width=\"531\">\n<tbody>\n<tr>\n<td width=\"88\">25\u2013sep<\/td>\n<td width=\"192\"><a href=\"http:\/\/fg.ull.es\/A24050589\"><b>Escribe palabras espa\u00f1olas en coreano<\/b><\/a><\/td>\n<td width=\"207\">18.00-19.00<\/td>\n<\/tr>\n<tr>\n<td width=\"88\">03-oct<\/td>\n<td width=\"192\"><a href=\"http:\/\/fg.ull.es\/A24050603\"><b>Juegos tradicionales coreanos<\/b><\/a><\/td>\n<td width=\"207\">17.00-18.00<\/td>\n<\/tr>\n<\/tbody>\n<\/table>\n<p>[\/vc_column_text][\/vc_tta_section][vc_tta_section title=&#8221;Chino&#8221; tab_id=&#8221;chino&#8221;][vc_column_text]<\/p>\n<table style=\"height: auto;\" width=\"531\">\n<tbody>\n<tr>\n<td width=\"88\">27\u2013sep<\/td>\n<td width=\"192\"><a href=\"http:\/\/fg.ull.es\/A24050596\"><b>Introducci\u00f3n a la caligraf\u00eda china<\/b><\/a><\/td>\n<td width=\"207\">18.00-19.00<\/td>\n<\/tr>\n<tr>\n<td width=\"88\">04\u2013oct<\/td>\n<td width=\"192\"><a href=\"http:\/\/fg.ull.es\/A24050605\"><b>Escribe tu nombre o palabra favorita en chino<\/b><\/a><\/td>\n<td width=\"207\">18.00-19.00<\/td>\n<\/tr>\n<\/tbody>\n<\/table>\n<p>[\/vc_column_text][\/vc_tta_section][vc_tta_section title=&#8221;Griego&#8221; tab_id=&#8221;griego&#8221;][vc_column_text]<\/p>\n<table style=\"height: auto;\" width=\"531\">\n<tbody>\n<tr>\n<td width=\"88\">26\u2013sep<\/td>\n<td width=\"192\"><a href=\"http:\/\/fg.ull.es\/A24050591\"><b>Introducci\u00f3n al alfabeto griego<\/b><\/a><\/td>\n<td width=\"207\">12.00-13.15<\/td>\n<\/tr>\n<tr>\n<td width=\"88\">27\u2013sep<\/td>\n<td width=\"192\"><a href=\"http:\/\/fg.ull.es\/A24050595\"><b>Conoce Grecia y sus rincones<\/b><\/a><\/td>\n<td width=\"207\">12.00-12.45<\/td>\n<\/tr>\n<\/tbody>\n<\/table>\n<p>[\/vc_column_text][\/vc_tta_section][vc_tta_section title=&#8221;\u00c1rabe&#8221; tab_id=&#8221;arabe&#8221;][vc_column_text]<\/p>\n<table style=\"height: auto;\" width=\"531\">\n<tbody>\n<tr>\n<td width=\"88\">02-oct<\/td>\n<td width=\"192\"><a href=\"http:\/\/fg.ull.es\/A24050581\" target=\"_blank\" rel=\"noopener\"><b>Introducci\u00f3n a la caligraf\u00eda \u00e1rabe: aprende a escribir tu nombre<\/b><\/a><\/td>\n<td width=\"207\">18.00-19.30<\/td>\n<\/tr>\n<tr>\n<td width=\"88\">10-oct<\/td>\n<td width=\"192\"><a href=\"http:\/\/fg.ull.es\/A24050610\" target=\"_blank\" rel=\"noopener\"><strong>Almogrote en Alm\u00e1ciga: arabismos, top\u00f3nimos y curiosidades de nuestro legado \u00e1rabe<\/strong><\/a><\/td>\n<td width=\"207\">18.00-19.30<\/td>\n<\/tr>\n<tr>\n<td width=\"88\">15-oct<\/td>\n<td width=\"192\"><a href=\"http:\/\/fg.ull.es\/A24050611\" target=\"_blank\" rel=\"noopener\"><strong>M\u00e1s burros que camellos: una mirada a otros mundos \u00e1rabes<\/strong><\/a><\/td>\n<td width=\"207\">18.00-19.30<\/td>\n<\/tr>\n<\/tbody>\n<\/table>\n<p>[\/vc_column_text][\/vc_tta_section][vc_tta_section title=&#8221;Espa\u00f1ol&#8221; tab_id=&#8221;espa\u00f1ol&#8221;][vc_column_text]<\/p>\n<table style=\"height: auto;\" width=\"531\">\n<tbody>\n<tr>\n<td width=\"88\">25-sep<\/td>\n<td width=\"192\"><a href=\"http:\/\/fg.ull.es\/A24050588\"><b>Aprende espa\u00f1ol con m\u00fasica<\/b><\/a><\/td>\n<td width=\"207\">18.00-19.00<\/td>\n<\/tr>\n<tr>\n<td width=\"88\">30-sep<\/td>\n<td width=\"192\"><a href=\"http:\/\/fg.ull.es\/A24050598\"><b>Escenas de pel\u00edcula<\/b><\/a><\/td>\n<td width=\"207\">18.00-19.00<\/td>\n<\/tr>\n<tr>\n<td width=\"88\">03-oct<\/td>\n<td width=\"192\"><a href=\"http:\/\/fg.ull.es\/A24050601\"><b>Jugando con las palabras canarias<\/b><\/a><\/td>\n<td width=\"207\">17.30-18.30<\/td>\n<\/tr>\n<tr>\n<td width=\"88\">08-oct<\/td>\n<td width=\"192\"><a href=\"http:\/\/fg.ull.es\/A24050607\"><b>Aprende espa\u00f1ol con m\u00fasica<\/b><\/a><\/td>\n<td width=\"207\">17.30-18.30<\/td>\n<\/tr>\n<\/tbody>\n<\/table>\n<p>[\/vc_column_text][\/vc_tta_section][vc_tta_section title=&#8221;LSE&#8221; tab_id=&#8221;lse&#8221;][vc_column_text]<\/p>\n<table style=\"height: auto;\" width=\"531\">\n<tbody>\n<tr>\n<td width=\"88\">07\u2013oct<\/td>\n<td width=\"192\"><a href=\"http:\/\/fg.ull.es\/A24050606\"><b>Mis primeros signos<\/b><\/a><\/td>\n<td width=\"207\">10.00-12.00<\/td>\n<\/tr>\n<\/tbody>\n<\/table>\n<p>[\/vc_column_text][\/vc_tta_section][\/vc_tta_accordion][vc_empty_space][\/vc_column][\/vc_row][vc_row][vc_column][vc_empty_space][\/vc_column][\/vc_row][vc_row full_width=&#8221;stretch_row&#8221;][vc_column][vc_empty_space height=&#8221;50px&#8221;][vc_custom_heading text=&#8221;\u00a1S\u00edguenos en redes sociales y ent\u00e9rate de todo!&#8221; font_container=&#8221;tag:h2|text_align:center|color:%231b1464&#8243; google_fonts=&#8221;font_family:Roboto%20Condensed%3A300%2C300italic%2Cregular%2Citalic%2C700%2C700italic|font_style:700%20bold%20regular%3A700%3Anormal&#8221; css_animation=&#8221;none&#8221; css=&#8221;.vc_custom_1690268816307{margin-top: -36px !important;border-right-width: 1px !important;border-bottom-width: 1px !important;padding-top: 6px !important;padding-bottom: 16px !important;padding-left: 14px !important;}&#8221;][vc_empty_space][vc_row_inner][vc_column_inner width=&#8221;1\/6&#8243;][\/vc_column_inner][vc_column_inner width=&#8221;1\/6&#8243;][vc_single_image image=&#8221;10045&#8243; img_size=&#8221;60&#215;60&#8243; alignment=&#8221;center&#8221; style=&#8221;vc_box_rounded&#8221; onclick=&#8221;custom_link&#8221; img_link_target=&#8221;_blank&#8221; css_animation=&#8221;bounceInLeft&#8221; link=&#8221;https:\/\/twitter.com\/fg_ull&#8221;][\/vc_column_inner][vc_column_inner width=&#8221;1\/6&#8243;][vc_single_image image=&#8221;10629&#8243; img_size=&#8221;60&#215;60&#8243; alignment=&#8221;center&#8221; onclick=&#8221;custom_link&#8221; img_link_target=&#8221;_blank&#8221; css_animation=&#8221;bounceInRight&#8221; link=&#8221;https:\/\/www.facebook.com\/FundacionULL\/&#8221;][\/vc_column_inner][vc_column_inner width=&#8221;1\/6&#8243;][vc_single_image image=&#8221;10040&#8243; img_size=&#8221;70&#215;70&#8243; alignment=&#8221;center&#8221; onclick=&#8221;custom_link&#8221; img_link_target=&#8221;_blank&#8221; css_animation=&#8221;bounceInUp&#8221; link=&#8221;https:\/\/www.tiktok.com\/@fundacionull&#8221;][\/vc_column_inner][vc_column_inner width=&#8221;1\/6&#8243;][vc_single_image image=&#8221;10047&#8243; img_size=&#8221;60&#215;60&#8243; alignment=&#8221;center&#8221; onclick=&#8221;custom_link&#8221; img_link_target=&#8221;_blank&#8221; css_animation=&#8221;bounceInRight&#8221; link=&#8221;https:\/\/www.instagram.com\/idiomasull\/&#8221;][\/vc_column_inner][vc_column_inner width=&#8221;1\/6&#8243;][\/vc_column_inner][\/vc_row_inner][vc_empty_space height=&#8221;50px&#8221;][\/vc_column][\/vc_row][vc_row full_width=&#8221;stretch_row&#8221; disable_element=&#8221;yes&#8221; css=&#8221;.vc_custom_1726736235347{background-color: #7cc3a4 !important;}&#8221;][vc_column][vc_empty_space height=&#8221;15px&#8221;][vc_column_text]<strong>Patrocina<\/strong>:[\/vc_column_text][vc_empty_space][vc_row_inner][vc_column_inner width=&#8221;2\/3&#8243;][vc_single_image image=&#8221;10714&#8243; img_size=&#8221;medium&#8221; css_animation=&#8221;bounceInRight&#8221;][\/vc_column_inner][vc_column_inner width=&#8221;1\/3&#8243;][\/vc_column_inner][\/vc_row_inner][vc_empty_space][\/vc_column][\/vc_row]<\/p>\n<\/section>","protected":false},"excerpt":{"rendered":"<p>[vc_row full_width=&#8221;stretch_row&#8221; css=&#8221;.vc_custom_1726751438424{margin-top: 0px !important;border-top-width: 0px !important;padding-top: 0px !important;background-image: url(https:\/\/fg.ull.es\/idiomas\/wp-content\/uploads\/sites\/13\/2024\/09\/Header-Landing-30A_Header-web.png?id=10727) !important;background-position: center !important;background-repeat: no-repeat !important;background-size: contain !important;border-top-color: #ffffff !important;border-top-style: solid !important;}&#8221;][vc_column offset=&#8221;vc_hidden-sm vc_hidden-xs&#8221; css=&#8221;.vc_custom_1726751449865{margin-top: 0px !important;border-top-width: 0px !important;padding-top: 0px !important;}&#8221;][vc_empty_space height=&#8221;400px&#8221;][\/vc_column][\/vc_row][vc_row full_width=&#8221;stretch_row&#8221; css=&#8221;.vc_custom_1726736679320{border-top-width: 4px !important;background-position: center !important;background-repeat: no-repeat !important;background-size: contain !important;border-top-color: #ffffff !important;border-top-style: solid !important;}&#8221;][vc_column offset=&#8221;vc_hidden-lg vc_hidden-md&#8221;][vc_single_image image=&#8221;10730&#8243; img_size=&#8221;full&#8221;][\/vc_column][\/vc_row][vc_row][vc_column][vc_empty_space][\/vc_column][\/vc_row][vc_row disable_element=&#8221;yes&#8221;][vc_column][vc_custom_heading text=&#8221;ACTO CONMEMORATIVO DEL 30 ANIVERSARIO&#8230;<\/p>\n","protected":false},"author":1,"featured_media":10685,"parent":0,"menu_order":0,"comment_status":"closed","ping_status":"closed","template":"templates\/template-frontpage.php","meta":{"footnotes":""},"_links":{"self":[{"href":"https:\/\/fg.ull.es\/idiomas\/wp-json\/wp\/v2\/pages\/5935"}],"collection":[{"href":"https:\/\/fg.ull.es\/idiomas\/wp-json\/wp\/v2\/pages"}],"about":[{"href":"https:\/\/fg.ull.es\/idiomas\/wp-json\/wp\/v2\/types\/page"}],"author":[{"embeddable":true,"href":"https:\/\/fg.ull.es\/idiomas\/wp-json\/wp\/v2\/users\/1"}],"replies":[{"embeddable":true,"href":"https:\/\/fg.ull.es\/idiomas\/wp-json\/wp\/v2\/comments?post=5935"}],"version-history":[{"count":85,"href":"https:\/\/fg.ull.es\/idiomas\/wp-json\/wp\/v2\/pages\/5935\/revisions"}],"predecessor-version":[{"id":11088,"href":"https:\/\/fg.ull.es\/idiomas\/wp-json\/wp\/v2\/pages\/5935\/revisions\/11088"}],"wp:featuredmedia":[{"embeddable":true,"href":"https:\/\/fg.ull.es\/idiomas\/wp-json\/wp\/v2\/media\/10685"}],"wp:attachment":[{"href":"https:\/\/fg.ull.es\/idiomas\/wp-json\/wp\/v2\/media?parent=5935"}],"curies":[{"name":"wp","href":"https:\/\/api.w.org\/{rel}","templated":true}]}}