{"id":5528,"date":"2019-01-10T12:36:34","date_gmt":"2019-01-10T12:36:34","guid":{"rendered":"https:\/\/fg.ull.es\/idiomas\/?page_id=5528"},"modified":"2019-01-10T12:36:34","modified_gmt":"2019-01-10T12:36:34","slug":"jornadas-servicios-de-idiomas-de-las-universidades-espanolas","status":"publish","type":"page","link":"https:\/\/fg.ull.es\/idiomas\/jornadas-servicios-de-idiomas-de-las-universidades-espanolas\/","title":{"rendered":"Jornadas Servicios de Idiomas de las Universidades Espa\u00f1olas"},"content":{"rendered":"<section class=\"wpb-content-wrapper\"><p>[vc_row full_width=&#8221;stretch_row&#8221; content_placement=&#8221;middle&#8221; css=&#8221;.vc_custom_1547123747003{margin-top: -20px !important;border-bottom-width: -8px !important;padding-bottom: 240px !important;background-image: url(https:\/\/fg.ull.es\/idiomas\/wp-content\/uploads\/sites\/13\/2019\/01\/Catedral.jpg?id=5529) !important;background-position: center !important;background-repeat: no-repeat !important;background-size: cover !important;border-bottom-color: rgba(0,0,0,0.1) !important;border-bottom-style: solid !important;}&#8221;][vc_column][vc_empty_space height=&#8221;50&#8243;][vc_custom_heading text=&#8221;&#8221; font_container=&#8221;tag:h2|font_size:144|text_align:center|color:%23ffffff&#8221; use_theme_fonts=&#8221;yes&#8221; css=&#8221;.vc_custom_1544015845965{padding-top: 180px !important;}&#8221;][vc_custom_heading text=&#8221;Jornadas Servicios de Idiomas de las Universidades Espa\u00f1olas&#8221; font_container=&#8221;tag:h1|font_size:39|text_align:center|color:%23ffffff&#8221; use_theme_fonts=&#8221;yes&#8221; css=&#8221;.vc_custom_1547124529685{margin-top: -12px !important;}&#8221;][vc_empty_space height=&#8221;30&#8243;][vc_custom_heading text=&#8221;21 Y 22 FEBRERO &#8211; TENERIFE &#8211; 2019&#8243; font_container=&#8221;tag:h2|font_size:34|text_align:center|color:%23ffffff&#8221; use_theme_fonts=&#8221;yes&#8221; css=&#8221;.vc_custom_1547126300286{margin-top: -12px !important;}&#8221;][vc_empty_space height=&#8221;100&#8243;][\/vc_column][\/vc_row][vc_row full_width=&#8221;stretch_row&#8221; css=&#8221;.vc_custom_1499938222395{border-bottom-width: 1px !important;padding-top: 40px !important;padding-bottom: 40px !important;background-color: #f8f8f8 !important;border-bottom-color: #e4e4e4 !important;border-bottom-style: solid !important;}&#8221;][vc_column width=&#8221;1\/4&#8243;][vc_single_image image=&#8221;5346&#8243; img_size=&#8221;180&#215;180&#8243; alignment=&#8221;center&#8221;][vc_empty_space height=&#8221;21&#8243;][vc_custom_heading text=&#8221;21 y 22 DE FEBRERO&#8221; font_container=&#8221;tag:p|font_size:27|text_align:center|color:%23000000|line_height:1.75&#8243; google_fonts=&#8221;font_family:Roboto%20Condensed%3A300%2C300italic%2Cregular%2Citalic%2C700%2C700italic|font_style:700%20bold%20regular%3A700%3Anormal&#8221; css=&#8221;.vc_custom_1547126288875{margin-top: -15px !important;}&#8221;][vc_custom_heading text=&#8221;\u00bfCU\u00c1NDO?&#8221; font_container=&#8221;tag:p|font_size:19|text_align:center|color:%23000000|line_height:1.75&#8243; google_fonts=&#8221;font_family:Roboto%20Condensed%3A300%2C300italic%2Cregular%2Citalic%2C700%2C700italic|font_style:400%20regular%3A400%3Anormal&#8221; css=&#8221;.vc_custom_1544444590424{margin-top: -20px !important;}&#8221;][\/vc_column][vc_column width=&#8221;1\/4&#8243;][vc_single_image image=&#8221;5345&#8243; img_size=&#8221;180&#215;180&#8243; alignment=&#8221;center&#8221;][vc_empty_space height=&#8221;21&#8243;][vc_custom_heading text=&#8221;AULA MAGNA &#8221; font_container=&#8221;tag:p|font_size:27|text_align:center|color:%23000000|line_height:1.75&#8243; google_fonts=&#8221;font_family:Roboto%20Condensed%3A300%2C300italic%2Cregular%2Citalic%2C700%2C700italic|font_style:700%20bold%20regular%3A700%3Anormal&#8221; css=&#8221;.vc_custom_1548925863089{margin-top: -15px !important;}&#8221;][vc_custom_heading text=&#8221;DEL EDIFICIO CENTRAL DE LA UNIVERSIDAD DE LAGUNA | Planta 1 &#8211; Ala derecha&#8221; font_container=&#8221;tag:p|font_size:20|text_align:center|color:%23000000|line_height:1.75&#8243; google_fonts=&#8221;font_family:Roboto%20Condensed%3A300%2C300italic%2Cregular%2Citalic%2C700%2C700italic|font_style:700%20bold%20regular%3A700%3Anormal&#8221; css=&#8221;.vc_custom_1548925876238{margin-top: -15px !important;}&#8221;][vc_btn title=&#8221;VER UBICACI\u00d3N&#8221; color=&#8221;default&#8221; align=&#8221;center&#8221; i_icon_fontawesome=&#8221;fa fa-map-marker&#8221; button_block=&#8221;true&#8221; add_icon=&#8221;true&#8221; link=&#8221;url:https%3A%2F%2Fwww.google.com%2Fmaps%2F%4028.4819236%2C-16.3166651%2C133m%2Fdata%3D!3m1!1e3|||&#8221; css=&#8221;.vc_custom_1548925923968{margin-top: 0px !important;border-top-width: 0px !important;padding-top: 0px !important;}&#8221;][\/vc_column][vc_column width=&#8221;1\/4&#8243;][vc_single_image image=&#8221;5381&#8243; img_size=&#8221;180&#215;180&#8243; alignment=&#8221;center&#8221;][vc_empty_space height=&#8221;21&#8243;][vc_custom_heading text=&#8221;125 \u20ac&#8221; font_container=&#8221;tag:p|font_size:27|text_align:center|color:%23000000|line_height:1.2&#8243; google_fonts=&#8221;font_family:Roboto%20Condensed%3A300%2C300italic%2Cregular%2Citalic%2C700%2C700italic|font_style:700%20bold%20regular%3A700%3Anormal&#8221; css=&#8221;.vc_custom_1547124065549{margin-top: -15px !important;}&#8221;][vc_empty_space height=&#8221;21&#8243;][vc_custom_heading text=&#8221;INSCRIPCI\u00d3N&#8221; font_container=&#8221;tag:p|font_size:19|text_align:center|color:%23000000|line_height:1.75&#8243; google_fonts=&#8221;font_family:Roboto%20Condensed%3A300%2C300italic%2Cregular%2Citalic%2C700%2C700italic|font_style:400%20regular%3A400%3Anormal&#8221; css=&#8221;.vc_custom_1547126998930{margin-top: -20px !important;}&#8221;][\/vc_column][vc_column width=&#8221;1\/4&#8243;][vc_single_image image=&#8221;5382&#8243; img_size=&#8221;180&#215;180&#8243; alignment=&#8221;center&#8221;][vc_empty_space height=&#8221;21&#8243;][vc_custom_heading text=&#8221;MESAS DE TRABAJO&#8221; font_container=&#8221;tag:p|font_size:27|text_align:center|color:%23000000|line_height:1.75&#8243; google_fonts=&#8221;font_family:Roboto%20Condensed%3A300%2C300italic%2Cregular%2Citalic%2C700%2C700italic|font_style:700%20bold%20regular%3A700%3Anormal&#8221; css=&#8221;.vc_custom_1547124156680{margin-top: -15px !important;}&#8221;][vc_custom_heading text=&#8221;NETWORKING&#8221; font_container=&#8221;tag:p|font_size:19|text_align:center|color:%23000000|line_height:1.75&#8243; google_fonts=&#8221;font_family:Roboto%20Condensed%3A300%2C300italic%2Cregular%2Citalic%2C700%2C700italic|font_style:400%20regular%3A400%3Anormal&#8221; css=&#8221;.vc_custom_1544016141764{margin-top: -20px !important;}&#8221;][vc_custom_heading text=&#8221;CHARLAS&#8221; font_container=&#8221;tag:p|font_size:19|text_align:center|color:%23000000|line_height:1.75&#8243; google_fonts=&#8221;font_family:Roboto%20Condensed%3A300%2C300italic%2Cregular%2Citalic%2C700%2C700italic|font_style:400%20regular%3A400%3Anormal&#8221; css=&#8221;.vc_custom_1547198025989{margin-top: -20px !important;}&#8221;][\/vc_column][\/vc_row][vc_row css=&#8221;.vc_custom_1498043065823{margin-top: 0px !important;margin-right: 0px !important;margin-bottom: 0px !important;margin-left: 0px !important;border-top-width: 0px !important;border-right-width: 0px !important;border-bottom-width: 0px !important;border-left-width: 0px !important;padding-top: 60px !important;padding-right: 0px !important;padding-bottom: 0px !important;padding-left: 0px !important;}&#8221;][vc_column width=&#8221;1\/6&#8243; css=&#8221;.vc_custom_1498039327857{padding-right: 40px !important;}&#8221;][\/vc_column][vc_column width=&#8221;4\/6&#8243;][vc_empty_space height=&#8221;15&#8243;][vc_custom_heading text=&#8221;\u00bfEN QU\u00c9 CONSISTEN LAS JORNADAS?&#8221; font_container=&#8221;tag:h2|font_size:36|text_align:left|color:%238208d3|line_height:1.15&#8243; google_fonts=&#8221;font_family:Roboto%20Condensed%3A300%2C300italic%2Cregular%2Citalic%2C700%2C700italic|font_style:700%20bold%20regular%3A700%3Anormal&#8221; css_animation=&#8221;flipInX&#8221;][vc_empty_space height=&#8221;15&#8243;][vc_custom_heading text=&#8221;El motivo de este encuentro es que celebramos el 25 aniversario del Servicio de Idiomas de la ULL y nos parece que es un momento importante para reflexionar sobre los idiomas en las universidades.&#8221; font_container=&#8221;tag:p|font_size:19|text_align:left|color:%23000000|line_height:1.6&#8243; google_fonts=&#8221;font_family:Roboto%3A100%2C100italic%2C300%2C300italic%2Cregular%2Citalic%2C500%2C500italic%2C700%2C700italic%2C900%2C900italic|font_style:300%20light%20regular%3A300%3Anormal&#8221;][vc_empty_space height=&#8221;15&#8243;][vc_custom_heading text=&#8221;Consiste en un programa de charlas y mesas de trabajo para ver c\u00f3mo se ense\u00f1an los idiomas en el Siglo XXI; cu\u00e1les son las distintas formas de acreditaci\u00f3n; c\u00f3mo deben gestionarse estos servicios dentro de la universidad y c\u00f3mo evaluar a nuestros usuarios. &#8221; font_container=&#8221;tag:p|font_size:19|text_align:left|color:%23000000|line_height:1.6&#8243; google_fonts=&#8221;font_family:Roboto%3A100%2C100italic%2C300%2C300italic%2Cregular%2Citalic%2C500%2C500italic%2C700%2C700italic%2C900%2C900italic|font_style:300%20light%20regular%3A300%3Anormal&#8221;][vc_empty_space height=&#8221;15&#8243;][vc_custom_heading text=&#8221;Hemos invitado a distintos ponentes que nos ayudar\u00e1n a llevar estas jornadas a buen fin. Contamos con la presencia de Cristina P\u00e9rez Guillot de la Universidad Polit\u00e9cnica de Valencia y ACLES; con Ver\u00f3nica Pacheco Costa, de la Universidad Pablo de Olavide de Sevilla; con Laura Masello, de la Universidad de la Rep\u00fablica de Uruguay; Aurora Centellas Rodrigo de la UDIMA de Madrid; V\u00edctor Pav\u00f3n V\u00e1zquez de la Universidad de C\u00f3rdoba y colegas de la Universidad de La Laguna.<br \/>\n&#8221; font_container=&#8221;tag:p|font_size:19|text_align:left|color:%23000000|line_height:1.6&#8243; google_fonts=&#8221;font_family:Roboto%3A100%2C100italic%2C300%2C300italic%2Cregular%2Citalic%2C500%2C500italic%2C700%2C700italic%2C900%2C900italic|font_style:300%20light%20regular%3A300%3Anormal&#8221;][vc_empty_space height=&#8221;15&#8243;][vc_custom_heading text=&#8221;&#8221; font_container=&#8221;tag:p|font_size:19|text_align:left|color:%23000000|line_height:1.6&#8243; google_fonts=&#8221;font_family:Roboto%3A100%2C100italic%2C300%2C300italic%2Cregular%2Citalic%2C500%2C500italic%2C700%2C700italic%2C900%2C900italic|font_style:300%20light%20regular%3A300%3Anormal&#8221;][vc_empty_space height=&#8221;30&#8243;][\/vc_column][vc_column width=&#8221;1\/6&#8243;][\/vc_column][\/vc_row][vc_row css=&#8221;.vc_custom_1547127480897{margin-top: 0px !important;margin-right: 0px !important;margin-bottom: 0px !important;margin-left: 0px !important;border-top-width: 0px !important;border-right-width: 0px !important;border-bottom-width: 0px !important;border-left-width: 0px !important;padding-top: 10px !important;padding-right: 0px !important;padding-bottom: 0px !important;padding-left: 0px !important;}&#8221;][vc_column css=&#8221;.vc_custom_1498039327857{padding-right: 40px !important;}&#8221;][\/vc_column][\/vc_row][vc_row full_width=&#8221;stretch_row&#8221; css=&#8221;.vc_custom_1547127725832{border-top-width: 2px !important;border-bottom-width: 2px !important;background-color: #e4e4e4 !important;border-top-color: #d1d1d1 !important;border-top-style: solid !important;border-bottom-color: #d1d1d1 !important;border-bottom-style: solid !important;border-radius: 1px !important;}&#8221;][vc_column][vc_empty_space height=&#8221;10&#8243;][vc_custom_heading text=&#8221;PROGRAMA&#8221; font_container=&#8221;tag:h2|font_size:36|text_align:center|color:%238208d3|line_height:1.15&#8243; google_fonts=&#8221;font_family:Roboto%20Condensed%3A300%2C300italic%2Cregular%2Citalic%2C700%2C700italic|font_style:700%20bold%20regular%3A700%3Anormal&#8221; css_animation=&#8221;flipInX&#8221;][vc_empty_space height=&#8221;30&#8243;][\/vc_column][vc_column width=&#8221;1\/2&#8243;][vc_custom_heading text=&#8221;Jueves 21 de febrero&#8221; font_container=&#8221;tag:h3|font_size:30|text_align:left|color:%23000000|line_height:1.15&#8243; google_fonts=&#8221;font_family:Roboto%20Condensed%3A300%2C300italic%2Cregular%2Citalic%2C700%2C700italic|font_style:700%20bold%20regular%3A700%3Anormal&#8221; css_animation=&#8221;flipInX&#8221;][vc_column_text]<\/p>\n<p style=\"padding-left: 30px\"><span style=\"font-weight: 400\">9.00 &#8211; 9.30 h. Acreditaci\u00f3n<\/span><\/p>\n<p style=\"padding-left: 30px\"><span style=\"font-weight: 400\">9.30 &#8211; 10.00 h. Inauguraci\u00f3n\u00a0<\/span><\/p>\n<p style=\"padding-left: 30px\"><span style=\"font-weight: 400\">10-00 &#8211; 11.00 h. Conferencia inaugural:\u00a0<\/span><b>\u00bfQu\u00e9 significa ense\u00f1ar idiomas en el siglo XXI?<\/b><\/p>\n<p style=\"padding-left: 60px\">Dr. Pl\u00e1cido Bazo Mart\u00ednez (Asesor del Rector en Pol\u00edtica Ling\u00fc\u00edstica y Espacio Europeo de Edudaci\u00f3n Superior. Universidad de La Laguna)<\/p>\n<p style=\"padding-left: 30px\"><span style=\"font-weight: 400\">11.00 &#8211; 11.30 h. Pausa caf\u00e9<\/span><\/p>\n<p style=\"padding-left: 30px\"><span style=\"font-weight: 400\">11.30 &#8211; 13.00 Mesa de Trabajo:\u00a0<\/span><b>Nuevas formas de ense\u00f1ar idiomas<\/b><\/p>\n<p style=\"padding-left: 60px\"><span lang=\"ES-TRAD\"><span style=\"color: #000000\">Modera:\u00a0<\/span><\/span>Dr. Sergio Francisco D\u00e9niz. Profesor del Departamento de\u00a0Did\u00e1ctica de la Lengua y La Literatura. Universidad de La Laguna<\/p>\n<p style=\"padding-left: 30px\"><span style=\"font-weight: 400\">13.00 h. Almuerzo-C\u00f3ctel<\/span><\/p>\n<p style=\"padding-left: 30px\"><span style=\"font-weight: 400\">15.00 &#8211; 16.00 h. <strong>Acreditaci\u00f3n de idiomas<\/strong><\/span><\/p>\n<p style=\"padding-left: 60px\">Dra. Cristina P\u00e9rez Guillot. (Directora Centro de Lenguas UPV y Presidenta de ACLES. Universitat Polit\u00e8cnica de Val\u00e8ncia)<\/p>\n<p style=\"padding-left: 30px\"><span style=\"font-weight: 400\">16.00 &#8211; 17.30 h. Mesa de trabajo:\u00a0<\/span><b>Distintos modelos de acreditaci\u00f3n<\/b><\/p>\n<div style=\"padding-left: 60px\">\n<div><span lang=\"ES-TRAD\"><span style=\"color: #000000\">Modera: Dra. Cristina P\u00e9rez Guillot. (<\/span><\/span><span lang=\"ES-TRAD\">\u00a0Directora Centro de Lenguas UPV\u00a0<\/span><span lang=\"ES-TRAD\">y Presidenta de ACLES.\u00a0<\/span>Universitat Polit\u00e8cnica de Val\u00e8ncia)<\/div>\n<\/div>\n<p>[\/vc_column_text][vc_empty_space height=&#8221;10&#8243;][\/vc_column][vc_column width=&#8221;1\/2&#8243;][vc_custom_heading text=&#8221;Viernes, 22 de febrero&#8221; font_container=&#8221;tag:h3|font_size:30|text_align:left|color:%23000000|line_height:1.15&#8243; google_fonts=&#8221;font_family:Roboto%20Condensed%3A300%2C300italic%2Cregular%2Citalic%2C700%2C700italic|font_style:700%20bold%20regular%3A700%3Anormal&#8221; css_animation=&#8221;flipInX&#8221;][vc_column_text]<\/p>\n<p style=\"padding-left: 30px\"><span style=\"font-weight: 400\">9.00 \u2013 11.00\u00a0h. Mesa Redonda:\u00a0<\/span><strong>Modelos de gesti\u00f3n y de desarrollo profesional de profesorado<\/strong><\/p>\n<p style=\"padding-left: 60px\"><span style=\"color: #000000\"><span lang=\"ES-TRAD\">Dra<\/span><span lang=\"ES-TRAD\">. Ver\u00f3nica Pacheco Costa (<\/span><\/span>Directora General de Idiomas y Estudiantes Extranjeros, Vicerrectorado de Internacionalizaci\u00f3n, Universidad Pablo de Olavide de Sevilla)<\/p>\n<p style=\"padding-left: 60px\">D\u00f1a. Aurora Cetellas Rodrigo (Directora del Instituto de Idiomas en Udima, Universidad a Distancia de Madrid<\/p>\n<p style=\"padding-left: 60px\">Dra.\u00a0<span class=\"m_-7902899742664595508m_-8501274841682465764gmail-m_7350674882703603877m_-1287793355476609105gmail-il\">Laura<\/span>\u00a0<span class=\"m_-7902899742664595508m_-8501274841682465764gmail-m_7350674882703603877m_-1287793355476609105gmail-il\">Masello (<\/span>Directora del \u00e1rea Lenguas Extranjeras, Universidad de la Rep\u00fablica, Uruguay)<\/p>\n<p style=\"padding-left: 60px\">Dr. Reinhard Duglay (Jefe de Estudios del Servicio de Idiomas de la Universidad de La Laguna)<\/p>\n<p style=\"padding-left: 30px\"><span style=\"font-weight: 400\">11.00- 11.30\u00a0h. Pausa caf\u00e9<\/span><\/p>\n<p style=\"padding-left: 30px\"><span style=\"font-weight: 400\">11.30 \u2013 13.00\u00a0h. Mesa de trabajo:\u00a0<\/span><b>La evaluaci\u00f3n de los idiomas<\/b><\/p>\n<p style=\"padding-left: 60px\">Dr. V\u00edctor Pav\u00f3n V\u00e1zquez (Director del Departamento de Filolog\u00edas Inglesa y Alemana, Universidad de C\u00f3rdoba)<\/p>\n<p style=\"padding-left: 30px\"><span style=\"font-weight: 400\">13.00 \u2013 13.30\u00a0h.\u00a0<\/span>Conclusiones<\/p>\n<p style=\"padding-left: 30px\"><span style=\"font-weight: 400\">13.30 \u2013 14.00 h. Clausura y brindis del 25\u00ba aniversario Servicio de Idiomas<\/span><\/p>\n<p>[\/vc_column_text][vc_empty_space height=&#8221;64px&#8221;][\/vc_column][\/vc_row][vc_row][vc_column][vc_empty_space height=&#8221;30&#8243;][vc_row_inner][vc_column_inner width=&#8221;1\/6&#8243;][\/vc_column_inner][vc_column_inner width=&#8221;4\/6&#8243;][vc_custom_heading text=&#8221;INSCRIPCIONES&#8221; font_container=&#8221;tag:h2|font_size:36|text_align:center|color:%238208d3|line_height:1.15&#8243; google_fonts=&#8221;font_family:Roboto%20Condensed%3A300%2C300italic%2Cregular%2Citalic%2C700%2C700italic|font_style:700%20bold%20regular%3A700%3Anormal&#8221; css_animation=&#8221;flipInX&#8221;][\/vc_column_inner][vc_column_inner width=&#8221;1\/6&#8243;][\/vc_column_inner][\/vc_row_inner][vc_empty_space height=&#8221;30&#8243;][vc_column_text]El precio de la inscripci\u00f3n es de 125\u20ac.<\/p>\n<p>La ULL tiene acuerdo con diferentes hoteles\u00a0con lo que ofrece unas tarifas m\u00e1s econ\u00f3micas para los participantes en las Jornadas.\u00a0 <a href=\"https:\/\/docs.google.com\/document\/d\/1Z-dnBQJ-mzmv2sp5m2CNSWTCVc5Zwy4a-k8Pdly_m_U\/edit?usp=sharing\">Puede consultar la oferta en este enlace<\/a>.<\/p>\n<p>No obstante, si desea otras opciones de alojamiento puede consultarlas a trav\u00e9s de la <a href=\"http:\/\/www.webtenerife.com\">web de\u00a0<span style=\"color: #000000\">Turismo de Tenerife.\u00a0<\/span><\/a>[\/vc_column_text][vc_empty_space height=&#8221;30&#8243;][vc_tta_accordion shape=&#8221;square&#8221; active_section=&#8221;5&#8243; collapsible_all=&#8221;true&#8221;][vc_tta_section title=&#8221;Realizar Inscripci\u00f3n en el formulario&#8221; tab_id=&#8221;Inscripciones&#8221;][vc_raw_html]JTIwJTIwJTIwJTIwJTNDc3R5bGUlM0UlMEElMjAlMjAlMjAlMjAlMjAlMjAlMjBpZnJhbWUlMjAlN0IlMEElMjAlMjAlMjAlMjAlMjAlMjAlMjB3aWR0aCUzQSUyMDY0MHB4JTIxaW1wb3J0YW50JTNCJTIwJTJGJTJBJTIwSXQlMjBzaG91bGQlMjBub3QlMjBiZSUyMDEwMCUyNSUyMCUyQSUyRiUwQSUyMCUyMCUyMCUyMCUyMCUyMCUyMGhlaWdodCUzQSUyMDE4MDNweCUyMWltcG9ydGFudCUzQSUwQSUyMCUyMCUyMCUyMCUyMCUyMCUyMG1hcmdpbi1sZWZ0JTNBJTIwYXV0byUyMWltcG9ydGFudCUzQiUyMCUyMCUyMCUyRiUyQSUyMEF1dG9tYXRpYyUyMG1hcmdpbiUyMGZyb20lMjBsZWZ0JTIwJTJBJTJGJTBBJTIwJTIwJTIwJTIwJTIwJTIwJTIwbWFyZ2luLXJpZ2h0JTNBJTIwYXV0byUyMWltcG9ydGFudCUzQiUyMCUyRiUyQSUyMEF1dG9tYXRpYyUyMG1hcmdpbiUyMGZyb20lMjByaWdodCUyMCUyQSUyRiUwQSUyMCUyMCUyMCUyMCUyMCUyMCU3RCUyMCUwQSUyMCUyMCUyMCUyMCUzQyUyRnN0eWxlJTNFJTIwJTBBJTNDY2VudGVyJTNFJTNDaWZyYW1lJTIwc3JjJTNEJTIyaHR0cHMlM0ElMkYlMkZkb2NzLmdvb2dsZS5jb20lMkZmb3JtcyUyRmQlMkZlJTJGMUZBSXBRTFNmY3g5b0pnTElPZjc0Q2x5eklkYzZRMm5zQkZadU1GdmxKRC1faEFKeGtxbkh5WEElMkZ2aWV3Zm9ybSUzRmVtYmVkZGVkJTNEdHJ1ZSUyMiUyMHdpZHRoJTNEJTIyNjQwJTIyJTIwaGVpZ2h0JTNEJTIyMTgwMyUyMiUyMGZyYW1lYm9yZGVyJTNEJTIyMCUyMiUyMG1hcmdpbmhlaWdodCUzRCUyMjAlMjIlMjBtYXJnaW53aWR0aCUzRCUyMjAlMjIlM0VDYXJnYW5kby4uLiUzQyUyRmlmcmFtZSUzRSUzQyUyRmNlbnRlciUzRQ==[\/vc_raw_html][\/vc_tta_section][\/vc_tta_accordion][vc_row_inner][vc_column_inner][\/vc_column_inner][\/vc_row_inner][\/vc_column][\/vc_row][vc_row css=&#8221;.vc_custom_1544444836061{margin-top: 0px !important;margin-right: 0px !important;margin-bottom: 0px !important;margin-left: 0px !important;border-top-width: 0px !important;border-right-width: 0px !important;border-bottom-width: 0px !important;border-left-width: 0px !important;padding-top: 60px !important;padding-right: 0px !important;padding-bottom: 0px !important;padding-left: 0px !important;}&#8221;][vc_column css=&#8221;.vc_custom_1498039327857{padding-right: 40px !important;}&#8221;][vc_empty_space height=&#8221;10&#8243;][vc_custom_heading text=&#8221;CONTACTO&#8221; font_container=&#8221;tag:h2|font_size:36|text_align:center|color:%238208d3|line_height:1.15&#8243; google_fonts=&#8221;font_family:Roboto%20Condensed%3A300%2C300italic%2Cregular%2Citalic%2C700%2C700italic|font_style:700%20bold%20regular%3A700%3Anormal&#8221; css_animation=&#8221;flipInX&#8221;][vc_empty_space height=&#8221;30&#8243;][\/vc_column][\/vc_row][vc_row][vc_column][vc_empty_space height=&#8221;30&#8243;][vc_row_inner][vc_column_inner][vc_column_text]Puede consultar sus dudas o comentarios con:[\/vc_column_text][\/vc_column_inner][\/vc_row_inner][vc_empty_space height=&#8221;30&#8243;][vc_row_inner][vc_column_inner width=&#8221;1\/3&#8243;][vc_column_text]<span style=\"font-weight: 400\">Pl\u00e1cido Bazo, <strong>director acad\u00e9mico<\/strong>\u00a0<strong>de las jornadas.<\/strong><\/span>[\/vc_column_text][vc_column_text]<\/p>\n<ul>\n<li><a href=\"mailto:pbazom@ull.edu.es\" target=\"_blank\" rel=\"noopener\">pbazom@ull.edu.es<\/a><\/li>\n<li>+34 922 319 561<\/li>\n<\/ul>\n<p>[\/vc_column_text][\/vc_column_inner][vc_column_inner width=&#8221;1\/3&#8243;][vc_column_text]Patricia D\u00e1vila p<span style=\"font-weight: 400\">ara\u00a0<strong>dudas log\u00edstica y desplazamiento.<\/strong><\/span>[\/vc_column_text][vc_column_text]<\/p>\n<ul>\n<li>pdavila@fg.ull.es<\/li>\n<li>+34 922 319 242<\/li>\n<li>+34 649 226 636<\/li>\n<\/ul>\n<p>[\/vc_column_text][\/vc_column_inner][vc_column_inner width=&#8221;1\/3&#8243;][vc_column_text]<\/p>\n<div>Secretaria Fundaci\u00f3n General ULL<strong> para dudas generales<\/strong>.<\/div>\n<p>[\/vc_column_text][vc_column_text]<\/p>\n<ul>\n<li>info@fg.ull.es<\/li>\n<li>+34 922 319 200<\/li>\n<\/ul>\n<p>[\/vc_column_text][\/vc_column_inner][\/vc_row_inner][vc_empty_space height=&#8221;30&#8243;][\/vc_column][\/vc_row][vc_row][vc_column][\/vc_column][\/vc_row]<\/p>\n<\/section>","protected":false},"excerpt":{"rendered":"<p>[vc_row full_width=&#8221;stretch_row&#8221; content_placement=&#8221;middle&#8221; css=&#8221;.vc_custom_1547123747003{margin-top: -20px !important;border-bottom-width: -8px !important;padding-bottom: 240px !important;background-image: url(https:\/\/fg.ull.es\/idiomas\/wp-content\/uploads\/sites\/13\/2019\/01\/Catedral.jpg?id=5529) !important;background-position: center !important;background-repeat: no-repeat !important;background-size: cover !important;border-bottom-color: rgba(0,0,0,0.1) !important;border-bottom-style: solid !important;}&#8221;][vc_column][vc_empty_space height=&#8221;50&#8243;][vc_custom_heading text=&#8221;&#8221; font_container=&#8221;tag:h2|font_size:144|text_align:center|color:%23ffffff&#8221; use_theme_fonts=&#8221;yes&#8221; css=&#8221;.vc_custom_1544015845965{padding-top: 180px !important;}&#8221;][vc_custom_heading text=&#8221;Jornadas Servicios de Idiomas de las Universidades Espa\u00f1olas&#8221; font_container=&#8221;tag:h1|font_size:39|text_align:center|color:%23ffffff&#8221; use_theme_fonts=&#8221;yes&#8221; css=&#8221;.vc_custom_1547124529685{margin-top: -12px !important;}&#8221;][vc_empty_space height=&#8221;30&#8243;][vc_custom_heading text=&#8221;21 Y 22 FEBRERO &#8211; TENERIFE &#8211; 2019&#8243; font_container=&#8221;tag:h2|font_size:34|text_align:center|color:%23ffffff&#8221; use_theme_fonts=&#8221;yes&#8221; css=&#8221;.vc_custom_1547126300286{margin-top: -12px&#8230;<\/p>\n","protected":false},"author":1,"featured_media":0,"parent":0,"menu_order":0,"comment_status":"closed","ping_status":"closed","template":"templates\/template-frontpage.php","meta":{"footnotes":""},"_links":{"self":[{"href":"https:\/\/fg.ull.es\/idiomas\/wp-json\/wp\/v2\/pages\/5528"}],"collection":[{"href":"https:\/\/fg.ull.es\/idiomas\/wp-json\/wp\/v2\/pages"}],"about":[{"href":"https:\/\/fg.ull.es\/idiomas\/wp-json\/wp\/v2\/types\/page"}],"author":[{"embeddable":true,"href":"https:\/\/fg.ull.es\/idiomas\/wp-json\/wp\/v2\/users\/1"}],"replies":[{"embeddable":true,"href":"https:\/\/fg.ull.es\/idiomas\/wp-json\/wp\/v2\/comments?post=5528"}],"version-history":[{"count":0,"href":"https:\/\/fg.ull.es\/idiomas\/wp-json\/wp\/v2\/pages\/5528\/revisions"}],"wp:attachment":[{"href":"https:\/\/fg.ull.es\/idiomas\/wp-json\/wp\/v2\/media?parent=5528"}],"curies":[{"name":"wp","href":"https:\/\/api.w.org\/{rel}","templated":true}]}}