{"id":3585,"date":"2016-09-16T10:43:42","date_gmt":"2016-09-16T10:43:42","guid":{"rendered":"https:\/\/fg.ull.es\/idiomas\/?page_id=3585"},"modified":"2024-01-30T12:31:26","modified_gmt":"2024-01-30T12:31:26","slug":"becas","status":"publish","type":"page","link":"https:\/\/fg.ull.es\/idiomas\/becas\/","title":{"rendered":"Becas"},"content":{"rendered":"<section class=\"wpb-content-wrapper\"><p>[vc_row full_width=&#8221;stretch_row_content_no_spaces&#8221; css=&#8221;.vc_custom_1706616555658{background-image: url(https:\/\/fg.ull.es\/idiomas\/wp-content\/uploads\/sites\/13\/2024\/01\/Sliders-generico.png?id=10302) !important;background-position: center !important;background-repeat: no-repeat !important;background-size: cover !important;}&#8221;][vc_column offset=&#8221;vc_hidden-sm vc_hidden-xs&#8221;][vc_empty_space height=&#8221;100px&#8221;][vc_row_inner][vc_column_inner width=&#8221;1\/3&#8243;][\/vc_column_inner][vc_column_inner width=&#8221;2\/3&#8243;][vc_custom_heading text=&#8221;CONVOCATORIAS<br \/>\nDE BECAS&#8221; font_container=&#8221;tag:h2|font_size:50|text_align:center&#8221; use_theme_fonts=&#8221;yes&#8221;][\/vc_column_inner][\/vc_row_inner][vc_empty_space height=&#8221;100px&#8221;][\/vc_column][\/vc_row][vc_row full_width=&#8221;stretch_row_content_no_spaces&#8221; css=&#8221;.vc_custom_1706616828901{background-image: url(https:\/\/fg.ull.es\/idiomas\/wp-content\/uploads\/sites\/13\/2023\/11\/Sliders-idiomas_pruebas-nivel-mobile-1.png?id=10252) !important;background-position: center !important;background-repeat: no-repeat !important;background-size: cover !important;}&#8221;][vc_column offset=&#8221;vc_hidden-lg vc_hidden-md&#8221;][vc_empty_space height=&#8221;100px&#8221;][vc_custom_heading text=&#8221;CONVOCATORIAS DE BECAS&#8221; font_container=&#8221;tag:h2|font_size:30|text_align:center&#8221; use_theme_fonts=&#8221;yes&#8221;][vc_empty_space height=&#8221;200px&#8221;][\/vc_column][\/vc_row][vc_row][vc_column][vc_column_text]El <a href=\"https:\/\/fg.ull.es\/idiomas\/\" target=\"_blank\" rel=\"noopener\">Servicio de Idiomas de la ULL<\/a>, a trav\u00e9s de la\u00a0<a href=\"https:\/\/fg.ull.es\/\" target=\"_blank\" rel=\"noopener\">Fundaci\u00f3n General de la Universidad de la Laguna<\/a>, gestiona diferentes tipos de becas de idiomas con el objetivo de facilitar el acceso del alumnado universitario de la <a href=\"https:\/\/www.ull.es\/\" target=\"_blank\" rel=\"noopener\">ULL<\/a> a la formaci\u00f3n en idiomas extranjeros.[\/vc_column_text][vc_empty_space height=&#8221;64px&#8221;][vc_custom_heading text=&#8221;Consulta las \u00faltimas convocatorias de becas:&#8221; use_theme_fonts=&#8221;yes&#8221;][\/vc_column][\/vc_row][vc_row][vc_column][vc_tta_accordion style=&#8221;flat&#8221; shape=&#8221;square&#8221; spacing=&#8221;2&#8243; gap=&#8221;2&#8243; active_section=&#8221;1&#8243;][vc_tta_section title=&#8221;Becas Prolingua&#8221; tab_id=&#8221;becas-prolingua&#8221;][vc_column_text]<\/p>\n<h4>Becas Universitas Prolingua para el alumnado del Servicio de Idiomas de la Universidad de La Laguna.<\/h4>\n<p>Consulta la informaci\u00f3n publicada de <a href=\"https:\/\/fg.ull.es\/noticias\/category\/formacion\/becas-universitas-prolingua\/\">becas universitarias prolingua <strong>en el tabl\u00f3n de anuncios<\/strong><\/a> de la Fundaci\u00f3n.[\/vc_column_text][vc_empty_space][vc_btn title=&#8221;Becas Universitarias Prolingua&#8221; style=&#8221;custom&#8221; custom_background=&#8221;#5c068c&#8221; custom_text=&#8221;#ffffff&#8221; shape=&#8221;square&#8221; size=&#8221;lg&#8221; align=&#8221;center&#8221; i_icon_fontawesome=&#8221;fas fa-arrow-alt-circle-right&#8221; css_animation=&#8221;bounceInDown&#8221; add_icon=&#8221;true&#8221; link=&#8221;url:https%3A%2F%2Ffg.ull.es%2Fnoticias%2Fcategory%2Fformacion%2Fbecas-universitas-prolingua%2F&#8221;][vc_empty_space][\/vc_tta_section][vc_tta_section title=&#8221;Becas de Inmersi\u00f3n Ling\u00fc\u00edstica&#8221; tab_id=&#8221;becas-de-inmersion-linguistica&#8221;][vc_column_text]<strong>CONVOCATORIA DE 36 BOLSAS DE AYUDAS IDIOM\u00c1TICAS DEL PROGRAMA DE INMERSI\u00d3N LING\u00dc\u00cdSTICA Y LABORAL 2020 PARA EL ALUMNADO Y PERSONAS TITULADAS DE LA UNIVERSIDAD DE LA LAGUNA.<\/strong><\/p>\n<p>Con el fin de mejorar las competencias ling\u00fc\u00edsticas, obtener una experiencia laboral en el extranjero y favorecer el desarrollo integral a trav\u00e9s del conocimiento de primera mano de otras culturas, la Universidad de La Laguna, a trav\u00e9s de su Fundaci\u00f3n, ha resuelto convocar bolsas de ayuda de inmersi\u00f3n ling\u00fc\u00edstica y laboral, financiadas mediante las aportaciones del Excmo. Cabildo Insular de Tenerife.<\/p>\n<p><strong>Finalidad de las ayudas:<\/strong> Colaborar con la financiaci\u00f3n para facilitar al alumnado y personas egresadas una experiencia en el extranjero de forma que mejoren su conocimiento de la lengua inglesa. Las personas beneficiarias deber\u00e1n realizar una estancia con pr\u00e1cticas en empresas, de 8 semanas como m\u00ednimo, en un pa\u00eds comunitario de habla inglesa, y compaginarlo con la realizaci\u00f3n de un curso de ingl\u00e9s de, al menos, 50 horas.<\/p>\n<p><strong>Beneficiarios\/as:<\/strong> podr\u00e1n concurrir a la presente convocatoria aquellas <strong>personas empadronadas en alg\u00fan municipio de Tenerife<\/strong> con, al menos, un a\u00f1o de antig\u00fcedad inmediatamente anterior a la fecha de finalizaci\u00f3n de presentaci\u00f3n de solicitudes de la convocatoria, que <strong>acrediten un nivel de ingl\u00e9s B1 o superior<\/strong> y que cumplan con alguno de los siguientes requisitos:<\/p>\n<p>Esta convocatoria finaliz\u00f3\u00a0<strong>el 13 de marzo de 2020.<\/strong>[\/vc_column_text][\/vc_tta_section][\/vc_tta_accordion][\/vc_column][\/vc_row][vc_row disable_element=&#8221;yes&#8221;][vc_column][vc_column_text]<strong>320 BECAS UNIVERSITAS PROLINGUA PARA EL ALUMNADO DEL SERVICIO DE IDIOMAS DE LA UNIVERSIDAD DE LA LAGUNA MATRICULADO EN EL PRIMER Y SEGUNDO CUATRIMESTRE DEL CURSO 2019\/2020<\/strong><\/p>\n<p><span style=\"font-weight: 400\">Con el objetivo de facilitar el acceso del alumnado universitario de la ULL a los idiomas extranjeros, la Universidad de La Laguna ha resuelto convocar becas de apoyo a la formaci\u00f3n en idiomas, financiadas mediante las aportaciones del Excmo. Cabildo Insular de Tenerife.<\/span><\/p>\n<p><b>Finalidad de las becas:<\/b><span style=\"font-weight: 400\"> cubrir parcialmente los gastos de matr\u00edcula del alumnado del Servicio de Idiomas de la Universidad de La Laguna que resulte beneficiario de esta ayuda.<\/span><\/p>\n<p><b>Beneficiarios\/as:<\/b><span style=\"font-weight: 400\">\u00a0podr\u00e1n participar en esta convocatoria aquellas personas empadronadas en alg\u00fan municipio de Tenerife con, al menos, un a\u00f1o de antig\u00fcedad inmediatamente anterior a la fecha de finalizaci\u00f3n de presentaci\u00f3n de solicitudes de la convocatoria y que cumplan con alguno de los siguientes requisitos:<\/span><\/p>\n<p>a) Estar matriculado en alguna titulaci\u00f3n de grado, posgrado o programa de doctorado de la Universidad de La Laguna en el curso 2019\/2020.<\/p>\n<p>b) Tener la condici\u00f3n de demandante de empleo y haber finalizado sus estudios en alguna de las universidades p\u00fablicas canarias a partir del a\u00f1o 2007.<\/p>\n<p><span style=\"font-weight: 400\"><strong><a href=\"https:\/\/drive.google.com\/file\/d\/1Rokh90aQSwTlt4vvivSOjOjNOMxugZkI\/view\" target=\"_blank\" rel=\"noopener\">Bases de la convocatoria<\/a><\/strong><br \/>\nDocumento de solicitud de beca (<a href=\"https:\/\/drive.google.com\/file\/d\/1rr3DWn2Atw1G7hrSj3EgNNtWl72kwCfa\/view\" target=\"_blank\" rel=\"noopener\">WORD<\/a>, <a href=\"https:\/\/drive.google.com\/file\/d\/1hsE-GsEJMm0RgbWb0zhmceCXXJ74hwT8\/view\" target=\"_blank\" rel=\"noopener\">ODT<\/a>, <a href=\"https:\/\/drive.google.com\/file\/d\/1wR9h1nchy7_8iee6AXdwR_sybQvmIHoE\/view\" target=\"_blank\" rel=\"noopener\">PDF<\/a>)<\/span><\/p>\n<p><span style=\"font-weight: 400\">Se podr\u00e1 formalizar la solicitud hasta el 24 de marzo de 2020 por alguna de estas v\u00edas:<\/span><\/p>\n<ul>\n<li><a href=\"https:\/\/sede.fg.ull.es\/es\/curso\/detalle\/a20030121\/becas-prolingua-2019-2020\" target=\"_blank\" rel=\"noopener\"><span style=\"font-weight: 400\">De forma telem\u00e1tica<\/span><\/a><\/li>\n<li><span style=\"font-weight: 400\"><a href=\"https:\/\/fg.ull.es\/fundacion\/donde-estamos\/\" target=\"_blank\" rel=\"noopener\">De forma presencial<\/a><br \/>\n<\/span><\/li>\n<\/ul>\n<p>[\/vc_column_text][vc_column_text]<strong>CONVOCATORIA DE 36 BOLSAS DE AYUDAS IDIOM\u00c1TICAS DEL PROGRAMA DE INMERSI\u00d3N LING\u00dc\u00cdSTICA Y LABORAL 2020 PARA EL ALUMNADO Y PERSONAS TITULADAS DE LA UNIVERSIDAD DE LA LAGUNA.<\/strong><\/p>\n<p>Con el fin de mejorar las competencias ling\u00fc\u00edsticas, obtener una experiencia laboral en el extranjero y favorecer el desarrollo integral a trav\u00e9s del conocimiento de primera mano de otras culturas, la Universidad de La Laguna, a trav\u00e9s de su Fundaci\u00f3n, ha resuelto convocar bolsas de ayuda de inmersi\u00f3n ling\u00fc\u00edstica y laboral, financiadas mediante las aportaciones del Excmo. Cabildo Insular de Tenerife.<\/p>\n<p><strong>Finalidad de las ayudas:<\/strong> Colaborar con la financiaci\u00f3n para facilitar al alumnado y personas egresadas una experiencia en el extranjero de forma que mejoren su conocimiento de la lengua inglesa. Las personas beneficiarias deber\u00e1n realizar una estancia con pr\u00e1cticas en empresas, de 8 semanas como m\u00ednimo, en un pa\u00eds comunitario de habla inglesa, y compaginarlo con la realizaci\u00f3n de un curso de ingl\u00e9s de, al menos, 50 horas.<\/p>\n<p><strong>Beneficiarios\/as:<\/strong> podr\u00e1n concurrir a la presente convocatoria aquellas <strong>personas empadronadas en alg\u00fan municipio de Tenerife<\/strong> con, al menos, un a\u00f1o de antig\u00fcedad inmediatamente anterior a la fecha de finalizaci\u00f3n de presentaci\u00f3n de solicitudes de la convocatoria, que <strong>acrediten un nivel de ingl\u00e9s B1 o superior<\/strong> y que cumplan con alguno de los siguientes requisitos:<\/p>\n<p>a) Personas matriculadas en alguna titulaci\u00f3n de grado de la Universidad de La Laguna en el curso 2019\/2020 que tenga aprobado, al menos, el 50% de los cr\u00e9ditos requeridos de su titulaci\u00f3n.<\/p>\n<p>b) Personas matriculadas en un posgrado o programa de doctorado de la Universidad de La Laguna en el curso 2019\/2020<\/p>\n<p>c) Personas tituladas en la Universidad de La Laguna a partir del curso acad\u00e9mico 2017\/2018<\/p>\n<p><span style=\"font-weight: 400\"><a href=\"https:\/\/drive.google.com\/file\/d\/1RhMHHVUogLxX64lQqjMDPq-agujyEX4K\/view\" target=\"_blank\" rel=\"noopener\"><strong>Bases de la convocatoria<\/strong><\/a><br \/>\nD<\/span>ocumento de solicitud de bolsa de ayuda (<a href=\"https:\/\/drive.google.com\/file\/d\/1f608E5TdInxC_i99PquEeCuUgYTjXDmF\/view\" target=\"_blank\" rel=\"noopener\">WOD<\/a>, <a href=\"https:\/\/drive.google.com\/file\/d\/1rCaCqjQACLyDqXqCU6XqcyoOizEB2hLK\/view\" target=\"_blank\" rel=\"noopener\">ODT<\/a>, <a href=\"https:\/\/drive.google.com\/file\/d\/1dDQKs0KkiE0Zvusm4SwcO9a8_8jDMX7Z\/view\" target=\"_blank\" rel=\"noopener\">PDF<\/a>)<\/p>\n<p>Se podr\u00e1 formalizar la solicitud <strong>hasta el 13 de marzo de 2020<\/strong> por alguna de estas v\u00edas:<\/p>\n<ul>\n<li><a href=\"https:\/\/sede.fg.ull.es\/es\/curso\/detalle\/a20030143\/solicitud-de-bolsa-de-ayuda-programa-inmersion-linguistica-y-laboral-2020\" target=\"_blank\" rel=\"noopener\">De forma telem\u00e1tica<\/a><\/li>\n<li><a href=\"https:\/\/fg.ull.es\/fundacion\/donde-estamos\/\" target=\"_blank\" rel=\"noopener\">De forma presencial<\/a><\/li>\n<\/ul>\n<p>[\/vc_column_text][vc_column_text]<\/p>\n<h3>38 BECAS DE INTERNACIONALIZACI\u00d3N IDIOM\u00c1TICA E INMERSI\u00d3N LING\u00dc\u00cdSTICA EN INGL\u00c9S PARA ALUMNADO Y PERSONAS EGRESADAS DE GRADO EN MAESTRO EN EDUCACI\u00d3N INFANTIL Y GRADO EN MAESTRO EN EDUCACI\u00d3N PRIMARIA, AMBOS CON MENCI\u00d3N EN INGL\u00c9S<\/h3>\n<p><span style=\"font-weight: 400\">Con el objetivo de facilitar el acceso del alumnado universitario de la ULL a los idiomas extranjeros, el Vicerrectorado de Internacionalizaci\u00f3n de la Universidad de La Laguna ha resuelto convocar becas de Internacionalizaci\u00f3n Idiom\u00e1tica e Inmersi\u00f3n Ling\u00fc\u00edstica en ingl\u00e9s, financiadas mediante las aportaciones del\u00a0Excmo. Cabildo Insular de Tenerife, el Vicerrectorado de Internacionalizaci\u00f3n de la Universidad de La Laguna y de la Fundaci\u00f3n General de la Universidad de la Laguna.<\/span><\/p>\n<p><strong>Finalidad de las becas<\/strong><span style=\"font-weight: 400\">: colaborar con la cobertura de los gastos de desplazamiento, estancia, manutenci\u00f3n y la matr\u00edcula en un curso intensivo de ingl\u00e9s de, al menos, seis semanas de duraci\u00f3n m\u00ednima de al menos 20 horas semanales, en cualquier pa\u00eds comunitario (UE) de habla inglesa.<\/span><\/p>\n<p><strong>Beneficiarios\/as<\/strong><span style=\"font-weight: 400\">: alumnado y personas egresadas de Grado en Maestro en Educaci\u00f3n Infantil y Grado, ambos con menci\u00f3n en ingl\u00e9s, que posean un nivel m\u00ednimo de B1 de ingl\u00e9s, seg\u00fan las bases de la convocatoria.<\/span><\/p>\n<ul>\n<li style=\"list-style-type: none\">\n<ul>\n<li style=\"font-weight: 400\"><a href=\"https:\/\/fg.ull.es\/idiomas\/wp-content\/uploads\/2018\/04\/Bases-de-la-convocatoria.pdf\"><span style=\"font-weight: 400\">Bases de la convocatoria<\/span><\/a><\/li>\n<li style=\"font-weight: 400\"><a href=\"https:\/\/fg.ull.es\/idiomas\/wp-content\/uploads\/2018\/04\/Publicaci\u00f3n_boc-a-2018-065-1573.pdf\"><span style=\"font-weight: 400\">Publicaci\u00f3n BOC<\/span><\/a><\/li>\n<li style=\"font-weight: 400\"><a href=\"https:\/\/fg.ull.es\/idiomas\/wp-content\/uploads\/2018\/04\/Solicitud_Becas_Internacionaliz_idiomatica_inmersi\u00f3n_educacion.pdf\"><span style=\"font-weight: 400\">Documento de solicitud<\/span><\/a><\/li>\n<\/ul>\n<\/li>\n<\/ul>\n<p><span style=\"font-weight: 400\">El <\/span><span style=\"font-weight: 400\">plazo de presentaci\u00f3n de solicitudes<\/span><span style=\"font-weight: 400\">: del <\/span><b>05\/4\/2018 <\/b>al<b> 3\/5\/2018<\/b><\/p>\n<p><span style=\"font-weight: 400\">Las solicitudes se presentar\u00e1n en la secretar\u00eda de la Fundaci\u00f3n General de la Universidad de La Laguna (sita en planta 0 del Aulario Torre Profesor Agust\u00edn Ar\u00e9valo, en Campus Central de la ULL, Avenida de La Trinidad, n\u00ba 61, de La Laguna). <\/span><\/p>\n<p>&nbsp;<\/p>\n<h3><b>CONVOCATORIA DE 38 BECAS DE INTERNACIONALIZACI\u00d3N IDIOM\u00c1TICA E INMERSI\u00d3N LING\u00dc\u00cdSTICA\u00a0EN INGL\u00c9S PARA ALUMNADO DE EXCELENCIA DE LA UNIVERSIDAD DE LA LAGUNA DEL CURSO 2017\/2018<\/b><\/h3>\n<p><span style=\"font-weight: 400\">Con el objetivo de premiar el esfuerzo del alumnado universitario de la ULL \u00a0m\u00e1s brillante el Vicerrectorado de Internacionalizaci\u00f3n de la Universidad de La Laguna ha resuelto convocar becas de Internacionalizaci\u00f3n Idiom\u00e1tica e Inmersi\u00f3n Ling\u00fc\u00edstica en ingl\u00e9s, financiadas mediante las aportaciones del\u00a0Excmo. Cabildo Insular de Tenerife, el Vicerrectorado de Internacionalizaci\u00f3n de la Universidad de La Laguna y de la Fundaci\u00f3n General de la Universidad de la Laguna.<\/span><\/p>\n<p><span style=\"font-weight: 400\">Finalidad de las becas<\/span><span style=\"font-weight: 400\">: colaborar con la cobertura de los gastos de desplazamiento, estancia, manutenci\u00f3n y la matr\u00edcula en un curso intensivo de ingl\u00e9s de, al menos, seis semanas de duraci\u00f3n m\u00ednima de, al menos, 20 horas semanales, en cualquier pa\u00eds comunitario de habla inglesa.<\/span><\/p>\n<p><span style=\"font-weight: 400\">Beneficiarios\/as<\/span><span style=\"font-weight: 400\">: alumnado de la ULL del curso 2017\/2018 con expediente acad\u00e9mico con una nota media igual o superior a 7, con nivel ingl\u00e9s B1<\/span><\/p>\n<ul>\n<li style=\"list-style-type: none\">\n<ul>\n<li style=\"font-weight: 400\"><a href=\"https:\/\/fg.ull.es\/idiomas\/wp-content\/uploads\/2018\/05\/10.-Resolucion-10_2018_Becas-Excelencia_Firmado.pdf\"><span style=\"font-weight: 400\">Bases de la convocatoria<\/span><\/a><\/li>\n<li style=\"font-weight: 400\"><a href=\"https:\/\/fg.ull.es\/idiomas\/wp-content\/uploads\/2018\/05\/Publicaci\u00f3n_boc-a-2018-087-2172.pdf\"><span style=\"font-weight: 400\">Publicaci\u00f3n BOC<\/span><\/a><\/li>\n<li style=\"font-weight: 400\"><a href=\"https:\/\/fg.ull.es\/idiomas\/wp-content\/uploads\/2018\/05\/solicitud-de-Becas_Internacionaliz_idiomatica_inmersi\u00f3n_alumnado_excelencia_R.pdf\"><span style=\"font-weight: 400\">Documento de solicitud<\/span><\/a><\/li>\n<\/ul>\n<\/li>\n<\/ul>\n<p><span style=\"font-weight: 400\">El <\/span><span style=\"font-weight: 400\">plazo de presentaci\u00f3n de solicitudes<\/span><span style=\"font-weight: 400\">: del <\/span><b>08\/05\/2018 al 05\/06\/2018<\/b><\/p>\n<p><span style=\"font-weight: 400\">Las solicitudes se presentar\u00e1n en la secretar\u00eda de la Fundaci\u00f3n General de la Universidad de La Laguna (sita en planta 0 del Aulario Torre Profesor Agust\u00edn Ar\u00e9valo, en Campus Central de la ULL, Avenida de La Trinidad, n\u00ba 61, de La Laguna). <\/span><\/p>\n<p>[\/vc_column_text][\/vc_column][\/vc_row]<\/p>\n<\/section>","protected":false},"excerpt":{"rendered":"<p>[vc_row full_width=&#8221;stretch_row_content_no_spaces&#8221; css=&#8221;.vc_custom_1706616555658{background-image: url(https:\/\/fg.ull.es\/idiomas\/wp-content\/uploads\/sites\/13\/2024\/01\/Sliders-generico.png?id=10302) !important;background-position: center !important;background-repeat: no-repeat !important;background-size: cover !important;}&#8221;][vc_column offset=&#8221;vc_hidden-sm vc_hidden-xs&#8221;][vc_empty_space height=&#8221;100px&#8221;][vc_row_inner][vc_column_inner width=&#8221;1\/3&#8243;][\/vc_column_inner][vc_column_inner width=&#8221;2\/3&#8243;][vc_custom_heading text=&#8221;CONVOCATORIAS DE BECAS&#8221; font_container=&#8221;tag:h2|font_size:50|text_align:center&#8221; use_theme_fonts=&#8221;yes&#8221;][\/vc_column_inner][\/vc_row_inner][vc_empty_space height=&#8221;100px&#8221;][\/vc_column][\/vc_row][vc_row full_width=&#8221;stretch_row_content_no_spaces&#8221; css=&#8221;.vc_custom_1706616828901{background-image: url(https:\/\/fg.ull.es\/idiomas\/wp-content\/uploads\/sites\/13\/2023\/11\/Sliders-idiomas_pruebas-nivel-mobile-1.png?id=10252) !important;background-position: center !important;background-repeat: no-repeat !important;background-size: cover !important;}&#8221;][vc_column offset=&#8221;vc_hidden-lg vc_hidden-md&#8221;][vc_empty_space height=&#8221;100px&#8221;][vc_custom_heading text=&#8221;CONVOCATORIAS DE BECAS&#8221; font_container=&#8221;tag:h2|font_size:30|text_align:center&#8221; use_theme_fonts=&#8221;yes&#8221;][vc_empty_space height=&#8221;200px&#8221;][\/vc_column][\/vc_row][vc_row][vc_column][vc_column_text]El Servicio de Idiomas de la ULL, a trav\u00e9s de la\u00a0Fundaci\u00f3n General de la Universidad&#8230;<\/p>\n","protected":false},"author":1,"featured_media":8108,"parent":0,"menu_order":0,"comment_status":"closed","ping_status":"closed","template":"templates\/template-frontpage.php","meta":{"footnotes":""},"_links":{"self":[{"href":"https:\/\/fg.ull.es\/idiomas\/wp-json\/wp\/v2\/pages\/3585"}],"collection":[{"href":"https:\/\/fg.ull.es\/idiomas\/wp-json\/wp\/v2\/pages"}],"about":[{"href":"https:\/\/fg.ull.es\/idiomas\/wp-json\/wp\/v2\/types\/page"}],"author":[{"embeddable":true,"href":"https:\/\/fg.ull.es\/idiomas\/wp-json\/wp\/v2\/users\/1"}],"replies":[{"embeddable":true,"href":"https:\/\/fg.ull.es\/idiomas\/wp-json\/wp\/v2\/comments?post=3585"}],"version-history":[{"count":5,"href":"https:\/\/fg.ull.es\/idiomas\/wp-json\/wp\/v2\/pages\/3585\/revisions"}],"predecessor-version":[{"id":10327,"href":"https:\/\/fg.ull.es\/idiomas\/wp-json\/wp\/v2\/pages\/3585\/revisions\/10327"}],"wp:featuredmedia":[{"embeddable":true,"href":"https:\/\/fg.ull.es\/idiomas\/wp-json\/wp\/v2\/media\/8108"}],"wp:attachment":[{"href":"https:\/\/fg.ull.es\/idiomas\/wp-json\/wp\/v2\/media?parent=3585"}],"curies":[{"name":"wp","href":"https:\/\/api.w.org\/{rel}","templated":true}]}}