{"id":2752,"date":"2015-04-15T11:37:38","date_gmt":"2015-04-15T11:37:38","guid":{"rendered":"https:\/\/fg.ull.es\/idiomas\/?page_id=2752"},"modified":"2025-05-28T10:20:29","modified_gmt":"2025-05-28T09:20:29","slug":"cursos-de-verano-para-jovenes","status":"publish","type":"page","link":"https:\/\/fg.ull.es\/idiomas\/cursos-de-verano-para-jovenes\/","title":{"rendered":"Cursos de verano para J\u00f3venes"},"content":{"rendered":"<section class=\"wpb-content-wrapper\"><p>[vc_row full_width=&#8221;stretch_row_content&#8221; css=&#8221;.vc_custom_1748422501420{background-image: url(https:\/\/fg.ull.es\/idiomas\/wp-content\/uploads\/sites\/13\/2025\/05\/1.png?id=11000) !important;}&#8221;][vc_column][vc_empty_space height=&#8221;400px&#8221;][\/vc_column][\/vc_row][vc_row][vc_column][vc_empty_space][vc_custom_heading text=&#8221;Este verano, la gente joven de la familia vivir\u00e1 una aventura ling\u00fc\u00edstica intensiva en ingl\u00e9s y coreano&#8221; font_container=&#8221;tag:h2|text_align:center|color:%23cd9400&#8243; use_theme_fonts=&#8221;yes&#8221; css_animation=&#8221;bounceIn&#8221;][vc_empty_space][\/vc_column][\/vc_row][vc_row full_width=&#8221;stretch_row&#8221; css=&#8221;.vc_custom_1746445113434{background-color: #eaeaea !important;}&#8221;][vc_column][vc_column_text]<\/p>\n<h2 style=\"color: #000\">\u00bfC\u00f3mo?<\/h2>\n<ul>\n<li><strong><span style=\"color: #f22b3b\">Teen English Express<\/span>: <\/strong>60 horas de formaci\u00f3n con preparaci\u00f3n para el modelo de examen <strong>Oxford Test of English for Schools<\/strong>.<\/li>\n<li><strong><span style=\"color: #33ab73\">Teen K-Express<\/span>: <\/strong>56 horas de formaci\u00f3n. No son necesarios conocimientos previos del idioma.<\/li>\n<\/ul>\n<p>[\/vc_column_text][vc_empty_space][vc_column_text]<\/p>\n<h2 style=\"color: #000\">\u00bfCu\u00e1ndo y d\u00f3nde?<\/h2>\n<ul>\n<li><span style=\"color: #f22b3b\"><strong>Teen English Express<\/strong><\/span>: Del 25 de junio al 29 de julio.<\/li>\n<li><span style=\"color: #33ab73\"><strong>Teen K-Express<\/strong><\/span>: Del 23 de junio al 29 de julio.<\/li>\n<\/ul>\n<p>En sesiones de ma\u00f1ana. En las instalaciones de la Universidad de La Laguna. M\u00e1s informaci\u00f3n \u2b07\ufe0f[\/vc_column_text][vc_empty_space][\/vc_column][\/vc_row][vc_row][vc_column][vc_empty_space][vc_row_inner][vc_column_inner width=&#8221;1\/2&#8243;][vc_single_image image=&#8221;11001&#8243; img_size=&#8221;full&#8221; alignment=&#8221;center&#8221; onclick=&#8221;custom_link&#8221; img_link_target=&#8221;_blank&#8221; css_animation=&#8221;fadeIn&#8221; link=&#8221;https:\/\/sede.fg.ull.es\/es\/idioma\/detalle\/A25050255\/coreano-teen-k-express-mas-alla-del-hangul&#8221;][vc_cta h2=&#8221;Tarifa V.I.P. verano&#8221; txt_align=&#8221;center&#8221; style=&#8221;outline&#8221; color=&#8221;orange&#8221; css_animation=&#8221;bounceInLeft&#8221;]<\/p>\n<h2 style=\"text-align: center\"><span style=\"color: #33ab73\"><strong>\u00a1Solo hasta el 10 de junio!<\/strong><\/span><\/h2>\n<h3 style=\"text-align: center\">180\u20ac curso<\/h3>\n<p style=\"text-align: center\"><strong><span style=\"color: #f7be68\">Precio normal: 252\u20ac curso<\/span><\/strong><\/p>\n<p style=\"text-align: center\">Adem\u00e1s, ll\u00e9vate una bolsa de tela con un dise\u00f1o exclusivo de regalo<\/p>\n<p>[\/vc_cta][vc_btn title=&#8221;\u00a1Inscripciones en Teen K-Express!&#8221; style=&#8221;custom&#8221; custom_background=&#8221;#33ab73&#8243; custom_text=&#8221;#ffffff&#8221; size=&#8221;lg&#8221; align=&#8221;center&#8221; css_animation=&#8221;bounceIn&#8221; link=&#8221;url:https%3A%2F%2Fsede.fg.ull.es%2Fes%2Fidioma%2Fdetalle%2FA25050255%2Fcoreano-teen-k-express-mas-alla-del-hangul|target:_blank&#8221;][\/vc_column_inner][vc_column_inner width=&#8221;1\/2&#8243;][vc_single_image image=&#8221;11002&#8243; img_size=&#8221;full&#8221; alignment=&#8221;center&#8221; onclick=&#8221;custom_link&#8221; img_link_target=&#8221;_blank&#8221; css_animation=&#8221;fadeIn&#8221; link=&#8221;https:\/\/sede.fg.ull.es\/es\/idioma\/detalle?code=a25050231&amp;name=ingles-teen-english-express-intensive-summer-learning&#8221;][vc_cta h2=&#8221;Tarifa V.I.P. verano&#8221; txt_align=&#8221;center&#8221; style=&#8221;outline&#8221; color=&#8221;orange&#8221; css_animation=&#8221;bounceInLeft&#8221;]<\/p>\n<h2 style=\"text-align: center\"><span style=\"color: #f22b3b\"><strong>\u00a1Solo hasta el 10 de junio!<\/strong><\/span><\/h2>\n<h4 style=\"text-align: center\"><strong>195 \u20ac curso<br \/>\n270 \u20ac curso + acreditaci\u00f3n<\/strong><\/h4>\n<p style=\"text-align: center;color: #f7be68\"><strong>Precio normal<\/strong>: <strong>265\u20ac<\/strong> (curso) y<strong>\u00a0345\u20ac<\/strong>\u00a0(curso + acreditaci\u00f3n Oxford for Schools)<\/p>\n<p>[\/vc_cta][vc_btn title=&#8221;\u00a1Inscripciones en Teen English Express!&#8221; style=&#8221;custom&#8221; custom_background=&#8221;#f22b3b&#8221; custom_text=&#8221;#ffffff&#8221; size=&#8221;lg&#8221; align=&#8221;center&#8221; css_animation=&#8221;bounceIn&#8221; link=&#8221;url:https%3A%2F%2Fsede.fg.ull.es%2Fes%2Fidioma%2Fdetalle%3Fcode%3Da25050231%26name%3Dingles-teen-english-express-intensive-summer-learning|target:_blank&#8221;][\/vc_column_inner][\/vc_row_inner][vc_empty_space][\/vc_column][\/vc_row][vc_row full_width=&#8221;stretch_row&#8221; css=&#8221;.vc_custom_1746445166095{background-color: #eaeaea !important;}&#8221;][vc_column][vc_empty_space][vc_custom_heading text=&#8221;Disponibilidad de un 20% de descuento sobre las tarifas para familiares en primer grado de consanguinidad de la comunidad universitaria ULL y de la FGULL.&#8221; font_container=&#8221;tag:h2|text_align:left|color:%23cd9400&#8243; use_theme_fonts=&#8221;yes&#8221; css_animation=&#8221;bounceInUp&#8221;][vc_empty_space][vc_empty_space height=&#8221;64px&#8221;][\/vc_column][\/vc_row][vc_row disable_element=&#8221;yes&#8221;][vc_column][vc_row_inner disable_element=&#8221;yes&#8221;][vc_column_inner width=&#8221;1\/2&#8243;][vc_column_text css_animation=&#8221;bounceInLeft&#8221;]<\/p>\n<div id=\"veranojovenes\">\n<div style=\"margin-top: 50px;background-color: #e6313e;padding: 30px 10px 15px 20px\">\n<div class=\"span9\">\n<h2 style=\"color: white;font-family: Open sans;border-bottom: 1px dotted\">\u00bfCu\u00e1nto cuesta?<\/h2>\n<\/div>\n<div class=\"span4\">\n<h2 style=\"text-align: center!important;font-size: 40px!important;padding: 30px\">250\u20ac<\/h2>\n<h4 style=\"color: lightgrey;text-align: center!important\">Tarifa solo curso<\/h4>\n<\/div>\n<\/div>\n<\/div>\n<p>[\/vc_column_text][\/vc_column_inner][vc_column_inner width=&#8221;1\/2&#8243;][vc_column_text css_animation=&#8221;bounceInRight&#8221;]<\/p>\n<div id=\"veranojovenes\">\n<div style=\"margin-top: 50px;background-color: #e6313e;padding: 30px 10px 15px 20px\">\n<div class=\"span9\">\n<h2 style=\"color: white;font-family: Open sans;border-bottom: 1px dotted\">\u00bfCu\u00e1nto cuesta?<\/h2>\n<\/div>\n<div class=\"span4\">\n<h2 style=\"text-align: center!important;font-size: 40px!important;padding: 30px\">335\u20ac<\/h2>\n<h4 style=\"color: lightgrey;text-align: center!important\">Tarifa solo curso + acreditaci\u00f3n Oxford for Schools<\/h4>\n<\/div>\n<\/div>\n<\/div>\n<p>[\/vc_column_text][\/vc_column_inner][\/vc_row_inner][vc_row_inner][vc_column_inner width=&#8221;1\/2&#8243;][vc_column_text css_animation=&#8221;bounceInLeft&#8221;]<\/p>\n<div id=\"veranojovenes\">\n<div style=\"margin-top: 50px;background-color: #e6313e;padding: 30px 10px 15px 20px\">\n<div class=\"span9\">\n<h2 style=\"color: white;font-family: Open sans;border-bottom: 1px dotted\">\u00bfCu\u00e1nto cuesta?<\/h2>\n<\/div>\n<div class=\"span4\">\n<h2 style=\"text-align: center!important;font-size: 40px!important;padding: 30px\"><del>265\u20ac*<\/del><\/h2>\n<h2 style=\"text-align: center!important;font-size: 30px!important;padding: 10px\">\u00a1S\u00f3lo 185,00\u20ac<br \/>\nhasta el 20 de mayo!<\/h2>\n<h4 style=\"color: lightgrey;text-align: center!important\">Tarifa solo curso<\/h4>\n<\/div>\n<\/div>\n<\/div>\n<p>[\/vc_column_text][\/vc_column_inner][vc_column_inner width=&#8221;1\/2&#8243;][vc_column_text css_animation=&#8221;bounceInRight&#8221;]<\/p>\n<div id=\"veranojovenes\">\n<div style=\"margin-top: 50px;background-color: #e6313e;padding: 30px 10px 15px 20px\">\n<div class=\"span9\">\n<h2 style=\"color: white;font-family: Open sans;border-bottom: 1px dotted\">\u00bfCu\u00e1nto cuesta?<\/h2>\n<\/div>\n<div class=\"span4\">\n<h2 style=\"text-align: center!important;font-size: 40px!important;padding: 30px\"><del>345\u20ac*<\/del><\/h2>\n<h2 style=\"text-align: center!important;font-size: 30px!important;padding: 10px\">\u00a1S\u00f3lo 265,00\u20ac<br \/>\nhasta el 20 de mayo!<\/h2>\n<h4 style=\"color: lightgrey;text-align: center!important\">Tarifa solo curso + acreditaci\u00f3n Oxford for Schools<\/h4>\n<\/div>\n<\/div>\n<\/div>\n<p>[\/vc_column_text][\/vc_column_inner][\/vc_row_inner][\/vc_column][\/vc_row][vc_row full_width=&#8221;stretch_row&#8221; css=&#8221;.vc_custom_1716969448430{background-color: #e6313e !important;}&#8221;][vc_column][vc_row_inner css=&#8221;.vc_custom_1590398821368{padding-top: 0px !important;}&#8221;][vc_column_inner offset=&#8221;vc_hidden-sm vc_hidden-xs&#8221;][vc_empty_space height=&#8221;40&#8243;][vc_custom_heading text=&#8221;IDIOMAS&#8221; font_container=&#8221;tag:h1|font_size:42|text_align:center|color:%23000000|line_height:1.15&#8243; google_fonts=&#8221;font_family:Roboto%20Condensed%3A300%2C300italic%2Cregular%2Citalic%2C700%2C700italic|font_style:700%20bold%20regular%3A700%3Anormal&#8221;][vc_custom_heading text=&#8221;Tambi\u00e9n puedes consultar la oferta gen\u00e9rica, informaci\u00f3n general y horarios del idioma que te interesa&#8221; font_container=&#8221;tag:p|font_size:27|text_align:center|color:%23000000|line_height:1.25&#8243; google_fonts=&#8221;font_family:Roboto%3A100%2C100italic%2C300%2C300italic%2Cregular%2Citalic%2C500%2C500italic%2C700%2C700italic%2C900%2C900italic|font_style:300%20light%20regular%3A300%3Anormal&#8221; css=&#8221;.vc_custom_1716969502824{margin-top: -10px !important;}&#8221;][\/vc_column_inner][\/vc_row_inner][vc_row_inner css=&#8221;.vc_custom_1498042822406{padding-top: 40px !important;}&#8221;][vc_column_inner offset=&#8221;vc_hidden-lg vc_hidden-md&#8221;][vc_custom_heading text=&#8221;IDIOMAS&#8221; font_container=&#8221;tag:h3|font_size:3rem|text_align:center|color:%23000000|line_height:1.15&#8243; google_fonts=&#8221;font_family:Roboto%20Condensed%3A300%2C300italic%2Cregular%2Citalic%2C700%2C700italic|font_style:700%20bold%20regular%3A700%3Anormal&#8221;][vc_custom_heading text=&#8221;Aqu\u00ed puedes consultar la informaci\u00f3n general y los horarios del idioma que te interesa&#8221; font_container=&#8221;tag:p|font_size:2rem|text_align:center|color:%23000000|line_height:1.25&#8243; google_fonts=&#8221;font_family:Roboto%3A100%2C100italic%2C300%2C300italic%2Cregular%2Citalic%2C500%2C500italic%2C700%2C700italic%2C900%2C900italic|font_style:300%20light%20regular%3A300%3Anormal&#8221; css=&#8221;.vc_custom_1688648717652{margin-top: -10px !important;}&#8221;][\/vc_column_inner][\/vc_row_inner][\/vc_column][\/vc_row][vc_row full_width=&#8221;stretch_row&#8221; css=&#8221;.vc_custom_1716969453651{margin-bottom: 0px !important;padding-top: 20px !important;background-color: #e6313e !important;}&#8221;][vc_column width=&#8221;1\/2&#8243; offset=&#8221;vc_col-lg-offset-0 vc_col-xs-offset-1 vc_col-xs-2\/5&#8243;][vc_row_inner][vc_column_inner width=&#8221;1\/4&#8243;][vc_single_image image=&#8221;4484&#8243; img_size=&#8221;100&#215;100&#8243; alignment=&#8221;center&#8221; onclick=&#8221;custom_link&#8221; img_link_target=&#8221;_blank&#8221; link=&#8221;\/idiomas\/ingles\/&#8221;][vc_empty_space height=&#8221;15&#8243;][vc_custom_heading text=&#8221;INGL\u00c9S&#8221; font_container=&#8221;tag:p|font_size:15|text_align:center|color:%23000000|line_height:1.75&#8243; google_fonts=&#8221;font_family:Roboto%20Condensed%3A300%2C300italic%2Cregular%2Citalic%2C700%2C700italic|font_style:700%20bold%20regular%3A700%3Anormal&#8221; css=&#8221;.vc_custom_1659355169409{margin-top: -10px !important;}&#8221; link=&#8221;url:%2Fidiomas%2Fingles%2F|||&#8221;][\/vc_column_inner][vc_column_inner width=&#8221;1\/4&#8243;][vc_single_image image=&#8221;4485&#8243; img_size=&#8221;100&#215;100&#8243; alignment=&#8221;center&#8221; onclick=&#8221;custom_link&#8221; img_link_target=&#8221;_blank&#8221; link=&#8221;\/idiomas\/aleman\/&#8221;][vc_empty_space height=&#8221;15&#8243;][vc_custom_heading text=&#8221;ALEM\u00c1N&#8221; font_container=&#8221;tag:p|font_size:15|text_align:center|color:%23000000|line_height:1.75&#8243; google_fonts=&#8221;font_family:Roboto%20Condensed%3A300%2C300italic%2Cregular%2Citalic%2C700%2C700italic|font_style:700%20bold%20regular%3A700%3Anormal&#8221; css=&#8221;.vc_custom_1659355255931{margin-top: -10px !important;}&#8221; link=&#8221;url:%2Fidiomas%2Faleman%2F|||&#8221;][\/vc_column_inner][vc_column_inner width=&#8221;1\/4&#8243;][vc_single_image image=&#8221;4487&#8243; img_size=&#8221;100&#215;100&#8243; alignment=&#8221;center&#8221; onclick=&#8221;custom_link&#8221; img_link_target=&#8221;_blank&#8221; link=&#8221;\/idiomas\/frances\/&#8221;][vc_empty_space height=&#8221;15&#8243;][vc_custom_heading text=&#8221;FRANC\u00c9S&#8221; font_container=&#8221;tag:p|font_size:15|text_align:center|color:%23000000|line_height:1.75&#8243; google_fonts=&#8221;font_family:Roboto%20Condensed%3A300%2C300italic%2Cregular%2Citalic%2C700%2C700italic|font_style:700%20bold%20regular%3A700%3Anormal&#8221; css=&#8221;.vc_custom_1659355178735{margin-top: -10px !important;}&#8221; link=&#8221;url:%2Fidiomas%2Ffrances%2F|||&#8221;][\/vc_column_inner][vc_column_inner width=&#8221;1\/4&#8243;][vc_single_image image=&#8221;4496&#8243; img_size=&#8221;100&#215;100&#8243; alignment=&#8221;center&#8221; onclick=&#8221;custom_link&#8221; img_link_target=&#8221;_blank&#8221; link=&#8221;\/idiomas\/italiano\/&#8221;][vc_empty_space height=&#8221;15&#8243;][vc_custom_heading text=&#8221;ITALIANO&#8221; font_container=&#8221;tag:p|font_size:15|text_align:center|color:%23000000|line_height:1.75&#8243; google_fonts=&#8221;font_family:Roboto%20Condensed%3A300%2C300italic%2Cregular%2Citalic%2C700%2C700italic|font_style:700%20bold%20regular%3A700%3Anormal&#8221; css=&#8221;.vc_custom_1659355189366{margin-top: -10px !important;}&#8221; link=&#8221;url:%2Fidiomas%2Fitaliano%2F|||&#8221;][\/vc_column_inner][\/vc_row_inner][\/vc_column][vc_column width=&#8221;1\/2&#8243; offset=&#8221;vc_col-xs-2\/5&#8243;][vc_row_inner][vc_column_inner width=&#8221;1\/4&#8243;][vc_single_image image=&#8221;9463&#8243; img_size=&#8221;100&#215;100&#8243; alignment=&#8221;center&#8221; onclick=&#8221;custom_link&#8221; img_link_target=&#8221;_blank&#8221; link=&#8221;\/idiomas\/portugues\/&#8221;][vc_empty_space height=&#8221;15&#8243;][vc_custom_heading text=&#8221;PORTUGU\u00c9S&#8221; font_container=&#8221;tag:p|font_size:15|text_align:center|color:%23000000|line_height:1.75&#8243; google_fonts=&#8221;font_family:Roboto%20Condensed%3A300%2C300italic%2Cregular%2Citalic%2C700%2C700italic|font_style:700%20bold%20regular%3A700%3Anormal&#8221; css=&#8221;.vc_custom_1659355285243{margin-top: -10px !important;}&#8221; link=&#8221;url:%2Fidiomas%2Fportugues%2F|||&#8221;][\/vc_column_inner][vc_column_inner width=&#8221;1\/4&#8243;][vc_single_image image=&#8221;9457&#8243; img_size=&#8221;100&#215;100&#8243; alignment=&#8221;center&#8221; onclick=&#8221;custom_link&#8221; img_link_target=&#8221;_blank&#8221; link=&#8221;\/idiomas\/espanol\/&#8221;][vc_empty_space height=&#8221;15&#8243;][vc_custom_heading text=&#8221;ESPA\u00d1OL&#8221; font_container=&#8221;tag:p|font_size:15|text_align:center|color:%23000000|line_height:1.75&#8243; google_fonts=&#8221;font_family:Roboto%20Condensed%3A300%2C300italic%2Cregular%2Citalic%2C700%2C700italic|font_style:700%20bold%20regular%3A700%3Anormal&#8221; css=&#8221;.vc_custom_1659355198833{margin-top: -10px !important;}&#8221; link=&#8221;url:%2Fidiomas%2Fespanol%2F|||&#8221;][\/vc_column_inner][vc_column_inner width=&#8221;1\/4&#8243;][vc_single_image image=&#8221;9679&#8243; img_size=&#8221;100&#215;100&#8243; alignment=&#8221;center&#8221; onclick=&#8221;custom_link&#8221; img_link_target=&#8221;_blank&#8221; link=&#8221;https:\/\/fg.ull.es\/idiomas\/japones\/&#8221;][vc_empty_space height=&#8221;15&#8243;][vc_custom_heading text=&#8221;JAPON\u00c9S&#8221; font_container=&#8221;tag:p|font_size:15|text_align:center|color:%23000000|line_height:1.75&#8243; google_fonts=&#8221;font_family:Roboto%20Condensed%3A300%2C300italic%2Cregular%2Citalic%2C700%2C700italic|font_style:700%20bold%20regular%3A700%3Anormal&#8221; css=&#8221;.vc_custom_1743488149490{margin-top: -10px !important;}&#8221; link=&#8221;url:https%3A%2F%2Ffg.ull.es%2Fidiomas%2Fjapones%2F&#8221;][\/vc_column_inner][vc_column_inner width=&#8221;1\/4&#8243;][vc_single_image image=&#8221;8602&#8243; img_size=&#8221;100&#215;100&#8243; alignment=&#8221;center&#8221; onclick=&#8221;custom_link&#8221; img_link_target=&#8221;_blank&#8221; link=&#8221;\/idiomas\/griego\/&#8221;][vc_empty_space height=&#8221;15&#8243;][vc_custom_heading text=&#8221;GRIEGO&#8221; font_container=&#8221;tag:p|font_size:15|text_align:center|color:%23000000|line_height:1.75&#8243; google_fonts=&#8221;font_family:Roboto%20Condensed%3A300%2C300italic%2Cregular%2Citalic%2C700%2C700italic|font_style:700%20bold%20regular%3A700%3Anormal&#8221; css=&#8221;.vc_custom_1659355208281{margin-top: -10px !important;}&#8221; link=&#8221;url:%2Fidiomas%2Fgriego%2F&#8221;][\/vc_column_inner][\/vc_row_inner][\/vc_column][\/vc_row][vc_row full_width=&#8221;stretch_row&#8221; css=&#8221;.vc_custom_1716969458286{margin-bottom: 0px !important;padding-top: 20px !important;background-color: #e6313e !important;}&#8221;][vc_column width=&#8221;1\/2&#8243; offset=&#8221;vc_col-lg-offset-0 vc_col-md-offset-0 vc_col-xs-offset-1 vc_col-xs-2\/5&#8243;][vc_row_inner][vc_column_inner width=&#8221;1\/3&#8243;][vc_single_image image=&#8221;4495&#8243; img_size=&#8221;100&#215;100&#8243; alignment=&#8221;center&#8221; onclick=&#8221;custom_link&#8221; img_link_target=&#8221;_blank&#8221; link=&#8221;\/idiomas\/lse\/&#8221;][vc_empty_space height=&#8221;15&#8243;][vc_custom_heading text=&#8221;LENGUA SIGNOS&#8221; font_container=&#8221;tag:p|font_size:15|text_align:center|color:%23000000|line_height:1.75&#8243; google_fonts=&#8221;font_family:Roboto%20Condensed%3A300%2C300italic%2Cregular%2Citalic%2C700%2C700italic|font_style:700%20bold%20regular%3A700%3Anormal&#8221; css=&#8221;.vc_custom_1659355213191{margin-top: -10px !important;}&#8221; link=&#8221;url:%2Fidiomas%2Flse%2F|||&#8221;][\/vc_column_inner][vc_column_inner width=&#8221;1\/3&#8243;][vc_single_image image=&#8221;9461&#8243; img_size=&#8221;100&#215;100&#8243; alignment=&#8221;center&#8221; onclick=&#8221;custom_link&#8221; img_link_target=&#8221;_blank&#8221; link=&#8221;https:\/\/fg.ull.es\/idiomas\/catalan&#8221;][vc_empty_space height=&#8221;15&#8243;][vc_custom_heading text=&#8221;CATAL\u00c1N&#8221; font_container=&#8221;tag:p|font_size:15|text_align:center|color:%23000000|line_height:1.75&#8243; google_fonts=&#8221;font_family:Roboto%20Condensed%3A300%2C300italic%2Cregular%2Citalic%2C700%2C700italic|font_style:700%20bold%20regular%3A700%3Anormal&#8221; css=&#8221;.vc_custom_1659355218561{margin-top: -10px !important;}&#8221; link=&#8221;url:https%3A%2F%2Ffg.ull.es%2Fidiomas%2Fcatalan|||&#8221;][\/vc_column_inner][vc_column_inner width=&#8221;1\/3&#8243;][vc_single_image image=&#8221;8532&#8243; img_size=&#8221;100&#215;100&#8243; alignment=&#8221;center&#8221; onclick=&#8221;custom_link&#8221; img_link_target=&#8221;_blank&#8221; link=&#8221;\/idiomas\/chino\/&#8221;][vc_empty_space height=&#8221;15&#8243;][vc_custom_heading text=&#8221;CHINO&#8221; font_container=&#8221;tag:p|font_size:15|text_align:center|color:%23000000|line_height:1.75&#8243; google_fonts=&#8221;font_family:Roboto%20Condensed%3A300%2C300italic%2Cregular%2Citalic%2C700%2C700italic|font_style:700%20bold%20regular%3A700%3Anormal&#8221; css=&#8221;.vc_custom_1659355223220{margin-top: -10px !important;}&#8221; link=&#8221;url:%2Fidiomas%2Fchino%2F&#8221;][\/vc_column_inner][\/vc_row_inner][\/vc_column][vc_column width=&#8221;1\/2&#8243; offset=&#8221;vc_col-xs-2\/5&#8243;][vc_row_inner][vc_column_inner width=&#8221;1\/3&#8243;][vc_single_image image=&#8221;8603&#8243; img_size=&#8221;100&#215;100&#8243; alignment=&#8221;center&#8221; onclick=&#8221;custom_link&#8221; img_link_target=&#8221;_blank&#8221; link=&#8221;\/idiomas\/coreano\/&#8221;][vc_empty_space height=&#8221;15&#8243;][vc_custom_heading text=&#8221;COREANO&#8221; font_container=&#8221;tag:p|font_size:15|text_align:center|color:%23000000|line_height:1.75&#8243; google_fonts=&#8221;font_family:Roboto%20Condensed%3A300%2C300italic%2Cregular%2Citalic%2C700%2C700italic|font_style:700%20bold%20regular%3A700%3Anormal&#8221; css=&#8221;.vc_custom_1659355228526{margin-top: -10px !important;}&#8221; link=&#8221;url:%2Fidiomas%2Fcoreano%2F&#8221;][\/vc_column_inner][vc_column_inner width=&#8221;1\/3&#8243;][vc_single_image image=&#8221;9459&#8243; img_size=&#8221;100&#215;100&#8243; alignment=&#8221;center&#8221; onclick=&#8221;custom_link&#8221; img_link_target=&#8221;_blank&#8221; link=&#8221;https:\/\/fg.ull.es\/idiomas\/ruso\/&#8221;][vc_empty_space height=&#8221;15&#8243;][vc_custom_heading text=&#8221;RUSO&#8221; font_container=&#8221;tag:p|font_size:15|text_align:center|color:%23000000|line_height:1.75&#8243; google_fonts=&#8221;font_family:Roboto%20Condensed%3A300%2C300italic%2Cregular%2Citalic%2C700%2C700italic|font_style:700%20bold%20regular%3A700%3Anormal&#8221; css=&#8221;.vc_custom_1671455697917{margin-top: -10px !important;}&#8221; link=&#8221;url:%2Fidiomas%2Fruso%2F&#8221;][\/vc_column_inner][vc_column_inner width=&#8221;1\/3&#8243;][vc_single_image image=&#8221;9460&#8243; img_size=&#8221;100&#215;100&#8243; alignment=&#8221;center&#8221; onclick=&#8221;custom_link&#8221; img_link_target=&#8221;_blank&#8221; link=&#8221;https:\/\/fg.ull.es\/idiomas\/arabe\/&#8221;][vc_empty_space height=&#8221;15&#8243;][vc_custom_heading text=&#8221;\u00c1RABE&#8221; font_container=&#8221;tag:p|font_size:15|text_align:center|color:%23000000|line_height:1.75&#8243; google_fonts=&#8221;font_family:Roboto%20Condensed%3A300%2C300italic%2Cregular%2Citalic%2C700%2C700italic|font_style:700%20bold%20regular%3A700%3Anormal&#8221; css=&#8221;.vc_custom_1671455706950{margin-top: -10px !important;}&#8221; link=&#8221;url:https%3A%2F%2Ffg.ull.es%2Fidiomas%2Farabe%2F&#8221;][\/vc_column_inner][\/vc_row_inner][\/vc_column][\/vc_row][vc_row full_width=&#8221;stretch_row&#8221; css=&#8221;.vc_custom_1716969462855{margin-bottom: 0px !important;padding-top: 0px !important;padding-bottom: 0px !important;background-color: #e6313e !important;}&#8221;][vc_column][vc_empty_space height=&#8221;24px&#8221;][\/vc_column][\/vc_row]<\/p>\n<\/section>","protected":false},"excerpt":{"rendered":"<p>[vc_row full_width=&#8221;stretch_row_content&#8221; css=&#8221;.vc_custom_1748422501420{background-image: url(https:\/\/fg.ull.es\/idiomas\/wp-content\/uploads\/sites\/13\/2025\/05\/1.png?id=11000) !important;}&#8221;][vc_column][vc_empty_space height=&#8221;400px&#8221;][\/vc_column][\/vc_row][vc_row][vc_column][vc_empty_space][vc_custom_heading text=&#8221;Este verano, la gente joven de la familia vivir\u00e1 una aventura ling\u00fc\u00edstica intensiva en ingl\u00e9s y coreano&#8221; font_container=&#8221;tag:h2|text_align:center|color:%23cd9400&#8243; use_theme_fonts=&#8221;yes&#8221; css_animation=&#8221;bounceIn&#8221;][vc_empty_space][\/vc_column][\/vc_row][vc_row full_width=&#8221;stretch_row&#8221; css=&#8221;.vc_custom_1746445113434{background-color: #eaeaea !important;}&#8221;][vc_column][vc_column_text] \u00bfC\u00f3mo? Teen English Express: 60 horas de formaci\u00f3n con preparaci\u00f3n para el modelo de examen Oxford Test of English for Schools. Teen K-Express: 56 horas&#8230;<\/p>\n","protected":false},"author":1,"featured_media":10971,"parent":0,"menu_order":0,"comment_status":"closed","ping_status":"closed","template":"templates\/template-frontpage.php","meta":{"footnotes":""},"_links":{"self":[{"href":"https:\/\/fg.ull.es\/idiomas\/wp-json\/wp\/v2\/pages\/2752"}],"collection":[{"href":"https:\/\/fg.ull.es\/idiomas\/wp-json\/wp\/v2\/pages"}],"about":[{"href":"https:\/\/fg.ull.es\/idiomas\/wp-json\/wp\/v2\/types\/page"}],"author":[{"embeddable":true,"href":"https:\/\/fg.ull.es\/idiomas\/wp-json\/wp\/v2\/users\/1"}],"replies":[{"embeddable":true,"href":"https:\/\/fg.ull.es\/idiomas\/wp-json\/wp\/v2\/comments?post=2752"}],"version-history":[{"count":44,"href":"https:\/\/fg.ull.es\/idiomas\/wp-json\/wp\/v2\/pages\/2752\/revisions"}],"predecessor-version":[{"id":10432,"href":"https:\/\/fg.ull.es\/idiomas\/wp-json\/wp\/v2\/pages\/2752\/revisions\/10432"}],"wp:featuredmedia":[{"embeddable":true,"href":"https:\/\/fg.ull.es\/idiomas\/wp-json\/wp\/v2\/media\/10971"}],"wp:attachment":[{"href":"https:\/\/fg.ull.es\/idiomas\/wp-json\/wp\/v2\/media?parent=2752"}],"curies":[{"name":"wp","href":"https:\/\/api.w.org\/{rel}","templated":true}]}}