{"id":230,"date":"2013-07-17T12:07:30","date_gmt":"2013-07-17T12:07:30","guid":{"rendered":"https:\/\/fg.ull.es\/idiomas\/?page_id=230"},"modified":"2013-07-17T12:07:30","modified_gmt":"2013-07-17T12:07:30","slug":"tenerife-zona-sur","status":"publish","type":"page","link":"https:\/\/fg.ull.es\/idiomas\/espanol\/tenerife-zona-sur\/","title":{"rendered":"Tenerife \u2013 Zona Sur"},"content":{"rendered":"<section class=\"wpb-content-wrapper\"><p>[vc_row][vc_column][vc_column_text]Existen <strong>8<\/strong> curso\/s en esta zona.<\/p>\n<p><!-- ccruz - May 2017 -->\n<!-- jcrodriguez - JUL 2017 -->\n\n<link rel=\"stylesheet\" href=\" https:\/\/fg.ull.es\/idiomas\/wp-content\/plugins\/shortcodesidiomas\/includes\/css.css \">\n<table class=\"table table-responsive b_form\">\n    <thead>\n    \t<th>Idioma<\/th>\n        <th>Tipo<\/th>\n        <th>Fecha<\/th>\n        <th>Horario<\/th>\n    <\/thead>\n        <tbody>\n    <tr>\n        <td><a class=\"url-curso\" href=\"https:\/\/sede.fg.ull.es\/es\/idioma\/detalle\/A26050265\/espa-ol-como-lengua-extranjera-conversacion-avanzado-ma-ana\">Espa\u00f1ol como lengua extranjera - Conversaci\u00f3n Avanzado (ma\u00f1ana) <\/a><\/td>\n        <td>Curso <\/td>\n                <td>\n            \n                <p>02\/07\/26 - 30\/07\/26<\/p>\n                        <\/td>\n        <td>\n                                            M y J de 11:00 - 12:50                                                                                    <\/td>\n    <\/tr>\n\n\t    <tbody>\n    <tr>\n        <td><a class=\"url-curso\" href=\"https:\/\/sede.fg.ull.es\/es\/idioma\/detalle\/A26050266\/espa-ol-como-lengua-extranjera-conversacion-avanzado-tarde\">Espa\u00f1ol como lengua extranjera - Conversaci\u00f3n Avanzado (tarde) <\/a><\/td>\n        <td>Curso <\/td>\n                <td>\n            \n                <p>02\/07\/26 - 30\/07\/26<\/p>\n                        <\/td>\n        <td>\n                                            M y J de 18:00 - 19:50                                                                                    <\/td>\n    <\/tr>\n\n\t    <tbody>\n    <tr>\n        <td><a class=\"url-curso\" href=\"https:\/\/sede.fg.ull.es\/es\/idioma\/detalle\/A26050261\/espa-ol-como-lengua-extranjera-conversacion-basico-ma-ana\">Espa\u00f1ol como lengua extranjera - Conversaci\u00f3n B\u00e1sico (ma\u00f1ana) <\/a><\/td>\n        <td>Curso <\/td>\n                <td>\n            \n                <p>02\/07\/26 - 30\/07\/26<\/p>\n                        <\/td>\n        <td>\n                                            M y J de 9:00 - 10:50                                                                                    <\/td>\n    <\/tr>\n\n\t    <tbody>\n    <tr>\n        <td><a class=\"url-curso\" href=\"https:\/\/sede.fg.ull.es\/es\/idioma\/detalle\/A26050262\/espa-ol-como-lengua-extranjera-conversacion-basico-tarde\">Espa\u00f1ol como lengua extranjera - Conversaci\u00f3n B\u00e1sico (tarde) <\/a><\/td>\n        <td>Curso <\/td>\n                <td>\n            \n                <p>02\/07\/26 - 30\/07\/26<\/p>\n                        <\/td>\n        <td>\n                                            M y J de 16:00 - 17:50                                                                                    <\/td>\n    <\/tr>\n\n\t    <tbody>\n    <tr>\n        <td><a class=\"url-curso\" href=\"https:\/\/sede.fg.ull.es\/es\/idioma\/detalle\/A26050259\/espa-ol-como-lengua-extranjera-conversacion-inicial-ma-ana\">Espa\u00f1ol como lengua extranjera - Conversaci\u00f3n Inicial (ma\u00f1ana) <\/a><\/td>\n        <td>Curso <\/td>\n                <td>\n            \n                <p>01\/07\/26 - 29\/07\/26<\/p>\n                        <\/td>\n        <td>\n                                            L y X de 9:00 - 10:50                                                                                    <\/td>\n    <\/tr>\n\n\t    <tbody>\n    <tr>\n        <td><a class=\"url-curso\" href=\"https:\/\/sede.fg.ull.es\/es\/idioma\/detalle\/A26050260\/espa-ol-como-lengua-extranjera-conversacion-inicial-tarde\">Espa\u00f1ol como lengua extranjera - Conversaci\u00f3n Inicial (tarde) <\/a><\/td>\n        <td>Curso <\/td>\n                <td>\n            \n                <p>01\/07\/26 - 29\/07\/26<\/p>\n                        <\/td>\n        <td>\n                                            L y X de 16:00 - 17:50                                                                                    <\/td>\n    <\/tr>\n\n\t    <tbody>\n    <tr>\n        <td><a class=\"url-curso\" href=\"https:\/\/sede.fg.ull.es\/es\/idioma\/detalle\/A26050263\/espa-ol-como-lengua-extranjera-conversacion-intermedio-ma-ana\">Espa\u00f1ol como lengua extranjera - Conversaci\u00f3n Intermedio (ma\u00f1ana) <\/a><\/td>\n        <td>Curso <\/td>\n                <td>\n            \n                <p>01\/07\/26 - 29\/07\/26<\/p>\n                        <\/td>\n        <td>\n                                            L y X de 11:00 - 12:50                                                                                    <\/td>\n    <\/tr>\n\n\t    <tbody>\n    <tr>\n        <td><a class=\"url-curso\" href=\"https:\/\/sede.fg.ull.es\/es\/idioma\/detalle\/A26050264\/espa-ol-como-lengua-extranjera-conversacion-intermedio-tarde\">Espa\u00f1ol como lengua extranjera - Conversaci\u00f3n Intermedio (tarde) <\/a><\/td>\n        <td>Curso <\/td>\n                <td>\n            \n                <p>01\/07\/26 - 29\/07\/26<\/p>\n                        <\/td>\n        <td>\n                                            L y X de 18:00 - 19:50                                                                                    <\/td>\n    <\/tr>\n\n\t    <\/tbody>\n<\/table>\n\n\n\n\n[\/vc_column_text][\/vc_column][\/vc_row]<\/p>\n<\/section>","protected":false},"excerpt":{"rendered":"<p>[vc_row][vc_column][vc_column_text]Existen curso\/s en esta zona. [\/vc_column_text][\/vc_column][\/vc_row]<\/p>\n","protected":false},"author":1,"featured_media":0,"parent":330,"menu_order":2,"comment_status":"closed","ping_status":"closed","template":"","meta":{"footnotes":""},"_links":{"self":[{"href":"https:\/\/fg.ull.es\/idiomas\/wp-json\/wp\/v2\/pages\/230"}],"collection":[{"href":"https:\/\/fg.ull.es\/idiomas\/wp-json\/wp\/v2\/pages"}],"about":[{"href":"https:\/\/fg.ull.es\/idiomas\/wp-json\/wp\/v2\/types\/page"}],"author":[{"embeddable":true,"href":"https:\/\/fg.ull.es\/idiomas\/wp-json\/wp\/v2\/users\/1"}],"replies":[{"embeddable":true,"href":"https:\/\/fg.ull.es\/idiomas\/wp-json\/wp\/v2\/comments?post=230"}],"version-history":[{"count":0,"href":"https:\/\/fg.ull.es\/idiomas\/wp-json\/wp\/v2\/pages\/230\/revisions"}],"up":[{"embeddable":true,"href":"https:\/\/fg.ull.es\/idiomas\/wp-json\/wp\/v2\/pages\/330"}],"wp:attachment":[{"href":"https:\/\/fg.ull.es\/idiomas\/wp-json\/wp\/v2\/media?parent=230"}],"curies":[{"name":"wp","href":"https:\/\/api.w.org\/{rel}","templated":true}]}}