{"id":1120,"date":"2014-01-10T14:02:49","date_gmt":"2014-01-10T14:02:49","guid":{"rendered":"https:\/\/fg.ull.es\/idiomas\/?page_id=1120"},"modified":"2014-01-10T14:02:49","modified_gmt":"2014-01-10T14:02:49","slug":"nuestra-oferta","status":"publish","type":"page","link":"https:\/\/fg.ull.es\/idiomas\/nuestra-oferta\/","title":{"rendered":"Nuestra oferta"},"content":{"rendered":"<section class=\"wpb-content-wrapper\"><p>[vc_row][vc_column][vc_column_text]Ofrecemos una gran variedad de cursos de diferentes <strong>idiomas<\/strong> que cambian en funci\u00f3n de la demanda social.<\/p>\n<p>En estos momentos hay cursos disponibles de:<\/p>\n<ul>\n<li><a href=\"https:\/\/fg.ull.es\/idiomas\/aleman\">Alem\u00e1n<\/a><\/li>\n<li><a href=\"https:\/\/fg.ull.es\/idiomas\/espanol\">Espa\u00f1ol para Extranjeros<\/a><\/li>\n<li><a href=\"https:\/\/fg.ull.es\/idiomas\/frances\">Franc\u00e9s<\/a><\/li>\n<li><a href=\"https:\/\/fg.ull.es\/idiomas\/ingles\">Ingl\u00e9s<\/a><\/li>\n<li><a href=\"https:\/\/fg.ull.es\/idiomas\/italiano\">Italiano<\/a><\/li>\n<li><a href=\"https:\/\/fg.ull.es\/idiomas\/portugues\">Portugu\u00e9s<\/a><\/li>\n<li><a href=\"https:\/\/fg.ull.es\/idiomas\/ruso\">Ruso<\/a><\/li>\n<li><a href=\"https:\/\/fg.ull.es\/idiomas\/lse\">Lengua de Signos Espa\u00f1ola (LSE)<\/a><\/li>\n<\/ul>\n<p>[\/vc_column_text][\/vc_column][\/vc_row][vc_row css=&#8221;.vc_custom_1477569081815{margin: 0px !important;border-width: 20px !important;padding: 0px !important;}&#8221;][vc_column][vc_single_image image=&#8221;3702&#8243; img_size=&#8221;full&#8221; alignment=&#8221;center&#8221; style=&#8221;vc_box_shadow&#8221; onclick=&#8221;custom_link&#8221; css_animation=&#8221;appear&#8221; title=&#8221;Nuestra oferta formativa: niveles y certificaciones oficiales&#8221; link=&#8221;https:\/\/fg.ull.es\/idiomas\/wp-content\/uploads\/sites\/13\/2014\/01\/Nuestra-oferta-Servicio-de-idiomas-de-la-ULL.jpg&#8221;][vc_single_image image=&#8221;1325&#8243; img_size=&#8221;full&#8221; alignment=&#8221;center&#8221; style=&#8221;vc_box_shadow&#8221; onclick=&#8221;custom_link&#8221; title=&#8221;Cuatro de equivalencias de niveles y certificaciones oficiales&#8221; link=&#8221;https:\/\/fg.ull.es\/idiomas\/wp-content\/uploads\/sites\/26\/2014\/01\/cuadro-de-equivalencia-servicio-de-idiomas-normal-e1390230607813.png&#8221;][\/vc_column][\/vc_row][vc_row css=&#8221;.vc_custom_1477569089829{margin: 0px !important;border-width: 20px !important;padding: 0px !important;}&#8221;][vc_column][vc_btn title=&#8221;Descargar el cuadro de equivalencia&#8221; size=&#8221;lg&#8221; align=&#8221;center&#8221; i_icon_fontawesome=&#8221;fa fa-download&#8221; css_animation=&#8221;appear&#8221; link=&#8221;url:http%3A%2F%2Ffg.ull.es%2Fidiomas%2Fwp-content%2Fuploads%2F2014%2F01%2Fcuadro-de-equivalencia-servicio-de-idiomas-A3.pdf|title:Descargar%20el%20cuadro%20de%20equivalencia||&#8221; add_icon=&#8221;true&#8221;][\/vc_column][\/vc_row]<\/p>\n<\/section>","protected":false},"excerpt":{"rendered":"<p>[vc_row][vc_column][vc_column_text]Ofrecemos una gran variedad de cursos de diferentes idiomas que cambian en funci\u00f3n de la demanda social. En estos momentos hay cursos disponibles de: Alem\u00e1n Espa\u00f1ol para Extranjeros Franc\u00e9s Ingl\u00e9s Italiano Portugu\u00e9s Ruso Lengua de Signos Espa\u00f1ola (LSE) [\/vc_column_text][\/vc_column][\/vc_row][vc_row css=&#8221;.vc_custom_1477569081815{margin: 0px !important;border-width: 20px !important;padding: 0px !important;}&#8221;][vc_column][vc_single_image image=&#8221;3702&#8243; img_size=&#8221;full&#8221; alignment=&#8221;center&#8221; style=&#8221;vc_box_shadow&#8221; onclick=&#8221;custom_link&#8221; css_animation=&#8221;appear&#8221; title=&#8221;Nuestra oferta formativa:&#8230;<\/p>\n","protected":false},"author":1,"featured_media":0,"parent":0,"menu_order":0,"comment_status":"closed","ping_status":"closed","template":"","meta":{"footnotes":""},"_links":{"self":[{"href":"https:\/\/fg.ull.es\/idiomas\/wp-json\/wp\/v2\/pages\/1120"}],"collection":[{"href":"https:\/\/fg.ull.es\/idiomas\/wp-json\/wp\/v2\/pages"}],"about":[{"href":"https:\/\/fg.ull.es\/idiomas\/wp-json\/wp\/v2\/types\/page"}],"author":[{"embeddable":true,"href":"https:\/\/fg.ull.es\/idiomas\/wp-json\/wp\/v2\/users\/1"}],"replies":[{"embeddable":true,"href":"https:\/\/fg.ull.es\/idiomas\/wp-json\/wp\/v2\/comments?post=1120"}],"version-history":[{"count":0,"href":"https:\/\/fg.ull.es\/idiomas\/wp-json\/wp\/v2\/pages\/1120\/revisions"}],"wp:attachment":[{"href":"https:\/\/fg.ull.es\/idiomas\/wp-json\/wp\/v2\/media?parent=1120"}],"curies":[{"name":"wp","href":"https:\/\/api.w.org\/{rel}","templated":true}]}}