{"id":11112,"date":"2025-09-19T10:22:01","date_gmt":"2025-09-19T09:22:01","guid":{"rendered":"https:\/\/fg.ull.es\/idiomas\/?page_id=11112"},"modified":"2025-09-19T11:08:37","modified_gmt":"2025-09-19T10:08:37","slug":"cursos-de-ingles-para-adolescentes","status":"publish","type":"page","link":"https:\/\/fg.ull.es\/idiomas\/cursos-de-ingles-para-adolescentes\/","title":{"rendered":"Cursos de ingl\u00e9s para adolescentes"},"content":{"rendered":"<section class=\"wpb-content-wrapper\"><p>[vc_row full_width=&#8221;stretch_row_content&#8221; css=&#8221;.vc_custom_1758274086763{background-image: url(https:\/\/fg.ull.es\/idiomas\/wp-content\/uploads\/sites\/13\/2025\/09\/2.png?id=11116) !important;background-position: center !important;background-repeat: no-repeat !important;background-size: cover !important;}&#8221;][vc_column offset=&#8221;vc_hidden-sm vc_hidden-xs&#8221;][vc_empty_space height=&#8221;400px&#8221;][\/vc_column][\/vc_row][vc_row full_width=&#8221;stretch_row_content&#8221; css=&#8221;.vc_custom_1758274952798{background-image: url(https:\/\/fg.ull.es\/idiomas\/wp-content\/uploads\/sites\/13\/2025\/09\/1.png?id=11129) !important;background-position: center !important;background-repeat: no-repeat !important;background-size: cover !important;}&#8221;][vc_column offset=&#8221;vc_hidden-lg vc_hidden-md&#8221;][vc_empty_space height=&#8221;400px&#8221;][\/vc_column][\/vc_row][vc_row][vc_column][vc_empty_space][vc_custom_heading text=&#8221;El Servicio de Idiomas de la Universidad de La Laguna lanza como novedad en su oferta este curso especial para adolescentes entre 12 y 16 a\u00f1os.&#8221; font_container=&#8221;tag:h2|text_align:center|color:%23cd9400&#8243; use_theme_fonts=&#8221;yes&#8221; css_animation=&#8221;bounceIn&#8221;][vc_empty_space][\/vc_column][\/vc_row][vc_row full_width=&#8221;stretch_row&#8221; css=&#8221;.vc_custom_1746445113434{background-color: #eaeaea !important;}&#8221;][vc_column][vc_column_text]<b>Teen English Experience<\/b><span style=\"font-weight: 400\"> est\u00e1 dise\u00f1ado para mejorar las competencias ling\u00fc\u00edsticas en ingl\u00e9s: expresi\u00f3n escrita, oral, comprensi\u00f3n lectora y auditiva, a trav\u00e9s de una metodolog\u00eda pr\u00e1ctica, que incluye actividades como teatros, debates y otros ejercicios din\u00e1micos. Adem\u00e1s, el alumnado tendr\u00e1 la posibilidad de examinarse para obtener la acreditaci\u00f3n internacional <\/span><b>Oxford Test of English for Schools<\/b><span style=\"font-weight: 400\">.<\/span>[\/vc_column_text][vc_empty_space][vc_column_text]<\/p>\n<h2 style=\"color: #000\">\u00bfCu\u00e1ndo y d\u00f3nde?<\/h2>\n<ul>\n<li><span style=\"font-weight: 400\">El curso se impartir\u00e1 del <strong>9 de octubre al 18 de junio<\/strong>, con una \u00fanica clase semanal los <strong>jueves<\/strong>, en horario de <strong>17:30 a 19:00 horas<\/strong>, e<\/span>n las instalaciones de la <strong>Universidad de La Laguna<\/strong>.<\/li>\n<\/ul>\n<p>[\/vc_column_text][vc_empty_space][\/vc_column][\/vc_row][vc_row][vc_column][vc_empty_space][vc_row_inner][vc_column_inner width=&#8221;1\/2&#8243;][vc_single_image image=&#8221;11119&#8243; img_size=&#8221;full&#8221; alignment=&#8221;center&#8221; onclick=&#8221;custom_link&#8221; img_link_target=&#8221;_blank&#8221; css_animation=&#8221;fadeIn&#8221; link=&#8221;https:\/\/sede.fg.ull.es\/es\/idioma\/detalle?code=a25050410&amp;name=ingles-teen-english-experience-ingles-para-adolescentes&#8221;][vc_cta h2=&#8221;\u00a1Tarifa M\u00e1gica!&#8221; txt_align=&#8221;center&#8221; style=&#8221;outline&#8221; color=&#8221;juicy-pink&#8221; css_animation=&#8221;bounceInLeft&#8221;]<\/p>\n<h2 style=\"text-align: center\"><span style=\"color: #33ab73\"><strong>\u00a1Solo hasta el 30 de septiembre!<\/strong><\/span><\/h2>\n<h3 style=\"text-align: center\">195\u20ac solo CURSO<\/h3>\n<p style=\"text-align: center\"><strong><span style=\"color: #f7be68\">Precio sin la Tarifa M\u00e1gica: 265\u20ac solo curso<\/span><\/strong><\/p>\n<p>[\/vc_cta][\/vc_column_inner][vc_column_inner width=&#8221;1\/2&#8243;][vc_single_image image=&#8221;11125&#8243; img_size=&#8221;full&#8221; alignment=&#8221;center&#8221; onclick=&#8221;custom_link&#8221; img_link_target=&#8221;_blank&#8221; css_animation=&#8221;fadeIn&#8221; link=&#8221;https:\/\/sede.fg.ull.es\/es\/idioma\/detalle?code=a25050410&amp;name=ingles-teen-english-experience-ingles-para-adolescentes&#8221;][vc_cta h2=&#8221;\u00a1Tarifa M\u00e1gica!&#8221; txt_align=&#8221;center&#8221; style=&#8221;outline&#8221; color=&#8221;juicy-pink&#8221; css_animation=&#8221;bounceInLeft&#8221;]<\/p>\n<h2 style=\"text-align: center\"><span style=\"color: #33ab73\"><strong>\u00a1Solo hasta el 30 de septiembre!<\/strong><\/span><\/h2>\n<h3 style=\"text-align: center\">270\u20ac CURSO + ACREDITACI\u00d3N<\/h3>\n<p style=\"text-align: center\"><strong><span style=\"color: #f7be68\">Precio sin la Tarifa M\u00e1gica: 345\u20ac curso + acreditaci\u00f3n<\/span><\/strong><\/p>\n<p>[\/vc_cta][\/vc_column_inner][\/vc_row_inner][vc_btn title=&#8221;\u00a1Inscripciones en Teen English Experience!&#8221; style=&#8221;custom&#8221; custom_background=&#8221;#cd9400&#8243; custom_text=&#8221;#ffffff&#8221; size=&#8221;lg&#8221; align=&#8221;center&#8221; css_animation=&#8221;bounceIn&#8221; link=&#8221;url:https%3A%2F%2Fsede.fg.ull.es%2Fes%2Fidioma%2Fdetalle%2FA25050410%2Fingles-teen-english-experience-ingles-para-adolescentes|target:_blank&#8221;][vc_empty_space][\/vc_column][\/vc_row][vc_row full_width=&#8221;stretch_row&#8221; disable_element=&#8221;yes&#8221; css=&#8221;.vc_custom_1758274736735{background-color: #eaeaea !important;}&#8221;][vc_column][vc_empty_space][vc_custom_heading text=&#8221;\u00a1Aprovecha ahora nuestra Tarifa M\u00e1gica!&#8221; font_container=&#8221;tag:h2|text_align:left|color:%23cd9400&#8243; use_theme_fonts=&#8221;yes&#8221; css_animation=&#8221;bounceInUp&#8221;][vc_empty_space][vc_empty_space height=&#8221;64px&#8221;][\/vc_column][\/vc_row][vc_row full_width=&#8221;stretch_row&#8221; css=&#8221;.vc_custom_1716969448430{background-color: #e6313e !important;}&#8221;][vc_column][vc_row_inner css=&#8221;.vc_custom_1590398821368{padding-top: 0px !important;}&#8221;][vc_column_inner offset=&#8221;vc_hidden-sm vc_hidden-xs&#8221;][vc_empty_space height=&#8221;40&#8243;][vc_custom_heading text=&#8221;IDIOMAS&#8221; font_container=&#8221;tag:h1|font_size:42|text_align:center|color:%23000000|line_height:1.15&#8243; google_fonts=&#8221;font_family:Roboto%20Condensed%3A300%2C300italic%2Cregular%2Citalic%2C700%2C700italic|font_style:700%20bold%20regular%3A700%3Anormal&#8221;][vc_custom_heading text=&#8221;Tambi\u00e9n puedes consultar la oferta gen\u00e9rica para adultos, informaci\u00f3n general y horarios del idioma que te interesa&#8221; font_container=&#8221;tag:p|font_size:27|text_align:center|color:%23000000|line_height:1.25&#8243; google_fonts=&#8221;font_family:Roboto%3A100%2C100italic%2C300%2C300italic%2Cregular%2Citalic%2C500%2C500italic%2C700%2C700italic%2C900%2C900italic|font_style:300%20light%20regular%3A300%3Anormal&#8221; css=&#8221;.vc_custom_1758274712185{margin-top: -10px !important;}&#8221;][\/vc_column_inner][\/vc_row_inner][vc_row_inner css=&#8221;.vc_custom_1498042822406{padding-top: 40px !important;}&#8221;][vc_column_inner offset=&#8221;vc_hidden-lg vc_hidden-md&#8221;][vc_custom_heading text=&#8221;IDIOMAS&#8221; font_container=&#8221;tag:h3|font_size:3rem|text_align:center|color:%23000000|line_height:1.15&#8243; google_fonts=&#8221;font_family:Roboto%20Condensed%3A300%2C300italic%2Cregular%2Citalic%2C700%2C700italic|font_style:700%20bold%20regular%3A700%3Anormal&#8221;][vc_custom_heading text=&#8221;Aqu\u00ed puedes consultar la informaci\u00f3n general para adultos y los horarios del idioma que te interesa&#8221; font_container=&#8221;tag:p|font_size:2rem|text_align:center|color:%23000000|line_height:1.25&#8243; google_fonts=&#8221;font_family:Roboto%3A100%2C100italic%2C300%2C300italic%2Cregular%2Citalic%2C500%2C500italic%2C700%2C700italic%2C900%2C900italic|font_style:300%20light%20regular%3A300%3Anormal&#8221; css=&#8221;.vc_custom_1758274719455{margin-top: -10px !important;}&#8221;][\/vc_column_inner][\/vc_row_inner][\/vc_column][\/vc_row][vc_row full_width=&#8221;stretch_row&#8221; css=&#8221;.vc_custom_1716969453651{margin-bottom: 0px !important;padding-top: 20px !important;background-color: #e6313e !important;}&#8221;][vc_column width=&#8221;1\/2&#8243; offset=&#8221;vc_col-lg-offset-0 vc_col-xs-offset-1 vc_col-xs-2\/5&#8243;][vc_row_inner][vc_column_inner width=&#8221;1\/4&#8243;][vc_single_image image=&#8221;4484&#8243; img_size=&#8221;100&#215;100&#8243; alignment=&#8221;center&#8221; onclick=&#8221;custom_link&#8221; img_link_target=&#8221;_blank&#8221; link=&#8221;\/idiomas\/ingles\/&#8221;][vc_empty_space height=&#8221;15&#8243;][vc_custom_heading text=&#8221;INGL\u00c9S&#8221; font_container=&#8221;tag:p|font_size:15|text_align:center|color:%23000000|line_height:1.75&#8243; google_fonts=&#8221;font_family:Roboto%20Condensed%3A300%2C300italic%2Cregular%2Citalic%2C700%2C700italic|font_style:700%20bold%20regular%3A700%3Anormal&#8221; css=&#8221;.vc_custom_1659355169409{margin-top: -10px !important;}&#8221; link=&#8221;url:%2Fidiomas%2Fingles%2F|||&#8221;][\/vc_column_inner][vc_column_inner width=&#8221;1\/4&#8243;][vc_single_image image=&#8221;4485&#8243; img_size=&#8221;100&#215;100&#8243; alignment=&#8221;center&#8221; onclick=&#8221;custom_link&#8221; img_link_target=&#8221;_blank&#8221; link=&#8221;\/idiomas\/aleman\/&#8221;][vc_empty_space height=&#8221;15&#8243;][vc_custom_heading text=&#8221;ALEM\u00c1N&#8221; font_container=&#8221;tag:p|font_size:15|text_align:center|color:%23000000|line_height:1.75&#8243; google_fonts=&#8221;font_family:Roboto%20Condensed%3A300%2C300italic%2Cregular%2Citalic%2C700%2C700italic|font_style:700%20bold%20regular%3A700%3Anormal&#8221; css=&#8221;.vc_custom_1659355255931{margin-top: -10px !important;}&#8221; link=&#8221;url:%2Fidiomas%2Faleman%2F|||&#8221;][\/vc_column_inner][vc_column_inner width=&#8221;1\/4&#8243;][vc_single_image image=&#8221;4487&#8243; img_size=&#8221;100&#215;100&#8243; alignment=&#8221;center&#8221; onclick=&#8221;custom_link&#8221; img_link_target=&#8221;_blank&#8221; link=&#8221;\/idiomas\/frances\/&#8221;][vc_empty_space height=&#8221;15&#8243;][vc_custom_heading text=&#8221;FRANC\u00c9S&#8221; font_container=&#8221;tag:p|font_size:15|text_align:center|color:%23000000|line_height:1.75&#8243; google_fonts=&#8221;font_family:Roboto%20Condensed%3A300%2C300italic%2Cregular%2Citalic%2C700%2C700italic|font_style:700%20bold%20regular%3A700%3Anormal&#8221; css=&#8221;.vc_custom_1659355178735{margin-top: -10px !important;}&#8221; link=&#8221;url:%2Fidiomas%2Ffrances%2F|||&#8221;][\/vc_column_inner][vc_column_inner width=&#8221;1\/4&#8243;][vc_single_image image=&#8221;4496&#8243; img_size=&#8221;100&#215;100&#8243; alignment=&#8221;center&#8221; onclick=&#8221;custom_link&#8221; img_link_target=&#8221;_blank&#8221; link=&#8221;\/idiomas\/italiano\/&#8221;][vc_empty_space height=&#8221;15&#8243;][vc_custom_heading text=&#8221;ITALIANO&#8221; font_container=&#8221;tag:p|font_size:15|text_align:center|color:%23000000|line_height:1.75&#8243; google_fonts=&#8221;font_family:Roboto%20Condensed%3A300%2C300italic%2Cregular%2Citalic%2C700%2C700italic|font_style:700%20bold%20regular%3A700%3Anormal&#8221; css=&#8221;.vc_custom_1659355189366{margin-top: -10px !important;}&#8221; link=&#8221;url:%2Fidiomas%2Fitaliano%2F|||&#8221;][\/vc_column_inner][\/vc_row_inner][\/vc_column][vc_column width=&#8221;1\/2&#8243; offset=&#8221;vc_col-xs-2\/5&#8243;][vc_row_inner][vc_column_inner width=&#8221;1\/4&#8243;][vc_single_image image=&#8221;9463&#8243; img_size=&#8221;100&#215;100&#8243; alignment=&#8221;center&#8221; onclick=&#8221;custom_link&#8221; img_link_target=&#8221;_blank&#8221; link=&#8221;\/idiomas\/portugues\/&#8221;][vc_empty_space height=&#8221;15&#8243;][vc_custom_heading text=&#8221;PORTUGU\u00c9S&#8221; font_container=&#8221;tag:p|font_size:15|text_align:center|color:%23000000|line_height:1.75&#8243; google_fonts=&#8221;font_family:Roboto%20Condensed%3A300%2C300italic%2Cregular%2Citalic%2C700%2C700italic|font_style:700%20bold%20regular%3A700%3Anormal&#8221; css=&#8221;.vc_custom_1659355285243{margin-top: -10px !important;}&#8221; link=&#8221;url:%2Fidiomas%2Fportugues%2F|||&#8221;][\/vc_column_inner][vc_column_inner width=&#8221;1\/4&#8243;][vc_single_image image=&#8221;9457&#8243; img_size=&#8221;100&#215;100&#8243; alignment=&#8221;center&#8221; onclick=&#8221;custom_link&#8221; img_link_target=&#8221;_blank&#8221; link=&#8221;\/idiomas\/espanol\/&#8221;][vc_empty_space height=&#8221;15&#8243;][vc_custom_heading text=&#8221;ESPA\u00d1OL&#8221; font_container=&#8221;tag:p|font_size:15|text_align:center|color:%23000000|line_height:1.75&#8243; google_fonts=&#8221;font_family:Roboto%20Condensed%3A300%2C300italic%2Cregular%2Citalic%2C700%2C700italic|font_style:700%20bold%20regular%3A700%3Anormal&#8221; css=&#8221;.vc_custom_1659355198833{margin-top: -10px !important;}&#8221; link=&#8221;url:%2Fidiomas%2Fespanol%2F|||&#8221;][\/vc_column_inner][vc_column_inner width=&#8221;1\/4&#8243;][vc_single_image image=&#8221;9679&#8243; img_size=&#8221;100&#215;100&#8243; alignment=&#8221;center&#8221; onclick=&#8221;custom_link&#8221; img_link_target=&#8221;_blank&#8221; link=&#8221;https:\/\/fg.ull.es\/idiomas\/japones\/&#8221;][vc_empty_space height=&#8221;15&#8243;][vc_custom_heading text=&#8221;JAPON\u00c9S&#8221; font_container=&#8221;tag:p|font_size:15|text_align:center|color:%23000000|line_height:1.75&#8243; google_fonts=&#8221;font_family:Roboto%20Condensed%3A300%2C300italic%2Cregular%2Citalic%2C700%2C700italic|font_style:700%20bold%20regular%3A700%3Anormal&#8221; css=&#8221;.vc_custom_1743488149490{margin-top: -10px !important;}&#8221; link=&#8221;url:https%3A%2F%2Ffg.ull.es%2Fidiomas%2Fjapones%2F&#8221;][\/vc_column_inner][vc_column_inner width=&#8221;1\/4&#8243;][vc_single_image image=&#8221;8602&#8243; img_size=&#8221;100&#215;100&#8243; alignment=&#8221;center&#8221; onclick=&#8221;custom_link&#8221; img_link_target=&#8221;_blank&#8221; link=&#8221;\/idiomas\/griego\/&#8221;][vc_empty_space height=&#8221;15&#8243;][vc_custom_heading text=&#8221;GRIEGO&#8221; font_container=&#8221;tag:p|font_size:15|text_align:center|color:%23000000|line_height:1.75&#8243; google_fonts=&#8221;font_family:Roboto%20Condensed%3A300%2C300italic%2Cregular%2Citalic%2C700%2C700italic|font_style:700%20bold%20regular%3A700%3Anormal&#8221; css=&#8221;.vc_custom_1659355208281{margin-top: -10px !important;}&#8221; link=&#8221;url:%2Fidiomas%2Fgriego%2F&#8221;][\/vc_column_inner][\/vc_row_inner][\/vc_column][\/vc_row][vc_row full_width=&#8221;stretch_row&#8221; css=&#8221;.vc_custom_1716969458286{margin-bottom: 0px !important;padding-top: 20px !important;background-color: #e6313e !important;}&#8221;][vc_column width=&#8221;1\/2&#8243; offset=&#8221;vc_col-lg-offset-0 vc_col-md-offset-0 vc_col-xs-offset-1 vc_col-xs-2\/5&#8243;][vc_row_inner][vc_column_inner width=&#8221;1\/3&#8243;][vc_single_image image=&#8221;4495&#8243; img_size=&#8221;100&#215;100&#8243; alignment=&#8221;center&#8221; onclick=&#8221;custom_link&#8221; img_link_target=&#8221;_blank&#8221; link=&#8221;\/idiomas\/lse\/&#8221;][vc_empty_space height=&#8221;15&#8243;][vc_custom_heading text=&#8221;LENGUA SIGNOS&#8221; font_container=&#8221;tag:p|font_size:15|text_align:center|color:%23000000|line_height:1.75&#8243; google_fonts=&#8221;font_family:Roboto%20Condensed%3A300%2C300italic%2Cregular%2Citalic%2C700%2C700italic|font_style:700%20bold%20regular%3A700%3Anormal&#8221; css=&#8221;.vc_custom_1659355213191{margin-top: -10px !important;}&#8221; link=&#8221;url:%2Fidiomas%2Flse%2F|||&#8221;][\/vc_column_inner][vc_column_inner width=&#8221;1\/3&#8243;][vc_single_image image=&#8221;9461&#8243; img_size=&#8221;100&#215;100&#8243; alignment=&#8221;center&#8221; onclick=&#8221;custom_link&#8221; img_link_target=&#8221;_blank&#8221; link=&#8221;https:\/\/fg.ull.es\/idiomas\/catalan&#8221;][vc_empty_space height=&#8221;15&#8243;][vc_custom_heading text=&#8221;CATAL\u00c1N&#8221; font_container=&#8221;tag:p|font_size:15|text_align:center|color:%23000000|line_height:1.75&#8243; google_fonts=&#8221;font_family:Roboto%20Condensed%3A300%2C300italic%2Cregular%2Citalic%2C700%2C700italic|font_style:700%20bold%20regular%3A700%3Anormal&#8221; css=&#8221;.vc_custom_1659355218561{margin-top: -10px !important;}&#8221; link=&#8221;url:https%3A%2F%2Ffg.ull.es%2Fidiomas%2Fcatalan|||&#8221;][\/vc_column_inner][vc_column_inner width=&#8221;1\/3&#8243;][vc_single_image image=&#8221;8532&#8243; img_size=&#8221;100&#215;100&#8243; alignment=&#8221;center&#8221; onclick=&#8221;custom_link&#8221; img_link_target=&#8221;_blank&#8221; link=&#8221;\/idiomas\/chino\/&#8221;][vc_empty_space height=&#8221;15&#8243;][vc_custom_heading text=&#8221;CHINO&#8221; font_container=&#8221;tag:p|font_size:15|text_align:center|color:%23000000|line_height:1.75&#8243; google_fonts=&#8221;font_family:Roboto%20Condensed%3A300%2C300italic%2Cregular%2Citalic%2C700%2C700italic|font_style:700%20bold%20regular%3A700%3Anormal&#8221; css=&#8221;.vc_custom_1659355223220{margin-top: -10px !important;}&#8221; link=&#8221;url:%2Fidiomas%2Fchino%2F&#8221;][\/vc_column_inner][\/vc_row_inner][\/vc_column][vc_column width=&#8221;1\/2&#8243; offset=&#8221;vc_col-xs-2\/5&#8243;][vc_row_inner][vc_column_inner width=&#8221;1\/3&#8243;][vc_single_image image=&#8221;8603&#8243; img_size=&#8221;100&#215;100&#8243; alignment=&#8221;center&#8221; onclick=&#8221;custom_link&#8221; img_link_target=&#8221;_blank&#8221; link=&#8221;\/idiomas\/coreano\/&#8221;][vc_empty_space height=&#8221;15&#8243;][vc_custom_heading text=&#8221;COREANO&#8221; font_container=&#8221;tag:p|font_size:15|text_align:center|color:%23000000|line_height:1.75&#8243; google_fonts=&#8221;font_family:Roboto%20Condensed%3A300%2C300italic%2Cregular%2Citalic%2C700%2C700italic|font_style:700%20bold%20regular%3A700%3Anormal&#8221; css=&#8221;.vc_custom_1659355228526{margin-top: -10px !important;}&#8221; link=&#8221;url:%2Fidiomas%2Fcoreano%2F&#8221;][\/vc_column_inner][vc_column_inner width=&#8221;1\/3&#8243;][vc_single_image image=&#8221;9459&#8243; img_size=&#8221;100&#215;100&#8243; alignment=&#8221;center&#8221; onclick=&#8221;custom_link&#8221; img_link_target=&#8221;_blank&#8221; link=&#8221;https:\/\/fg.ull.es\/idiomas\/ruso\/&#8221;][vc_empty_space height=&#8221;15&#8243;][vc_custom_heading text=&#8221;RUSO&#8221; font_container=&#8221;tag:p|font_size:15|text_align:center|color:%23000000|line_height:1.75&#8243; google_fonts=&#8221;font_family:Roboto%20Condensed%3A300%2C300italic%2Cregular%2Citalic%2C700%2C700italic|font_style:700%20bold%20regular%3A700%3Anormal&#8221; css=&#8221;.vc_custom_1671455697917{margin-top: -10px !important;}&#8221; link=&#8221;url:%2Fidiomas%2Fruso%2F&#8221;][\/vc_column_inner][vc_column_inner width=&#8221;1\/3&#8243;][vc_single_image image=&#8221;9460&#8243; img_size=&#8221;100&#215;100&#8243; alignment=&#8221;center&#8221; onclick=&#8221;custom_link&#8221; img_link_target=&#8221;_blank&#8221; link=&#8221;https:\/\/fg.ull.es\/idiomas\/arabe\/&#8221;][vc_empty_space height=&#8221;15&#8243;][vc_custom_heading text=&#8221;\u00c1RABE&#8221; font_container=&#8221;tag:p|font_size:15|text_align:center|color:%23000000|line_height:1.75&#8243; google_fonts=&#8221;font_family:Roboto%20Condensed%3A300%2C300italic%2Cregular%2Citalic%2C700%2C700italic|font_style:700%20bold%20regular%3A700%3Anormal&#8221; css=&#8221;.vc_custom_1671455706950{margin-top: -10px !important;}&#8221; link=&#8221;url:https%3A%2F%2Ffg.ull.es%2Fidiomas%2Farabe%2F&#8221;][\/vc_column_inner][\/vc_row_inner][\/vc_column][\/vc_row][vc_row full_width=&#8221;stretch_row&#8221; css=&#8221;.vc_custom_1716969462855{margin-bottom: 0px !important;padding-top: 0px !important;padding-bottom: 0px !important;background-color: #e6313e !important;}&#8221;][vc_column][vc_empty_space height=&#8221;24px&#8221;][\/vc_column][\/vc_row]<\/p>\n<\/section>","protected":false},"excerpt":{"rendered":"<p>[vc_row full_width=&#8221;stretch_row_content&#8221; css=&#8221;.vc_custom_1758274086763{background-image: url(https:\/\/fg.ull.es\/idiomas\/wp-content\/uploads\/sites\/13\/2025\/09\/2.png?id=11116) !important;background-position: center !important;background-repeat: no-repeat !important;background-size: cover !important;}&#8221;][vc_column offset=&#8221;vc_hidden-sm vc_hidden-xs&#8221;][vc_empty_space height=&#8221;400px&#8221;][\/vc_column][\/vc_row][vc_row full_width=&#8221;stretch_row_content&#8221; css=&#8221;.vc_custom_1758274952798{background-image: url(https:\/\/fg.ull.es\/idiomas\/wp-content\/uploads\/sites\/13\/2025\/09\/1.png?id=11129) !important;background-position: center !important;background-repeat: no-repeat !important;background-size: cover !important;}&#8221;][vc_column offset=&#8221;vc_hidden-lg vc_hidden-md&#8221;][vc_empty_space height=&#8221;400px&#8221;][\/vc_column][\/vc_row][vc_row][vc_column][vc_empty_space][vc_custom_heading text=&#8221;El Servicio de Idiomas de la Universidad de La Laguna lanza como novedad en su oferta este curso especial para adolescentes entre 12 y 16 a\u00f1os.&#8221; font_container=&#8221;tag:h2|text_align:center|color:%23cd9400&#8243; use_theme_fonts=&#8221;yes&#8221;&#8230;<\/p>\n","protected":false},"author":46,"featured_media":0,"parent":0,"menu_order":0,"comment_status":"closed","ping_status":"closed","template":"templates\/template-frontpage.php","meta":{"footnotes":""},"_links":{"self":[{"href":"https:\/\/fg.ull.es\/idiomas\/wp-json\/wp\/v2\/pages\/11112"}],"collection":[{"href":"https:\/\/fg.ull.es\/idiomas\/wp-json\/wp\/v2\/pages"}],"about":[{"href":"https:\/\/fg.ull.es\/idiomas\/wp-json\/wp\/v2\/types\/page"}],"author":[{"embeddable":true,"href":"https:\/\/fg.ull.es\/idiomas\/wp-json\/wp\/v2\/users\/46"}],"replies":[{"embeddable":true,"href":"https:\/\/fg.ull.es\/idiomas\/wp-json\/wp\/v2\/comments?post=11112"}],"version-history":[{"count":18,"href":"https:\/\/fg.ull.es\/idiomas\/wp-json\/wp\/v2\/pages\/11112\/revisions"}],"predecessor-version":[{"id":11134,"href":"https:\/\/fg.ull.es\/idiomas\/wp-json\/wp\/v2\/pages\/11112\/revisions\/11134"}],"wp:attachment":[{"href":"https:\/\/fg.ull.es\/idiomas\/wp-json\/wp\/v2\/media?parent=11112"}],"curies":[{"name":"wp","href":"https:\/\/api.w.org\/{rel}","templated":true}]}}