{"id":8137,"date":"2015-03-10T10:51:38","date_gmt":"2015-03-10T10:51:38","guid":{"rendered":"http:\/\/www.fg.ull.es\/?page_id=8137"},"modified":"2025-10-15T06:44:29","modified_gmt":"2025-10-15T06:44:29","slug":"catalogo-oficial-ects","status":"publish","type":"page","link":"https:\/\/fg.ull.es\/formacion\/catalogo-de-oferta-formativa\/catalogo-oficial-ects\/","title":{"rendered":"Cat\u00e1logo oficial ECTS"},"content":{"rendered":"<section class=\"wpb-content-wrapper\"><p>[vc_row css=&#8221;.vc_custom_1496232563720{padding-top: 0px !important;}&#8221;][vc_column css=&#8221;.vc_custom_1434365739650{padding-right: 46px !important;}&#8221;][vc_custom_heading text=&#8221;Cat\u00e1logo Oficial ECTS&#8221; font_container=&#8221;tag:div|font_size:28|text_align:left|color:%23212422&#8243; google_fonts=&#8221;font_family:Merriweather%3A300%2C300italic%2Cregular%2Citalic%2C700%2C700italic%2C900%2C900italic|font_style:900%20bold%20regular%3A900%3Anormal&#8221;][vc_empty_space][vc_column_text]<span style=\"color: #333333\">Desde la Fundaci\u00f3n se ofertan, dentro del cat\u00e1logo oficial la Universidad de La Laguna, cursos convalidables por ECTS.<\/span>[\/vc_column_text][vc_empty_space][vc_tta_accordion color=&#8221;black&#8221; active_section=&#8221;&#8221; collapsible_all=&#8221;true&#8221; title=&#8221;Oferta de Cursos ECTS&#8221; css=&#8221;.vc_custom_1496234735236{margin-top: 30px !important;}&#8221;][vc_tta_section title=&#8221;Listar oferta de cursos &#8211; Clic para ver&#8221; tab_id=&#8221;oferta-cursos-ects&#8221;][vc_column_text]<!-- ccruz - May 2017 -->\n<h2>No hay cursos con ECTS disponibles en este momento<\/h2>\n\t\t\t\t<p>Recomendamos que visites esta p&aacute;gina peri&oacute;dicamente o te suscribas a nuestro bolet&iacute;n semanal\n\t\t\t\tpara recibir informaci&oacute;n peri&oacute;dica sobre cursos.<\/p>\n\t\t\t<\/pre>\n<\/table>\n[\/vc_column_text][\/vc_tta_section][\/vc_tta_accordion][\/vc_column][\/vc_row][vc_row disable_element=&#8221;yes&#8221; css=&#8221;.vc_custom_1674135203102{padding-top: 0px !important;}&#8221;][vc_column css=&#8221;.vc_custom_1434365739650{padding-right: 46px !important;}&#8221;][vc_single_image image=&#8221;32427&#8243; img_size=&#8221;full&#8221;][vc_column_text]<span style=\"color: #333333\">Los estudiantes pueden obtener reconocimiento acad\u00e9mico por su participaci\u00f3n en <strong>actividades universitarias culturales, deportivas, de representaci\u00f3n estudiantil, solidarias y de cooperaci\u00f3n,\u00a0<\/strong> que as\u00ed vienen recogidas en el reglamento de reconocimiento de cr\u00e9ditos por participaci\u00f3n en actividades universitarias en ense\u00f1anzas oficiales de grado de la Universidad de La Laguna (BOC N\u00ba 88. Viernes 30 de abril de 2021).<\/span><\/p>\n<p><span style=\"color: #333333\">Desde la Fundaci\u00f3n se ofertan, dentro del cat\u00e1logo oficial la ULL, \u00a0cursos convalidables por ECTS.<\/span>[\/vc_column_text][\/vc_column][\/vc_row]<\/p>\n<\/section>","protected":false},"excerpt":{"rendered":"<p>[vc_row css=&#8221;.vc_custom_1496232563720{padding-top: 0px !important;}&#8221;][vc_column css=&#8221;.vc_custom_1434365739650{padding-right: 46px !important;}&#8221;][vc_custom_heading text=&#8221;Cat\u00e1logo Oficial ECTS&#8221; font_container=&#8221;tag:div|font_size:28|text_align:left|color:%23212422&#8243; google_fonts=&#8221;font_family:Merriweather%3A300%2C300italic%2Cregular%2Citalic%2C700%2C700italic%2C900%2C900italic|font_style:900%20bold%20regular%3A900%3Anormal&#8221;][vc_empty_space][vc_column_text]Desde la Fundaci\u00f3n se ofertan, dentro del cat\u00e1logo oficial la Universidad de La Laguna, cursos convalidables por ECTS.[\/vc_column_text][vc_empty_space][vc_tta_accordion color=&#8221;black&#8221; active_section=&#8221;&#8221; collapsible_all=&#8221;true&#8221; title=&#8221;Oferta de Cursos ECTS&#8221; css=&#8221;.vc_custom_1496234735236{margin-top: 30px !important;}&#8221;][vc_tta_section title=&#8221;Listar oferta de cursos &#8211; Clic para ver&#8221; tab_id=&#8221;oferta-cursos-ects&#8221;][vc_column_text][\/vc_column_text][\/vc_tta_section][\/vc_tta_accordion][\/vc_column][\/vc_row][vc_row disable_element=&#8221;yes&#8221; css=&#8221;.vc_custom_1674135203102{padding-top: 0px !important;}&#8221;][vc_column css=&#8221;.vc_custom_1434365739650{padding-right: 46px !important;}&#8221;][vc_single_image&#8230;<\/p>\n","protected":false},"author":1,"featured_media":0,"parent":8081,"menu_order":0,"comment_status":"closed","ping_status":"open","template":"","meta":{"footnotes":""},"_links":{"self":[{"href":"https:\/\/fg.ull.es\/formacion\/wp-json\/wp\/v2\/pages\/8137"}],"collection":[{"href":"https:\/\/fg.ull.es\/formacion\/wp-json\/wp\/v2\/pages"}],"about":[{"href":"https:\/\/fg.ull.es\/formacion\/wp-json\/wp\/v2\/types\/page"}],"author":[{"embeddable":true,"href":"https:\/\/fg.ull.es\/formacion\/wp-json\/wp\/v2\/users\/1"}],"replies":[{"embeddable":true,"href":"https:\/\/fg.ull.es\/formacion\/wp-json\/wp\/v2\/comments?post=8137"}],"version-history":[{"count":19,"href":"https:\/\/fg.ull.es\/formacion\/wp-json\/wp\/v2\/pages\/8137\/revisions"}],"predecessor-version":[{"id":32768,"href":"https:\/\/fg.ull.es\/formacion\/wp-json\/wp\/v2\/pages\/8137\/revisions\/32768"}],"up":[{"embeddable":true,"href":"https:\/\/fg.ull.es\/formacion\/wp-json\/wp\/v2\/pages\/8081"}],"wp:attachment":[{"href":"https:\/\/fg.ull.es\/formacion\/wp-json\/wp\/v2\/media?parent=8137"}],"curies":[{"name":"wp","href":"https:\/\/api.w.org\/{rel}","templated":true}]}}