{"id":8083,"date":"2015-03-10T10:51:27","date_gmt":"2015-03-10T10:51:27","guid":{"rendered":"http:\/\/www.fg.ull.es\/?page_id=8083"},"modified":"2017-05-23T12:09:43","modified_gmt":"2017-05-23T12:09:43","slug":"acciones-formativas-sobre-eficiencia-energetica","status":"publish","type":"page","link":"https:\/\/fg.ull.es\/formacion\/acciones-formativas-sobre-eficiencia-energetica\/","title":{"rendered":"Acciones Formativas sobre Eficiencia Energ\u00e9tica"},"content":{"rendered":"<p>Programa Formativo en Eficiencia Energ\u00e9tica desarrollado \u00a0por la Fundaci\u00f3n Empresa Universidad de La Laguna y subvencionado en su totalidad por la Consejer\u00eda de Empleo, Industria y Comercio del Gobierno de Canarias.<\/p>\n<p>&nbsp;<\/p>\n<p style=\"text-align: justify;\">Este programa forma parte de las medidas de\u00a0<strong>Estrategia de Ahorro y Eficiencia Energ\u00e9tica para Espa\u00f1a (2004-2012)<\/strong>, puestas en marcha por el\u00a0<strong>Gobierno de Canarias<\/strong>\u00a0y el <strong>Ministerio de Industria, Turismo y Comercio<\/strong> y el <strong>Instituto para la Diversificaci\u00f3n y Ahorro de la Energ\u00eda (IDAE)<\/strong>.<\/p>\n<p style=\"text-align: justify;\">El objetivo general es lograr\u00a0 una iniciaci\u00f3n profunda en el manejo de la herramienta de definici\u00f3n gr\u00e1fica del <strong>Programa Inform\u00e1tico de Referencia de la Certificaci\u00f3n Energ\u00e9tica de Edificios<\/strong> de nueva construcci\u00f3n y est\u00e1\u00a0 dirigido principalmente a profesionales del sector de la edificaci\u00f3n y la energ\u00eda (arquitectos, arquitectos t\u00e9cnicos, ingenieros e ingenieros t\u00e9cnicos), as\u00ed como a t\u00e9cnicos de la Administraci\u00f3n P\u00fablica y Colegios Profesionales que deban supervisar proyectos de edificaci\u00f3n.<\/p>\n<p style=\"text-align: justify;\">Se desarrolla en 3 m\u00f3dulos formativos de 40 horas, de las que 24 son presenciales .Los cursos son completamente<strong> gratuito<\/strong><strong>s<\/strong> y en cada uno se podr\u00e1n matricular un m\u00e1ximo de 20 alumnos, por lo que se realizar\u00e1n distintas ediciones.<\/p>\n<p align=\"left\"><strong><a href=\"..\/..\/public\/docs\/190_ua_modulo_i_lider_herramienta_grafica_calener.pdf\" target=\"_blank\" rel=\"noopener noreferrer\">M\u00f3dulo I: LIDER\/Herramienta gr\u00e1fica CALENER<\/a><\/strong><\/p>\n<p align=\"left\"><strong><a href=\"..\/..\/public\/docs\/191_aw_modulo_ii_calener__vyp_viviendas_y_pequeno_y_mediano_sector_terciario.pdf\" target=\"_blank\" rel=\"noopener noreferrer\">M\u00f3dulo II: CALENER_ VYP (Viviendas y Peque\u00f1o y Mediano sector terciario)<\/a><\/strong><\/p>\n<p><strong><a href=\"..\/..\/public\/docs\/192_yu_modulo_iii_limitacion_de_la_demanda_energetica_en_edificios.pdf\" target=\"_blank\" rel=\"noopener noreferrer\">M\u00f3dulo III: Limitaci\u00f3n de la Demanda Energ\u00e9tica en Edificios<\/a><\/strong><\/p>\n<p><strong><a href=\"..\/..\/public\/docs\/173_gv_fechas_y_horarios_de_los_modulos.pdf\" target=\"_blank\" rel=\"noopener noreferrer\">Fechas y horarios<\/a><\/strong><\/p>\n<p><strong><a href=\"..\/..\/public\/docs\/175_wk_memoria_programa_formativo.pdf\" target=\"_blank\" rel=\"noopener noreferrer\">Memoria del Programa Formativo<\/a><\/strong><\/p>\n<p style=\"text-align: justify;\">Los interesados deber\u00e1n <strong>formalizar la matr\u00edcula en la Secretaria de FEULL<\/strong>, situada en el Campus Central, Avda. Trinidad s\/n, Aulario de la Torre Profesor Agust\u00edn Ar\u00e9valo, planta entrada, en horario de: <strong>lunes a viernes de 09.00 a 14.00 y lunes a mi\u00e9rcoles de 16.30 a 19.00<\/strong><\/p>\n<p><strong><a href=\"..\/..\/public\/docs\/174_vh_periodos_de_matricula.pdf\" target=\"_blank\" rel=\"noopener noreferrer\">Fechas de matr\u00edcula por m\u00f3dulos<\/a><\/strong><\/p>\n<p><strong><a href=\"https:\/\/servicios.feu.ull.es\/Portal\/\" target=\"_blank\" rel=\"noopener noreferrer\">M\u00e1s informaci\u00f3n<\/a><\/strong><\/p>\n","protected":false},"excerpt":{"rendered":"<p>Programa Formativo en Eficiencia Energ\u00e9tica desarrollado \u00a0por la Fundaci\u00f3n Empresa Universidad de La Laguna y subvencionado en su totalidad por la Consejer\u00eda de Empleo, Industria y Comercio del Gobierno de Canarias. &nbsp; Este programa forma parte de las medidas de\u00a0Estrategia de Ahorro y Eficiencia Energ\u00e9tica para Espa\u00f1a (2004-2012), puestas en marcha por el\u00a0Gobierno de Canarias\u00a0y&#8230;<\/p>\n","protected":false},"author":1,"featured_media":0,"parent":0,"menu_order":0,"comment_status":"closed","ping_status":"closed","template":"","meta":{"footnotes":""},"_links":{"self":[{"href":"https:\/\/fg.ull.es\/formacion\/wp-json\/wp\/v2\/pages\/8083"}],"collection":[{"href":"https:\/\/fg.ull.es\/formacion\/wp-json\/wp\/v2\/pages"}],"about":[{"href":"https:\/\/fg.ull.es\/formacion\/wp-json\/wp\/v2\/types\/page"}],"author":[{"embeddable":true,"href":"https:\/\/fg.ull.es\/formacion\/wp-json\/wp\/v2\/users\/1"}],"replies":[{"embeddable":true,"href":"https:\/\/fg.ull.es\/formacion\/wp-json\/wp\/v2\/comments?post=8083"}],"version-history":[{"count":1,"href":"https:\/\/fg.ull.es\/formacion\/wp-json\/wp\/v2\/pages\/8083\/revisions"}],"predecessor-version":[{"id":32389,"href":"https:\/\/fg.ull.es\/formacion\/wp-json\/wp\/v2\/pages\/8083\/revisions\/32389"}],"wp:attachment":[{"href":"https:\/\/fg.ull.es\/formacion\/wp-json\/wp\/v2\/media?parent=8083"}],"curies":[{"name":"wp","href":"https:\/\/api.w.org\/{rel}","templated":true}]}}