{"id":8081,"date":"2015-03-10T10:51:26","date_gmt":"2015-03-10T10:51:26","guid":{"rendered":"http:\/\/www.fg.ull.es\/?page_id=8081"},"modified":"2022-10-18T08:31:08","modified_gmt":"2022-10-18T08:31:08","slug":"catalogo-de-oferta-formativa","status":"publish","type":"page","link":"https:\/\/fg.ull.es\/formacion\/catalogo-de-oferta-formativa\/","title":{"rendered":"Cat\u00e1logo formativo"},"content":{"rendered":"<section class=\"wpb-content-wrapper\"><p>[vc_row css=&#8221;.vc_custom_1501238276346{margin: 0px !important;border-width: 0px !important;padding: 0px !important;}&#8221;][vc_column css=&#8221;.vc_custom_1434362805080{padding-top: 42px !important;}&#8221;][vc_custom_heading text=&#8221;Cat\u00e1logo formativo&#8221; font_container=&#8221;tag:div|font_size:28|text_align:left|color:%23212422&#8243; google_fonts=&#8221;font_family:Merriweather%3A300%2C300italic%2Cregular%2Citalic%2C700%2C700italic%2C900%2C900italic|font_style:900%20bold%20regular%3A900%3Anormal&#8221;][vc_empty_space][vc_column_text]<\/p>\n<p><span style=\"color: #333333;\">En nuestro cat\u00e1logo formativo encontrar\u00e1s opciones orientadas a la especializaci\u00f3n profesional y al desarrollo personal en l\u00ednea con las \u00faltimas tendencias del mercado laboral.<\/span><\/p>\n<p><span style=\"color: #333333;\"><strong>Contamos con un equipo especializado en docencia virtual que trabaja para que toda la formaci\u00f3n online sea puntera, se adapte verdaderamente a la mejora educativa y aporte flexibilidad.<\/strong><\/span><\/p>\n<p>&nbsp;<\/p>\n<p><span style=\"color: #333333;\"><strong>Nuestro alumnado<\/strong>\u00a0es muy diverso, desde estudiantes de la ULL, hasta profesionales con largas trayectorias, que buscan reciclar sus conocimientos; esto aporta un plus de diversidad que enriquece el aprendizaje.<\/span><\/p>\n<p><span style=\"color: #333333;\">Muchos de los cursos que ofertamos forman parte del <span style=\"text-decoration: underline; color: #005689;\"><strong><a style=\"color: #005689; text-decoration: underline;\" href=\"https:\/\/fg.ull.es\/formacion\/catalogo-de-oferta-formativa\/catalogo-oficial-ects\/\" target=\"_blank\" rel=\"noopener noreferrer\">Cat\u00e1logo de cursos convalidables por ECTS de la Universidad de La Laguna<\/a><\/strong><\/span>.<\/span>[\/vc_column_text][\/vc_column][\/vc_row][vc_row][vc_column][vc_column_text][\/vc_column_text][vc_empty_space][vc_text_separator title=&#8221;Selecciona la formaci\u00f3n que quieres realizar&#8221; border_width=&#8221;2&#8243;][vc_empty_space][\/vc_column][\/vc_row][vc_row][vc_column width=&#8221;1\/2&#8243;][vc_btn title=&#8221;Oferta formativa&#8221; style=&#8221;custom&#8221; custom_background=&#8221;#5c068c&#8221; custom_text=&#8221;#ffffff&#8221; size=&#8221;lg&#8221; align=&#8221;center&#8221; button_block=&#8221;true&#8221; link=&#8221;url:https%3A%2F%2Ffg.ull.es%2Fformacion%2Fcatalogo-de-oferta-formativa%2Fcursos%2F|target:_blank&#8221;][\/vc_column][vc_column width=&#8221;1\/4&#8243;][vc_btn title=&#8221;Servicio de idiomas&#8221; style=&#8221;custom&#8221; custom_background=&#8221;#ffa927&#8243; custom_text=&#8221;#ffffff&#8221; size=&#8221;lg&#8221; align=&#8221;center&#8221; button_block=&#8221;true&#8221; link=&#8221;url:https%3A%2F%2Ffg.ull.es%2Fidiomas%2F|target:_blank&#8221;][\/vc_column][vc_column width=&#8221;1\/4&#8243;][vc_btn title=&#8221;T\u00edtulos Propios&#8221; style=&#8221;custom&#8221; custom_background=&#8221;#ececec&#8221; custom_text=&#8221;#000000&#8243; size=&#8221;lg&#8221; align=&#8221;center&#8221; button_block=&#8221;true&#8221; link=&#8221;url:https%3A%2F%2Fsede.fg.ull.es%2Fes%2Fcurso|target:_blank&#8221;][\/vc_column][\/vc_row][vc_row disable_element=&#8221;yes&#8221;][vc_column width=&#8221;1\/4&#8243;][vc_hoverbox image=&#8221;32484&#8243; primary_title=&#8221;Cursos Convalidables por ECTS&#8221; primary_title_font_container=&#8221;color:%23ffffff&#8221; primary_title_google_fonts=&#8221;font_family:Pontano%20Sans%3Aregular|font_style:400%20regular%3A400%3Anormal&#8221; hover_title=&#8221;Cursos Convalidables por ECTS&#8221; hover_title_font_container=&#8221;font_size:34px|color:%23000000&#8243; hover_title_google_fonts=&#8221;font_family:Pontano%20Sans%3Aregular|font_style:400%20regular%3A400%3Anormal&#8221; shape=&#8221;square&#8221; use_custom_fonts_primary_title=&#8221;true&#8221; use_custom_fonts_hover_title=&#8221;true&#8221; css=&#8221;.vc_custom_1579097467452{border-top-width: 1px !important;border-right-width: 1px !important;border-bottom-width: 1px !important;border-left-width: 1px !important;border-left-color: #000000 !important;border-left-style: solid !important;border-right-color: #000000 !important;border-right-style: solid !important;border-top-color: #000000 !important;border-top-style: solid !important;border-bottom-color: #000000 !important;border-bottom-style: solid !important;}&#8221; primary_title_link=&#8221;url:%2Fformacion%2Fcatalogo-de-oferta-formativa%2Fcatalogo-oficial-ects%2F|||&#8221; hover_title_link=&#8221;url:%2Fformacion%2Fcatalogo-de-oferta-formativa%2Fcatalogo-oficial-ects%2F|||&#8221;]<a href=\"\/formacion\/catalogo-de-oferta-formativa\/catalogo-oficial-ects\/\">Haz clic para acceder al listado de cursos ECTS<\/a>[\/vc_hoverbox][\/vc_column][vc_column width=&#8221;1\/4&#8243;][vc_hoverbox image=&#8221;32485&#8243; primary_title=&#8221;Oferta Formativa&#8221; primary_title_font_container=&#8221;color:%23ffffff&#8221; primary_title_google_fonts=&#8221;font_family:Pontano%20Sans%3Aregular|font_style:400%20regular%3A400%3Anormal&#8221; hover_title=&#8221;Oferta Formativa&#8221; hover_title_font_container=&#8221;font_size:34px|color:%23000000&#8243; hover_title_google_fonts=&#8221;font_family:Pontano%20Sans%3Aregular|font_style:400%20regular%3A400%3Anormal&#8221; hover_title_css_animation=&#8221;none&#8221; shape=&#8221;square&#8221; use_custom_fonts_primary_title=&#8221;true&#8221; use_custom_fonts_hover_title=&#8221;true&#8221; css=&#8221;.vc_custom_1579097641890{border-top-width: 1px !important;border-right-width: 1px !important;border-bottom-width: 1px !important;border-left-width: 1px !important;border-left-color: #000000 !important;border-left-style: solid !important;border-right-color: #000000 !important;border-right-style: solid !important;border-top-color: #000000 !important;border-top-style: solid !important;border-bottom-color: #000000 !important;border-bottom-style: solid !important;}&#8221; primary_title_link=&#8221;url:%2Fformacion%2Fcatalogo-de-oferta-formativa%2Fcursos%2F|||&#8221; hover_title_link=&#8221;url:%2Fformacion%2Fcatalogo-de-oferta-formativa%2Fcursos%2F|||&#8221;]<a href=\"\/formacion\/catalogo-de-oferta-formativa\/cursos\/\">Haz clic para acceder a la oferta formativa de cursos<\/a>[\/vc_hoverbox][\/vc_column][vc_column width=&#8221;1\/4&#8243;][vc_hoverbox image=&#8221;32484&#8243; primary_title=&#8221;Idiomas&#8221; primary_title_font_container=&#8221;color:%23ffffff&#8221; primary_title_google_fonts=&#8221;font_family:Pontano%20Sans%3Aregular|font_style:400%20regular%3A400%3Anormal&#8221; hover_title=&#8221;Idiomas&#8221; hover_title_font_container=&#8221;font_size:34px|color:%23000000&#8243; hover_title_google_fonts=&#8221;font_family:Pontano%20Sans%3Aregular|font_style:400%20regular%3A400%3Anormal&#8221; shape=&#8221;square&#8221; use_custom_fonts_primary_title=&#8221;true&#8221; use_custom_fonts_hover_title=&#8221;true&#8221; css=&#8221;.vc_custom_1501238004650{border-top-width: 1px !important;border-right-width: 1px !important;border-bottom-width: 1px !important;border-left-width: 1px !important;border-left-color: #000000 !important;border-left-style: solid !important;border-right-color: #000000 !important;border-right-style: solid !important;border-top-color: #000000 !important;border-top-style: solid !important;border-bottom-color: #000000 !important;border-bottom-style: solid !important;}&#8221; primary_title_link=&#8221;url:https%3A%2F%2Ffg.ull.es%2Fidiomas|||&#8221; hover_title_link=&#8221;url:https%3A%2F%2Ffg.ull.es%2Fidiomas|||&#8221;]<a href=\"https:\/\/fg.ull.es\/idiomas\">Haz clic en este elemento para acceder al sitio de idiomas<\/a>[\/vc_hoverbox][\/vc_column][vc_column width=&#8221;1\/4&#8243;][vc_hoverbox image=&#8221;32484&#8243; primary_title=&#8221;T\u00edtulos Propios&#8221; primary_title_font_container=&#8221;color:%23ffffff&#8221; primary_title_google_fonts=&#8221;font_family:Pontano%20Sans%3Aregular|font_style:400%20regular%3A400%3Anormal&#8221; hover_title=&#8221;T\u00edtulos Propios&#8221; hover_title_font_container=&#8221;font_size:34px|color:%23000000&#8243; hover_title_google_fonts=&#8221;font_family:Pontano%20Sans%3Aregular|font_style:400%20regular%3A400%3Anormal&#8221; shape=&#8221;square&#8221; use_custom_fonts_primary_title=&#8221;true&#8221; use_custom_fonts_hover_title=&#8221;true&#8221; css=&#8221;.vc_custom_1579097287108{border-top-width: 1px !important;border-right-width: 1px !important;border-bottom-width: 1px !important;border-left-width: 1px !important;border-left-color: #000000 !important;border-left-style: solid !important;border-right-color: #000000 !important;border-right-style: solid !important;border-top-color: #000000 !important;border-top-style: solid !important;border-bottom-color: #000000 !important;border-bottom-style: solid !important;}&#8221; primary_title_link=&#8221;url:https%3A%2F%2Ffg.ull.es%2Fformacion%2Fcatalogo-de-oferta-formativa%2Fgrados-y-posgrados%2F||target:%20_blank|&#8221; hover_title_link=&#8221;url:https%3A%2F%2Ffg.ull.es%2Fidiomas|||&#8221;]<a href=\"https:\/\/fg.ull.es\/formacion\/catalogo-de-oferta-formativa\/grados-y-posgrados\/\">Haz clic en este elemento para acceder a T\u00edtulos Propios<\/a>[\/vc_hoverbox][\/vc_column][\/vc_row][vc_row][vc_column][vc_column_text][\/vc_column_text][vc_empty_space][vc_btn title=&#8221;Realiza directamente la inscripci\u00f3n el cat\u00e1logo en la sede electr\u00f3nica&#8221; style=&#8221;custom&#8221; custom_background=&#8221;#ececec&#8221; custom_text=&#8221;#666666&#8243; size=&#8221;lg&#8221; align=&#8221;center&#8221; button_block=&#8221;true&#8221; link=&#8221;url:https%3A%2F%2Fsede.fg.ull.es%2Fes%2Fcurso||target:%20_blank|&#8221;][\/vc_column][\/vc_row]<\/p>\n<\/section>","protected":false},"excerpt":{"rendered":"<p>[vc_row css=&#8221;.vc_custom_1501238276346{margin: 0px !important;border-width: 0px !important;padding: 0px !important;}&#8221;][vc_column css=&#8221;.vc_custom_1434362805080{padding-top: 42px !important;}&#8221;][vc_custom_heading text=&#8221;Cat\u00e1logo formativo&#8221; font_container=&#8221;tag:div|font_size:28|text_align:left|color:%23212422&#8243; google_fonts=&#8221;font_family:Merriweather%3A300%2C300italic%2Cregular%2Citalic%2C700%2C700italic%2C900%2C900italic|font_style:900%20bold%20regular%3A900%3Anormal&#8221;][vc_empty_space][vc_column_text] En nuestro cat\u00e1logo formativo encontrar\u00e1s opciones orientadas a la especializaci\u00f3n profesional y al desarrollo personal en l\u00ednea con las \u00faltimas tendencias del mercado laboral. Contamos con un equipo especializado en docencia virtual que trabaja para que toda la formaci\u00f3n online&#8230;<\/p>\n","protected":false},"author":1,"featured_media":0,"parent":0,"menu_order":0,"comment_status":"closed","ping_status":"open","template":"","meta":{"footnotes":""},"_links":{"self":[{"href":"https:\/\/fg.ull.es\/formacion\/wp-json\/wp\/v2\/pages\/8081"}],"collection":[{"href":"https:\/\/fg.ull.es\/formacion\/wp-json\/wp\/v2\/pages"}],"about":[{"href":"https:\/\/fg.ull.es\/formacion\/wp-json\/wp\/v2\/types\/page"}],"author":[{"embeddable":true,"href":"https:\/\/fg.ull.es\/formacion\/wp-json\/wp\/v2\/users\/1"}],"replies":[{"embeddable":true,"href":"https:\/\/fg.ull.es\/formacion\/wp-json\/wp\/v2\/comments?post=8081"}],"version-history":[{"count":22,"href":"https:\/\/fg.ull.es\/formacion\/wp-json\/wp\/v2\/pages\/8081\/revisions"}],"predecessor-version":[{"id":32716,"href":"https:\/\/fg.ull.es\/formacion\/wp-json\/wp\/v2\/pages\/8081\/revisions\/32716"}],"wp:attachment":[{"href":"https:\/\/fg.ull.es\/formacion\/wp-json\/wp\/v2\/media?parent=8081"}],"curies":[{"name":"wp","href":"https:\/\/api.w.org\/{rel}","templated":true}]}}