{"id":8029,"date":"2015-03-10T10:51:16","date_gmt":"2015-03-10T10:51:16","guid":{"rendered":"http:\/\/www.fg.ull.es\/?page_id=8029"},"modified":"2017-10-20T14:27:08","modified_gmt":"2017-10-20T14:27:08","slug":"servicio-de-idiomas-de-la-universidad-de-la-laguna","status":"publish","type":"page","link":"https:\/\/fg.ull.es\/formacion\/servicio-de-idiomas-de-la-universidad-de-la-laguna\/","title":{"rendered":"Servicio de Idiomas de la Universidad de La Laguna"},"content":{"rendered":"<section class=\"wpb-content-wrapper\"><p>[vc_row css=&#8221;.vc_custom_1496231316911{padding-top: 0px !important;}&#8221;][vc_column css=&#8221;.vc_custom_1434546566141{padding-right: 46px !important;}&#8221;][vc_custom_heading text=&#8221;Servicio de Idiomas de la Universidad de La Laguna<br \/>\n&#8221; font_container=&#8221;tag:div|font_size:28|text_align:left|color:%23212422&#8243; google_fonts=&#8221;font_family:Merriweather%3A300%2C300italic%2Cregular%2Citalic%2C700%2C700italic%2C900%2C900italic|font_style:900%20bold%20regular%3A900%3Anormal&#8221;][vc_empty_space][vc_column_text]Con m\u00e1s de veinte a\u00f1os de trayectoria, el <strong>Servicio de Idiomas de la ULL<\/strong>, ofrece ense\u00f1anzas de lenguas modernas, tanto para la comunidad universitaria como para la sociedad canaria en general. Dos d\u00e9cadas en las que su <strong>oferta de idiomas<\/strong>, su m\u00e9todo y su administraci\u00f3n han evolucionado adapt\u00e1ndose a una <strong>demanda creciente<\/strong> y cada vez m\u00e1s exigente.<\/p>\n<p>[\/vc_column_text][vc_video link=&#8221;https:\/\/www.youtube.com\/watch?v=cgHQn07GKg4&amp;t=6s&#8221; align=&#8221;center&#8221;][vc_empty_space height=&#8221;32&#8243;][vc_tta_accordion color=&#8221;white&#8221; active_section=&#8221;1&#8243; collapsible_all=&#8221;true&#8221;][vc_tta_section title=&#8221;Dejemos que hablen los datos\u2026&#8221; tab_id=&#8221;1469782760853-ea9c2d22-d460&#8243;][vc_column_text]<\/p>\n<ul>\n<li><span style=\"color: #333333\">M\u00e1s de <strong>4.000 personas.<\/strong> de m\u00faltiples nacionalidades y todos los perfiles y edades. estudian anualmente en el Servicio de Idiomas<\/span><\/li>\n<\/ul>\n<ul>\n<li><span style=\"color: #333333\">Clases de <strong>alem\u00e1n, ingl\u00e9s, italiano, lengua de signos, franc\u00e9s, portugu\u00e9s, espa\u00f1ol, \u00e1rabe y ruso<\/strong><\/span><\/li>\n<\/ul>\n<ul>\n<li><span style=\"color: #333333\"><strong>M\u00faltiples formatos:<\/strong> cuatrimestrales, intensivos, espec\u00edficos (para atender a necesidades profesionales concretas), virtuales y semipresenciales (una sesi\u00f3n por semana). Tambi\u00e9n es posible organizar cursos especiales a demanda de una empresa o instituci\u00f3n<\/span><\/li>\n<\/ul>\n<ul>\n<li><span style=\"color: #333333\"><strong>Centro preparador<\/strong> de las principales certificaciones internacionales:<strong> <span style=\"text-decoration: underline\"><span style=\"color: #005689;text-decoration: underline\"><a style=\"color: #005689;text-decoration: underline\" href=\"http:\/\/www.cambridgeesol.org\/spain\/\">Cambridge ESOL<\/a><\/span><\/span><\/strong>, <strong><span style=\"text-decoration: underline\"><span style=\"color: #005689;text-decoration: underline\"><a style=\"color: #005689;text-decoration: underline\" href=\"http:\/\/www.ielts.org\/\">IELTS<\/a> <\/span><\/span><\/strong>y <strong><span style=\"text-decoration: underline\"><span style=\"color: #005689\"><a style=\"color: #005689;text-decoration: underline\" href=\"http:\/\/www.trinitycollege.co.uk\/\">Trinity College London<\/a><\/span><\/span><\/strong> para el ingl\u00e9s, Institut Goethe para el alem\u00e1n, CILS para la lengua italiana, adem\u00e1s del Instituto Cervantes para el espa\u00f1ol para extranjeros<\/span><\/li>\n<\/ul>\n<ul>\n<li><span style=\"color: #333333\"><strong><span style=\"text-decoration: underline\"><span style=\"color: #005689\"><a style=\"color: #005689;text-decoration: underline\" href=\"https:\/\/fg.ull.es\/idiomas\/wp-content\/uploads\/sites\/26\/2014\/03\/MCER.jpg\" target=\"_blank\" rel=\"noopener noreferrer\">Marco Europeo de Referencia de las Lenguas<\/a><\/span><\/span><\/strong>: toda la estructura de niveles se rige exclusivamente por este est\u00e1ndar europeo.<\/span><\/li>\n<\/ul>\n<ul>\n<li><span style=\"color: #333333\"><strong>Multisede:<\/strong> La Laguna, Adeje, Santa Cruz de Tenerife, Puerto de la Cruz, Icod de los Vinos, Los Realejos, Gu\u00eda de Isora&#8230;<\/span><\/li>\n<\/ul>\n<ul>\n<li><span style=\"color: #333333\"><strong>Acreditaciones de nivel<\/strong>: convocatorias de ex\u00e1menes para facilitar las \u201cAcreditaciones de dominio de Lengua Extranjera\u201d, v\u00e1lidas para Grado, M\u00e1ster y Programas de Movilidad de la Universidad de La Laguna y otros centros de formaci\u00f3n<\/span><\/li>\n<\/ul>\n<p><span style=\"color: #333333\"><em>*El Servicio de Idiomas de la ULL es un centro acreditado por la Asociaci\u00f3n de Centros de Lenguas en la Educaci\u00f3n Superior (ACLES), para expedir certificados de examen de dominio del idioma ingl\u00e9s que cuentan con un amplio reconocimiento en Europa.<\/em><\/span><\/p>\n<p><span style=\"color: #333333\">En el acceso a los cursos se habilitan <strong>pruebas de nivel previas y gratuitas<\/strong> para que el alumnado se inscriba finalmente en el curso del que va obtener un mayor provecho. El <strong>profesorado<\/strong> es en su mayor parte nativo y cuenta con una amplia experiencia docente. Los estudiantes y titulados de las universidades canarias pueden optar a becas, las conocidas <span style=\"text-decoration: underline\"><span style=\"color: #005689;text-decoration: underline\"><strong><a style=\"color: #005689;text-decoration: underline\" href=\"https:\/\/fg.ull.es\/idiomas\/beca-prolingua\/\" target=\"_blank\" rel=\"noopener noreferrer\">Becas Prolingua<\/a><\/strong>.<\/span><\/span><\/span>[\/vc_column_text][\/vc_tta_section][\/vc_tta_accordion][vc_column_text css=&#8221;.vc_custom_1469782987028{padding-top: 15px !important;}&#8221;]<\/p>\n<h4><\/h4>\n<p><span style=\"color: #333333\"><em>*El Servicio de Idiomas de la ULL es un centro acreditado por la Asociaci\u00f3n de Centros de Lenguas en la Educaci\u00f3n Superior (ACLES), para expedir certificados de examen de dominio del idioma ingl\u00e9s que cuentan con un amplio reconocimiento en Europa.<\/em><\/span><\/p>\n<p><span style=\"color: #333333\">En el acceso a los cursos se habilitan <strong>pruebas de nivel previas y gratuitas<\/strong> para que el alumnado se inscriba finalmente en el curso del que va obtener un mayor provecho. El <strong>profesorado<\/strong> es en su mayor parte nativo y cuenta con una amplia experiencia docente. Los estudiantes y titulados de las universidades canarias pueden optar a becas, las conocidas <span style=\"text-decoration: underline\"><span style=\"color: #005689;text-decoration: underline\"><strong><a style=\"color: #005689;text-decoration: underline\" href=\"https:\/\/fg.ull.es\/idiomas\/beca-prolingua\/\" target=\"_blank\" rel=\"noopener noreferrer\">Becas Prolingua<\/a><\/strong>.<\/span><\/span><\/span>[\/vc_column_text][vc_btn title=&#8221;Visitar la Web del Servicio de Idiomas de la ULL&#8221; color=&#8221;black&#8221; align=&#8221;center&#8221; button_block=&#8221;true&#8221; link=&#8221;url:http%3A%2F%2Ffg.ull.es%2Fidiomas%2F|||&#8221;][\/vc_column][\/vc_row]<\/p>\n<\/section>","protected":false},"excerpt":{"rendered":"<p>[vc_row css=&#8221;.vc_custom_1496231316911{padding-top: 0px !important;}&#8221;][vc_column css=&#8221;.vc_custom_1434546566141{padding-right: 46px !important;}&#8221;][vc_custom_heading text=&#8221;Servicio de Idiomas de la Universidad de La Laguna &#8221; font_container=&#8221;tag:div|font_size:28|text_align:left|color:%23212422&#8243; google_fonts=&#8221;font_family:Merriweather%3A300%2C300italic%2Cregular%2Citalic%2C700%2C700italic%2C900%2C900italic|font_style:900%20bold%20regular%3A900%3Anormal&#8221;][vc_empty_space][vc_column_text]Con m\u00e1s de veinte a\u00f1os de trayectoria, el Servicio de Idiomas de la ULL, ofrece ense\u00f1anzas de lenguas modernas, tanto para la comunidad universitaria como para la sociedad canaria en general. Dos d\u00e9cadas en las que su&#8230;<\/p>\n","protected":false},"author":1,"featured_media":0,"parent":0,"menu_order":0,"comment_status":"closed","ping_status":"open","template":"","meta":{"footnotes":""},"_links":{"self":[{"href":"https:\/\/fg.ull.es\/formacion\/wp-json\/wp\/v2\/pages\/8029"}],"collection":[{"href":"https:\/\/fg.ull.es\/formacion\/wp-json\/wp\/v2\/pages"}],"about":[{"href":"https:\/\/fg.ull.es\/formacion\/wp-json\/wp\/v2\/types\/page"}],"author":[{"embeddable":true,"href":"https:\/\/fg.ull.es\/formacion\/wp-json\/wp\/v2\/users\/1"}],"replies":[{"embeddable":true,"href":"https:\/\/fg.ull.es\/formacion\/wp-json\/wp\/v2\/comments?post=8029"}],"version-history":[{"count":7,"href":"https:\/\/fg.ull.es\/formacion\/wp-json\/wp\/v2\/pages\/8029\/revisions"}],"predecessor-version":[{"id":32504,"href":"https:\/\/fg.ull.es\/formacion\/wp-json\/wp\/v2\/pages\/8029\/revisions\/32504"}],"wp:attachment":[{"href":"https:\/\/fg.ull.es\/formacion\/wp-json\/wp\/v2\/media?parent=8029"}],"curies":[{"name":"wp","href":"https:\/\/api.w.org\/{rel}","templated":true}]}}