{"id":7888,"date":"2015-03-02T14:56:01","date_gmt":"2015-03-02T14:56:01","guid":{"rendered":"http:\/\/w3.fg.ull.es\/wordpress-multisite\/?page_id=2077"},"modified":"2022-10-18T08:14:41","modified_gmt":"2022-10-18T08:14:41","slug":"formacion","status":"publish","type":"page","link":"https:\/\/fg.ull.es\/formacion\/","title":{"rendered":"Formaci\u00f3n"},"content":{"rendered":"<section class=\"wpb-content-wrapper\"><p>[vc_row css=&#8221;.vc_custom_1495541028616{padding-top: 0px !important;}&#8221;][vc_column css=&#8221;.vc_custom_1434359270451{padding-right: 46px !important;}&#8221;][vc_custom_heading text=&#8221;Formaci\u00f3n&#8221; font_container=&#8221;tag:div|font_size:28|text_align:left|color:%23212422&#8243; google_fonts=&#8221;font_family:Merriweather%3A300%2C300italic%2Cregular%2Citalic%2C700%2C700italic%2C900%2C900italic|font_style:900%20bold%20regular%3A900%3Anormal&#8221;][vc_empty_space height=&#8221;32&#8243;][vc_column_text]<span style=\"color: #000000\">Trabajamos para dar respuesta a las necesidades de especializaci\u00f3n del mercado laboral canario.<\/span><\/p>\n<p><span style=\"color: #333333\">Acercamos el conocimiento y el potencial did\u00e1ctico de la Universidad de La Laguna a la sociedad, empresas e instituciones p\u00fablicas. Tambi\u00e9n contamos entre nuestro cuerpo docente con profesionales con un amplio y contrastado bagaje.<\/span><\/p>\n<p>&nbsp;<\/p>\n<p><img decoding=\"async\" loading=\"lazy\" class=\"wp-image-32421 size-full aligncenter\" src=\"https:\/\/fg.ull.es\/formacion\/wp-content\/uploads\/sites\/4\/2015\/03\/catalogo-formativo-031.jpg\" alt=\"\" width=\"649\" height=\"451\" srcset=\"https:\/\/fg.ull.es\/formacion\/wp-content\/uploads\/sites\/4\/2015\/03\/catalogo-formativo-031.jpg 649w, https:\/\/fg.ull.es\/formacion\/wp-content\/uploads\/sites\/4\/2015\/03\/catalogo-formativo-031-300x208.jpg 300w, https:\/\/fg.ull.es\/formacion\/wp-content\/uploads\/sites\/4\/2015\/03\/catalogo-formativo-031-375x261.jpg 375w\" sizes=\"(max-width: 649px) 100vw, 649px\" \/><\/p>\n<p>&nbsp;<\/p>\n<h4><\/h4>\n<p>&nbsp;<\/p>\n<h4><\/h4>\n<h4><span style=\"color: #333333\">Nuestro compromiso: calidad y vocaci\u00f3n de servicio<\/span><\/h4>\n<p><span style=\"color: #333333\">En colaboraci\u00f3n con el profesorado de la ULL, creamos cursos muy espec\u00edficos que facilitan el desarrollo personal y profesional de nuestro alumnado. Nos preocupa especialmente incidir en la mejora continua de los profesionales en activo y en el aumento de posibilidades de inserci\u00f3n laboral de las personas que est\u00e1n en situaci\u00f3n de desempleo.<\/span><\/p>\n<p>&nbsp;<\/p>\n<h4><span style=\"color: #333333\">Valores que s\u00ed cuentan<\/span><\/h4>\n<ul>\n<li><span style=\"color: #333333\">Evaluamos continuamente la formaci\u00f3n que impartimos vigilando especialmente su funcionalidad, combinando contenidos te\u00f3ricos y pr\u00e1cticos, ense\u00f1ando a &#8220;hacer cosas&#8221;, yendo m\u00e1s all\u00e1 del plano puramente te\u00f3rico<\/span><\/li>\n<li><span style=\"color: #333333\">Generamos lugares de encuentro (presenciales y virtuales) que propicien el trabajo en red entre los participantes y el profesorado, reforzando las relaciones profesionales-personales y propiciando el debate<\/span><\/li>\n<li><span style=\"color: #333333\">Seleccionamos tem\u00e1ticas de actualidad, atendiendo a las tendencias m\u00e1s recientes<\/span><\/li>\n<li><span style=\"color: #333333\">Creemos en la flexibilidad. Nuestros cursos combinan la formaci\u00f3n <em>online<\/em> con la presencial, ya que intentamos adaptarnos siempre a las necesidades reales de nuestro alumnado<\/span><\/li>\n<\/ul>\n<p>[\/vc_column_text][vc_empty_space height=&#8221;20&#8243;][vc_empty_space height=&#8221;20&#8243;][vc_accordion active_tab=&#8221;0&#8243;][vc_accordion_tab title=&#8221;Unidad T\u00e9cnica de Calidad&#8221;][vc_column_text]<span style=\"color: #333333\"><strong>La Unidad T\u00e9cnica de Calidad (UTC)<\/strong> asume el desarrollo y la gesti\u00f3n de los programas y procesos de evaluaci\u00f3n y calidad institucionales, en el marco de la <em>pol\u00edtica de calidad<\/em> establecida en la Universidad de La Laguna para garantizar la calidad y la excelencia en los \u00e1mbitos de la docencia, la investigaci\u00f3n y la gesti\u00f3n, en cumplimiento de la normativa nacional, auton\u00f3mica y propia de la Universidad de La Laguna.<\/span><\/p>\n<p>&nbsp;<\/p>\n<p><span style=\"color: #333333\">Esta unidad t\u00e9cnica presta servicios a la <strong><span style=\"text-decoration: underline\"><span style=\"color: #005689;text-decoration: underline\"><a style=\"color: #005689;text-decoration: underline\" href=\"http:\/\/www.ull.es\/view\/institucional\/ull\/Unidad_de_Evaluacion_y_Mejora_de_la_Calidad\/es\">Unidad de Evaluaci\u00f3n y Mejora de la Calidad<\/a><\/span><\/span><\/strong> del <strong><span style=\"text-decoration: underline;color: #005689\"><a style=\"color: #005689;text-decoration: underline\" href=\"http:\/\/www.ull.es\/view\/institucional\/ull\/Presentacion_16\/es\">Vicerrectorado de<\/a>\u00a0Docencia<\/span><\/strong>, a trav\u00e9s de una encomienda de gesti\u00f3n a la Fundaci\u00f3n General de la Universidad de La Laguna, realizando tareas generales de:<\/span><\/p>\n<ul>\n<li><span style=\"color: #333333\">Asesoramiento y apoyo t\u00e9cnico (presencial, telef\u00f3nico, mail)<\/span><\/li>\n<li><span style=\"color: #333333\">Gesti\u00f3n de programas<\/span><\/li>\n<li><span style=\"color: #333333\">Elaboraci\u00f3n y revisi\u00f3n de documentaci\u00f3n (informes, manuales, reglamentos, etc.)<\/span><\/li>\n<li><span style=\"color: #333333\">Dise\u00f1o y aplicaci\u00f3n de las encuestas de satisfacci\u00f3n<\/span><\/li>\n<li><span style=\"color: #333333\">Gesti\u00f3n de herramientas TIC de apoyo (aulas virtuales, aplicaciones inform\u00e1ticas\u2026)<\/span><\/li>\n<li><span style=\"color: #333333\">Trabajos de coordinaci\u00f3n con los grupos de inter\u00e9s, internos y externos a la instituci\u00f3n, etc.<\/span><\/li>\n<\/ul>\n<p>&nbsp;<\/p>\n<p><span style=\"color: #333333\">Sus principales \u00e1reas de trabajo son las siguientes:<\/span><\/p>\n<p><span style=\"color: #333333\"><strong>Sistemas de Garant\u00eda Interna de Calidad (SGIC) de centros\/titulaciones:<\/strong><\/span><\/p>\n<ul>\n<li><span style=\"color: #333333\">SGIC de Centros: Programa AUDIT-ANECA (Agencia Nacional de Evaluaci\u00f3n y Calidad)<\/span><\/li>\n<li><span style=\"color: #333333\">SGIC de Titulaciones Oficiales (grado, master y doctorado) y propias: Programa VERIFICA-ANECA y Decreto del Gob. de Canarias 168\/2008<\/span><\/li>\n<li><span style=\"color: #333333\">Seguimiento y Acreditaci\u00f3n de titulaciones oficiales: Programa MONITOR-ANECA y Protocolo ACCUEE (Agencia Canaria de Calidad Universitaria y Evaluaci\u00f3n Educativa)<\/span><\/li>\n<\/ul>\n<p><span style=\"color: #333333\"><strong>Evaluaci\u00f3n de la Actividad Docente del Profesorado: Programa DOCENTIA ULL \u2013 ANECA.<\/strong><\/span><\/p>\n<p><span style=\"color: #333333\"><strong>Evaluaci\u00f3n de Servicios y Unidades de Gesti\u00f3n<\/strong><\/span><\/p>\n<p><span style=\"color: #333333\"><strong>Plan de mejora y modernizaci\u00f3n de los servicios y unidades de gesti\u00f3n de la Universidad de La Laguna.<\/strong><\/span><\/p>\n<p>&nbsp;<\/p>\n<p><span style=\"color: #333333\">Otros servicios de apoyo y soporte a los programas institucionales:<\/span><\/p>\n<ul>\n<li><span style=\"color: #333333\">Gesti\u00f3n de encuestas<\/span><\/li>\n<li><span style=\"color: #333333\">Gesti\u00f3n de herramientas TIC de soporte<\/span><\/li>\n<li><span style=\"color: #333333\">Asesoramiento y seguimiento de gu\u00edas docentes<\/span><\/li>\n<li><span style=\"color: #333333\">Asesoramiento y seguimiento del Plan de Orientaci\u00f3n y Acci\u00f3n<\/span><\/li>\n<li><span style=\"color: #333333\">Tutorial (POAT-ULL)<\/span><\/li>\n<\/ul>\n<p>&nbsp;<\/p>\n<p><span style=\"color: #333333\">Forma parte de la UTC el siguiente personal t\u00e9cnico: <strong>Ana Esther Cruz Gonz\u00e1lez, Rafael Fern\u00e1ndez Seraf\u00edn,\u00a0<\/strong>\u00a0<strong>Daida Gonz\u00e1lez Salamanca y Marcos Blanco Freijo.\u00a0<\/strong><\/span><\/p>\n<p><strong>C<\/strong><strong>ontacto: <\/strong>\u00a0<a href=\"mailto:formacion@fg.ull.es\">formacion@fg.ull.es<\/a>[\/vc_column_text][\/vc_accordion_tab][\/vc_accordion][\/vc_column][\/vc_row][vc_row][vc_column][vc_empty_space][vc_column_text]<style>\n\n    .vc_row-has-fill+.vc_row-full-width+.vc_row.vc-noticias>.vc_column_container>.vc_column-inner {\n        padding: 0 !important;\n    }\n\n    .news-block {\n        background: #f5f5f5;\n    }\n\n    .news-block ul li {\n        min-height: 300px;\n        border-right: solid 3px #fff;\n    }\n\n    .news-block ul li:last-child {\n        border-right: none;\n    }\n\n    .news-block ul {\n        list-style: none;\n        margin: 0;\n        padding: 0;\n    }\n\n    .news-block ul li {\n        padding: 0 !important;\n    }\n\n    .news-block .caption {\n        padding: 8px 10px;\n    }\n    .news-block .caption h4 {\n        font-size: 14px;\n        font-weight: normal !important;\n        padding-top: 8px;\n        line-height: normal !important;\n    }\n\n    .news-block .caption .date {\n        font-size: 12px;\n        font-weight: bold;\n        color: #444;\n        margin-top: 6px;\n    }\n\n    .news-control{\n        width: 100%;\n        padding: 8px 15px;\n        overflow: hidden;\n    }\n\n    .news-control a {\n        color: #444;\n    }\n\n    .news-block a:hover {\n        text-decoration: none !important;\n        border: 0;\n    }\n    .news-control a.right { float: right; }\n    .news-control a.left { float: left; }\n\n    .news-block .thumbnail {\n        border: 0;\n        padding: 0;\n        border-radius: 0;\n        margin-bottom: 0;\n    }\n\n    .news-block .thumbnail a {\n        display: block;\n        width: 100%;\n        height: 160px;\n        background-size: cover;\n        background-repeat: no-repeat;\n    }\n\n    .more-news {\n        margin-top: 30px;\n    }\n\n    .more-news a {\n        display: block;\n        float: right;\n        background: #7a3b7a;\n        padding: 8px 20px;\n        color: #fff;\n    }\n\n    .more-news a:hover {\n        text-decoration: none;\n    }\n\n    .more-news a i {\n        margin-left: 6px;\n    }\n\n    .news-header h2 {\n        color: #444;\n        font-weight: bold;\n        width: 100%;\n        border-bottom: solid 3px #fff;\n        padding: 20px;\n        padding-bottom: 15px;\n        margin: 0;\n        font-size: 30px;\n        line-height: 30px;\n        text-transform: uppercase;\n    }\n\n    @media only screen and (max-width : 480px) {\n        .news-header h2 {\n            font-size: 20px;\n            padding: 10px;\n            line-height: 24px;\n        }\n    }\n\n<\/style>\n\n<div class=\"news-block\">\n    <div class=\"news-header\">\n        <h2>\u00daltimas noticias<\/h2>\n    <\/div>\n\n    <div class=\"news-control\">\n        <a class=\"left \" href=\"#newsCarousel\" role=\"button\" data-slide=\"prev\">\n            <span class=\"fa fa-chevron-left\" aria-hidden=\"true\"><\/span>\n            <span class=\"sr-only\">Siguiente<\/span>\n        <\/a>\n        <a class=\"right\" href=\"#newsCarousel\" role=\"button\" data-slide=\"next\">\n            <span class=\"fa fa-chevron-right\" aria-hidden=\"true\"><\/span>\n            <span class=\"sr-only\">Anterior<\/span>\n        <\/a>\n    <\/div>\n\n    <div class=\"carousel slide\" id=\"newsCarousel\">\n        <div class=\"carousel-inner\">\n                        <div class=\"item active\">\n                <ul class=\"thumbnails\">\n            \n                <li class=\"col-sm-3 col-xs-6\">\n                    <div class=\"fff\">\n                        <div class=\"thumbnail\">\n                            <a href=\"https:\/\/fg.ull.es\/noticias\/2026\/05\/12\/valverde-celebra-por-segundo-ano-la-feria-de-cooperativas-escolares-del-proyecto-ensenar-para-emprender\/\" style=\"background-image: url('https:\/\/fg.ull.es\/noticias\/wp-content\/uploads\/sites\/2\/2026\/05\/Feria-EPE-Valverde-300x169.jpeg');\"><\/a>\n                        <\/div>\n                        <div class=\"caption\">\n                            <p class=\"date\">\n                                12 May 2026 - 14:34 UTC                            <\/p>\n                            <h4><a href=\"https:\/\/fg.ull.es\/noticias\/2026\/05\/12\/valverde-celebra-por-segundo-ano-la-feria-de-cooperativas-escolares-del-proyecto-ensenar-para-emprender\/\">Valverde celebra por segundo a\u00f1o,\u00a0la Feria de Cooperativas Escolares del proyecto Ense\u00f1ar para Emprender<\/a><\/h4>\n                        <\/div>\n                    <\/div>\n                <\/li>\n                \n                <li class=\"col-sm-3 col-xs-6\">\n                    <div class=\"fff\">\n                        <div class=\"thumbnail\">\n                            <a href=\"https:\/\/fg.ull.es\/noticias\/2026\/05\/08\/el-cit-nordeste-concedio-uno-de-sus-premios-de-honor-a-la-fgull-como-puente-entre-el-conocimiento-la-universidad-y-la-sociedad\/\" style=\"background-image: url('https:\/\/fg.ull.es\/noticias\/wp-content\/uploads\/sites\/2\/2026\/05\/DSC07886-1-300x200.jpg');\"><\/a>\n                        <\/div>\n                        <div class=\"caption\">\n                            <p class=\"date\">\n                                08 May 2026 - 15:07 UTC                            <\/p>\n                            <h4><a href=\"https:\/\/fg.ull.es\/noticias\/2026\/05\/08\/el-cit-nordeste-concedio-uno-de-sus-premios-de-honor-a-la-fgull-como-puente-entre-el-conocimiento-la-universidad-y-la-sociedad\/\">La Fundaci\u00f3n General de la ULL, premiada por el CIT Nordeste por su labor en la conexi\u00f3n universidad y la sociedad<\/a><\/h4>\n                        <\/div>\n                    <\/div>\n                <\/li>\n                \n                <li class=\"col-sm-3 col-xs-6\">\n                    <div class=\"fff\">\n                        <div class=\"thumbnail\">\n                            <a href=\"https:\/\/fg.ull.es\/noticias\/2026\/05\/08\/el-pinar-celebra-la-primera-feria-de-cooperativas-escolares-del-proyecto-ensenar-para-emprender\/\" style=\"background-image: url('https:\/\/fg.ull.es\/noticias\/wp-content\/uploads\/sites\/2\/2026\/05\/EPE-EL-PINAR-300x169.jpeg');\"><\/a>\n                        <\/div>\n                        <div class=\"caption\">\n                            <p class=\"date\">\n                                08 May 2026 - 14:05 UTC                            <\/p>\n                            <h4><a href=\"https:\/\/fg.ull.es\/noticias\/2026\/05\/08\/el-pinar-celebra-la-primera-feria-de-cooperativas-escolares-del-proyecto-ensenar-para-emprender\/\">El Pinar celebra la primera Feria de Cooperativas Escolares del proyecto Ense\u00f1ar para Emprender<\/a><\/h4>\n                        <\/div>\n                    <\/div>\n                <\/li>\n                \n                <li class=\"col-sm-3 col-xs-6\">\n                    <div class=\"fff\">\n                        <div class=\"thumbnail\">\n                            <a href=\"https:\/\/fg.ull.es\/noticias\/2026\/05\/07\/la-feria-de-cooperativas-escolares-consolida-el-emprendimiento-educativo-en-la-gomera\/\" style=\"background-image: url('https:\/\/fg.ull.es\/noticias\/wp-content\/uploads\/sites\/2\/2026\/05\/EPE-LA-GOMERA-300x225.jpeg');\"><\/a>\n                        <\/div>\n                        <div class=\"caption\">\n                            <p class=\"date\">\n                                07 May 2026 - 12:09 UTC                            <\/p>\n                            <h4><a href=\"https:\/\/fg.ull.es\/noticias\/2026\/05\/07\/la-feria-de-cooperativas-escolares-consolida-el-emprendimiento-educativo-en-la-gomera\/\">La Feria de Cooperativas Escolares consolida el emprendimiento educativo en La Gomera<\/a><\/h4>\n                        <\/div>\n                    <\/div>\n                <\/li>\n                                    <\/ul>\n                    <\/div>\n                                <div class=\"item \">\n                <ul class=\"thumbnails\">\n            \n                <li class=\"col-sm-3 col-xs-6\">\n                    <div class=\"fff\">\n                        <div class=\"thumbnail\">\n                            <a href=\"https:\/\/fg.ull.es\/noticias\/2026\/05\/06\/capacita-amplia-su-oferta-formativa-con-nuevos-cursos-gratuitos-para-mejorar-la-empleabilidad-en-tenerife\/\" style=\"background-image: url('https:\/\/fg.ull.es\/noticias\/wp-content\/uploads\/sites\/2\/2026\/05\/Noticia-Capacita-300x200.jpg');\"><\/a>\n                        <\/div>\n                        <div class=\"caption\">\n                            <p class=\"date\">\n                                06 May 2026 - 10:05 UTC                            <\/p>\n                            <h4><a href=\"https:\/\/fg.ull.es\/noticias\/2026\/05\/06\/capacita-amplia-su-oferta-formativa-con-nuevos-cursos-gratuitos-para-mejorar-la-empleabilidad-en-tenerife\/\">Capacita ampl\u00eda su oferta formativa con nuevos cursos gratuitos para mejorar la empleabilidad en Tenerife<\/a><\/h4>\n                        <\/div>\n                    <\/div>\n                <\/li>\n                \n                <li class=\"col-sm-3 col-xs-6\">\n                    <div class=\"fff\">\n                        <div class=\"thumbnail\">\n                            <a href=\"https:\/\/fg.ull.es\/noticias\/2026\/05\/05\/el-ayuntamiento-de-san-cristobal-de-la-laguna-acoge-la-solicitud-de-permisos-de-venta-para-la-feria-de-cooperativas-escolares\/\" style=\"background-image: url('https:\/\/fg.ull.es\/noticias\/wp-content\/uploads\/sites\/2\/2026\/05\/EPE-PERMISO-DE-VENTAS-LA-LAGUNA-300x169.jpg');\"><\/a>\n                        <\/div>\n                        <div class=\"caption\">\n                            <p class=\"date\">\n                                05 May 2026 - 13:11 UTC                            <\/p>\n                            <h4><a href=\"https:\/\/fg.ull.es\/noticias\/2026\/05\/05\/el-ayuntamiento-de-san-cristobal-de-la-laguna-acoge-la-solicitud-de-permisos-de-venta-para-la-feria-de-cooperativas-escolares\/\">El Ayuntamiento de San Crist\u00f3bal de La Laguna acoge la solicitud de permisos de venta para la Feria de Cooperativas Escolares<\/a><\/h4>\n                        <\/div>\n                    <\/div>\n                <\/li>\n                \n                <li class=\"col-sm-3 col-xs-6\">\n                    <div class=\"fff\">\n                        <div class=\"thumbnail\">\n                            <a href=\"https:\/\/fg.ull.es\/noticias\/2026\/05\/05\/tenerife-refuerza-su-accion-frente-al-racismo-y-la-desinformacion-en-la-reci\/\" style=\"background-image: url('https:\/\/fg.ull.es\/noticias\/wp-content\/uploads\/sites\/2\/2026\/05\/20260430-NOTA-DE-PRENSA-Tenerife-refuerza-su-accion-frente-al-racismo-y-la-desinformacion-en-la-Red-de-Ciudades-Interculturales-a-traves-de-la-participacion-juvenil_1-300x139.jpg');\"><\/a>\n                        <\/div>\n                        <div class=\"caption\">\n                            <p class=\"date\">\n                                05 May 2026 - 12:50 UTC                            <\/p>\n                            <h4><a href=\"https:\/\/fg.ull.es\/noticias\/2026\/05\/05\/tenerife-refuerza-su-accion-frente-al-racismo-y-la-desinformacion-en-la-reci\/\">Tenerife refuerza su acci\u00f3n frente al racismo y la desinformaci\u00f3n en la RECI<\/a><\/h4>\n                        <\/div>\n                    <\/div>\n                <\/li>\n                \n                <li class=\"col-sm-3 col-xs-6\">\n                    <div class=\"fff\">\n                        <div class=\"thumbnail\">\n                            <a href=\"https:\/\/fg.ull.es\/noticias\/2026\/04\/28\/santa-cruz-de-tenerife-vive-una-gran-jornada-con-la-feria-de-cooperativas-escolares-de-ensenar-para-emprender\/\" style=\"background-image: url('https:\/\/fg.ull.es\/noticias\/wp-content\/uploads\/sites\/2\/2026\/04\/EPE-SC-1-300x200.jpg');\"><\/a>\n                        <\/div>\n                        <div class=\"caption\">\n                            <p class=\"date\">\n                                28 Apr 2026 - 16:00 UTC                            <\/p>\n                            <h4><a href=\"https:\/\/fg.ull.es\/noticias\/2026\/04\/28\/santa-cruz-de-tenerife-vive-una-gran-jornada-con-la-feria-de-cooperativas-escolares-de-ensenar-para-emprender\/\">Santa Cruz de Tenerife vive una gran jornada con la Feria de Cooperativas Escolares de Ense\u00f1ar para Emprender<\/a><\/h4>\n                        <\/div>\n                    <\/div>\n                <\/li>\n                                    <\/ul>\n                    <\/div>\n                            <\/div>\n    <\/div>\n<\/div>\n\n<div class=\"more-news\">\n    <a href=\"https:\/\/fg.ull.es\/noticias\">M\u00c1S NOTICIAS <i class=\"fa fa-chevron-right\"><\/i><\/a>\n<\/div>\n\n<script>\n    $(document).ready(function() {\n        $('#newsCarousel').carousel({\n            interval: 11000\n        })\n    });\n<\/script>\n[\/vc_column_text][\/vc_column][\/vc_row]<\/p>\n<\/section>","protected":false},"excerpt":{"rendered":"<p>[vc_row css=&#8221;.vc_custom_1495541028616{padding-top: 0px !important;}&#8221;][vc_column css=&#8221;.vc_custom_1434359270451{padding-right: 46px !important;}&#8221;][vc_custom_heading text=&#8221;Formaci\u00f3n&#8221; font_container=&#8221;tag:div|font_size:28|text_align:left|color:%23212422&#8243; google_fonts=&#8221;font_family:Merriweather%3A300%2C300italic%2Cregular%2Citalic%2C700%2C700italic%2C900%2C900italic|font_style:900%20bold%20regular%3A900%3Anormal&#8221;][vc_empty_space height=&#8221;32&#8243;][vc_column_text]Trabajamos para dar respuesta a las necesidades de especializaci\u00f3n del mercado laboral canario. Acercamos el conocimiento y el potencial did\u00e1ctico de la Universidad de La Laguna a la sociedad, empresas e instituciones p\u00fablicas. Tambi\u00e9n contamos entre nuestro cuerpo docente con profesionales con un amplio y&#8230;<\/p>\n","protected":false},"author":1,"featured_media":0,"parent":0,"menu_order":0,"comment_status":"closed","ping_status":"closed","template":"","meta":{"footnotes":""},"_links":{"self":[{"href":"https:\/\/fg.ull.es\/formacion\/wp-json\/wp\/v2\/pages\/7888"}],"collection":[{"href":"https:\/\/fg.ull.es\/formacion\/wp-json\/wp\/v2\/pages"}],"about":[{"href":"https:\/\/fg.ull.es\/formacion\/wp-json\/wp\/v2\/types\/page"}],"author":[{"embeddable":true,"href":"https:\/\/fg.ull.es\/formacion\/wp-json\/wp\/v2\/users\/1"}],"replies":[{"embeddable":true,"href":"https:\/\/fg.ull.es\/formacion\/wp-json\/wp\/v2\/comments?post=7888"}],"version-history":[{"count":12,"href":"https:\/\/fg.ull.es\/formacion\/wp-json\/wp\/v2\/pages\/7888\/revisions"}],"predecessor-version":[{"id":32713,"href":"https:\/\/fg.ull.es\/formacion\/wp-json\/wp\/v2\/pages\/7888\/revisions\/32713"}],"wp:attachment":[{"href":"https:\/\/fg.ull.es\/formacion\/wp-json\/wp\/v2\/media?parent=7888"}],"curies":[{"name":"wp","href":"https:\/\/api.w.org\/{rel}","templated":true}]}}