{"id":32712,"date":"2022-01-14T11:05:46","date_gmt":"2022-01-14T11:05:46","guid":{"rendered":"https:\/\/fg.ull.es\/formacion\/?page_id=32624"},"modified":"2022-10-24T07:05:06","modified_gmt":"2022-10-24T07:05:06","slug":"programa-de-transformacion-digital-del-comercio","status":"publish","type":"page","link":"https:\/\/fg.ull.es\/formacion\/programa-de-transformacion-digital-del-comercio\/","title":{"rendered":"Programa de transformaci\u00f3n digital del comercio"},"content":{"rendered":"<section class=\"wpb-content-wrapper\"><p>[vc_row][vc_column css=&#8221;.vc_custom_1486130498896{margin-top: -80px !important;}&#8221;][vc_empty_space height=&#8221;100 px&#8221;][\/vc_column][\/vc_row][vc_row][vc_column][vc_empty_space height=&#8221;30px&#8221;][vc_row_inner][vc_column_inner width=&#8221;1\/2&#8243;][vc_single_image image=&#8221;32720&#8243; img_size=&#8221;full&#8221;][\/vc_column_inner][vc_column_inner width=&#8221;1\/2&#8243; offset=&#8221;vc_hidden-sm vc_hidden-xs&#8221;][vc_empty_space height=&#8221;30px&#8221;][vc_empty_space height=&#8221;30px&#8221;][vc_empty_space height=&#8221;30px&#8221;][vc_custom_heading text=&#8221;PROGRAMA DE TRANSFORMACI\u00d3N DIGITAL DEL COMERCIO&#8221; font_container=&#8221;tag:h1|font_size:5rem|text_align:center|color:%23444444|line_height:7rem&#8221; google_fonts=&#8221;font_family:Montserrat%3Aregular%2C700|font_style:700%20bold%20regular%3A700%3Anormal&#8221;][vc_empty_space height=&#8221;30px&#8221;][vc_btn title=&#8221;INSCRIPCI\u00d3N AL PROGRAMA&#8221; style=&#8221;custom&#8221; custom_background=&#8221;#ffd600&#8243; custom_text=&#8221;#515151&#8243; shape=&#8221;square&#8221; size=&#8221;lg&#8221; align=&#8221;center&#8221; button_block=&#8221;true&#8221; link=&#8221;url:https%3A%2F%2Finstitutoretailcanarias.com%2Ftransformacion-digital%2Finscripcion%2F&#8221;][vc_column_text]<\/p>\n<h4>Acceso r\u00e1pido:<\/h4>\n<ul class=\"arrow\">\n<li><a href=\"#que-es\">\u00bfQU\u00c9 ES EL PROGRAMA DE TRANSFORMACI\u00d3N DIGITAL DEL COMERCIO?<\/a><\/li>\n<li><a href=\"#quien-va-dirigido\">\u00bfA QUI\u00c9N VA DIRIGIDO?<\/a><\/li>\n<li><a href=\"#que-reporta\">\u00bfQU\u00c9 LE REPORTA EL PROGRAMA AL COMERCIO?<\/a><\/li>\n<li><a href=\"#medios\">\u00bfQU\u00c9 MEDIOS PONEN A SU DISPOSICI\u00d3N?<\/a><\/li>\n<li><a href=\"#fases\">CU\u00c1LES SON LAS FASES DEL PROGRAMA<\/a><\/li>\n<li><a href=\"#modulos\">LOS M\u00d3DULOS DEL PROGRAMA<\/a><\/li>\n<li><a href=\"#contacto\">M\u00c1S INFORMACI\u00d3N<\/a><\/li>\n<\/ul>\n<p>[\/vc_column_text][vc_tweetmeme share_via=&#8221;fg_ull&#8221; large_button=&#8221;true&#8221;][\/vc_column_inner][\/vc_row_inner][vc_row_inner][vc_column_inner width=&#8221;1\/2&#8243;][\/vc_column_inner][vc_column_inner width=&#8221;1\/2&#8243; offset=&#8221;vc_hidden-lg vc_hidden-md&#8221;][vc_empty_space height=&#8221;30px&#8221;][vc_empty_space height=&#8221;30px&#8221;][vc_btn title=&#8221;INSCRIPCI\u00d3N AL PROGRAMA&#8221; style=&#8221;custom&#8221; custom_background=&#8221;#ffd600&#8243; custom_text=&#8221;#515151&#8243; shape=&#8221;square&#8221; size=&#8221;lg&#8221; align=&#8221;center&#8221; button_block=&#8221;true&#8221; link=&#8221;url:https%3A%2F%2Finstitutoretailcanarias.com%2Ftransformacion-digital%2Finscripcion%2F&#8221;][vc_column_text]<\/p>\n<h4>Acceso r\u00e1pido:<\/h4>\n<ul class=\"arrow\">\n<li><a href=\"#que-es\">\u00bfQU\u00c9 ES EL PROGRAMA DE TRANSFORMACI\u00d3N DIGITAL DEL COMERCIO?<\/a><\/li>\n<li><a href=\"#quien-va-dirigido\">\u00bfA QUI\u00c9N VA DIRIGIDO?<\/a><\/li>\n<li><a href=\"#que-reporta\">\u00bfQU\u00c9 LE REPORTA EL PROGRAMA AL COMERCIO?<\/a><\/li>\n<li><a href=\"#medios\">\u00bfQU\u00c9 MEDIOS PONEN A SU DISPOSICI\u00d3N?<\/a><\/li>\n<li><a href=\"#fases\">CU\u00c1LES SON LAS FASES DEL PROGRAMA<\/a><\/li>\n<li><a href=\"#modulos\">LOS M\u00d3DULOS DEL PROGRAMA<\/a><\/li>\n<li><a href=\"#contacto\">M\u00c1S INFORMACI\u00d3N<\/a><\/li>\n<\/ul>\n<p>[\/vc_column_text][\/vc_column_inner][\/vc_row_inner][\/vc_column][\/vc_row][vc_row full_width=&#8221;stretch_row&#8221; css=&#8221;.vc_custom_1642159037139{padding-top: 20px !important;padding-right: 20px !important;padding-bottom: 20px !important;padding-left: 20px !important;background-color: #eaeaea !important;}&#8221; el_id=&#8221;que-es&#8221;][vc_column][vc_row_inner][vc_column_inner width=&#8221;1\/6&#8243;][\/vc_column_inner][vc_column_inner width=&#8221;2\/3&#8243;][vc_empty_space][vc_custom_heading text=&#8221;\u00bfQU\u00c9 ES EL PROGRAMA DE TRANSFORMACI\u00d3N DIGITAL DEL COMERCIO?&#8221; font_container=&#8221;tag:h3|font_size:2.8rem|text_align:left|color:%23383838|line_height:3rem&#8221; google_fonts=&#8221;font_family:Montserrat%3Aregular%2C700|font_style:700%20bold%20regular%3A700%3Anormal&#8221;][vc_empty_space][vc_column_text]Un proyecto dise\u00f1ado para acompa\u00f1ar de forma individualizada a los empresarios y emprendedores del comercio en Canarias en el proceso de transformaci\u00f3n digital de sus negocios..[\/vc_column_text][\/vc_column_inner][vc_column_inner width=&#8221;1\/6&#8243;][\/vc_column_inner][\/vc_row_inner][\/vc_column][\/vc_row][vc_row full_width=&#8221;stretch_row&#8221; css=&#8221;.vc_custom_1642160070617{padding-top: 20px !important;padding-right: 20px !important;padding-bottom: 20px !important;padding-left: 20px !important;background-color: #ffffff !important;}&#8221; el_id=&#8221;quien-va-dirigido&#8221;][vc_column][vc_row_inner el_class=&#8221;quien-va-dirigido&#8221;][vc_column_inner width=&#8221;1\/6&#8243;][\/vc_column_inner][vc_column_inner width=&#8221;2\/3&#8243;][vc_empty_space][vc_custom_heading text=&#8221;\u00bfA QUI\u00c9N VA DIRIGIDO?&#8221; font_container=&#8221;tag:h3|font_size:2.8rem|text_align:left|color:%23383838|line_height:3rem&#8221; google_fonts=&#8221;font_family:Montserrat%3Aregular%2C700|font_style:700%20bold%20regular%3A700%3Anormal&#8221;][vc_empty_space][vc_column_text]Aut\u00f3nomos y pymes del sector del comercio minorista, as\u00ed como aquellos emprendedores que puedan acreditar un grado de madurez en su proyecto que permita su incorporaci\u00f3n al programa con un aprovechamiento an\u00e1logo del mismo.[\/vc_column_text][\/vc_column_inner][vc_column_inner width=&#8221;1\/6&#8243;][\/vc_column_inner][\/vc_row_inner][\/vc_column][\/vc_row][vc_row full_width=&#8221;stretch_row&#8221; css=&#8221;.vc_custom_1642161641407{padding-top: 20px !important;padding-right: 20px !important;padding-bottom: 20px !important;padding-left: 20px !important;background-color: #fecf00 !important;}&#8221; el_id=&#8221;que-reporta&#8221;][vc_column][vc_row_inner][vc_column_inner width=&#8221;1\/6&#8243;][\/vc_column_inner][vc_column_inner width=&#8221;2\/3&#8243;][vc_empty_space][vc_custom_heading text=&#8221;\u00bfQU\u00c9 LE REPORTA EL PROGRAMA AL COMERCIO?&#8221; font_container=&#8221;tag:h3|font_size:2.8rem|text_align:left|color:%23383838|line_height:3rem&#8221; google_fonts=&#8221;font_family:Montserrat%3Aregular%2C700|font_style:700%20bold%20regular%3A700%3Anormal&#8221;][vc_empty_space][vc_column_text]Podr\u00e1 diagnosticar de forma sencilla el grado de digitalizaci\u00f3n actual de su comercio, lo que le permitir\u00e1 conocer su situaci\u00f3n de partida.<\/p>\n<p>Le ayudar\u00e1 a identificar cu\u00e1l es el itinerario m\u00e1s id\u00f3neo para su negocio en el camino a la digitalizaci\u00f3n.<\/p>\n<p>Seguir\u00e1 un plan formativo dise\u00f1ado y adaptado a sus necesidades e impartido por expertos formadores.<\/p>\n<p>Dispondr\u00e1 de un consultor especializado que le acompa\u00f1ar\u00e1 en el proceso de implantaci\u00f3n de las soluciones m\u00e1s adecuadas para su comercio.<\/p>\n<p>Estar\u00e1 tutorizado en todo momento por profesionales expertos que le acompa\u00f1ar\u00e1n durante todo el programa.[\/vc_column_text][\/vc_column_inner][vc_column_inner width=&#8221;1\/6&#8243;][\/vc_column_inner][\/vc_row_inner][\/vc_column][\/vc_row][vc_row full_width=&#8221;stretch_row&#8221; css=&#8221;.vc_custom_1642160361331{padding-top: 20px !important;padding-right: 20px !important;padding-bottom: 20px !important;padding-left: 20px !important;background-color: #ffffff !important;}&#8221; el_id=&#8221;medios&#8221;][vc_column][vc_row_inner][vc_column_inner width=&#8221;1\/6&#8243;][\/vc_column_inner][vc_column_inner width=&#8221;2\/3&#8243;][vc_empty_space][vc_custom_heading text=&#8221;\u00bfQU\u00c9 MEDIOS PONEN A SU DISPOSICI\u00d3N?&#8221; font_container=&#8221;tag:h3|font_size:2.8rem|text_align:left|color:%23383838|line_height:3rem&#8221; google_fonts=&#8221;font_family:Montserrat%3Aregular%2C700|font_style:700%20bold%20regular%3A700%3Anormal&#8221;][vc_empty_space][vc_column_text]Un equipo de profesionales expertos en el sector del comercio y la innovaci\u00f3n que le acompa\u00f1ar\u00e1 durante todo el programa.<\/p>\n<p>Una herramienta de autodiagn\u00f3stico que le permitir\u00e1 conocer el grado de madurez digital y capacidades de su negocio y encuadrar\u00e1 al comercio en un itinerario en la migraci\u00f3n hacia la digitalizaci\u00f3n.<\/p>\n<p>Un programa formativo de 64 horas, que profundizar\u00e1 en cada una de las \u00e1reas necesarias para avanzar en el proceso de transformaci\u00f3n digital de su negocio. Un asesoramiento exclusivo para su negocio de 6 horas, a trav\u00e9s del cual se podr\u00e1 definir el plan de acci\u00f3n para avanzar en la digitalizaci\u00f3n de su comercio.<\/p>\n<p>Medios did\u00e1cticos para un mejor aprovechamiento del programa formativo, incluido un aula virtual a trav\u00e9s de la que podr\u00e1 conectar permanentemente con el equipo de profesionales que le acompa\u00f1ar\u00e1 en el programa.[\/vc_column_text][\/vc_column_inner][vc_column_inner width=&#8221;1\/6&#8243;][\/vc_column_inner][\/vc_row_inner][\/vc_column][\/vc_row][vc_row full_width=&#8221;stretch_row&#8221; css=&#8221;.vc_custom_1642160406707{padding-top: 20px !important;padding-right: 20px !important;padding-bottom: 20px !important;padding-left: 20px !important;background-color: #eaeaea !important;}&#8221; el_id=&#8221;fases&#8221;][vc_column][vc_row_inner el_class=&#8221;quien-va-dirigido&#8221;][vc_column_inner width=&#8221;1\/6&#8243;][\/vc_column_inner][vc_column_inner width=&#8221;2\/3&#8243;][vc_empty_space][vc_custom_heading text=&#8221;CU\u00c1LES SON LAS FASES DEL PROGRAMA&#8221; font_container=&#8221;tag:h3|font_size:2.8rem|text_align:left|color:%23383838|line_height:3rem&#8221; google_fonts=&#8221;font_family:Montserrat%3Aregular%2C700|font_style:700%20bold%20regular%3A700%3Anormal&#8221;][vc_empty_space][\/vc_column_inner][vc_column_inner width=&#8221;1\/6&#8243;][\/vc_column_inner][\/vc_row_inner][\/vc_column][\/vc_row][vc_row][vc_column][vc_tta_tour autoplay=&#8221;3&#8243; active_section=&#8221;1&#8243;][vc_tta_section title=&#8221;01. INSCR\u00cdBASE EN EL PROGRAMA.&#8221; tab_id=&#8221;1-inscripcion&#8221;][vc_empty_space][vc_column_text]Compruebe primero las bases de participaci\u00f3n y despu\u00e9s inscr\u00edbase haciendo clic aqu\u00ed: <a href=\"https:\/\/institutoretailcanarias.com\/transformacion-digital\/inscripcion\" target=\"_blank\" rel=\"noopener\">https:\/\/institutoretailcanarias.com\/transformacion-digital\/inscripcion<\/a>[\/vc_column_text][vc_btn title=&#8221;INSCRIPCI\u00d3N AL PROGRAMA&#8221; style=&#8221;custom&#8221; custom_background=&#8221;#ffd600&#8243; custom_text=&#8221;#515151&#8243; shape=&#8221;square&#8221; size=&#8221;lg&#8221; align=&#8221;center&#8221; button_block=&#8221;true&#8221; link=&#8221;url:https%3A%2F%2Finstitutoretailcanarias.com%2Ftransformacion-digital%2Finscripcion%2F&#8221;][\/vc_tta_section][vc_tta_section title=&#8221;02. UTILICE LA HERRAMIENTA DE AUTODIAGN\u00d3STICO.&#8221; tab_id=&#8221;2-autodiagnostico&#8221;][vc_column_text]Que le permitir\u00e1 de forma sencilla conocer el grado de digitalizaci\u00f3n actual de su comercio. Para ello clic aqu\u00ed: <a href=\"https:\/\/institutoretailcanarias.com\/transformacion-digital\/autodiagnostico\/\" target=\"_blank\" rel=\"noopener\">https:\/\/institutoretailcanarias.com\/transformacion-digital\/autodiagnostico\/<\/a><\/p>\n<p>Le ayudar\u00e1 a identificar cu\u00e1l es el itinerario m\u00e1s id\u00f3neo para su negocio en el camino a la digitalizaci\u00f3n.[\/vc_column_text][\/vc_tta_section][vc_tta_section title=&#8221;03. SIGA UN PLAN FORMATIVO.&#8221; tab_id=&#8221;3-formacion&#8221;][vc_column_text]Programa formativo online de 64 horas, con una duraci\u00f3n de 8 semanas consecutivas, en 3 sesiones semanales de 2-3 h. en horario de tarde.<a href=\"https:\/\/campus.transformaciondigitalcomercio.com\/\" target=\"_blank\" rel=\"noopener\">https:\/\/campus.transformaciondigitalcomercio.com\/<\/a><\/p>\n<p>Acceder\u00e1 a un aula virtual donde podr\u00e1 conectar permanentemente con el equipo de profesionales que le acompa\u00f1ar\u00e1 en el programa y consultar los medios did\u00e1cticos de apoyo al programa.[\/vc_column_text][\/vc_tta_section][vc_tta_section title=&#8221;04. CUENTE CON UN CONSULTOR ESPECIALIZADO.&#8221; tab_id=&#8221;4-consultor&#8221;][vc_column_text]Dispondr\u00e1 de un asesoramiento para su negocio de 6 horas, a trav\u00e9s del cual se podr\u00e1 definir el plan de acci\u00f3n para avanzar en la digitalizaci\u00f3n de su comercio.<\/p>\n<p>Estar\u00e1 tutorizado en todo momento por profesionales expertos que le acompa\u00f1ar\u00e1n durante todo el programa.[\/vc_column_text][\/vc_tta_section][\/vc_tta_tour][\/vc_column][\/vc_row][vc_row full_width=&#8221;stretch_row&#8221; css=&#8221;.vc_custom_1642161784883{padding-top: 20px !important;padding-right: 20px !important;padding-bottom: 20px !important;padding-left: 20px !important;background-color: #ffffff !important;}&#8221; el_id=&#8221;modulos&#8221;][vc_column][vc_row_inner][vc_column_inner width=&#8221;1\/6&#8243;][\/vc_column_inner][vc_column_inner width=&#8221;2\/3&#8243;][vc_empty_space][vc_custom_heading text=&#8221;M\u00d3DULOS DEL PROGRAMA&#8221; font_container=&#8221;tag:h3|font_size:2.8rem|text_align:left|color:%23383838|line_height:3rem&#8221; google_fonts=&#8221;font_family:Montserrat%3Aregular%2C700|font_style:700%20bold%20regular%3A700%3Anormal&#8221;][vc_empty_space][vc_column_text]<img decoding=\"async\" loading=\"lazy\" class=\"alignright wp-image-32658 \" src=\"https:\/\/fg.ull.es\/formacion\/wp-content\/uploads\/sites\/4\/2022\/01\/TransDigitalComercio-BannerRRSS-1200x1200px-300x300.jpg\" alt=\"\" width=\"233\" height=\"233\" \/><\/p>\n<ul>\n<li>01. ESTADO ACTUAL DEL COMERCIO: SITUACI\u00d3N Y TENDENCIAS.<\/li>\n<li>02. ADAPTACI\u00d3N DE MODELOS DE NEGOCIO.<\/li>\n<li>03. OMNICANALIDAD: TIENDA F\u00cdSICA Y EXPERIENCIAS.<\/li>\n<li>04. PROMOCI\u00d3N Y MARKETING.<\/li>\n<li>05. TECNOLOG\u00cdA.<\/li>\n<li>06. LOG\u00cdSTICA Y POSTVENTA.<\/li>\n<li>07. FINANZAS.<\/li>\n<li>08. STOCKS Y CONTROL DE GESTI\u00d3N.<\/li>\n<\/ul>\n<p>[\/vc_column_text][vc_empty_space][\/vc_column_inner][vc_column_inner width=&#8221;1\/6&#8243;][\/vc_column_inner][\/vc_row_inner][\/vc_column][\/vc_row][vc_row full_width=&#8221;stretch_row&#8221; css=&#8221;.vc_custom_1642161706104{padding-top: 20px !important;padding-right: 20px !important;padding-bottom: 20px !important;padding-left: 20px !important;background-color: #fecf00 !important;}&#8221;][vc_column][vc_row_inner el_class=&#8221;quien-va-dirigido&#8221;][vc_column_inner width=&#8221;1\/6&#8243;][\/vc_column_inner][vc_column_inner width=&#8221;2\/3&#8243;][vc_empty_space][vc_custom_heading text=&#8221;AGENTES IMPLICADOS&#8221; font_container=&#8221;tag:h3|font_size:2.8rem|text_align:left|color:%23383838|line_height:3rem&#8221; google_fonts=&#8221;font_family:Montserrat%3Aregular%2C700|font_style:700%20bold%20regular%3A700%3Anormal&#8221;][vc_empty_space][vc_column_text]<\/p>\n<p style=\"text-align: left;\"><span style=\"font-weight: 400;\">El proyecto est\u00e1 gestionado y financiado por la Direcci\u00f3n General de Comercio y Consumo del Gobierno de Canarias y cuenta con la participaci\u00f3n de La Universidad de La Laguna, la Universidad de Las Palmas de Gran Canaria y sus Fundaciones, encarg\u00e1ndose la Fundaci\u00f3n Universitaria de Las Palmas y la Fundaci\u00f3n General de la Universidad de La Laguna de la gesti\u00f3n del mismo.<\/span><\/p>\n<p>[\/vc_column_text][\/vc_column_inner][vc_column_inner width=&#8221;1\/6&#8243;][\/vc_column_inner][\/vc_row_inner][vc_empty_space][vc_single_image image=&#8221;32645&#8243; img_size=&#8221;full&#8221; alignment=&#8221;center&#8221; style=&#8221;vc_box_shadow&#8221;][\/vc_column][\/vc_row][vc_row el_id=&#8221;contacto&#8221;][vc_column][vc_empty_space][vc_custom_heading text=&#8221;M\u00e1s informaci\u00f3n&#8221; font_container=&#8221;tag:h3|font_size:3.5rem|text_align:center|color:%23444444|line_height:4rem&#8221; google_fonts=&#8221;font_family:Montserrat%3Aregular%2C700|font_style:700%20bold%20regular%3A700%3Anormal&#8221;][vc_empty_space][vc_column_text]<\/p>\n<p style=\"text-align: center;\"><a href=\"https:\/\/institutoretailcanarias.com\/transformacion-digital\/\">Institutoretailcanarias.com\/transformacion-digital\/<\/a><\/p>\n<p>[\/vc_column_text][vc_empty_space][vc_single_image image=&#8221;32653&#8243; img_size=&#8221;full&#8221; alignment=&#8221;center&#8221; style=&#8221;vc_box_shadow&#8221; onclick=&#8221;custom_link&#8221; link=&#8221;https:\/\/institutoretailcanarias.com\/transformacion-digital\/&#8221;][vc_empty_space][\/vc_column][\/vc_row][vc_row][vc_column][vc_separator style=&#8221;dotted&#8221;][vc_empty_space height=&#8221;90px&#8221;][vc_custom_heading text=&#8221;\u00a1Ay\u00fadanos a compartir con otros comercios esta formaci\u00f3n! (Gracias!)&#8221; font_container=&#8221;tag:h4|font_size:3.5rem|text_align:center|color:%23444444|line_height:4rem&#8221; google_fonts=&#8221;font_family:Montserrat%3Aregular%2C700|font_style:700%20bold%20regular%3A700%3Anormal&#8221;][\/vc_column][\/vc_row][vc_row disable_element=&#8221;yes&#8221;][vc_column width=&#8221;1\/4&#8243;][vc_single_image image=&#8221;40571&#8243; img_size=&#8221;300&#215;300&#8243; alignment=&#8221;center&#8221;][\/vc_column][vc_column width=&#8221;1\/4&#8243;][\/vc_column][vc_column width=&#8221;1\/4&#8243;][vc_single_image image=&#8221;40574&#8243; img_size=&#8221;300&#215;300&#8243; alignment=&#8221;center&#8221;][\/vc_column][vc_column width=&#8221;1\/4&#8243;][vc_single_image image=&#8221;40573&#8243; img_size=&#8221;500&#215;500&#8243; alignment=&#8221;center&#8221;][\/vc_column][\/vc_row]<\/p>\n<\/section>","protected":false},"excerpt":{"rendered":"<p>[vc_row][vc_column css=&#8221;.vc_custom_1486130498896{margin-top: -80px !important;}&#8221;][vc_empty_space height=&#8221;100 px&#8221;][\/vc_column][\/vc_row][vc_row][vc_column][vc_empty_space height=&#8221;30px&#8221;][vc_row_inner][vc_column_inner width=&#8221;1\/2&#8243;][vc_single_image image=&#8221;32720&#8243; img_size=&#8221;full&#8221;][\/vc_column_inner][vc_column_inner width=&#8221;1\/2&#8243; offset=&#8221;vc_hidden-sm vc_hidden-xs&#8221;][vc_empty_space height=&#8221;30px&#8221;][vc_empty_space height=&#8221;30px&#8221;][vc_empty_space height=&#8221;30px&#8221;][vc_custom_heading text=&#8221;PROGRAMA DE TRANSFORMACI\u00d3N DIGITAL DEL COMERCIO&#8221; font_container=&#8221;tag:h1|font_size:5rem|text_align:center|color:%23444444|line_height:7rem&#8221; google_fonts=&#8221;font_family:Montserrat%3Aregular%2C700|font_style:700%20bold%20regular%3A700%3Anormal&#8221;][vc_empty_space height=&#8221;30px&#8221;][vc_btn title=&#8221;INSCRIPCI\u00d3N AL PROGRAMA&#8221; style=&#8221;custom&#8221; custom_background=&#8221;#ffd600&#8243; custom_text=&#8221;#515151&#8243; shape=&#8221;square&#8221; size=&#8221;lg&#8221; align=&#8221;center&#8221; button_block=&#8221;true&#8221; link=&#8221;url:https%3A%2F%2Finstitutoretailcanarias.com%2Ftransformacion-digital%2Finscripcion%2F&#8221;][vc_column_text] Acceso r\u00e1pido: \u00bfQU\u00c9 ES EL PROGRAMA DE TRANSFORMACI\u00d3N DIGITAL DEL COMERCIO? \u00bfA QUI\u00c9N VA DIRIGIDO? \u00bfQU\u00c9 LE REPORTA EL&#8230;<\/p>\n","protected":false},"author":1,"featured_media":32658,"parent":0,"menu_order":0,"comment_status":"closed","ping_status":"closed","template":"templates\/template-frontpage.php","meta":{"footnotes":""},"_links":{"self":[{"href":"https:\/\/fg.ull.es\/formacion\/wp-json\/wp\/v2\/pages\/32712"}],"collection":[{"href":"https:\/\/fg.ull.es\/formacion\/wp-json\/wp\/v2\/pages"}],"about":[{"href":"https:\/\/fg.ull.es\/formacion\/wp-json\/wp\/v2\/types\/page"}],"author":[{"embeddable":true,"href":"https:\/\/fg.ull.es\/formacion\/wp-json\/wp\/v2\/users\/1"}],"replies":[{"embeddable":true,"href":"https:\/\/fg.ull.es\/formacion\/wp-json\/wp\/v2\/comments?post=32712"}],"version-history":[{"count":3,"href":"https:\/\/fg.ull.es\/formacion\/wp-json\/wp\/v2\/pages\/32712\/revisions"}],"predecessor-version":[{"id":32722,"href":"https:\/\/fg.ull.es\/formacion\/wp-json\/wp\/v2\/pages\/32712\/revisions\/32722"}],"wp:featuredmedia":[{"embeddable":true,"href":"https:\/\/fg.ull.es\/formacion\/wp-json\/wp\/v2\/media\/32658"}],"wp:attachment":[{"href":"https:\/\/fg.ull.es\/formacion\/wp-json\/wp\/v2\/media?parent=32712"}],"curies":[{"name":"wp","href":"https:\/\/api.w.org\/{rel}","templated":true}]}}