{"id":8093,"date":"2015-03-10T10:51:29","date_gmt":"2015-03-10T10:51:29","guid":{"rendered":"http:\/\/www.fg.ull.es\/?page_id=8093"},"modified":"2017-06-28T11:05:30","modified_gmt":"2017-06-28T11:05:30","slug":"empresas-becas-y-practicas","status":"publish","type":"page","link":"https:\/\/fg.ull.es\/empleo\/becas-de-insercion-laboral\/empresas-becas-y-practicas\/","title":{"rendered":"Empresas y profesionales"},"content":{"rendered":"<section class=\"wpb-content-wrapper\"><p>[vc_row][vc_column css=&#8221;.vc_custom_1434027918386{padding-right: 46px !important;}&#8221;][vc_column_text]<\/p>\n<h3><span style=\"color: #333333;\">Empresas y profesionales<\/span><\/h3>\n<p><span style=\"color: #333333;\">En una \u00e9poca de intensos cambios como la actual, en la que <strong>el talento se convierte en la materia prima fundamental para la competitividad<\/strong> empresarial, resulta fundamental aunar esfuerzos con el fin de que la <strong>Universidad<\/strong> pueda cumplir con su <strong>objetivo esencial<\/strong>: devolver a la sociedad la inversi\u00f3n realizada, materializada en personas\u00a0formadas en las nuevas claves competitivas.<\/span><\/p>\n<p><span style=\"color: #333333;\">Conscientes de esta necesidad, la Universidad de La Laguna, a trav\u00e9s de la\u00a0<strong><span style=\"color: #005689;\"><a style=\"color: #005689; text-decoration: underline;\" href=\"https:\/\/fg.ull.es\/empleo\/\" target=\"_blank\" rel=\"noopener\">Agencia de Empleo Universitaria<\/a><\/span><\/strong>, se plantea potenciar una serie de l\u00edneas de actuaci\u00f3n que consideramos prioritarias, de cara a cumplir con el <strong>objetivo de fomentar la empleabilidad del alumnado universitario<\/strong>.<\/span><\/p>\n<p><span style=\"color: #333333;\">Nuestro <strong>servicio de asesoramiento a empresas<\/strong> atiende las necesidades de las mismas en materia de orientaci\u00f3n y asesoramiento para la mejora de la empleabilidad de los y las j\u00f3venes universitarias.<\/span><\/p>\n<p>&nbsp;<\/p>\n<p><img decoding=\"async\" loading=\"lazy\" class=\"size-large wp-image-32461 aligncenter\" src=\"https:\/\/fg.ull.es\/empleo\/wp-content\/uploads\/sites\/6\/2015\/03\/banner_031-empleo-empresas-y-profesionales-1024x350.jpg\" alt=\"\" width=\"1024\" height=\"350\" srcset=\"https:\/\/fg.ull.es\/empleo\/wp-content\/uploads\/sites\/6\/2015\/03\/banner_031-empleo-empresas-y-profesionales.jpg 1024w, https:\/\/fg.ull.es\/empleo\/wp-content\/uploads\/sites\/6\/2015\/03\/banner_031-empleo-empresas-y-profesionales-300x103.jpg 300w, https:\/\/fg.ull.es\/empleo\/wp-content\/uploads\/sites\/6\/2015\/03\/banner_031-empleo-empresas-y-profesionales-768x263.jpg 768w, https:\/\/fg.ull.es\/empleo\/wp-content\/uploads\/sites\/6\/2015\/03\/banner_031-empleo-empresas-y-profesionales-375x128.jpg 375w, https:\/\/fg.ull.es\/empleo\/wp-content\/uploads\/sites\/6\/2015\/03\/banner_031-empleo-empresas-y-profesionales-750x256.jpg 750w\" sizes=\"(max-width: 1024px) 100vw, 1024px\" \/><\/p>\n<p>&nbsp;<\/p>\n<p>&nbsp;<\/p>\n<p><span style=\"color: #333333;\">Siendo conscientes de las <strong>dificultades<\/strong> que supone para una empresa <strong>buscar el perfil profesional m\u00e1s adecuado<\/strong> para cubrir sus necesidades,<strong> ofrecemos los siguientes servicios:\u00a0<\/strong><\/span><\/p>\n<h4><span style=\"color: #333333;\">Asesoramiento para la contrataci\u00f3n laboral<\/span><\/h4>\n<p><span style=\"color: #333333;\">Nuestro equipo experto\u00a0le puede asesorar para valorar la mejor de las opciones disponibles para su empresa a la hora de contratar a nuevos\/as empleados\/as, atendiendo a los beneficios y ayudas a la contrataci\u00f3n.<\/span><\/p>\n<h4><span style=\"color: #333333;\">B\u00fasqueda de candidaturas m\u00e1s id\u00f3neas<\/span><\/h4>\n<p><span style=\"color: #333333;\">El servicio de orientaci\u00f3n laboral para personas con titulaci\u00f3n universitaria\u00a0nos permite contar con los mejores perfiles\u00a0disponibles para su empresa, personas formadas y preparadas para su inmediata incorporaci\u00f3n al mercado laboral.<\/span><\/p>\n<h4><span style=\"color: #333333;\">Baremo de candidaturas en funci\u00f3n de necesidades y competencias para el empleo<\/span><\/h4>\n<p><span style=\"color: #333333;\">Desde el servicio de orientaci\u00f3n laboral, se realiza un met\u00f3dico proceso de formaci\u00f3n y entrenamiento en competencias que nos permite baremar y proporcionar a las empresas un ranking de candidaturas en funci\u00f3n de las necesidades detectadas.<\/span><\/p>\n<h4><span style=\"color: #333333;\">Programa para la b\u00fasqueda, selecci\u00f3n y promoci\u00f3n de talentos<\/span><\/h4>\n<p><span style=\"color: #333333;\">Participe en programas innovadores para la b\u00fasqueda, selecci\u00f3n y promoci\u00f3n de talentos. Aseg\u00farese de contar en su plantilla con el mejor perfil. <span style=\"color: #005689;\"><strong><a style=\"color: #005689; text-decoration: underline;\" href=\"https:\/\/fg.ull.es\/empleo\/empresas-y-profesionales\/\">Conozca m\u00e1s aqu\u00ed<\/a><\/strong>.<\/span><\/span>[\/vc_column_text][vc_single_image image=&#8221;17466&#8243; img_size=&#8221;large&#8221; alignment=&#8221;center&#8221; onclick=&#8221;custom_link&#8221; link=&#8221;https:\/\/sede.fg.ull.es\/es\/empleo&#8221;][vc_single_image image=&#8221;17704&#8243; img_size=&#8221;large&#8221; alignment=&#8221;center&#8221; onclick=&#8221;custom_link&#8221; link=&#8221;https:\/\/fg.ull.es\/catalizacanarias\/&#8221;][vc_empty_space height=&#8221;4&#8243;][vc_separator color=&#8221;custom&#8221; accent_color=&#8221;#eaeaea&#8221;][\/vc_column][\/vc_row]<\/p>\n<\/section>","protected":false},"excerpt":{"rendered":"<p>[vc_row][vc_column css=&#8221;.vc_custom_1434027918386{padding-right: 46px !important;}&#8221;][vc_column_text] Empresas y profesionales En una \u00e9poca de intensos cambios como la actual, en la que el talento se convierte en la materia prima fundamental para la competitividad empresarial, resulta fundamental aunar esfuerzos con el fin de que la Universidad pueda cumplir con su objetivo esencial: devolver a la sociedad la inversi\u00f3n&#8230;<\/p>\n","protected":false},"author":1,"featured_media":0,"parent":8035,"menu_order":0,"comment_status":"closed","ping_status":"open","template":"","meta":{"footnotes":""},"_links":{"self":[{"href":"https:\/\/fg.ull.es\/empleo\/wp-json\/wp\/v2\/pages\/8093"}],"collection":[{"href":"https:\/\/fg.ull.es\/empleo\/wp-json\/wp\/v2\/pages"}],"about":[{"href":"https:\/\/fg.ull.es\/empleo\/wp-json\/wp\/v2\/types\/page"}],"author":[{"embeddable":true,"href":"https:\/\/fg.ull.es\/empleo\/wp-json\/wp\/v2\/users\/1"}],"replies":[{"embeddable":true,"href":"https:\/\/fg.ull.es\/empleo\/wp-json\/wp\/v2\/comments?post=8093"}],"version-history":[{"count":4,"href":"https:\/\/fg.ull.es\/empleo\/wp-json\/wp\/v2\/pages\/8093\/revisions"}],"predecessor-version":[{"id":32462,"href":"https:\/\/fg.ull.es\/empleo\/wp-json\/wp\/v2\/pages\/8093\/revisions\/32462"}],"up":[{"embeddable":true,"href":"https:\/\/fg.ull.es\/empleo\/wp-json\/wp\/v2\/pages\/8035"}],"wp:attachment":[{"href":"https:\/\/fg.ull.es\/empleo\/wp-json\/wp\/v2\/media?parent=8093"}],"curies":[{"name":"wp","href":"https:\/\/api.w.org\/{rel}","templated":true}]}}