{"id":8035,"date":"2015-03-10T10:51:17","date_gmt":"2015-03-10T10:51:17","guid":{"rendered":"http:\/\/www.fg.ull.es\/?page_id=8035"},"modified":"2017-06-06T11:04:32","modified_gmt":"2017-06-06T11:04:32","slug":"becas-de-insercion-laboral","status":"publish","type":"page","link":"https:\/\/fg.ull.es\/empleo\/becas-de-insercion-laboral\/","title":{"rendered":"Intermediaci\u00f3n laboral"},"content":{"rendered":"<section class=\"wpb-content-wrapper\"><p>[vc_row css=&#8221;.vc_custom_1434113962729{padding-top: 124px !important;padding-left: px !important;}&#8221;][vc_column width=&#8221;1\/4&#8243; css=&#8221;.vc_custom_1434113904579{padding-right: 46px !important;}&#8221;][vc_widget_sidebar sidebar_id=&#8221;izquierda_empleo&#8221;][\/vc_column][vc_column width=&#8221;1\/2&#8243; css=&#8221;.vc_custom_1434111249093{margin-top: 42px !important;}&#8221;][vc_column_text]<\/p>\n<h3><span style=\"color: #333333\">Intermediaci\u00f3n Laboral<\/span><\/h3>\n<p>&nbsp;<\/p>\n<p><span style=\"color: #333333\">Desde la <strong><span style=\"text-decoration: underline\"><span style=\"color: #005689\"><a style=\"color: #005689;text-decoration: underline\" href=\"https:\/\/fg.ull.es\/empleo\/\" target=\"_blank\">Agencia Universitaria de Empleo<\/a><\/span><\/span><\/strong><span style=\"color: #005689\">\u00a0<\/span>se trata de actuar como nexo entre el tejido empresarial de Canarias y la comunidad universitaria, tanto con el alumnado como con los j\u00f3venes que han obtenido una titulaci\u00f3n de forma reciente.<\/span><\/p>\n<p>&nbsp;<\/p>\n<p><span style=\"color: #333333\">Para ello existen tres\u00a0opciones:<strong>\u00a0las pr\u00e1cticas, las becas de inserci\u00f3n y la gesti\u00f3n de ofertas de empleo. <\/strong>Aqu\u00ed puedes consultar la informaci\u00f3n b\u00e1sica. Para una informaci\u00f3n m\u00e1s completa visita la web de la <strong><span style=\"text-decoration: underline\"><span style=\"color: #005689\"><a style=\"color: #005689;text-decoration: underline\" href=\"https:\/\/fg.ull.es\/empleo\/\" target=\"_blank\">Agencia Universitaria de Empleo<\/a><\/span><\/span><\/strong>.<\/span><\/p>\n<p>&nbsp;<\/p>\n<p><a href=\"http:\/\/www.fg.ull.es\/wp-content\/uploads\/2015\/05\/logo_AUE_-01.png\"><img decoding=\"async\" loading=\"lazy\" class=\" wp-image-16743 aligncenter\" src=\"http:\/\/www.fg.ull.es\/wp-content\/uploads\/2015\/05\/logo_AUE_-01.png\" alt=\"\" width=\"478\" height=\"208\" \/><\/a><\/p>\n<p>&nbsp;<\/p>\n<p><span style=\"color: #333333\">La Unidad de Formaci\u00f3n Pr\u00e1ctica, conocida como <em><strong>Act\u00edvate: becas y pr\u00e1cticas<\/strong><\/em>, facilita la formaci\u00f3n profesional tanto al estudiantado como a los egresados y egresadas universitarias, de formaci\u00f3n profesional y certificados de profesionalidad, dotando a sus curr\u00edculos de las competencias y habilidades necesarias para su empleabilidad.<\/span><\/p>\n<p><strong>C<\/strong><strong>ontacto:<\/strong><\/p>\n<p>Correo electr\u00f3nico:\u00a0area.empleo@fg.ull.es[\/vc_column_text][vc_accordion active_tab=&#8221;less&#8221; collapsible=&#8221;yes&#8221;][vc_accordion_tab title=&#8221;Becas de inserci\u00f3n laboral&#8221;][vc_column_text]<span style=\"color: #ffffff\">&#8211;<\/span><\/p>\n<p><span style=\"color: #333333\">Se pretende favorecer la formaci\u00f3n pr\u00e1ctica de j\u00f3venes con titulaci\u00f3n, al ofrecerles la posibilidad de lograr una mayor cualificaci\u00f3n en los centros de trabajo durante un per\u00edodo de tiempo mayor y despu\u00e9s de haber obtenido su t\u00edtulo acad\u00e9mico.<\/span><\/p>\n<p>&nbsp;<\/p>\n<p><span style=\"color: #333333\">Con este programa los y las j\u00f3venes con titulaci\u00f3n\u00a0ganar\u00e1n experiencia profesional y cuentan con la oportunidad de mostrar tu talento y aportar valor a\u00f1adido a las empresas. Se trata de un periodo formativo, no de un desempe\u00f1o laboral. Por tanto, el becario o la becaria est\u00e1n\u00a0a en todo momento con acompa\u00f1amiento y reciben una formaci\u00f3n espec\u00edfica para mejorar sus capacidades y habilidades en el mundo del empleo. El <strong>objetivo<\/strong> de estas becas es que sus posibilidades de acceder a un primer empleo aumenten.<\/span><\/p>\n<p>&nbsp;<\/p>\n<p><span style=\"color: #333333\">Por el otro lado, el\u00a0tejido empresarial canario se beneficiar\u00e1 enormemente de la actividad de los y las tituladas ya que podr\u00e1n introducir un factor de innovaci\u00f3n y frescura muy importante para la dinamizaci\u00f3n de la econom\u00eda.<\/span><\/p>\n<ul>\n<li><span style=\"color: #333333\">Estas becas tienen las <strong>siguientes caracter\u00edsticas:<\/strong><\/span><\/li>\n<li><span style=\"color: #333333\">Son gestionadas directamente por la Fundaci\u00f3n General de la Universidad de La Laguna.<\/span><\/li>\n<li><span style=\"color: #333333\">Las asignaciones de titulados\/as se realizan a trav\u00e9s de un proceso de selecci\u00f3n de candidaturas.<\/span><\/li>\n<li><span style=\"color: #333333\">Se trata de un programa formativo de competencias transversales.<\/span><\/li>\n<li><span style=\"color: #333333\">Estas becas cotizan a la Seguridad Social.<\/span><\/li>\n<li><span style=\"color: #333333\">No existe relaci\u00f3n laboral, s\u00f3lo acuerdo de colaboraci\u00f3n.<\/span><\/li>\n<\/ul>\n<p>&nbsp;<\/p>\n<h4><span style=\"color: #333333\">Perfiles<\/span><\/h4>\n<ul>\n<li><span style=\"color: #333333\">Titulados\/as: universitarios, Ciclos Formativos y Certificados de Profesionalidad.<\/span><\/li>\n<li><span style=\"color: #333333\">Titulaci\u00f3n homologada por el Ministerio de Educaci\u00f3n. Los candidatos\/as deben haber finalizado sus estudios en los tres a\u00f1os anteriores a la publicaci\u00f3n de la beca.<\/span><\/li>\n<\/ul>\n<p>&nbsp;<\/p>\n<p>Accede a m\u00e1s\u00a0la informaci\u00f3n sobre este programa de becas <span style=\"color: #005689\"><strong><a style=\"color: #005689\" href=\"http:\/\/issuu.com\/fundaciongeneralull\/docs\/cuadr__ptico_becas\/1\">aqu\u00ed<\/a><\/strong><\/span><\/p>\n<p><span style=\"color: #ffffff\">&#8211;<\/span>[\/vc_column_text][\/vc_accordion_tab][vc_accordion_tab title=&#8221;Gesti\u00f3n de ofertas de empleo&#8221;][vc_column_text]<\/p>\n<h3><span style=\"color: #ffffff\">&#8211;<\/span><\/h3>\n<p><span style=\"color: #333333\">Apostando por el talento universitario la Fundaci\u00f3n General promueve la inserci\u00f3n de nuestros\/as j\u00f3venes en el entramado de empresas instaladas en nuestro Archipi\u00e9lago.<\/span><\/p>\n<p>&nbsp;<\/p>\n<p><span style=\"color: #333333\">Para ello ofrece a\u00a0las empresas el <strong>servicio gratuito de gesti\u00f3n de ofertas de empleo<\/strong>, mediante el que puede solicitar para su empresa perfiles que requieran una titulaci\u00f3n universitaria. Trataremos de ayudarles a encontrar al candidato\/a ideal, poniendo a su disposici\u00f3n a nuestro\u00a0equipo de profesionales especializado en labores de intermediaci\u00f3n laboral.<\/span><\/p>\n<p><span style=\"color: #ffffff\">&#8211;<\/span>[\/vc_column_text][\/vc_accordion_tab][vc_accordion_tab title=&#8221;Becas Disa&#8221;][vc_column_text]<span style=\"color: #ffffff\">&#8211;<\/span><\/p>\n<p><span style=\"color: #333333\">El programa de becas &#8220;<span style=\"color: #005689\"><strong><span style=\"text-decoration: underline\"><a style=\"color: #005689;text-decoration: underline\" href=\"http:\/\/www.fundaciondisa.org\/\" target=\"_blank\">Fundaci\u00f3n DISA<\/a> Emplea<\/span><\/strong><\/span>&#8221; busca dar una<strong> primera oportunidad laboral<\/strong> a j\u00f3venes canarios titulados, universitarios y de formaci\u00f3n profesional en peque\u00f1as y medianas empresas de las Islas, mediante la f\u00f3rmula de becas de inserci\u00f3n laboral.<\/span><\/p>\n<p>&nbsp;<\/p>\n<p><span style=\"color: #333333\">Para ello, desde &#8220;Fundaci\u00f3n DISA Emplea&#8221; se conceden un total de <strong>25<\/strong>\u00a0<strong>becas de inserci\u00f3n laboral<\/strong> totalmente gratuitas para las empresas y las personas tituladas que quieran acceder.<\/span><\/p>\n<p>&nbsp;<\/p>\n<p><span style=\"color: #333333\">Accede a toda la informaci\u00f3n sobre este programa de becas.<\/span><\/p>\n<p><span style=\"color: #ffffff\">&#8211;<\/span>[\/vc_column_text][vc_button title=&#8221;Becas Disa&#8221; color=&#8221;btn-inverse&#8221; href=&#8221;http:\/\/www.fg.ull.es\/es\/empleo\/proyectos\/becas-disa\/&#8221;][\/vc_accordion_tab][vc_accordion_tab title=&#8221;Becas Santander&#8221;][vc_column_text]En esta convocatoria, la Universidad de la Laguna gestionar\u00e1 <strong>83 becas del programa<\/strong>, que tendr\u00e1n una duraci\u00f3n de <strong>3 meses<\/strong> y una dotaci\u00f3n de <strong>600 euros<\/strong> al mes brutos pagados por el Banco de Santander.<\/p>\n<p><a href=\"http:\/\/www.fg.ull.es\/es\/empleo\/becas-de-insercion-laboral\/becas-santander\/\" target=\"_blank\">Inf\u00f3rmate aqu\u00ed<\/a><\/p>\n<p>[\/vc_column_text][\/vc_accordion_tab][\/vc_accordion][vc_button title=&#8221;\u00a1Conoce m\u00e1s!&#8221; color=&#8221;btn-inverse&#8221; href=&#8221;https:\/\/fg.ull.es\/empleo\/becas-laborales\/&#8221;][\/vc_column][vc_column width=&#8221;1\/4&#8243; css=&#8221;.vc_custom_1434113378521{padding-top: 124px !important;padding-left: 46px !important;}&#8221;][vc_single_image image=&#8221;22253&#8243; img_size=&#8221;large&#8221;][vc_single_image image=&#8221;17644&#8243; img_size=&#8221;large&#8221; alignment=&#8221;center&#8221; onclick=&#8221;custom_link&#8221; link=&#8221;https:\/\/fg.ull.es\/catalizacanarias\/&#8221;][vc_single_image image=&#8221;17466&#8243; img_size=&#8221;large&#8221; alignment=&#8221;center&#8221; onclick=&#8221;custom_link&#8221; link=&#8221;https:\/\/sede.fg.ull.es\/es\/empleo&#8221;][vc_single_image image=&#8221;19306&#8243; img_size=&#8221;large&#8221; alignment=&#8221;center&#8221; onclick=&#8221;custom_link&#8221; link=&#8221;http:\/\/www.fg.ull.es\/es\/empleo\/proyectos\/becas-disa\/&#8221;][vc_empty_space height=&#8221;4px&#8221;][vc_separator color=&#8221;custom&#8221; style=&#8221;dotted&#8221; accent_color=&#8221;#eaeaea&#8221;][vc_row_inner css=&#8221;.vc_custom_1434113479689{padding-right: 14px !important;padding-left: 14px !important;}&#8221;][vc_column_inner css=&#8221;.vc_custom_1434113515979{padding-right: 10px !important;padding-left: 10px !important;background-color: #f9f9f9 !important;}&#8221;][vc_widget_sidebar sidebar_id=&#8221;derecha_empleo&#8221;][\/vc_column_inner][\/vc_row_inner][\/vc_column][\/vc_row][vc_row][vc_column][\/vc_column][\/vc_row]<\/p>\n<\/section>","protected":false},"excerpt":{"rendered":"<p>[vc_row css=&#8221;.vc_custom_1434113962729{padding-top: 124px !important;padding-left: px !important;}&#8221;][vc_column width=&#8221;1\/4&#8243; css=&#8221;.vc_custom_1434113904579{padding-right: 46px !important;}&#8221;][vc_widget_sidebar sidebar_id=&#8221;izquierda_empleo&#8221;][\/vc_column][vc_column width=&#8221;1\/2&#8243; css=&#8221;.vc_custom_1434111249093{margin-top: 42px !important;}&#8221;][vc_column_text] Intermediaci\u00f3n Laboral &nbsp; Desde la Agencia Universitaria de Empleo\u00a0se trata de actuar como nexo entre el tejido empresarial de Canarias y la comunidad universitaria, tanto con el alumnado como con los j\u00f3venes que han obtenido una titulaci\u00f3n de forma reciente&#8230;.<\/p>\n","protected":false},"author":1,"featured_media":0,"parent":0,"menu_order":0,"comment_status":"closed","ping_status":"closed","template":"","meta":{"footnotes":""},"_links":{"self":[{"href":"https:\/\/fg.ull.es\/empleo\/wp-json\/wp\/v2\/pages\/8035"}],"collection":[{"href":"https:\/\/fg.ull.es\/empleo\/wp-json\/wp\/v2\/pages"}],"about":[{"href":"https:\/\/fg.ull.es\/empleo\/wp-json\/wp\/v2\/types\/page"}],"author":[{"embeddable":true,"href":"https:\/\/fg.ull.es\/empleo\/wp-json\/wp\/v2\/users\/1"}],"replies":[{"embeddable":true,"href":"https:\/\/fg.ull.es\/empleo\/wp-json\/wp\/v2\/comments?post=8035"}],"version-history":[{"count":1,"href":"https:\/\/fg.ull.es\/empleo\/wp-json\/wp\/v2\/pages\/8035\/revisions"}],"predecessor-version":[{"id":32392,"href":"https:\/\/fg.ull.es\/empleo\/wp-json\/wp\/v2\/pages\/8035\/revisions\/32392"}],"wp:attachment":[{"href":"https:\/\/fg.ull.es\/empleo\/wp-json\/wp\/v2\/media?parent=8035"}],"curies":[{"name":"wp","href":"https:\/\/api.w.org\/{rel}","templated":true}]}}