{"id":8033,"date":"2015-03-10T10:51:17","date_gmt":"2015-03-10T10:51:17","guid":{"rendered":"http:\/\/www.fg.ull.es\/?page_id=8033"},"modified":"2026-03-06T09:40:12","modified_gmt":"2026-03-06T09:40:12","slug":"talento-africano","status":"publish","type":"page","link":"https:\/\/fg.ull.es\/empleo\/talento-africano\/","title":{"rendered":"Programa de Pr\u00e1cticas no laborables para j\u00f3venes talentos africanos"},"content":{"rendered":"<section class=\"wpb-content-wrapper\"><p>[vc_row][vc_column width=&#8221;5\/6&#8243;]\n\t\t\t<!-- START J\u00f3venes Talentos Africanos REVOLUTION SLIDER 6.6.15 --><p class=\"rs-p-wp-fix\"><\/p>\n\t\t\t<rs-module-wrap id=\"rev_slider_10_1_wrapper\" data-source=\"gallery\" style=\"visibility:hidden;background:transparent;padding:0;margin:0px auto;margin-top:0;margin-bottom:0;\">\n\t\t\t\t<rs-module id=\"rev_slider_10_1\" style=\"\" data-version=\"6.6.15\">\n\t\t\t\t\t<rs-slides style=\"overflow: hidden; position: absolute;\">\n\t\t\t\t\t\t<rs-slide style=\"position: absolute;\" data-key=\"rs-105\" data-title=\"Slide\" data-anim=\"adpr:false;\" data-in=\"o:0;\" data-out=\"a:false;\">\n\t\t\t\t\t\t\t<img src=\"\/\/fg.ull.es\/empleo\/wp-content\/plugins\/revslider\/public\/assets\/assets\/dummy.png\" alt=\"\" title=\"Slider web_2 degradado (1)\" width=\"1921\" height=\"525\" class=\"rev-slidebg tp-rs-img rs-lazyload\" data-lazyload=\"\/\/fg.ull.es\/empleo\/wp-content\/uploads\/sites\/6\/2023\/10\/Slider-web_2-degradado-1.png\" data-no-retina>\n<!--\n\t\t\t\t\t\t\t--><rs-layer\n\t\t\t\t\t\t\t\tid=\"slider-10-slide-105-layer-1\" \n\t\t\t\t\t\t\t\tdata-type=\"text\"\n\t\t\t\t\t\t\t\tdata-color=\"#ffffff\"\n\t\t\t\t\t\t\t\tdata-rsp_ch=\"on\"\n\t\t\t\t\t\t\t\tdata-xy=\"x:56px;y:201px;\"\n\t\t\t\t\t\t\t\tdata-text=\"s:60;l:60;a:inherit;\"\n\t\t\t\t\t\t\t\tdata-dim=\"w:623px;h:151px;\"\n\t\t\t\t\t\t\t\tdata-frame_0=\"y:50px;\"\n\t\t\t\t\t\t\t\tdata-frame_1=\"sp:1500;\"\n\t\t\t\t\t\t\t\tdata-frame_999=\"st:w;sR:8700;\"\n\t\t\t\t\t\t\t\tstyle=\"z-index:5;font-family:'Oswald';\"\n\t\t\t\t\t\t\t>PROGRAMAS DE PR\u00c1CTICAS NO LABORABLES<\/br> PARA J\u00d3VENES TALENTOS AFRICANOS \n\t\t\t\t\t\t\t<\/rs-layer><!--\n-->\t\t\t\t\t\t<\/rs-slide>\n\t\t\t\t\t<\/rs-slides>\n\t\t\t\t<\/rs-module>\n\t\t\t\t<script>\n\t\t\t\t\tsetREVStartSize({c: 'rev_slider_10_1',rl:[1240,1024,778,480],el:[383.991],gw:[1240],gh:[384],type:'standard',justify:'',layout:'fullwidth',mh:\"0\"});if (window.RS_MODULES!==undefined && window.RS_MODULES.modules!==undefined && window.RS_MODULES.modules[\"revslider101\"]!==undefined) {window.RS_MODULES.modules[\"revslider101\"].once = false;window.revapi10 = undefined;if (window.RS_MODULES.checkMinimal!==undefined) window.RS_MODULES.checkMinimal()}\n\t\t\t\t<\/script>\n\t\t\t<\/rs-module-wrap>\n\t\t\t<!-- END REVOLUTION SLIDER -->\n[\/vc_column][\/vc_row][vc_row][vc_column][vc_empty_space height=&#8221;34px&#8221;][\/vc_column][\/vc_row][vc_row][vc_column width=&#8221;2\/3&#8243;][vc_single_image image=&#8221;41892&#8243; img_size=&#8221;full&#8221;][vc_row_inner][vc_column_inner][\/vc_column_inner][\/vc_row_inner][vc_column_text]<span style=\"font-weight: 400\">La <strong>Universidad de La Laguna, <\/strong>a trav\u00e9s de su\u00a0<strong>Fundaci\u00f3n General<\/strong>\u00a0y la Presidencia del Gobierno, a trav\u00e9s de la<strong> Direcci\u00f3n General de Relaciones con \u00c1frica <\/strong>, han trabajado conjuntamente para el impulso y desarrollo de iniciativas que tienen <\/span><span style=\"font-weight: 400\">como prop\u00f3sito primordial incentivar la transferencia de conocimiento entre la regi\u00f3n de Canarias y el continente africano, con el objetivo de estimular la internacionalizaci\u00f3n del sector privado en \u00c1frica, a trav\u00e9s de la implementaci\u00f3n de estancias de pr\u00e1cticas no laborales remuneradas para j\u00f3venes talentos africanos en empresas, cl\u00fasteres y centros de investigaci\u00f3n establecidos en el archipi\u00e9lago canario.<\/span><\/p>\n<p><span style=\"font-weight: 400\">Como experiencia piloto, se propone la realizaci\u00f3n de estancias pr\u00e1cticas no laborales para un total de 3 personas, con una duraci\u00f3n m\u00e1xima de 6 meses cada una.<\/span>[\/vc_column_text][vc_tta_accordion active_section=&#8221;0&#8243; collapsible_all=&#8221;true&#8221;][vc_tta_section title=&#8221;Requisitos para participar en Programa de pr\u00e1cticas no laborables para j\u00f3venes talentos africanos&#8221; tab_id=&#8221;1555066161165-c2575dae-4951&#8243;][vc_column_text]<\/p>\n<div>\n<h3>Requisitos de los solicitantes<\/h3>\n<\/div>\n<p><span style=\"font-weight: 400\">Los requisitos que deber\u00e1n cumplir las potenciales personas beneficiarias para participar en el programa ser\u00e1n los siguientes:<\/span><\/p>\n<ul>\n<li>Tener nacionalidad de alguno de los pa\u00edses establecidos en la convocatoria.<\/li>\n<li>Estar en posesi\u00f3n de pasaporte nacional con validez m\u00ednima de 12 meses en el momento de la publicaci\u00f3n de la convocatoria.<\/li>\n<li>Tener residencia en su pa\u00eds durante los dos \u00faltimos a\u00f1os a la fecha de publicaci\u00f3n de la convocatoria y no encontrarse en situaci\u00f3n de estancia por estudios o trabajo fuera de su pa\u00eds de residencia.<\/li>\n<li>Haber obtenido una titulaci\u00f3n universitaria o haber superado un ciclo formativo de formaci\u00f3n profesional en los 2 a\u00f1os anteriores a la publicaci\u00f3n de la correspondiente convocatoria en su pa\u00eds de origen y residencia. Tendr\u00e1n prioridad las titulaciones en Arquitectura T\u00e9cnica, Arquitectura o similares; Ingenier\u00edas (Mec\u00e1nica, Electr\u00f3nica, Industrial, Autom\u00e1tica, Inform\u00e1tica, Civil, Qu\u00edmica, as\u00ed como Ingenier\u00eda en Inteligencia Artificial y Rob\u00f3tica o afines); Administraci\u00f3n y Direcci\u00f3n de Empresas, Econom\u00eda y Finanzas; Log\u00edstica Internacional, Comercio y Marketing; Relaciones Internacionales; Recursos Humanos y Relaciones Laborales; Gesti\u00f3n de Proyectos, Consultor\u00eda y \u00e1rea Comercial; Qu\u00edmica; Ciencias Ambientales; Pedagog\u00eda, Sociolog\u00eda y Educaci\u00f3n, as\u00ed como Ciclos Formativos de Grado Superior relacionados.<\/li>\n<li>Se valorar\u00e1 disponer de, al menos, un nivel B2 de espa\u00f1ol.<\/li>\n<\/ul>\n<h4><u>Todos estos requisitos se acreditar\u00e1n mediante la aportaci\u00f3n de la siguiente documentaci\u00f3n:<\/u><\/h4>\n<ul>\n<li>Fotocopia compulsada del pasaporte, que acredite la nacionalidad.<\/li>\n<li>T\u00edtulo expedido por la universidad y\/o centro de ciclo formativo de formaci\u00f3n profesional.<\/li>\n<li>Certificaci\u00f3n acad\u00e9mica de los estudios realizados en el que conste, entre otros extremos, la duraci\u00f3n en a\u00f1os de los estudios cursados, relaci\u00f3n de asignaturas cursadas y calificaciones obtenidas.<\/li>\n<li>Curr\u00edculum vitae con fotograf\u00eda reciente.<\/li>\n<li>Documentaci\u00f3n acreditativa complementaria de los m\u00e9ritos alegados en el curr\u00edculum vitae.<\/li>\n<li>Acreditaci\u00f3n mediante declaraci\u00f3n responsable, incluida en el modelo de solicitud, de no encontrarse incurso en los supuestos establecidos en el art\u00edculo 13 de la Ley 38\/2003, General de Subvenciones.<\/li>\n<\/ul>\n<p>Se han estimado los siguientes costes asociados a cada estancia pr\u00e1ctica no laboral. Los gastos est\u00e1n cubiertos con el siguiente desglose:<\/p>\n<table style=\"height: 308px\" border=\"0\" width=\"423\" cellspacing=\"0\" cellpadding=\"0\">\n<colgroup>\n<col width=\"333\" \/>\n<col width=\"80\" \/><\/colgroup>\n<tbody>\n<tr>\n<td style=\"text-align: center\" width=\"333\" height=\"20\"><strong>Concepto<\/strong><\/td>\n<td style=\"text-align: center\" width=\"80\"><strong>Importe<\/strong><\/td>\n<\/tr>\n<tr>\n<td height=\"20\">Viaje de ida y vuelta para la persona joven africana<\/td>\n<td align=\"right\">2.500,00 \u20ac<\/td>\n<\/tr>\n<tr>\n<td height=\"20\">Visado y seguros<\/td>\n<td align=\"right\">550,00 \u20ac<\/td>\n<\/tr>\n<tr>\n<td width=\"333\" height=\"40\">Importe de la beca asociada a 6 meses de estancia pr\u00e1ctica no laboral<\/td>\n<td align=\"right\">4.886,67 \u20ac<\/td>\n<\/tr>\n<tr>\n<td width=\"333\" height=\"40\">Alojamiento correspondiente a 6 meses de estancia<\/td>\n<td align=\"right\">3.000,00 \u20ac<\/td>\n<\/tr>\n<tr>\n<td height=\"20\">Formaci\u00f3n 60 horas (10h\/mes)<\/td>\n<td align=\"right\">730,00 \u20ac<\/td>\n<\/tr>\n<tr>\n<td height=\"20\"><\/td>\n<td align=\"right\"><\/td>\n<\/tr>\n<tr>\n<td style=\"text-align: right\" height=\"20\">TOTAL<\/td>\n<td align=\"right\">11.666,67 \u20ac<\/td>\n<\/tr>\n<\/tbody>\n<\/table>\n<h3><strong>PLAZO DE INSCRIPCI\u00d3N<\/strong><\/h3>\n<ul>\n<li><strong>Para j\u00f3venes beneficiarios\/as- <\/strong>Desde el 11 de febrero hasta el 28 de febrero de 2026.<\/li>\n<\/ul>\n<h3>BASES DE INSCRIPCI\u00d3N<\/h3>\n<p>[\/vc_column_text][vc_empty_space][vc_btn title=&#8221;Bases Aspirantes Programa Talento Africano&#8221; color=&#8221;violet&#8221; align=&#8221;center&#8221; link=&#8221;url:https%3A%2F%2Fdrive.google.com%2Ffile%2Fd%2F1f8Htpn99awNhdN2HFftaXEiETHtoyZLa%2Fview%3Fusp%3Dsharing|target:_blank&#8221;][\/vc_tta_section][vc_tta_section title=&#8221;Requisitos que deben cumplir las empresas para participar en el Programa de pr\u00e1cticas no laborables para j\u00f3venes talentos africanos&#8221; tab_id=&#8221;1555066161186-2378c140-e2d1&#8243;][vc_column_text]<\/p>\n<h3>REQUISITOS DE LOS SOLICITANTES<\/h3>\n<ul>\n<li>Que sea una empresa con entidad jur\u00eddica propia y con sede en Canarias.<\/li>\n<li>Que tenga como m\u00ednimo tres personas empleadas.<\/li>\n<li>Que disponga de un espacio f\u00edsico y los medios materiales adecuados donde la persona en formaci\u00f3n pr\u00e1ctica pueda desempe\u00f1ar sus labores (tel\u00e9fono, acceso a Internet, ordenador personal &#8230;), adem\u00e1s de poder asignar a alguien de su plantilla como tutor.<\/li>\n<\/ul>\n<p>Por otra parte, los criterios de baremaci\u00f3n de las solicitudes ser\u00e1n los siguientes:<\/p>\n<ul>\n<li>Que tenga presencia en el continente africano: 8 puntos.<\/li>\n<li>Que desarrolle actividad en el continente africano: 5 puntos.<\/li>\n<li>Que disponga de un proyecto de internacionalizaci\u00f3n hacia el continente africano: 2 puntos.<\/li>\n<li>Que disponga de un plan de trabajo propuesto para la pr\u00e1ctica no laboral acorde con su formaci\u00f3n, detallando el programa de pr\u00e1cticas, condiciones de las pr\u00e1cticas y supervisi\u00f3n, y formaci\u00f3n propuesta, teniendo especial relevancia la formaci\u00f3n espec\u00edfica que pueda recibir el joven en el centro de trabajo: 5 puntos.<\/li>\n<\/ul>\n<p>Una vez valoradas las solicitudes presentadas por las empresas, se proceder\u00e1 a ordenar en una sola relaci\u00f3n priorizada de mayor a menor puntuaci\u00f3n obtenida. En caso de empate, primar\u00e1 la que mayor puntuaci\u00f3n haya obtenido en el plan de trabajo propuesto para la pr\u00e1ctica no laboral.<\/p>\n<p>La selecci\u00f3n de las empresas finalistas, permitir\u00e1 definir los perfiles concretos que se convocar\u00e1n en las bases dirigidas a los j\u00f3venes talentos africanos.<\/p>\n<h3>PLAZO DE INSCRIPCI\u00d3N<\/h3>\n<p>Para empresas, cl\u00fasters y centros de investigaci\u00f3n: Desde el 28\/01\/2026 al 11\/02\/2026<\/p>\n<h3>BASES EMPRESAS<\/h3>\n<p>[\/vc_column_text][vc_empty_space][vc_btn title=&#8221;Bases Empresas Programa Talento Africano&#8221; color=&#8221;violet&#8221; align=&#8221;center&#8221; link=&#8221;url:https%3A%2F%2Fdrive.google.com%2Ffile%2Fd%2F1dcFFdcgy0VpLomPlOg3kuOUKSscPcssh%2Fview|target:_blank&#8221;][\/vc_tta_section][vc_tta_section title=&#8221;Programa formativo para j\u00f3venes talentos africanos&#8221; tab_id=&#8221;1698739825663-36dc2dab-6ce3&#8243;][vc_column_text]<span style=\"font-weight: 400\">Se dise\u00f1ar\u00e1 y desarrollar\u00e1 un programa formativo que las personas j\u00f3venes africanas, deber\u00e1n completar mientras realizan las estancias pr\u00e1cticas no laborales.<\/span><\/p>\n<p><span style=\"font-weight: 400\">El programa formativo debe contemplar tem\u00e1ticas transversales pero relevantes para el desarrollo competencial de los j\u00f3venes africanos, tales como la gesti\u00f3n de la innovaci\u00f3n, la transformaci\u00f3n digital y las <\/span><i><span style=\"font-weight: 400\">soft skills<\/span><\/i><span style=\"font-weight: 400\">.<\/span><\/p>\n<p><span style=\"font-weight: 400\">El programa formativo se dise\u00f1ar\u00e1 y desarrollar\u00e1 para su impartici\u00f3n en formato on-line, constar\u00e1 de 60 horas de duraci\u00f3n. <\/span><\/p>\n<p><span style=\"font-weight: 400\">El programa formativo estar\u00e1 constituido por 6 m\u00f3dulos de 10 horas cada uno, las personas j\u00f3venes africanas deber\u00e1n realizar 1 m\u00f3dulo mensual durante los 6 meses de su estancia pr\u00e1ctica. Los m\u00f3dulos que conforman el programa formativo son los siguientes:<\/span><\/p>\n<ul>\n<li style=\"font-weight: 400\"><span style=\"font-weight: 400\"><strong>M\u00f3dulo 1:<\/strong> Gesti\u00f3n del tiempo.<\/span><\/li>\n<li style=\"font-weight: 400\"><span style=\"font-weight: 400\"><strong>M\u00f3dulo 2:<\/strong> Trabajo en equipo<\/span><\/li>\n<li style=\"font-weight: 400\"><span style=\"font-weight: 400\"><strong>M\u00f3dulo 3:<\/strong> Resoluci\u00f3n de conflictos<\/span><\/li>\n<li style=\"font-weight: 400\"><span style=\"font-weight: 400\"><strong>M\u00f3dulo 4:<\/strong> Creatividad: un genio en potencia<\/span><\/li>\n<li style=\"font-weight: 400\"><span style=\"font-weight: 400\"><strong>M\u00f3dulo 5:<\/strong> La Sociedad en Red y las Tecnolog\u00edas Digitales<\/span><\/li>\n<li style=\"font-weight: 400\"><span style=\"font-weight: 400\"><strong>M\u00f3dulo 6:<\/strong> Marketing digital<\/span><\/li>\n<\/ul>\n<p>[\/vc_column_text][\/vc_tta_section][\/vc_tta_accordion][vc_empty_space][vc_btn title=&#8221;I Edici\u00f3n Talento Africano&#8221; style=&#8221;outline&#8221; color=&#8221;violet&#8221; align=&#8221;center&#8221; link=&#8221;url:https%3A%2F%2Ffg.ull.es%2Fempleo%2Fi-edicion-programa-de-practicas-no-laborables-para-jovenes-talentos-africanos%2F|target:_blank&#8221;][vc_btn title=&#8221;II Edici\u00f3n Talento Africano&#8221; style=&#8221;outline&#8221; color=&#8221;violet&#8221; align=&#8221;center&#8221; link=&#8221;url:https%3A%2F%2Ffg.ull.es%2Fempleo%2Fi-edicion-programa-de-practicas-no-laborables-para-jovenes-talentos-africanos%2F|target:_blank&#8221;][\/vc_column][vc_column width=&#8221;1\/3&#8243;][vc_empty_space][vc_empty_space][vc_cta h2=&#8221;Inscripci\u00f3n de candidaturas&#8221; h4=&#8221;J\u00f3venes talentos africanos&#8221; h4_font_container=&#8221;tag:h4|text_align:left|color:%238224e3&#8243; h4_use_theme_fonts=&#8221;yes&#8221; txt_align=&#8221;center&#8221; style=&#8221;outline&#8221; color=&#8221;violet&#8221; add_button=&#8221;bottom&#8221; btn_title=&#8221;Edici\u00f3n 2026&#8243; btn_color=&#8221;violet&#8221; btn_size=&#8221;lg&#8221; btn_align=&#8221;center&#8221; use_custom_fonts_h4=&#8221;true&#8221; btn_button_block=&#8221;true&#8221; btn_link=&#8221;url:https%3A%2F%2Fdocs.google.com%2Fforms%2Fd%2Fe%2F1FAIpQLSfIRpX8NN_ti8wD2JhbhGMXdMt4GQ1en73d-snhj2l-s2Y75g%2Fviewform%3Fpli%3D1|target:_blank&#8221; h4_link=&#8221;url:https%3A%2F%2Fdocs.google.com%2Fforms%2Fd%2Fe%2F1FAIpQLSfIRpX8NN_ti8wD2JhbhGMXdMt4GQ1en73d-snhj2l-s2Y75g%2Fviewform%3Fpli%3D1|target:_blank&#8221;][\/vc_cta][vc_cta h2=&#8221;Entidades participantes&#8221; h4=&#8221;Empresas, cl\u00fasteres y centros de investigaci\u00f3n&#8221; h4_font_container=&#8221;tag:h4|text_align:left&#8221; h4_use_theme_fonts=&#8221;yes&#8221; txt_align=&#8221;center&#8221; style=&#8221;outline&#8221; color=&#8221;violet&#8221; add_button=&#8221;bottom&#8221; btn_title=&#8221;Edici\u00f3n 2026&#8243; btn_color=&#8221;violet&#8221; btn_size=&#8221;lg&#8221; btn_align=&#8221;center&#8221; use_custom_fonts_h4=&#8221;true&#8221; btn_button_block=&#8221;true&#8221; btn_link=&#8221;url:%20https%3A%2F%2Fdocs.google.com%2Fforms%2Fd%2F1mXOocrVykFeSzQ7CFygxiWPiF8KijGC3-TbPOHY94Xs%2Fedit%3Fts%3D6971fad7|target:_blank&#8221; h4_link=&#8221;url:%20https%3A%2F%2Fdocs.google.com%2Fforms%2Fd%2F1mXOocrVykFeSzQ7CFygxiWPiF8KijGC3-TbPOHY94Xs%2Fedit%3Fts%3D6971fad7|target:_blank&#8221;][\/vc_cta][\/vc_column][\/vc_row]<\/p>\n<\/section>","protected":false},"excerpt":{"rendered":"<p>[vc_row][vc_column width=&#8221;5\/6&#8243;][\/vc_column][\/vc_row][vc_row][vc_column][vc_empty_space height=&#8221;34px&#8221;][\/vc_column][\/vc_row][vc_row][vc_column width=&#8221;2\/3&#8243;][vc_single_image image=&#8221;41892&#8243; img_size=&#8221;full&#8221;][vc_row_inner][vc_column_inner][\/vc_column_inner][\/vc_row_inner][vc_column_text]La Universidad de La Laguna, a trav\u00e9s de su\u00a0Fundaci\u00f3n General\u00a0y la Presidencia del Gobierno, a trav\u00e9s de la Direcci\u00f3n General de Relaciones con \u00c1frica , han trabajado conjuntamente para el impulso y desarrollo de iniciativas que tienen como prop\u00f3sito primordial incentivar la transferencia de conocimiento entre la regi\u00f3n de Canarias&#8230;<\/p>\n","protected":false},"author":1,"featured_media":43476,"parent":0,"menu_order":0,"comment_status":"closed","ping_status":"closed","template":"templates\/template-frontpage.php","meta":{"footnotes":""},"_links":{"self":[{"href":"https:\/\/fg.ull.es\/empleo\/wp-json\/wp\/v2\/pages\/8033"}],"collection":[{"href":"https:\/\/fg.ull.es\/empleo\/wp-json\/wp\/v2\/pages"}],"about":[{"href":"https:\/\/fg.ull.es\/empleo\/wp-json\/wp\/v2\/types\/page"}],"author":[{"embeddable":true,"href":"https:\/\/fg.ull.es\/empleo\/wp-json\/wp\/v2\/users\/1"}],"replies":[{"embeddable":true,"href":"https:\/\/fg.ull.es\/empleo\/wp-json\/wp\/v2\/comments?post=8033"}],"version-history":[{"count":177,"href":"https:\/\/fg.ull.es\/empleo\/wp-json\/wp\/v2\/pages\/8033\/revisions"}],"predecessor-version":[{"id":43730,"href":"https:\/\/fg.ull.es\/empleo\/wp-json\/wp\/v2\/pages\/8033\/revisions\/43730"}],"wp:featuredmedia":[{"embeddable":true,"href":"https:\/\/fg.ull.es\/empleo\/wp-json\/wp\/v2\/media\/43476"}],"wp:attachment":[{"href":"https:\/\/fg.ull.es\/empleo\/wp-json\/wp\/v2\/media?parent=8033"}],"curies":[{"name":"wp","href":"https:\/\/api.w.org\/{rel}","templated":true}]}}