{"id":7892,"date":"2015-03-03T12:43:49","date_gmt":"2015-03-03T12:43:49","guid":{"rendered":"http:\/\/w3.fg.ull.es\/wordpress-multisite\/?page_id=2105"},"modified":"2017-06-06T11:05:44","modified_gmt":"2017-06-06T11:05:44","slug":"empleo","status":"publish","type":"page","link":"https:\/\/fg.ull.es\/empleo\/empleo\/","title":{"rendered":"Empleo"},"content":{"rendered":"<section class=\"wpb-content-wrapper\"><p>[vc_row css=&#8221;.vc_custom_1496747143531{padding-top: 0px !important;}&#8221;][vc_column css=&#8221;.vc_custom_1434356748864{padding-right: 46px !important;}&#8221;][vc_column_text]<\/p>\n<h2><span style=\"color: #333333;\">Empleo<\/span><\/h2>\n<p>&nbsp;<\/p>\n<p><span style=\"color: #333333;\">El \u00c1rea de Empleo de la Fundaci\u00f3n General de la Universidad de La Laguna gestiona todas aquellas actividades que, directa o indirectamente, <strong>facilitan a alumnado y titulados universitarios su proceso de incorporaci\u00f3n al mercado laboral.<\/strong><\/span><\/p>\n<p>&nbsp;<\/p>\n<p>&nbsp;<\/p>\n<p><a href=\"http:\/\/www.fg.ull.es\/wp-content\/uploads\/2015\/03\/banner_01.jpg\"><img decoding=\"async\" loading=\"lazy\" class=\"alignnone size-full wp-image-17703\" src=\"http:\/\/www.fg.ull.es\/wp-content\/uploads\/2015\/03\/banner_01.jpg\" alt=\"banner_01\" width=\"1024\" height=\"350\" \/><\/a><\/p>\n<p>&nbsp;<\/p>\n<p>&nbsp;<\/p>\n<p><span style=\"color: #333333;\">Ponemos a tu disposici\u00f3n un equipo t\u00e9cnico altamente cualificado que te orientar\u00e1 con el fin de mejorar tu empleabilidad, adem\u00e1s te ofrecemos un primer contacto con el mundo laboral a trav\u00e9s de los Programas de Cooperaci\u00f3n Educativa (Pr\u00e1cticas Externas) y Becas Formativas de Inserci\u00f3n Laboral, tanto locales como en el extranjero.<\/span><\/p>\n<p>&nbsp;<\/p>\n<p><span style=\"color: #333333;\">El \u00c1rea de Empleo se organiza actualmente como <span style=\"color: #005689;\"><span style=\"text-decoration: underline;\"><a style=\"color: #005689; text-decoration: underline;\" href=\"https:\/\/fg.ull.es\/empleo\/\"><strong>Agencia Universitaria de Empleo<\/strong>.<\/a><\/span>\u00a0<\/span><\/span><\/p>\n<p><strong>C<\/strong><strong>ontacto:<\/strong><\/p>\n<p>Correo electr\u00f3nico:\u00a0area.empleo@fg.ull.es[\/vc_column_text][vc_single_image image=&#8221;17623&#8243; img_size=&#8221;large&#8221; alignment=&#8221;center&#8221; onclick=&#8221;custom_link&#8221; link=&#8221;https:\/\/fg.ull.es\/empleo\/itinera\/&#8221;][vc_single_image image=&#8221;17704&#8243; img_size=&#8221;large&#8221; alignment=&#8221;center&#8221; onclick=&#8221;custom_link&#8221; link=&#8221;https:\/\/fg.ull.es\/catalizacanarias\/&#8221;][\/vc_column][\/vc_row]<\/p>\n<\/section>","protected":false},"excerpt":{"rendered":"<p>[vc_row css=&#8221;.vc_custom_1496747143531{padding-top: 0px !important;}&#8221;][vc_column css=&#8221;.vc_custom_1434356748864{padding-right: 46px !important;}&#8221;][vc_column_text] Empleo &nbsp; El \u00c1rea de Empleo de la Fundaci\u00f3n General de la Universidad de La Laguna gestiona todas aquellas actividades que, directa o indirectamente, facilitan a alumnado y titulados universitarios su proceso de incorporaci\u00f3n al mercado laboral. &nbsp; &nbsp; &nbsp; &nbsp; Ponemos a tu disposici\u00f3n un equipo t\u00e9cnico&#8230;<\/p>\n","protected":false},"author":1,"featured_media":0,"parent":0,"menu_order":0,"comment_status":"closed","ping_status":"closed","template":"","meta":{"footnotes":""},"_links":{"self":[{"href":"https:\/\/fg.ull.es\/empleo\/wp-json\/wp\/v2\/pages\/7892"}],"collection":[{"href":"https:\/\/fg.ull.es\/empleo\/wp-json\/wp\/v2\/pages"}],"about":[{"href":"https:\/\/fg.ull.es\/empleo\/wp-json\/wp\/v2\/types\/page"}],"author":[{"embeddable":true,"href":"https:\/\/fg.ull.es\/empleo\/wp-json\/wp\/v2\/users\/1"}],"replies":[{"embeddable":true,"href":"https:\/\/fg.ull.es\/empleo\/wp-json\/wp\/v2\/comments?post=7892"}],"version-history":[{"count":2,"href":"https:\/\/fg.ull.es\/empleo\/wp-json\/wp\/v2\/pages\/7892\/revisions"}],"predecessor-version":[{"id":32402,"href":"https:\/\/fg.ull.es\/empleo\/wp-json\/wp\/v2\/pages\/7892\/revisions\/32402"}],"wp:attachment":[{"href":"https:\/\/fg.ull.es\/empleo\/wp-json\/wp\/v2\/media?parent=7892"}],"curies":[{"name":"wp","href":"https:\/\/api.w.org\/{rel}","templated":true}]}}