{"id":7,"date":"2016-10-24T09:42:07","date_gmt":"2016-10-24T09:42:07","guid":{"rendered":"https:\/\/fg.ull.es\/empleo\/?page_id=7"},"modified":"2022-11-22T13:15:38","modified_gmt":"2022-11-22T13:15:38","slug":"resultados","status":"publish","type":"page","link":"https:\/\/fg.ull.es\/empleo\/resultados\/","title":{"rendered":"Resultados"},"content":{"rendered":"<section class=\"wpb-content-wrapper\"><p>[vc_row][vc_column][vc_custom_heading text=&#8221;An\u00e1lisis y Difusi\u00f3n de Resultados&#8221; use_theme_fonts=&#8221;yes&#8221;][vc_separator][vc_column_text]<\/p>\n<div class=\"page\" title=\"Page 7\">\n<div class=\"section\">\n<div class=\"layoutArea\">\n<div class=\"column\">\n<p>La unidad de an\u00e1lisis y difusi\u00f3n de resultados de la agencia universitaria de empleo se crea con el prop\u00f3sito de servir de apoyo al resto de \u00e1reas en el desarrollo de instrumentos y protocolos de diagn\u00f3stico, evaluaci\u00f3n y difusi\u00f3n de resultados.\u00a0Por otro lado, persigue configurar l\u00edneas estrat\u00e9gicas de an\u00e1lisis e investigaci\u00f3n en colaboraci\u00f3n con otras entidades en materia de empleo, emprendimiento, innovaci\u00f3n y formaci\u00f3n.<\/p>\n<p>Los objetivos de esta unidad son:<\/p>\n<ul>\n<li>Proporcionar valor a las acciones y proyectos desarrollados por la Fundaci\u00f3n por medio del an\u00e1lisis y difusi\u00f3n de resultados.<\/li>\n<li>Asesorar en el dise\u00f1o de instrumentos de evaluaci\u00f3n y diagn\u00f3stico.<\/li>\n<li>Facilitar informaci\u00f3n rigurosa en materia de empleo, emprendimiento y formaci\u00f3n.<\/li>\n<li>Apoyar y colaborar en el desarrollo de estudios relacionados con empleo, formaci\u00f3n e innovaci\u00f3n.<\/li>\n<li>Aportar indicadores de inserci\u00f3n y empleabilidad universitaria, as\u00ed como\u00a0 satisfacci\u00f3n con los titulo universitarios de la Universidad de La Laguna.<\/li>\n<\/ul>\n<p>&nbsp;<\/p><\/div>\n<\/div>\n<\/div>\n<\/div>\n<p>[\/vc_column_text][vc_custom_heading text=&#8221;Destacados&#8221; font_container=&#8221;tag:h5|text_align:left&#8221; use_theme_fonts=&#8221;yes&#8221; css=&#8221;.vc_custom_1543499114544{margin-bottom: 15px !important;padding-top: 0px !important;}&#8221;][\/vc_column][\/vc_row][vc_row][vc_column width=&#8221;1\/4&#8243;][vc_btn title=&#8221;Estad\u00edsticas de inserci\u00f3n laboral de los titulados en Educaci\u00f3n Superior de Canarias&#8221; style=&#8221;custom&#8221; custom_background=&#8221;rgba(0,46,232,0.84)&#8221; custom_text=&#8221;#ffffff&#8221; size=&#8221;lg&#8221; align=&#8221;center&#8221; css_animation=&#8221;none&#8221; button_block=&#8221;true&#8221; css=&#8221;.vc_custom_1563791236111{margin-top: 0px !important;margin-right: 0px !important;margin-bottom: 20px !important;margin-left: 0px !important;border-top-width: 0px !important;border-right-width: 0px !important;border-bottom-width: 0px !important;border-left-width: 0px !important;padding-top: 0px !important;padding-right: 0px !important;padding-bottom: 0px !important;padding-left: 0px !important;background: rgba(130,36,227,0.5) url(https:\/\/fg.ull.es\/empleo\/wp-content\/uploads\/sites\/6\/2018\/09\/2018-09-21.jpg?id=36088) !important;background-position: center !important;background-repeat: no-repeat !important;background-size: cover !important;*background-color: rgb(130,36,227) !important;border-radius: 10px !important;}&#8221; link=&#8221;url:https%3A%2F%2Ffg.ull.es%2Fempleo%2Festadisticas-de-insercion-laboral-de-los-titulados-en-educacion-superior-de-canarias%2F|title:Informes%20de%20inserci%C3%B3n%20laboral%20ULL||&#8221;][\/vc_column][vc_column width=&#8221;1\/4&#8243;][vc_btn title=&#8221;Informes de Inserci\u00f3n Laboral de Titulaciones&#8221; style=&#8221;custom&#8221; custom_background=&#8221;rgba(130,36,227,0.5)&#8221; custom_text=&#8221;#ffffff&#8221; size=&#8221;lg&#8221; align=&#8221;center&#8221; css_animation=&#8221;none&#8221; button_block=&#8221;true&#8221; css=&#8221;.vc_custom_1669122934917{margin-top: 0px !important;margin-right: 0px !important;margin-bottom: 20px !important;margin-left: 0px !important;border-top-width: 0px !important;border-right-width: 0px !important;border-bottom-width: 0px !important;border-left-width: 0px !important;padding-top: 0px !important;padding-right: 0px !important;padding-bottom: 0px !important;padding-left: 0px !important;background: rgba(130,36,227,0.5) url(https:\/\/fg.ull.es\/empleo\/wp-content\/uploads\/sites\/6\/2018\/09\/2018-09-21.jpg?id=36088) !important;background-position: center !important;background-repeat: no-repeat !important;background-size: cover !important;*background-color: rgb(130,36,227) !important;border-radius: 10px !important;}&#8221; link=&#8221;url:https%3A%2F%2Ffg.ull.es%2Fempleo%2Fresultados%2Finformes-de-insercion-laboral-de-las-titulaciones-de-la-ull%2F|title:Informes%20de%20inserci%C3%B3n%20laboral%20ULL&#8221;][\/vc_column][vc_column width=&#8221;1\/4&#8243;][vc_btn title=&#8221;An\u00e1lisis de las ocupaciones de los titulados\/as&#8221; style=&#8221;custom&#8221; custom_background=&#8221;rgba(0,107,0,0.5)&#8221; custom_text=&#8221;#ffffff&#8221; size=&#8221;lg&#8221; align=&#8221;center&#8221; css_animation=&#8221;none&#8221; button_block=&#8221;true&#8221; css=&#8221;.vc_custom_1543499435015{margin-top: 0px !important;margin-right: 0px !important;margin-bottom: 20px !important;margin-left: 0px !important;border-top-width: 0px !important;border-right-width: 0px !important;border-bottom-width: 0px !important;border-left-width: 0px !important;padding-top: 0px !important;padding-right: 0px !important;padding-bottom: 0px !important;padding-left: 0px !important;background: rgba(130,36,227,0.5) url(https:\/\/fg.ull.es\/empleo\/wp-content\/uploads\/sites\/6\/2018\/09\/2018-09-21.jpg?id=36088) !important;background-position: center !important;background-repeat: no-repeat !important;background-size: cover !important;*background-color: rgb(130,36,227) !important;border-radius: 10px !important;}&#8221; link=&#8221;url:https%3A%2F%2Ffg.ull.es%2Fempleo%2Fanalisis-de-la-insercion-laboral-de-los-titulos-de-la-ull%2F|title:Informes%20interactivos%20de%20inserci%C3%B3n%20laboral%20ULL||&#8221;][\/vc_column][vc_column width=&#8221;1\/4&#8243;][vc_btn title=&#8221;Encuesta a Egresados&#8221; color=&#8221;vista-blue&#8221; link=&#8221;url:https%3A%2F%2Ffg.ull.es%2Fempleo%2Fencuesta-de-seguimiento-a-los-egresados-de-la-ull-2018-2019%2F|title:Informes%20de%20Valoraci%C3%B3n%20de%20Egresados%20(2018%2F2019)&#8221; css=&#8221;.vc_custom_1669122916422{background-color: #81d742 !important;}&#8221;][\/vc_column][\/vc_row][vc_row][vc_column][vc_empty_space][vc_custom_heading text=&#8221;Publicaciones y colaboraciones&#8221; font_container=&#8221;tag:h5|text_align:left&#8221; use_theme_fonts=&#8221;yes&#8221; css=&#8221;.vc_custom_1543499099159{margin-bottom: 15px !important;padding-top: 0px !important;}&#8221;][vc_column_text]<\/p>\n<ul class=\"uavc-list\">\n<li><a href=\"https:\/\/drive.google.com\/file\/d\/1-5e6qNTvaj1v2BujEMMK5FjbmYmUr6vn\/preview\" target=\"_blank\" rel=\"noopener noreferrer\">(27\/05\/2019) Satisfacci\u00f3n de los beneficiarios e impacto del Programa Cataliza III<\/a><\/li>\n<li><a href=\"https:\/\/drive.google.com\/open?id=1LqiCiD_xEVx92M9ZU7SpDr7xCWjzH3B_\" target=\"_blank\" rel=\"noopener noreferrer\">(15\/03\/2019) Indicadores de inserci\u00f3n laboral del Programa Cataliza III<\/a><\/li>\n<li><a href=\"https:\/\/drive.google.com\/file\/d\/1dYUTaTLwS4S7or-wIu98OJUSo79NhUj2\/preview\" target=\"_blank\" rel=\"noopener noreferrer\">(31\/01\/2019) Valoraci\u00f3n del Servicio de Orientaci\u00f3n y Acompa\u00f1amiento Laboral de la Fundaci\u00f3n General de la Universidad de La Laguna &#8211; 2018<\/a><\/li>\n<li><a href=\"https:\/\/drive.google.com\/file\/d\/17as_QmDgkgGdd6_8OWzA4fVvqzFCwU5f\/preview\" target=\"_blank\" rel=\"noopener noreferrer\">(30\/10\/2018) Algunas notas sobre empleo universitario<\/a><\/li>\n<li><a href=\"https:\/\/drive.google.com\/file\/d\/1yZGsEsEPfsc_E9IZJMraQEBKz4Y7fF-Z\/preview\" target=\"_blank\" rel=\"noopener noreferrer\">(29\/05\/2018) Evaluaci\u00f3n del Subprograma de Fomento del Empleo<\/a><\/li>\n<li><a href=\"https:\/\/drive.google.com\/file\/d\/1W5I1SPN9p6Aty0R_v6yzo5IeYsSkNX9S\/preview\" target=\"_blank\" rel=\"noopener noreferrer\">(15\/08\/2018) Evaluaci\u00f3n del Programa de Empleo por Cuenta Propia<\/a><\/li>\n<li><a href=\"https:\/\/drive.google.com\/file\/d\/1ssofTwncRcjjj1TnocVFjkz0Xj8mZrsx\/preview\" target=\"_blank\" rel=\"noopener noreferrer\">(09\/05\/2018)\u00a0Satisfacci\u00f3n de los usuarios del Servicio de Acompa\u00f1amiento y Orientaci\u00f3n Laboral 2016_2017<\/a><\/li>\n<li><a href=\"https:\/\/drive.google.com\/file\/d\/15OwPdE0XUq5S779brKT-_FuAhPKfqE9V\/preview\" target=\"_blank\" rel=\"noopener noreferrer\">(09\/05\/2018)\u00a0Perfil de Usuario del Servicio de Acompa\u00f1amiento y Orientaci\u00f3n Laboral 2016_2017<\/a><\/li>\n<li>\n<div class=\"uavc-list-icon \"><\/div>\n<div id=\"list-icon-wrap-8776\" class=\"uavc-list-content\">\n<p><a href=\"https:\/\/drive.google.com\/file\/d\/1kEbUG3K4hiQFNc38dl4AGF97cDQxLKsJ\/preview\" target=\"_blank\" rel=\"noopener noreferrer\">(30\/01\/2018) Ajuste del empleo universitario en funci\u00f3n del g\u00e9nero, la rama de conocimiento y el sector<\/a><\/div>\n<\/li>\n<li>\n<div id=\"list-icon-wrap-8776\" class=\"uavc-list-content\">\n<div class=\"uavc-list-icon \"><\/div>\n<p><a href=\"https:\/\/drive.google.com\/file\/d\/1eR91wm_6TANbf49ySeC3OfUTVqyAHG_B\/preview\" target=\"_blank\" rel=\"noopener noreferrer\">(20\/12\/2017) Sondeo de las necesidades formativas del tejido empresarial canario<\/a><\/div>\n<\/li>\n<li>\n<div id=\"list-icon-wrap-8776\" class=\"uavc-list-content\">\n<div class=\"uavc-list-icon \"><\/div>\n<p><a href=\"https:\/\/drive.google.com\/file\/d\/0B_SHXICXk7NUc3F3U2M0eFAyVU0\/view?usp=sharing\" target=\"_blank\" rel=\"noopener noreferrer\">(20\/07\/2017) Demanda formativa de las personas asesoradas por el Servicio de Emprendimiento de la FGULL<\/a><\/div>\n<\/li>\n<li>\n<div id=\"list-icon-wrap-8776\" class=\"uavc-list-content\">\n<div class=\"uavc-list-icon \"><\/div>\n<p><span class=\"uavc-list-desc ult-responsive\"><a href=\"https:\/\/drive.google.com\/file\/d\/0B_SHXICXk7NUUm1lMjJZU1prcU0\/view?usp=sharing\" target=\"_blank\" rel=\"noopener noreferrer\">(02\/05\/2017) Diagn\u00f3stico del Tejido Empresarial de San Crist\u00f3bal de La Laguna<\/a>\u00a0(<a href=\"https:\/\/drive.google.com\/file\/d\/0B_SHXICXk7NUWUJ6aXp1UUNEUzA\/view?usp=sharing\" target=\"_blank\" rel=\"noopener noreferrer\">Resumen<\/a>)<\/span><\/div>\n<\/li>\n<li>\n<div id=\"list-icon-wrap-6453\" class=\"uavc-list-content\">\n<div class=\"uavc-list-icon \"><\/div>\n<p><span class=\"uavc-list-desc ult-responsive\"><a href=\"https:\/\/drive.google.com\/file\/d\/0B_SHXICXk7NUbWtRXzQzbkhmN3M\/view?usp=sharing\" target=\"_blank\" rel=\"noopener noreferrer\">(22\/03\/2017) Las empresas valoran el programa DISA<\/a><\/span><\/div>\n<\/li>\n<li>\n<div id=\"list-icon-wrap-4466\" class=\"uavc-list-content\">\n<div class=\"uavc-list-icon \"><\/div>\n<p><span class=\"uavc-list-desc ult-responsive\"><a href=\"https:\/\/drive.google.com\/file\/d\/0B_SHXICXk7NUcEljZUxoLUtXUUE\/view?usp=sharing\" target=\"_blank\" rel=\"noopener noreferrer\">(01\/09\/2016) Informe satisfacci\u00f3n e impacto del Programa de Pr\u00e1cticas Santander CRUE-CEPYME<\/a><\/span><\/div>\n<\/li>\n<li>\n<div id=\"list-icon-wrap-7025\" class=\"uavc-list-content\">\n<div class=\"uavc-list-icon \"><\/div>\n<p><span class=\"uavc-list-desc ult-responsive\"><a href=\"https:\/\/drive.google.com\/file\/d\/0B_SHXICXk7NUM2VrS19IbTFUU0U\/view?usp=sharing\" target=\"_blank\" rel=\"noopener noreferrer\">(17\/07\/2016) Diagn\u00f3stico del tejido empresarial de Gu\u00eda de Isora<\/a>\u00a0(<a href=\"https:\/\/drive.google.com\/a\/fg.ull.es\/file\/d\/0B_SHXICXk7NUV2ZLc21KemdUWEE\/view?usp=sharing\" target=\"_blank\" rel=\"noopener noreferrer\">Resumen<\/a>)<\/span><\/div>\n<\/li>\n<li>\n<div id=\"list-icon-wrap-9400\" class=\"uavc-list-content\">\n<div class=\"uavc-list-icon \"><\/div>\n<p><span class=\"uavc-list-desc ult-responsive\"><a href=\"https:\/\/drive.google.com\/file\/d\/1kEbUG3K4hiQFNc38dl4AGF97cDQxLKsJ\/preview\" target=\"_blank\" rel=\"noopener noreferrer\">(23\/05\/2016) \u00a0Ajuste entre estudio y empleo<\/a><\/span><\/div>\n<\/li>\n<li>\n<div id=\"list-icon-wrap-9400\" class=\"uavc-list-content\">\n<div class=\"uavc-list-icon \"><\/div>\n<p><span class=\"uavc-list-desc ult-responsive\"><a href=\"https:\/\/drive.google.com\/file\/d\/0B_SHXICXk7NUbVY2cDJMX0ZJenc\/view?usp=sharing\" target=\"_blank\" rel=\"noopener noreferrer\">(22\/02\/2016) \u00a0An\u00e1lisis de la satisfacci\u00f3n de los beneficiarios del programa Cataliza II<\/a><\/span><\/div>\n<\/li>\n<\/ul>\n<p>[\/vc_column_text][\/vc_column][\/vc_row][vc_row][vc_column][vc_custom_heading text=&#8221;Contacto&#8221; font_container=&#8221;tag:h5|text_align:left&#8221; use_theme_fonts=&#8221;yes&#8221; css=&#8221;.vc_custom_1543498590621{margin-bottom: 15px !important;padding-top: 0px !important;}&#8221;][vc_column_text]<\/p>\n<div id=\"list-icon-wrap-2961\" class=\"uavc-list-content\">\n<p><span class=\"uavc-list-desc ult-responsive\"><a href=\"mailto:analisis@fg.ull.es\">analisis@fg.ull.es<\/a><\/span><\/div>\n<div id=\"list-icon-wrap-3215\" class=\"uavc-list-content\">\n<p><span class=\"uavc-list-desc ult-responsive\"><a href=\"tel:922318709\">922 316\u00a0502 ext. 3213<\/a><\/span><\/div>\n<p>[\/vc_column_text][\/vc_column][\/vc_row]<\/p>\n<\/section>","protected":false},"excerpt":{"rendered":"<p>[vc_row][vc_column][vc_custom_heading text=&#8221;An\u00e1lisis y Difusi\u00f3n de Resultados&#8221; use_theme_fonts=&#8221;yes&#8221;][vc_separator][vc_column_text] La unidad de an\u00e1lisis y difusi\u00f3n de resultados de la agencia universitaria de empleo se crea con el prop\u00f3sito de servir de apoyo al resto de \u00e1reas en el desarrollo de instrumentos y protocolos de diagn\u00f3stico, evaluaci\u00f3n y difusi\u00f3n de resultados.\u00a0Por otro lado, persigue configurar l\u00edneas estrat\u00e9gicas de&#8230;<\/p>\n","protected":false},"author":1,"featured_media":0,"parent":0,"menu_order":0,"comment_status":"closed","ping_status":"closed","template":"templates\/template-frontpage.php","meta":{"footnotes":""},"_links":{"self":[{"href":"https:\/\/fg.ull.es\/empleo\/wp-json\/wp\/v2\/pages\/7"}],"collection":[{"href":"https:\/\/fg.ull.es\/empleo\/wp-json\/wp\/v2\/pages"}],"about":[{"href":"https:\/\/fg.ull.es\/empleo\/wp-json\/wp\/v2\/types\/page"}],"author":[{"embeddable":true,"href":"https:\/\/fg.ull.es\/empleo\/wp-json\/wp\/v2\/users\/1"}],"replies":[{"embeddable":true,"href":"https:\/\/fg.ull.es\/empleo\/wp-json\/wp\/v2\/comments?post=7"}],"version-history":[{"count":40,"href":"https:\/\/fg.ull.es\/empleo\/wp-json\/wp\/v2\/pages\/7\/revisions"}],"predecessor-version":[{"id":41258,"href":"https:\/\/fg.ull.es\/empleo\/wp-json\/wp\/v2\/pages\/7\/revisions\/41258"}],"wp:attachment":[{"href":"https:\/\/fg.ull.es\/empleo\/wp-json\/wp\/v2\/media?parent=7"}],"curies":[{"name":"wp","href":"https:\/\/api.w.org\/{rel}","templated":true}]}}