{"id":43287,"date":"2025-02-17T10:49:04","date_gmt":"2025-02-17T10:49:04","guid":{"rendered":"https:\/\/fg.ull.es\/empleo\/?page_id=43287"},"modified":"2026-03-23T11:20:33","modified_gmt":"2026-03-23T11:20:33","slug":"i-edicion-programa-de-practicas-no-laborables-en-paises-africanos-para-jovenes-talentos-canarios","status":"publish","type":"page","link":"https:\/\/fg.ull.es\/empleo\/i-edicion-programa-de-practicas-no-laborables-en-paises-africanos-para-jovenes-talentos-canarios\/","title":{"rendered":"Programa de Pr\u00e1cticas no laborables en pa\u00edses africanos para j\u00f3venes talentos canarios"},"content":{"rendered":"<section class=\"wpb-content-wrapper\"><p>[vc_row][vc_column]\n\t\t\t<!-- START J\u00f3venes Talentos Canarios REVOLUTION SLIDER 6.6.15 --><p class=\"rs-p-wp-fix\"><\/p>\n\t\t\t<rs-module-wrap id=\"rev_slider_25_1_wrapper\" data-source=\"gallery\" style=\"visibility:hidden;background:transparent;padding:0;margin:0px auto;margin-top:0;margin-bottom:0;\">\n\t\t\t\t<rs-module id=\"rev_slider_25_1\" style=\"\" data-version=\"6.6.15\">\n\t\t\t\t\t<rs-slides style=\"overflow: hidden; position: absolute;\">\n\t\t\t\t\t\t<rs-slide style=\"position: absolute;\" data-key=\"rs-113\" data-title=\"Slide\" data-in=\"o:0;\" data-out=\"a:false;\">\n\t\t\t\t\t\t\t<img src=\"\/\/fg.ull.es\/empleo\/wp-content\/plugins\/revslider\/public\/assets\/assets\/dummy.png\" alt=\"\" title=\"Slider web_1\" width=\"1920\" height=\"617\" class=\"rev-slidebg tp-rs-img rs-lazyload\" data-lazyload=\"\/\/fg.ull.es\/empleo\/wp-content\/uploads\/sites\/6\/2025\/02\/1-Slider%20web_1.png\" data-no-retina>\n<!--\n\t\t\t\t\t\t\t--><rs-layer\n\t\t\t\t\t\t\t\tid=\"slider-25-slide-113-layer-0\" \n\t\t\t\t\t\t\t\tdata-type=\"image\"\n\t\t\t\t\t\t\t\tdata-rsp_ch=\"on\"\n\t\t\t\t\t\t\t\tdata-xy=\"x:-353px;y:-140px;\"\n\t\t\t\t\t\t\t\tdata-text=\"w:normal;\"\n\t\t\t\t\t\t\t\tdata-dim=\"w:1920px;h:600px;\"\n\t\t\t\t\t\t\t\tdata-frame_999=\"o:0;st:w;\"\n\t\t\t\t\t\t\t\tstyle=\"z-index:5;\"\n\t\t\t\t\t\t\t><img src=\"\/\/fg.ull.es\/empleo\/wp-content\/plugins\/revslider\/public\/assets\/assets\/dummy.png\" alt=\"\" class=\"tp-rs-img rs-lazyload\" width=\"1920\" height=\"600\" data-lazyload=\"\/\/fg.ull.es\/empleo\/wp-content\/uploads\/sites\/6\/2026\/02\/Paises-africanos-talento-Canario-1.png\" data-no-retina> \n\t\t\t\t\t\t\t<\/rs-layer><!--\n-->\t\t\t\t\t\t<\/rs-slide>\n\t\t\t\t\t\t<rs-slide style=\"position: absolute;\" data-key=\"rs-114\" data-title=\"Slide\" data-in=\"o:0;\" data-out=\"a:false;\">\n\t\t\t\t\t\t\t<img src=\"\/\/fg.ull.es\/empleo\/wp-content\/plugins\/revslider\/public\/assets\/assets\/dummy.png\" alt=\"Slide\" title=\"Programa de Pr\u00e1cticas no laborables en pa\u00edses africanos para j\u00f3venes talentos canarios\" class=\"rev-slidebg tp-rs-img rs-lazyload\" data-lazyload=\"\/\/fg.ull.es\/empleo\/wp-content\/plugins\/revslider\/public\/assets\/assets\/transparent.png\" data-no-retina>\n<!---->\t\t\t\t\t\t<\/rs-slide>\n\t\t\t\t\t<\/rs-slides>\n\t\t\t\t<\/rs-module>\n\t\t\t\t<script>\n\t\t\t\t\tsetREVStartSize({c: 'rev_slider_25_1',rl:[1240,1024,778,480],el:[384],gw:[1240],gh:[384],type:'standard',justify:'',layout:'fullwidth',mh:\"0\"});if (window.RS_MODULES!==undefined && window.RS_MODULES.modules!==undefined && window.RS_MODULES.modules[\"revslider251\"]!==undefined) {window.RS_MODULES.modules[\"revslider251\"].once = false;window.revapi25 = undefined;if (window.RS_MODULES.checkMinimal!==undefined) window.RS_MODULES.checkMinimal()}\n\t\t\t\t<\/script>\n\t\t\t<\/rs-module-wrap>\n\t\t\t<!-- END REVOLUTION SLIDER -->\n[\/vc_column][\/vc_row][vc_row][vc_column][vc_empty_space height=&#8221;34px&#8221;][\/vc_column][\/vc_row][vc_row][vc_column width=&#8221;2\/3&#8243;][vc_single_image image=&#8221;43292&#8243; img_size=&#8221;full&#8221;][vc_row_inner][vc_column_inner][\/vc_column_inner][\/vc_row_inner][vc_column_text]<span style=\"font-weight: 400\">La <strong>Universidad de La Laguna, <\/strong>a trav\u00e9s de su\u00a0<strong>Fundaci\u00f3n General<\/strong>\u00a0y la Presidencia del Gobierno, a trav\u00e9s de la<strong> Direcci\u00f3n General de Relaciones con \u00c1frica <\/strong>, han trabajado conjuntamente para el impulso y desarrollo de iniciativas que tienen <\/span><span style=\"font-weight: 400\">como prop\u00f3sito primordial incentivar la transferencia de conocimiento entre la regi\u00f3n de Canarias y el continente africano, con el objetivo de estimular la internacionalizaci\u00f3n del sector privado en \u00c1frica, a trav\u00e9s de la implementaci\u00f3n de estancias de pr\u00e1cticas no laborales remuneradas para j\u00f3venes talentos africanos en empresas, cl\u00fasteres y centros de investigaci\u00f3n establecidos en el archipi\u00e9lago canario.<\/span><\/p>\n<p><span style=\"font-weight: 400\">Como experiencia piloto, se propone la realizaci\u00f3n de estancias pr\u00e1cticas no laborales para un total de 3 personas, con una duraci\u00f3n m\u00e1xima de 6 meses cada una.<\/span>[\/vc_column_text][vc_tta_accordion active_section=&#8221;0&#8243; collapsible_all=&#8221;true&#8221;][vc_tta_section title=&#8221;Requisitos para participar en Programa de pr\u00e1cticas no laborables para j\u00f3venes talentos canarios&#8221; tab_id=&#8221;1555066161165-c2575dae-4951&#8243;][vc_column_text]<\/p>\n<div>\n<h3>Requisitos de los solicitantes<\/h3>\n<ul>\n<li>Tener nacionalidad espa\u00f1ola o ser nacional de un estado miembro de la Uni\u00f3n<br \/>\nEuropea<\/li>\n<li>Tener entre 18 y 35 a\u00f1os, preferentemente.<\/li>\n<li>Residencia habitual e ininterrumpida durante los \u00faltimos tres a\u00f1os en alguna de<br \/>\nlas siguientes islas: La Palma, La Gomera o El Hierro.<\/li>\n<li>Haber finalizado estudios universitarios (grado o equivalente), formaci\u00f3n<br \/>\nprofesional (grados medio o superior), o contar con un certificado de<br \/>\nprofesionalidad de nivel 3.<\/li>\n<li>Poseer al menos un certificado de nivel B1 o superior del idioma.<\/li>\n<li>Estar desempleado al momento de aceptar la ayuda. No haber participado<br \/>\npreviamente en un programa similar.<\/li>\n<li>No padecer limitaciones incompatibles con la estancia.<\/li>\n<li>No estar inhabilitado para recibir subvenciones p\u00fablicas.<\/li>\n<li>Cumplir con los requisitos del art\u00edculo 13 de la Ley 38\/2003, General de<br \/>\nSubvenciones.<\/li>\n<\/ul>\n<\/div>\n<p><strong>Los solicitantes deber\u00e1n presentar una vez realizada la inscripci\u00f3n la siguiente documentaci\u00f3n:<\/strong><\/p>\n<ul>\n<li>Fotocopia del DNI o documento equivalente.<\/li>\n<li>Curr\u00edculum vitae con fotograf\u00eda reciente.<\/li>\n<li>T\u00edtulo acad\u00e9mico homologado o pago de tasas.<\/li>\n<li>Certificaci\u00f3n acad\u00e9mica de notas.<\/li>\n<li>Documentaci\u00f3n adicional que acredite m\u00e9ritos del CV.<\/li>\n<li>Certificado de idiomas (en su caso).<\/li>\n<li>Certificado de empadronamiento con indicaci\u00f3n de fecha de alta.<\/li>\n<li>Declaraci\u00f3n responsable de cumplir con losrequisitos establecidos en las bases.<\/li>\n<\/ul>\n<h3><strong>PLAZO DE INSCRIPCI\u00d3N<\/strong><\/h3>\n<ul>\n<li><strong>Para j\u00f3venes beneficiarios\/as- <\/strong>Desde el <strong>11 de febrero<\/strong> hasta el <strong>27\u00a0de marzo<\/strong> de 2026.<\/li>\n<\/ul>\n<h3>BASES DE INSCRIPCI\u00d3N<\/h3>\n<p>[\/vc_column_text][vc_empty_space][vc_btn title=&#8221;Bases Aspirantes Programa Talento Canario&#8221; color=&#8221;blue&#8221; align=&#8221;center&#8221; link=&#8221;url:https%3A%2F%2Fdrive.google.com%2Ffile%2Fd%2F18ZX-_fOSWNDbUpnFSth4e1di0QkXUNFD%2Fview%3Fusp%3Dsharing|target:_blank&#8221;][\/vc_tta_section][\/vc_tta_accordion][vc_empty_space][\/vc_column][vc_column width=&#8221;1\/3&#8243;][vc_empty_space][vc_empty_space][vc_cta h2=&#8221;Inscripci\u00f3n&#8221; h4=&#8221;J\u00f3venes talentos canarios&#8221; h4_font_container=&#8221;tag:h4|text_align:left|color:%23000000&#8243; h4_use_theme_fonts=&#8221;yes&#8221; txt_align=&#8221;center&#8221; style=&#8221;outline&#8221; color=&#8221;blue&#8221; add_button=&#8221;bottom&#8221; btn_title=&#8221;Desde el 11\/02\/26 al 27\/03\/26&#8243; btn_color=&#8221;blue&#8221; btn_size=&#8221;lg&#8221; btn_align=&#8221;center&#8221; use_custom_fonts_h4=&#8221;true&#8221; btn_button_block=&#8221;true&#8221; btn_link=&#8221;url:https%3A%2F%2Fdocs.google.com%2Fforms%2Fd%2Fe%2F1FAIpQLSdLOyVRc0xZEkX-ZhN2rC08UNspwXAA8TKkt61jn0mKTrjzRQ%2Fviewform|target:_blank&#8221; h4_link=&#8221;url:https%3A%2F%2Fdocs.google.com%2Fforms%2Fd%2Fe%2F1FAIpQLSdLOyVRc0xZEkX-ZhN2rC08UNspwXAA8TKkt61jn0mKTrjzRQ%2Fviewform|target:_blank&#8221;][\/vc_cta][vc_row_inner disable_element=&#8221;yes&#8221;][vc_column_inner][vc_cta h2=&#8221;Resoluci\u00f3n de candidaturas&#8221; h4=&#8221;J\u00f3venes talentos canarios&#8221; h4_font_container=&#8221;tag:h4|text_align:left|color:%23000000&#8243; h4_use_theme_fonts=&#8221;yes&#8221; txt_align=&#8221;center&#8221; style=&#8221;outline&#8221; color=&#8221;blue&#8221; add_button=&#8221;bottom&#8221; btn_title=&#8221;Edici\u00f3n 2024\/2025&#8243; btn_color=&#8221;blue&#8221; btn_size=&#8221;lg&#8221; btn_align=&#8221;center&#8221; use_custom_fonts_h4=&#8221;true&#8221; btn_button_block=&#8221;true&#8221; btn_link=&#8221;url:https%3A%2F%2Fdrive.google.com%2Ffile%2Fd%2F1TjHngdlJ486N_uoJuMRIeOpAF4uX6e5Z%2Fview%3Fusp%3Dsharing|target:_blank&#8221; h4_link=&#8221;url:https%3A%2F%2Fdrive.google.com%2Ffile%2Fd%2F1TjHngdlJ486N_uoJuMRIeOpAF4uX6e5Z%2Fview%3Fusp%3Dsharing|target:_blank&#8221;][\/vc_cta][\/vc_column_inner][\/vc_row_inner][\/vc_column][\/vc_row]<\/p>\n<\/section>","protected":false},"excerpt":{"rendered":"<p>[vc_row][vc_column][\/vc_column][\/vc_row][vc_row][vc_column][vc_empty_space height=&#8221;34px&#8221;][\/vc_column][\/vc_row][vc_row][vc_column width=&#8221;2\/3&#8243;][vc_single_image image=&#8221;43292&#8243; img_size=&#8221;full&#8221;][vc_row_inner][vc_column_inner][\/vc_column_inner][\/vc_row_inner][vc_column_text]La Universidad de La Laguna, a trav\u00e9s de su\u00a0Fundaci\u00f3n General\u00a0y la Presidencia del Gobierno, a trav\u00e9s de la Direcci\u00f3n General de Relaciones con \u00c1frica , han trabajado conjuntamente para el impulso y desarrollo de iniciativas que tienen como prop\u00f3sito primordial incentivar la transferencia de conocimiento entre la regi\u00f3n de Canarias y&#8230;<\/p>\n","protected":false},"author":10,"featured_media":0,"parent":0,"menu_order":0,"comment_status":"closed","ping_status":"closed","template":"templates\/template-frontpage.php","meta":{"footnotes":""},"_links":{"self":[{"href":"https:\/\/fg.ull.es\/empleo\/wp-json\/wp\/v2\/pages\/43287"}],"collection":[{"href":"https:\/\/fg.ull.es\/empleo\/wp-json\/wp\/v2\/pages"}],"about":[{"href":"https:\/\/fg.ull.es\/empleo\/wp-json\/wp\/v2\/types\/page"}],"author":[{"embeddable":true,"href":"https:\/\/fg.ull.es\/empleo\/wp-json\/wp\/v2\/users\/10"}],"replies":[{"embeddable":true,"href":"https:\/\/fg.ull.es\/empleo\/wp-json\/wp\/v2\/comments?post=43287"}],"version-history":[{"count":45,"href":"https:\/\/fg.ull.es\/empleo\/wp-json\/wp\/v2\/pages\/43287\/revisions"}],"predecessor-version":[{"id":43716,"href":"https:\/\/fg.ull.es\/empleo\/wp-json\/wp\/v2\/pages\/43287\/revisions\/43716"}],"wp:attachment":[{"href":"https:\/\/fg.ull.es\/empleo\/wp-json\/wp\/v2\/media?parent=43287"}],"curies":[{"name":"wp","href":"https:\/\/api.w.org\/{rel}","templated":true}]}}