{"id":43252,"date":"2025-01-31T12:35:49","date_gmt":"2025-01-31T12:35:49","guid":{"rendered":"https:\/\/fg.ull.es\/empleo\/?page_id=43252"},"modified":"2026-02-03T09:43:15","modified_gmt":"2026-02-03T09:43:15","slug":"i-edicion-programa-de-practicas-no-laborables-para-jovenes-talentos-africanos","status":"publish","type":"page","link":"https:\/\/fg.ull.es\/empleo\/i-edicion-programa-de-practicas-no-laborables-para-jovenes-talentos-africanos\/","title":{"rendered":"I Edici\u00f3n Programa de Pr\u00e1cticas no laborables para j\u00f3venes talentos africanos"},"content":{"rendered":"<section class=\"wpb-content-wrapper\"><p>[vc_row][vc_column width=&#8221;5\/6&#8243;]\n\t\t\t<!-- START J\u00f3venes Talentos Africanos REVOLUTION SLIDER 6.6.15 --><p class=\"rs-p-wp-fix\"><\/p>\n\t\t\t<rs-module-wrap id=\"rev_slider_10_1_wrapper\" data-source=\"gallery\" style=\"visibility:hidden;background:transparent;padding:0;margin:0px auto;margin-top:0;margin-bottom:0;\">\n\t\t\t\t<rs-module id=\"rev_slider_10_1\" style=\"\" data-version=\"6.6.15\">\n\t\t\t\t\t<rs-slides style=\"overflow: hidden; position: absolute;\">\n\t\t\t\t\t\t<rs-slide style=\"position: absolute;\" data-key=\"rs-105\" data-title=\"Slide\" data-anim=\"adpr:false;\" data-in=\"o:0;\" data-out=\"a:false;\">\n\t\t\t\t\t\t\t<img src=\"\/\/fg.ull.es\/empleo\/wp-content\/plugins\/revslider\/public\/assets\/assets\/dummy.png\" alt=\"\" title=\"Slider web_2 degradado (1)\" width=\"1921\" height=\"525\" class=\"rev-slidebg tp-rs-img rs-lazyload\" data-lazyload=\"\/\/fg.ull.es\/empleo\/wp-content\/uploads\/sites\/6\/2023\/10\/Slider-web_2-degradado-1.png\" data-no-retina>\n<!--\n\t\t\t\t\t\t\t--><rs-layer\n\t\t\t\t\t\t\t\tid=\"slider-10-slide-105-layer-1\" \n\t\t\t\t\t\t\t\tdata-type=\"text\"\n\t\t\t\t\t\t\t\tdata-color=\"#ffffff\"\n\t\t\t\t\t\t\t\tdata-rsp_ch=\"on\"\n\t\t\t\t\t\t\t\tdata-xy=\"x:56px;y:201px;\"\n\t\t\t\t\t\t\t\tdata-text=\"s:60;l:60;a:inherit;\"\n\t\t\t\t\t\t\t\tdata-dim=\"w:623px;h:151px;\"\n\t\t\t\t\t\t\t\tdata-frame_0=\"y:50px;\"\n\t\t\t\t\t\t\t\tdata-frame_1=\"sp:1500;\"\n\t\t\t\t\t\t\t\tdata-frame_999=\"st:w;sR:8700;\"\n\t\t\t\t\t\t\t\tstyle=\"z-index:5;font-family:'Oswald';\"\n\t\t\t\t\t\t\t>PROGRAMAS DE PR\u00c1CTICAS NO LABORABLES<\/br> PARA J\u00d3VENES TALENTOS AFRICANOS \n\t\t\t\t\t\t\t<\/rs-layer><!--\n-->\t\t\t\t\t\t<\/rs-slide>\n\t\t\t\t\t<\/rs-slides>\n\t\t\t\t<\/rs-module>\n\t\t\t\t<script>\n\t\t\t\t\tsetREVStartSize({c: 'rev_slider_10_1',rl:[1240,1024,778,480],el:[383.991],gw:[1240],gh:[384],type:'standard',justify:'',layout:'fullwidth',mh:\"0\"});if (window.RS_MODULES!==undefined && window.RS_MODULES.modules!==undefined && window.RS_MODULES.modules[\"revslider101\"]!==undefined) {window.RS_MODULES.modules[\"revslider101\"].once = false;window.revapi10 = undefined;if (window.RS_MODULES.checkMinimal!==undefined) window.RS_MODULES.checkMinimal()}\n\t\t\t\t<\/script>\n\t\t\t<\/rs-module-wrap>\n\t\t\t<!-- END REVOLUTION SLIDER -->\n[\/vc_column][\/vc_row][vc_row][vc_column][vc_empty_space height=&#8221;34px&#8221;][\/vc_column][\/vc_row][vc_row][vc_column width=&#8221;2\/3&#8243;][vc_single_image image=&#8221;41892&#8243; img_size=&#8221;full&#8221;][vc_row_inner][vc_column_inner][\/vc_column_inner][\/vc_row_inner][vc_column_text]<span style=\"font-weight: 400\">La <strong>Universidad de La Laguna, <\/strong>a trav\u00e9s de su\u00a0<strong>Fundaci\u00f3n General<\/strong>\u00a0y la Presidencia del Gobierno, a trav\u00e9s de la<strong> Direcci\u00f3n General de Relaciones con \u00c1frica <\/strong>, han trabajado conjuntamente para el impulso y desarrollo de estas iniciativas que tienen <\/span><span style=\"font-weight: 400\">como prop\u00f3sito primordial incentivar la transferencia de conocimiento entre la regi\u00f3n de Canarias y el continente africano, con el objetivo de estimular la internacionalizaci\u00f3n del sector privado en \u00c1frica, a trav\u00e9s de la implementaci\u00f3n de estancias de pr\u00e1cticas no laborales remuneradas para j\u00f3venes talentos africanos en empresas, cl\u00fasteres y centros de investigaci\u00f3n establecidos en el archipi\u00e9lago canario.<\/span><\/p>\n<p><span style=\"font-weight: 400\">Como experiencia piloto, se propone la realizaci\u00f3n de estancias pr\u00e1cticas no laborales para un total de 3 personas, con una duraci\u00f3n m\u00e1xima de 6 meses cada una. Aqu\u00ed te dejamos los datos de la I Edici\u00f3n del Programa de Pr\u00e1cticas no laborables para j\u00f3venes talentos africanos:<\/span>[\/vc_column_text][vc_empty_space][\/vc_column][vc_column width=&#8221;1\/3&#8243;][vc_empty_space][vc_empty_space][vc_empty_space][\/vc_column][\/vc_row][vc_row disable_element=&#8221;yes&#8221;][vc_column][vc_btn title=&#8221;Listado Empresas participantes&#8221; style=&#8221;outline&#8221; color=&#8221;violet&#8221; align=&#8221;center&#8221; link=&#8221;url:https%3A%2F%2Fdrive.google.com%2Ffile%2Fd%2F15jYmv1Ja-mSrLW9_67mIsaMYwlMfARUN%2Fview%3Fusp%3Dsharing|target:_blank&#8221;][vc_btn title=&#8221;Listado J\u00f3venes Talentos Africanos&#8221; style=&#8221;outline&#8221; color=&#8221;violet&#8221; align=&#8221;center&#8221; link=&#8221;url:https%3A%2F%2Fdrive.google.com%2Ffile%2Fd%2F1R7cdDcID5EncZ1KOR_alccjUqSoZensz%2Fview%3Fusp%3Dsharing|target:_blank&#8221;][\/vc_column][\/vc_row]<\/p>\n<\/section>","protected":false},"excerpt":{"rendered":"<p>[vc_row][vc_column width=&#8221;5\/6&#8243;][\/vc_column][\/vc_row][vc_row][vc_column][vc_empty_space height=&#8221;34px&#8221;][\/vc_column][\/vc_row][vc_row][vc_column width=&#8221;2\/3&#8243;][vc_single_image image=&#8221;41892&#8243; img_size=&#8221;full&#8221;][vc_row_inner][vc_column_inner][\/vc_column_inner][\/vc_row_inner][vc_column_text]La Universidad de La Laguna, a trav\u00e9s de su\u00a0Fundaci\u00f3n General\u00a0y la Presidencia del Gobierno, a trav\u00e9s de la Direcci\u00f3n General de Relaciones con \u00c1frica , han trabajado conjuntamente para el impulso y desarrollo de estas iniciativas que tienen como prop\u00f3sito primordial incentivar la transferencia de conocimiento entre la regi\u00f3n de&#8230;<\/p>\n","protected":false},"author":10,"featured_media":0,"parent":0,"menu_order":0,"comment_status":"closed","ping_status":"closed","template":"templates\/template-frontpage.php","meta":{"footnotes":""},"_links":{"self":[{"href":"https:\/\/fg.ull.es\/empleo\/wp-json\/wp\/v2\/pages\/43252"}],"collection":[{"href":"https:\/\/fg.ull.es\/empleo\/wp-json\/wp\/v2\/pages"}],"about":[{"href":"https:\/\/fg.ull.es\/empleo\/wp-json\/wp\/v2\/types\/page"}],"author":[{"embeddable":true,"href":"https:\/\/fg.ull.es\/empleo\/wp-json\/wp\/v2\/users\/10"}],"replies":[{"embeddable":true,"href":"https:\/\/fg.ull.es\/empleo\/wp-json\/wp\/v2\/comments?post=43252"}],"version-history":[{"count":5,"href":"https:\/\/fg.ull.es\/empleo\/wp-json\/wp\/v2\/pages\/43252\/revisions"}],"predecessor-version":[{"id":43667,"href":"https:\/\/fg.ull.es\/empleo\/wp-json\/wp\/v2\/pages\/43252\/revisions\/43667"}],"wp:attachment":[{"href":"https:\/\/fg.ull.es\/empleo\/wp-json\/wp\/v2\/media?parent=43252"}],"curies":[{"name":"wp","href":"https:\/\/api.w.org\/{rel}","templated":true}]}}