{"id":42183,"date":"2024-02-05T14:02:45","date_gmt":"2024-02-05T14:02:45","guid":{"rendered":"https:\/\/fg.ull.es\/empleo\/?page_id=42183"},"modified":"2025-02-18T12:27:41","modified_gmt":"2025-02-18T12:27:41","slug":"capacita-orientacion","status":"publish","type":"page","link":"https:\/\/fg.ull.es\/empleo\/capacita-orientacion\/","title":{"rendered":"Capacita &#8211; Orientaci\u00f3n"},"content":{"rendered":"<section class=\"wpb-content-wrapper\"><p>[vc_row][vc_column]\t\t\t<script src=\"\/\/fg.ull.es\/empleo\/wp-content\/plugins\/revslider\/public\/assets\/js\/rbtools.min.js?rev=6.6.15\"><\/script>\t\t\t<script src=\"\/\/fg.ull.es\/empleo\/wp-content\/plugins\/revslider\/public\/assets\/js\/rs6.min.js?rev=6.6.15\"><\/script>\t\t\t<!-- START Capacita 5 REVOLUTION SLIDER 6.6.15 --><p class=\"rs-p-wp-fix\"><\/p>\t\t\t<rs-module-wrap id=\"rev_slider_17_1_wrapper\" data-source=\"gallery\" style=\"visibility:hidden;background:transparent;padding:0;margin:0px auto;margin-top:0;margin-bottom:0;\">\t\t\t\t<rs-module id=\"rev_slider_17_1\" style=\"\" data-version=\"6.6.15\">\t\t\t\t\t<rs-slides style=\"overflow: hidden; position: absolute;\">\t\t\t\t\t\t<rs-slide style=\"position: absolute;\" data-key=\"rs-42\" data-title=\"Slide\" data-thumb=\"\/\/fg.ull.es\/empleo\/wp-content\/uploads\/sites\/6\/2024\/01\/Capacita24_Slider-generico-2-50x100.png\" data-in=\"o:0;\" data-out=\"a:false;\">\t\t\t\t\t\t\t<img src=\"\/\/fg.ull.es\/empleo\/wp-content\/plugins\/revslider\/public\/assets\/assets\/dummy.png\" alt=\"\" title=\"Capacita24_Slider gen\u00e9rico-2\" width=\"1581\" height=\"342\" class=\"rev-slidebg tp-rs-img rs-lazyload\" data-lazyload=\"\/\/fg.ull.es\/empleo\/wp-content\/uploads\/sites\/6\/2024\/01\/Capacita24_Slider-generico-2.png\" data-no-retina><!--\t\t\t\t\t\t\t--><rs-layer\t\t\t\t\t\t\t\tid=\"slider-17-slide-42-layer-0\" \t\t\t\t\t\t\t\tdata-type=\"image\"\t\t\t\t\t\t\t\tdata-rsp_ch=\"on\"\t\t\t\t\t\t\t\tdata-xy=\"xo:34px,34px,34px,80px;yo:163px,163px,163px,117px;\"\t\t\t\t\t\t\t\tdata-text=\"w:normal;s:20,20,20,7;l:0,0,0,9;\"\t\t\t\t\t\t\t\tdata-dim=\"w:394px,394px,394px,353px;h:66px,66px,66px,59px;\"\t\t\t\t\t\t\t\tdata-frame_1=\"x:3px,3px,3px,0px;y:10px,10px,10px,3px;st:600;sp:600;sR:600;\"\t\t\t\t\t\t\t\tdata-frame_999=\"o:1;st:8140;sp:1200;sR:6940;\"\t\t\t\t\t\t\t\tdata-frame_999_chars=\"e:power4.inOut;d:10;x:-105%;o:0;rZ:-90deg;\"\t\t\t\t\t\t\t\tdata-frame_999_mask=\"u:t;\"\t\t\t\t\t\t\t\tstyle=\"z-index:6;\"\t\t\t\t\t\t\t><img src=\"\/\/fg.ull.es\/empleo\/wp-content\/plugins\/revslider\/public\/assets\/assets\/dummy.png\" alt=\"\" class=\"tp-rs-img rs-lazyload\" width=\"659\" height=\"110\" data-lazyload=\"\/\/fg.ull.es\/empleo\/wp-content\/uploads\/sites\/6\/2024\/01\/Materiales-web_logo-blanco.png\" data-no-retina> \t\t\t\t\t\t\t<\/rs-layer><!--\t\t\t\t\t\t\t--><rs-layer\t\t\t\t\t\t\t\tid=\"slider-17-slide-42-layer-2\" \t\t\t\t\t\t\t\tdata-type=\"text\"\t\t\t\t\t\t\t\tdata-rsp_ch=\"on\"\t\t\t\t\t\t\t\tdata-xy=\"xo:719px,719px,719px,128px;yo:168px,168px,168px,283px;\"\t\t\t\t\t\t\t\tdata-text=\"w:normal;s:42,42,42,31;l:47,47,47,35;fw:700;a:right;\"\t\t\t\t\t\t\t\tdata-dim=\"w:567px,567px,567px,295px;\"\t\t\t\t\t\t\t\tdata-frame_1=\"st:1170;sR:1170;\"\t\t\t\t\t\t\t\tdata-frame_999=\"o:0;st:w;sR:7530;\"\t\t\t\t\t\t\t\tstyle=\"z-index:7;font-family:'Montserrat';\"\t\t\t\t\t\t\t>Lleva tu CV al <br \/>siguiente Nivel \t\t\t\t\t\t\t<\/rs-layer><!---->\t\t\t\t\t\t<\/rs-slide>\t\t\t\t\t\t<rs-slide style=\"position: absolute;\" data-key=\"rs-43\" data-title=\"Slide\" data-thumb=\"\/\/fg.ull.es\/empleo\/wp-content\/uploads\/sites\/6\/2024\/01\/Capacita24_Slider-generico-3-50x100.png\" data-in=\"o:0;\" data-out=\"a:false;\">\t\t\t\t\t\t\t<img src=\"\/\/fg.ull.es\/empleo\/wp-content\/plugins\/revslider\/public\/assets\/assets\/dummy.png\" alt=\"\" title=\"Capacita24_Slider gen\u00e9rico-3\" width=\"1581\" height=\"342\" class=\"rev-slidebg tp-rs-img rs-lazyload\" data-lazyload=\"\/\/fg.ull.es\/empleo\/wp-content\/uploads\/sites\/6\/2024\/01\/Capacita24_Slider-generico-3.png\" data-no-retina><!--\t\t\t\t\t\t\t--><rs-layer\t\t\t\t\t\t\t\tid=\"slider-17-slide-43-layer-0\" \t\t\t\t\t\t\t\tdata-type=\"image\"\t\t\t\t\t\t\t\tdata-rsp_ch=\"on\"\t\t\t\t\t\t\t\tdata-xy=\"xo:34px,34px,34px,28px;yo:163px,163px,163px,135px;\"\t\t\t\t\t\t\t\tdata-text=\"w:normal;s:20,20,20,7;l:0,0,0,9;\"\t\t\t\t\t\t\t\tdata-dim=\"w:394px,394px,394px,419px;h:66px,66px,66px,70px;\"\t\t\t\t\t\t\t\tdata-frame_1=\"x:3px,3px,3px,0px;y:10px,10px,10px,3px;st:600;sp:600;sR:600;\"\t\t\t\t\t\t\t\tdata-frame_999=\"o:1;st:8140;sp:1200;sR:6940;\"\t\t\t\t\t\t\t\tdata-frame_999_chars=\"e:power4.inOut;d:10;x:-105%;o:0;rZ:-90deg;\"\t\t\t\t\t\t\t\tdata-frame_999_mask=\"u:t;\"\t\t\t\t\t\t\t\tstyle=\"z-index:8;\"\t\t\t\t\t\t\t><img src=\"\/\/fg.ull.es\/empleo\/wp-content\/plugins\/revslider\/public\/assets\/assets\/dummy.png\" alt=\"\" class=\"tp-rs-img rs-lazyload\" width=\"659\" height=\"110\" data-lazyload=\"\/\/fg.ull.es\/empleo\/wp-content\/uploads\/sites\/6\/2024\/01\/Materiales-web_logo-blanco.png\" data-no-retina> \t\t\t\t\t\t\t<\/rs-layer><!--\t\t\t\t\t\t\t--><rs-layer\t\t\t\t\t\t\t\tid=\"slider-17-slide-43-layer-2\" \t\t\t\t\t\t\t\tdata-type=\"text\"\t\t\t\t\t\t\t\tdata-rsp_ch=\"on\"\t\t\t\t\t\t\t\tdata-xy=\"xo:719px,719px,719px,198px;yo:168px,168px,168px,317px;\"\t\t\t\t\t\t\t\tdata-text=\"w:normal;s:42,42,42,30;l:47,47,47,33;fw:700;a:right;\"\t\t\t\t\t\t\t\tdata-dim=\"w:567px,567px,567px,242px;\"\t\t\t\t\t\t\t\tdata-frame_1=\"st:1170;sR:1170;\"\t\t\t\t\t\t\t\tdata-frame_999=\"o:0;st:w;sR:7530;\"\t\t\t\t\t\t\t\tstyle=\"z-index:9;font-family:'Montserrat';\"\t\t\t\t\t\t\t>Formaci\u00f3n <br \/>Gratuita \t\t\t\t\t\t\t<\/rs-layer><!---->\t\t\t\t\t\t<\/rs-slide>\t\t\t\t\t\t<rs-slide style=\"position: absolute;\" data-key=\"rs-44\" data-title=\"Slide\" data-thumb=\"\/\/fg.ull.es\/empleo\/wp-content\/uploads\/sites\/6\/2024\/01\/Capacita24_Slider-generico-1-50x100.png\" data-in=\"o:0;\" data-out=\"a:false;\">\t\t\t\t\t\t\t<img src=\"\/\/fg.ull.es\/empleo\/wp-content\/plugins\/revslider\/public\/assets\/assets\/dummy.png\" alt=\"\" title=\"Capacita24_Slider gen\u00e9rico-1\" width=\"1581\" height=\"342\" class=\"rev-slidebg tp-rs-img rs-lazyload\" data-lazyload=\"\/\/fg.ull.es\/empleo\/wp-content\/uploads\/sites\/6\/2024\/01\/Capacita24_Slider-generico-1.png\" data-no-retina><!--\t\t\t\t\t\t\t--><rs-layer\t\t\t\t\t\t\t\tid=\"slider-17-slide-44-layer-0\" \t\t\t\t\t\t\t\tdata-type=\"image\"\t\t\t\t\t\t\t\tdata-rsp_ch=\"on\"\t\t\t\t\t\t\t\tdata-xy=\"xo:34px,34px,34px,66px;yo:163px,163px,163px,158px;\"\t\t\t\t\t\t\t\tdata-text=\"w:normal;s:20,20,20,7;l:0,0,0,9;\"\t\t\t\t\t\t\t\tdata-dim=\"w:394px,394px,394px,347px;h:66px,66px,66px,58px;\"\t\t\t\t\t\t\t\tdata-frame_1=\"x:3px,3px,3px,0px;y:10px,10px,10px,3px;st:600;sp:600;sR:600;\"\t\t\t\t\t\t\t\tdata-frame_999=\"o:1;st:8140;sp:1200;sR:6940;\"\t\t\t\t\t\t\t\tdata-frame_999_chars=\"e:power4.inOut;d:10;x:-105%;o:0;rZ:-90deg;\"\t\t\t\t\t\t\t\tdata-frame_999_mask=\"u:t;\"\t\t\t\t\t\t\t\tstyle=\"z-index:8;\"\t\t\t\t\t\t\t><img src=\"\/\/fg.ull.es\/empleo\/wp-content\/plugins\/revslider\/public\/assets\/assets\/dummy.png\" alt=\"\" class=\"tp-rs-img rs-lazyload\" width=\"659\" height=\"110\" data-lazyload=\"\/\/fg.ull.es\/empleo\/wp-content\/uploads\/sites\/6\/2024\/01\/Materiales-web_logo-blanco.png\" data-no-retina> \t\t\t\t\t\t\t<\/rs-layer><!--\t\t\t\t\t\t\t--><rs-layer\t\t\t\t\t\t\t\tid=\"slider-17-slide-44-layer-2\" \t\t\t\t\t\t\t\tdata-type=\"text\"\t\t\t\t\t\t\t\tdata-rsp_ch=\"on\"\t\t\t\t\t\t\t\tdata-xy=\"xo:719px,719px,719px,-25px;yo:168px,168px,168px,280px;\"\t\t\t\t\t\t\t\tdata-text=\"w:normal;s:42,42,42,30;l:47,47,47,34;fw:700;a:right;\"\t\t\t\t\t\t\t\tdata-dim=\"w:567px,567px,567px,438px;\"\t\t\t\t\t\t\t\tdata-frame_1=\"st:1170;sR:1170;\"\t\t\t\t\t\t\t\tdata-frame_999=\"o:0;st:w;sR:7530;\"\t\t\t\t\t\t\t\tstyle=\"z-index:9;font-family:'Montserrat';\"\t\t\t\t\t\t\t>Encuentros<br \/>con empresas \t\t\t\t\t\t\t<\/rs-layer><!---->\t\t\t\t\t\t<\/rs-slide>\t\t\t\t\t<\/rs-slides>\t\t\t\t<\/rs-module>\t\t\t\t<script>\t\t\t\t\tsetREVStartSize({c: 'rev_slider_17_1',rl:[1240,1240,1240,480],el:[400,400,400,480],gw:[1240,1240,1240,480],gh:[400,400,400,480],type:'standard',justify:'',layout:'fullwidth',mh:\"0\"});if (window.RS_MODULES!==undefined && window.RS_MODULES.modules!==undefined && window.RS_MODULES.modules[\"revslider171\"]!==undefined) {window.RS_MODULES.modules[\"revslider171\"].once = false;window.revapi17 = undefined;if (window.RS_MODULES.checkMinimal!==undefined) window.RS_MODULES.checkMinimal()}\t\t\t\t<\/script>\t\t\t<\/rs-module-wrap>\t\t\t<!-- END REVOLUTION SLIDER -->[vc_empty_space height=&#8221;30px&#8221;][\/vc_column][\/vc_row][vc_row full_width=&#8221;stretch_row&#8221; parallax=&#8221;content-moving&#8221; parallax_image=&#8221;42159&#8243; css=&#8221;.vc_custom_1707316729105{background-image: url(https:\/\/fg.ull.es\/empleo\/wp-content\/uploads\/sites\/6\/2024\/01\/adrian-infernus-GLf7bAwCdYg-unsplash-scaled.jpg?id=42110) !important;}&#8221;][vc_column][vc_empty_space height=&#8221;20px&#8221;][vc_custom_heading text=&#8221;Desarrollo del plan personal y profesional&#8221; font_container=&#8221;tag:h2|font_size:36|text_align:left|color:%23000000|line_height:1.15&#8243; google_fonts=&#8221;font_family:Montserrat%3Aregular%2C700|font_style:700%20bold%20regular%3A700%3Anormal&#8221;][vc_empty_space height=&#8221;20px&#8221;][vc_column_text css=&#8221;.vc_custom_1707317162565{padding-top: 20px !important;padding-right: 20px !important;padding-bottom: 20px !important;padding-left: 20px !important;background-color: rgba(255,255,255,0.7) !important;*background-color: rgb(255,255,255) !important;}&#8221;]<\/p>\n<h4>En un mercado laboral tan cambiante se hace necesario definir correctamente nuestro perfil, comunicarlo de manera eficiente y adaptarnos a los cambios continuos en el mercado laboral, por tanto, la b\u00fasqueda de empleo y la inserci\u00f3n laboral comienza por el autoconocimiento profesional realista y adecuado a nuestro entorno profesional.<\/h4>\n<div><\/div>\n<p>[\/vc_column_text][vc_column_text css=&#8221;.vc_custom_1737030336457{padding-top: 20px !important;padding-right: 20px !important;padding-bottom: 20px !important;padding-left: 20px !important;background-color: rgba(255,255,255,0.7) !important;*background-color: rgb(255,255,255) !important;}&#8221;]<\/p>\n<h4>El <strong><a href=\"https:\/\/fg.ull.es\/empleo\/capacita\/\">Proyecto Capacita<\/a><\/strong> cuenta con profesionales de orientaci\u00f3n laboral que te aconsejar\u00e1n sobre tu <strong>&#8220;Desarrollo del plan personal y profesional&#8221; <\/strong>a trav\u00e9s de sesiones grupales y\/o individuales.<\/h4>\n<h4>Siguiendo esta l\u00ednea, se presentan dos<strong>\u00a0etapas de orientaci\u00f3n<\/strong>:<\/h4>\n<div><\/div>\n<p>[\/vc_column_text][vc_empty_space height=&#8221;100px&#8221;][vc_row_inner][vc_column_inner][\/vc_column_inner][\/vc_row_inner][\/vc_column][\/vc_row][vc_row][vc_column width=&#8221;1\/2&#8243;][vc_icon icon_fontawesome=&#8221;fas fa-user-plus&#8221; color=&#8221;violet&#8221; align=&#8221;center&#8221;][vc_column_text]<\/p>\n<h5 style=\"text-align: left\">1\u00ba Etapa: Diagn\u00f3stico y asesoramiento individualizado<\/h5>\n<ul>\n<li style=\"text-align: left\">\n<h6>Realizaci\u00f3n de un Diagn\u00f3stico Competencial<\/h6>\n<\/li>\n<li style=\"text-align: left\">\n<h6>Acceso a una sesi\u00f3n de Autoconocimiento y Presentaci\u00f3n Profesional destacando la importancia de la Marca Personal<\/h6>\n<\/li>\n<li>\n<h6>Asesoramiento Individualizado para concretar objetivos, competencias y estrategias de acceso laboral<\/h6>\n<\/li>\n<\/ul>\n<p>[\/vc_column_text][\/vc_column][vc_column width=&#8221;1\/2&#8243;][vc_icon icon_fontawesome=&#8221;fas fa-users&#8221; color=&#8221;violet&#8221; align=&#8221;center&#8221;][vc_column_text]<\/p>\n<h5>2\u00ba Etapa: Aplicaci\u00f3n digital en la b\u00fasqueda de empleo<\/h5>\n<ul>\n<li>\n<h6>Sesi\u00f3n de competencias para gestionar y utilizar herramientas digitales, mejorar las habilidades tecnol\u00f3gicas y saber adaptarlas al puesto de trabajo<\/h6>\n<\/li>\n<li>\n<h6>Sesi\u00f3n extra de Inteligencia Artificial para conocer y fomentar su aplicaci\u00f3n en el desarrollo del proyecto profesional como punto de partida hacia la b\u00fasqueda de empleo<\/h6>\n<\/li>\n<li>\n<h6>An\u00e1lisis de los cambios y del desarrollo de las competencias personales y profesionales adquiridas en el proyecto<\/h6>\n<\/li>\n<\/ul>\n<p>[\/vc_column_text][\/vc_column][\/vc_row][vc_row disable_element=&#8221;yes&#8221;][vc_column][vc_empty_space][vc_separator color=&#8221;violet&#8221;][vc_custom_heading text=&#8221;Cita Servicio de Orientaci\u00f3n Capacita&#8221; font_container=&#8221;tag:h3|font_size:20|text_align:center|color:%2334005b|line_height:1.15&#8243; google_fonts=&#8221;font_family:Montserrat%3Aregular%2C700|font_style:700%20bold%20regular%3A700%3Anormal&#8221;][\/vc_column][\/vc_row][vc_row][vc_column][vc_row_inner][vc_column_inner][\/vc_column_inner][\/vc_row_inner][\/vc_column][\/vc_row][vc_row][vc_column][vc_empty_space height=&#8221;20px&#8221;][vc_btn title=&#8221;\u00a1Pide cita!&#8221; style=&#8221;custom&#8221; custom_background=&#8221;#5c068c&#8221; custom_text=&#8221;#ffffff&#8221; shape=&#8221;square&#8221; align=&#8221;center&#8221; button_block=&#8221;true&#8221; link=&#8221;url:https%3A%2F%2Ffg.ull.es%2Fgestionaue%2Fformularios%2Findex.php%2F433893%2Flang%2Fes%2Fnewtest%2F&#8221;][vc_empty_space height=&#8221;20px&#8221;][vc_empty_space height=&#8221;20px&#8221;][\/vc_column][\/vc_row][vc_row][vc_column][vc_empty_space height=&#8221;20px&#8221;][vc_single_image image=&#8221;43333&#8243; img_size=&#8221;large&#8221; alignment=&#8221;center&#8221;][\/vc_column][\/vc_row]<\/p>\n<\/section>","protected":false},"excerpt":{"rendered":"<p>[vc_row][vc_column][vc_empty_space height=&#8221;30px&#8221;][\/vc_column][\/vc_row][vc_row full_width=&#8221;stretch_row&#8221; parallax=&#8221;content-moving&#8221; parallax_image=&#8221;42159&#8243; css=&#8221;.vc_custom_1707316729105{background-image: url(https:\/\/fg.ull.es\/empleo\/wp-content\/uploads\/sites\/6\/2024\/01\/adrian-infernus-GLf7bAwCdYg-unsplash-scaled.jpg?id=42110) !important;}&#8221;][vc_column][vc_empty_space height=&#8221;20px&#8221;][vc_custom_heading text=&#8221;Desarrollo del plan personal y profesional&#8221; font_container=&#8221;tag:h2|font_size:36|text_align:left|color:%23000000|line_height:1.15&#8243; google_fonts=&#8221;font_family:Montserrat%3Aregular%2C700|font_style:700%20bold%20regular%3A700%3Anormal&#8221;][vc_empty_space height=&#8221;20px&#8221;][vc_column_text css=&#8221;.vc_custom_1707317162565{padding-top: 20px !important;padding-right: 20px !important;padding-bottom: 20px !important;padding-left: 20px !important;background-color: rgba(255,255,255,0.7) !important;*background-color: rgb(255,255,255) !important;}&#8221;] En un mercado laboral tan cambiante se hace necesario definir correctamente nuestro perfil, comunicarlo de manera eficiente y adaptarnos a los cambios continuos en&#8230;<\/p>\n","protected":false},"author":10,"featured_media":0,"parent":0,"menu_order":0,"comment_status":"closed","ping_status":"closed","template":"templates\/template-frontpage.php","meta":{"footnotes":""},"_links":{"self":[{"href":"https:\/\/fg.ull.es\/empleo\/wp-json\/wp\/v2\/pages\/42183"}],"collection":[{"href":"https:\/\/fg.ull.es\/empleo\/wp-json\/wp\/v2\/pages"}],"about":[{"href":"https:\/\/fg.ull.es\/empleo\/wp-json\/wp\/v2\/types\/page"}],"author":[{"embeddable":true,"href":"https:\/\/fg.ull.es\/empleo\/wp-json\/wp\/v2\/users\/10"}],"replies":[{"embeddable":true,"href":"https:\/\/fg.ull.es\/empleo\/wp-json\/wp\/v2\/comments?post=42183"}],"version-history":[{"count":33,"href":"https:\/\/fg.ull.es\/empleo\/wp-json\/wp\/v2\/pages\/42183\/revisions"}],"predecessor-version":[{"id":43337,"href":"https:\/\/fg.ull.es\/empleo\/wp-json\/wp\/v2\/pages\/42183\/revisions\/43337"}],"wp:attachment":[{"href":"https:\/\/fg.ull.es\/empleo\/wp-json\/wp\/v2\/media?parent=42183"}],"curies":[{"name":"wp","href":"https:\/\/api.w.org\/{rel}","templated":true}]}}