{"id":41841,"date":"2023-10-27T07:35:53","date_gmt":"2023-10-27T07:35:53","guid":{"rendered":"https:\/\/fg.ull.es\/empleo\/?page_id=41841"},"modified":"2023-11-14T08:59:04","modified_gmt":"2023-11-14T08:59:04","slug":"x-edicion","status":"publish","type":"page","link":"https:\/\/fg.ull.es\/empleo\/ensenar-para-emprender\/x-edicion\/","title":{"rendered":"X Edici\u00f3n: Ense\u00f1ar Para Emprender"},"content":{"rendered":"<section class=\"wpb-content-wrapper\"><p>[vc_row][vc_column][vc_empty_space][vc_row_inner][vc_column_inner width=&#8221;1\/2&#8243;][vc_custom_heading text=&#8221;X Edici\u00f3n: Ense\u00f1ar Para Emprender&#8221; font_container=&#8221;tag:h1|text_align:center|color:%2333fddf&#8221;][\/vc_column_inner][vc_column_inner width=&#8221;1\/2&#8243;][vc_empty_space][vc_btn title=&#8221;Volver al men\u00fa principal&#8221; style=&#8221;custom&#8221; custom_background=&#8221;#33fddf&#8221; custom_text=&#8221;#0a0a0a&#8221; shape=&#8221;round&#8221; size=&#8221;lg&#8221; align=&#8221;center&#8221; css_animation=&#8221;bounceInRight&#8221; button_block=&#8221;true&#8221; link=&#8221;url:https%3A%2F%2Ffg.ull.es%2Fempleo%2Fensenar-para-emprender%2F&#8221;][\/vc_column_inner][\/vc_row_inner][vc_empty_space height=&#8221;15px&#8221;][\/vc_column][vc_column width=&#8221;1\/2&#8243;][vc_column_text]<\/p>\n<p style=\"text-align: justify\">La X Edici\u00f3n del proyecto educativo, cooperativo y solidario <strong>\u201cEnse\u00f1ar para emprender\u201d (EPE)<\/strong>, se encuentra ejecutada por la Agencia Universitaria de Empleo de la Fundaci\u00f3n General de la Universidad de La Laguna y financiado por el Servicio Canario de Empleo, entidad dependiente de la consejer\u00eda de Econom\u00eda, Conocimiento y Empleo del Gobierno de Canarias y con la colaboraci\u00f3n con la Consejer\u00eda de Educaci\u00f3n, Universidades, Cultura y Deportes.<\/p>\n<p style=\"text-align: justify\">El proyecto EPE es un Programa Educativo <strong>dirigido al alumnado de aulas de infantil, primaria, secundaria y bachillerato, incluyendo aulas enclave y formaci\u00f3n profesional b\u00e1sica<\/strong>. Durante el curso escolar, el estudiantado simular\u00e1 la creaci\u00f3n y gesti\u00f3n de una cooperativa en la que se fabricar\u00e1n productos y servicios que posteriormente ser\u00e1n vendidos en una feria,al final del curso escolar.<\/p>\n<p style=\"text-align: justify\">Este proyecto promueve el esp\u00edritu emprendedor a trav\u00e9s del sistema educativo, trabajando las competencias y habilidades para el emprendimiento, desde edades tempranas.<\/p>\n<p style=\"text-align: justify\">El <strong>objetivo general<\/strong> es la <strong>difusi\u00f3n de la cultura emprendedora<\/strong> entre el alumnado, promoviendo conductas y actitudes de colaboraci\u00f3n, coordinaci\u00f3n, superaci\u00f3n de conflictos y asunci\u00f3n de problemas y responsabilidades.<\/p>\n<p>[\/vc_column_text][vc_column_text]<\/p>\n<p style=\"text-align: justify\"><span style=\"color: #333333\"><strong>EPE<\/strong> se plantea con una metodolog\u00eda participativa donde el alumnado se convierte en el protagonista del proceso de creaci\u00f3n de una empresa y, m\u00e1s all\u00e1 de los conocimientos espec\u00edficos \u00a0de econom\u00eda, mercado, administraci\u00f3n y gesti\u00f3n de recursos humanos que conlleva, representa un m\u00e9todo\u00a0 apropiado para la adquisici\u00f3n de la competencia emprendedora, promoviendo un cambio de \u00a0cultura proclive a la innovaci\u00f3n.<\/span><\/p>\n<p style=\"text-align: justify\"><span style=\"color: #333333\">Si las etapas iniciales de este proceso (motivaci\u00f3n, identificaci\u00f3n de la idea, investigaci\u00f3n del mercado, preparaci\u00f3n del plan), se logran recorrer en el centro educativo y en el contexto real (comunidad de la que hace parte ese centro educativo), la adquisici\u00f3n de la competencia emprendedora por parte del alumnado.<\/span><\/p>\n<p>[\/vc_column_text][\/vc_column][vc_column width=&#8221;1\/2&#8243;][vc_single_image image=&#8221;41514&#8243; img_size=&#8221;full&#8221; alignment=&#8221;center&#8221; css_animation=&#8221;appear&#8221;][vc_empty_space height=&#8221;20px&#8221;][vc_btn title=&#8221;Noticias EPE&#8221; style=&#8221;custom&#8221; custom_background=&#8221;#254de5&#8243; custom_text=&#8221;#ffffff&#8221; shape=&#8221;round&#8221; size=&#8221;lg&#8221; align=&#8221;center&#8221; css_animation=&#8221;bounceInRight&#8221; button_block=&#8221;true&#8221; link=&#8221;url:https%3A%2F%2Ffg.ull.es%2Fnoticias%2Fcategory%2Fensenar-para-emprender%2F|target:_blank&#8221;][vc_empty_space height=&#8221;20px&#8221;][\/vc_column][\/vc_row][vc_row][vc_column][vc_empty_space][vc_custom_heading text=&#8221;Conoce m\u00e1s sobre la X Edici\u00f3n de EPE&#8221; font_container=&#8221;tag:h2|text_align:center|color:%23254de5&#8243; use_theme_fonts=&#8221;yes&#8221;][\/vc_column][\/vc_row][vc_row][vc_column width=&#8221;1\/2&#8243;][vc_video link=&#8221;https:\/\/www.youtube.com\/watch?v=mDVzsY8bYqE&#8221; align=&#8221;center&#8221;][\/vc_column][vc_column width=&#8221;1\/2&#8243;][vc_video link=&#8221;https:\/\/www.youtube.com\/watch?v=ZIP2EjpnPDM&#8221; align=&#8221;center&#8221;][\/vc_column][\/vc_row][vc_row content_placement=&#8221;middle&#8221;][vc_column][vc_empty_space height=&#8221;50px&#8221;][vc_separator color=&#8221;turquoise&#8221; border_width=&#8221;2&#8243; el_width=&#8221;90&#8243; css_animation=&#8221;fadeIn&#8221;][vc_empty_space height=&#8221;50px&#8221;][\/vc_column][vc_column width=&#8221;1\/3&#8243;][vc_images_carousel images=&#8221;41563,41564,41562&#8243; mode=&#8221;vertical&#8221; slides_per_view=&#8221;2&#8243; autoplay=&#8221;yes&#8221; hide_pagination_control=&#8221;yes&#8221; partial_view=&#8221;yes&#8221; wrap=&#8221;yes&#8221; title=&#8221;Colaboradores&#8221;][\/vc_column][vc_column width=&#8221;1\/3&#8243;][vc_images_carousel images=&#8221;41568,41567,41565,41569,41614&#8243; mode=&#8221;vertical&#8221; slides_per_view=&#8221;2&#8243; autoplay=&#8221;yes&#8221; hide_pagination_control=&#8221;yes&#8221; partial_view=&#8221;yes&#8221; wrap=&#8221;yes&#8221; title=&#8221;Patrocinadores&#8221;][\/vc_column][vc_column width=&#8221;1\/3&#8243;][vc_images_carousel images=&#8221;41566,41561&#8243; mode=&#8221;vertical&#8221; slides_per_view=&#8221;2&#8243; autoplay=&#8221;yes&#8221; hide_pagination_control=&#8221;yes&#8221; partial_view=&#8221;yes&#8221; wrap=&#8221;yes&#8221; title=&#8221;Agradecimientos&#8221;][\/vc_column][\/vc_row][vc_row][vc_column][vc_empty_space][vc_separator color=&#8221;turquoise&#8221; border_width=&#8221;2&#8243; el_width=&#8221;90&#8243; css_animation=&#8221;fadeIn&#8221;][vc_empty_space height=&#8221;15px&#8221;][vc_custom_heading text=&#8221;Visitas Tenerife&#8221; font_container=&#8221;tag:h2|text_align:center|color:%23254de5&#8243; use_theme_fonts=&#8221;yes&#8221; css_animation=&#8221;bounceInRight&#8221; link=&#8221;url:https%3A%2F%2Fdrive.google.com%2Fdrive%2Ffolders%2F1njaeDFwGOwQyz1VX6oFmp6Hx0a2EuISW%3Fusp%3Dshare_link|target:_blank&#8221;][vc_hoverbox image=&#8221;41522&#8243; primary_title=&#8221;&#8221; hover_title=&#8221;&#8221; css=&#8221;.vc_custom_1681911477448{background-color: #ffffff !important;}&#8221;]<\/p>\n<h2><span style=\"color: #254de5\"><strong><a style=\"color: #254de5\" href=\"https:\/\/drive.google.com\/drive\/folders\/1dahvo50h4xWiIIpRuSMS8RorLPiVzPsP?usp=share_link\" target=\"_blank\" rel=\"noopener\">CONSULTAR GALER\u00cdA<\/a><\/strong><\/span><\/h2>\n<p>[\/vc_hoverbox][vc_empty_space height=&#8221;15px&#8221;][vc_custom_heading text=&#8221;Visitas La Palma&#8221; font_container=&#8221;tag:h2|text_align:center|color:%23254de5&#8243; use_theme_fonts=&#8221;yes&#8221; css_animation=&#8221;bounceInLeft&#8221; link=&#8221;url:https%3A%2F%2Fdrive.google.com%2Fdrive%2Ffolders%2F1njaeDFwGOwQyz1VX6oFmp6Hx0a2EuISW%3Fusp%3Dshare_link|target:_blank&#8221;][vc_hoverbox image=&#8221;41520&#8243; primary_title=&#8221;&#8221; hover_title=&#8221;&#8221; css_animation=&#8221;bounceInRight&#8221; css=&#8221;.vc_custom_1681911460288{background-color: #ffffff !important;}&#8221;]<\/p>\n<h2><span style=\"color: #254de5\"><strong><a style=\"color: #254de5\" href=\"https:\/\/drive.google.com\/drive\/folders\/1njaeDFwGOwQyz1VX6oFmp6Hx0a2EuISW?usp=share_link\" target=\"_blank\" rel=\"noopener\">CONSULTAR GALER\u00cdA<\/a><\/strong><\/span><\/h2>\n<p>[\/vc_hoverbox][\/vc_column][\/vc_row][vc_row][vc_column][vc_empty_space][vc_separator color=&#8221;turquoise&#8221; border_width=&#8221;2&#8243; el_width=&#8221;90&#8243; css_animation=&#8221;fadeIn&#8221;][vc_empty_space height=&#8221;15px&#8221;][vc_empty_space height=&#8221;15px&#8221;][vc_custom_heading text=&#8221;EPE en n\u00fameros&#8221; font_container=&#8221;tag:h2|font_size:2.2em|text_align:center|color:%23254de5&#8243; use_theme_fonts=&#8221;yes&#8221;][\/vc_column][\/vc_row][vc_row][vc_column width=&#8221;1\/4&#8243;][vc_single_image image=&#8221;41527&#8243; img_size=&#8221;full&#8221; alignment=&#8221;center&#8221; css_animation=&#8221;bounceInRight&#8221;][\/vc_column][vc_column width=&#8221;2\/4&#8243;][vc_custom_heading text=&#8221;Alumnado de Tenerife&#8221; font_container=&#8221;tag:h3|font_size:2em|text_align:center|color:%23254de5&#8243; use_theme_fonts=&#8221;yes&#8221;][vc_empty_space height=&#8221;15px&#8221;][vc_row_inner][vc_column_inner width=&#8221;1\/2&#8243;][vc_column_text]<\/p>\n<p style=\"text-align: center\"><span style=\"color: #33fddf;font-weight: 800;text-align: center;font-size: 2em\">851<\/span><\/p>\n<p>[\/vc_column_text][vc_column_text]<\/p>\n<p style=\"text-align: center\">INFANTIL + PRIMARIA<\/p>\n<p>[\/vc_column_text][\/vc_column_inner][vc_column_inner width=&#8221;1\/2&#8243;][vc_column_text]<\/p>\n<p style=\"text-align: center\"><span style=\"color: #33fddf;font-weight: 800;text-align: center;font-size: 2em\">631<\/span><\/p>\n<p>[\/vc_column_text][vc_column_text]<\/p>\n<p style=\"text-align: center\">SECUNDARIA + BACHILLER<\/p>\n<p>[\/vc_column_text][\/vc_column_inner][\/vc_row_inner][vc_row_inner][vc_column_inner width=&#8221;1\/2&#8243;][vc_column_text]<\/p>\n<p style=\"text-align: center\"><span style=\"color: #33fddf;font-weight: 800;text-align: center;font-size: 2em\">114<\/span><\/p>\n<p>[\/vc_column_text][vc_column_text]<\/p>\n<p style=\"text-align: center\">AULA ENCLAVE<\/p>\n<p>[\/vc_column_text][\/vc_column_inner][vc_column_inner width=&#8221;1\/2&#8243;][vc_column_text]<\/p>\n<p style=\"text-align: center\"><span style=\"color: #33fddf;font-weight: 800;text-align: center;font-size: 2em\">82<\/span><\/p>\n<p>[\/vc_column_text][vc_column_text]<\/p>\n<p style=\"text-align: center\">FP B\u00c1SICA<\/p>\n<p>[\/vc_column_text][\/vc_column_inner][\/vc_row_inner][vc_custom_heading text=&#8221;Total: 1678 alumnos&#8221; font_container=&#8221;tag:h4|font_size:2.3em|text_align:center|color:%23254de5&#8243; use_theme_fonts=&#8221;yes&#8221;][\/vc_column][vc_column width=&#8221;1\/4&#8243;][\/vc_column][\/vc_row][vc_row][vc_column][vc_empty_space height=&#8221;15px&#8221;][vc_separator color=&#8221;turquoise&#8221; border_width=&#8221;2&#8243; el_width=&#8221;90&#8243; css_animation=&#8221;fadeIn&#8221;][vc_empty_space height=&#8221;15px&#8221;][\/vc_column][\/vc_row][vc_row][vc_column width=&#8221;1\/4&#8243;][\/vc_column][vc_column width=&#8221;2\/4&#8243;][vc_custom_heading text=&#8221;Alumnado de La Palma&#8221; font_container=&#8221;tag:h3|font_size:2em|text_align:center|color:%23254de5&#8243; use_theme_fonts=&#8221;yes&#8221;][vc_empty_space height=&#8221;15px&#8221;][vc_row_inner][vc_column_inner width=&#8221;1\/2&#8243;][vc_column_text]<\/p>\n<p style=\"text-align: center\"><span style=\"color: #33fddf;font-weight: 800;text-align: center;font-size: 2em\">131<\/span><\/p>\n<p>[\/vc_column_text][vc_column_text]<\/p>\n<p style=\"text-align: center\">INFANTIL + PRIMARIA<\/p>\n<p>[\/vc_column_text][\/vc_column_inner][vc_column_inner width=&#8221;1\/2&#8243;][vc_column_text]<\/p>\n<p style=\"text-align: center\"><span style=\"color: #33fddf;font-weight: 800;text-align: center;font-size: 2em\">19<\/span><\/p>\n<p>[\/vc_column_text][vc_column_text]<\/p>\n<p style=\"text-align: center\">SECUNDARIA + BACHILLER<\/p>\n<p>[\/vc_column_text][\/vc_column_inner][\/vc_row_inner][vc_row_inner][vc_column_inner width=&#8221;1\/2&#8243;][vc_column_text]<\/p>\n<p style=\"text-align: center\"><span style=\"color: #33fddf;font-weight: 800;text-align: center;font-size: 2em\">10<\/span><\/p>\n<p>[\/vc_column_text][vc_column_text]<\/p>\n<p style=\"text-align: center\">AULA ENCLAVE<\/p>\n<p>[\/vc_column_text][\/vc_column_inner][vc_column_inner width=&#8221;1\/2&#8243;][vc_column_text]<\/p>\n<p style=\"text-align: center\"><span style=\"color: #33fddf;font-weight: 800;text-align: center;font-size: 2em\">&#8211;<\/span><\/p>\n<p>[\/vc_column_text][vc_column_text]<\/p>\n<p style=\"text-align: center\">FP B\u00c1SICA<\/p>\n<p>[\/vc_column_text][\/vc_column_inner][\/vc_row_inner][vc_custom_heading text=&#8221;Total: 160 alumnos&#8221; font_container=&#8221;tag:h4|font_size:2.3em|text_align:center|color:%23254de5&#8243; use_theme_fonts=&#8221;yes&#8221;][\/vc_column][vc_column width=&#8221;1\/4&#8243;][vc_single_image image=&#8221;41528&#8243; img_size=&#8221;full&#8221; alignment=&#8221;center&#8221; css_animation=&#8221;bounceInRight&#8221;][\/vc_column][\/vc_row][vc_row][vc_column][vc_empty_space height=&#8221;50px&#8221;][vc_separator color=&#8221;turquoise&#8221; border_width=&#8221;2&#8243; el_width=&#8221;90&#8243; css_animation=&#8221;fadeIn&#8221;][vc_empty_space height=&#8221;50px&#8221;][\/vc_column][\/vc_row][vc_row][vc_column offset=&#8221;vc_hidden-sm vc_hidden-xs&#8221;][vc_row_inner][vc_column_inner width=&#8221;1\/2&#8243;][vc_custom_heading text=&#8221;Eventos realizados en Tenerife&#8221; font_container=&#8221;tag:h3|font_size:2em|text_align:center|color:%23254de5&#8243; use_theme_fonts=&#8221;yes&#8221;][vc_empty_space height=&#8221;15px&#8221;][\/vc_column_inner][vc_column_inner width=&#8221;1\/2&#8243;][vc_custom_heading text=&#8221;Eventos realizados en La Palma&#8221; font_container=&#8221;tag:h3|font_size:2em|text_align:center|color:%23254de5&#8243; use_theme_fonts=&#8221;yes&#8221;][vc_empty_space height=&#8221;15px&#8221;][\/vc_column_inner][\/vc_row_inner][vc_empty_space height=&#8221;15px&#8221;][vc_row_inner][vc_column_inner width=&#8221;1\/4&#8243;][vc_single_image image=&#8221;41597&#8243; img_size=&#8221;full&#8221; alignment=&#8221;center&#8221; css_animation=&#8221;bounceInLeft&#8221;][\/vc_column_inner][vc_column_inner width=&#8221;1\/4&#8243;][vc_single_image image=&#8221;41616&#8243; img_size=&#8221;full&#8221; alignment=&#8221;center&#8221; css_animation=&#8221;bounceInLeft&#8221;][\/vc_column_inner][vc_column_inner width=&#8221;1\/4&#8243;][vc_single_image image=&#8221;41656&#8243; img_size=&#8221;full&#8221; alignment=&#8221;center&#8221; css_animation=&#8221;bounceInRight&#8221;][\/vc_column_inner][vc_column_inner width=&#8221;1\/4&#8243;][vc_single_image image=&#8221;41655&#8243; img_size=&#8221;full&#8221; alignment=&#8221;center&#8221; css_animation=&#8221;bounceInRight&#8221;][\/vc_column_inner][\/vc_row_inner][\/vc_column][\/vc_row][vc_row][vc_column offset=&#8221;vc_hidden-lg vc_hidden-md&#8221;][vc_row_inner][vc_column_inner width=&#8221;1\/2&#8243;][vc_custom_heading text=&#8221;Eventos realizados en Tenerife&#8221; font_container=&#8221;tag:h3|font_size:2em|text_align:center|color:%23254de5&#8243; use_theme_fonts=&#8221;yes&#8221;][vc_single_image image=&#8221;41597&#8243; img_size=&#8221;full&#8221; alignment=&#8221;center&#8221; css_animation=&#8221;bounceInRight&#8221;][vc_single_image image=&#8221;41592&#8243; img_size=&#8221;full&#8221; alignment=&#8221;center&#8221; css_animation=&#8221;bounceInRight&#8221;][\/vc_column_inner][vc_column_inner width=&#8221;1\/2&#8243;][vc_custom_heading text=&#8221;Eventos realizados en La Palma&#8221; font_container=&#8221;tag:h3|font_size:2em|text_align:center|color:%23254de5&#8243; use_theme_fonts=&#8221;yes&#8221;][vc_single_image image=&#8221;41656&#8243; img_size=&#8221;full&#8221; alignment=&#8221;center&#8221; css_animation=&#8221;bounceInRight&#8221;][vc_single_image image=&#8221;41655&#8243; img_size=&#8221;full&#8221; alignment=&#8221;center&#8221; css_animation=&#8221;bounceInRight&#8221;][\/vc_column_inner][\/vc_row_inner][\/vc_column][\/vc_row][vc_row][vc_column][vc_empty_space height=&#8221;50px&#8221;][\/vc_column][\/vc_row][vc_row][vc_column][vc_empty_space height=&#8221;15px&#8221;][vc_separator color=&#8221;turquoise&#8221; border_width=&#8221;2&#8243; el_width=&#8221;90&#8243; css_animation=&#8221;fadeIn&#8221;][vc_empty_space height=&#8221;15px&#8221;][\/vc_column][\/vc_row][vc_row][vc_column][vc_empty_space height=&#8221;50px&#8221;][\/vc_column][\/vc_row][vc_row][vc_column][vc_row_inner][vc_column_inner][vc_custom_heading text=&#8221;Etapas de EPE&#8221; font_container=&#8221;tag:h2|text_align:center|color:%23254de5&#8243; use_theme_fonts=&#8221;yes&#8221;][\/vc_column_inner][\/vc_row_inner][vc_row_inner][vc_column_inner width=&#8221;1\/2&#8243;][vc_empty_space height=&#8221;15px&#8221;][vc_custom_heading text=&#8221;Desarrollo de talleres en el aula&#8221; font_container=&#8221;tag:h2|text_align:center|color:%23254de5&#8243; use_theme_fonts=&#8221;yes&#8221;][vc_hoverbox image=&#8221;41330&#8243; primary_title=&#8221;&#8221; hover_title=&#8221;&#8221; css=&#8221;.vc_custom_1673518599650{background-color: #ffffff !important;}&#8221;][\/vc_hoverbox][\/vc_column_inner][vc_column_inner width=&#8221;1\/2&#8243;][vc_empty_space height=&#8221;15px&#8221;][vc_custom_heading text=&#8221;Formaci\u00f3n del profesorado&#8221; font_container=&#8221;tag:h2|text_align:center|color:%23254de5&#8243; use_theme_fonts=&#8221;yes&#8221;][vc_hoverbox image=&#8221;41326&#8243; primary_title=&#8221;&#8221; primary_title_font_container=&#8221;color:%2319a3ff&#8221; primary_title_use_theme_fonts=&#8221;yes&#8221; hover_title=&#8221;&#8221; shape=&#8221;square&#8221; use_custom_fonts_primary_title=&#8221;true&#8221; css=&#8221;.vc_custom_1673518344211{background-color: #ffffff !important;}&#8221;][\/vc_hoverbox][\/vc_column_inner][\/vc_row_inner][vc_row_inner][vc_column_inner width=&#8221;1\/3&#8243;][vc_empty_space height=&#8221;15px&#8221;][vc_custom_heading text=&#8221;Charlas en los centros escolares&#8221; font_container=&#8221;tag:h2|text_align:center|color:%23254de5&#8243; use_theme_fonts=&#8221;yes&#8221;][vc_hoverbox image=&#8221;41334&#8243; primary_title=&#8221;&#8221; hover_title=&#8221;&#8221; css=&#8221;.vc_custom_1673519053147{background-color: #ffffff !important;}&#8221;][\/vc_hoverbox][vc_empty_space height=&#8221;15px&#8221;][\/vc_column_inner][vc_column_inner width=&#8221;1\/3&#8243;][vc_empty_space height=&#8221;15px&#8221;][vc_empty_space height=&#8221;15px&#8221;][vc_custom_heading text=&#8221;Ferias de Cooperativas&#8221; font_container=&#8221;tag:h2|text_align:center|color:%23254de5&#8243; use_theme_fonts=&#8221;yes&#8221;][vc_hoverbox image=&#8221;41339&#8243; primary_title=&#8221;&#8221; hover_title=&#8221;&#8221; css=&#8221;.vc_custom_1673519720428{background-color: #ffffff !important;}&#8221;][\/vc_hoverbox][vc_empty_space height=&#8221;15px&#8221;][\/vc_column_inner][vc_column_inner width=&#8221;1\/3&#8243;][vc_empty_space height=&#8221;15px&#8221;][vc_empty_space height=&#8221;15px&#8221;][vc_custom_heading text=&#8221;Acto Liquida y Comparte&#8221; font_container=&#8221;tag:h2|text_align:center|color:%23254de5&#8243; use_theme_fonts=&#8221;yes&#8221;][vc_hoverbox image=&#8221;41341&#8243; primary_title=&#8221;&#8221; hover_title=&#8221;&#8221; css=&#8221;.vc_custom_1673519609793{background-color: #ffffff !important;}&#8221;][\/vc_hoverbox][vc_empty_space height=&#8221;15px&#8221;][\/vc_column_inner][\/vc_row_inner][\/vc_column][\/vc_row][vc_row][vc_column][vc_empty_space][vc_btn title=&#8221;Volver al men\u00fa principal&#8221; style=&#8221;custom&#8221; custom_background=&#8221;#254de5&#8243; custom_text=&#8221;#ffffff&#8221; shape=&#8221;round&#8221; size=&#8221;lg&#8221; align=&#8221;center&#8221; css_animation=&#8221;bounceInRight&#8221; button_block=&#8221;true&#8221; link=&#8221;url:https%3A%2F%2Ffg.ull.es%2Fempleo%2Fensenar-para-emprender%2F&#8221;][\/vc_column][\/vc_row]<\/p>\n<\/section>","protected":false},"excerpt":{"rendered":"<p>[vc_row][vc_column][vc_empty_space][vc_row_inner][vc_column_inner width=&#8221;1\/2&#8243;][vc_custom_heading text=&#8221;X Edici\u00f3n: Ense\u00f1ar Para Emprender&#8221; font_container=&#8221;tag:h1|text_align:center|color:%2333fddf&#8221;][\/vc_column_inner][vc_column_inner width=&#8221;1\/2&#8243;][vc_empty_space][vc_btn title=&#8221;Volver al men\u00fa principal&#8221; style=&#8221;custom&#8221; custom_background=&#8221;#33fddf&#8221; custom_text=&#8221;#0a0a0a&#8221; shape=&#8221;round&#8221; size=&#8221;lg&#8221; align=&#8221;center&#8221; css_animation=&#8221;bounceInRight&#8221; button_block=&#8221;true&#8221; link=&#8221;url:https%3A%2F%2Ffg.ull.es%2Fempleo%2Fensenar-para-emprender%2F&#8221;][\/vc_column_inner][\/vc_row_inner][vc_empty_space height=&#8221;15px&#8221;][\/vc_column][vc_column width=&#8221;1\/2&#8243;][vc_column_text] La X Edici\u00f3n del proyecto educativo, cooperativo y solidario \u201cEnse\u00f1ar para emprender\u201d (EPE), se encuentra ejecutada por la Agencia Universitaria de Empleo de la Fundaci\u00f3n General de la Universidad de La&#8230;<\/p>\n","protected":false},"author":46,"featured_media":0,"parent":16911,"menu_order":0,"comment_status":"closed","ping_status":"closed","template":"templates\/template-frontpage.php","meta":{"footnotes":""},"_links":{"self":[{"href":"https:\/\/fg.ull.es\/empleo\/wp-json\/wp\/v2\/pages\/41841"}],"collection":[{"href":"https:\/\/fg.ull.es\/empleo\/wp-json\/wp\/v2\/pages"}],"about":[{"href":"https:\/\/fg.ull.es\/empleo\/wp-json\/wp\/v2\/types\/page"}],"author":[{"embeddable":true,"href":"https:\/\/fg.ull.es\/empleo\/wp-json\/wp\/v2\/users\/46"}],"replies":[{"embeddable":true,"href":"https:\/\/fg.ull.es\/empleo\/wp-json\/wp\/v2\/comments?post=41841"}],"version-history":[{"count":23,"href":"https:\/\/fg.ull.es\/empleo\/wp-json\/wp\/v2\/pages\/41841\/revisions"}],"predecessor-version":[{"id":41949,"href":"https:\/\/fg.ull.es\/empleo\/wp-json\/wp\/v2\/pages\/41841\/revisions\/41949"}],"up":[{"embeddable":true,"href":"https:\/\/fg.ull.es\/empleo\/wp-json\/wp\/v2\/pages\/16911"}],"wp:attachment":[{"href":"https:\/\/fg.ull.es\/empleo\/wp-json\/wp\/v2\/media?parent=41841"}],"curies":[{"name":"wp","href":"https:\/\/api.w.org\/{rel}","templated":true}]}}