{"id":41099,"date":"2015-07-13T11:12:53","date_gmt":"2015-07-13T10:12:53","guid":{"rendered":"http:\/\/www.fg.ull.es\/?page_id=19286"},"modified":"2025-06-26T10:00:33","modified_gmt":"2025-06-26T10:00:33","slug":"becas-insercion-laboral","status":"publish","type":"page","link":"https:\/\/fg.ull.es\/empleo\/becas-insercion-laboral\/","title":{"rendered":"Becas Inserci\u00f3n Laboral"},"content":{"rendered":"<section class=\"wpb-content-wrapper\"><p>[vc_row full_width=&#8221;stretch_row&#8221; content_placement=&#8221;middle&#8221; css=&#8221;.vc_custom_1538990656655{margin-top: -55px !important;margin-right: 0px !important;margin-bottom: 0px !important;margin-left: 0px !important;border-top-width: 0px !important;border-right-width: 0px !important;border-bottom-width: 0px !important;border-left-width: 0px !important;padding-top: 0px !important;padding-right: 0px !important;padding-bottom: 0px !important;padding-left: 0px !important;background-position: center !important;background-repeat: no-repeat !important;background-size: cover !important;}&#8221;][vc_column][vc_empty_space]\n\t\t\t<!-- START Contigo REVOLUTION SLIDER 6.6.15 --><p class=\"rs-p-wp-fix\"><\/p>\n\t\t\t<rs-module-wrap id=\"rev_slider_8_1_wrapper\" data-source=\"gallery\" style=\"visibility:hidden;background:transparent;padding:0;margin:0px auto;margin-top:0;margin-bottom:0;\">\n\t\t\t\t<rs-module id=\"rev_slider_8_1\" style=\"\" data-version=\"6.6.15\">\n\t\t\t\t\t<rs-slides style=\"overflow: hidden; position: absolute;\">\n\t\t\t\t\t\t<rs-slide style=\"position: absolute;\" data-key=\"rs-14\" data-title=\"POST SLIDE\" data-in=\"o:1;y:(100%);\" data-out=\"y:(-60%);\">\n\t\t\t\t\t\t\t<img src=\"\/\/fg.ull.es\/empleo\/wp-content\/plugins\/revslider\/public\/assets\/assets\/dummy.png\" alt=\"\" title=\"Becas Inserci\u00f3n Laboral\" class=\"rev-slidebg tp-rs-img rs-lazyload\" data-lazyload=\"\/\/fg.ull.es\/empleo\/wp-content\/uploads\/sites\/6\/2019\/04\/Slider-Programas-de-Formaci\u00f3n-Pr\u00e1ctica-en-Empresas-01.jpg\" data-bg=\"r:repeat;\" data-parallax=\"10\" data-no-retina>\n<!--\n\t\t\t\t\t\t\t--><rs-layer\n\t\t\t\t\t\t\t\tid=\"slider-8-slide-14-layer-1\" \n\t\t\t\t\t\t\t\tclass=\"Newspaper-Title\"\n\t\t\t\t\t\t\t\tdata-type=\"text\"\n\t\t\t\t\t\t\t\tdata-color=\"rgba(255, 255, 255, 1)\"\n\t\t\t\t\t\t\t\tdata-rsp_ch=\"on\"\n\t\t\t\t\t\t\t\tdata-xy=\"xo:452px,50px,50px,30px;yo:227px,135px,105px,130px;\"\n\t\t\t\t\t\t\t\tdata-text=\"w:normal;s:63,50,50,30;l:63,55,55,35;\"\n\t\t\t\t\t\t\t\tdata-dim=\"w:485px,600px,600px,420px;\"\n\t\t\t\t\t\t\t\tdata-padding=\"b:10;\"\n\t\t\t\t\t\t\t\tdata-frame_0=\"y:-100%;o:1;\"\n\t\t\t\t\t\t\t\tdata-frame_0_mask=\"u:t;\"\n\t\t\t\t\t\t\t\tdata-frame_1=\"st:1000.0003051758;sp:1500;sR:1000.0003051758;\"\n\t\t\t\t\t\t\t\tdata-frame_1_mask=\"u:t;\"\n\t\t\t\t\t\t\t\tdata-frame_999=\"st:4999.9996948242;sp:1000;sR:2499.9993896484;\"\n\t\t\t\t\t\t\t\tstyle=\"z-index:5;font-family:'Oswald';\"\n\t\t\t\t\t\t\t>Programas de Formaci\u00f3n Pr\u00e1ctica en Empresas \n\t\t\t\t\t\t\t<\/rs-layer><!--\n\n\t\t\t\t\t\t\t--><rs-layer\n\t\t\t\t\t\t\t\tid=\"slider-8-slide-14-layer-20\" \n\t\t\t\t\t\t\t\tdata-type=\"image\"\n\t\t\t\t\t\t\t\tdata-rsp_ch=\"on\"\n\t\t\t\t\t\t\t\tdata-xy=\"xo:768px;yo:365px;\"\n\t\t\t\t\t\t\t\tdata-text=\"l:22;a:inherit;\"\n\t\t\t\t\t\t\t\tdata-dim=\"w:['363px','363px','363px','363px'];h:['131px','131px','131px','131px'];\"\n\t\t\t\t\t\t\t\tdata-frame_0=\"y:-100%;o:1;\"\n\t\t\t\t\t\t\t\tdata-frame_0_mask=\"u:t;\"\n\t\t\t\t\t\t\t\tdata-frame_1=\"st:1559.9429321289;sp:1500;sR:1559.9429321289;\"\n\t\t\t\t\t\t\t\tdata-frame_1_mask=\"u:t;\"\n\t\t\t\t\t\t\t\tdata-frame_999=\"st:4999.9996948242;sR:1940.0567626953;\"\n\t\t\t\t\t\t\t\tstyle=\"z-index:6;\"\n\t\t\t\t\t\t\t><img src=\"\/\/fg.ull.es\/empleo\/wp-content\/plugins\/revslider\/public\/assets\/assets\/dummy.png\" alt=\"\" class=\"tp-rs-img rs-lazyload\" width=\"3544\" height=\"1277\" data-lazyload=\"\/\/fg.ull.es\/empleo\/wp-content\/uploads\/sites\/6\/2019\/04\/LOGO-NEGATIVO.png\" data-no-retina> \n\t\t\t\t\t\t\t<\/rs-layer><!--\n-->\t\t\t\t\t\t<\/rs-slide>\n\t\t\t\t\t<\/rs-slides>\n\t\t\t\t<\/rs-module>\n\t\t\t\t<script>\n\t\t\t\t\tsetREVStartSize({c: 'rev_slider_8_1',rl:[1240,1024,778,480],el:[540,540,500,400],gw:[1240,1024,778,480],gh:[540,540,500,400],type:'standard',justify:'',layout:'fullwidth',mh:\"0\"});if (window.RS_MODULES!==undefined && window.RS_MODULES.modules!==undefined && window.RS_MODULES.modules[\"revslider81\"]!==undefined) {window.RS_MODULES.modules[\"revslider81\"].once = false;window.revapi8 = undefined;if (window.RS_MODULES.checkMinimal!==undefined) window.RS_MODULES.checkMinimal()}\n\t\t\t\t<\/script>\n\t\t\t<\/rs-module-wrap>\n\t\t\t<!-- END REVOLUTION SLIDER -->\n[vc_empty_space][\/vc_column][\/vc_row][vc_row full_width=&#8221;stretch_row&#8221; css=&#8221;.vc_custom_1508156388041{border-bottom-width: 1px !important;padding-top: 40px !important;padding-bottom: 40px !important;background-color: #f8f8f8 !important;border-bottom-color: #e4e4e4 !important;border-bottom-style: solid !important;}&#8221;][vc_column width=&#8221;1\/4&#8243;][vc_single_image image=&#8221;33311&#8243; img_size=&#8221;128x128px&#8221; alignment=&#8221;center&#8221;][vc_empty_space height=&#8221;21px&#8221;][vc_custom_heading text=&#8221;FORMACI\u00d3N + ACOMPA\u00d1AMIENTO&#8221; font_container=&#8221;tag:p|font_size:27|text_align:center|color:%23000000|line_height:1.05&#8243; google_fonts=&#8221;font_family:Roboto%20Condensed%3A300%2C300italic%2Cregular%2Citalic%2C700%2C700italic|font_style:700%20bold%20regular%3A700%3Anormal&#8221; css=&#8221;.vc_custom_1508494729491{padding-top: 9px !important;}&#8221;][\/vc_column][vc_column width=&#8221;1\/4&#8243;][vc_single_image image=&#8221;33070&#8243; img_size=&#8221;128x128px&#8221; alignment=&#8221;center&#8221;][vc_empty_space height=&#8221;21px&#8221;][vc_custom_heading text=&#8221;PR\u00c1CTICAS EN EMPRESA&#8221; font_container=&#8221;tag:p|font_size:27|text_align:center|color:%23000000|line_height:1.05&#8243; google_fonts=&#8221;font_family:Roboto%20Condensed%3A300%2C300italic%2Cregular%2Citalic%2C700%2C700italic|font_style:700%20bold%20regular%3A700%3Anormal&#8221; css=&#8221;.vc_custom_1508494774310{padding-top: 9px !important;}&#8221;][\/vc_column][vc_column width=&#8221;1\/4&#8243;][vc_single_image image=&#8221;33077&#8243; img_size=&#8221;128&#215;128&#8243; alignment=&#8221;center&#8221;][vc_empty_space height=&#8221;21px&#8221;][vc_custom_heading text=&#8221;10 MESES&#8221; font_container=&#8221;tag:p|font_size:27|text_align:center|color:%23000000|line_height:1.75&#8243; google_fonts=&#8221;font_family:Roboto%20Condensed%3A300%2C300italic%2Cregular%2Citalic%2C700%2C700italic|font_style:700%20bold%20regular%3A700%3Anormal&#8221;][vc_custom_heading text=&#8221;M\u00e1x. 30 horas semanales&#8221; font_container=&#8221;tag:p|font_size:19|text_align:center|color:%23000000|line_height:1.75&#8243; google_fonts=&#8221;font_family:Roboto%20Condensed%3A300%2C300italic%2Cregular%2Citalic%2C700%2C700italic|font_style:400%20regular%3A400%3Anormal&#8221; css=&#8221;.vc_custom_1650872537620{margin-top: -20px !important;}&#8221;][\/vc_column][vc_column width=&#8221;1\/4&#8243;][vc_single_image image=&#8221;33072&#8243; img_size=&#8221;128&#215;128&#8243; alignment=&#8221;center&#8221;][vc_empty_space height=&#8221;21px&#8221;][vc_custom_heading text=&#8221;600,00 \u20ac BRUTOS&#8221; font_container=&#8221;tag:p|font_size:27|text_align:center|color:%23000000|line_height:1.75&#8243; google_fonts=&#8221;font_family:Roboto%20Condensed%3A300%2C300italic%2Cregular%2Citalic%2C700%2C700italic|font_style:700%20bold%20regular%3A700%3Anormal&#8221;][vc_custom_heading text=&#8221;DOTACI\u00d3N ECON\u00d3MICA&#8221; font_container=&#8221;tag:p|font_size:19|text_align:center|color:%23000000|line_height:1.75&#8243; google_fonts=&#8221;font_family:Roboto%20Condensed%3A300%2C300italic%2Cregular%2Citalic%2C700%2C700italic|font_style:400%20regular%3A400%3Anormal&#8221; css=&#8221;.vc_custom_1508159307767{margin-top: -20px !important;}&#8221;][vc_custom_heading text=&#8221;Bolsa de ayuda&#8221; font_container=&#8221;tag:p|font_size:19|text_align:center|color:%23000000|line_height:1.15&#8243; google_fonts=&#8221;font_family:Roboto%20Condensed%3A300%2C300italic%2Cregular%2Citalic%2C700%2C700italic|font_style:300%20light%20regular%3A300%3Anormal&#8221; css=&#8221;.vc_custom_1508159511693{margin-top: -20px !important;}&#8221;][\/vc_column][\/vc_row][vc_row css=&#8221;.vc_custom_1516696576995{margin-top: 0px !important;margin-right: 0px !important;margin-bottom: 0px !important;margin-left: 0px !important;border-top-width: 0px !important;border-right-width: 0px !important;border-bottom-width: 0px !important;border-left-width: 0px !important;padding-top: 80px !important;padding-right: 0px !important;padding-bottom: 120px !important;padding-left: 0px !important;}&#8221;][vc_column width=&#8221;1\/2&#8243; css=&#8221;.vc_custom_1508157072927{padding-right: 40px !important;}&#8221;][vc_custom_heading text=&#8221;BECAS DE INSERCI\u00d3N LABORAL&#8221; font_container=&#8221;tag:h1|font_size:36|text_align:left|color:%23000000|line_height:1.15&#8243; google_fonts=&#8221;font_family:Roboto%20Condensed%3A300%2C300italic%2Cregular%2Citalic%2C700%2C700italic|font_style:700%20bold%20regular%3A700%3Anormal&#8221;][vc_empty_space height=&#8221;15px&#8221;][vc_custom_heading text=&#8221;Programa formativo dirigido a personas tituladas en educaci\u00f3n superior sin experiencia laboral, que combina la formaci\u00f3n te\u00f3rica y acompa\u00f1amiento profesional, con la realizaci\u00f3n de pr\u00e1cticas tuteladas en empresas.&#8221; font_container=&#8221;tag:p|font_size:19|text_align:left|color:%23000000|line_height:1.6&#8243; google_fonts=&#8221;font_family:Roboto%3A100%2C100italic%2C300%2C300italic%2Cregular%2Citalic%2C500%2C500italic%2C700%2C700italic%2C900%2C900italic|font_style:300%20light%20regular%3A300%3Anormal&#8221;][vc_custom_heading text=&#8221;Con el desarrollo de este programa se persigue mejorar la empleabilidad e incrementar las posibilidades de inserci\u00f3n laboral de las personas beneficiarias.&#8221; font_container=&#8221;tag:p|font_size:19|text_align:left|color:%23000000|line_height:1.6&#8243; google_fonts=&#8221;font_family:Roboto%3A100%2C100italic%2C300%2C300italic%2Cregular%2Citalic%2C500%2C500italic%2C700%2C700italic%2C900%2C900italic|font_style:300%20light%20regular%3A300%3Anormal&#8221;][vc_empty_space height=&#8221;15px&#8221;][\/vc_column][vc_column width=&#8221;1\/2&#8243;][vc_cta h2=&#8221;Ventajas para su entidad&#8221;]<\/p>\n<ol>\n<li><span style=\"font-family: verdana, sans-serif\">Impulse su equipo de trabajo con conocimientos y energ\u00edas renovadas.<\/span><\/li>\n<li><span style=\"font-family: verdana, sans-serif\">Encuentre perfiles con formaci\u00f3n superior y espec\u00edfica.<\/span><\/li>\n<li><span style=\"font-family: verdana, sans-serif\">Gesti\u00f3n de la incorporaci\u00f3n\u00a0de forma inmediata.<\/span><\/li>\n<li><span style=\"font-family: verdana, sans-serif\">Intermediamos durante el desarrollo del programa para que las partes se vean mutuamente beneficiadas.<\/span><\/li>\n<li><span style=\"font-family: verdana, sans-serif\">Se reserva el derecho a cancelar el periodo de pr\u00e1cticas de manera anticipada, por cualquiera de las partes.<\/span><\/li>\n<li><span style=\"font-family: verdana, sans-serif\">Una vez finalizada la pr\u00e1ctica, podr\u00eda incorporarlo a su plantilla asegur\u00e1ndose tener el mejor perfil para el puesto.<\/span><\/li>\n<\/ol>\n<p>[\/vc_cta][vc_tta_accordion style=&#8221;flat&#8221; shape=&#8221;square&#8221; c_icon=&#8221;chevron&#8221; c_position=&#8221;right&#8221; active_section=&#8221;a&#8221; no_fill=&#8221;true&#8221; collapsible_all=&#8221;true&#8221; css=&#8221;.vc_custom_1544519263557{margin-top: -10px !important;margin-right: 0px !important;margin-bottom: 0px !important;margin-left: 0px !important;border-top-width: 0px !important;border-right-width: 0px !important;border-bottom-width: 0px !important;border-left-width: 0px !important;padding-top: 0px !important;padding-right: 0px !important;padding-bottom: 0px !important;padding-left: 0px !important;}&#8221;][vc_tta_section title=&#8221;Condiciones generales&#8221; tab_id=&#8221;1508160814332-fba49025-cb3f&#8221;][vc_custom_heading text=&#8221;- Perfiles a solicitar: Titulaciones Universitarias, Ciclos Formativos Medio y Superior y Certificados de Profesionalidad nivel 3, (cualquier titulaci\u00f3n).&#8221; font_container=&#8221;tag:p|font_size:19|text_align:left|color:%23000000|line_height:1.6&#8243; google_fonts=&#8221;font_family:Roboto%3A100%2C100italic%2C300%2C300italic%2Cregular%2Citalic%2C500%2C500italic%2C700%2C700italic%2C900%2C900italic|font_style:300%20light%20regular%3A300%3Anormal&#8221;][vc_custom_heading text=&#8221;- Duraci\u00f3n de la beca: m\u00e1ximo 10 meses.&#8221; font_container=&#8221;tag:p|font_size:19|text_align:left|color:%23000000|line_height:1.6&#8243; google_fonts=&#8221;font_family:Roboto%3A100%2C100italic%2C300%2C300italic%2Cregular%2Citalic%2C500%2C500italic%2C700%2C700italic%2C900%2C900italic|font_style:300%20light%20regular%3A300%3Anormal&#8221;][vc_custom_heading text=&#8221;- Horario: m\u00e1ximo de 30 horas\/semanales.&#8221; font_container=&#8221;tag:p|font_size:19|text_align:left|color:%23000000|line_height:1.6&#8243; google_fonts=&#8221;font_family:Roboto%3A100%2C100italic%2C300%2C300italic%2Cregular%2Citalic%2C500%2C500italic%2C700%2C700italic%2C900%2C900italic|font_style:300%20light%20regular%3A300%3Anormal&#8221;][vc_custom_heading text=&#8221;- Importe mensual bolsa de ayuda: 600,00 \u20ac&#8221; font_container=&#8221;tag:p|font_size:19|text_align:left|color:%23000000|line_height:1.6&#8243; google_fonts=&#8221;font_family:Roboto%3A100%2C100italic%2C300%2C300italic%2Cregular%2Citalic%2C500%2C500italic%2C700%2C700italic%2C900%2C900italic|font_style:300%20light%20regular%3A300%3Anormal&#8221;][vc_custom_heading text=&#8221;- Coste total entidad de acogida: 743,69 \u20ac\/mes.&#8221; font_container=&#8221;tag:p|font_size:19|text_align:left|color:%23000000|line_height:1.6&#8243; google_fonts=&#8221;font_family:Roboto%3A100%2C100italic%2C300%2C300italic%2Cregular%2Citalic%2C500%2C500italic%2C700%2C700italic%2C900%2C900italic|font_style:300%20light%20regular%3A300%3Anormal&#8221;][vc_custom_heading text=&#8221;*La beca de inserci\u00f3n se dirige exclusivamente a ciclos formativos de grado superior, excepto cuando no exista un ciclo superior relacionado en la oferta acad\u00e9mica.&#8221; font_container=&#8221;tag:p|font_size:19|text_align:left|color:%23000000|line_height:1.6&#8243; google_fonts=&#8221;font_family:Roboto%3A100%2C100italic%2C300%2C300italic%2Cregular%2Citalic%2C500%2C500italic%2C700%2C700italic%2C900%2C900italic|font_style:300%20light%20regular%3A300%3Anormal&#8221;][vc_empty_space height=&#8221;20px&#8221;][\/vc_tta_section][\/vc_tta_accordion][vc_btn title=&#8221;Solicitud de perfiles&#8221; color=&#8221;violet&#8221; size=&#8221;lg&#8221; align=&#8221;center&#8221; button_block=&#8221;true&#8221; link=&#8221;url:https%3A%2F%2Fsede.fg.ull.es%2Fes%2Fentidad%2Fempresaformalumno%2F2|title:https%3A%2F%2Fsede.fg.ull.es%2Fes%2Fentidad%2Fempresaformalumno%2F2|target:_blank&#8221;][vc_custom_heading text=&#8221;(+34) 922 319 946<br \/>\nformacionpractica@fg.ull.es&#8221; font_container=&#8221;tag:h5|text_align:left&#8221; use_theme_fonts=&#8221;yes&#8221;][\/vc_column][\/vc_row]<\/p>\n<\/section>","protected":false},"excerpt":{"rendered":"<p>[vc_row full_width=&#8221;stretch_row&#8221; content_placement=&#8221;middle&#8221; css=&#8221;.vc_custom_1538990656655{margin-top: -55px !important;margin-right: 0px !important;margin-bottom: 0px !important;margin-left: 0px !important;border-top-width: 0px !important;border-right-width: 0px !important;border-bottom-width: 0px !important;border-left-width: 0px !important;padding-top: 0px !important;padding-right: 0px !important;padding-bottom: 0px !important;padding-left: 0px !important;background-position: center !important;background-repeat: no-repeat !important;background-size: cover !important;}&#8221;][vc_column][vc_empty_space][vc_empty_space][\/vc_column][\/vc_row][vc_row full_width=&#8221;stretch_row&#8221; css=&#8221;.vc_custom_1508156388041{border-bottom-width: 1px !important;padding-top: 40px !important;padding-bottom: 40px !important;background-color: #f8f8f8 !important;border-bottom-color: #e4e4e4 !important;border-bottom-style: solid !important;}&#8221;][vc_column width=&#8221;1\/4&#8243;][vc_single_image image=&#8221;33311&#8243; img_size=&#8221;128x128px&#8221; alignment=&#8221;center&#8221;][vc_empty_space height=&#8221;21px&#8221;][vc_custom_heading text=&#8221;FORMACI\u00d3N +&#8230;<\/p>\n","protected":false},"author":1,"featured_media":0,"parent":0,"menu_order":0,"comment_status":"closed","ping_status":"closed","template":"templates\/template-frontpage.php","meta":{"footnotes":""},"_links":{"self":[{"href":"https:\/\/fg.ull.es\/empleo\/wp-json\/wp\/v2\/pages\/41099"}],"collection":[{"href":"https:\/\/fg.ull.es\/empleo\/wp-json\/wp\/v2\/pages"}],"about":[{"href":"https:\/\/fg.ull.es\/empleo\/wp-json\/wp\/v2\/types\/page"}],"author":[{"embeddable":true,"href":"https:\/\/fg.ull.es\/empleo\/wp-json\/wp\/v2\/users\/1"}],"replies":[{"embeddable":true,"href":"https:\/\/fg.ull.es\/empleo\/wp-json\/wp\/v2\/comments?post=41099"}],"version-history":[{"count":6,"href":"https:\/\/fg.ull.es\/empleo\/wp-json\/wp\/v2\/pages\/41099\/revisions"}],"predecessor-version":[{"id":41636,"href":"https:\/\/fg.ull.es\/empleo\/wp-json\/wp\/v2\/pages\/41099\/revisions\/41636"}],"wp:attachment":[{"href":"https:\/\/fg.ull.es\/empleo\/wp-json\/wp\/v2\/media?parent=41099"}],"curies":[{"name":"wp","href":"https:\/\/api.w.org\/{rel}","templated":true}]}}