{"id":39473,"date":"2020-04-15T11:33:42","date_gmt":"2020-04-15T11:33:42","guid":{"rendered":"https:\/\/fg.ull.es\/empleo\/?page_id=39473"},"modified":"2025-02-18T12:30:14","modified_gmt":"2025-02-18T12:30:14","slug":"capacita-requisitos","status":"publish","type":"page","link":"https:\/\/fg.ull.es\/empleo\/capacita-requisitos\/","title":{"rendered":"Capacita &#8211; Requisitos"},"content":{"rendered":"<section class=\"wpb-content-wrapper\"><p>[vc_row full_width=&#8221;stretch_row_content&#8221;][vc_column]\t\t\t<script src=\"\/\/fg.ull.es\/empleo\/wp-content\/plugins\/revslider\/public\/assets\/js\/rbtools.min.js?rev=6.6.15\"><\/script>\t\t\t<script src=\"\/\/fg.ull.es\/empleo\/wp-content\/plugins\/revslider\/public\/assets\/js\/rs6.min.js?rev=6.6.15\"><\/script>\t\t\t<!-- START Capacita 6 REVOLUTION SLIDER 6.6.15 --><p class=\"rs-p-wp-fix\"><\/p>\t\t\t<rs-module-wrap id=\"rev_slider_24_1_wrapper\" data-source=\"gallery\" style=\"visibility:hidden;background:transparent;padding:0;margin:0px auto;margin-top:0;margin-bottom:0;\">\t\t\t\t<rs-module id=\"rev_slider_24_1\" style=\"\" data-version=\"6.6.15\">\t\t\t\t\t<rs-slides style=\"overflow: hidden; position: absolute;\">\t\t\t\t\t\t<rs-slide style=\"position: absolute;\" data-key=\"rs-100\" data-title=\"Slide\" data-in=\"o:0;\" data-out=\"a:false;\">\t\t\t\t\t\t\t<img src=\"\/\/fg.ull.es\/empleo\/wp-content\/plugins\/revslider\/public\/assets\/assets\/dummy.png\" alt=\"\" title=\"Header Capacita_Fondo\" width=\"1921\" height=\"401\" class=\"rev-slidebg tp-rs-img rs-lazyload\" data-lazyload=\"\/\/fg.ull.es\/empleo\/wp-content\/uploads\/sites\/6\/2025\/02\/Header-Capacita_Fondo.png\" data-no-retina><!--\t\t\t\t\t\t\t--><rs-layer\t\t\t\t\t\t\t\tid=\"slider-24-slide-100-layer-3\" \t\t\t\t\t\t\t\tdata-type=\"image\"\t\t\t\t\t\t\t\tdata-rsp_ch=\"on\"\t\t\t\t\t\t\t\tdata-xy=\"xo:104px,104px,104px,31px;yo:51px,51px,51px,49px;\"\t\t\t\t\t\t\t\tdata-text=\"w:normal;s:20,20,20,7;l:0,0,0,9;\"\t\t\t\t\t\t\t\tdata-dim=\"w:476px,476px,476px,413px;h:219px,219px,219px,190px;\"\t\t\t\t\t\t\t\tdata-frame_1=\"st:1360;sR:1360;\"\t\t\t\t\t\t\t\tdata-frame_999=\"o:0;st:w;sR:7340;\"\t\t\t\t\t\t\t\tstyle=\"z-index:8;\"\t\t\t\t\t\t\t><img src=\"\/\/fg.ull.es\/empleo\/wp-content\/plugins\/revslider\/public\/assets\/assets\/dummy.png\" alt=\"\" class=\"tp-rs-img rs-lazyload\" width=\"640\" height=\"295\" data-lazyload=\"\/\/fg.ull.es\/empleo\/wp-content\/uploads\/sites\/6\/2025\/02\/1-Header Capacita_Texto.png\" data-no-retina> \t\t\t\t\t\t\t<\/rs-layer><!--\t\t\t\t\t\t\t--><rs-layer\t\t\t\t\t\t\t\tid=\"slider-24-slide-100-layer-4\" \t\t\t\t\t\t\t\tdata-type=\"image\"\t\t\t\t\t\t\t\tdata-rsp_ch=\"on\"\t\t\t\t\t\t\t\tdata-xy=\"xo:612px,612px,612px,140px;yo:100px,100px,100px,264px;\"\t\t\t\t\t\t\t\tdata-text=\"w:normal;s:20,20,20,7;l:0,0,0,9;\"\t\t\t\t\t\t\t\tdata-dim=\"w:505px,505px,505px,344px;h:264px,264px,264px,180px;\"\t\t\t\t\t\t\t\tdata-frame_1=\"st:670;sR:670;\"\t\t\t\t\t\t\t\tdata-frame_999=\"o:0;st:w;sR:8030;\"\t\t\t\t\t\t\t\tstyle=\"z-index:9;\"\t\t\t\t\t\t\t><img src=\"\/\/fg.ull.es\/empleo\/wp-content\/plugins\/revslider\/public\/assets\/assets\/dummy.png\" alt=\"\" class=\"tp-rs-img rs-lazyload\" width=\"608\" height=\"318\" data-lazyload=\"\/\/fg.ull.es\/empleo\/wp-content\/uploads\/sites\/6\/2025\/02\/1-Header Capacita_Imagen.png\" data-no-retina> \t\t\t\t\t\t\t<\/rs-layer><!---->\t\t\t\t\t\t<\/rs-slide>\t\t\t\t\t<\/rs-slides>\t\t\t\t<\/rs-module>\t\t\t\t<script>\t\t\t\t\tsetREVStartSize({c: 'rev_slider_24_1',rl:[1240,1240,1240,480],el:[400,400,400,480],gw:[1240,1240,1240,480],gh:[400,400,400,480],type:'standard',justify:'',layout:'fullwidth',mh:\"0\"});if (window.RS_MODULES!==undefined && window.RS_MODULES.modules!==undefined && window.RS_MODULES.modules[\"revslider241\"]!==undefined) {window.RS_MODULES.modules[\"revslider241\"].once = false;window.revapi24 = undefined;if (window.RS_MODULES.checkMinimal!==undefined) window.RS_MODULES.checkMinimal()}\t\t\t\t<\/script>\t\t\t<\/rs-module-wrap>\t\t\t<!-- END REVOLUTION SLIDER -->[vc_empty_space height=&#8221;60px&#8221;][\/vc_column][\/vc_row][vc_row][vc_column][vc_custom_heading text=&#8221;Requisitos&#8221; font_container=&#8221;tag:h2|font_size:36|text_align:left|color:%23606060|line_height:1.15&#8243; google_fonts=&#8221;font_family:Montserrat%3Aregular%2C700|font_style:700%20bold%20regular%3A700%3Anormal&#8221;][vc_empty_space height=&#8221;5px&#8221;][vc_custom_heading text=&#8221;Podr\u00e1n participar en el programa las personas que cumplan los siguientes requisitos:&#8221; font_container=&#8221;tag:p|font_size:19|text_align:left|color:%23000000|line_height:1.6&#8243; google_fonts=&#8221;font_family:Roboto%3A100%2C100italic%2C300%2C300italic%2Cregular%2Citalic%2C500%2C500italic%2C700%2C700italic%2C900%2C900italic|font_style:300%20light%20regular%3A300%3Anormal&#8221;][vc_empty_space height=&#8221;5px&#8221;][vc_row_inner][vc_column_inner width=&#8221;1\/3&#8243;][vc_single_image image=&#8221;43267&#8243; alignment=&#8221;center&#8221; style=&#8221;vc_box_rounded&#8221; onclick=&#8221;custom_link&#8221; css_animation=&#8221;bounceInDown&#8221;][vc_empty_space height=&#8221;10px&#8221;][vc_custom_heading text=&#8221;1. Inscritos en el<br \/>\nSCE&#8221; font_container=&#8221;tag:h4|font_size:2.5rem|text_align:center|color:%23606060|line_height:1.15&#8243; google_fonts=&#8221;font_family:Montserrat%3Aregular%2C700|font_style:700%20bold%20regular%3A700%3Anormal&#8221;][\/vc_column_inner][vc_column_inner width=&#8221;1\/3&#8243;][vc_single_image image=&#8221;43269&#8243; alignment=&#8221;center&#8221; style=&#8221;vc_box_rounded&#8221; onclick=&#8221;custom_link&#8221; css_animation=&#8221;bounceInDown&#8221;][vc_empty_space height=&#8221;10px&#8221;][vc_custom_heading text=&#8221;2. Estudiantes y personas<br \/>\ntituladas&#8221; font_container=&#8221;tag:h4|font_size:2.5rem|text_align:center|color:%23606060|line_height:1.15&#8243; google_fonts=&#8221;font_family:Montserrat%3Aregular%2C700|font_style:700%20bold%20regular%3A700%3Anormal&#8221;][\/vc_column_inner][vc_column_inner width=&#8221;1\/3&#8243;][vc_single_image image=&#8221;43268&#8243; alignment=&#8221;center&#8221; style=&#8221;vc_box_rounded&#8221; onclick=&#8221;custom_link&#8221; css_animation=&#8221;bounceInDown&#8221;][vc_empty_space height=&#8221;10px&#8221;][vc_custom_heading text=&#8221;3. Residentes en<br \/>\nTenerife&#8221; font_container=&#8221;tag:h4|font_size:2.5rem|text_align:center|color:%23606060|line_height:1.15&#8243; google_fonts=&#8221;font_family:Montserrat%3Aregular%2C700|font_style:700%20bold%20regular%3A700%3Anormal&#8221;][\/vc_column_inner][\/vc_row_inner][vc_empty_space height=&#8221;10px&#8221;][\/vc_column][\/vc_row][vc_row][vc_column][vc_column_text]Los requisitos generales para participar en el programa son:<\/p>\n<h3>Residencia:<\/h3>\n<p>Para acceder al programa Capacita la persona debe acreditar residencia en la Isla de Tenerife, lo cual debe ser demostrado mediante el documento de identidad vigente (DNI) o, en su defecto, mediante un certificado de residencia expedido por el ayuntamiento correspondiente.<\/p>\n<h3>Estudios:<\/h3>\n<p>Para acceder al programa la persona debe ser estudiante o graduada de Educaci\u00f3n Superior. Esto incluye:<\/p>\n<ul>\n<li>Estudios universitarios de grado o posgrado.<\/li>\n<li>Ciclos Formativos de Grado Superior.<\/li>\n<li>Certificados de Profesionalidad de Nivel 3.<\/li>\n<\/ul>\n<p>Las personas con titulaciones obtenidas en el extranjero deber\u00e1n estar en posesi\u00f3n de la correspondiente credencial de homologaci\u00f3n o, en su caso, del certificado de equivalencia.<\/p>\n<h3>Situaci\u00f3n laboral:<\/h3>\n<p>Las personas que quieran acceder a Capacita deben estar registradas en el Servicio P\u00fablico de Empleo en situaci\u00f3n de alta y en alguno de los siguientes estados:<\/p>\n<ul>\n<li>Demandantes de empleo en desempleo<\/li>\n<li>Demandantes de servicios previos al empleo<\/li>\n<li>Demandantes en situaci\u00f3n de mejora de empleo<\/li>\n<\/ul>\n<p>Solo si, adem\u00e1s, quieres participar en el programa de experiencias pr\u00e1cticas, deber\u00e1s haber titulado cumpliendo los requisitos anteriores y los siguientes:<\/p>\n<ul>\n<li>No podr\u00e1n haber transcurrido m\u00e1s de 36 meses entre la inscripci\u00f3n en el programa y la fecha de finalizaci\u00f3n de los estudios<\/li>\n<li>No podr\u00e1n optar al programa las personas que hayan sido beneficiarias de otros de similares caracter\u00edsticas por un per\u00edodo total acumulado de diez meses, no teni\u00e9ndose en cuenta a estos efectos las pr\u00e1cticas que formen parte de los curr\u00edculos para la obtenci\u00f3n de las titulaciones o certificados correspondientes<\/li>\n<li>No podr\u00e1n tener una experiencia profesional superior a seis meses que est\u00e9 relacionada con la titulaci\u00f3n de acceso al programa, entendiendo como experiencia profesional, a efectos de este programa, la adquirida mediante contrataci\u00f3n laboral o la prestaci\u00f3n de servicios, relacionados con la titulaci\u00f3n de acceso al programa.<\/li>\n<\/ul>\n<p>[\/vc_column_text][\/vc_column][\/vc_row][vc_row][vc_column][vc_empty_space height=&#8221;10px&#8221;][vc_custom_heading text=&#8221;Acceso r\u00e1pido a los contenidos de Capacita&#8221; font_container=&#8221;tag:h3|font_size:20|text_align:right|color:%2334005b|line_height:1.15&#8243; google_fonts=&#8221;font_family:Roboto%20Condensed%3A300%2C300italic%2Cregular%2Citalic%2C700%2C700italic|font_style:700%20bold%20regular%3A700%3Anormal&#8221;][vc_empty_space height=&#8221;10px&#8221;][\/vc_column][\/vc_row][vc_row][vc_column width=&#8221;1\/4&#8243;][vc_btn title=&#8221;M\u00e1s sobre Capacita&#8221; style=&#8221;custom&#8221; custom_background=&#8221;#3f55ff&#8221; custom_text=&#8221;#ffffff&#8221; align=&#8221;center&#8221; css_animation=&#8221;bottom-to-top&#8221; button_block=&#8221;true&#8221; link=&#8221;url:https%3A%2F%2Ffg.ull.es%2Fempleo%2Fcapacitaull%2Fcapacita-intro%2F|||&#8221; css=&#8221;.vc_custom_1705495435593{padding-top: 0px !important;padding-bottom: 0px !important;}&#8221;][\/vc_column][vc_column width=&#8221;1\/4&#8243;][vc_btn title=&#8221;Objetivos&#8221; style=&#8221;custom&#8221; custom_background=&#8221;#3f55ff&#8221; custom_text=&#8221;#ffffff&#8221; align=&#8221;center&#8221; css_animation=&#8221;top-to-bottom&#8221; button_block=&#8221;true&#8221; link=&#8221;url:https%3A%2F%2Ffg.ull.es%2Fempleo%2Fcapacita-objetivos%2F|||&#8221;][\/vc_column][vc_column width=&#8221;1\/4&#8243;][vc_btn title=&#8221;Requisitos&#8221; style=&#8221;custom&#8221; custom_background=&#8221;#3f55ff&#8221; custom_text=&#8221;#ffffff&#8221; align=&#8221;center&#8221; css_animation=&#8221;top-to-bottom&#8221; button_block=&#8221;true&#8221; link=&#8221;url:https%3A%2F%2Ffg.ull.es%2Fempleo%2Fcapacita-requisitos%2F|||&#8221;][\/vc_column][vc_column width=&#8221;1\/4&#8243;][vc_btn title=&#8221;Formacion&#8221; style=&#8221;custom&#8221; custom_background=&#8221;#3f55ff&#8221; custom_text=&#8221;#ffffff&#8221; align=&#8221;center&#8221; css_animation=&#8221;top-to-bottom&#8221; button_block=&#8221;true&#8221; link=&#8221;url:https%3A%2F%2Ffg.ull.es%2Fempleo%2Fcapacita%2Fformacion%2F|||&#8221;][\/vc_column][\/vc_row][vc_row][vc_column][vc_column_text]<\/p>\n<p>&nbsp;<\/p>\n<p>&nbsp;<\/p>\n<p>[\/vc_column_text][\/vc_column][\/vc_row][vc_row][vc_column][vc_single_image image=&#8221;43333&#8243; img_size=&#8221;large&#8221; alignment=&#8221;center&#8221; css=&#8221;.vc_custom_1739881786705{margin-top: 0px !important;margin-right: 0px !important;margin-bottom: 0px !important;margin-left: 0px !important;border-top-width: 0px !important;border-right-width: 0px !important;border-bottom-width: 0px !important;border-left-width: 0px !important;padding-top: 0px !important;padding-right: 0px !important;padding-bottom: 0px !important;padding-left: 0px !important;}&#8221;][\/vc_column][\/vc_row][vc_row][vc_column][vc_column_text]<\/p>\n<p>&nbsp;<\/p>\n<p>&nbsp;<\/p>\n<p>[\/vc_column_text][\/vc_column][\/vc_row]<\/p>\n<\/section>","protected":false},"excerpt":{"rendered":"<p>[vc_row full_width=&#8221;stretch_row_content&#8221;][vc_column][vc_empty_space height=&#8221;60px&#8221;][\/vc_column][\/vc_row][vc_row][vc_column][vc_custom_heading text=&#8221;Requisitos&#8221; font_container=&#8221;tag:h2|font_size:36|text_align:left|color:%23606060|line_height:1.15&#8243; google_fonts=&#8221;font_family:Montserrat%3Aregular%2C700|font_style:700%20bold%20regular%3A700%3Anormal&#8221;][vc_empty_space height=&#8221;5px&#8221;][vc_custom_heading text=&#8221;Podr\u00e1n participar en el programa las personas que cumplan los siguientes requisitos:&#8221; font_container=&#8221;tag:p|font_size:19|text_align:left|color:%23000000|line_height:1.6&#8243; google_fonts=&#8221;font_family:Roboto%3A100%2C100italic%2C300%2C300italic%2Cregular%2Citalic%2C500%2C500italic%2C700%2C700italic%2C900%2C900italic|font_style:300%20light%20regular%3A300%3Anormal&#8221;][vc_empty_space height=&#8221;5px&#8221;][vc_row_inner][vc_column_inner width=&#8221;1\/3&#8243;][vc_single_image image=&#8221;43267&#8243; alignment=&#8221;center&#8221; style=&#8221;vc_box_rounded&#8221; onclick=&#8221;custom_link&#8221; css_animation=&#8221;bounceInDown&#8221;][vc_empty_space height=&#8221;10px&#8221;][vc_custom_heading text=&#8221;1. Inscritos en el SCE&#8221; font_container=&#8221;tag:h4|font_size:2.5rem|text_align:center|color:%23606060|line_height:1.15&#8243; google_fonts=&#8221;font_family:Montserrat%3Aregular%2C700|font_style:700%20bold%20regular%3A700%3Anormal&#8221;][\/vc_column_inner][vc_column_inner width=&#8221;1\/3&#8243;][vc_single_image image=&#8221;43269&#8243; alignment=&#8221;center&#8221; style=&#8221;vc_box_rounded&#8221; onclick=&#8221;custom_link&#8221; css_animation=&#8221;bounceInDown&#8221;][vc_empty_space height=&#8221;10px&#8221;][vc_custom_heading text=&#8221;2. Estudiantes y personas tituladas&#8221; font_container=&#8221;tag:h4|font_size:2.5rem|text_align:center|color:%23606060|line_height:1.15&#8243; google_fonts=&#8221;font_family:Montserrat%3Aregular%2C700|font_style:700%20bold%20regular%3A700%3Anormal&#8221;][\/vc_column_inner][vc_column_inner width=&#8221;1\/3&#8243;][vc_single_image image=&#8221;43268&#8243; alignment=&#8221;center&#8221; style=&#8221;vc_box_rounded&#8221; onclick=&#8221;custom_link&#8221;&#8230;<\/p>\n","protected":false},"author":9,"featured_media":39666,"parent":0,"menu_order":0,"comment_status":"closed","ping_status":"closed","template":"templates\/template-frontpage.php","meta":{"footnotes":""},"_links":{"self":[{"href":"https:\/\/fg.ull.es\/empleo\/wp-json\/wp\/v2\/pages\/39473"}],"collection":[{"href":"https:\/\/fg.ull.es\/empleo\/wp-json\/wp\/v2\/pages"}],"about":[{"href":"https:\/\/fg.ull.es\/empleo\/wp-json\/wp\/v2\/types\/page"}],"author":[{"embeddable":true,"href":"https:\/\/fg.ull.es\/empleo\/wp-json\/wp\/v2\/users\/9"}],"replies":[{"embeddable":true,"href":"https:\/\/fg.ull.es\/empleo\/wp-json\/wp\/v2\/comments?post=39473"}],"version-history":[{"count":18,"href":"https:\/\/fg.ull.es\/empleo\/wp-json\/wp\/v2\/pages\/39473\/revisions"}],"predecessor-version":[{"id":43344,"href":"https:\/\/fg.ull.es\/empleo\/wp-json\/wp\/v2\/pages\/39473\/revisions\/43344"}],"wp:featuredmedia":[{"embeddable":true,"href":"https:\/\/fg.ull.es\/empleo\/wp-json\/wp\/v2\/media\/39666"}],"wp:attachment":[{"href":"https:\/\/fg.ull.es\/empleo\/wp-json\/wp\/v2\/media?parent=39473"}],"curies":[{"name":"wp","href":"https:\/\/api.w.org\/{rel}","templated":true}]}}