{"id":38016,"date":"2019-07-22T10:16:16","date_gmt":"2019-07-22T10:16:16","guid":{"rendered":"https:\/\/fg.ull.es\/empleo\/?page_id=38016"},"modified":"2023-03-01T15:41:33","modified_gmt":"2023-03-01T15:41:33","slug":"estadisticas-de-insercion-laboral-de-los-titulados-en-educacion-superior-de-canarias","status":"publish","type":"page","link":"https:\/\/fg.ull.es\/empleo\/resultados\/informes-de-insercion-laboral-de-las-titulaciones-de-la-ull\/estadisticas-de-insercion-laboral-de-los-titulados-en-educacion-superior-de-canarias\/","title":{"rendered":"An\u00e1lisis interactivo de la inserci\u00f3n laboral de los titulados en Educaci\u00f3n Superior de Canarias (2019)"},"content":{"rendered":"<section class=\"wpb-content-wrapper\"><p>[vc_row][vc_column][vc_custom_heading source=&#8221;post_title&#8221; font_container=&#8221;tag:h5|font_size:20|text_align:justify&#8221; use_theme_fonts=&#8221;yes&#8221;][vc_column_text]La Universidad de La Laguna por medio de su Fundaci\u00f3n General presenta esta herramienta que permite analizar y comparar los indicadores de empleo de las distintas titulaciones superiores impartidas en centros p\u00fablicos de Canarias por medio de la explotaci\u00f3n de la Estad\u00edstica de Inserci\u00f3n Laboral elaborada por el Instituto Canario de Estad\u00edsticas.<br \/>\nPara una correcta visualizaci\u00f3n recomendamos activar el modo pantalla completa en la barra inferior del informe. Puede emplear los cuadros de selecci\u00f3n sombreados en amarillo para filtrar la informaci\u00f3n por tipo y \u00e1mbito de estudio, centro formativo y curso de egreso. Para seleccionar m\u00e1s de un elemento de filtro mantenga pulsada la tecla Control (Ctrl) mientras realiza la selecci\u00f3n. Puede borrar los filtros seleccionados haciendo clic en el icono &#8220;Borrar selecci\u00f3n&#8221; que aparece al poner el rat\u00f3n encima del cuadro de selecci\u00f3n.[\/vc_column_text][vc_raw_html]JTNDaWZyYW1lJTIwd2lkdGglM0QlMjI5MzMlMjIlMjBoZWlnaHQlM0QlMjI3MDAlMjIlMjBzcmMlM0QlMjJodHRwcyUzQSUyRiUyRmFwcC5wb3dlcmJpLmNvbSUyRnZpZXclM0ZyJTNEZXlKcklqb2lNMkprTTJJd09HSXRObUV5TXkwMFl6Z3lMV0ZoTldRdE9EZzVPVGs0WlRNd09EQmpJaXdpZENJNklqZ3hNV1ZsTURjMkxXVm1OR010TkdKaE1DMWlOalF4TFRKaVpUSTFOMlZsTm1JNVlpSXNJbU1pT2poOSUyMiUyMGZyYW1lYm9yZGVyJTNEJTIyMCUyMiUyMGFsbG93RnVsbFNjcmVlbiUzRCUyMnRydWUlMjIlM0UlM0MlMkZpZnJhbWUlM0U=[\/vc_raw_html][\/vc_column][\/vc_row]<\/p>\n<\/section>","protected":false},"excerpt":{"rendered":"<p>[vc_row][vc_column][vc_custom_heading source=&#8221;post_title&#8221; font_container=&#8221;tag:h5|font_size:20|text_align:justify&#8221; use_theme_fonts=&#8221;yes&#8221;][vc_column_text]La Universidad de La Laguna por medio de su Fundaci\u00f3n General presenta esta herramienta que permite analizar y comparar los indicadores de empleo de las distintas titulaciones superiores impartidas en centros p\u00fablicos de Canarias por medio de la explotaci\u00f3n de la Estad\u00edstica de Inserci\u00f3n Laboral elaborada por el Instituto Canario de Estad\u00edsticas&#8230;.<\/p>\n","protected":false},"author":13,"featured_media":0,"parent":40456,"menu_order":0,"comment_status":"closed","ping_status":"closed","template":"","meta":{"footnotes":""},"_links":{"self":[{"href":"https:\/\/fg.ull.es\/empleo\/wp-json\/wp\/v2\/pages\/38016"}],"collection":[{"href":"https:\/\/fg.ull.es\/empleo\/wp-json\/wp\/v2\/pages"}],"about":[{"href":"https:\/\/fg.ull.es\/empleo\/wp-json\/wp\/v2\/types\/page"}],"author":[{"embeddable":true,"href":"https:\/\/fg.ull.es\/empleo\/wp-json\/wp\/v2\/users\/13"}],"replies":[{"embeddable":true,"href":"https:\/\/fg.ull.es\/empleo\/wp-json\/wp\/v2\/comments?post=38016"}],"version-history":[{"count":18,"href":"https:\/\/fg.ull.es\/empleo\/wp-json\/wp\/v2\/pages\/38016\/revisions"}],"predecessor-version":[{"id":41440,"href":"https:\/\/fg.ull.es\/empleo\/wp-json\/wp\/v2\/pages\/38016\/revisions\/41440"}],"up":[{"embeddable":true,"href":"https:\/\/fg.ull.es\/empleo\/wp-json\/wp\/v2\/pages\/40456"}],"wp:attachment":[{"href":"https:\/\/fg.ull.es\/empleo\/wp-json\/wp\/v2\/media?parent=38016"}],"curies":[{"name":"wp","href":"https:\/\/api.w.org\/{rel}","templated":true}]}}