{"id":37166,"date":"2019-01-17T13:24:08","date_gmt":"2019-01-17T13:24:08","guid":{"rendered":"https:\/\/fg.ull.es\/empleo\/?page_id=37166"},"modified":"2024-07-05T12:28:24","modified_gmt":"2024-07-05T12:28:24","slug":"faq-preguntas-frecuentes","status":"publish","type":"page","link":"https:\/\/fg.ull.es\/empleo\/cataliza-canarias\/faq-preguntas-frecuentes\/","title":{"rendered":"FAQ &#8211; Preguntas Frecuentes"},"content":{"rendered":"<section class=\"wpb-content-wrapper\"><p>[vc_row full_width=&#8221;stretch_row_content_no_spaces&#8221; css=&#8221;.vc_custom_1720182443019{background-image: url(https:\/\/fg.ull.es\/empleo\/wp-content\/uploads\/sites\/6\/2024\/07\/CATALIZA_Slider-subpaginas.png?id=42928) !important;}&#8221;][vc_column][vc_row_inner][vc_column_inner width=&#8221;2\/3&#8243;][vc_empty_space height=&#8221;65&#8243;][vc_custom_heading text=&#8221;FAQ&#8221; font_container=&#8221;tag:h2|font_size:90|text_align:center|color:%23ffffff&#8221; google_fonts=&#8221;font_family:Montserrat%20Alternates%3Aregular%2C700|font_style:700%20bold%20regular%3A700%3Anormal&#8221; css_animation=&#8221;bounceIn&#8221;][\/vc_column_inner][vc_column_inner width=&#8221;1\/3&#8243;][\/vc_column_inner][\/vc_row_inner][vc_empty_space height=&#8221;150&#8243;][\/vc_column][\/vc_row][vc_row][vc_column][vc_empty_space height=&#8221;65&#8243;][vc_toggle title=&#8221;\u00bfTengo que inscribirme en el Servicio Canario de Empleo si quiero participar en el Programa?&#8221;]<strong>S\u00ed<\/strong>, tendr\u00e1s que darte de alta como demandante de empleo y actualizar tu curr\u00edculum vitae (recuerda presentar tu titulaci\u00f3n acad\u00e9mica en la oficina de empleo correspondiente).[\/vc_toggle][vc_toggle title=&#8221;\u00bfPuedo acceder al Programa con el t\u00edtulo de m\u00e1ster, posgrado, experto o especialista?&#8221;]<strong>No<\/strong>, \u00fanicamente podr\u00e1n acceder al Programa los\/lasTitulados\/as universitarios\/as, de ciclo formativo de grado superior o qui\u00e9n posea un certificado profesional nivel 3, con edades comprendidas entre 18 y 29 a\u00f1os (inclusive).<\/p>\n<p><a href=\"https:\/\/fg.ull.es\/catalizacanarias\/titulados_as\/\">Consulta los requisitos de acceso.<\/a>[\/vc_toggle][vc_toggle title=&#8221;\u00bfHasta cu\u00e1ndo puedo darme de alta como demandante de empleo y actualizar mi curr\u00edculum?&#8221;]Te recomendamos que te inscribas como demandante de empleo y actualices tu curr\u00edculum cuanto antes. Tendr\u00e1s oportunidad de participar mientras no se cubran las plazas disponibles, cuando esto suceda, lo comunicaremos en este mismo medio.[\/vc_toggle][vc_toggle title=&#8221;\u00bfPuedo elegir la empresa?&#8221;]Creemos en la b\u00fasqueda de oportunidades, nos fijamos el objetivo de darte los recursos que necesitas para formarte y desarrollarte profesionalmente. Por ello, te brindamos un abanico de posibilidades, mediante las solicitudes directas de empresas interesadas en el Programa y tambi\u00e9n te damos la oportunidad de que seas t\u00fa el que nos proponga la empresa para incrementar tus posibilidades de obtener una plaza.<br \/>\nPara ello, \u00a0<strong>la empresa debe indicarnos que eres su candidato<\/strong> a trav\u00e9s del correo: cataliza@fg.ull.es, una vez recibida la propuesta, la comunicaremos al Servicio Canario de Empleo para que compruebe que cumples con los requisitos de acceso al Programa, y puedas comenzar a disfrutar de tu primera experiencia profesional.[\/vc_toggle][\/vc_column][\/vc_row][vc_row][vc_column][vc_empty_space height=&#8221;90px&#8221;][\/vc_column][\/vc_row][vc_row][vc_column width=&#8221;1\/2&#8243;][vc_btn title=&#8221;Volver a la Portada Cataliza&#8221; style=&#8221;custom&#8221; custom_background=&#8221;#2f2a8f&#8221; custom_text=&#8221;#ffffff&#8221; shape=&#8221;square&#8221; size=&#8221;lg&#8221; align=&#8221;center&#8221; i_icon_fontawesome=&#8221;&#8221; css_animation=&#8221;fadeIn&#8221; button_block=&#8221;true&#8221; add_icon=&#8221;true&#8221; link=&#8221;url:https%3A%2F%2Ffg.ull.es%2Fempleo%2Fcataliza-canarias%2F|||&#8221;][\/vc_column][\/vc_row][vc_row][vc_column width=&#8221;1\/4&#8243;][vc_btn title=&#8221;FAQ &#8211; Respuesta frecuentes&#8221; style=&#8221;custom&#8221; custom_background=&#8221;#2f2a8f&#8221; custom_text=&#8221;#ffffff&#8221; shape=&#8221;square&#8221; size=&#8221;lg&#8221; align=&#8221;center&#8221; button_block=&#8221;true&#8221; link=&#8221;url:https%3A%2F%2Ffg.ull.es%2Fempleo%2Fcataliza-canarias%2Ffaq-preguntas-frecuentes%2F|||&#8221;][\/vc_column][vc_column width=&#8221;1\/6&#8243;][vc_btn title=&#8221;Noticias&#8221; style=&#8221;custom&#8221; custom_background=&#8221;#d6456b&#8221; custom_text=&#8221;#ffffff&#8221; shape=&#8221;square&#8221; size=&#8221;lg&#8221; align=&#8221;center&#8221; button_block=&#8221;true&#8221; link=&#8221;url:https%3A%2F%2Ffg.ull.es%2Fnoticias%2Fcategory%2Fempleo%2Fcataliza%2F|||&#8221;][\/vc_column][vc_column width=&#8221;1\/6&#8243;][vc_btn title=&#8221;Resultados&#8221; style=&#8221;custom&#8221; custom_background=&#8221;#2f2a8f&#8221; custom_text=&#8221;#ffffff&#8221; shape=&#8221;square&#8221; size=&#8221;lg&#8221; align=&#8221;center&#8221; button_block=&#8221;true&#8221; link=&#8221;url:https%3A%2F%2Ffg.ull.es%2Fempleo%2Fcataliza-canarias%2Fresultados-del-programa-cataliza-canarias%2F|||&#8221;][\/vc_column][vc_column width=&#8221;1\/6&#8243;][vc_btn title=&#8221;Aula Virtual&#8221; style=&#8221;custom&#8221; custom_background=&#8221;#d6456b&#8221; custom_text=&#8221;#ffffff&#8221; shape=&#8221;square&#8221; size=&#8221;lg&#8221; align=&#8221;center&#8221; button_block=&#8221;true&#8221; link=&#8221;url:http%3A%2F%2Fcampus.fg.ull.es%2Fcataliza|||&#8221;][\/vc_column][vc_column width=&#8221;3\/12&#8243;][vc_raw_html]JTNDc3R5bGUlMjB0eXBlJTNEJTIydGV4dCUyRmNzcyUyMiUzRSUwQSUyMCUyMCUyMCUyMC53cmFwcGVyJTIwJTdCJTBBJTIwJTIwJTIwJTIwJTIwJTIwJTIwJTIwdGV4dC1hbGlnbiUzQSUyMGNlbnRlciUzQiUwQSUyMCUyMCUyMCUyMCU3RCUwQSUyMCUyMCUyMCUyMC53cmFwcGVyJTIwdWwlMjAlN0IlMEElMjAlMjAlMjAlMjAlMjAlMjAlMjAlMjBkaXNwbGF5JTNBJTIwaW5saW5lLWJsb2NrJTNCJTBBJTIwJTIwJTIwJTIwJTIwJTIwJTIwJTIwbWFyZ2luJTNBJTIwMCUzQiUwQSUyMCUyMCUyMCUyMCUyMCUyMCUyMCUyMHBhZGRpbmclM0ElMjAwJTNCJTBBJTIwJTIwJTIwJTIwJTIwJTIwJTIwJTIwJTJGJTJBJTIwRm9yJTIwSUUlMkMlMjB0aGUlMjBvdXRjYXN0JTIwJTJBJTJGJTBBJTIwJTIwJTIwJTIwJTIwJTIwJTIwJTIwem9vbSUzQTElM0IlMEElMjAlMjAlMjAlMjAlMjAlMjAlMjAlMjAlMkFkaXNwbGF5JTNBJTIwaW5saW5lJTNCJTBBJTIwJTIwJTIwJTIwJTdEJTBBJTIwJTIwJTIwJTIwLndyYXBwZXIlMjBsaSUyMCU3QiUwQSUyMCUyMCUyMCUyMCUyMCUyMCUyMCUyMGZsb2F0JTNBJTIwbGVmdCUzQiUwQSUyMCUyMCUyMCUyMCUyMCUyMCUyMCUyMHBhZGRpbmclM0ElMjAycHglMjA1cHglM0IlMEElMjAlMjAlMjAlMjAlMjAlMjAlMjAlMjBib3JkZXIlM0ElMjAwcHglMjBzb2xpZCUyMGJsYWNrJTNCJTBBJTIwJTIwJTIwJTIwJTdEJTBBJTNDJTJGc3R5bGUlM0UlMEElM0NkaXYlMjBjbGFzcyUzRCUyMndyYXBwZXIlMjIlM0UlMEElM0N1bCUyMGNsYXNzJTNEJTIydG9wLWNvbnRhY3QlMjIlMjBzdHlsZSUzRCUyMnBhZGRpbmctbGVmdCUzQSUyMDBweCUzQiUyMGxpc3Qtc3R5bGUlM0ElMjBub25lJTNCJTIyJTNFJTBBJTNDbGklM0UlM0NpJTIwY2xhc3MlM0QlMjJmYSUyMGZhLXBob25lJTIyJTIwc3R5bGUlM0QlMjJmb250LXNpemUlM0EyNHB4JTIyJTNFJTIwJTNDJTJGaSUzRSUwQSUzQ3N0cm9uZyUzRSUyMCUyOCUyQjM0JTI5JTIwOTIyJTIwMzE5JTIwOTQ2JTIwJTNDJTJGc3Ryb25nJTNFJTNDJTJGbGklM0UlMEElM0NsaSUzRSUyMCUzQ2klMjBjbGFzcyUzRCUyMmZhJTIwZmEtZW52ZWxvcGUtb3BlbiUyMiUyMHN0eWxlJTNEJTIyZm9udC1zaXplJTNBMjRweCUyMiUzRSUzQyUyRmklM0UlMjAlM0NhJTIwaHJlZiUzRCUyMm1haWx0byUzQWNhdGFsaXphJTQwZmcudWxsLmVzJTIyJTNFJTIwY2F0YWxpemElNDBmZy51bGwuZXMlM0MlMkZhJTNFJTBBJTNDJTJGbGklM0UlMEElM0MlMkZ1bCUzRSUwQSUzQyUyRmRpdiUzRQ==[\/vc_raw_html][\/vc_column][\/vc_row][vc_row][vc_column][vc_empty_space height=&#8221;90px&#8221;][vc_separator style=&#8221;dotted&#8221;][vc_single_image image=&#8221;41799&#8243; img_size=&#8221;full&#8221;][vc_empty_space height=&#8221;90px&#8221;][\/vc_column][\/vc_row]<\/p>\n<\/section>","protected":false},"excerpt":{"rendered":"<p>[vc_row full_width=&#8221;stretch_row_content_no_spaces&#8221; css=&#8221;.vc_custom_1720182443019{background-image: url(https:\/\/fg.ull.es\/empleo\/wp-content\/uploads\/sites\/6\/2024\/07\/CATALIZA_Slider-subpaginas.png?id=42928) !important;}&#8221;][vc_column][vc_row_inner][vc_column_inner width=&#8221;2\/3&#8243;][vc_empty_space height=&#8221;65&#8243;][vc_custom_heading text=&#8221;FAQ&#8221; font_container=&#8221;tag:h2|font_size:90|text_align:center|color:%23ffffff&#8221; google_fonts=&#8221;font_family:Montserrat%20Alternates%3Aregular%2C700|font_style:700%20bold%20regular%3A700%3Anormal&#8221; css_animation=&#8221;bounceIn&#8221;][\/vc_column_inner][vc_column_inner width=&#8221;1\/3&#8243;][\/vc_column_inner][\/vc_row_inner][vc_empty_space height=&#8221;150&#8243;][\/vc_column][\/vc_row][vc_row][vc_column][vc_empty_space height=&#8221;65&#8243;][vc_toggle title=&#8221;\u00bfTengo que inscribirme en el Servicio Canario de Empleo si quiero participar en el Programa?&#8221;]S\u00ed, tendr\u00e1s que darte de alta como demandante de empleo y actualizar tu curr\u00edculum vitae (recuerda presentar tu titulaci\u00f3n acad\u00e9mica en la oficina de empleo correspondiente).[\/vc_toggle][vc_toggle title=&#8221;\u00bfPuedo&#8230;<\/p>\n","protected":false},"author":1,"featured_media":0,"parent":37116,"menu_order":0,"comment_status":"closed","ping_status":"closed","template":"templates\/template-frontpage.php","meta":{"footnotes":""},"_links":{"self":[{"href":"https:\/\/fg.ull.es\/empleo\/wp-json\/wp\/v2\/pages\/37166"}],"collection":[{"href":"https:\/\/fg.ull.es\/empleo\/wp-json\/wp\/v2\/pages"}],"about":[{"href":"https:\/\/fg.ull.es\/empleo\/wp-json\/wp\/v2\/types\/page"}],"author":[{"embeddable":true,"href":"https:\/\/fg.ull.es\/empleo\/wp-json\/wp\/v2\/users\/1"}],"replies":[{"embeddable":true,"href":"https:\/\/fg.ull.es\/empleo\/wp-json\/wp\/v2\/comments?post=37166"}],"version-history":[{"count":15,"href":"https:\/\/fg.ull.es\/empleo\/wp-json\/wp\/v2\/pages\/37166\/revisions"}],"predecessor-version":[{"id":42938,"href":"https:\/\/fg.ull.es\/empleo\/wp-json\/wp\/v2\/pages\/37166\/revisions\/42938"}],"up":[{"embeddable":true,"href":"https:\/\/fg.ull.es\/empleo\/wp-json\/wp\/v2\/pages\/37116"}],"wp:attachment":[{"href":"https:\/\/fg.ull.es\/empleo\/wp-json\/wp\/v2\/media?parent=37166"}],"curies":[{"name":"wp","href":"https:\/\/api.w.org\/{rel}","templated":true}]}}