{"id":37116,"date":"2019-01-16T12:49:10","date_gmt":"2019-01-16T12:49:10","guid":{"rendered":"https:\/\/fg.ull.es\/empleo\/?page_id=37116"},"modified":"2026-01-16T07:50:44","modified_gmt":"2026-01-16T07:50:44","slug":"cataliza-canarias","status":"publish","type":"page","link":"https:\/\/fg.ull.es\/empleo\/cataliza-canarias\/","title":{"rendered":"Cataliza Canarias"},"content":{"rendered":"<section class=\"wpb-content-wrapper\"><p>[vc_row][vc_column css=&#8221;.vc_custom_1486130498896{margin-top: -80px !important;}&#8221;][vc_empty_space height=&#8221;100 px&#8221;]\n\t\t\t<!-- START CatalizaV REVOLUTION SLIDER 6.6.15 --><p class=\"rs-p-wp-fix\"><\/p>\n\t\t\t<rs-module-wrap id=\"rev_slider_12_1_wrapper\" data-source=\"gallery\" style=\"visibility:hidden;background:#E9E9E9;padding:0;margin:0px auto;margin-top:0;margin-bottom:0;\">\n\t\t\t\t<rs-module id=\"rev_slider_12_1\" style=\"\" data-version=\"6.6.15\">\n\t\t\t\t\t<rs-slides style=\"overflow: hidden; position: absolute;\">\n\t\t\t\t\t\t<rs-slide style=\"position: absolute;\" data-key=\"rs-74\" data-title=\"new Cataliza\" data-thumb=\"\/\/fg.ull.es\/empleo\/wp-content\/uploads\/sites\/6\/2026\/01\/CATALIZA-VIII_Slider-1-100x50.png\" data-anim=\"ms:600;\" data-in=\"o:0;\" data-out=\"a:false;\">\n\t\t\t\t\t\t\t<img src=\"\/\/fg.ull.es\/empleo\/wp-content\/plugins\/revslider\/public\/assets\/assets\/dummy.png\" alt=\"\" title=\"CATALIZA VIII_Slider 1\" width=\"1920\" height=\"455\" class=\"rev-slidebg tp-rs-img rs-lazyload\" data-lazyload=\"\/\/fg.ull.es\/empleo\/wp-content\/uploads\/sites\/6\/2026\/01\/CATALIZA-VIII_Slider-1.png\" data-no-retina>\n<!---->\t\t\t\t\t\t<\/rs-slide>\n\t\t\t\t\t\t<rs-slide style=\"position: absolute;\" data-key=\"rs-115\" data-title=\"Slide\" data-in=\"o:0;\" data-out=\"a:false;\">\n\t\t\t\t\t\t\t<img src=\"\/\/fg.ull.es\/empleo\/wp-content\/plugins\/revslider\/public\/assets\/assets\/dummy.png\" alt=\"Slide\" title=\"Cataliza Canarias\" class=\"rev-slidebg tp-rs-img rs-lazyload\" data-lazyload=\"\/\/fg.ull.es\/empleo\/wp-content\/plugins\/revslider\/public\/assets\/assets\/transparent.png\" data-no-retina>\n<!---->\t\t\t\t\t\t<\/rs-slide>\n\t\t\t\t\t\t<rs-slide style=\"position: absolute;\" data-key=\"rs-116\" data-title=\"Slide\" data-in=\"o:0;\" data-out=\"a:false;\">\n\t\t\t\t\t\t\t<img src=\"\/\/fg.ull.es\/empleo\/wp-content\/plugins\/revslider\/public\/assets\/assets\/dummy.png\" alt=\"Slide\" title=\"Cataliza Canarias\" class=\"rev-slidebg tp-rs-img rs-lazyload\" data-lazyload=\"\/\/fg.ull.es\/empleo\/wp-content\/plugins\/revslider\/public\/assets\/assets\/transparent.png\" data-no-retina>\n<!---->\t\t\t\t\t\t<\/rs-slide>\n\t\t\t\t\t<\/rs-slides>\n\t\t\t\t<\/rs-module>\n\t\t\t\t<script>\n\t\t\t\t\tsetREVStartSize({c: 'rev_slider_12_1',rl:[1240,1024,778,480],el:[350],gw:[1920],gh:[350],type:'standard',justify:'',layout:'fullwidth',mh:\"350\"});if (window.RS_MODULES!==undefined && window.RS_MODULES.modules!==undefined && window.RS_MODULES.modules[\"revslider121\"]!==undefined) {window.RS_MODULES.modules[\"revslider121\"].once = false;window.revapi12 = undefined;if (window.RS_MODULES.checkMinimal!==undefined) window.RS_MODULES.checkMinimal()}\n\t\t\t\t<\/script>\n\t\t\t<\/rs-module-wrap>\n\t\t\t<!-- END REVOLUTION SLIDER -->\n[\/vc_column][\/vc_row][vc_row][vc_column][vc_empty_space height=&#8221;30px&#8221;][\/vc_column][\/vc_row][vc_row][vc_column][vc_empty_space][vc_custom_heading text=&#8221;Selecciona tu perfil&#8221; font_container=&#8221;tag:h2|font_size:50px|text_align:center|color:%23444444|line_height:70px&#8221; google_fonts=&#8221;font_family:Montserrat%3Aregular%2C700|font_style:700%20bold%20regular%3A700%3Anormal&#8221;][vc_empty_space][\/vc_column][\/vc_row][vc_row gap=&#8221;10&#8243; css=&#8221;.vc_custom_1720176628011{margin-top: 0px !important;margin-right: 0px !important;margin-bottom: 0px !important;margin-left: 0px !important;border-top-width: 0px !important;border-right-width: 0px !important;border-bottom-width: 0px !important;border-left-width: 0px !important;padding-top: 0px !important;padding-right: 0px !important;padding-bottom: 0px !important;padding-left: 0px !important;}&#8221;][vc_column width=&#8221;1\/2&#8243; css=&#8221;.vc_custom_1547643823585{margin: 0px !important;border-width: 0px !important;padding: 0px !important;}&#8221;][vc_btn title=&#8221;Titulados&#8221; style=&#8221;custom&#8221; custom_background=&#8221;#d6456b&#8221; custom_text=&#8221;#ffffff&#8221; size=&#8221;lg&#8221; align=&#8221;center&#8221; css_animation=&#8221;bounceInLeft&#8221; button_block=&#8221;true&#8221; el_id=&#8221;boton-tipo&#8221; link=&#8221;url:https%3A%2F%2Ffg.ull.es%2Fempleo%2Fcataliza-canarias%2Ftitulados-as%2F&#8221;][\/vc_column][vc_column width=&#8221;1\/2&#8243; css=&#8221;.vc_custom_1547643813485{margin: 0px !important;border-width: 0px !important;padding: 0px !important;}&#8221;][vc_btn title=&#8221;Empresas&#8221; style=&#8221;custom&#8221; custom_background=&#8221;#2f2a8f&#8221; custom_text=&#8221;#ffffff&#8221; size=&#8221;lg&#8221; align=&#8221;center&#8221; css_animation=&#8221;bounceInRight&#8221; button_block=&#8221;true&#8221; el_id=&#8221;boton-tipo&#8221; link=&#8221;url:https%3A%2F%2Ffg.ull.es%2Fempleo%2Fcataliza-canarias%2Fempresas%2F&#8221;][\/vc_column][\/vc_row][vc_row gap=&#8221;10&#8243; css=&#8221;.vc_custom_1720178646889{margin-top: 0px !important;margin-right: 0px !important;margin-bottom: 0px !important;margin-left: 0px !important;border-top-width: 0px !important;border-right-width: 0px !important;border-bottom-width: 0px !important;border-left-width: 0px !important;padding-top: 0px !important;padding-right: 0px !important;padding-bottom: 0px !important;padding-left: 0px !important;}&#8221;][vc_column width=&#8221;1\/2&#8243; css=&#8221;.vc_custom_1547643823585{margin: 0px !important;border-width: 0px !important;padding: 0px !important;}&#8221;][\/vc_column][vc_column width=&#8221;1\/2&#8243; css=&#8221;.vc_custom_1547643813485{margin: 0px !important;border-width: 0px !important;padding: 0px !important;}&#8221;][vc_custom_heading text=&#8221;&#8221; google_fonts=&#8221;font_family:Montserrat%20Alternates%3Aregular%2C700|font_style:400%20regular%3A400%3Anormal&#8221;][\/vc_column][\/vc_row][vc_row disable_element=&#8221;yes&#8221; css=&#8221;.vc_custom_1720176429804{margin-top: 0px !important;margin-right: 0px !important;margin-bottom: 0px !important;margin-left: 0px !important;border-top-width: 0px !important;border-right-width: 0px !important;border-bottom-width: 0px !important;border-left-width: 0px !important;padding-top: 0px !important;padding-right: 0px !important;padding-bottom: 0px !important;padding-left: 0px !important;}&#8221;][vc_column width=&#8221;1\/2&#8243; css=&#8221;.vc_custom_1547643823585{margin: 0px !important;border-width: 0px !important;padding: 0px !important;}&#8221;][vc_single_image image=&#8221;37119&#8243; img_size=&#8221;550&#215;123&#8243; alignment=&#8221;center&#8221; style=&#8221;vc_box_shadow&#8221; onclick=&#8221;custom_link&#8221; css=&#8221;.vc_custom_1547730744340{margin-top: 0px !important;margin-right: 0px !important;margin-bottom: 0px !important;margin-left: 0px !important;border-top-width: 0px !important;border-right-width: 0px !important;border-bottom-width: 0px !important;border-left-width: 0px !important;padding-top: 0px !important;padding-right: 0px !important;padding-bottom: 0px !important;padding-left: 0px !important;}&#8221; link=&#8221;https:\/\/fg.ull.es\/empleo\/cataliza-canarias\/titulados-as\/&#8221;][vc_row_inner][vc_column_inner offset=&#8221;vc_hidden-lg&#8221;][vc_empty_space height=&#8221;15px&#8221;][\/vc_column_inner][\/vc_row_inner][\/vc_column][vc_column width=&#8221;1\/2&#8243; css=&#8221;.vc_custom_1547643813485{margin: 0px !important;border-width: 0px !important;padding: 0px !important;}&#8221;][vc_single_image image=&#8221;37120&#8243; img_size=&#8221;550&#215;123&#8243; alignment=&#8221;center&#8221; style=&#8221;vc_box_shadow&#8221; onclick=&#8221;custom_link&#8221; css=&#8221;.vc_custom_1547730718230{margin-top: 0px !important;margin-right: 0px !important;margin-bottom: 0px !important;margin-left: 0px !important;border-top-width: 0px !important;border-right-width: 0px !important;border-bottom-width: 0px !important;border-left-width: 0px !important;padding-top: 0px !important;padding-right: 0px !important;padding-bottom: 0px !important;padding-left: 0px !important;}&#8221; link=&#8221;https:\/\/fg.ull.es\/empleo\/cataliza-canarias\/empresas\/&#8221;][\/vc_column][\/vc_row][vc_row][vc_column][vc_empty_space height=&#8221;90px&#8221;][\/vc_column][\/vc_row][vc_row][vc_column el_class=&#8221;Cataliza es para ti&#8221;][vc_tour interval=&#8221;0&#8243;][vc_tab title=&#8221;\u00bfQu\u00e9 es?&#8221; tab_id=&#8221;e349bcf9-8785-cl&#8221;][vc_column_text]Es un <strong>programa de pr\u00e1cticas no laborales en empresas<\/strong>, para el fomento de la inserci\u00f3n laboral de j\u00f3venes desempleados con formaci\u00f3n, pero con escasa experiencia laboral, en base a una estructura de apoyo guiada y de una formaci\u00f3n singularizada complementaria.<\/p>\n<p>Para su financiaci\u00f3n, se combina la aportaci\u00f3n de fondos p\u00fablicos y privados.<\/p>\n<p>Aplicaci\u00f3n presupuestaria: 2024.5001.241H.482.02.00. &#8211; Inserci\u00f3n y Reinserci\u00f3n Ocupacional de<br \/>\nDesempleados. &#8211; L\u00ednea de actuaci\u00f3n 504G1978. Fundaci\u00f3n General Universidad de La<br \/>\nLaguna. Fondo 4050035.[\/vc_column_text][\/vc_tab][vc_tab title=&#8221;Objetivo&#8221; tab_id=&#8221;1429276650-1-80&#8243;][vc_column_text]El objetivo del presente proyecto ser\u00e1 favorecer y facilitar la inserci\u00f3n laboral de las personas desempleadas con titulaci\u00f3n universitaria, de formaci\u00f3n profesional de grado superior y certificado de profesionalidad de nivel III.<\/p>\n<p>Para alcanzar dicho objetivo se tiene previsto realizar una serie de acciones, divididas en dos grandes bloques de actuaci\u00f3n: Acciones relacionadas con la gesti\u00f3n de pr\u00e1cticas no laborales en empresas y acciones formativas.[\/vc_column_text][\/vc_tab][vc_tab title=&#8221;Plazas ofertadas&#8221; tab_id=&#8221;ad867499-1f7b-cl&#8221;][vc_column_text]El proyecto tiene previsto la realizaci\u00f3n de <strong>220 pr\u00e1cticas no laborales<\/strong> en empresas, seg\u00fan la siguiente asignaci\u00f3n:<\/p>\n<ul>\n<li><strong>144<\/strong>\u00a0\u2013 Titulados\/as universitarios\/as.<\/li>\n<li><strong>71<\/strong>\u00a0&#8211; Titulados\/as de formaci\u00f3n profesional de grado superior.<\/li>\n<li><strong>5<\/strong> &#8211; Titulados\/as certificados de profesionalidad nivel III.<\/li>\n<\/ul>\n<p>[\/vc_column_text][\/vc_tab][vc_tab title=&#8221;Documentos&#8221; tab_id=&#8221;1430313116189-1&#8243;][vc_column_text]Convenio de adhesi\u00f3n entidades colaboradoras. Pendiente[\/vc_column_text][\/vc_tab][\/vc_tour][vc_empty_space height=&#8221;50px&#8221;][\/vc_column][\/vc_row][vc_row][vc_column width=&#8221;1\/2&#8243;][vc_custom_heading text=&#8221;\u00bfC\u00f3mo participo?&#8221; font_container=&#8221;tag:h3|font_size:40px|text_align:center|color:%23383838|line_height:50px&#8221; google_fonts=&#8221;font_family:Montserrat%3Aregular%2C700|font_style:700%20bold%20regular%3A700%3Anormal&#8221;][vc_empty_space][vc_video link=&#8221;https:\/\/www.youtube.com\/watch?v=UH728XM6MhI&#8221; align=&#8221;center&#8221;][\/vc_column][vc_column width=&#8221;1\/2&#8243;][vc_custom_heading text=&#8221;V\u00eddeo experiencias&#8221; font_container=&#8221;tag:h3|font_size:40px|text_align:center|color:%23383838|line_height:50px&#8221; google_fonts=&#8221;font_family:Montserrat%3Aregular%2C700|font_style:700%20bold%20regular%3A700%3Anormal&#8221;][vc_empty_space][vc_video link=&#8221;https:\/\/youtu.be\/qOa7ieOdE7w&#8221; align=&#8221;center&#8221;][\/vc_column][\/vc_row][vc_row][vc_column][vc_empty_space height=&#8221;90px&#8221;][\/vc_column][\/vc_row][vc_row][vc_column width=&#8221;1\/4&#8243;][vc_btn title=&#8221;FAQ &#8211; Respuesta frecuentes&#8221; style=&#8221;custom&#8221; custom_background=&#8221;#2f2a8f&#8221; custom_text=&#8221;#ffffff&#8221; shape=&#8221;square&#8221; size=&#8221;lg&#8221; align=&#8221;center&#8221; button_block=&#8221;true&#8221; link=&#8221;url:https%3A%2F%2Ffg.ull.es%2Fempleo%2Fcataliza-canarias%2Ffaq-preguntas-frecuentes%2F|||&#8221;][\/vc_column][vc_column width=&#8221;1\/6&#8243;][vc_btn title=&#8221;Noticias&#8221; style=&#8221;custom&#8221; custom_background=&#8221;#d6456b&#8221; custom_text=&#8221;#ffffff&#8221; shape=&#8221;square&#8221; size=&#8221;lg&#8221; align=&#8221;center&#8221; button_block=&#8221;true&#8221; link=&#8221;url:https%3A%2F%2Ffg.ull.es%2Fnoticias%2Fcategory%2Fempleo%2Fcataliza%2F|||&#8221;][\/vc_column][vc_column width=&#8221;1\/6&#8243;][vc_btn title=&#8221;Resultados&#8221; style=&#8221;custom&#8221; custom_background=&#8221;#2f2a8f&#8221; custom_text=&#8221;#ffffff&#8221; shape=&#8221;square&#8221; size=&#8221;lg&#8221; align=&#8221;center&#8221; button_block=&#8221;true&#8221; link=&#8221;url:https%3A%2F%2Ffg.ull.es%2Fempleo%2Fcataliza-canarias%2Fresultados-del-programa-cataliza-canarias%2F|||&#8221;][\/vc_column][vc_column width=&#8221;1\/6&#8243;][vc_btn title=&#8221;Aula Virtual&#8221; style=&#8221;custom&#8221; custom_background=&#8221;#d6456b&#8221; custom_text=&#8221;#ffffff&#8221; shape=&#8221;square&#8221; size=&#8221;lg&#8221; align=&#8221;center&#8221; button_block=&#8221;true&#8221; link=&#8221;url:http%3A%2F%2Fcampus.fg.ull.es%2F|||&#8221;][\/vc_column][vc_column width=&#8221;3\/12&#8243;][vc_raw_html]JTNDc3R5bGUlMjB0eXBlJTNEJTIydGV4dCUyRmNzcyUyMiUzRSUwQSUyMCUyMCUyMCUyMC53cmFwcGVyJTIwJTdCJTBBJTIwJTIwJTIwJTIwJTIwJTIwJTIwJTIwdGV4dC1hbGlnbiUzQSUyMGNlbnRlciUzQiUwQSUyMCUyMCUyMCUyMCU3RCUwQSUyMCUyMCUyMCUyMC53cmFwcGVyJTIwdWwlMjAlN0IlMEElMjAlMjAlMjAlMjAlMjAlMjAlMjAlMjBkaXNwbGF5JTNBJTIwaW5saW5lLWJsb2NrJTNCJTBBJTIwJTIwJTIwJTIwJTIwJTIwJTIwJTIwbWFyZ2luJTNBJTIwMCUzQiUwQSUyMCUyMCUyMCUyMCUyMCUyMCUyMCUyMHBhZGRpbmclM0ElMjAwJTNCJTBBJTIwJTIwJTIwJTIwJTIwJTIwJTIwJTIwJTJGJTJBJTIwRm9yJTIwSUUlMkMlMjB0aGUlMjBvdXRjYXN0JTIwJTJBJTJGJTBBJTIwJTIwJTIwJTIwJTIwJTIwJTIwJTIwem9vbSUzQTElM0IlMEElMjAlMjAlMjAlMjAlMjAlMjAlMjAlMjAlMkFkaXNwbGF5JTNBJTIwaW5saW5lJTNCJTBBJTIwJTIwJTIwJTIwJTdEJTBBJTIwJTIwJTIwJTIwLndyYXBwZXIlMjBsaSUyMCU3QiUwQSUyMCUyMCUyMCUyMCUyMCUyMCUyMCUyMGZsb2F0JTNBJTIwbGVmdCUzQiUwQSUyMCUyMCUyMCUyMCUyMCUyMCUyMCUyMHBhZGRpbmclM0ElMjAycHglMjA1cHglM0IlMEElMjAlMjAlMjAlMjAlMjAlMjAlMjAlMjBib3JkZXIlM0ElMjAwcHglMjBzb2xpZCUyMGJsYWNrJTNCJTBBJTIwJTIwJTIwJTIwJTdEJTBBJTNDJTJGc3R5bGUlM0UlMEElM0NkaXYlMjBjbGFzcyUzRCUyMndyYXBwZXIlMjIlM0UlMEElM0N1bCUyMGNsYXNzJTNEJTIydG9wLWNvbnRhY3QlMjIlMjBzdHlsZSUzRCUyMnBhZGRpbmctbGVmdCUzQSUyMDBweCUzQiUyMGxpc3Qtc3R5bGUlM0ElMjBub25lJTNCJTIyJTNFJTBBJTNDbGklM0UlM0NpJTIwY2xhc3MlM0QlMjJmYSUyMGZhLXBob25lJTIyJTIwc3R5bGUlM0QlMjJmb250LXNpemUlM0EyNHB4JTIyJTNFJTIwJTNDJTJGaSUzRSUwQSUzQ3N0cm9uZyUzRSUyMCUyOCUyQjM0JTI5JTIwOTIyJTIwMzE5JTIwOTQ2JTIwJTNDJTJGc3Ryb25nJTNFJTNDJTJGbGklM0UlMEElM0NsaSUzRSUyMCUzQ2klMjBjbGFzcyUzRCUyMmZhJTIwZmEtZW52ZWxvcGUtb3BlbiUyMiUyMHN0eWxlJTNEJTIyZm9udC1zaXplJTNBMjRweCUyMiUzRSUzQyUyRmklM0UlMjAlM0NhJTIwaHJlZiUzRCUyMm1haWx0byUzQWNhdGFsaXphJTQwZmcudWxsLmVzJTIyJTNFJTIwY2F0YWxpemElNDBmZy51bGwuZXMlM0MlMkZhJTNFJTBBJTNDJTJGbGklM0UlMEElM0MlMkZ1bCUzRSUwQSUzQyUyRmRpdiUzRQ==[\/vc_raw_html][\/vc_column][\/vc_row][vc_row disable_element=&#8221;yes&#8221;][vc_column width=&#8221;1\/2&#8243;][vc_btn title=&#8221;T\u00edtulados&#8221; style=&#8221;custom&#8221; custom_background=&#8221;#e71b74&#8243; custom_text=&#8221;#ffffff&#8221; shape=&#8221;square&#8221; size=&#8221;lg&#8221; align=&#8221;center&#8221; button_block=&#8221;true&#8221; link=&#8221;url:https%3A%2F%2Ffg.ull.es%2Fempleo%2Fcataliza-canarias%2Ftitulados-as%2F|||&#8221;][\/vc_column][vc_column width=&#8221;1\/2&#8243;][vc_btn title=&#8221;Empresas&#8221; style=&#8221;custom&#8221; custom_background=&#8221;#e71b74&#8243; custom_text=&#8221;#ffffff&#8221; shape=&#8221;square&#8221; size=&#8221;lg&#8221; align=&#8221;center&#8221; button_block=&#8221;true&#8221; link=&#8221;url:https%3A%2F%2Ffg.ull.es%2Fempleo%2Fwp-content%2Fuploads%2Fsites%2F6%2F2019%2F01%2Fempresas-cataliza-2019.png|||&#8221;][\/vc_column][\/vc_row][vc_row][vc_column][vc_separator style=&#8221;dotted&#8221;][vc_empty_space height=&#8221;90px&#8221;][vc_row_inner][vc_column_inner][\/vc_column_inner][\/vc_row_inner][\/vc_column][\/vc_row][vc_row][vc_column width=&#8221;1\/3&#8243;][vc_single_image image=&#8221;40571&#8243; img_size=&#8221;300&#215;300&#8243; alignment=&#8221;center&#8221;][\/vc_column][vc_column width=&#8221;1\/3&#8243;][vc_single_image image=&#8221;41189&#8243; img_size=&#8221;&#8221; alignment=&#8221;center&#8221;][\/vc_column][vc_column width=&#8221;1\/3&#8243;][vc_single_image image=&#8221;43643&#8243; img_size=&#8221;&#8221; alignment=&#8221;center&#8221;][\/vc_column][\/vc_row]<\/p>\n<\/section>","protected":false},"excerpt":{"rendered":"<p>[vc_row][vc_column css=&#8221;.vc_custom_1486130498896{margin-top: -80px !important;}&#8221;][vc_empty_space height=&#8221;100 px&#8221;][\/vc_column][\/vc_row][vc_row][vc_column][vc_empty_space height=&#8221;30px&#8221;][\/vc_column][\/vc_row][vc_row][vc_column][vc_empty_space][vc_custom_heading text=&#8221;Selecciona tu perfil&#8221; font_container=&#8221;tag:h2|font_size:50px|text_align:center|color:%23444444|line_height:70px&#8221; google_fonts=&#8221;font_family:Montserrat%3Aregular%2C700|font_style:700%20bold%20regular%3A700%3Anormal&#8221;][vc_empty_space][\/vc_column][\/vc_row][vc_row gap=&#8221;10&#8243; css=&#8221;.vc_custom_1720176628011{margin-top: 0px !important;margin-right: 0px !important;margin-bottom: 0px !important;margin-left: 0px !important;border-top-width: 0px !important;border-right-width: 0px !important;border-bottom-width: 0px !important;border-left-width: 0px !important;padding-top: 0px !important;padding-right: 0px !important;padding-bottom: 0px !important;padding-left: 0px !important;}&#8221;][vc_column width=&#8221;1\/2&#8243; css=&#8221;.vc_custom_1547643823585{margin: 0px !important;border-width: 0px !important;padding: 0px !important;}&#8221;][vc_btn title=&#8221;Titulados&#8221; style=&#8221;custom&#8221; custom_background=&#8221;#d6456b&#8221; custom_text=&#8221;#ffffff&#8221; size=&#8221;lg&#8221; align=&#8221;center&#8221; css_animation=&#8221;bounceInLeft&#8221; button_block=&#8221;true&#8221; el_id=&#8221;boton-tipo&#8221;&#8230;<\/p>\n","protected":false},"author":1,"featured_media":0,"parent":0,"menu_order":0,"comment_status":"closed","ping_status":"closed","template":"templates\/template-frontpage.php","meta":{"footnotes":""},"_links":{"self":[{"href":"https:\/\/fg.ull.es\/empleo\/wp-json\/wp\/v2\/pages\/37116"}],"collection":[{"href":"https:\/\/fg.ull.es\/empleo\/wp-json\/wp\/v2\/pages"}],"about":[{"href":"https:\/\/fg.ull.es\/empleo\/wp-json\/wp\/v2\/types\/page"}],"author":[{"embeddable":true,"href":"https:\/\/fg.ull.es\/empleo\/wp-json\/wp\/v2\/users\/1"}],"replies":[{"embeddable":true,"href":"https:\/\/fg.ull.es\/empleo\/wp-json\/wp\/v2\/comments?post=37116"}],"version-history":[{"count":77,"href":"https:\/\/fg.ull.es\/empleo\/wp-json\/wp\/v2\/pages\/37116\/revisions"}],"predecessor-version":[{"id":43660,"href":"https:\/\/fg.ull.es\/empleo\/wp-json\/wp\/v2\/pages\/37116\/revisions\/43660"}],"wp:attachment":[{"href":"https:\/\/fg.ull.es\/empleo\/wp-json\/wp\/v2\/media?parent=37116"}],"curies":[{"name":"wp","href":"https:\/\/api.w.org\/{rel}","templated":true}]}}