{"id":36611,"date":"2018-10-24T13:52:06","date_gmt":"2018-10-24T13:52:06","guid":{"rendered":"https:\/\/fg.ull.es\/empleo\/?page_id=36611"},"modified":"2018-11-20T18:48:06","modified_gmt":"2018-11-20T18:48:06","slug":"campus-pitch-emprendeull","status":"publish","type":"page","link":"https:\/\/fg.ull.es\/empleo\/campus-pitch-emprendeull\/","title":{"rendered":"Campus Pitch Emprende.ull"},"content":{"rendered":"<section class=\"wpb-content-wrapper\"><p>[vc_row full_width=&#8221;stretch_row&#8221; content_placement=&#8221;middle&#8221; css_animation=&#8221;appear&#8221; disable_element=&#8221;yes&#8221; css=&#8221;.vc_custom_1538477119795{margin-top: 0px !important;margin-right: 0px !important;margin-bottom: 0px !important;margin-left: 0px !important;border-top-width: 0px !important;border-right-width: 0px !important;border-bottom-width: 0px !important;border-left-width: 0px !important;padding-top: 0px !important;padding-right: 0px !important;padding-bottom: 0px !important;padding-left: 0px !important;background-color: #ffffff !important;border-left-color: #0a0a0a !important;border-left-style: outset !important;border-right-color: #0a0a0a !important;border-right-style: outset !important;border-top-color: #0a0a0a !important;border-top-style: outset !important;border-bottom-color: #0a0a0a !important;border-bottom-style: outset !important;}&#8221;][vc_column][vc_row_inner content_placement=&#8221;middle&#8221; css=&#8221;.vc_custom_1524833098090{margin-top: 0px !important;margin-right: 0px !important;margin-bottom: 0px !important;margin-left: 0px !important;border-top-width: 0px !important;border-right-width: 0px !important;border-bottom-width: 0px !important;border-left-width: 0px !important;padding-top: 0px !important;padding-right: 0px !important;padding-bottom: 0px !important;padding-left: 0px !important;background-color: #ffffff !important;}&#8221;][vc_column_inner width=&#8221;1\/6&#8243; css=&#8221;.vc_custom_1516875561734{margin-top: 0px !important;margin-right: 0px !important;margin-bottom: 0px !important;margin-left: 0px !important;border-top-width: 0px !important;border-right-width: 0px !important;border-bottom-width: 0px !important;border-left-width: 0px !important;padding-top: 0px !important;padding-right: 0px !important;padding-bottom: 0px !important;padding-left: 0px !important;}&#8221;][vc_btn title=&#8221;<b>INICIO<\/b>&#8221; shape=&#8221;square&#8221; size=&#8221;lg&#8221; align=&#8221;center&#8221; i_icon_fontawesome=&#8221;fa fa-home&#8221; button_block=&#8221;true&#8221; add_icon=&#8221;true&#8221; link=&#8221;url:https%3A%2F%2Ffg.ull.es%2Fempleo%2Femprende-ull%2F|||&#8221; css=&#8221;.vc_custom_1525088378746{background-color: #ffffff !important;}&#8221;][\/vc_column_inner][vc_column_inner width=&#8221;1\/6&#8243; css=&#8221;.vc_custom_1516875586932{margin: 0px !important;border-width: 0px !important;padding: 0px !important;}&#8221;][vc_btn title=&#8221;<b>ASESORAMIENTO<\/b>&#8221; shape=&#8221;square&#8221; size=&#8221;lg&#8221; align=&#8221;center&#8221; i_icon_fontawesome=&#8221;fa fa-user&#8221; button_block=&#8221;true&#8221; add_icon=&#8221;true&#8221; link=&#8221;url:https%3A%2F%2Ffg.ull.es%2Fempleo%2Femprende-ull%2Fasesoramiento-personalizado%2F|||&#8221; css=&#8221;.vc_custom_1524826333980{background-color: #ffffff !important;}&#8221;][\/vc_column_inner][vc_column_inner width=&#8221;1\/6&#8243; css=&#8221;.vc_custom_1516875597844{margin: 0px !important;border-width: 0px !important;padding: 0px !important;}&#8221;][vc_btn title=&#8221;<b>FORMACI\u00d3N<\/b>&#8221; shape=&#8221;square&#8221; size=&#8221;lg&#8221; align=&#8221;center&#8221; i_icon_fontawesome=&#8221;fa fa-book&#8221; button_block=&#8221;true&#8221; add_icon=&#8221;true&#8221; link=&#8221;url:https%3A%2F%2Ffg.ull.es%2Fempleo%2Fagenda-formativa-de-emprendimiento%2F|||&#8221;][\/vc_column_inner][vc_column_inner width=&#8221;1\/6&#8243; css=&#8221;.vc_custom_1516875605060{margin: 0px !important;border-width: 0px !important;padding: 0px !important;}&#8221;][vc_btn title=&#8221;<b>BLOG<\/b>&#8221; shape=&#8221;square&#8221; size=&#8221;lg&#8221; align=&#8221;center&#8221; i_icon_fontawesome=&#8221;fa fa-rss&#8221; button_block=&#8221;true&#8221; add_icon=&#8221;true&#8221; link=&#8221;url:https%3A%2F%2Ffg.ull.es%2Fnoticias%2Fempleo%2Femprendimiento%2F|||&#8221;][\/vc_column_inner][vc_column_inner width=&#8221;1\/6&#8243; css=&#8221;.vc_custom_1516875612593{margin: 0px !important;border-width: 0px !important;padding: 0px !important;}&#8221;][vc_btn title=&#8221;<b>emprende@fg.ull.es<\/b>&#8221; shape=&#8221;square&#8221; size=&#8221;lg&#8221; align=&#8221;center&#8221; i_icon_fontawesome=&#8221;fa fa-envelope-open&#8221; button_block=&#8221;true&#8221; add_icon=&#8221;true&#8221; link=&#8221;url:mailto%3Aemprende%40fg.ull.es|||&#8221;][\/vc_column_inner][vc_column_inner width=&#8221;1\/6&#8243; css=&#8221;.vc_custom_1516875634541{margin: 0px !important;border-width: 0px !important;padding: 0px !important;}&#8221;][vc_btn title=&#8221;<b>922 319 714<\/b>&#8221; shape=&#8221;square&#8221; size=&#8221;lg&#8221; align=&#8221;center&#8221; i_icon_fontawesome=&#8221;fa fa-phone-square&#8221; button_block=&#8221;true&#8221; add_icon=&#8221;true&#8221; link=&#8221;url:tel%3A922319714|||&#8221;][\/vc_column_inner][\/vc_row_inner][\/vc_column][\/vc_row][vc_row full_width=&#8221;stretch_row&#8221; content_placement=&#8221;middle&#8221;][vc_column][vc_empty_space height=&#8221;50px&#8221;][vc_separator color=&#8221;orange&#8221; border_width=&#8221;2&#8243;][vc_column_text css_animation=&#8221;fadeInDown&#8221;]<\/p>\n<h2 style=\"text-align: center\"><strong>CAMPUS PITCH EMPRENDE.ULL<\/strong><\/h2>\n<p>[\/vc_column_text][vc_separator color=&#8221;orange&#8221; border_width=&#8221;2&#8243;][vc_empty_space height=&#8221;50px&#8221;][\/vc_column][\/vc_row][vc_row][vc_column][vc_single_image image=&#8221;36829&#8243; img_size=&#8221;full&#8221; style=&#8221;vc_box_rounded&#8221;][vc_cta h2=&#8221;&#8221; style=&#8221;3d&#8221;]<em><strong>Campus Pitch <\/strong><\/em>es un evento organizado por <strong>Emprende.ull<\/strong> que tendr\u00e1 lugar del <strong>19 al 23 de noviembre<\/strong>.\u00a0<span style=\"font-weight: 400\">En \u00e9l, la <strong>comunidad emprendedora<\/strong> que est\u00e1 o ha estado en nuestro proceso de asesoramiento y consolidaci\u00f3n empresarial, tiene la oportunidad de <\/span><b>darle voz a sus proyectos<\/b><span style=\"font-weight: 400\">, generar publicidad, empoderarse para vender sus productos y servicios y obtener premios de diferentes entidades colaboradoras, muy \u00fatiles para el desarrollo de su negocio.<\/span>[\/vc_cta][\/vc_column][\/vc_row][vc_row css=&#8221;.vc_custom_1525781975343{margin-bottom: 30px !important;}&#8221;][vc_column][\/vc_column][\/vc_row][vc_row][vc_column width=&#8221;1\/2&#8243;][vc_single_image image=&#8221;36815&#8243; img_size=&#8221;full&#8221; alignment=&#8221;center&#8221; style=&#8221;vc_box_shadow_3d&#8221; onclick=&#8221;custom_link&#8221; img_link_target=&#8221;_blank&#8221; css_animation=&#8221;top-to-bottom&#8221;][vc_cta h2=&#8221;Feria Itinerante de la ULL&#8221; css_animation=&#8221;left-to-right&#8221;]<\/p>\n<ul>\n<li>Fecha: <strong>19, 20 y 21 de noviembre 2018<\/strong><\/li>\n<li>Horario: <strong>De 9 a 13 horas<\/strong><\/li>\n<li>Lugar:<\/li>\n<\/ul>\n<ol>\n<li>Lunes 19\/11<strong> Facultad de Econom\u00eda, Empresa y Turismo<\/strong><\/li>\n<li>Martes 20\/11 <strong>Escuela Superior de Ingenier\u00eda y Tecnolog\u00eda<\/strong><\/li>\n<li>Mi\u00e9rcoles 21\/11 <strong>Facultad de Educaci\u00f3n. Edificio Central<\/strong><\/li>\n<\/ol>\n<div id=\":7p.ma\" class=\"Mu SP\">Un total de <strong>25 proyectos empresariales<\/strong> que han salido del servicio de apoyo, asesoramiento y consolidaci\u00f3n de <strong>Emprende.ull<\/strong>, estar\u00e1n presentes durante tres d\u00edas por los campus de la Universidad de La Laguna. Queremos visibilizar, publicitar y dar a conocer aquellas ideas de negocio que se han convertido en empresas y que forman parte de nuestra <strong>#comunidadEmprendedora<\/strong>.<\/div>\n<p>[\/vc_cta][\/vc_column][vc_column width=&#8221;1\/2&#8243;][vc_single_image image=&#8221;36814&#8243; img_size=&#8221;full&#8221; alignment=&#8221;center&#8221; style=&#8221;vc_box_shadow_3d&#8221; css_animation=&#8221;top-to-bottom&#8221;][vc_cta h2=&#8221;Foro Presentaci\u00f3n de Proyectos&#8221; css_animation=&#8221;left-to-right&#8221;]<\/p>\n<ul>\n<li>Fecha: <strong>23 noviembre 2018<\/strong><\/li>\n<li>Horario: <strong>De 9 a 11 horas<\/strong><\/li>\n<li>Lugar:\u00a0<strong>: Aula Magna. Facultad de Econom\u00eda, Empresa y Turismo<\/strong><\/li>\n<\/ul>\n<div id=\":7p.ma\" class=\"Mu SP\">En este a\u00f1o 2018 hemos acompa\u00f1ado y asesorado a\u00a0<strong>465 personas<\/strong>. De esa actividad diaria,\u00a0<strong>\u00a068 personas <\/strong>han desarrollado su proyecto empresarial y hemos ayudado a crear <strong>56 proyectos empresariales<\/strong>. De ese total, <strong>15 de ellos<\/strong> acudir\u00e1n, en funci\u00f3n de su maduraci\u00f3n y desarrollo, al Foro de Presentaci\u00f3n de Proyectos Empresariales. Una oportunidad \u00fanica para descubrir la quincena de empresas que optar\u00e1n a los premios por parte de las entidades colaboradoras en el <em><strong>Campus Pitch 2018<\/strong><\/em>&#8230;\u00bfTe animas a conocerlos?<\/div>\n<div><\/div>\n<div class=\"Mu SP\"><\/div>\n<p>[\/vc_cta][\/vc_column][\/vc_row][vc_row][vc_column][vc_row_inner][vc_column_inner][vc_btn title=&#8221;\u00bfQuieres conocer los proyectos empresariales de este a\u00f1o?&#8221; style=&#8221;3d&#8221; color=&#8221;warning&#8221; align=&#8221;center&#8221; link=&#8221;url:https%3A%2F%2Fwww.ull.es%2Fportal%2Fagenda%2Fevento%2Fcharla-mi-idea-en-cinco-minutos%2F|||&#8221;][vc_empty_space][\/vc_column_inner][\/vc_row_inner][vc_row_inner][vc_column_inner][vc_cta h2=&#8221;&#8221; shape=&#8221;square&#8221; style=&#8221;outline&#8221; color=&#8221;orange&#8221; add_icon=&#8221;left&#8221; i_icon_fontawesome=&#8221;fa fa-star&#8221; i_color=&#8221;orange&#8221;]<span style=\"font-weight: 400\"><strong>Feria itinerante:<\/strong> 9.00 horas a 13.00 horas:<\/span><\/p>\n<ul>\n<li><span style=\"font-weight: 400\"><strong>lunes 19 de noviembre<\/strong> &#8211; Facultad de Econom\u00eda Empresa y Turismo<\/span><\/li>\n<li><span style=\"font-weight: 400\"><strong>martes 20 de noviembre<\/strong> &#8211; Escuela Superior Ingenier\u00eda y Tecnolog\u00eda <\/span><\/li>\n<li><span style=\"font-weight: 400\"><strong>mi\u00e9rcoles 21 de noviembre<\/strong> &#8211; Facultad de Educaci\u00f3n. Edificio Central<\/span><\/li>\n<\/ul>\n<p><span style=\"font-weight: 400\"><strong>Presentaci\u00f3n de Proyectos:<\/strong>\u00a0<strong>viernes 23 de noviembre<\/strong>, Aula Magna, Facultad de Econom\u00eda, Empresa y Turismo<\/span><span style=\"font-weight: 400\"><br \/>\n<\/span>[\/vc_cta][\/vc_column_inner][\/vc_row_inner][vc_column_text css_animation=&#8221;fadeInDown&#8221;]<\/p>\n<h4 style=\"text-align: center\"><strong>COMUNIDAD EMPRENDE.ULL<\/strong><\/h4>\n<p>[\/vc_column_text][vc_row_inner][vc_column_inner width=&#8221;1\/4&#8243;][vc_gallery type=&#8221;image_grid&#8221; images=&#8221;36736&#8243; img_size=&#8221;full&#8221; onclick=&#8221;&#8221; css_animation=&#8221;rotateIn&#8221;][vc_empty_space][\/vc_column_inner][vc_column_inner width=&#8221;1\/4&#8243;][vc_gallery interval=&#8221;5&#8243; images=&#8221;36734&#8243; img_size=&#8221;&#8221; onclick=&#8221;custom_link&#8221; css_animation=&#8221;rotateIn&#8221; custom_links=&#8221;#E-8_aHR0cHMlM0ElMkYlMkZmZy51bGwuZXMlMkZlbXBsZW8lMkZwb25lbnRlcy1jYW1wdXMtdGVhY2gtZW5zZW5hci1wYXJhLWVtcHJlbmRlciUyRiUyQ2h0dHBzJTNBJTJGJTJGZmcudWxsLmVzJTJGZW1wbGVvJTJGcG9uZW50ZXMtY2FtcHVzLXRlYWNoLWVuc2VuYXItcGFyYS1lbXByZW5kZXIlMkYlMkNodHRwcyUzQSUyRiUyRmZnLnVsbC5lcyUyRmVtcGxlbyUyRnBvbmVudGVzLWNhbXB1cy10ZWFjaC1lbnNlbmFyLXBhcmEtZW1wcmVuZGVyJTJGJTJDaHR0cHMlM0ElMkYlMkZmZy51bGwuZXMlMkZlbXBsZW8lMkZwb25lbnRlcy1jYW1wdXMtdGVhY2gtZW5zZW5hci1wYXJhLWVtcHJlbmRlciUyRg==&#8221;][vc_empty_space][\/vc_column_inner][vc_column_inner width=&#8221;1\/4&#8243;][vc_gallery interval=&#8221;5&#8243; images=&#8221;36719&#8243; img_size=&#8221;&#8221; onclick=&#8221;custom_link&#8221; css_animation=&#8221;rotateIn&#8221;][vc_empty_space][\/vc_column_inner][vc_column_inner width=&#8221;1\/4&#8243;][vc_gallery interval=&#8221;5&#8243; images=&#8221;36732&#8243; img_size=&#8221;&#8221; onclick=&#8221;custom_link&#8221; css_animation=&#8221;rotateIn&#8221;][vc_empty_space][\/vc_column_inner][\/vc_row_inner][\/vc_column][\/vc_row][vc_row][vc_column][vc_empty_space][vc_empty_space][vc_cta h2=&#8221;&#8221; add_button=&#8221;bottom&#8221; btn_title=&#8221;<b>VOLVER<\/b>&#8221; btn_style=&#8221;3d&#8221; btn_shape=&#8221;square&#8221; btn_color=&#8221;warning&#8221; btn_align=&#8221;center&#8221; btn_i_icon_fontawesome=&#8221;fa fa-minus-square&#8221; btn_css_animation=&#8221;bottom-to-top&#8221; css_animation=&#8221;fadeInDown&#8221; btn_button_block=&#8221;true&#8221; btn_add_icon=&#8221;true&#8221; btn_link=&#8221;url:https%3A%2F%2Ffg.ull.es%2Fempleo%2Femprende-ull%2F|||&#8221;]<\/p>\n<h5 style=\"text-align: center\"><b>Emprende.ull<\/b><\/h5>\n<p>[\/vc_cta][\/vc_column][\/vc_row][vc_row][vc_column][\/vc_column][\/vc_row]<\/p>\n<\/section>","protected":false},"excerpt":{"rendered":"<p>[vc_row full_width=&#8221;stretch_row&#8221; content_placement=&#8221;middle&#8221; css_animation=&#8221;appear&#8221; disable_element=&#8221;yes&#8221; css=&#8221;.vc_custom_1538477119795{margin-top: 0px !important;margin-right: 0px !important;margin-bottom: 0px !important;margin-left: 0px !important;border-top-width: 0px !important;border-right-width: 0px !important;border-bottom-width: 0px !important;border-left-width: 0px !important;padding-top: 0px !important;padding-right: 0px !important;padding-bottom: 0px !important;padding-left: 0px !important;background-color: #ffffff !important;border-left-color: #0a0a0a !important;border-left-style: outset !important;border-right-color: #0a0a0a !important;border-right-style: outset !important;border-top-color: #0a0a0a !important;border-top-style: outset !important;border-bottom-color: #0a0a0a !important;border-bottom-style: outset !important;}&#8221;][vc_column][vc_row_inner content_placement=&#8221;middle&#8221; css=&#8221;.vc_custom_1524833098090{margin-top: 0px !important;margin-right: 0px !important;margin-bottom: 0px&#8230;<\/p>\n","protected":false},"author":10,"featured_media":0,"parent":0,"menu_order":0,"comment_status":"closed","ping_status":"closed","template":"templates\/template-frontpage.php","meta":{"footnotes":""},"_links":{"self":[{"href":"https:\/\/fg.ull.es\/empleo\/wp-json\/wp\/v2\/pages\/36611"}],"collection":[{"href":"https:\/\/fg.ull.es\/empleo\/wp-json\/wp\/v2\/pages"}],"about":[{"href":"https:\/\/fg.ull.es\/empleo\/wp-json\/wp\/v2\/types\/page"}],"author":[{"embeddable":true,"href":"https:\/\/fg.ull.es\/empleo\/wp-json\/wp\/v2\/users\/10"}],"replies":[{"embeddable":true,"href":"https:\/\/fg.ull.es\/empleo\/wp-json\/wp\/v2\/comments?post=36611"}],"version-history":[{"count":72,"href":"https:\/\/fg.ull.es\/empleo\/wp-json\/wp\/v2\/pages\/36611\/revisions"}],"predecessor-version":[{"id":36834,"href":"https:\/\/fg.ull.es\/empleo\/wp-json\/wp\/v2\/pages\/36611\/revisions\/36834"}],"wp:attachment":[{"href":"https:\/\/fg.ull.es\/empleo\/wp-json\/wp\/v2\/media?parent=36611"}],"curies":[{"name":"wp","href":"https:\/\/api.w.org\/{rel}","templated":true}]}}