{"id":36256,"date":"2018-10-03T07:27:40","date_gmt":"2018-10-03T07:27:40","guid":{"rendered":"https:\/\/fg.ull.es\/empleo\/?page_id=36256"},"modified":"2018-10-31T08:43:28","modified_gmt":"2018-10-31T08:43:28","slug":"social-lab-cocreando-emprendimiento-social","status":"publish","type":"page","link":"https:\/\/fg.ull.es\/empleo\/social-lab-cocreando-emprendimiento-social\/","title":{"rendered":"SOCIAL LAB: &#8220;Co-creando Emprendimiento Social&#8221;"},"content":{"rendered":"<section class=\"wpb-content-wrapper\"><p>[vc_row][vc_column][vc_cta h2=&#8221;SOCIAL LAB: &#8220;Co-creando Emprendimiento Social&#8220;&#8221; h2_use_theme_fonts=&#8221;yes&#8221; h2_css_animation=&#8221;bounceInLeft&#8221; h4_use_theme_fonts=&#8221;yes&#8221; h4_css_animation=&#8221;bounceInRight&#8221; shape=&#8221;square&#8221; color=&#8221;mulled-wine&#8221; use_custom_fonts_h2=&#8221;true&#8221; use_custom_fonts_h4=&#8221;true&#8221;][\/vc_cta][\/vc_column][\/vc_row][vc_row][vc_column][vc_single_image image=&#8221;36461&#8243; img_size=&#8221;large&#8221; alignment=&#8221;center&#8221; css_animation=&#8221;fadeIn&#8221;][\/vc_column][\/vc_row][vc_row][vc_column width=&#8221;1\/2&#8243;][vc_btn title=&#8221;<b>INSCRIBETE<\/b>&#8221; style=&#8221;outline&#8221; color=&#8221;danger&#8221; size=&#8221;sm&#8221; align=&#8221;center&#8221; i_icon_fontawesome=&#8221;fa fa-chevron-right&#8221; css_animation=&#8221;fadeInDown&#8221; button_block=&#8221;true&#8221; add_icon=&#8221;true&#8221; link=&#8221;url:https%3A%2F%2Fgoo.gl%2Fforms%2FpOwFXu75OBMEmgTk1||target:%20_blank|&#8221;][vc_empty_space][\/vc_column][vc_column width=&#8221;1\/2&#8243;][vc_btn title=&#8221;<b>\u00bfQU\u00c9 ES EL EMPRENDIMIENTO SOCIAL?<\/b>&#8221; style=&#8221;outline&#8221; shape=&#8221;square&#8221; color=&#8221;danger&#8221; size=&#8221;sm&#8221; align=&#8221;center&#8221; i_icon_fontawesome=&#8221;fa fa-chevron-right&#8221; css_animation=&#8221;fadeInDown&#8221; button_block=&#8221;true&#8221; add_icon=&#8221;true&#8221; link=&#8221;url:https%3A%2F%2Fwww.youtube.com%2Fwatch%3Fv%3D4wpueCaWLyU%26index%3D5%26list%3DPLbU1uwxBUAGECf-4RQuv5ZqZALmcllQjo||target:%20_blank|&#8221;][vc_empty_space][\/vc_column][\/vc_row][vc_row][vc_column][vc_cta h2=&#8221;Introducci\u00f3n&#8221;]Desde <strong>Emprende.ull Social<\/strong> te queremos invitar a nuestro <em><strong>Social Lab<\/strong><\/em>. Durante una semana, podr\u00e1s madurar las ideas de emprendimiento social y empezar a formar parte activa de la construcci\u00f3n colectiva de proyectos desde otras l\u00f3gicas, desde la cooperaci\u00f3n, la ayuda m\u00fatua y poniendo en el centro el cuidado de las personas y la vida.<\/p>\n<div>Vivimos un momento de disrupci\u00f3n caracterizado por un entorno Vol\u00e1til, Incierto, Complejo y Ambiguo (VUCA) con nuevos retos que requieren diferentes formas de gestionar y liderar.<\/div>\n<div><\/div>\n<div>La colaboraci\u00f3n p\u00fablico, privada y gubernamental, implicando a todos los grupos de inter\u00e9s suponen tambi\u00e9n un desaf\u00edo estrechamente vinculado con los Objetivos de Desarrollo Sostenible (ODS).<\/div>\n<div><\/div>\n<div>En este marco hemos creado el LAB de Emprendimiento Social.<\/div>\n<p>[\/vc_cta][\/vc_column][vc_column width=&#8221;1\/2&#8243;][vc_cta h2=&#8221;Objetivos&#8221;]<\/p>\n<ol>\n<li style=\"font-weight: 400\"><span style=\"font-weight: 400\">Madurar tu idea de Emprendimiento Social<\/span><\/li>\n<li>Conocer y forma parte de esta red de personas emprendedoras empe\u00f1adas en hacer actividad econ\u00f3mica y empresas poniendo en el centro el cuidado de las personas y la Vida.<\/li>\n<li>Fomentar el intraemprendimiento en las empresas y entidades sociales<\/li>\n<li>\n<div>Conocer nuevas formas de gesti\u00f3n y gobernanza<\/div>\n<\/li>\n<li>\n<div><\/div>\n<div>Conocer Lean Management y c\u00f3mo aplicarlo a las organizaciones<\/div>\n<\/li>\n<li>\n<div><\/div>\n<div>Conocer como crear productos y servicios para la Econom\u00eda Circular<\/div>\n<\/li>\n<li>\n<div><\/div>\n<p>Poder participar en proyectos sociales o apoyarlos desde tu organizaci\u00f3n<\/li>\n<\/ol>\n<p>[\/vc_cta][\/vc_column][vc_column width=&#8221;1\/2&#8243;][vc_cta h2=&#8221;P\u00fablico objetivo&#8221;]<\/p>\n<ul>\n<li>Personas que tienen una idea de emprendimiento social y les gustar\u00eda madurarla a trav\u00e9s de un proceso de aprender haciendo.<\/li>\n<li>Personas que quieran conocer y formar parte de alguna de las ideas de emprendimiento social que maduraremos en esta semana.<\/li>\n<li>Trabajadoras\/es\u00a0\u00a0que quieren hacer Intra emprendimiento en sus organizaciones aplicando Metodolog\u00edas \u00c1giles y Human Centered Design para el desarrollo de nuevos Productos y Servicios.<\/li>\n<li>\n<div>Personas que quieren contribuir a lograr los Objetivos de Desarrollo Sostenible (ODS), en sus organizaciones o en colaboraci\u00f3n con el emprendimiento social impulsando la Responsabilidad Social Corporativa.<\/div>\n<\/li>\n<li>\n<div>Personas que desde las organizaciones quieren actuar para cambiar el mundo a mejor.<\/div>\n<\/li>\n<\/ul>\n<p>[\/vc_cta][\/vc_column][\/vc_row][vc_row][vc_column][vc_cta h2=&#8221;Ficha b\u00e1sica&#8221;]<\/p>\n<ul>\n<li>Precio:\u00a0<strong>Gratuito<\/strong>.<\/li>\n<li>Fecha de impartici\u00f3n: del <strong>05\/11\/2018 al 10\/11\/2018 <\/strong>(Est\u00e1 planificada una jornada l\u00fadica y de networking para el s\u00e1bado 10 fuera de aula)<\/li>\n<li>Horario: <strong>16:00 a 20:00<\/strong><\/li>\n<li>Horas lectivas: 4<\/li>\n<li>Plazas disponibles: 25<\/li>\n<li>Tipo formaci\u00f3n: <strong>Presencial<br \/>\n<\/strong><\/li>\n<li>Lugar: <strong><a href=\"https:\/\/goo.gl\/maps\/KMdwe8kwchm\">Espacio de emprendimiento de la sala de estudio del Campus de Anchieta<\/a>. (Edificio CajaCanarias <\/strong><strong>de Anchieta. Av. Astrof\u00edsico Francisco S\u00e1nchez, 23 La Laguna)<\/strong><strong><br \/>\n<\/strong><\/li>\n<li>Docentes: <b>\u00c1ngeles Ramos, Paco Caballero y\u00a0Cora Fassina<\/b><\/li>\n<\/ul>\n<p>[\/vc_cta][\/vc_column][\/vc_row][vc_row][vc_column][vc_cta h2=&#8221;Programa&#8221; style=&#8221;outline&#8221; add_icon=&#8221;left&#8221; i_icon_fontawesome=&#8221;fa fa-tasks&#8221; i_color=&#8221;orange&#8221;]\u2022 Lunes 5 nov: Creatividad colaborativa y Design Thinking<br \/>\n\u2022 Martes 6\u00a0nov.: Lean Management y Prototipado \u00c1gil<br \/>\n\u2022 Mi\u00e9rcoles 7\u00a0nov.: Innovaci\u00f3n con Circular Design<br \/>\n\u2022 Jueves 8\u00a0nov.: Experiencia del Cliente y Value Proposition\u00a0Canvas<br \/>\n\u2022 Viernes 9\u00a0nov.: Management 3.0: Liderazgo con Prop\u00f3sito,\u00a0Motivaci\u00f3n y Clima de Equipo (Reuniones\u00a0efectivas, Creando clima, &#8230;)<br \/>\n\u2022 S\u00e1bado 10\u00a0nov.: Econom\u00eda Colaborativa sin\u00e9rgica en\u00a0Tenerife (con juegos OuiShare Territories)<\/p>\n<p>Nota.\u00a0S\u00e1bado 10 de nov. de 10 a 14:00, haremos una actividades y networking\u00a0 al aire libre (se intentar\u00e1 en el albergue de Anaga). El picnic ser\u00e1\u00a0aportado por las\u00a0participantes.[\/vc_cta][\/vc_column][\/vc_row][vc_row][vc_column width=&#8221;1\/2&#8243;][vc_cta h2=&#8221;Metodolog\u00eda docente&#8221;]Eminentemente pr\u00e1ctica; aprender haciendo![\/vc_cta][\/vc_column][vc_column width=&#8221;1\/2&#8243;][vc_cta h2=&#8221;Criterios de evaluaci\u00f3n&#8221;]Se requiere la asistencia al menos al 80% de las jornadas. Se valora la participaci\u00f3n activa[\/vc_cta][\/vc_column][\/vc_row][vc_row][vc_column width=&#8221;1\/2&#8243;][vc_separator border_width=&#8221;3&#8243;][vc_empty_space height=&#8221;60px&#8221;][vc_cta h2=&#8221;&#8221; add_button=&#8221;bottom&#8221; btn_title=&#8221;<b>Emprendimiento Social<\/b>&#8221; btn_style=&#8221;3d&#8221; btn_shape=&#8221;square&#8221; btn_color=&#8221;violet&#8221; btn_align=&#8221;center&#8221; btn_css_animation=&#8221;bottom-to-top&#8221; btn_button_block=&#8221;true&#8221; btn_link=&#8221;url:https%3A%2F%2Ffg.ull.es%2Fempleo%2Femprendimiento-social%2F|||&#8221;]<\/p>\n<p style=\"text-align: center\"><b>Web de Emprendimiento Social<\/b><\/p>\n<p>[\/vc_cta][\/vc_column][vc_column width=&#8221;1\/2&#8243;][vc_separator border_width=&#8221;3&#8243;][vc_empty_space height=&#8221;60px&#8221;][vc_cta h2=&#8221;&#8221; add_button=&#8221;bottom&#8221; btn_title=&#8221;<b>M\u00e1s informaci\u00f3n e inscripci\u00f3n<\/b>&#8221; btn_style=&#8221;3d&#8221; btn_shape=&#8221;square&#8221; btn_color=&#8221;violet&#8221; btn_align=&#8221;center&#8221; btn_css_animation=&#8221;bottom-to-top&#8221; btn_button_block=&#8221;true&#8221; btn_link=&#8221;url:https%3A%2F%2Ffg.ull.es%2Fempleo%2Fcreatividad-para-la-generacion-de-ideas-de-emprendimiento-social%2F|||&#8221;]<\/p>\n<p style=\"text-align: center\"><strong>Taller: &#8220;Creaci\u00f3n de ideas de Emprendimiento Social&#8221;<\/strong><\/p>\n<p>[\/vc_cta][\/vc_column][vc_column][\/vc_column][\/vc_row][vc_row disable_element=&#8221;yes&#8221;][vc_column width=&#8221;1\/4&#8243;][vc_icon icon_fontawesome=&#8221;fa fa-asterisk&#8221; color=&#8221;orange&#8221; size=&#8221;lg&#8221; align=&#8221;right&#8221; css_animation=&#8221;bounceIn&#8221; css=&#8221;.vc_custom_1508412261017{margin-top: 15px !important;}&#8221;][\/vc_column][vc_column width=&#8221;3\/4&#8243;][vc_cta h2=&#8221;Observaciones&#8221; style=&#8221;outline&#8221; color=&#8221;mulled-wine&#8221;]Este curso est\u00e1 valorado en <strong>450\u20ac<\/strong>, pero es gratuito para personas desempleadas que cumplen los siguientes <strong>requisitos de acceso:<\/strong><\/p>\n<ul>\n<li>Tener <strong>hasta 29 a\u00f1os<\/strong><\/li>\n<li>Estar en posesi\u00f3n de alguna <strong>titulaci\u00f3n superior<\/strong> (Grado, Licenciatura, Diplomatura, Ciclo Superior de FP, Certificado de Profesionalidad de Nivel III)<\/li>\n<li>Estar <strong>dada de alta en el Servicio Canario de Empleo<\/strong> (SCE) como demandante de empleo<\/li>\n<\/ul>\n<p>[\/vc_cta][\/vc_column][\/vc_row][vc_row disable_element=&#8221;yes&#8221;][vc_column width=&#8221;3\/4&#8243;][vc_cta h2=&#8221;&#8221; style=&#8221;outline&#8221; color=&#8221;mulled-wine&#8221;]El curso es de 10 horas lectivas y figura dentro del <strong>Cat\u00e1logo Oficial de Actividades de la ULL<\/strong> para el curso acad\u00e9mico 2017\/18 (&#8220;Actividades de fomento de la Empleabilidad y el Emprendimiento&#8221;), por lo que puede ser reconocida como <strong>1 cr\u00e9dito ECTS<\/strong> a efectos acad\u00e9micos.[\/vc_cta][\/vc_column][vc_column width=&#8221;1\/4&#8243;][vc_icon icon_fontawesome=&#8221;fa fa-university&#8221; color=&#8221;orange&#8221; size=&#8221;lg&#8221; css_animation=&#8221;bounceIn&#8221; css=&#8221;.vc_custom_1508412377714{margin-top: 15px !important;}&#8221;][\/vc_column][\/vc_row][vc_row disable_element=&#8221;yes&#8221;][vc_column width=&#8221;1\/4&#8243;][vc_single_image image=&#8221;33187&#8243; img_size=&#8221;205&#215;107&#8243; alignment=&#8221;right&#8221; css_animation=&#8221;fadeInLeft&#8221; css=&#8221;.vc_custom_1508413349424{margin-top: 30px !important;}&#8221;][\/vc_column][vc_column width=&#8221;3\/4&#8243;][vc_cta h2=&#8221;&#8221; style=&#8221;outline&#8221; color=&#8221;mulled-wine&#8221;]<img decoding=\"async\" class=\"alignnone wp-image-33184 size-full\" src=\"https:\/\/fg.ull.es\/empleo\/wp-content\/uploads\/sites\/6\/2017\/10\/logotipos_pepes.png\" alt=\"\" width=\"100%\" srcset=\"https:\/\/fg.ull.es\/empleo\/wp-content\/uploads\/sites\/6\/2017\/10\/logotipos_pepes.png 3660w, https:\/\/fg.ull.es\/empleo\/wp-content\/uploads\/sites\/6\/2017\/10\/logotipos_pepes-300x19.png 300w, https:\/\/fg.ull.es\/empleo\/wp-content\/uploads\/sites\/6\/2017\/10\/logotipos_pepes-768x48.png 768w, https:\/\/fg.ull.es\/empleo\/wp-content\/uploads\/sites\/6\/2017\/10\/logotipos_pepes-1024x64.png 1024w, https:\/\/fg.ull.es\/empleo\/wp-content\/uploads\/sites\/6\/2017\/10\/logotipos_pepes-375x23.png 375w, https:\/\/fg.ull.es\/empleo\/wp-content\/uploads\/sites\/6\/2017\/10\/logotipos_pepes-750x47.png 750w, https:\/\/fg.ull.es\/empleo\/wp-content\/uploads\/sites\/6\/2017\/10\/logotipos_pepes-1140x71.png 1140w\" sizes=\"(max-width: 3660px) 100vw, 3660px\" \/><\/p>\n<p>Esta actividad pertenece al Plan de Empleo para la Educaci\u00f3n Superior, proyecto subvencionado por el Servicio Canario de Empleo (SCE) y financiado con cargo a los fondos p\u00fablicos recibidos del Ministerio de Empleo y Seguridad Social del Gobierno de Espa\u00f1a.[\/vc_cta][\/vc_column][\/vc_row][vc_row disable_element=&#8221;yes&#8221;][vc_column][vc_cta h2=&#8221;&#8221; style=&#8221;outline&#8221; color=&#8221;mulled-wine&#8221; add_icon=&#8221;left&#8221; i_icon_fontawesome=&#8221;fa fa-info-circle&#8221; i_color=&#8221;orange&#8221;]Para su realizaci\u00f3n no es necesaria ninguna experiencia previa en emprendimiento.[\/vc_cta][\/vc_column][\/vc_row][vc_row][vc_column][vc_single_image image=&#8221;35862&#8243; img_size=&#8221;full&#8221; alignment=&#8221;center&#8221; css_animation=&#8221;fadeIn&#8221;][vc_empty_space][\/vc_column][\/vc_row][vc_row disable_element=&#8221;yes&#8221;][vc_column width=&#8221;1\/2&#8243;][vc_column_text]<\/p>\n<h2 style=\"text-align: center\">\u00a1Inscr\u00edbete!<\/h2>\n<p style=\"text-align: center\">\n<div class=\"wpcf7 no-js\" id=\"wpcf7-f33834-o1\" lang=\"es-ES\" dir=\"ltr\">\n<div class=\"screen-reader-response\"><p role=\"status\" aria-live=\"polite\" aria-atomic=\"true\"><\/p> <ul><\/ul><\/div>\n<form action=\"\/empleo\/wp-json\/wp\/v2\/pages\/36256#wpcf7-f33834-o1\" method=\"post\" class=\"wpcf7-form init\" aria-label=\"Contact form\" novalidate=\"novalidate\" data-status=\"init\">\n<div style=\"display: none;\">\n<input type=\"hidden\" name=\"_wpcf7\" value=\"33834\" \/>\n<input type=\"hidden\" name=\"_wpcf7_version\" value=\"5.8\" \/>\n<input type=\"hidden\" name=\"_wpcf7_locale\" value=\"es_ES\" \/>\n<input type=\"hidden\" name=\"_wpcf7_unit_tag\" value=\"wpcf7-f33834-o1\" \/>\n<input type=\"hidden\" name=\"_wpcf7_container_post\" value=\"0\" \/>\n<input type=\"hidden\" name=\"_wpcf7_posted_data_hash\" value=\"\" \/>\n<\/div>\n<input class=\"wpcf7-form-control wpcf7-hidden\" value=\"Nombre del curso\" type=\"hidden\" name=\"curso\" \/>\n<p><label> Nombre y Apellidos<br \/>\n<span class=\"wpcf7-form-control-wrap\" data-name=\"nombre\"><input size=\"40\" class=\"wpcf7-form-control wpcf7-text wpcf7-validates-as-required\" aria-required=\"true\" aria-invalid=\"false\" value=\"\" type=\"text\" name=\"nombre\" \/><\/span> <\/label>\n<\/p>\n<p><label> DNI\/NIE<br \/>\n<span class=\"wpcf7-form-control-wrap\" data-name=\"dni_nie\"><input size=\"40\" class=\"wpcf7-form-control wpcf7-text wpcf7-validates-as-required\" aria-required=\"true\" aria-invalid=\"false\" value=\"\" type=\"text\" name=\"dni_nie\" \/><\/span> <\/label>\n<\/p>\n<p><label> Tel\u00e9fono<br \/>\n<span class=\"wpcf7-form-control-wrap\" data-name=\"telefono\"><input size=\"40\" class=\"wpcf7-form-control wpcf7-text wpcf7-validates-as-required\" aria-required=\"true\" aria-invalid=\"false\" value=\"\" type=\"text\" name=\"telefono\" \/><\/span> <\/label>\n<\/p>\n<p><label> Email<br \/>\n<span class=\"wpcf7-form-control-wrap\" data-name=\"email\"><input size=\"40\" class=\"wpcf7-form-control wpcf7-email wpcf7-validates-as-required wpcf7-text wpcf7-validates-as-email\" aria-required=\"true\" aria-invalid=\"false\" value=\"\" type=\"email\" name=\"email\" \/><\/span> <\/label>\n<\/p>\n<p><input class=\"wpcf7-form-control wpcf7-submit has-spinner\" type=\"submit\" value=\"Inscribirme\" \/>\n<\/p><div class=\"wpcf7-response-output\" aria-hidden=\"true\"><\/div>\n<\/form>\n<\/div>\n<p>* Si tienes usuario de la FGULL puedes <a href=\"https:\/\/sede.fg.ull.es\/es\/emprendimiento\/inscripcion\/26599\" target=\"_blank\" rel=\"noopener\">inscribirte directamente en la sede electr\u00f3nica<\/a>.[\/vc_column_text][\/vc_column][vc_column width=&#8221;1\/2&#8243;][vc_raw_js]JTNDc2NyaXB0JTIwdHlwZSUzRCUyMnRleHQlMkZqYXZhc2NyaXB0JTIyJTNFJTBBJTIwJTIwJTIwdCUyMCUzRCUyMGRvY3VtZW50LnRpdGxlJTNCJTBBJTIwJTIwJTIwYzElMjAlM0QlMjBTdHJpbmcuZnJvbUNoYXJDb2RlJTI4ODIxNiUyOSUzQiUwQSUyMCUyMCUyMGMyJTIwJTNEJTIwU3RyaW5nLmZyb21DaGFyQ29kZSUyODgyMTclMjklM0IlMEElMjAlMjAlMjBpJTIwJTNEJTIwdC5pbmRleE9mJTI4YzElMjklM0IlMEElMjAlMjAlMjBjdXJzbyUyMCUzRCUyMHQuc3Vic3RyJTI4aSUyQjElMkMlMjB0LmluZGV4T2YlMjhjMiUyQ2klMkIxJTI5LWktMSUyOSUzQiUwQSUyMCUyMCUyMGRvY3VtZW50LmZvcm1zJTVCMCU1RC5jdXJzby52YWx1ZSUyMCUzRCUyMGN1cnNvJTIwJTJCJTIwJTIyJTIwLSUyMExhbmRpbmclMjIlM0IlMEElMjAlMjAlMjBkb2N1bWVudC5mb3JtcyU1QjElNUQuY3Vyc28udmFsdWUlMjAlM0QlMjBjdXJzbyUyMCUyQiUyMCUyMiUyMC0lMjBMYW5kaW5nJTIyJTNCJTBBJTNDJTJGc2NyaXB0JTNF[\/vc_raw_js][\/vc_column][\/vc_row]<\/p>\n<\/section>","protected":false},"excerpt":{"rendered":"<p>[vc_row][vc_column][vc_cta h2=&#8221;SOCIAL LAB: &#8220;Co-creando Emprendimiento Social&#8220;&#8221; h2_use_theme_fonts=&#8221;yes&#8221; h2_css_animation=&#8221;bounceInLeft&#8221; h4_use_theme_fonts=&#8221;yes&#8221; h4_css_animation=&#8221;bounceInRight&#8221; shape=&#8221;square&#8221; color=&#8221;mulled-wine&#8221; use_custom_fonts_h2=&#8221;true&#8221; use_custom_fonts_h4=&#8221;true&#8221;][\/vc_cta][\/vc_column][\/vc_row][vc_row][vc_column][vc_single_image image=&#8221;36461&#8243; img_size=&#8221;large&#8221; alignment=&#8221;center&#8221; css_animation=&#8221;fadeIn&#8221;][\/vc_column][\/vc_row][vc_row][vc_column width=&#8221;1\/2&#8243;][vc_btn title=&#8221;INSCRIBETE&#8221; style=&#8221;outline&#8221; color=&#8221;danger&#8221; size=&#8221;sm&#8221; align=&#8221;center&#8221; i_icon_fontawesome=&#8221;fa fa-chevron-right&#8221; css_animation=&#8221;fadeInDown&#8221; button_block=&#8221;true&#8221; add_icon=&#8221;true&#8221; link=&#8221;url:https%3A%2F%2Fgoo.gl%2Fforms%2FpOwFXu75OBMEmgTk1||target:%20_blank|&#8221;][vc_empty_space][\/vc_column][vc_column width=&#8221;1\/2&#8243;][vc_btn title=&#8221;\u00bfQU\u00c9 ES EL EMPRENDIMIENTO SOCIAL?&#8221; style=&#8221;outline&#8221; shape=&#8221;square&#8221; color=&#8221;danger&#8221; size=&#8221;sm&#8221; align=&#8221;center&#8221; i_icon_fontawesome=&#8221;fa fa-chevron-right&#8221; css_animation=&#8221;fadeInDown&#8221; button_block=&#8221;true&#8221; add_icon=&#8221;true&#8221; link=&#8221;url:https%3A%2F%2Fwww.youtube.com%2Fwatch%3Fv%3D4wpueCaWLyU%26index%3D5%26list%3DPLbU1uwxBUAGECf-4RQuv5ZqZALmcllQjo||target:%20_blank|&#8221;][vc_empty_space][\/vc_column][\/vc_row][vc_row][vc_column][vc_cta h2=&#8221;Introducci\u00f3n&#8221;]Desde Emprende.ull Social te queremos invitar a nuestro&#8230;<\/p>\n","protected":false},"author":21,"featured_media":36461,"parent":0,"menu_order":0,"comment_status":"closed","ping_status":"closed","template":"templates\/template-frontpage.php","meta":{"footnotes":""},"_links":{"self":[{"href":"https:\/\/fg.ull.es\/empleo\/wp-json\/wp\/v2\/pages\/36256"}],"collection":[{"href":"https:\/\/fg.ull.es\/empleo\/wp-json\/wp\/v2\/pages"}],"about":[{"href":"https:\/\/fg.ull.es\/empleo\/wp-json\/wp\/v2\/types\/page"}],"author":[{"embeddable":true,"href":"https:\/\/fg.ull.es\/empleo\/wp-json\/wp\/v2\/users\/21"}],"replies":[{"embeddable":true,"href":"https:\/\/fg.ull.es\/empleo\/wp-json\/wp\/v2\/comments?post=36256"}],"version-history":[{"count":47,"href":"https:\/\/fg.ull.es\/empleo\/wp-json\/wp\/v2\/pages\/36256\/revisions"}],"predecessor-version":[{"id":36258,"href":"https:\/\/fg.ull.es\/empleo\/wp-json\/wp\/v2\/pages\/36256\/revisions\/36258"}],"wp:featuredmedia":[{"embeddable":true,"href":"https:\/\/fg.ull.es\/empleo\/wp-json\/wp\/v2\/media\/36461"}],"wp:attachment":[{"href":"https:\/\/fg.ull.es\/empleo\/wp-json\/wp\/v2\/media?parent=36256"}],"curies":[{"name":"wp","href":"https:\/\/api.w.org\/{rel}","templated":true}]}}