{"id":36089,"date":"2018-09-21T10:14:52","date_gmt":"2018-09-21T10:14:52","guid":{"rendered":"https:\/\/fg.ull.es\/empleo\/?page_id=36089"},"modified":"2023-03-01T15:44:04","modified_gmt":"2023-03-01T15:44:04","slug":"analisis-de-la-insercion-laboral-de-los-titulos-de-la-ull","status":"publish","type":"page","link":"https:\/\/fg.ull.es\/empleo\/resultados\/informes-de-insercion-laboral-de-las-titulaciones-de-la-ull\/analisis-de-la-insercion-laboral-de-los-titulos-de-la-ull\/","title":{"rendered":"An\u00e1lisis interactivo de las ocupaciones de los titulados y tituladas de la ULL (2016)"},"content":{"rendered":"<section class=\"wpb-content-wrapper\"><p>[vc_row][vc_column][vc_column_text]<\/p>\n<h3>An\u00e1lisis interactivo\u00a0 de las ocupaciones de los titulados y tituladas de la ULL<\/h3>\n<p>Se analiza las caracter\u00edsticas del primer y \u00faltimo empleo registrado en Canarias de los titulados y tituladas de la Universidad de La Laguna.<\/p>\n<p>Puedes utilizar los filtros para seleccionar especialidades y cursos espec\u00edficos. Tambi\u00e9n puedes interactuar con las gr\u00e1ficas para filtrar los resultados. Por ejemplo, puedes clicar sobre una de las porciones de la gr\u00e1fica de g\u00e9nero de los titulados para mostrar los resultados espec\u00edficos de hombres o mujeres.<\/p>\n<p>Para una mejor visualizaci\u00f3n te recomendamos ampliar el informe pulsando en el icono &#8220;Activar pantalla completa&#8221; en la esquina inferior derecha del recuadro.[\/vc_column_text][vc_raw_html css=&#8221;.vc_custom_1537778451853{margin-top: 0px !important;margin-right: 0px !important;margin-bottom: 0px !important;margin-left: 0px !important;border-top-width: 0px !important;border-right-width: 0px !important;border-bottom-width: 0px !important;border-left-width: 0px !important;padding-top: 0px !important;padding-right: 0px !important;padding-bottom: 0px !important;padding-left: 0px !important;background-color: #ffffff !important;background-position: center !important;background-repeat: no-repeat !important;background-size: cover !important;}&#8221;]JTNDaWZyYW1lJTIwd2lkdGglM0QlMjIxMDAlMjUlMjIlMjBoZWlnaHQlM0QlMjI3MDAlMjIlMjBzcmMlM0QlMjJodHRwcyUzQSUyRiUyRmFwcC5wb3dlcmJpLmNvbSUyRnZpZXclM0ZyJTNEZXlKcklqb2lORFpqTURBMVpqa3RPVGxqWXkwME9ESmlMVGxsTkRBdE9XRmlaR0UyTlRjd1lqYzRJaXdpZENJNklqZ3hNV1ZsTURjMkxXVm1OR010TkdKaE1DMWlOalF4TFRKaVpUSTFOMlZsTm1JNVlpSXNJbU1pT2poOSUyMiUyMGZyYW1lYm9yZGVyJTNEJTIyMCUyMiUyMGFsbG93RnVsbFNjcmVlbiUzRCUyMnRydWUlMjIlM0UlM0MlMkZpZnJhbWUlM0U=[\/vc_raw_html][\/vc_column][\/vc_row]<\/p>\n<\/section>","protected":false},"excerpt":{"rendered":"<p>[vc_row][vc_column][vc_column_text] An\u00e1lisis interactivo\u00a0 de las ocupaciones de los titulados y tituladas de la ULL Se analiza las caracter\u00edsticas del primer y \u00faltimo empleo registrado en Canarias de los titulados y tituladas de la Universidad de La Laguna. Puedes utilizar los filtros para seleccionar especialidades y cursos espec\u00edficos. Tambi\u00e9n puedes interactuar con las gr\u00e1ficas para filtrar&#8230;<\/p>\n","protected":false},"author":13,"featured_media":0,"parent":40456,"menu_order":3,"comment_status":"closed","ping_status":"closed","template":"","meta":{"footnotes":""},"_links":{"self":[{"href":"https:\/\/fg.ull.es\/empleo\/wp-json\/wp\/v2\/pages\/36089"}],"collection":[{"href":"https:\/\/fg.ull.es\/empleo\/wp-json\/wp\/v2\/pages"}],"about":[{"href":"https:\/\/fg.ull.es\/empleo\/wp-json\/wp\/v2\/types\/page"}],"author":[{"embeddable":true,"href":"https:\/\/fg.ull.es\/empleo\/wp-json\/wp\/v2\/users\/13"}],"replies":[{"embeddable":true,"href":"https:\/\/fg.ull.es\/empleo\/wp-json\/wp\/v2\/comments?post=36089"}],"version-history":[{"count":8,"href":"https:\/\/fg.ull.es\/empleo\/wp-json\/wp\/v2\/pages\/36089\/revisions"}],"predecessor-version":[{"id":41441,"href":"https:\/\/fg.ull.es\/empleo\/wp-json\/wp\/v2\/pages\/36089\/revisions\/41441"}],"up":[{"embeddable":true,"href":"https:\/\/fg.ull.es\/empleo\/wp-json\/wp\/v2\/pages\/40456"}],"wp:attachment":[{"href":"https:\/\/fg.ull.es\/empleo\/wp-json\/wp\/v2\/media?parent=36089"}],"curies":[{"name":"wp","href":"https:\/\/api.w.org\/{rel}","templated":true}]}}