{"id":34716,"date":"2018-02-16T10:31:18","date_gmt":"2018-02-16T10:31:18","guid":{"rendered":"https:\/\/fg.ull.es\/empleo\/?page_id=34716"},"modified":"2019-11-07T14:06:52","modified_gmt":"2019-11-07T14:06:52","slug":"listado-formativo-programa-contigo","status":"publish","type":"page","link":"https:\/\/fg.ull.es\/empleo\/listado-formativo-programa-contigo\/","title":{"rendered":"Listado formativo programa Contigo"},"content":{"rendered":"<section class=\"wpb-content-wrapper\"><p>[vc_row full_width=&#8221;stretch_row&#8221; gap=&#8221;30&#8243; css=&#8221;.vc_custom_1517404956405{border-top-width: 1px !important;border-bottom-width: 1px !important;padding-top: 60px !important;padding-bottom: 60px !important;background-color: #ece6f6 !important;border-top-color: #f7f7fe !important;border-top-style: solid !important;border-bottom-color: #f7f7fe !important;border-bottom-style: solid !important;}&#8221;][vc_column width=&#8221;1\/3&#8243;][vc_single_image image=&#8221;34511&#8243; img_size=&#8221;medium&#8221;][\/vc_column][vc_column width=&#8221;1\/3&#8243;][vc_single_image image=&#8221;34526&#8243; img_size=&#8221;135x135px&#8221; alignment=&#8221;right&#8221;][\/vc_column][vc_column width=&#8221;1\/3&#8243;][vc_custom_heading text=&#8221;Las personas beneficiarias del Programa, deber\u00e1 realizar la formaci\u00f3n propuesta, con el fin de completar su formaci\u00f3n acad\u00e9mica y mejorar sus competencias hacia el empleo.&#8221; font_container=&#8221;tag:p|font_size:21|text_align:left|color:%233e2466|line_height:1.6&#8243; google_fonts=&#8221;font_family:Roboto%3A100%2C100italic%2C300%2C300italic%2Cregular%2Citalic%2C500%2C500italic%2C700%2C700italic%2C900%2C900italic|font_style:300%20light%20regular%3A300%3Anormal&#8221; css=&#8221;.vc_custom_1573135459988{margin-top: 0px !important;margin-right: 0px !important;margin-bottom: 0px !important;margin-left: 0px !important;border-top-width: 0px !important;border-right-width: 0px !important;border-bottom-width: 0px !important;border-left-width: 0px !important;padding-top: 0px !important;padding-right: 0px !important;padding-bottom: 0px !important;padding-left: 0px !important;}&#8221; link=&#8221;|||&#8221;][vc_empty_space height=&#8221;21px&#8221;][\/vc_column][\/vc_row][vc_row][vc_column width=&#8221;1\/4&#8243;][vc_custom_heading text=&#8221;EMPRENDIMIENTO<br \/>\n&#8221; font_container=&#8221;tag:h2|font_size:27|text_align:center|color:%23000000|line_height:1%2C05&#8243; google_fonts=&#8221;font_family:Roboto%20Condensed%3A300%2C300italic%2Cregular%2Citalic%2C700%2C700italic|font_style:700%20bold%20regular%3A700%3Anormal&#8221;][vc_cta h2=&#8221;&#8221; style=&#8221;custom&#8221; custom_background=&#8221;#dd9933&#8243;]<\/p>\n<ul>\n<li>Formaci\u00f3n A<\/li>\n<li>Formaci\u00f3n B<\/li>\n<li>Formaci\u00f3n C<\/li>\n<li>Formaci\u00f3n D<\/li>\n<li>Formaci\u00f3n E<\/li>\n<\/ul>\n<p>[\/vc_cta][\/vc_column][vc_column width=&#8221;1\/4&#8243;][vc_custom_heading text=&#8221;DESARROLLO SOSTENIBLE&#8221; font_container=&#8221;tag:h2|font_size:27|text_align:center|color:%23000000|line_height:1%2C05&#8243; google_fonts=&#8221;font_family:Roboto%20Condensed%3A300%2C300italic%2Cregular%2Citalic%2C700%2C700italic|font_style:700%20bold%20regular%3A700%3Anormal&#8221;][vc_cta h2=&#8221;&#8221; style=&#8221;custom&#8221; custom_background=&#8221;#29a8f2&#8243;]<\/p>\n<ul>\n<li>Formaci\u00f3n A<\/li>\n<li>Formaci\u00f3n B<\/li>\n<li>Formaci\u00f3n C<\/li>\n<li>Formaci\u00f3n D<\/li>\n<li>Formaci\u00f3n E<\/li>\n<\/ul>\n<p>[\/vc_cta][\/vc_column][vc_column width=&#8221;1\/4&#8243;][vc_custom_heading text=&#8221;INNOVACI\u00d3N&#8221; font_container=&#8221;tag:h2|font_size:27|text_align:center|color:%23000000|line_height:1%2C05&#8243; google_fonts=&#8221;font_family:Roboto%20Condensed%3A300%2C300italic%2Cregular%2Citalic%2C700%2C700italic|font_style:700%20bold%20regular%3A700%3Anormal&#8221;][vc_cta h2=&#8221;&#8221; style=&#8221;custom&#8221; custom_background=&#8221;#26a849&#8243;]<\/p>\n<ul>\n<li>Formaci\u00f3n A<\/li>\n<li>Formaci\u00f3n B<\/li>\n<li>Formaci\u00f3n C<\/li>\n<li>Formaci\u00f3n D<\/li>\n<li>Formaci\u00f3n E<\/li>\n<\/ul>\n<p>[\/vc_cta][\/vc_column][vc_column width=&#8221;1\/4&#8243;][vc_custom_heading text=&#8221;TRANSFORMACI\u00d3N DIGITAL&#8221; font_container=&#8221;tag:h2|font_size:27|text_align:center|color:%23000000|line_height:1%2C05&#8243; google_fonts=&#8221;font_family:Roboto%20Condensed%3A300%2C300italic%2Cregular%2Citalic%2C700%2C700italic|font_style:700%20bold%20regular%3A700%3Anormal&#8221;][vc_cta h2=&#8221;&#8221; style=&#8221;custom&#8221; custom_background=&#8221;#c42dc1&#8243;]<\/p>\n<ul>\n<li>Formaci\u00f3n A<\/li>\n<li>Formaci\u00f3n B<\/li>\n<li>Formaci\u00f3n C<\/li>\n<li>Formaci\u00f3n D<\/li>\n<li>Formaci\u00f3n E<\/li>\n<\/ul>\n<p>[\/vc_cta][\/vc_column][\/vc_row]<\/p>\n<\/section>","protected":false},"excerpt":{"rendered":"<p>[vc_row full_width=&#8221;stretch_row&#8221; gap=&#8221;30&#8243; css=&#8221;.vc_custom_1517404956405{border-top-width: 1px !important;border-bottom-width: 1px !important;padding-top: 60px !important;padding-bottom: 60px !important;background-color: #ece6f6 !important;border-top-color: #f7f7fe !important;border-top-style: solid !important;border-bottom-color: #f7f7fe !important;border-bottom-style: solid !important;}&#8221;][vc_column width=&#8221;1\/3&#8243;][vc_single_image image=&#8221;34511&#8243; img_size=&#8221;medium&#8221;][\/vc_column][vc_column width=&#8221;1\/3&#8243;][vc_single_image image=&#8221;34526&#8243; img_size=&#8221;135x135px&#8221; alignment=&#8221;right&#8221;][\/vc_column][vc_column width=&#8221;1\/3&#8243;][vc_custom_heading text=&#8221;Las personas beneficiarias del Programa, deber\u00e1 realizar la formaci\u00f3n propuesta, con el fin de completar su formaci\u00f3n acad\u00e9mica y mejorar sus competencias hacia el empleo.&#8221;&#8230;<\/p>\n","protected":false},"author":9,"featured_media":0,"parent":0,"menu_order":0,"comment_status":"closed","ping_status":"closed","template":"templates\/template-frontpage.php","meta":{"footnotes":""},"_links":{"self":[{"href":"https:\/\/fg.ull.es\/empleo\/wp-json\/wp\/v2\/pages\/34716"}],"collection":[{"href":"https:\/\/fg.ull.es\/empleo\/wp-json\/wp\/v2\/pages"}],"about":[{"href":"https:\/\/fg.ull.es\/empleo\/wp-json\/wp\/v2\/types\/page"}],"author":[{"embeddable":true,"href":"https:\/\/fg.ull.es\/empleo\/wp-json\/wp\/v2\/users\/9"}],"replies":[{"embeddable":true,"href":"https:\/\/fg.ull.es\/empleo\/wp-json\/wp\/v2\/comments?post=34716"}],"version-history":[{"count":14,"href":"https:\/\/fg.ull.es\/empleo\/wp-json\/wp\/v2\/pages\/34716\/revisions"}],"predecessor-version":[{"id":38528,"href":"https:\/\/fg.ull.es\/empleo\/wp-json\/wp\/v2\/pages\/34716\/revisions\/38528"}],"wp:attachment":[{"href":"https:\/\/fg.ull.es\/empleo\/wp-json\/wp\/v2\/media?parent=34716"}],"curies":[{"name":"wp","href":"https:\/\/api.w.org\/{rel}","templated":true}]}}