{"id":33789,"date":"2017-11-22T08:42:14","date_gmt":"2017-11-22T08:42:14","guid":{"rendered":"https:\/\/fg.ull.es\/empleo\/?page_id=33789"},"modified":"2023-06-20T07:10:50","modified_gmt":"2023-06-20T07:10:50","slug":"emprendimiento-social","status":"publish","type":"page","link":"https:\/\/fg.ull.es\/empleo\/emprendimiento-social\/","title":{"rendered":"Emprendimiento Social"},"content":{"rendered":"<section class=\"wpb-content-wrapper\"><p>[vc_row][vc_column]\n\t\t\t<!-- START Emprendimiento Social REVOLUTION SLIDER 6.6.15 --><p class=\"rs-p-wp-fix\"><\/p>\n\t\t\t<rs-module-wrap id=\"rev_slider_7_1_wrapper\" data-source=\"gallery\" style=\"visibility:hidden;background:transparent;padding:0;margin:0px auto;margin-top:0;margin-bottom:0;\">\n\t\t\t\t<rs-module id=\"rev_slider_7_1\" style=\"\" data-version=\"6.6.15\">\n\t\t\t\t\t<rs-slides style=\"overflow: hidden; position: absolute;\">\n\t\t\t\t\t\t<rs-slide style=\"position: absolute;\" data-key=\"rs-13\" data-title=\"POST SLIDE\" data-duration=\"4510\" data-in=\"o:1;y:(100%);\" data-out=\"y:(-60%);\">\n\t\t\t\t\t\t\t<img src=\"\/\/fg.ull.es\/empleo\/wp-content\/plugins\/revslider\/public\/assets\/assets\/dummy.png\" alt=\"\" title=\"Emprendimiento Social\" class=\"rev-slidebg tp-rs-img rs-lazyload\" data-lazyload=\"\/\/fg.ull.es\/empleo\/wp-content\/uploads\/sites\/6\/2018\/01\/slider-emprende-3.jpg\" data-bg=\"r:repeat;\" data-parallax=\"10\" data-no-retina>\n<!--\n\t\t\t\t\t\t\t--><rs-layer\n\t\t\t\t\t\t\t\tid=\"slider-7-slide-13-layer-1\" \n\t\t\t\t\t\t\t\tclass=\"Newspaper-Title\"\n\t\t\t\t\t\t\t\tdata-type=\"text\"\n\t\t\t\t\t\t\t\tdata-color=\"#000000||rgba(255, 255, 255, 1)||rgba(255, 255, 255, 1)||rgba(255, 255, 255, 1)\"\n\t\t\t\t\t\t\t\tdata-rsp_ch=\"on\"\n\t\t\t\t\t\t\t\tdata-xy=\"xo:0,50px,50px,30px;yo:169px,135px,105px,130px;\"\n\t\t\t\t\t\t\t\tdata-text=\"w:normal;s:57,50,50,30;l:63,55,55,35;\"\n\t\t\t\t\t\t\t\tdata-dim=\"w:467px,600px,600px,420px;h:265px,auto,auto,auto;\"\n\t\t\t\t\t\t\t\tdata-basealign=\"slide\"\n\t\t\t\t\t\t\t\tdata-padding=\"b:10;\"\n\t\t\t\t\t\t\t\tdata-frame_0=\"y:-100%;o:1;\"\n\t\t\t\t\t\t\t\tdata-frame_0_mask=\"u:t;\"\n\t\t\t\t\t\t\t\tdata-frame_1=\"st:1000;sp:1500;sR:1000;\"\n\t\t\t\t\t\t\t\tdata-frame_1_mask=\"u:t;\"\n\t\t\t\t\t\t\t\tdata-frame_999=\"st:4500;sp:10;sR:2000;auto:true;\"\n\t\t\t\t\t\t\t\tdata-frame_999_mask=\"u:t;\"\n\t\t\t\t\t\t\t\tstyle=\"z-index:5;font-family:'Oswald';\"\n\t\t\t\t\t\t\t>AGENCIA\nUNIVERSITARIA DE EMPLEO \n\t\t\t\t\t\t\t<\/rs-layer><!--\n\n\t\t\t\t\t\t\t--><rs-layer\n\t\t\t\t\t\t\t\tid=\"slider-7-slide-13-layer-2\" \n\t\t\t\t\t\t\t\tclass=\"Newspaper-Subtitle\"\n\t\t\t\t\t\t\t\tdata-type=\"text\"\n\t\t\t\t\t\t\t\tdata-color=\"rgba(168, 216, 238, 1)\"\n\t\t\t\t\t\t\t\tdata-rsp_ch=\"on\"\n\t\t\t\t\t\t\t\tdata-xy=\"xo:131px,50px,50px,30px;yo:137px,110px,80px,100px;\"\n\t\t\t\t\t\t\t\tdata-text=\"s:27,15,15,15;l:20;fw:700,400,700,700;\"\n\t\t\t\t\t\t\t\tdata-frame_0=\"y:-100%;o:1;\"\n\t\t\t\t\t\t\t\tdata-frame_0_mask=\"u:t;\"\n\t\t\t\t\t\t\t\tdata-frame_1=\"st:1000;sp:1500;sR:1000;\"\n\t\t\t\t\t\t\t\tdata-frame_1_mask=\"u:t;\"\n\t\t\t\t\t\t\t\tdata-frame_999=\"st:4500;sp:10;sR:2000;auto:true;\"\n\t\t\t\t\t\t\t\tdata-frame_999_mask=\"u:t;\"\n\t\t\t\t\t\t\t\tstyle=\"z-index:6;font-family:'Roboto Condensed';text-transform:uppercase;\"\n\t\t\t\t\t\t\t> \n\t\t\t\t\t\t\t<\/rs-layer><!--\n-->\t\t\t\t\t\t<\/rs-slide>\n\t\t\t\t\t<\/rs-slides>\n\t\t\t\t<\/rs-module>\n\t\t\t\t<script>\n\t\t\t\t\tsetREVStartSize({c: 'rev_slider_7_1',rl:[1240,1024,778,480],el:[600,600,500,400],gw:[1240,1024,778,480],gh:[600,600,500,400],type:'standard',justify:'',layout:'fullwidth',mh:\"0\"});if (window.RS_MODULES!==undefined && window.RS_MODULES.modules!==undefined && window.RS_MODULES.modules[\"revslider71\"]!==undefined) {window.RS_MODULES.modules[\"revslider71\"].once = false;window.revapi7 = undefined;if (window.RS_MODULES.checkMinimal!==undefined) window.RS_MODULES.checkMinimal()}\n\t\t\t\t<\/script>\n\t\t\t<\/rs-module-wrap>\n\t\t\t<!-- END REVOLUTION SLIDER -->\n[\/vc_column][\/vc_row][vc_row full_width=&#8221;stretch_row&#8221; content_placement=&#8221;middle&#8221; css_animation=&#8221;bounceInDown&#8221; el_id=&#8221;menuEmprendimientoSocial&#8221; css=&#8221;.vc_custom_1687242319055{margin-top: -20px !important;padding-bottom: 30px !important;background-color: rgba(160,165,154,0.58) !important;*background-color: rgb(160,165,154) !important;}&#8221;][vc_column width=&#8221;1\/4&#8243; offset=&#8221;vc_hidden-md vc_hidden-sm vc_hidden-xs&#8221;][vc_custom_heading text=&#8221;EMPRENDIMIENTO SOCIAL&#8221; font_container=&#8221;tag:div|font_size:18px|text_align:center|color:%23000000|line_height:1.15&#8243; google_fonts=&#8221;font_family:Roboto%20Condensed%3A300%2C300italic%2Cregular%2Citalic%2C700%2C700italic|font_style:700%20bold%20regular%3A700%3Anormal&#8221; css_animation=&#8221;lightSpeedIn&#8221; link=&#8221;url:%23emprendimientosocial|title:Contacto||&#8221;][\/vc_column][vc_column width=&#8221;1\/4&#8243; offset=&#8221;vc_hidden-md vc_hidden-sm vc_hidden-xs&#8221;][vc_custom_heading text=&#8221;\u00bfA QUI\u00c9N NOS DIRIGIMOS?&#8221; font_container=&#8221;tag:div|font_size:18px|text_align:center|color:%23000000|line_height:1.15&#8243; google_fonts=&#8221;font_family:Roboto%20Condensed%3A300%2C300italic%2Cregular%2Citalic%2C700%2C700italic|font_style:700%20bold%20regular%3A700%3Anormal&#8221; link=&#8221;url:%23publico|title:%C2%BFA%20qui%C3%A9n%20nos%20dirigimos%3F||&#8221;][\/vc_column][vc_column width=&#8221;1\/4&#8243; offset=&#8221;vc_hidden-md vc_hidden-sm vc_hidden-xs&#8221;][vc_custom_heading text=&#8221;SERVICIOS&#8221; font_container=&#8221;tag:div|font_size:18px|text_align:center|color:%23000000|line_height:1.15&#8243; google_fonts=&#8221;font_family:Roboto%20Condensed%3A300%2C300italic%2Cregular%2Citalic%2C700%2C700italic|font_style:700%20bold%20regular%3A700%3Anormal&#8221; link=&#8221;url:%23servicios|title:servicios||&#8221;][\/vc_column][vc_column width=&#8221;1\/4&#8243; offset=&#8221;vc_hidden-md vc_hidden-sm vc_hidden-xs&#8221;][vc_custom_heading text=&#8221;CONTACTO&#8221; font_container=&#8221;tag:div|font_size:18px|text_align:center|color:%23000000|line_height:1.15&#8243; google_fonts=&#8221;font_family:Roboto%20Condensed%3A300%2C300italic%2Cregular%2Citalic%2C700%2C700italic|font_style:700%20bold%20regular%3A700%3Anormal&#8221; css_animation=&#8221;lightSpeedIn&#8221; link=&#8221;url:%20http%3A%2F%2Fbit.ly%2F3JcrLB1|title:Contacto&#8221;][\/vc_column][\/vc_row][vc_row][vc_column][vc_empty_space][vc_custom_heading text=&#8221;ASESORAMIENTO, FORMACI\u00d3N Y APOYO AL EMPRENDIMIENTO SOCIAL&#8221; font_container=&#8221;tag:h2|font_size:36|text_align:center|color:%23000000|line_height:1.15&#8243; google_fonts=&#8221;font_family:Roboto%20Condensed%3A300%2C300italic%2Cregular%2Citalic%2C700%2C700italic|font_style:700%20bold%20regular%3A700%3Anormal&#8221;][vc_empty_space][vc_custom_heading text=&#8221;EMPRENDIMIENTO SOCIAL&#8221; font_container=&#8221;tag:h1|font_size:36|text_align:center|color:%23000000|line_height:1.15&#8243; google_fonts=&#8221;font_family:Roboto%20Condensed%3A300%2C300italic%2Cregular%2Citalic%2C700%2C700italic|font_style:700%20bold%20regular%3A700%3Anormal&#8221;][vc_empty_space][vc_column_text]El <strong>Emprendimiento Social<\/strong> es una apuesta personal y\/o colectiva consciente, a la que se destina trabajo y recursos, para alcanzar el triple reto de:<\/p>\n<ol>\n<li>Resolver un problema ecosocial transformando positivamente la sociedad<\/li>\n<li>Hacer econ\u00f3micamente rentable la iniciativa para que las personas involucradas en el proyecto puedan sostener materialmente y con dignidad sus vidas<\/li>\n<li>Que las personas involucradas el\u00a0 emprendimiento se desarrollen personal y profesionalmente a trav\u00e9s del mismo.<\/li>\n<\/ol>\n<p>Desde <strong>Emprende.ull Social<\/strong>, hemos desarrollado para ti un completo programa de asesoramiento, formaci\u00f3n y apoyo para que puedas materializar un emprendimiento social.[\/vc_column_text][vc_custom_heading text=&#8221;\u00bfA QUI\u00c9N NOS DIRIGIMOS?&#8221; font_container=&#8221;tag:h3|font_size:30|text_align:center|color:%23000000|line_height:1.15&#8243; google_fonts=&#8221;font_family:Roboto%20Condensed%3A300%2C300italic%2Cregular%2Citalic%2C700%2C700italic|font_style:700%20bold%20regular%3A700%3Anormal&#8221; el_id=&#8221;publico&#8221;][vc_empty_space][vc_column_text]A personas y colectivos de personas emprendedoras, convencidas y entregadas a la transformaci\u00f3n positiva de la sociedad a trav\u00e9s de la construcci\u00f3n de relaciones de cooperaci\u00f3n, solidaridad, democracia, apoyo y respeto mutuo, etc. para la configuraci\u00f3n de una Econom\u00eda, que ponga en el centro el cuidado de las personas y su entorno social y medioambiental.[\/vc_column_text][\/vc_column][\/vc_row][vc_row][vc_column][vc_empty_space height=&#8221;40px&#8221;][vc_cta h2=&#8221;&#8221; txt_align=&#8221;center&#8221; style=&#8221;3d&#8221; color=&#8221;white&#8221; el_width=&#8221;md&#8221; add_button=&#8221;top&#8221; btn_title=&#8221;\u00a1PIDE CITA!&#8221; btn_style=&#8221;3d&#8221; btn_color=&#8221;warning&#8221; btn_size=&#8221;lg&#8221; btn_align=&#8221;center&#8221; btn_link=&#8221;url:http%3A%2F%2Fbit.ly%2F3JcrLB1|title:PIDE%20CITA|target:_blank&#8221;][\/vc_cta][vc_empty_space height=&#8221;40px&#8221;][\/vc_column][\/vc_row][vc_row][vc_column][vc_video link=&#8221;https:\/\/www.youtube.com\/watch?v=4wpueCaWLyU&#8221; el_width=&#8221;80&#8243; align=&#8221;center&#8221;][vc_empty_space height=&#8221;40px&#8221;][\/vc_column][\/vc_row]<\/p>\n<\/section>","protected":false},"excerpt":{"rendered":"<p>[vc_row][vc_column][\/vc_column][\/vc_row][vc_row full_width=&#8221;stretch_row&#8221; content_placement=&#8221;middle&#8221; css_animation=&#8221;bounceInDown&#8221; el_id=&#8221;menuEmprendimientoSocial&#8221; css=&#8221;.vc_custom_1687242319055{margin-top: -20px !important;padding-bottom: 30px !important;background-color: rgba(160,165,154,0.58) !important;*background-color: rgb(160,165,154) !important;}&#8221;][vc_column width=&#8221;1\/4&#8243; offset=&#8221;vc_hidden-md vc_hidden-sm vc_hidden-xs&#8221;][vc_custom_heading text=&#8221;EMPRENDIMIENTO SOCIAL&#8221; font_container=&#8221;tag:div|font_size:18px|text_align:center|color:%23000000|line_height:1.15&#8243; google_fonts=&#8221;font_family:Roboto%20Condensed%3A300%2C300italic%2Cregular%2Citalic%2C700%2C700italic|font_style:700%20bold%20regular%3A700%3Anormal&#8221; css_animation=&#8221;lightSpeedIn&#8221; link=&#8221;url:%23emprendimientosocial|title:Contacto||&#8221;][\/vc_column][vc_column width=&#8221;1\/4&#8243; offset=&#8221;vc_hidden-md vc_hidden-sm vc_hidden-xs&#8221;][vc_custom_heading text=&#8221;\u00bfA QUI\u00c9N NOS DIRIGIMOS?&#8221; font_container=&#8221;tag:div|font_size:18px|text_align:center|color:%23000000|line_height:1.15&#8243; google_fonts=&#8221;font_family:Roboto%20Condensed%3A300%2C300italic%2Cregular%2Citalic%2C700%2C700italic|font_style:700%20bold%20regular%3A700%3Anormal&#8221; link=&#8221;url:%23publico|title:%C2%BFA%20qui%C3%A9n%20nos%20dirigimos%3F||&#8221;][\/vc_column][vc_column width=&#8221;1\/4&#8243; offset=&#8221;vc_hidden-md vc_hidden-sm vc_hidden-xs&#8221;][vc_custom_heading text=&#8221;SERVICIOS&#8221; font_container=&#8221;tag:div|font_size:18px|text_align:center|color:%23000000|line_height:1.15&#8243; google_fonts=&#8221;font_family:Roboto%20Condensed%3A300%2C300italic%2Cregular%2Citalic%2C700%2C700italic|font_style:700%20bold%20regular%3A700%3Anormal&#8221; link=&#8221;url:%23servicios|title:servicios||&#8221;][\/vc_column][vc_column width=&#8221;1\/4&#8243; offset=&#8221;vc_hidden-md vc_hidden-sm vc_hidden-xs&#8221;][vc_custom_heading text=&#8221;CONTACTO&#8221; font_container=&#8221;tag:div|font_size:18px|text_align:center|color:%23000000|line_height:1.15&#8243; google_fonts=&#8221;font_family:Roboto%20Condensed%3A300%2C300italic%2Cregular%2Citalic%2C700%2C700italic|font_style:700%20bold%20regular%3A700%3Anormal&#8221; css_animation=&#8221;lightSpeedIn&#8221; link=&#8221;url:%20http%3A%2F%2Fbit.ly%2F3JcrLB1|title:Contacto&#8221;][\/vc_column][\/vc_row][vc_row][vc_column][vc_empty_space][vc_custom_heading text=&#8221;ASESORAMIENTO, FORMACI\u00d3N Y&#8230;<\/p>\n","protected":false},"author":1,"featured_media":0,"parent":0,"menu_order":0,"comment_status":"closed","ping_status":"closed","template":"templates\/template-frontpage.php","meta":{"footnotes":""},"_links":{"self":[{"href":"https:\/\/fg.ull.es\/empleo\/wp-json\/wp\/v2\/pages\/33789"}],"collection":[{"href":"https:\/\/fg.ull.es\/empleo\/wp-json\/wp\/v2\/pages"}],"about":[{"href":"https:\/\/fg.ull.es\/empleo\/wp-json\/wp\/v2\/types\/page"}],"author":[{"embeddable":true,"href":"https:\/\/fg.ull.es\/empleo\/wp-json\/wp\/v2\/users\/1"}],"replies":[{"embeddable":true,"href":"https:\/\/fg.ull.es\/empleo\/wp-json\/wp\/v2\/comments?post=33789"}],"version-history":[{"count":186,"href":"https:\/\/fg.ull.es\/empleo\/wp-json\/wp\/v2\/pages\/33789\/revisions"}],"predecessor-version":[{"id":41712,"href":"https:\/\/fg.ull.es\/empleo\/wp-json\/wp\/v2\/pages\/33789\/revisions\/41712"}],"wp:attachment":[{"href":"https:\/\/fg.ull.es\/empleo\/wp-json\/wp\/v2\/media?parent=33789"}],"curies":[{"name":"wp","href":"https:\/\/api.w.org\/{rel}","templated":true}]}}