{"id":32725,"date":"2017-08-28T12:04:52","date_gmt":"2017-08-28T12:04:52","guid":{"rendered":"https:\/\/fg.ull.es\/empleo\/?page_id=32725"},"modified":"2018-05-04T13:08:13","modified_gmt":"2018-05-04T13:08:13","slug":"proveedores","status":"publish","type":"page","link":"https:\/\/fg.ull.es\/empleo\/planempleo\/programa-de-empleo-por-cuenta-propia\/proveedores\/","title":{"rendered":"Proveedores"},"content":{"rendered":"<section class=\"wpb-content-wrapper\"><p>[vc_row][vc_column width=&#8221;1\/2&#8243;][vc_column_text]<strong>Censo de proveedores:<\/strong><\/p>\n<p>Los proyectos emprendedores tienen opci\u00f3n a los denominados Bonos de Emprendimiento, ayudas de <strong>hasta 5.000\u20ac<\/strong> que podr\u00e1n canjear por diversos servicios. Si quieres formar parte de nuestro cat\u00e1logo de proveedores de servicios completa nuestra solicitud, en la que deber\u00e1s presentar:<\/p>\n<ul>\n<li>Datos de contacto.<\/li>\n<li>Listado de servicios a prestar.<\/li>\n<li>Documentaci\u00f3n acreditativa como proveedor.<\/li>\n<\/ul>\n<p>[\/vc_column_text][vc_empty_space][vc_btn title=&#8221;REGISTRO PROVEEDORES&#8221; color=&#8221;success&#8221; size=&#8221;lg&#8221; align=&#8221;center&#8221; button_block=&#8221;true&#8221; link=&#8221;url:https%3A%2F%2Fsede.fg.ull.es%2Fes%2Fentidad%2FFormSolicitudAltaProveedor|||&#8221;][vc_column_text]En caso de tener dudas o problemas durante el registro como proveedor puedes contactar con nosotros a trav\u00e9s del correo\u00a0<strong>bonosemprende@fg.ull.es<\/strong>[\/vc_column_text][\/vc_column][vc_column width=&#8221;1\/2&#8243;][vc_column_text]<strong>Destinatarios:<\/strong><\/p>\n<p>Empresas y profesionales capaces de cubrir las necesidades de proyectos innovadores en \u00e1mbitos como: competitividad y productividad, comercio electr\u00f3nico, marketing digital, gesti\u00f3n empresarial,&#8230; Aqu\u00ed puedes consultar el cat\u00e1logo de proveedores:<\/p>\n<ul>\n<li><strong>Tinermaq s.l.u.<\/strong> &#8211; Impresi\u00f3n 3D, prototipado, comercio electr\u00f3nico, alquileres,&#8230;<\/li>\n<li><strong>Jacob Celso Rodr\u00edguez Torres<\/strong> &#8211; Saas, CRM, prototipado, comercio electr\u00f3nico, marketing digital, dise\u00f1o web, comunicaci\u00f3n digital,&#8230;<\/li>\n<li><strong>Zulay Rodr\u00edguez Castilla<\/strong> &#8211; procesos de inversi\u00f3n y financiaci\u00f3n privada, estrategias de internacionalizaci\u00f3n,&#8230;<\/li>\n<li><strong>Zagu\u00e1n Estudio<\/strong> &#8211; prototipado, comercio electr\u00f3nico, marketing digital, dise\u00f1o web,&#8230;<\/li>\n<li><strong>StartDevs<\/strong> &#8211; CRM, SaaS, prototipado, comercio electr\u00f3nico, dise\u00f1o web,&#8230;<\/li>\n<li><strong>Ana Laura Santana Ramos<\/strong> &#8211; comercio electr\u00f3nico, marketing digital, comunicaci\u00f3n audiovisual, dise\u00f1o web,&#8230;<\/li>\n<li><strong>Zndrke<\/strong> &#8211; SaaS, CRM, prototipado, comercio electr\u00f3nico, marketing digital,&#8230;<\/li>\n<li><strong>Carlos Jonay Su\u00e1rez Su\u00e1rez<\/strong> &#8211; prototipado, comercio electr\u00f3nico, marketing digital, dise\u00f1o web,&#8230;<\/li>\n<li><strong>Rumen Justo Reyes<\/strong> &#8211; comunicaci\u00f3n audiovisual, dise\u00f1o web, asesoramiento legal, inversi\u00f3n y financiaci\u00f3n privada.<\/li>\n<li><strong>Rub\u00e9n Daniel Cabrera Lorenzo<\/strong> &#8211; prototipado, comercio electr\u00f3nico, marketing digital, dise\u00f1o web,&#8230;<\/li>\n<li><strong>Irene Ant\u00f3n Canal\u00eds<\/strong> &#8211; marketing digital, comunicaci\u00f3n audiovisual, dise\u00f1o web, alquiler de espacios coworking, branding,&#8230;<\/li>\n<li><strong>Plan B Group<\/strong> &#8211; implantaci\u00f3n certificaciones calidad, medio ambiente o I+D+i, legalizaci\u00f3n LOPD, b\u00fasqueda de financiaci\u00f3n europea.<\/li>\n<li><strong>Shine Psicolog\u00eda y Coaching<\/strong> &#8211; alquiler de espacios, formaci\u00f3n especializada,&#8230;<\/li>\n<li><strong>BlogsterApp, S.L.<\/strong> &#8211; Saas, CRM, prototipado, dise\u00f1o web, comunicaci\u00f3n digital,&#8230;<\/li>\n<li><strong>Juan Manuel P\u00e9rez D\u00edaz<\/strong> &#8211; prototipado, comercio electr\u00f3nico, validaci\u00f3n de clientes, dise\u00f1o web,&#8230;<\/li>\n<li><strong>Apolo Agencia Digital S.L.<\/strong> &#8211; campa\u00f1as publicitarias, validaci\u00f3n de clientes, comunicaci\u00f3n audiovisual, dise\u00f1o web,&#8230;<\/li>\n<li><strong>N\u00e9stor Amadeo<\/strong> &#8211; prototipado, validaci\u00f3n de clientes, modelos de negocio, Lean Startup,&#8230;<\/li>\n<li><strong>Tena e Hijos S.L. <\/strong>&#8211; Redacci\u00f3n de pacto de socios y asesoramiento sobre procesos de inversi\u00f3n y b\u00fasqueda de financiaci\u00f3n privada. Asesoramiento legal para la creaci\u00f3n de empresas.<\/li>\n<li><strong>Andr\u00e9s Romero Montero<\/strong>. &#8211; SaaS, CRM, impresi\u00f3n 3D, MVPs, comercio electr\u00f3nico, herramientas de comunicaci\u00f3n y videomarketing, material audiovisual Internet, anal\u00edtica, dise\u00f1o web y cat\u00e1logos, inbound marketing&#8230;<\/li>\n<li><strong>Cpz Marketing Solutions Hispania.<\/strong>\u00a0&#8211; Prototipado y MVP, SaaS de comercio electr\u00f3nico, herramientas de comunicaci\u00f3n, test A\/B, material promocional audiovisual Internet, anal\u00edtica, dise\u00f1o web y cat\u00e1logos, asesoramiento sobre procesos de inversi\u00f3n y b\u00fasqueda de financiaci\u00f3n privada&#8230;<\/li>\n<li><strong>Eleven Squared Ventures<\/strong>. &#8211; Prototipado y MVP, SaaS de comercio electr\u00f3nico, herramientas de comunicaci\u00f3n y videomarketing, test A\/B, material promocional audiovisual Internet, anal\u00edtica, dise\u00f1o web y cat\u00e1logos, m\u00e9tricas&#8230;<\/li>\n<li><strong>Internet\u00edsimo S.L. <\/strong>&#8211; Software gesti\u00f3n de clientes y marketing, comercio electr\u00f3nico, herramientas para gesti\u00f3n de campa\u00f1as de publicidad, herramientas para m\u00e9tricas, dise\u00f1o web,&#8230;<\/li>\n<li><strong>Inversiones Nueva Canarias S.L.<\/strong> &#8211; Software gesti\u00f3n facturaci\u00f3n, prototipado, servicios t\u00e9cnicos inform\u00e1ticos,&#8230;<\/li>\n<li><strong>Javier Mart\u00edn Hern\u00e1ndez.<\/strong> &#8211;\u00a0Software gesti\u00f3n de clientes y marketing, comercio electr\u00f3nico,\u00a0herramientas para gesti\u00f3n de campa\u00f1as de publicidad, validaci\u00f3n de clientes, dise\u00f1o web, herramientas de videomarketing,&#8230;<\/li>\n<li><strong>Ana Bel\u00e9n Gallego Mart\u00ednez.<\/strong> &#8211; Planes financieros, cuentas de resultados y cash flow, modelos de ingresos, an\u00e1lisis modelos de negocios,&#8230;<\/li>\n<li><strong>TonoContinuo (Pablo An\u00edbal del Rosario Tosco).<\/strong> &#8211; Desarrollo de material promocional audiovisual, dise\u00f1o web, impresi\u00f3n digital, dise\u00f1o gr\u00e1fico,&#8230;<\/li>\n<li><strong>Redes Inform\u00e1ticas (Shirley Concepci\u00f3n Candelaria).<\/strong> &#8211;\u00a0Software gesti\u00f3n de clientes y marketing, prototipado, comercio electr\u00f3nico,\u00a0herramientas para gesti\u00f3n de campa\u00f1as de publicidad, validaci\u00f3n de clientes, ERP,&#8230;<\/li>\n<li><strong>Tabaiba Media.<\/strong> &#8211; material promocional audiovisual.<\/li>\n<li><strong>Gaming Experience (TGX).<\/strong> &#8211; Prototipado,\u00a0herramientas para gesti\u00f3n de campa\u00f1as de publicidad, validaci\u00f3n de clientes,\u00a0dise\u00f1o gr\u00e1fico, anal\u00edtica y dise\u00f1o web, identidad corporativa, SEO, Gaming (coaching, competiciones, eventos,&#8230;),&#8230;<\/li>\n<li><strong>Divlux.<\/strong> &#8211; Comercio electr\u00f3nico, campa\u00f1as publicitarias, validaci\u00f3n de clientes, anal\u00edtica web,&#8230;<\/li>\n<li><strong>Alejandra Verde.<\/strong> &#8211; campa\u00f1as publicitarias, material promocional audiovisual, dise\u00f1o web, comunicaci\u00f3n estrat\u00e9gica,&#8230;<\/li>\n<li><strong>Rub\u00e9n Gonz\u00e1lez Nasser.<\/strong> &#8211; Asesoramiento jur\u00eddico deportivo.<\/li>\n<li><strong>Pablo Oramas.<\/strong> &#8211; prototipado de aplicaciones, MVPs, desarrollo de proyectos mobile (Android\/iOS),&#8230;<\/li>\n<li><strong>Coco Solution.<\/strong> &#8211;\u00a0 SaaS, CRM, prototipado, comercio electr\u00f3nico, anal\u00edtica web, dise\u00f1o web, &#8230;<\/li>\n<li><strong>Jord\u00e1n D\u00edaz.<\/strong> &#8211; CRM, prototipado de aplicaciones, comercio electr\u00f3nico, campa\u00f1as publicitarias, m\u00e9tricas, videomarketing,&#8230;<\/li>\n<li><strong>Ester sin H.<\/strong> &#8211; v\u00eddeos, imagen gr\u00e1fica, identidad visual, gesti\u00f3n de redes sociales, dise\u00f1o gr\u00e1fico, branding,&#8230;<\/li>\n<li><strong>Claudia Luque.<\/strong> &#8211; campa\u00f1as publicitarias, material promocional audiovisual, dise\u00f1o web,&#8230;<\/li>\n<li><strong>Carlos Guerra.<\/strong> &#8211;\u00a0campa\u00f1as publicitarias, videomarketing, validaci\u00f3n de clientes,&#8230;<\/li>\n<li><strong>Maye Tenerife.<\/strong> &#8211;\u00a0 comercio electr\u00f3nico, material promocional audiovisual, dise\u00f1o web, herramientas educaci\u00f3n telem\u00e1tica,&#8230;<\/li>\n<li><strong>Lazarillo Networks.<\/strong> &#8211; Saas, prototipado, comercio electr\u00f3nico, campa\u00f1as publicitarias, validaci\u00f3n de clientes, material promocional audiovisual, dise\u00f1o web,&#8230;<\/li>\n<li><strong>JITKEY.<\/strong> &#8211; Saas, impresi\u00f3n 3D, prototipado, comercio electr\u00f3nico, campa\u00f1as publicitarias, dise\u00f1o web, &#8230;<\/li>\n<li><strong>MECACOR.<\/strong> &#8211; Asesoramiento en procesos de inversi\u00f3n y b\u00fasqueda de financiaci\u00f3n privada.<\/li>\n<li><strong>Sociedad Cooperativa Madrile\u00f1a.<\/strong> &#8211; videomarketing, material promocional audiovisual, dise\u00f1o web,&#8230;<\/li>\n<li><strong>Montero Aramburu.<\/strong> &#8211; asesoramiento mercantil, fiscal, laboral y contable.<\/li>\n<li><strong>Rima Ciplyte.<\/strong> &#8211; Ilustraciones.<\/li>\n<li><strong>Dl\u00f3gica.<\/strong> &#8211; Saas, CRM, prototipado de aplicaciones, comercio electr\u00f3nico, campa\u00f1as publicitarias, videomarketing, dise\u00f1o web,&#8230;<\/li>\n<li><strong>M\u00ednima, Compa\u00f1\u00eda de comunicaci\u00f3n Visual, SL.<\/strong> &#8211; Dise\u00f1o web\u00a0y elaboraci\u00f3n de cat\u00e1logos digitales de productos y servicios.<\/li>\n<li><strong>Marrero Asesores SLU.<\/strong> &#8211; Asesoramiento en procesos de inversi\u00f3n, financiaci\u00f3n privada, creaci\u00f3n de empresas,&#8230;<\/li>\n<li><strong>Veelo.<\/strong> &#8211; Dise\u00f1o web, cat\u00e1logos digitales, m\u00e9tricas,&#8230;<\/li>\n<li><strong>Industrias y Distribuciones L&amp;t Isle\u00f1as SL.<\/strong> &#8211; servicios de prototipado de aplicaciones.<\/li>\n<li><strong>Cometa.<\/strong> &#8211; Saas, CRM, impresi\u00f3n 3D, prototipado de aplicaciones, soluciones de comercio electr\u00f3nico,&#8230;<\/li>\n<li><strong>Diego Barreira.<\/strong> &#8211; desarrollo material promocional audiovisual: v\u00eddeos, imagen gr\u00e1fica, identidad visual,&#8230;<\/li>\n<li><strong>Estudio 72.<\/strong> &#8211; Dise\u00f1o gr\u00e1fico, impresi\u00f3n,&#8230;<\/li>\n<li><strong>\u00d3scar S\u00e1nchez.<\/strong> &#8211; comercio electr\u00f3nico, campa\u00f1as publicitarias, videomarketing, dise\u00f1o web, dise\u00f1o gr\u00e1fico,&#8230;<\/li>\n<li><strong>Aitor Hern\u00e1ndez.<\/strong> &#8211;\u00a0desarrollo material promocional audiovisual: v\u00eddeos, imagen gr\u00e1fica, identidad visual,&#8230;<\/li>\n<li><strong>Iombi Garc\u00eda.<\/strong> &#8211; servicios de v\u00eddeo y fotograf\u00eda.<\/li>\n<li><strong>Magenta.<\/strong> &#8211; comercio electr\u00f3nico, campa\u00f1as publicitarias, validaci\u00f3n de clientes, m\u00e9tricas, dise\u00f1o web, branding,&#8230;<\/li>\n<li><strong>OnlineFisrtUp.<\/strong> &#8211; prototipado de aplicaciones, comercio electr\u00f3nico, campa\u00f1as publicitarias, videomarketing, validaci\u00f3n clientes, material promocional audiovisual,&#8230;<\/li>\n<li><strong>Rub\u00e9n Nasser<\/strong>. &#8211; asesoramiento jur\u00eddico deportivo.<\/li>\n<\/ul>\n<p>[\/vc_column_text][vc_column_text]<strong>Plazo de solicitud:<\/strong><\/p>\n<p>Hasta marzo de 2018 o hasta finalizaci\u00f3n de los fondos.[\/vc_column_text][vc_empty_space][\/vc_column][\/vc_row][vc_row][vc_column][vc_empty_space][vc_separator][vc_single_image image=&#8221;33198&#8243; img_size=&#8221;full&#8221;][\/vc_column][\/vc_row]<\/p>\n<\/section>","protected":false},"excerpt":{"rendered":"<p>[vc_row][vc_column width=&#8221;1\/2&#8243;][vc_column_text]Censo de proveedores: Los proyectos emprendedores tienen opci\u00f3n a los denominados Bonos de Emprendimiento, ayudas de hasta 5.000\u20ac que podr\u00e1n canjear por diversos servicios. Si quieres formar parte de nuestro cat\u00e1logo de proveedores de servicios completa nuestra solicitud, en la que deber\u00e1s presentar: Datos de contacto. Listado de servicios a prestar. Documentaci\u00f3n acreditativa como&#8230;<\/p>\n","protected":false},"author":1,"featured_media":0,"parent":32537,"menu_order":0,"comment_status":"closed","ping_status":"closed","template":"templates\/template-frontpage.php","meta":{"footnotes":""},"_links":{"self":[{"href":"https:\/\/fg.ull.es\/empleo\/wp-json\/wp\/v2\/pages\/32725"}],"collection":[{"href":"https:\/\/fg.ull.es\/empleo\/wp-json\/wp\/v2\/pages"}],"about":[{"href":"https:\/\/fg.ull.es\/empleo\/wp-json\/wp\/v2\/types\/page"}],"author":[{"embeddable":true,"href":"https:\/\/fg.ull.es\/empleo\/wp-json\/wp\/v2\/users\/1"}],"replies":[{"embeddable":true,"href":"https:\/\/fg.ull.es\/empleo\/wp-json\/wp\/v2\/comments?post=32725"}],"version-history":[{"count":38,"href":"https:\/\/fg.ull.es\/empleo\/wp-json\/wp\/v2\/pages\/32725\/revisions"}],"predecessor-version":[{"id":35540,"href":"https:\/\/fg.ull.es\/empleo\/wp-json\/wp\/v2\/pages\/32725\/revisions\/35540"}],"up":[{"embeddable":true,"href":"https:\/\/fg.ull.es\/empleo\/wp-json\/wp\/v2\/pages\/32537"}],"wp:attachment":[{"href":"https:\/\/fg.ull.es\/empleo\/wp-json\/wp\/v2\/media?parent=32725"}],"curies":[{"name":"wp","href":"https:\/\/api.w.org\/{rel}","templated":true}]}}