{"id":32550,"date":"2017-06-29T13:09:02","date_gmt":"2017-06-29T13:09:02","guid":{"rendered":"https:\/\/fg.ull.es\/empleo\/?page_id=32550"},"modified":"2017-10-19T13:21:36","modified_gmt":"2017-10-19T13:21:36","slug":"bonos-de-emprendimiento","status":"publish","type":"page","link":"https:\/\/fg.ull.es\/empleo\/planempleo\/programa-de-empleo-por-cuenta-propia\/bonos-de-emprendimiento\/","title":{"rendered":"Bonos de emprendimiento"},"content":{"rendered":"<section class=\"wpb-content-wrapper\"><p>[vc_row][vc_column width=&#8221;1\/2&#8243;][vc_column_text]<\/p>\n<h3><strong>Bonos al emprendimiento:<\/strong><\/h3>\n<ul>\n<li>Cada proyecto podr\u00e1 acceder a una cantidad de bonos en funci\u00f3n del grado de madurez en que se encuentra su ejecuci\u00f3n. Para ello se establecen unos tramos que determinan la cantidad m\u00e1xima de bonos a los que se tiene derecho en relaci\u00f3n a la puntuaci\u00f3n que se obtenga de los criterios de valoraci\u00f3n.<\/li>\n<li>A cada proyecto, en funci\u00f3n del diagn\u00f3stico realizado y de las necesidades identificadas, se podr\u00e1 entregar hasta 10 bonos de 500 euros, cada uno.<\/li>\n<li>Los bonos concedidos pueden ser canjeados por productos y servicios de proveedores acreditados por el presente Programa.<\/li>\n<\/ul>\n<p>[\/vc_column_text][vc_empty_space height=&#8221;15px&#8221;][vc_btn title=&#8221;SOLICITAR CITA&#8221; color=&#8221;success&#8221; size=&#8221;lg&#8221; align=&#8221;center&#8221; button_block=&#8221;true&#8221; link=&#8221;url:https%3A%2F%2Ffg.ull.es%2Flaunchtf%2Finscripcion%2F|||&#8221;][\/vc_column][vc_column width=&#8221;1\/2&#8243;][vc_column_text]<\/p>\n<h3><strong>Destinatarios:\u00a0<\/strong><\/h3>\n<p>Proyectos de creaci\u00f3n de empresas: personas menores de 30 a\u00f1os inscritos como demandantes desempleados con un nivel de cualificaci\u00f3n en educaci\u00f3n superior (egresados\/as universitarios\/as, ciclos superiores y certificados de profesionalidad de nivel III).[\/vc_column_text][vc_column_text]<\/p>\n<h3><strong>Plazo de solicitud:<\/strong><\/h3>\n<p>Hasta marzo de 2018 o hasta finalizaci\u00f3n de los fondos.[\/vc_column_text][vc_empty_space height=&#8221;15px&#8221;][\/vc_column][\/vc_row][vc_row][vc_column width=&#8221;1\/2&#8243;][\/vc_column][vc_column width=&#8221;1\/2&#8243;][\/vc_column][\/vc_row][vc_row][vc_column][vc_empty_space][vc_separator][vc_single_image image=&#8221;33198&#8243; img_size=&#8221;full&#8221;][\/vc_column][\/vc_row]<\/p>\n<\/section>","protected":false},"excerpt":{"rendered":"<p>[vc_row][vc_column width=&#8221;1\/2&#8243;][vc_column_text] Bonos al emprendimiento: Cada proyecto podr\u00e1 acceder a una cantidad de bonos en funci\u00f3n del grado de madurez en que se encuentra su ejecuci\u00f3n. Para ello se establecen unos tramos que determinan la cantidad m\u00e1xima de bonos a los que se tiene derecho en relaci\u00f3n a la puntuaci\u00f3n que se obtenga de los&#8230;<\/p>\n","protected":false},"author":1,"featured_media":0,"parent":32537,"menu_order":0,"comment_status":"closed","ping_status":"closed","template":"","meta":{"footnotes":""},"_links":{"self":[{"href":"https:\/\/fg.ull.es\/empleo\/wp-json\/wp\/v2\/pages\/32550"}],"collection":[{"href":"https:\/\/fg.ull.es\/empleo\/wp-json\/wp\/v2\/pages"}],"about":[{"href":"https:\/\/fg.ull.es\/empleo\/wp-json\/wp\/v2\/types\/page"}],"author":[{"embeddable":true,"href":"https:\/\/fg.ull.es\/empleo\/wp-json\/wp\/v2\/users\/1"}],"replies":[{"embeddable":true,"href":"https:\/\/fg.ull.es\/empleo\/wp-json\/wp\/v2\/comments?post=32550"}],"version-history":[{"count":5,"href":"https:\/\/fg.ull.es\/empleo\/wp-json\/wp\/v2\/pages\/32550\/revisions"}],"predecessor-version":[{"id":33226,"href":"https:\/\/fg.ull.es\/empleo\/wp-json\/wp\/v2\/pages\/32550\/revisions\/33226"}],"up":[{"embeddable":true,"href":"https:\/\/fg.ull.es\/empleo\/wp-json\/wp\/v2\/pages\/32537"}],"wp:attachment":[{"href":"https:\/\/fg.ull.es\/empleo\/wp-json\/wp\/v2\/media?parent=32550"}],"curies":[{"name":"wp","href":"https:\/\/api.w.org\/{rel}","templated":true}]}}