{"id":32544,"date":"2017-06-29T12:58:56","date_gmt":"2017-06-29T12:58:56","guid":{"rendered":"https:\/\/fg.ull.es\/empleo\/?page_id=32544"},"modified":"2017-10-19T13:20:59","modified_gmt":"2017-10-19T13:20:59","slug":"asesoramiento","status":"publish","type":"page","link":"https:\/\/fg.ull.es\/empleo\/planempleo\/programa-de-empleo-por-cuenta-propia\/asesoramiento\/","title":{"rendered":"Asesoramiento"},"content":{"rendered":"<section class=\"wpb-content-wrapper\"><p>[vc_row][vc_column width=&#8221;1\/2&#8243;][vc_column_text]<\/p>\n<h3><strong>Destinatarios:<\/strong><\/h3>\n<ul>\n<li>Proyectos de creaci\u00f3n de empresas: personas menores de 30 a\u00f1os inscritos como demandantes desempleados con un nivel de cualificaci\u00f3n en educaci\u00f3n superior (egresados\/as universitarios\/as, ciclos superiores y certificados de profesionalidad de nivel III).<\/li>\n<li>Proyectos en consolidaci\u00f3n, ya constituidos (entre 0 y 1 a\u00f1os) de toda la provincia de Santa Cruz de Tenerife.<\/li>\n<\/ul>\n<p>[\/vc_column_text][vc_column_text]<strong>Plazo de solicitud:<\/strong> Hasta marzo de 2018.[\/vc_column_text][\/vc_column][vc_column width=&#8221;1\/2&#8243;][vc_column_text]<\/p>\n<h3><strong>Asesoramientos:<\/strong><\/h3>\n<ul>\n<li>Proyectos de creaci\u00f3n de empresas: asesoramiento especializado, como en el caso de los proyectos en consolidaci\u00f3n, para aquellas ideas de negocio altamente escalables y cuya ventana de oportunidad de mercado sea muy reducida.<\/li>\n<li>Proyectos en consolidaci\u00f3n: asesoramientos por parte de proveedores especializados en problemas recurrentes en los modelos de negocio: Ventas (Agile Sales), Descubrimiento de Clientes, Optimizaci\u00f3n del Funnel de Conversi\u00f3n, Internacionalizaci\u00f3n, Financiaci\u00f3n, Legal,\u2026<\/li>\n<\/ul>\n<p>[\/vc_column_text][vc_empty_space height=&#8221;15px&#8221;][vc_btn title=&#8221;SOLICITAR CITA&#8221; color=&#8221;success&#8221; size=&#8221;lg&#8221; align=&#8221;center&#8221; button_block=&#8221;true&#8221; link=&#8221;url:https%3A%2F%2Ffg.ull.es%2Flaunchtf%2Finscripcion%2F|||&#8221;][vc_empty_space height=&#8221;15px&#8221;][\/vc_column][\/vc_row][vc_row][vc_column width=&#8221;1\/2&#8243;][\/vc_column][vc_column width=&#8221;1\/2&#8243;][\/vc_column][\/vc_row][vc_row][vc_column][vc_empty_space][vc_separator][vc_single_image image=&#8221;33198&#8243; img_size=&#8221;full&#8221;][\/vc_column][\/vc_row]<\/p>\n<\/section>","protected":false},"excerpt":{"rendered":"<p>[vc_row][vc_column width=&#8221;1\/2&#8243;][vc_column_text] Destinatarios: Proyectos de creaci\u00f3n de empresas: personas menores de 30 a\u00f1os inscritos como demandantes desempleados con un nivel de cualificaci\u00f3n en educaci\u00f3n superior (egresados\/as universitarios\/as, ciclos superiores y certificados de profesionalidad de nivel III). Proyectos en consolidaci\u00f3n, ya constituidos (entre 0 y 1 a\u00f1os) de toda la provincia de Santa Cruz de Tenerife&#8230;.<\/p>\n","protected":false},"author":1,"featured_media":0,"parent":32537,"menu_order":0,"comment_status":"closed","ping_status":"closed","template":"","meta":{"footnotes":""},"_links":{"self":[{"href":"https:\/\/fg.ull.es\/empleo\/wp-json\/wp\/v2\/pages\/32544"}],"collection":[{"href":"https:\/\/fg.ull.es\/empleo\/wp-json\/wp\/v2\/pages"}],"about":[{"href":"https:\/\/fg.ull.es\/empleo\/wp-json\/wp\/v2\/types\/page"}],"author":[{"embeddable":true,"href":"https:\/\/fg.ull.es\/empleo\/wp-json\/wp\/v2\/users\/1"}],"replies":[{"embeddable":true,"href":"https:\/\/fg.ull.es\/empleo\/wp-json\/wp\/v2\/comments?post=32544"}],"version-history":[{"count":7,"href":"https:\/\/fg.ull.es\/empleo\/wp-json\/wp\/v2\/pages\/32544\/revisions"}],"predecessor-version":[{"id":33223,"href":"https:\/\/fg.ull.es\/empleo\/wp-json\/wp\/v2\/pages\/32544\/revisions\/33223"}],"up":[{"embeddable":true,"href":"https:\/\/fg.ull.es\/empleo\/wp-json\/wp\/v2\/pages\/32537"}],"wp:attachment":[{"href":"https:\/\/fg.ull.es\/empleo\/wp-json\/wp\/v2\/media?parent=32544"}],"curies":[{"name":"wp","href":"https:\/\/api.w.org\/{rel}","templated":true}]}}