{"id":32537,"date":"2017-06-29T12:37:03","date_gmt":"2017-06-29T12:37:03","guid":{"rendered":"https:\/\/fg.ull.es\/empleo\/?page_id=32537"},"modified":"2018-04-27T07:38:18","modified_gmt":"2018-04-27T07:38:18","slug":"programa-de-empleo-por-cuenta-propia","status":"publish","type":"page","link":"https:\/\/fg.ull.es\/empleo\/planempleo\/programa-de-empleo-por-cuenta-propia\/","title":{"rendered":"Programa de Empleo por Cuenta Propia"},"content":{"rendered":"<section class=\"wpb-content-wrapper\"><p>[vc_row][vc_column][vc_single_image image=&#8221;32538&#8243; img_size=&#8221;full&#8221;][vc_empty_space][\/vc_column][\/vc_row][vc_row][vc_column][vc_column_text]El <strong>Programa de Empleo por Cuenta Propia<\/strong> tiene como objetivo fundamental potenciar aquellos proyectos de alto impacto en nuestra regi\u00f3n. Para ello se desarrollar\u00e1n acciones de asesoramiento, especialmente dise\u00f1adas para este tipo de proyectos, y acciones espec\u00edficas de formaci\u00f3n en emprendimiento en funci\u00f3n de las necesidades detectadas.<\/p>\n<p>Adem\u00e1s, se pone en marcha un programa espec\u00edfico de concesi\u00f3n de bonos de emprendimiento con el objeto de facilitar la creaci\u00f3n de empresas por parte de egresados\/as de educaci\u00f3n superior.[\/vc_column_text][vc_empty_space][vc_empty_space][\/vc_column][\/vc_row][vc_row gap=&#8221;10&#8243; css=&#8221;.vc_custom_1498652893065{margin-top: 50px !important;}&#8221;][vc_column width=&#8221;1\/4&#8243;][vc_icon icon_fontawesome=&#8221;fa fa-compass&#8221; color=&#8221;custom&#8221; size=&#8221;xl&#8221; align=&#8221;center&#8221; css_animation=&#8221;fadeIn&#8221; custom_color=&#8221;#ff3d00&#8243;][vc_custom_heading text=&#8221;ASESORAMIENTO&#8221; font_container=&#8221;tag:h2|text_align:center|color:%23666666&#8243; use_theme_fonts=&#8221;yes&#8221;][vc_column_text]<\/p>\n<p style=\"text-align: center;\">Acciones para la consolidaci\u00f3n e impulso de los modelos de negocio, a trav\u00e9s del <strong>asesoramiento experto<\/strong> de proveedores especializados.<\/p>\n<p>[\/vc_column_text][vc_empty_space height=&#8221;48px&#8221;][vc_btn title=&#8221;M\u00c1S INFORMACI\u00d3N&#8221; color=&#8221;default&#8221; size=&#8221;lg&#8221; align=&#8221;center&#8221; button_block=&#8221;true&#8221; el_class=&#8221;.botonverdepepe&#8221; link=&#8221;url:%2Fempleo%2Fprograma-de-empleo-por-cuenta-propia%2Fasesoramiento%2F|||&#8221;][\/vc_column][vc_column width=&#8221;1\/4&#8243;][vc_icon icon_fontawesome=&#8221;fa fa-rocket&#8221; color=&#8221;custom&#8221; size=&#8221;xl&#8221; align=&#8221;center&#8221; css_animation=&#8221;fadeIn&#8221; custom_color=&#8221;#ff3d00&#8243;][vc_custom_heading text=&#8221;BONOS DE EMPRENDIMIENTO&#8221; font_container=&#8221;tag:h2|text_align:center|color:%23666666&#8243; use_theme_fonts=&#8221;yes&#8221;][vc_column_text]<\/p>\n<p style=\"text-align: center;\">Ayudas directas, de <strong>hasta 5.000\u20ac<\/strong>, \u00a0con el fin de apoyar y favorecer la creaci\u00f3n de empresas (alquileres, servicios especializados, etc).<\/p>\n<p>[\/vc_column_text][vc_empty_space height=&#8221;40px&#8221;][vc_btn title=&#8221;M\u00c1S INFORMACI\u00d3N&#8221; color=&#8221;default&#8221; size=&#8221;lg&#8221; align=&#8221;center&#8221; button_block=&#8221;true&#8221; el_class=&#8221;.botonverdepepe&#8221; link=&#8221;url:%2Fempleo%2Fprograma-de-empleo-por-cuenta-propia%2Fbonos-de-emprendimiento%2F|||&#8221;][\/vc_column][vc_column width=&#8221;1\/4&#8243;][vc_icon icon_fontawesome=&#8221;fa fa-graduation-cap&#8221; color=&#8221;custom&#8221; size=&#8221;xl&#8221; align=&#8221;center&#8221; css_animation=&#8221;fadeIn&#8221; custom_color=&#8221;#ff3d00&#8243;][vc_custom_heading text=&#8221;FORMACI\u00d3N DE EMPRENDIMIENTO&#8221; font_container=&#8221;tag:h2|text_align:center|color:%23666666&#8243; use_theme_fonts=&#8221;yes&#8221;][vc_column_text]<\/p>\n<p style=\"text-align: center;\">Cursos b\u00e1sicos sobre emprendimiento, programa de preaceleraci\u00f3n de startups launchTF y launchTF I+D, <strong>metodolog\u00edas \u00e1giles<\/strong> que emplean startups de todo el mundo.<\/p>\n<p>[\/vc_column_text][vc_empty_space][vc_btn title=&#8221;M\u00c1S INFORMACI\u00d3N&#8221; color=&#8221;default&#8221; size=&#8221;lg&#8221; align=&#8221;center&#8221; button_block=&#8221;true&#8221; el_class=&#8221;.botonverdepepe&#8221; link=&#8221;url:%2Fempleo%2Fplanempleo%2Fprograma-de-empleo-por-cuenta-propia%2Fformacion-de-emprendimiento%2F|||&#8221;][\/vc_column][vc_column width=&#8221;1\/4&#8243;][vc_icon icon_fontawesome=&#8221;fa fa-wrench&#8221; color=&#8221;custom&#8221; size=&#8221;xl&#8221; align=&#8221;center&#8221; custom_color=&#8221;#ff3d00&#8243;][vc_custom_heading text=&#8221;PROVEEDORES DE SERVICIOS&#8221; font_container=&#8221;tag:h2|text_align:center|color:%23666666&#8243; use_theme_fonts=&#8221;yes&#8221;][vc_column_text]Puedes formar parte de nuestro <strong>Censo de Proveedores<\/strong> de Servicios y que nuestros proyectos de alto impacto contraten tu experiencia y capacidades.[\/vc_column_text][vc_empty_space][vc_btn title=&#8221;M\u00c1S INFORMACI\u00d3N&#8221; color=&#8221;default&#8221; size=&#8221;lg&#8221; align=&#8221;center&#8221; button_block=&#8221;true&#8221; link=&#8221;url:https%3A%2F%2Ffg.ull.es%2Fempleo%2Fplanempleo%2Fprograma-de-empleo-por-cuenta-propia%2Fproveedores%2F||target:%20_blank|&#8221;][\/vc_column][\/vc_row][vc_row][vc_column][vc_empty_space][vc_separator][vc_single_image image=&#8221;33198&#8243; img_size=&#8221;full&#8221;][\/vc_column][\/vc_row]<\/p>\n<\/section>","protected":false},"excerpt":{"rendered":"<p>[vc_row][vc_column][vc_single_image image=&#8221;32538&#8243; img_size=&#8221;full&#8221;][vc_empty_space][\/vc_column][\/vc_row][vc_row][vc_column][vc_column_text]El Programa de Empleo por Cuenta Propia tiene como objetivo fundamental potenciar aquellos proyectos de alto impacto en nuestra regi\u00f3n. Para ello se desarrollar\u00e1n acciones de asesoramiento, especialmente dise\u00f1adas para este tipo de proyectos, y acciones espec\u00edficas de formaci\u00f3n en emprendimiento en funci\u00f3n de las necesidades detectadas. Adem\u00e1s, se pone en marcha un&#8230;<\/p>\n","protected":false},"author":1,"featured_media":0,"parent":32467,"menu_order":0,"comment_status":"closed","ping_status":"closed","template":"templates\/template-frontpage.php","meta":{"footnotes":""},"_links":{"self":[{"href":"https:\/\/fg.ull.es\/empleo\/wp-json\/wp\/v2\/pages\/32537"}],"collection":[{"href":"https:\/\/fg.ull.es\/empleo\/wp-json\/wp\/v2\/pages"}],"about":[{"href":"https:\/\/fg.ull.es\/empleo\/wp-json\/wp\/v2\/types\/page"}],"author":[{"embeddable":true,"href":"https:\/\/fg.ull.es\/empleo\/wp-json\/wp\/v2\/users\/1"}],"replies":[{"embeddable":true,"href":"https:\/\/fg.ull.es\/empleo\/wp-json\/wp\/v2\/comments?post=32537"}],"version-history":[{"count":23,"href":"https:\/\/fg.ull.es\/empleo\/wp-json\/wp\/v2\/pages\/32537\/revisions"}],"predecessor-version":[{"id":35423,"href":"https:\/\/fg.ull.es\/empleo\/wp-json\/wp\/v2\/pages\/32537\/revisions\/35423"}],"up":[{"embeddable":true,"href":"https:\/\/fg.ull.es\/empleo\/wp-json\/wp\/v2\/pages\/32467"}],"wp:attachment":[{"href":"https:\/\/fg.ull.es\/empleo\/wp-json\/wp\/v2\/media?parent=32537"}],"curies":[{"name":"wp","href":"https:\/\/api.w.org\/{rel}","templated":true}]}}